{"id":2873,"date":"2023-06-05T13:42:27","date_gmt":"2023-06-05T11:42:27","guid":{"rendered":"https:\/\/semmelweis.hu\/onkologiai-kozpont\/?page_id=2873"},"modified":"2025-02-21T14:01:25","modified_gmt":"2025-02-21T13:01:25","slug":"hazai-es-nemzetkozi-kutatasi-egyuttmukodeseink","status":"publish","type":"page","link":"https:\/\/semmelweis.hu\/onkologiai-kozpont\/kutatas-2\/hazai-es-nemzetkozi-kutatasi-egyuttmukodeseink\/","title":{"rendered":"Hazai \u00e9s nemzetk\u00f6zi egy\u00fcttm\u0171k\u00f6d\u0151 partnereink"},"content":{"rendered":"<p><strong><span style=\"font-size: 14pt\">Hazai egy\u00fcttm\u0171k\u00f6d\u0151 partnerek:<\/span><\/strong><\/p>\n<ul>\n<li>Bajcsy-Zsilinszky K\u00f3rh\u00e1z, Onkol\u00f3giai Oszt\u00e1ly, Budapest<\/li>\n<li>B\u00e9k\u00e9s Megyei K\u00f6zponti K\u00f3rh\u00e1z P\u00e1ndy K\u00e1lm\u00e1n Tagk\u00f3rh\u00e1z, Megyei Onkol\u00f3giai K\u00f6zpont, Gyula<\/li>\n<li>Budapesti Uzsoki Utcai K\u00f3rh\u00e1z, Onkoradiol\u00f3giai Oszt\u00e1ly, Budapest<\/li>\n<li>Debreceni Egyetem, Klinikai K\u00f6zpont, Onkol\u00f3giai Klinika, Debrecen<\/li>\n<li>D\u00e9l-budai Centrumk\u00f3rh\u00e1z Szent Imre Egyetemi Oktat\u00f3k\u00f3rh\u00e1z, Onkol\u00f3giai Oszt\u00e1ly, Budapest<\/li>\n<li>Orsz\u00e1gos Onkol\u00f3giai Int\u00e9zet, Budapest<\/li>\n<li>Enzimol\u00f3giai Int\u00e9zet, RCNS-TTK, Budapest<\/li>\n<li>Oncotherm Kft, Buda\u00f6rs.<\/li>\n<li>P\u00e1zm\u00e1ny P\u00e9ter Katolikus Egyetem,\u00a0Inform\u00e1ci\u00f3s Technol\u00f3giai \u00e9s Bionikai Kar, Budapest<\/li>\n<li>Petz Alad\u00e1r Egyetemi Oktat\u00f3 K\u00f3rh\u00e1z, Megyei Onkol\u00f3giai Centrum, Gy\u0151r<\/li>\n<li>Semmelweis Egyetem, Budapest\n<ul>\n<li>Belgy\u00f3gy\u00e1szati \u00e9s Hematol\u00f3giai Klinika, Diabetol\u00f3gia \u00e9s Anyagcsere Munkacsoport<\/li>\n<li>Belgy\u00f3gy\u00e1szati \u00e9s Onkol\u00f3giai Klinika, Endokrinol\u00f3giai Tansz\u00e9k<\/li>\n<li>Biofizikai Int\u00e9zet<\/li>\n<li>Bioinformatikai Tansz\u00e9k<\/li>\n<li>Molekul\u00e1ris Biol\u00f3giai Tansz\u00e9k<\/li>\n<li>Patol\u00f3giai, Igazs\u00e1g\u00fcgyi \u00e9s Biztos\u00edt\u00e1si Orvostani Int\u00e9zet<\/li>\n<li>Patol\u00f3giai \u00e9s K\u00eds\u00e9rleti R\u00e1kkutat\u00f3 Int\u00e9zet<\/li>\n<li>Urol\u00f3giai Klinka<\/li>\n<\/ul>\n<\/li>\n<li>Szegedi Tudom\u00e1nyegyetem Onkoter\u00e1pi\u00e1s Klinika<\/li>\n<li>Szent L\u00e1szl\u00f3 K\u00f3rh\u00e1z, Onkol\u00f3giai Oszt\u00e1ly, Budapest<\/li>\n<li>Szent Margit K\u00f3rh\u00e1z, Onkol\u00f3giai Oszt\u00e1ly, Budapest<\/li>\n<\/ul>\n<p>&nbsp;<\/p>\n<p><span style=\"font-size: 14pt\"><strong>Nemzetk\u00f6zi egy\u00fcttm\u0171k\u00f6d\u0151 partnerek<\/strong><\/span><\/p>\n<ul>\n<li>D\u00e9l-afrikai K\u00f6zt\u00e1rsas\u00e1g\n<ul>\n<li>Wits Donald Gordon Medical Centre, University of the Witwatersrand, Johannesburg<\/li>\n<\/ul>\n<\/li>\n<li>N\u00e9metorsz\u00e1g\n<ul>\n<li>Department of Radiation Oncology, Charit\u00e9 Universit\u00e4tsmedizin Berlin, Berlin<\/li>\n<li>Molecular Medicine and Cell Therapy, NextGen Oncology Group, D\u00fcsseldorf<\/li>\n<li>Department of General and Visceral Surgery, Hospital Barmherzige Br\u00fcder, Regensburg<\/li>\n<li>Department of Surgery, University Hospital, Regensburg<\/li>\n<\/ul>\n<\/li>\n<li>Olaszorsz\u00e1g\n<ul>\n<li>Department of Onco-Hematology, Azienda Ospedaliera &amp; Ospedali Riuniti Marche Nord\u00e9, Pesaro<\/li>\n<\/ul>\n<\/li>\n<li>Spanyolorsz\u00e1g\n<ul>\n<li>Oncolog\u00eda Radioter\u00e1pica, Servicios y Unidades Asistenciales, Hospital Universitario Marqu\u00e9s de Valdecilla, Santander, Cantabria<\/li>\n<\/ul>\n<\/li>\n<li>Sv\u00e9dorsz\u00e1g\n<ul>\n<li>Department of Biomedical Engineering, Lund University, Lund, Computational Health Informatics Program (CHIP)<\/li>\n<\/ul>\n<\/li>\n<li>USA\n<ul>\n<li>Harvard Medical School, Department of Radiation Sciences, Boston<\/li>\n<\/ul>\n<\/li>\n<\/ul>\n","protected":false},"excerpt":{"rendered":"<p>Hazai egy\u00fcttm\u0171k\u00f6d\u0151 partnerek: Bajcsy-Zsilinszky K\u00f3rh\u00e1z, Onkol\u00f3giai Oszt\u00e1ly, Budapest B\u00e9k\u00e9s Megyei K\u00f6zponti K\u00f3rh\u00e1z P\u00e1ndy K\u00e1lm\u00e1n Tagk\u00f3rh\u00e1z, Megyei Onkol\u00f3giai K\u00f6zpont, Gyula Budapesti Uzsoki Utcai K\u00f3rh\u00e1z, Onkoradiol\u00f3giai Oszt\u00e1ly, Budapest Debreceni Egyetem, Klinikai K\u00f6zpont, Onkol\u00f3giai Klinika, Debrecen D\u00e9l-budai Centrumk\u00f3rh\u00e1z Szent Imre Egyetemi Oktat\u00f3k\u00f3rh\u00e1z, Onkol\u00f3giai Oszt\u00e1ly, Budapest Orsz\u00e1gos Onkol\u00f3giai Int\u00e9zet, Budapest Enzimol\u00f3giai Int\u00e9zet, RCNS-TTK, Budapest Oncotherm Kft, Buda\u00f6rs. P\u00e1zm\u00e1ny P\u00e9ter &hellip;<\/p>\n","protected":false},"author":102054,"featured_media":0,"parent":3014,"menu_order":3,"comment_status":"closed","ping_status":"closed","template":"","meta":{"_acf_changed":false,"footnotes":""},"categories":[],"tags":[],"class_list":["post-2873","page","type-page","status-publish","hentry"],"acf":[],"_links":{"self":[{"href":"https:\/\/semmelweis.hu\/onkologiai-kozpont\/wp-json\/wp\/v2\/pages\/2873","targetHints":{"allow":["GET"]}}],"collection":[{"href":"https:\/\/semmelweis.hu\/onkologiai-kozpont\/wp-json\/wp\/v2\/pages"}],"about":[{"href":"https:\/\/semmelweis.hu\/onkologiai-kozpont\/wp-json\/wp\/v2\/types\/page"}],"author":[{"embeddable":true,"href":"https:\/\/semmelweis.hu\/onkologiai-kozpont\/wp-json\/wp\/v2\/users\/102054"}],"replies":[{"embeddable":true,"href":"https:\/\/semmelweis.hu\/onkologiai-kozpont\/wp-json\/wp\/v2\/comments?post=2873"}],"version-history":[{"count":8,"href":"https:\/\/semmelweis.hu\/onkologiai-kozpont\/wp-json\/wp\/v2\/pages\/2873\/revisions"}],"predecessor-version":[{"id":3410,"href":"https:\/\/semmelweis.hu\/onkologiai-kozpont\/wp-json\/wp\/v2\/pages\/2873\/revisions\/3410"}],"up":[{"embeddable":true,"href":"https:\/\/semmelweis.hu\/onkologiai-kozpont\/wp-json\/wp\/v2\/pages\/3014"}],"wp:attachment":[{"href":"https:\/\/semmelweis.hu\/onkologiai-kozpont\/wp-json\/wp\/v2\/media?parent=2873"}],"wp:term":[{"taxonomy":"category","embeddable":true,"href":"https:\/\/semmelweis.hu\/onkologiai-kozpont\/wp-json\/wp\/v2\/categories?post=2873"},{"taxonomy":"post_tag","embeddable":true,"href":"https:\/\/semmelweis.hu\/onkologiai-kozpont\/wp-json\/wp\/v2\/tags?post=2873"}],"curies":[{"name":"wp","href":"https:\/\/api.w.org\/{rel}","templated":true}]}}