{"id":2857,"date":"2023-06-05T13:30:21","date_gmt":"2023-06-05T11:30:21","guid":{"rendered":"https:\/\/semmelweis.hu\/onkologiai-kozpont\/?page_id=2857"},"modified":"2025-02-21T14:00:06","modified_gmt":"2025-02-21T13:00:06","slug":"aktualis-kutatasi-temak","status":"publish","type":"page","link":"https:\/\/semmelweis.hu\/onkologiai-kozpont\/kutatas-2\/aktualis-kutatasi-temak\/","title":{"rendered":"Aktu\u00e1lis kutat\u00e1si t\u00e9m\u00e1k"},"content":{"rendered":"<p style=\"text-align: justify\"><span style=\"font-size: 14pt\"><strong>Modern elektrom\u00e1gneses kezel\u00e9sek az onkol\u00f3gi\u00e1ban<\/strong><\/span><\/p>\n<p style=\"text-align: justify\">A daganatos megbeteged\u00e9sek elleni k\u00fczdelem a hatalmas er\u0151fesz\u00edt\u00e9sek ellen\u00e9re sem hozta m\u00e9g meg a k\u00edv\u00e1nt eredm\u00e9nyeket. Az elm\u00falt \u00e9vekben, \u00e9vtizedekben a daganatter\u00e1pia ter\u00fclet\u00e9n az \u00fajabb kutat\u00e1sok az immunrendszer aktiv\u00e1l\u00e1sa fel\u00e9 indultak el \u00e9s sz\u00e1mos \u00faj ter\u00e1pi\u00e1s lehet\u0151s\u00e9g ker\u00fclt kifejleszt\u00e9sre, melyek hat\u00e9konyabb\u00e1 tehetik a hagyom\u00e1nyos kemo- \u00e9s sug\u00e1rter\u00e1pi\u00e1t. E m\u00f3dszerek k\u00f6z\u00e9 tartoznak a k\u00fcl\u00f6nf\u00e9le t\u00edpus\u00fa elektrom\u00e1gneses kezel\u00e9si t\u00edpusok, mint pl. a klasszikus, 70-es \u00e9s 80-as \u00e9vekben alkalmazott hipertermia (HT) \u00e9s a legmodernebb, modul\u00e1lt elektrohipertermia (mEHT) kezel\u00e9sek is. <br \/>\nAz onkol\u00f3gi\u00e1ban a HT kezel\u00e9s a daganatok magh\u0151m\u00e9rs\u00e9klet\u00e9nek mesters\u00e9ges \u00faton t\u00f6rt\u00e9n\u0151 emel\u00e9se 39-42\u2103 k\u00f6z\u00e9, melyet vagy a teljes testfel\u00fcletre vagy az adott testr\u00e9szre \u00e1tadott energiahat\u00e1ssal \u00e9rnek el. Kutat\u00e1saink sor\u00e1n vizsg\u00e1ljuk p\u00e9ld\u00e1ul, hogy milyen hat\u00e1sok igazolhat\u00f3ak a k\u00fcl\u00f6nb\u00f6z\u0151 HT kezel\u00e9seket k\u00f6vet\u0151en, v\u00e1ltoznak-e a betegekn\u00e9l m\u00e9rt laborat\u00f3riumi \u00e9s\/vagy molekul\u00e1ris biol\u00f3giai param\u00e9terek, mik\u00e9nt befoly\u00e1solj\u00e1k a kezel\u00e9seket a tumorok k\u00fcl\u00f6nb\u00f6z\u0151 klinikopathol\u00f3giai tulajdons\u00e1gai.<\/p>\n<ul>\n<li style=\"text-align: justify\">Centrumunkban a mEHT hat\u00e1sait vizsg\u00e1ljuk. A mEHT-re jellemz\u0151, hogy a kezel\u00e9s arra az anat\u00f3miai r\u00e9gi\u00f3ra ir\u00e1nyul, ahol a tumor tal\u00e1lhat\u00f3, \u00e9s az oszt\u00f3d\u00f3 tumorsejtek elpuszt\u00edt\u00e1s\u00e1ra szolg\u00e1l. Szemben a klasszikus\u00a0 HT kezel\u00e9sekkel, a mEHT sor\u00e1n a h\u0151hat\u00e1son fel\u00fcl a tumorsejtek azon biofizikai elt\u00e9r\u00e9seit akn\u00e1zzuk ki, hogy energiafelv\u00e9tel\u00fck az eg\u00e9szs\u00e9ges sejtek\u00e9t\u0151l k\u00fcl\u00f6nb\u00f6z\u0151, \u00edgy a kezel\u00e9s c\u00e9lzottan a tumorsejtkre \u00f6sszpontosul. A r\u00e1kos sejteket a mEHT kezel\u00e9s hat\u00e1s\u00e1ra az immunrendszer \u00edgy hat\u00e9konnyabban k\u00e9pes felismerni, majd megsemmis\u00edteni. Fentiek mellett megfigyelt\u00e9k tov\u00e1bb\u00e1, hogy a mEHT fokozza a kemoter\u00e1pi\u00e1s szerek daganatsejtekre kifejtett hat\u00e1s\u00e1t is, nagyobb ar\u00e1nyban figyelhet\u0151 meg pozit\u00edv ter\u00e1pi\u00e1s v\u00e1lasz.<\/li>\n<li style=\"text-align: justify\">Nemzetk\u00f6zi egy\u00fcttm\u0171k\u00f6d\u00e9sben vizsg\u00e1ljuk tov\u00e1bb\u00e1 a citoredukt\u00edv m\u0171t\u00e9ti technika (CRS) \u00e9s a has\u00fcregi h\u0151ter\u00e1pia (HIPEC) hat\u00e1sait. Egy\u00fcttm\u0171k\u00f6d\u0151 partnereink a Regensburgi Egyetemr\u0151l Dr. \u00c1cs Mikl\u00f3s \u00e9s munkat\u00e1rsai, illetve a Barmherzige Br\u00fcder K\u00f3rh\u00e1z (Regensburg) Piso Professzor \u00dar vezette HIPEC-munkacsoportja.<\/li>\n<\/ul>\n<div class=\"exp-col-content-holder\">\n<p><a class=\"expand-cnt-link\" href=\"#\">Relev\u00e1ns kutat\u00e1si eredm\u00e9nyek<\/a><\/p>\n<div class=\"hidden-content\">\n<ul>\n<li>mEHT:\n<ul>\n<li style=\"text-align: justify\"><a href=\"https:\/\/www.ncbi.nlm.nih.gov\/pmc\/articles\/pmid\/31737558\/\" target=\"_blank\" rel=\"noopener\">Sz\u00e1sz, Minnaar, Szentm\u00e1rtoni, Szigeti, Dank: Review of the Clinical Evidences of Modulated Electro-Hyperthermia (mEHT) Method: An Update for the Practicing Oncologist. Frontiers in Oncology (2019).<\/a><\/li>\n<li style=\"text-align: justify\"><a href=\"https:\/\/www.ncbi.nlm.nih.gov\/pmc\/articles\/pmid\/34616516\/\" target=\"_blank\" rel=\"noopener\">Herold, Sz\u00e1sz, Dank: Evidence based tools to improve efficiency of currently administered oncotherapies for tumors of the hepatopancreatobiliary system. World Journal of Gastrointestinal Oncology (2021).<\/a><\/li>\n<li style=\"text-align: justify\"><a href=\"https:\/\/www.ncbi.nlm.nih.gov\/pmc\/articles\/pmid\/34842668\/\" target=\"_blank\" rel=\"noopener\">Pet\u00e9nyi, Garay, M\u00fchl, Izs\u00f3, Kar\u00e1szi, Borb\u00e9nyi, Herold, Herold, Sz\u00e1sz, Dank: Modulated Electro-Hyperthermic (mEHT) Treatment in the Therapy of Inoperable Pancreatic Cancer Patients-A Single-Center Case-Control Study. Diseases (2021).<\/a><\/li>\n<li style=\"text-align: justify\"><a href=\"https:\/\/www.ncbi.nlm.nih.gov\/pmc\/articles\/pmid\/36765840\/\" target=\"_blank\" rel=\"noopener\">Sz\u00e1sz, Arrojo Alv\u00e1rez, Fiorentini, Herold, Herold, Sarti, Dank: Meta-Analysis of Modulated Electro-Hyperthermia and Tumor Treating Fields in the Treatment of Glioblastomas. Cancers (2023).<\/a><\/li>\n<li style=\"text-align: justify\"><a href=\"https:\/\/huon.hu\/2023\/67\/3\/0194\/0194a.pdf\">Dank, Herold, Garay, Gajd\u00e1csi, Herold, Sz\u00e1sz: Elektrom\u00e1gneses elj\u00e1r\u00e1sok a hasny\u00e1lmirigyr\u00e1k kezel\u00e9s\u00e9ben: eminens vagy renitens? Magyar Onkol\u00f3gia (2023)<\/a><\/li>\n<li style=\"text-align: justify\"><a href=\"https:\/\/doi.org\/10.3390\/immuno4040025\">Dobos, Garay, Herold, Simon, Madar-Dank, Balka, Gajd\u00e1csi, Dank, Sz\u00e1sz, Herold: Immune Marker and C-Reactive Protein Dynamics and Their Prognostic Implications in Modulated Electro-Hyperthermia Treatment in Advanced Pancreatic Cancer: A Retrospective Analysis. Immuno (2024)<\/a><\/li>\n<\/ul>\n<\/li>\n<li>HIPEC:\n<ul>\n<li style=\"text-align: justify\"><a href=\"https:\/\/doi.org\/10.21873\/anticanres.15857\" target=\"_blank\" rel=\"noopener\">Rajha, Piso, Halmy, P\u00e1ncz\u00e9l, Nedelcut, Herold, Sz\u00e1sz, \u00c1cs: Rare Histologies and Infrequent Indications for Cytoreductive Surgery and Hyperthermic Intraperitoneal Chemotherapy. Anticancer Research (2022).<\/a><\/li>\n<li style=\"text-align: justify\"><a href=\"https:\/\/www.ncbi.nlm.nih.gov\/pmc\/articles\/pmid\/35884361\/\" target=\"_blank\" rel=\"noopener\">\u00c1cs, Herold, Sz\u00e1sz, Mayr, H\u00e4usler, Piso: Prolonged Exposition with Hyperthermic Intraperitoneal Chemotherapy (HIPEC) May Provide Survival Benefit after Cytoreductive Surgery (CRS) in Advanced Primary Epithelial Ovarian, Fallopian Tube, and Primary Peritoneal Cancer. Cancers (2022).<\/a><\/li>\n<li style=\"text-align: justify\"><a href=\"https:\/\/www.ncbi.nlm.nih.gov\/pmc\/articles\/pmid\/36010972\/\" target=\"_blank\" rel=\"noopener\">Herold, \u00c1cs, Sz\u00e1sz, Olasz, Hussong, Mayr, Dank, Piso: Patients with Metachronous Peritoneal Metastatic Mucinous Colorectal Adenocarcinoma Benefit More from Cytoreductive Surgery (CRS) and Hyperthermic Intraperitoneal Chemotherapy (HIPEC) than Their Synchronous Counterparts. Cancers (2022).<\/a><\/li>\n<li style=\"text-align: justify\"><a href=\"https:\/\/www.ncbi.nlm.nih.gov\/pmc\/articles\/pmid\/36831667\/\" target=\"_blank\" rel=\"noopener\">Blaj, D\u00f3ra, Lohinai, Herold, Sz\u00e1sz, Herzberg, Kod\u00e1csi, Baransi, Schlitt, Hornung, Werner, Slowik, \u00c1cs, Piso: Prognostic Factors in Pseudomyxoma Peritonei with Emphasis on the Predictive Role of Peritoneal Cancer Index and Tumor Markers. Cancers (2023).<\/a><\/li>\n<li style=\"text-align: justify\"><a href=\"https:\/\/doi.org\/10.3748\/wjg.v29.i18.2850\" target=\"_blank\" rel=\"noopener\">Steinhoff, \u00c1cs, Blaj, Dank, Herold, Herold, Herzberg, Sanchez-Velazquez, Strate, Sz\u00e1sz, Piso: Prolonged hyperthermic intraperitoneal chemotherapy duration with 90 minutes cisplatin might increase overall survival in gastric cancer patients with peritoneal metastases. World Journal of Gastroenterology (2023).<\/a><\/li>\n<li style=\"text-align: justify\"><a href=\"https:\/\/doi.org\/10.3390\/ijms25137495\" target=\"_blank\" rel=\"noopener\">P\u00e1ncz\u00e9l, \u00c1cs, Blaj,Herold, Madar-Dank, Piso, Schlitt, Dank, Sz\u00e1sz, Herold: Survival Difference of Endometrial Cancer Patients with Peritoneal Metastasis Receiving Cytoreductive Surgery (CRS) with and without Hyperthermic Intraperitoneal Chemotherapy (HIPEC): A Systematic Review and Meta-Analysis. International Journal of Molecular Sciences (2024).<\/a><\/li>\n<\/ul>\n<\/li>\n<\/ul>\n<\/div>\n<\/div>\n<p style=\"text-align: justify\"><span style=\"font-size: 14pt\"><strong>Predikt\u00edv \u00e9s prognosztikus faktorok, biomarkerek azonos\u00edt\u00e1sa szolid tumorokban<\/strong><\/span><\/p>\n<p style=\"text-align: justify\">Az egy\u00e9nre szabott ter\u00e1pia \u00e9s a genomika t\u00e9rh\u00f3d\u00edt\u00e1s\u00e1val ma m\u00e1r el\u00e9rhet\u0151ek genetikai alap\u00fa eszk\u00f6z\u00f6k, amelyek az onkol\u00f3giai d\u00f6nt\u00e9shoz\u00e1sban ny\u00fajthatnak t\u00e1mpontot. H\u00e1tr\u00e1nyuk, hogy n\u00e9melyik\u00fck fagyasztott tumorsz\u00f6vetet ig\u00e9nyel, sokg\u00e9nes elj\u00e1r\u00e1sok, \u00edgy igen dr\u00e1g\u00e1n \u00e9s speci\u00e1lis felt\u00e9telek mellett el\u00e9rhet\u0151ek. Ez\u00e9rt intenz\u00edv kutat\u00e1s t\u00e1rgy\u00e1t k\u00e9pezik az egyszer\u0171s\u00edtett mint\u00e1zatot felm\u00e9r\u0151 elj\u00e1r\u00e1sok. Tov\u00e1bb\u00e1, korunk elv\u00e1r\u00e1sa, hogy ne csak prognosztikus, hanem lehet\u0151leg olyan elj\u00e1r\u00e1sok is \u00e1lljanak rendelkez\u00e9sre, amelyek egy adott kezel\u00e9sre val\u00f3 v\u00e1laszt is meg tudj\u00e1k j\u00f3solni. Ezen \u00fan. predikt\u00edv elj\u00e1r\u00e1sok egy adott beteg daganat\u00e1nak m\u00e9lyrehat\u00f3bb megismer\u00e9s\u00e9t, biol\u00f3giai folyamatainak r\u00e9szletesebb vizsg\u00e1lat\u00e1t ig\u00e9nylik.<\/p>\n<p style=\"text-align: justify\">Olyan predikt\u00edv \u00e9s\/vagy prognosztikus biomarkerek, faktorok \u00e9s elj\u00e1r\u00e1sok meghat\u00e1roz\u00e1sa a kutat\u00e1sunk c\u00e9lja, amelyek a rutin patol\u00f3giai, laborat\u00f3riumi, \u00e9s klinikai onkol\u00f3giai mint\u00e1k\/adatok felhaszn\u00e1l\u00e1s\u00e1val m\u0171k\u00f6dnek. Optim\u00e1lis esetben a sziszt\u00e9m\u00e1s kezel\u00e9sre adott v\u00e1laszt el\u0151re jelzik, k\u00e9pesek inform\u00e1ci\u00f3t adni a klinikai kimenetelr\u0151l a diagn\u00f3zis fel\u00e1ll\u00edt\u00e1s\u00e1nak idej\u00e9n, vagy a betegs\u00e9g k\u00e9s\u0151bbi st\u00e1diumaiban.<\/p>\n<div class=\"exp-col-content-holder\">\n<p><a class=\"expand-cnt-link\" href=\"#\">Relev\u00e1ns kutat\u00e1si eredm\u00e9nyek<\/a><\/p>\n<div class=\"hidden-content\">\n<ul>\n<li style=\"text-align: justify\"><a href=\"https:\/\/www.ncbi.nlm.nih.gov\/pmc\/articles\/pmid\/36013050\/\" target=\"_blank\" rel=\"noopener\">Dank, M\u00fchl, Herold, Horny\u00e1k, Sz\u00e1sz, Herold: Does Elevated Pre-Treatment Plasma PD-L1 Level Indicate an Increased Tumor Burden and Worse Prognosis in Metastatic Colorectal Cancer?. Journal of Clinical Medicine (2022).<\/a><\/li>\n<li style=\"text-align: justify\"><a href=\"https:\/\/www.ncbi.nlm.nih.gov\/pmc\/articles\/pmid\/35158926\/\" target=\"_blank\" rel=\"noopener\">M\u00fchl, Herold, Herold, Horny\u00e1k, Sz\u00e1sz, Dank: Longitudinal Analysis of 1\u03b1,25-dihidroxyvitamin D3 and Homocysteine Changes in Colorectal Cancer. Cancers (2022).<\/a><\/li>\n<li style=\"text-align: justify\"><a href=\"https:\/\/www.ncbi.nlm.nih.gov\/pmc\/articles\/pmid\/36139592\/\" target=\"_blank\" rel=\"noopener\">Kiss, Hajdu, Forika, Dank, Kren\u00e1cs, N\u00e9meth: The Effect of Dietary Methyl-Donor Intake and Other Lifestyle Factors on Cancer Patients in Hungary. Cancers (2022).<\/a><\/li>\n<li style=\"text-align: justify\"><a href=\"https:\/\/www.ncbi.nlm.nih.gov\/pmc\/articles\/pmid\/35269689\/\" target=\"_blank\" rel=\"noopener\">Kiss, Forika, Dank, Kren\u00e1cs, N\u00e9meth: Methyl Donors Reduce Cell Proliferation by Diminishing Erk-Signaling and NFkB Levels, While Increasing E-Cadherin Expression in Panc-1 Cell Line. International Journal of Molecular Sciences (2022).<\/a><\/li>\n<li style=\"text-align: justify\"><a href=\"https:\/\/www.ncbi.nlm.nih.gov\/pmc\/articles\/pmid\/33808426\/\" target=\"_blank\" rel=\"noopener\">Kiss, Forika, Moh\u00e1csi, N\u00e9meth, Kren\u00e1cs, Dank: Methyl-Donors Can Induce Apoptosis and Attenuate Both the Akt and the Erk1\/2 Mediated Proliferation Pathways in Breast and Lung Cancer Cell Lines. International Journal of Molecular Sciences (2021).<\/a><\/li>\n<\/ul>\n<\/div>\n<\/div>\n<p style=\"text-align: justify\"><span style=\"font-size: 14pt\"><strong>Transzl\u00e1ci\u00f3s Onkol\u00f3giai Kutat\u00f3csoport<\/strong><\/span><\/p>\n<p style=\"text-align: justify\">A <a href=\"https:\/\/itk.ppke.hu\/kutatas\/jedlik-anyos-laboratorium-1\/biologiai-kutatasok\/transzlacios-onkologia\">Transzl\u00e1ci\u00f3s Onkol\u00f3giai Laborat\u00f3rium<\/a>-ot a <a href=\"https:\/\/semmelweis.hu\/onkologiai-kozpont\/\">Semmelweis Egyetem Belgy\u00f3gy\u00e1szati \u00e9s Onkol\u00f3giai Klinika Onkol\u00f3giai Profil<\/a> \u00e9s a <a href=\"https:\/\/itk.ppke.hu\/\">P\u00e1zm\u00e1ny P\u00e9ter Katolikus Egyetem Inform\u00e1ci\u00f3s Technol\u00f3giai \u00e9s Bionikai Kara<\/a> hozta l\u00e9tre \u00e9s tartja fent. Ennek megfelel\u0151en a Labor egyed\u00fcl\u00e1ll\u00f3 lehet\u0151s\u00e9ge, hogy a beteg\u00e1gy mellett, a napi klinikai rutinban felmer\u00fcl\u0151 k\u00e9rd\u00e9sekre a m\u00e9rn\u00f6ki \u00e9s az orvosi\/biol\u00f3giai kompetenci\u00e1kat egym\u00e1ssal kieg\u00e9sz\u00edtve keressen v\u00e1laszokat. Valamint a tudom\u00e1nyos munka sor\u00e1n nyert felismer\u00e9seket a lehet\u0151 legk\u00f6zvetlenebb \u00faton visszacsatolja a klinikum ter\u00fclet\u00e9re \u00fajabb vizsg\u00e1latok kiindul\u00e1si pontj\u00e1ul \u00e9s ter\u00e1pi\u00e1s elj\u00e1r\u00e1sok form\u00e1j\u00e1ban.<\/p>\n<p style=\"text-align: justify\">A Transzl\u00e1ci\u00f3s Onkol\u00f3giai Kutat\u00f3csoport vizsg\u00e1latai sor\u00e1n tumoros betegekb\u0151l sz\u00e1rmaz\u00f3 sz\u00f6vettani mint\u00e1kban \u00e9s folyad\u00e9k biopszi\u00e1kban azonos\u00edtunk potenci\u00e1lis ter\u00e1pi\u00e1s targeteket, prognosztikus \u00e9s\/vagy predikt\u00edv markereket (extracellul\u00e1ris vezikul\u00e1k, nukleinsavak \u00e9s feh\u00e9rj\u00e9k), melyek meghat\u00e1roz\u00f3ak lehetnek a daganatos megbeteged\u00e9sek lefoly\u00e1s\u00e1ban. A felt\u00e9telezett c\u00e9lpontok serkent\u00e9se\/g\u00e1tl\u00e1sa sor\u00e1n m\u00e9rhet\u0151 v\u00e1ltoz\u00e1sokat (pl.: \u00e9letk\u00e9pess\u00e9g, jel\u00e1tvitel \u00fatvonalak aktiv\u00e1l\u00f3d\u00e1sa\/g\u00e1tl\u00e1sa) tumorsejt-teny\u00e9szeteken vizsg\u00e1ljuk. A sejtes k\u00eds\u00e9rletek sor\u00e1n k\u00fcl\u00f6n hangs\u00falyt fektet\u00fcnk a sejtek migr\u00e1ci\u00f3j\u00e1nak vizsg\u00e1lat\u00e1ra, ami a daganatok \u00e1tt\u00e9tk\u00e9pz\u00e9s\u00e9nek n\u00e9lk\u00fcl\u00f6zhetetlen velej\u00e1r\u00f3ja.<\/p>\n<p style=\"text-align: justify\"><span style=\"font-size: 14pt\"><strong>Konvencion\u00e1lis \u00e9s konkomitt\u00e1ns kezel\u00e9sek az onkol\u00f3giai gyakorlatban<\/strong><\/span><\/p>\n<p style=\"text-align: justify\">A daganatok kialakul\u00e1s\u00e1t egyr\u00e9szt genetikai okokra vezethetj\u00fck vissza, m\u00e1sr\u00e9szt k\u00f6rnyezeti okokra. Az epidemiol\u00f3giai vizsg\u00e1latok igazolt\u00e1k, hogy a hosszan tart\u00f3 hormonhat\u00e1s vagy a k\u00fcls\u0151 hormonp\u00f3tl\u00e1s, elh\u00edz\u00e1s, a magas zs\u00edrtartalm\u00fa di\u00e9ta \u00f6sszef\u00fcgg\u00e9sbe hozhat\u00f3 pl. az eml\u0151tumorok, gasztrointesztin\u00e1lis daganatok kialakul\u00e1s\u00e1val. Ugyanakkor azt is l\u00e1tjuk, hogy a metabolikus abnormalit\u00e1sok nemcsak egyes daganatos betegs\u00e9gek kialakul\u00e1s\u00e1nak kock\u00e1zat\u00e1t n\u00f6velik, hanem jelent\u0151sen befoly\u00e1solhatj\u00e1k a kezel\u00e9sek effektivit\u00e1s\u00e1t \u00e9s a tumorprogresszi\u00f3t. <br \/>\nA korszer\u0171 szem\u00e9lyre szabott kezel\u00e9sek, \u00fajszer\u0171 daganatellenes szerek \u00e9s ter\u00e1pi\u00e1s modalit\u00e1sok szokatlan mell\u00e9khat\u00e1sokkal b\u00edrnak \u00e9s befoly\u00e1solj\u00e1k a beteg \u00e9letmin\u0151s\u00e9g\u00e9t, egy\u00e9b betegs\u00e9geit \u00e9s azok kezel\u00e9s\u00e9t. Kutat\u00e1sunk c\u00e9lja a daganatos betegek komplex kezel\u00e9se sor\u00e1n \u00e9szlelt biok\u00e9miai param\u00e9terek, tumoros predikt\u00edv \u00e9s prognosztikus markerek vizsg\u00e1lata \u00e9s \u00f6sszef\u00fcgg\u00e9sek keres\u00e9se a k\u00fcl\u00f6nb\u00f6z\u0151 anyagcsere betegs\u00e9gekkel, mint p\u00e9ld\u00e1ul cukorbetegs\u00e9g, magas v\u00e9rzs\u00edrok, elh\u00edz\u00e1s stb.<\/p>\n<p style=\"text-align: justify\"><span style=\"font-size: 14pt\"><strong>Neuroendokrin tumormarkerek kapcsolata a szolid tumorokkal<\/strong><\/span><\/p>\n<p style=\"text-align: justify\">A hagyom\u00e1nyos daganatt\u00edpusok t\u00f6bbs\u00e9ge hormonszer\u0171 anyagokat \u2013 mint p\u00e9ld\u00e1ul az inzulin vagy a kromograganinok \u2013 sosem termel, ezek termel\u00e9se az \u00fan. neuroendokrin daganatt\u00edpusoka jellemz\u0151ek. Az elm\u00falt \u00e9vekben azonban egyre t\u00f6bb adat \u00e1ll rendelkez\u00e9sre, hogy ak\u00e1r ezek a hagyom\u00e1nyos tumort\u00edpusokban is jelentkezhet fokozott hormontermel\u00e9s. A neuroendokrin sejtek besz\u0171r\u0151d\u00e9se jelent\u0151sen megv\u00e1ltoztatj\u00e1k e tumorok viselked\u00e9s\u00e9t, elt\u00e9r\u00e9sek alakulhatnak ki a betegek kezelhet\u0151s\u00e9g\u00e9ben. A kutat\u00e1s f\u0151 c\u00e9lja a (neuro)endokrin tumormarkerek szolid tumorokban bet\u00f6lt\u00f6tt szerep\u00e9nek a pontosabb tiszt\u00e1z\u00e1sa. Ezen bel\u00fcl is a tumorsz\u00f6vetben megjelen\u0151 hormon- \u00e9s\/vagy feh\u00e9rje-pozit\u00edv sejtek prognosztikai jelent\u0151s\u00e9g\u00e9nek pontos\u00edt\u00e1sa, a klinikumban rutinszer\u0171en haszn\u00e1lt onkopatol\u00f3giai markerekkel, a k\u00fcl\u00f6nb\u00f6z\u0151 t\u00e1rsbetegs\u00e9gekkel t\u00f6rt\u00e9n\u0151 kapcsolatuk, \u00e9s a tumoros betegs\u00e9gek kezel\u00e9s\u00e9ben bet\u00f6lt\u00f6tt szerep\u00fck tiszt\u00e1z\u00e1sa.<\/p>\n<p style=\"text-align: justify\">Munkacsoportunk egy kor\u00e1bbi eredm\u00e9nye alapj\u00e1n elt\u00e9r\u0151 sz\u00e9rum kromogranin A \u00e9s B szint igazolhat\u00f3 azokn\u00e1l a vastag- \u00e9s v\u00e9gb\u00e9l tumoros betegekn\u00e9l, akik sz\u00f6vettani mint\u00e1j\u00e1ban az eg\u00e9szs\u00e9geshez k\u00e9pest nagyobb sz\u00e1mban fordulnak el\u0151 kromogranin A-termel\u0151 sejtek.<\/p>\n<div class=\"exp-col-content-holder\">\n<p><a class=\"expand-cnt-link\" href=\"#\">Relev\u00e1ns kutat\u00e1si eredm\u00e9nyek<\/a><\/p>\n<div class=\"hidden-content\">\n<ul>\n<li style=\"text-align: justify\"><a href=\"https:\/\/www.ncbi.nlm.nih.gov\/pmc\/articles\/pmid\/33383764\/\" target=\"_blank\" rel=\"noopener\">Herold, Dank, Herold, Nagy, Rosta, Somogyi: Histopathological Chromogranin A-Positivity Is Associated with Right-Sided Colorectal Cancers and Worse Prognosis. Cancers (2020).<\/a><\/li>\n<\/ul>\n<\/div>\n<\/div>\n<p style=\"text-align: justify\"><span style=\"font-size: 14pt\"><strong>Gy\u00f3gyszer- \u00e9s Betegbiztons\u00e1gi Kutat\u00f3csoport<\/strong><\/span><\/p>\n<p>Alakul\u00f3\u00fcl\u00e9s: 2023. j\u00falius 6.<\/p>\n","protected":false},"excerpt":{"rendered":"<p>Modern elektrom\u00e1gneses kezel\u00e9sek az onkol\u00f3gi\u00e1ban A daganatos megbeteged\u00e9sek elleni k\u00fczdelem a hatalmas er\u0151fesz\u00edt\u00e9sek ellen\u00e9re sem hozta m\u00e9g meg a k\u00edv\u00e1nt eredm\u00e9nyeket. Az elm\u00falt \u00e9vekben, \u00e9vtizedekben a daganatter\u00e1pia ter\u00fclet\u00e9n az \u00fajabb kutat\u00e1sok az immunrendszer aktiv\u00e1l\u00e1sa fel\u00e9 indultak el \u00e9s sz\u00e1mos \u00faj ter\u00e1pi\u00e1s lehet\u0151s\u00e9g ker\u00fclt kifejleszt\u00e9sre, melyek hat\u00e9konyabb\u00e1 tehetik a hagyom\u00e1nyos kemo- \u00e9s sug\u00e1rter\u00e1pi\u00e1t. E m\u00f3dszerek k\u00f6z\u00e9 &hellip;<\/p>\n","protected":false},"author":102054,"featured_media":0,"parent":3014,"menu_order":2,"comment_status":"closed","ping_status":"closed","template":"","meta":{"_acf_changed":false,"footnotes":""},"categories":[],"tags":[],"class_list":["post-2857","page","type-page","status-publish","hentry"],"acf":[],"_links":{"self":[{"href":"https:\/\/semmelweis.hu\/onkologiai-kozpont\/wp-json\/wp\/v2\/pages\/2857","targetHints":{"allow":["GET"]}}],"collection":[{"href":"https:\/\/semmelweis.hu\/onkologiai-kozpont\/wp-json\/wp\/v2\/pages"}],"about":[{"href":"https:\/\/semmelweis.hu\/onkologiai-kozpont\/wp-json\/wp\/v2\/types\/page"}],"author":[{"embeddable":true,"href":"https:\/\/semmelweis.hu\/onkologiai-kozpont\/wp-json\/wp\/v2\/users\/102054"}],"replies":[{"embeddable":true,"href":"https:\/\/semmelweis.hu\/onkologiai-kozpont\/wp-json\/wp\/v2\/comments?post=2857"}],"version-history":[{"count":11,"href":"https:\/\/semmelweis.hu\/onkologiai-kozpont\/wp-json\/wp\/v2\/pages\/2857\/revisions"}],"predecessor-version":[{"id":3409,"href":"https:\/\/semmelweis.hu\/onkologiai-kozpont\/wp-json\/wp\/v2\/pages\/2857\/revisions\/3409"}],"up":[{"embeddable":true,"href":"https:\/\/semmelweis.hu\/onkologiai-kozpont\/wp-json\/wp\/v2\/pages\/3014"}],"wp:attachment":[{"href":"https:\/\/semmelweis.hu\/onkologiai-kozpont\/wp-json\/wp\/v2\/media?parent=2857"}],"wp:term":[{"taxonomy":"category","embeddable":true,"href":"https:\/\/semmelweis.hu\/onkologiai-kozpont\/wp-json\/wp\/v2\/categories?post=2857"},{"taxonomy":"post_tag","embeddable":true,"href":"https:\/\/semmelweis.hu\/onkologiai-kozpont\/wp-json\/wp\/v2\/tags?post=2857"}],"curies":[{"name":"wp","href":"https:\/\/api.w.org\/{rel}","templated":true}]}}