{"id":2854,"date":"2023-06-05T12:44:52","date_gmt":"2023-06-05T10:44:52","guid":{"rendered":"https:\/\/semmelweis.hu\/onkologiai-kozpont\/?page_id=2854"},"modified":"2023-10-13T13:45:48","modified_gmt":"2023-10-13T11:45:48","slug":"kutatas","status":"publish","type":"page","link":"https:\/\/semmelweis.hu\/onkologiai-kozpont\/kutatas-2\/kutatas\/","title":{"rendered":"Bemutatkoz\u00e1s"},"content":{"rendered":"<p style=\"text-align: justify\">Az onkol\u00f3gia megbeteged\u00e9sek sz\u00e1ma vil\u00e1gszerte jelent\u0151s n\u00f6veked\u00e9st mutat. A Nemzetk\u00f6zi R\u00e1kkutat\u00f3 K\u00f6zpont (GLOBOCAN) adatai alapj\u00e1n 2020-ban t\u00f6bb mint 19 milli\u00f3 \u00faj rosszindulat\u00fa daganatos esetet diagnosztiz\u00e1ltak a vil\u00e1gon, \u00e9s e betegs\u00e9gben t\u00f6bb mint 10 milli\u00f3an haltak meg. Magyarorsz\u00e1gon 2019-ben k\u00f6zel 100.000 \u00faj daganatos megbeteged\u00e9s ker\u00fclt regisztr\u00e1l\u00e1sra, az e betegs\u00e9gben elhunytak sz\u00e1ma meghaladja az 50 ezret. A rosszindulat\u00fa daganatos megbeteged\u00e9sek t\u00f6bb mint 200 fajta megbeteged\u00e9s \u00f6sszefoglal\u00f3 neve. A daganatos betegs\u00e9gek diagnosztik\u00e1ja \u00e9s ter\u00e1pi\u00e1ja a nemzetk\u00f6zi orvostudom\u00e1ny egyik leggyorsabban fejl\u0151d\u0151 ter\u00fclete.<\/p>\n<p style=\"text-align: justify\">Az eml\u0151r\u00e1k, a vastag- \u00e9s v\u00e9gb\u00e9l-, illetve a prosztatar\u00e1k a leggyakoribb daganatos betegs\u00e9gek egyike. Az eg\u00e9sz vil\u00e1gon a n\u0151k \u00f6sszes daganat\u00e1nak 24.5%-a eml\u0151r\u00e1k, a f\u00e9rfiakban 14.1%-ban prosztatadaganat, m\u00edg az \u00f6ssze tumoros megbeteged\u00e9s ~10%-a vastag- \u00e9s v\u00e9gb\u00e9ldaganat. A Nemzeti R\u00e1kregiszter adatai alapj\u00e1n a tumoros megbeteged\u00e9sek sz\u00e1ma folyamatosan emelkedik.<\/p>\n<p style=\"text-align: justify\">Mindezek miatt rendk\u00edv\u00fcl fontos, hogy a betegell\u00e1t\u00e1s \u00e9s oktat\u00e1s mellett akt\u00edv kutat\u00f3munka is folyj\u00e9k az Onkol\u00f3giai Profilon, Egyetem\u00fcnk alaptev\u00e9kenys\u00e9ginek h\u00e1rmas egys\u00e9g\u00e9nek megfelel\u0151en. Multidiszciplin\u00e1ris kutat\u00e1st v\u00e9gz\u0151 munkacsoportunk \u2013 ahol az orvoskoll\u00e9g\u00e1k mellett alkalmazott biostatisztikus, biol\u00f3gus, koordin\u00e1tor, \u00e9s vegy\u00e9sz szakemberek is helyet foglalnak \u2013 feladatai k\u00f6z\u00e9 tartozik az Onkol\u00f3giai Profilon foly\u00f3 kutat\u00e1sok szervez\u00e9se, fel\u00fcgyelete, a TDK-, szakdolgoz\u00f3- \u00e9s Ph.D. hallgat\u00f3k seg\u00edt\u00e9se, a kutat\u00e1si eredm\u00e9nyek publik\u00e1l\u00e1sa.<\/p>\n<h4><strong>Az Onkol\u00f3giai PROFIL kutat\u00f3i:<\/strong><\/h4>\n<ul>\n<li><a href=\"https:\/\/semmelweis.hu\/telefonkonyv\/?emp_id=14177\">Dr. Sz\u00e1sz Attila Marcell, Ph.D., med.habil<\/a> (kutat\u00e1svezet\u0151, habilit\u00e1lt tudom\u00e1nyos f\u0151munkat\u00e1rs)<\/li>\n<li><a href=\"https:\/\/semmelweis.hu\/telefonkonyv\/?emp_id=14182\">Dr. Garay Tam\u00e1s M\u00e1rton, Ph.D.<\/a> (egyetemi adjunktus)<\/li>\n<li><a href=\"https:\/\/semmelweis.hu\/telefonkonyv\/?emp_id=12089\">Herold Magdolna<\/a> (kutat\u00e1si koordin\u00e1tor)<\/li>\n<li><a href=\"https:\/\/semmelweis.hu\/telefonkonyv\/?emp_id=19256\">Dr. Herold Zolt\u00e1n, Ph.D.<\/a> (kutat\u00e1si munkat\u00e1rs)<\/li>\n<li><a href=\"https:\/\/semmelweis.hu\/telefonkonyv\/?emp_id=19181\">Martinek Em\u0151ke<\/a> (PhD hallgat\u00f3, klinikai vizsg\u00e1lati koordin\u00e1tor)<\/li>\n<\/ul>\n","protected":false},"excerpt":{"rendered":"<p>Az onkol\u00f3gia megbeteged\u00e9sek sz\u00e1ma vil\u00e1gszerte jelent\u0151s n\u00f6veked\u00e9st mutat. A Nemzetk\u00f6zi R\u00e1kkutat\u00f3 K\u00f6zpont (GLOBOCAN) adatai alapj\u00e1n 2020-ban t\u00f6bb mint 19 milli\u00f3 \u00faj rosszindulat\u00fa daganatos esetet diagnosztiz\u00e1ltak a vil\u00e1gon, \u00e9s e betegs\u00e9gben t\u00f6bb mint 10 milli\u00f3an haltak meg. Magyarorsz\u00e1gon 2019-ben k\u00f6zel 100.000 \u00faj daganatos megbeteged\u00e9s ker\u00fclt regisztr\u00e1l\u00e1sra, az e betegs\u00e9gben elhunytak sz\u00e1ma meghaladja az 50 ezret. A &hellip;<\/p>\n","protected":false},"author":102054,"featured_media":0,"parent":3014,"menu_order":1,"comment_status":"closed","ping_status":"closed","template":"","meta":{"_acf_changed":false,"footnotes":""},"categories":[],"tags":[],"class_list":["post-2854","page","type-page","status-publish","hentry"],"acf":[],"_links":{"self":[{"href":"https:\/\/semmelweis.hu\/onkologiai-kozpont\/wp-json\/wp\/v2\/pages\/2854","targetHints":{"allow":["GET"]}}],"collection":[{"href":"https:\/\/semmelweis.hu\/onkologiai-kozpont\/wp-json\/wp\/v2\/pages"}],"about":[{"href":"https:\/\/semmelweis.hu\/onkologiai-kozpont\/wp-json\/wp\/v2\/types\/page"}],"author":[{"embeddable":true,"href":"https:\/\/semmelweis.hu\/onkologiai-kozpont\/wp-json\/wp\/v2\/users\/102054"}],"replies":[{"embeddable":true,"href":"https:\/\/semmelweis.hu\/onkologiai-kozpont\/wp-json\/wp\/v2\/comments?post=2854"}],"version-history":[{"count":10,"href":"https:\/\/semmelweis.hu\/onkologiai-kozpont\/wp-json\/wp\/v2\/pages\/2854\/revisions"}],"predecessor-version":[{"id":3280,"href":"https:\/\/semmelweis.hu\/onkologiai-kozpont\/wp-json\/wp\/v2\/pages\/2854\/revisions\/3280"}],"up":[{"embeddable":true,"href":"https:\/\/semmelweis.hu\/onkologiai-kozpont\/wp-json\/wp\/v2\/pages\/3014"}],"wp:attachment":[{"href":"https:\/\/semmelweis.hu\/onkologiai-kozpont\/wp-json\/wp\/v2\/media?parent=2854"}],"wp:term":[{"taxonomy":"category","embeddable":true,"href":"https:\/\/semmelweis.hu\/onkologiai-kozpont\/wp-json\/wp\/v2\/categories?post=2854"},{"taxonomy":"post_tag","embeddable":true,"href":"https:\/\/semmelweis.hu\/onkologiai-kozpont\/wp-json\/wp\/v2\/tags?post=2854"}],"curies":[{"name":"wp","href":"https:\/\/api.w.org\/{rel}","templated":true}]}}