{"id":983,"date":"2019-05-27T13:14:08","date_gmt":"2019-05-27T11:14:08","guid":{"rendered":"http:\/\/semmelweis.hu\/oktatasmodszertan\/?page_id=983"},"modified":"2026-03-23T14:53:17","modified_gmt":"2026-03-23T13:53:17","slug":"colleagues","status":"publish","type":"page","link":"https:\/\/semmelweis.hu\/oktatasmodszertan\/en\/about-us\/colleagues\/","title":{"rendered":"Colleagues"},"content":{"rendered":"<p><strong>Center for Educational Development, Methodology and Organization<\/strong><\/p>\n<table style=\"border-collapse: collapse;width: 100%\">\n<tbody>\n<tr>\n<td style=\"width: 100%\">\n<p><strong><img loading=\"lazy\" decoding=\"async\" class=\"alignleft wp-image-5396 size-full\" src=\"https:\/\/semmelweis.hu\/oktatasmodszertan\/files\/2024\/12\/turi_ibolya_170_170.png\" alt=\"\" width=\"170\" height=\"170\" srcset=\"https:\/\/semmelweis.hu\/oktatasmodszertan\/files\/2024\/12\/turi_ibolya_170_170.png 170w, https:\/\/semmelweis.hu\/oktatasmodszertan\/files\/2024\/12\/turi_ibolya_170_170-150x150.png 150w\" sizes=\"auto, (max-width: 170px) 100vw, 170px\" \/>Ibolya T\u00fari, PhD \u2013 director, college professor<br \/>\n<\/strong><br \/>\n<a href=\"https:\/\/semmelweis.hu\/oktatasmodszertan\/files\/2024\/12\/CV-Turi-Ibolya-2024.pdf\" target=\"_blank\" rel=\"noopener\">Curriculum vitae<\/a><\/p>\n<p><strong><img loading=\"lazy\" decoding=\"async\" class=\"alignnone size-full wp-image-258\" src=\"https:\/\/semmelweis.hu\/oktatasmodszertan\/files\/2018\/08\/if_phone_1055012_16_16.png\" alt=\"\" width=\"16\" height=\"16\" \/><\/strong>+36-20-920-3080<\/p>\n<p><img loading=\"lazy\" decoding=\"async\" class=\"alignnone size-full wp-image-219\" src=\"https:\/\/semmelweis.hu\/oktatasmodszertan\/files\/2018\/08\/if_email_328027_1616.png\" alt=\"\" width=\"16\" height=\"16\" \/> <a href=\"mailto:turi.ibolya@semmelweis.hu\">turi.ibolya@semmelweis.hu<\/a><\/p>\n<\/td>\n<\/tr>\n<tr>\n<td style=\"width: 100%\"><img loading=\"lazy\" decoding=\"async\" class=\"alignleft wp-image-4234 \" src=\"https:\/\/semmelweis.hu\/oktatasmodszertan\/files\/2023\/06\/molnarne_szanto_andrea_3.png\" alt=\"\" width=\"170\" height=\"171\" srcset=\"https:\/\/semmelweis.hu\/oktatasmodszertan\/files\/2023\/06\/molnarne_szanto_andrea_3.png 246w, https:\/\/semmelweis.hu\/oktatasmodszertan\/files\/2023\/06\/molnarne_szanto_andrea_3-150x150.png 150w\" sizes=\"auto, (max-width: 170px) 100vw, 170px\" \/><\/p>\n<p><strong>Andrea Moln\u00e1rn\u00e9 Sz\u00e1nt\u00f3 \u2013 educational administration specialist<\/strong><\/p>\n<p><a href=\"https:\/\/semmelweis.hu\/oktatasmodszertan\/files\/2020\/09\/CV_molnarne_szanto_andrea.pdf\" target=\"_blank\" rel=\"noopener noreferrer\">Curriculum vitae<\/a><\/p>\n<p><strong><img loading=\"lazy\" decoding=\"async\" class=\"alignnone size-full wp-image-258\" src=\"https:\/\/semmelweis.hu\/oktatasmodszertan\/files\/2018\/08\/if_phone_1055012_16_16.png\" alt=\"\" width=\"16\" height=\"16\" \/><\/strong>+36-20-670-1747<\/p>\n<p><img loading=\"lazy\" decoding=\"async\" class=\"alignnone size-full wp-image-219\" src=\"https:\/\/semmelweis.hu\/oktatasmodszertan\/files\/2018\/08\/if_email_328027_1616.png\" alt=\"\" width=\"16\" height=\"16\" \/><a href=\"mailto:molnarne.szanto.andrea@semmelweis.hu\" target=\"_blank\" rel=\"noopener\">molnarne.szanto.andrea@semmelweis.hu<\/a><\/p>\n<\/td>\n<\/tr>\n<tr>\n<td style=\"width: 100%\">\n<p><strong><img loading=\"lazy\" decoding=\"async\" class=\"alignleft  wp-image-2457\" src=\"https:\/\/semmelweis.hu\/oktatasmodszertan\/files\/2021\/01\/fekete_csilla_170_170.png\" alt=\"\" width=\"170\" height=\"170\" srcset=\"https:\/\/semmelweis.hu\/oktatasmodszertan\/files\/2021\/01\/fekete_csilla_170_170.png 170w, https:\/\/semmelweis.hu\/oktatasmodszertan\/files\/2021\/01\/fekete_csilla_170_170-150x150.png 150w\" sizes=\"auto, (max-width: 170px) 100vw, 170px\" \/><\/strong><strong style=\"font-family: inherit;font-size: inherit\">Fekete Csilla \u2013 <strong>educational administration specialist<\/strong><\/strong><strong><br \/>\n<\/strong><\/p>\n<p><a href=\"https:\/\/semmelweis.hu\/oktatasmodszertan\/files\/2023\/01\/CV-fekete_csilla_2023.pdf\" target=\"_blank\" rel=\"noopener\">Curriculum vitae<\/a><\/p>\n<p><strong><img loading=\"lazy\" decoding=\"async\" class=\"alignnone size-full wp-image-258\" src=\"https:\/\/semmelweis.hu\/oktatasmodszertan\/files\/2018\/08\/if_phone_1055012_16_16.png\" alt=\"\" width=\"16\" height=\"16\" \/><\/strong>+36-20-666-3385<\/p>\n<p><img loading=\"lazy\" decoding=\"async\" class=\"alignnone size-full wp-image-219\" src=\"https:\/\/semmelweis.hu\/oktatasmodszertan\/files\/2018\/08\/if_email_328027_1616.png\" alt=\"\" width=\"16\" height=\"16\" \/> <a href=\"mailto:fekete.csilla@semmelweis-univ.hu\" target=\"_blank\" rel=\"noopener noreferrer\">fekete.csilla@semmelweis.hu<\/a><\/p>\n<\/td>\n<\/tr>\n<tr>\n<td style=\"width: 100%\">\n<p><strong><img loading=\"lazy\" decoding=\"async\" class=\"alignleft  wp-image-6302\" src=\"https:\/\/semmelweis.hu\/oktatasmodszertan\/files\/2026\/03\/Mako-Ajsa_honlapra.png\" alt=\"\" width=\"171\" height=\"171\" srcset=\"https:\/\/semmelweis.hu\/oktatasmodszertan\/files\/2026\/03\/Mako-Ajsa_honlapra.png 713w, https:\/\/semmelweis.hu\/oktatasmodszertan\/files\/2026\/03\/Mako-Ajsa_honlapra-400x400.png 400w, https:\/\/semmelweis.hu\/oktatasmodszertan\/files\/2026\/03\/Mako-Ajsa_honlapra-150x150.png 150w\" sizes=\"auto, (max-width: 171px) 100vw, 171px\" \/><\/strong><strong>Ajsa Mak\u00f3 \u2013 educational administration specialist<\/strong><strong><br \/>\n<\/strong><\/p>\n<p><a href=\"https:\/\/semmelweis.hu\/oktatasmodszertan\/files\/2026\/03\/Mako_Ajsa_CV_English.pdf\" target=\"_blank\" rel=\"noopener\">Curriculum vitae<\/a><\/p>\n<p><strong><img loading=\"lazy\" decoding=\"async\" class=\"alignnone size-full wp-image-258\" src=\"https:\/\/semmelweis.hu\/oktatasmodszertan\/files\/2018\/08\/if_phone_1055012_16_16.png\" alt=\"\" width=\"16\" height=\"16\" \/><\/strong>+36-30-877-1610<\/p>\n<p><img loading=\"lazy\" decoding=\"async\" class=\"alignnone size-full wp-image-219\" src=\"https:\/\/semmelweis.hu\/oktatasmodszertan\/files\/2018\/08\/if_email_328027_1616.png\" alt=\"\" width=\"16\" height=\"16\" \/>\u00a0<a href=\"mailto:mako.ajsa.orsolya@semmelweis-univ.hu\" target=\"_blank\" rel=\"noopener noreferrer\">mako.ajsa.orsolya@semmelweis.hu<\/a><\/p>\n<\/td>\n<\/tr>\n<\/tbody>\n<\/table>\n<p><span style=\"font-size: 12pt\"><em><strong><br \/>\nE-learning and Digital Content Development Directorate<\/strong><\/em><\/span><\/p>\n<table style=\"border-collapse: collapse;width: 100%\">\n<tbody>\n<tr>\n<td style=\"width: 100%\">\n<p><strong><img loading=\"lazy\" decoding=\"async\" class=\"alignleft wp-image-2588 size-full\" src=\"https:\/\/semmelweis.hu\/oktatasmodszertan\/files\/2021\/01\/Tornoci_Laszlo_170_170.jpg\" alt=\"\" width=\"170\" height=\"170\" srcset=\"https:\/\/semmelweis.hu\/oktatasmodszertan\/files\/2021\/01\/Tornoci_Laszlo_170_170.jpg 170w, https:\/\/semmelweis.hu\/oktatasmodszertan\/files\/2021\/01\/Tornoci_Laszlo_170_170-150x150.jpg 150w\" sizes=\"auto, (max-width: 170px) 100vw, 170px\" \/>L\u00e1szl\u00f3 Torn\u00f3ci &#8211; head of department, IT manager<\/strong><\/p>\n<p><a href=\"https:\/\/semmelweis.hu\/oktatasmodszertan\/files\/2021\/01\/CV_tornoci-laszlo.pdf\" target=\"_blank\" rel=\"noopener noreferrer\">Curriculum vitae<\/a><\/p>\n<p><strong><img loading=\"lazy\" decoding=\"async\" class=\"alignnone size-full wp-image-258\" src=\"https:\/\/semmelweis.hu\/oktatasmodszertan\/files\/2018\/08\/if_phone_1055012_16_16.png\" alt=\"\" width=\"16\" height=\"16\" \/><\/strong>+36-1-459-1500 \/ 56145<\/p>\n<p><img loading=\"lazy\" decoding=\"async\" class=\"alignnone size-full wp-image-219\" src=\"https:\/\/semmelweis.hu\/oktatasmodszertan\/files\/2018\/08\/if_email_328027_1616.png\" alt=\"\" width=\"16\" height=\"16\" \/> <a href=\"mailto:tornoci.laszlo@med.semmelweis-univ.hu\" target=\"_blank\" rel=\"noopener noreferrer\">tornoci.laszlo@semmelweis.hu<\/a><\/p>\n<\/td>\n<\/tr>\n<tr>\n<td style=\"width: 100%\">\n<p><strong><img loading=\"lazy\" decoding=\"async\" class=\"alignleft wp-image-2579 size-full\" src=\"https:\/\/semmelweis.hu\/oktatasmodszertan\/files\/2021\/01\/foto-anders-tamas.jpg\" alt=\"\" width=\"170\" height=\"170\" srcset=\"https:\/\/semmelweis.hu\/oktatasmodszertan\/files\/2021\/01\/foto-anders-tamas.jpg 170w, https:\/\/semmelweis.hu\/oktatasmodszertan\/files\/2021\/01\/foto-anders-tamas-150x150.jpg 150w\" sizes=\"auto, (max-width: 170px) 100vw, 170px\" \/>Tam\u00e1s Anders &#8211; IT specialist<\/strong><\/p>\n<p><a href=\"https:\/\/semmelweis.hu\/oktatasmodszertan\/files\/2021\/01\/Europass-CV-20150511-Anders-HU.pdf\" target=\"_blank\" rel=\"noopener noreferrer\">Curriculum vitae<\/a><\/p>\n<p><strong><img loading=\"lazy\" decoding=\"async\" class=\"alignnone size-full wp-image-258\" src=\"https:\/\/semmelweis.hu\/oktatasmodszertan\/files\/2018\/08\/if_phone_1055012_16_16.png\" alt=\"\" width=\"16\" height=\"16\" \/><\/strong>+36-30-016-4346<\/p>\n<p><img loading=\"lazy\" decoding=\"async\" class=\"alignnone size-full wp-image-219\" src=\"https:\/\/semmelweis.hu\/oktatasmodszertan\/files\/2018\/08\/if_email_328027_1616.png\" alt=\"\" width=\"16\" height=\"16\" \/> <a href=\"mailto:anders.tamas@semmelweis-univ.hu\" target=\"_blank\" rel=\"noopener noreferrer\">anders.tamas@semmelweis.hu<\/a><\/p>\n<\/td>\n<\/tr>\n<tr>\n<td style=\"width: 100%\"><img loading=\"lazy\" decoding=\"async\" class=\"alignleft wp-image-2487 size-full\" src=\"https:\/\/semmelweis.hu\/oktatasmodszertan\/files\/2021\/01\/szogi_andras_170_170.jpg\" alt=\"\" width=\"170\" height=\"170\" srcset=\"https:\/\/semmelweis.hu\/oktatasmodszertan\/files\/2021\/01\/szogi_andras_170_170.jpg 170w, https:\/\/semmelweis.hu\/oktatasmodszertan\/files\/2021\/01\/szogi_andras_170_170-150x150.jpg 150w\" sizes=\"auto, (max-width: 170px) 100vw, 170px\" \/><\/p>\n<p><strong>Andr\u00e1s Sz\u00f6gi &#8211; IT specialist<\/strong><strong><br \/>\n<\/strong><\/p>\n<p><a href=\"https:\/\/semmelweis.hu\/oktatasmodszertan\/files\/2023\/01\/CV-Szogi_Andras-ofmszk.pdf\" target=\"_blank\" rel=\"noopener\">Curriculum vitae<\/a><\/p>\n<p><strong><img loading=\"lazy\" decoding=\"async\" class=\"alignnone size-full wp-image-258\" src=\"https:\/\/semmelweis.hu\/oktatasmodszertan\/files\/2018\/08\/if_phone_1055012_16_16.png\" alt=\"\" width=\"16\" height=\"16\" \/><\/strong>+36-20-663-2475<\/p>\n<p><img loading=\"lazy\" decoding=\"async\" class=\"alignnone size-full wp-image-219\" src=\"https:\/\/semmelweis.hu\/oktatasmodszertan\/files\/2018\/08\/if_email_328027_1616.png\" alt=\"\" width=\"16\" height=\"16\" \/> <a href=\"mailto:szogi.andras@semmelweis.hu\" target=\"_blank\" rel=\"noopener noreferrer\">szogi.andras@semmelweis.hu<\/a><\/p>\n<\/td>\n<\/tr>\n<\/tbody>\n<\/table>\n<div><span style=\"font-size: 12pt\"><em><strong><br \/>\nDepartment of Educational Development and Organization<\/strong><\/em><\/span><\/div>\n<div>\u00a0<\/div>\n<div>\n<table style=\"border-collapse: collapse;width: 100%\">\n<tbody>\n<tr>\n<td style=\"width: 100%\">\n<p><strong><img loading=\"lazy\" decoding=\"async\" class=\"alignleft size-full wp-image-4304\" src=\"https:\/\/semmelweis.hu\/oktatasmodszertan\/files\/2023\/07\/B.2023_170_170.png\" alt=\"\" width=\"170\" height=\"170\" srcset=\"https:\/\/semmelweis.hu\/oktatasmodszertan\/files\/2023\/07\/B.2023_170_170.png 170w, https:\/\/semmelweis.hu\/oktatasmodszertan\/files\/2023\/07\/B.2023_170_170-150x150.png 150w\" sizes=\"auto, (max-width: 170px) 100vw, 170px\" \/>Borb\u00e1la Kozma, MSc &#8211; senior educational consultant<\/strong><\/p>\n<p><a href=\"https:\/\/semmelweis.hu\/oktatasmodszertan\/files\/2023\/07\/CV-Kozma-Borbala_2023_HU.pdf\" target=\"_blank\" rel=\"noopener\">Curriculum vitae<\/a><\/p>\n<p><strong><img loading=\"lazy\" decoding=\"async\" class=\"alignnone size-full wp-image-258\" src=\"https:\/\/semmelweis.hu\/oktatasmodszertan\/files\/2018\/08\/if_phone_1055012_16_16.png\" alt=\"\" width=\"16\" height=\"16\" \/><\/strong>+36<strong>&#8211;<\/strong>20-825-0838<\/p>\n<p><img loading=\"lazy\" decoding=\"async\" class=\"alignnone size-full wp-image-219\" src=\"https:\/\/semmelweis.hu\/oktatasmodszertan\/files\/2018\/08\/if_email_328027_1616.png\" alt=\"\" width=\"16\" height=\"16\" \/> <a href=\"mailto:kozma.borbala@med.semmelweis-univ.hu\" target=\"_blank\" rel=\"noopener noreferrer\">kozma.borbala@semmelweis.hu<\/a><\/p>\n<\/td>\n<\/tr>\n<tr>\n<td style=\"width: 100%\">\n<p><strong><img loading=\"lazy\" decoding=\"async\" class=\"alignleft wp-image-6330 \" src=\"https:\/\/semmelweis.hu\/oktatasmodszertan\/files\/2026\/03\/Frank_Tamas_honlap.png\" alt=\"\" width=\"169\" height=\"166\" \/><\/strong><strong>Tam\u00e1s Frank, PhD \u2013 educational methodology advisor<br \/>\n<\/strong><br \/>\n<a href=\"https:\/\/semmelweis.hu\/oktatasmodszertan\/files\/2026\/03\/Dr.-Frank-Tamas-CV.pdf\" target=\"_blank\" rel=\"noopener\">Curriculum vitae<\/a><\/p>\n<p><img loading=\"lazy\" decoding=\"async\" class=\"alignnone size-full wp-image-219\" src=\"https:\/\/semmelweis.hu\/oktatasmodszertan\/files\/2018\/08\/if_email_328027_1616.png\" alt=\"\" width=\"16\" height=\"16\" \/>\u00a0<a href=\"mailto:frank.tamas.zsolt@semmelweis.hu\">frank.tamas.zsolt@semmelweis.hu<\/a><\/p>\n<p><strong>\u00a0<\/strong><\/p>\n<\/td>\n<\/tr>\n<tr>\n<td style=\"width: 100%\">\n<p><img loading=\"lazy\" decoding=\"async\" class=\"alignleft size-full wp-image-1304\" src=\"https:\/\/semmelweis.hu\/oktatasmodszertan\/files\/2019\/12\/monzeger_katalin170170.jpg\" alt=\"\" width=\"170\" height=\"170\" srcset=\"https:\/\/semmelweis.hu\/oktatasmodszertan\/files\/2019\/12\/monzeger_katalin170170.jpg 170w, https:\/\/semmelweis.hu\/oktatasmodszertan\/files\/2019\/12\/monzeger_katalin170170-150x150.jpg 150w\" sizes=\"auto, (max-width: 170px) 100vw, 170px\" \/><strong>Katalin Monz\u00e9ger, J.D. \u2013 educational methodology advisor<br \/>\n<\/strong><br \/>\n<a href=\"https:\/\/semmelweis.hu\/oktatasmodszertan\/files\/2025\/08\/Katalin-Monzeger_CV_OFMSZK.pdf\" target=\"_blank\" rel=\"noopener\">Curriculum vitae<\/a><\/p>\n<p><strong><img loading=\"lazy\" decoding=\"async\" class=\"alignnone size-full wp-image-258\" src=\"https:\/\/semmelweis.hu\/oktatasmodszertan\/files\/2018\/08\/if_phone_1055012_16_16.png\" alt=\"\" width=\"16\" height=\"16\" \/><\/strong>+36-20-670-1747<\/p>\n<p><img loading=\"lazy\" decoding=\"async\" class=\"alignnone size-full wp-image-219\" src=\"https:\/\/semmelweis.hu\/oktatasmodszertan\/files\/2018\/08\/if_email_328027_1616.png\" alt=\"\" width=\"16\" height=\"16\" \/> <a href=\"mailto:monzeger.katalin@semmelweis-univ.hu\">monzeger.katalin@semmelweis.hu<\/a><\/p>\n<\/td>\n<\/tr>\n<\/tbody>\n<\/table>\n<\/div>\n<p><span style=\"font-size: 12pt\"><em><strong><br \/>\nConsultants<\/strong><\/em><\/span><\/p>\n<div>\n<table style=\"border-collapse: collapse;width: 100%\" border=\"1\">\n<tbody>\n<tr>\n<td style=\"width: 100%\"><img loading=\"lazy\" decoding=\"async\" class=\"alignleft size-full wp-image-590\" src=\"https:\/\/semmelweis.hu\/oktatasmodszertan\/files\/2019\/01\/nebenfuhrer_zsuzsa_170_170.jpg\" alt=\"\" width=\"170\" height=\"170\" srcset=\"https:\/\/semmelweis.hu\/oktatasmodszertan\/files\/2019\/01\/nebenfuhrer_zsuzsa_170_170.jpg 170w, https:\/\/semmelweis.hu\/oktatasmodszertan\/files\/2019\/01\/nebenfuhrer_zsuzsa_170_170-150x150.jpg 150w\" sizes=\"auto, (max-width: 170px) 100vw, 170px\" \/><\/p>\n<p><strong>Zsuzsanna N\u00e9benf\u00fchrer, MD \u2013 clinical education consultant<\/strong><\/p>\n<p>Internal Medicine and Hematology Clinic<\/p>\n<p><a href=\"https:\/\/semmelweis.hu\/oktatasmodszertan\/files\/2019\/01\/CV_nebenfuhrer_zsuzsa.pdf\" target=\"_blank\" rel=\"noopener noreferrer\">Curriculum vitae<\/a><\/p>\n<p><strong><img loading=\"lazy\" decoding=\"async\" class=\"alignnone size-full wp-image-258\" src=\"https:\/\/semmelweis.hu\/oktatasmodszertan\/files\/2018\/08\/if_phone_1055012_16_16.png\" alt=\"\" width=\"16\" height=\"16\" \/><\/strong>06-20-825-0907<\/p>\n<p><img loading=\"lazy\" decoding=\"async\" class=\"alignnone size-full wp-image-219\" src=\"https:\/\/semmelweis.hu\/oktatasmodszertan\/files\/2018\/08\/if_email_328027_1616.png\" alt=\"\" width=\"16\" height=\"16\" \/><a href=\"mailto:nebenfuhrer.zsuzsanna@semmelweis.hu\">nebenfuhrer.zsuzsanna@semmelweis.hu<\/a><\/p>\n<\/td>\n<\/tr>\n<\/tbody>\n<\/table>\n<\/div>\n","protected":false},"excerpt":{"rendered":"<p>Center for Educational Development, Methodology and Organization Ibolya T\u00fari, PhD \u2013 director, college professor <a href=\"https:\/\/semmelweis.hu\/oktatasmodszertan\/files\/2024\/12\/CV-Turi-Ibolya-2024.pdf\" target=\"_blank\" rel=\"noopener\">Curriculum vitae<\/a> +36-20-920-3080 <a href=\"mailto:turi.ibolya@semmelweis.hu\">turi.ibolya@semmelweis.hu<\/a> Andrea Moln\u00e1rn\u00e9 Sz\u00e1nt\u00f3 \u2013 educational administration specialist <a href=\"https:\/\/semmelweis.hu\/oktatasmodszertan\/files\/2020\/09\/CV_molnarne_szanto_andrea.pdf\" target=\"_blank\" rel=\"noopener noreferrer\">Curriculum vitae<\/a> +36-20-670-1747 <a href=\"mailto:molnarne.szanto.andrea@semmelweis.hu\" target=\"_blank\" rel=\"noopener\">molnarne.szanto.andrea@semmelweis.hu<\/a> Fekete Csilla \u2013 educational administration specialist <a href=\"https:\/\/semmelweis.hu\/oktatasmodszertan\/files\/2023\/01\/CV-fekete_csilla_2023.pdf\" target=\"_blank\" rel=\"noopener\">Curriculum vitae<\/a> +36-20-666-3385 <a href=\"mailto:fekete.csilla@semmelweis-univ.hu\" target=\"_blank\" rel=\"noopener noreferrer\">fekete.csilla@semmelweis.hu<\/a> Ajsa Mak\u00f3 \u2013 educational administration specialist <a href=\"https:\/\/semmelweis.hu\/oktatasmodszertan\/files\/2026\/03\/Mako_Ajsa_CV_English.pdf\" target=\"_blank\" rel=\"noopener\">Curriculum vitae<\/a> +36-30-877-1610 \u00a0 <a href=\"mailto:mako.ajsa.orsolya@semmelweis-univ.hu\" target=\"_blank\" rel=\"noopener noreferrer\">mako.ajsa.orsolya@semmelweis.hu<\/a> E-learning and Digital Content Development Directorate L\u00e1szl\u00f3 Torn\u00f3ci &#8211; head of department, IT manager <a href=\"https:\/\/semmelweis.hu\/oktatasmodszertan\/files\/2021\/01\/CV_tornoci-laszlo.pdf\" target=\"_blank\" rel=\"noopener noreferrer\">Curriculum vitae<\/a> +36-1-459-1500 \/ 56145 &hellip;<\/p>\n","protected":false},"author":101470,"featured_media":0,"parent":985,"menu_order":2,"comment_status":"closed","ping_status":"closed","template":"","meta":{"_acf_changed":false,"footnotes":""},"categories":[],"tags":[],"class_list":["post-983","page","type-page","status-publish","hentry"],"acf":[],"_links":{"self":[{"href":"https:\/\/semmelweis.hu\/oktatasmodszertan\/wp-json\/wp\/v2\/pages\/983","targetHints":{"allow":["GET"]}}],"collection":[{"href":"https:\/\/semmelweis.hu\/oktatasmodszertan\/wp-json\/wp\/v2\/pages"}],"about":[{"href":"https:\/\/semmelweis.hu\/oktatasmodszertan\/wp-json\/wp\/v2\/types\/page"}],"author":[{"embeddable":true,"href":"https:\/\/semmelweis.hu\/oktatasmodszertan\/wp-json\/wp\/v2\/users\/101470"}],"replies":[{"embeddable":true,"href":"https:\/\/semmelweis.hu\/oktatasmodszertan\/wp-json\/wp\/v2\/comments?post=983"}],"version-history":[{"count":10,"href":"https:\/\/semmelweis.hu\/oktatasmodszertan\/wp-json\/wp\/v2\/pages\/983\/revisions"}],"predecessor-version":[{"id":6334,"href":"https:\/\/semmelweis.hu\/oktatasmodszertan\/wp-json\/wp\/v2\/pages\/983\/revisions\/6334"}],"up":[{"embeddable":true,"href":"https:\/\/semmelweis.hu\/oktatasmodszertan\/wp-json\/wp\/v2\/pages\/985"}],"wp:attachment":[{"href":"https:\/\/semmelweis.hu\/oktatasmodszertan\/wp-json\/wp\/v2\/media?parent=983"}],"wp:term":[{"taxonomy":"category","embeddable":true,"href":"https:\/\/semmelweis.hu\/oktatasmodszertan\/wp-json\/wp\/v2\/categories?post=983"},{"taxonomy":"post_tag","embeddable":true,"href":"https:\/\/semmelweis.hu\/oktatasmodszertan\/wp-json\/wp\/v2\/tags?post=983"}],"curies":[{"name":"wp","href":"https:\/\/api.w.org\/{rel}","templated":true}]}}