{"id":974,"date":"2019-05-24T11:09:35","date_gmt":"2019-05-24T09:09:35","guid":{"rendered":"http:\/\/semmelweis.hu\/oktatasmodszertan\/?page_id=974"},"modified":"2026-02-19T14:44:01","modified_gmt":"2026-02-19T13:44:01","slug":"contact","status":"publish","type":"page","link":"https:\/\/semmelweis.hu\/oktatasmodszertan\/en\/about-us\/contact\/","title":{"rendered":"Contact"},"content":{"rendered":"<p><strong>Center for Educational Development, Methodology and Organization<\/strong><br \/>\nSemmelweis University<br \/>\n<strong>Official e-mail address: <\/strong><a href=\"mailto:oktatasmodszertan@semmelweis.hu\">oktatasmodszertan@semmelweis.hu<\/a><\/p>\n<p><strong>Address:<\/strong> 1089 Budapest, Nagyv\u00e1rad t\u00e9r 4.<br \/>\n<strong style=\"font-size: 1rem\">Postal address:<\/strong><span style=\"font-size: 1rem\"> 1085 Budapest, \u00dcll\u0151i \u00fat 26. (1428 Budapest, Pf. 2.)<br \/>\n<strong>Central phone: Fekete Csilla \u2013 +36-20 666-3385<\/strong><\/span><\/p>\n<table style=\"border-collapse: collapse;width: 100%;height: 533px\">\n<tbody>\n<tr style=\"height: 28px\">\n<td style=\"width: 20%;height: 28px\"><strong>COLLEAGUE<\/strong><\/td>\n<td style=\"width: 10%;height: 28px\"><strong>ROLE<\/strong><\/td>\n<td style=\"width: 30%;height: 28px\"><strong>PHONE<\/strong><\/td>\n<td style=\"width: 20%;height: 28px\"><strong>E-MAIL<\/strong><\/td>\n<\/tr>\n<tr style=\"height: 162px\">\n<td style=\"width: 20%;height: 162px\"><strong>Ibolya T\u00fari, PhD<\/strong><\/td>\n<td style=\"width: 10%;height: 162px\">director, college professor<\/td>\n<td style=\"width: 30%;height: 162px\">+36-20-920-3080<\/td>\n<td style=\"width: 20%;height: 162px\">turi.ibolya@semmelweis.hu; oktatasmodszertan@semmelweis.hu<\/td>\n<\/tr>\n<tr>\n<td style=\"width: 20%\"><strong>Andrea Moln\u00e1rn\u00e9 Sz\u00e1nt\u00f3<\/strong><\/td>\n<td style=\"width: 10%\">secretary<\/td>\n<td style=\"width: 30%\">+36-20-670-1747<\/td>\n<td style=\"width: 20%\">\n<div class=\"elementToProof\">molnarne.szanto.andrea@semmelweis.hu<br \/>\noktatasmodszertan@semmelweis.hu<\/div>\n<\/td>\n<\/tr>\n<tr>\n<td style=\"width: 20%\"><strong>Csilla Fekete<\/strong><\/td>\n<td style=\"width: 10%\">secretary<\/td>\n<td style=\"width: 30%\">+36-20-666-3385<\/td>\n<td style=\"width: 20%\">fekete.csilla@semmelweis.hu<br \/>\noktatasmodszertan@semmelweis.hu<\/td>\n<\/tr>\n<tr style=\"height: 28px\">\n<td style=\"width: 80%;height: 28px\" colspan=\"4\"><em><strong>E-learning and Digital Content Development Directorate<\/strong><\/em><\/td>\n<\/tr>\n<tr style=\"height: 28px\">\n<td style=\"width: 20%;height: 28px\"><strong>L\u00e1szl\u00f3 Torn\u00f3ci, Dr.<\/strong><\/td>\n<td style=\"width: 10%;height: 28px\">head of department, IT manager<\/td>\n<td style=\"width: 30%;height: 28px\">+36-1-459-1500 \/ 56145<\/td>\n<td style=\"width: 20%;height: 28px\">tornoci.laszlo@semmelweis.hu<\/td>\n<\/tr>\n<tr style=\"height: 28px\">\n<td style=\"width: 20%;height: 28px\"><strong>Tam\u00e1s Anders<\/strong><\/td>\n<td style=\"width: 10%;height: 28px\">IT specialist<\/td>\n<td style=\"width: 30%\">+36-30-016-4346<\/td>\n<td style=\"width: 20%;height: 28px\">anders.tamas@semmelweis.hu<\/td>\n<\/tr>\n<tr>\n<td style=\"width: 20%\"><strong>Andr\u00e1s Sz\u00f6gi<\/strong><\/td>\n<td style=\"width: 10%\">IT specialist<\/td>\n<td style=\"width: 30%\">+36-20-663-2475<\/td>\n<td style=\"width: 20%\">\n<div id=\"GroupWiseSection_1669370502000_monzeger.katalin@semmelweis-univ.hu_568D13811EB50000B4706F6437386235_\" class=\"GroupWiseMessageBody active\">\n<div id=\"GroupWiseSection_1669370500000_monzeger.katalin@semmelweis-univ.hu_568D13811EB50000B4706F6437386235_\" class=\"GroupWiseMessageBody\"><span class=\"GroupwiseReplyHeader\">szogi.andras@semmelweis.hu<\/span><\/div>\n<\/div>\n<\/td>\n<\/tr>\n<tr style=\"height: 28px\">\n<td style=\"width: 80%;height: 28px\" colspan=\"4\"><em><strong>Department of Educational Development and Organization<\/strong><\/em><\/td>\n<\/tr>\n<tr>\n<td style=\"width: 20%\"><strong>Borb\u00e1la Kozma<\/strong><\/td>\n<td style=\"width: 10%\">senior educational consultant<\/td>\n<td style=\"width: 30%\">+36-20-825-0838<\/td>\n<td style=\"width: 20%\">kozma.borbala@semmelweis.hu<\/td>\n<\/tr>\n<tr style=\"height: 121px\">\n<td style=\"width: 20%;height: 121px\"><strong>Katalin Monz\u00e9ger, dr.<\/strong><\/td>\n<td style=\"width: 10%;height: 121px\">educational methodology advisor<\/td>\n<td style=\"width: 30%;height: 121px\">+36-20-670-1746<\/td>\n<td style=\"width: 20%;height: 121px\">monzeger.katalin@semmelweis.hu; oktatasmodszertan@semmelweis.hu<\/td>\n<\/tr>\n<\/tbody>\n<\/table>\n<p>&nbsp;<\/p>\n\n<!-- iframe plugin v.4.9 wordpress.org\/plugins\/iframe\/ -->\n<iframe loading=\"lazy\" src=\"https:\/\/www.google.com\/maps\/embed?pb=!1m18!1m12!1m3!1d2696.547848548168!2d19.089390114984035!3d47.479239879176426!2m3!1f0!2f0!3f0!3m2!1i1024!2i768!4f13.1!3m3!1m2!1s0x4741dce663d65943%3A0xf5391fc3337d063b!2zQnVkYXBlc3QsIE5hZ3l2w6FyYWQgdMOpciA0LCAxMDg5!5e0!3m2!1shu!2shu!4v1569585153326!5m2!1shu!2shu\" width=\"600\" height=\"450\" scrolling=\"yes\" class=\"iframe-class\" frameborder=\"0\"><\/iframe>\n\n","protected":false},"excerpt":{"rendered":"<p>Center for Educational Development, Methodology and Organization Semmelweis University Official e-mail address: <a href=\"mailto:oktatasmodszertan@semmelweis.hu\">oktatasmodszertan@semmelweis.hu<\/a> Address: 1089 Budapest, Nagyv\u00e1rad t\u00e9r 4. Postal address: 1085 Budapest, \u00dcll\u0151i \u00fat 26. (1428 Budapest, Pf. 2.) Central phone: Fekete Csilla \u2013 +36-20 666-3385 COLLEAGUE ROLE PHONE E-MAIL Ibolya T\u00fari, PhD director, college professor +36-20-920-3080 turi.ibolya@semmelweis.hu; oktatasmodszertan@semmelweis.hu Andrea Moln\u00e1rn\u00e9 Sz\u00e1nt\u00f3 secretary +36-20-670-1747 molnarne.szanto.andrea@semmelweis.hu &hellip;<\/p>\n","protected":false},"author":101470,"featured_media":0,"parent":985,"menu_order":3,"comment_status":"closed","ping_status":"closed","template":"template-fullwidth.php","meta":{"_acf_changed":false,"footnotes":""},"categories":[],"tags":[],"class_list":["post-974","page","type-page","status-publish","hentry"],"acf":[],"_links":{"self":[{"href":"https:\/\/semmelweis.hu\/oktatasmodszertan\/wp-json\/wp\/v2\/pages\/974","targetHints":{"allow":["GET"]}}],"collection":[{"href":"https:\/\/semmelweis.hu\/oktatasmodszertan\/wp-json\/wp\/v2\/pages"}],"about":[{"href":"https:\/\/semmelweis.hu\/oktatasmodszertan\/wp-json\/wp\/v2\/types\/page"}],"author":[{"embeddable":true,"href":"https:\/\/semmelweis.hu\/oktatasmodszertan\/wp-json\/wp\/v2\/users\/101470"}],"replies":[{"embeddable":true,"href":"https:\/\/semmelweis.hu\/oktatasmodszertan\/wp-json\/wp\/v2\/comments?post=974"}],"version-history":[{"count":11,"href":"https:\/\/semmelweis.hu\/oktatasmodszertan\/wp-json\/wp\/v2\/pages\/974\/revisions"}],"predecessor-version":[{"id":6283,"href":"https:\/\/semmelweis.hu\/oktatasmodszertan\/wp-json\/wp\/v2\/pages\/974\/revisions\/6283"}],"up":[{"embeddable":true,"href":"https:\/\/semmelweis.hu\/oktatasmodszertan\/wp-json\/wp\/v2\/pages\/985"}],"wp:attachment":[{"href":"https:\/\/semmelweis.hu\/oktatasmodszertan\/wp-json\/wp\/v2\/media?parent=974"}],"wp:term":[{"taxonomy":"category","embeddable":true,"href":"https:\/\/semmelweis.hu\/oktatasmodszertan\/wp-json\/wp\/v2\/categories?post=974"},{"taxonomy":"post_tag","embeddable":true,"href":"https:\/\/semmelweis.hu\/oktatasmodszertan\/wp-json\/wp\/v2\/tags?post=974"}],"curies":[{"name":"wp","href":"https:\/\/api.w.org\/{rel}","templated":true}]}}