{"id":914,"date":"2019-05-07T10:37:46","date_gmt":"2019-05-07T08:37:46","guid":{"rendered":"http:\/\/semmelweis.hu\/oktatasmodszertan\/?page_id=914"},"modified":"2026-01-20T11:20:05","modified_gmt":"2026-01-20T10:20:05","slug":"konzultacio","status":"publish","type":"page","link":"https:\/\/semmelweis.hu\/oktatasmodszertan\/kepzesek\/konzultacio\/","title":{"rendered":"Egy\u00e9ni konzult\u00e1ci\u00f3"},"content":{"rendered":"<p>Az <strong>egyedi fejleszt\u00e9sek<\/strong> t\u00e1mogat\u00e1s\u00e1t az eddig megszokott m\u00f3don, egy\u00e9ni megkeres\u00e9sre v\u00e1llaljuk. V\u00e1rjuk oktat\u00f3k, kisebb oktat\u00f3i teamek jelentkez\u00e9s\u00e9t egy-egy konkr\u00e9t fejleszt\u00e9s\u00fck kapcs\u00e1n, <u>egy\u00e9ni konzult\u00e1ci\u00f3<\/u> form\u00e1j\u00e1ban, illetve v\u00e1llaljuk <span style=\"text-decoration: underline\">tansz\u00e9ki vagy kari szint\u0171<\/span> \u00e1tfog\u00f3 fejleszt\u00e9sek t\u00e1mogat\u00e1s\u00e1t is.<\/p>\n<p>Foglaljon napt\u00e1runkban egy vagy t\u00f6bb alkalmat, melyet teamj\u00fckkel oktat\u00e1sfejleszt\u00e9sre sz\u00e1nnak. A foglal\u00e1s ut\u00e1n felvessz\u00fck \u00d6nnel a kapcsolatot a r\u00e9szletek egyeztet\u00e9se c\u00e9lj\u00e1b\u00f3l.<\/p>\n<p><strong><em>Kapcsolat:<\/em> Kozma Borb\u00e1la &#8211; <\/strong><a href=\"mailto:kozma.borbala@med.semmelweis-univ.hu\" target=\"_blank\" rel=\"noopener noreferrer\">kozma.borbala@semmelweis.hu<\/a><\/p>\n<p>&nbsp;<\/p>\n<p><iframe loading=\"lazy\" src=\"https:\/\/outlook.office.com\/book\/Hzhozmegynk@unisemmelweis.onmicrosoft.com\/?ismsaljsauthenabled\" width=\"100%\" height=\"800\"><span data-mce-type=\"bookmark\" style=\"width: 0px;overflow: hidden;line-height: 0\" class=\"mce_SELRES_start\">\ufeff<\/span><\/iframe><\/p>\n","protected":false},"excerpt":{"rendered":"<p>Fels\u0151oktat\u00e1s-pedag\u00f3giai szak\u00e9rt\u0151nk ig\u00e9ny szerint \u00fatmutat\u00e1st ny\u00fajt a probl\u00e9m\u00e1k kezel\u00e9s\u00e9hez, \u00faj megold\u00e1sok alkalmaz\u00e1s\u00e1hoz vagy \u00f3ral\u00e1togat\u00e1s alapj\u00e1n visszajelz\u00e9st ny\u00fajt az oktat\u00f3nak.<\/p>\n","protected":false},"author":101470,"featured_media":0,"parent":5806,"menu_order":5,"comment_status":"closed","ping_status":"closed","template":"","meta":{"_acf_changed":false,"footnotes":""},"categories":[],"tags":[],"class_list":["post-914","page","type-page","status-publish","hentry"],"acf":[],"_links":{"self":[{"href":"https:\/\/semmelweis.hu\/oktatasmodszertan\/wp-json\/wp\/v2\/pages\/914","targetHints":{"allow":["GET"]}}],"collection":[{"href":"https:\/\/semmelweis.hu\/oktatasmodszertan\/wp-json\/wp\/v2\/pages"}],"about":[{"href":"https:\/\/semmelweis.hu\/oktatasmodszertan\/wp-json\/wp\/v2\/types\/page"}],"author":[{"embeddable":true,"href":"https:\/\/semmelweis.hu\/oktatasmodszertan\/wp-json\/wp\/v2\/users\/101470"}],"replies":[{"embeddable":true,"href":"https:\/\/semmelweis.hu\/oktatasmodszertan\/wp-json\/wp\/v2\/comments?post=914"}],"version-history":[{"count":10,"href":"https:\/\/semmelweis.hu\/oktatasmodszertan\/wp-json\/wp\/v2\/pages\/914\/revisions"}],"predecessor-version":[{"id":6188,"href":"https:\/\/semmelweis.hu\/oktatasmodszertan\/wp-json\/wp\/v2\/pages\/914\/revisions\/6188"}],"up":[{"embeddable":true,"href":"https:\/\/semmelweis.hu\/oktatasmodszertan\/wp-json\/wp\/v2\/pages\/5806"}],"wp:attachment":[{"href":"https:\/\/semmelweis.hu\/oktatasmodszertan\/wp-json\/wp\/v2\/media?parent=914"}],"wp:term":[{"taxonomy":"category","embeddable":true,"href":"https:\/\/semmelweis.hu\/oktatasmodszertan\/wp-json\/wp\/v2\/categories?post=914"},{"taxonomy":"post_tag","embeddable":true,"href":"https:\/\/semmelweis.hu\/oktatasmodszertan\/wp-json\/wp\/v2\/tags?post=914"}],"curies":[{"name":"wp","href":"https:\/\/api.w.org\/{rel}","templated":true}]}}