{"id":796,"date":"2019-03-26T10:38:10","date_gmt":"2019-03-26T09:38:10","guid":{"rendered":"http:\/\/semmelweis.hu\/oktatasmodszertan\/?page_id=796"},"modified":"2024-07-26T16:00:03","modified_gmt":"2024-07-26T14:00:03","slug":"jogi-kerdesek","status":"publish","type":"page","link":"https:\/\/semmelweis.hu\/oktatasmodszertan\/oktatasi-segedanyagok\/jogi-kerdesek\/","title":{"rendered":"Gyakori k\u00e9rd\u00e9sek"},"content":{"rendered":"<table>\n<tbody>\n<tr>\n<td style=\"width: 690px\"><span style=\"font-size: 14pt\"><strong>El lehet-e sz\u00e1molni kontakt\u00f3rak\u00e9nt az elektronikus \u00faton (pl. Moodle-ben) megtartott konzult\u00e1ci\u00f3t?<\/strong><\/span><\/td>\n<\/tr>\n<tr>\n<td style=\"width: 690px\">\n<p><span style=\"font-size: 18.6667px\">Igen. Az elektronikus \u00faton megtartott konzult\u00e1ci\u00f3k mint az oktat\u00f3 szem\u00e9lyes k\u00f6zrem\u0171k\u00f6d\u00e9s\u00e9t ig\u00e9nyl\u0151 foglalkoz\u00e1sok tan\u00f3r\u00e1nak (kontakt\u00f3r\u00e1nak) sz\u00e1m\u00edtanak. A fels\u0151oktat\u00e1si t\u00f6rv\u00e9ny alapj\u00e1n bele kell \u0151ket sz\u00e1m\u00edtani az oktat\u00f3 sz\u00e1m\u00e1ra el\u0151\u00edrt tan\u00edt\u00e1sra ford\u00edtott id\u0151be.<\/span><\/p>\n<div class=\"exp-col-content-holder\"><a class=\"expand-cnt-link\" href=\"#\">R\u00e9szletek<\/a><\/p>\n<div class=\"hidden-content\">\n<p><strong>2011. \u00e9vi CCIV. t\u00f6rv\u00e9ny a nemzeti fels\u0151oktat\u00e1sr\u00f3l<\/strong><\/p>\n<p>108. \u00a7 41.\u00a0<strong>tan\u00f3ra [kontakt\u00f3ra]:<\/strong> a tantervben meghat\u00e1rozott tanulm\u00e1nyi k\u00f6vetelm\u00e9nyek teljes\u00edt\u00e9s\u00e9hez az oktat\u00f3 szem\u00e9lyes k\u00f6zrem\u0171k\u00f6d\u00e9s\u00e9t ig\u00e9nyl\u0151 foglalkoz\u00e1s (el\u0151ad\u00e1s, szemin\u00e1rium, gyakorlat, konzult\u00e1ci\u00f3), amelynek id\u0151tartama legal\u00e1bb negyven\u00f6t, legfeljebb hatvan perc.<\/p>\n<p>26. \u00a7 (1) Az oktat\u00f3 a heti teljes munkaidej\u00e9b\u0151l \u2013 k\u00e9t egym\u00e1st k\u00f6vet\u0151 tanulm\u00e1nyi f\u00e9l\u00e9v \u00e1tlag\u00e1ban \u2013 egyetemi vagy f\u0151iskolai tan\u00e1ri munkak\u00f6rben legal\u00e1bb heti nyolc, docensi munkak\u00f6rben legal\u00e1bb heti t\u00edz, adjunktus, tan\u00e1rseg\u00e9d \u00e9s mesteroktat\u00f3 munkak\u00f6rben legal\u00e1bb heti tizenk\u00e9t \u00f3r\u00e1t k\u00f6teles a hallgat\u00f3k felk\u00e9sz\u00edt\u00e9s\u00e9t szolg\u00e1l\u00f3 el\u0151ad\u00e1s, szemin\u00e1rium, gyakorlat, konzult\u00e1ci\u00f3 megtart\u00e1s\u00e1ra (a tov\u00e1bbiakban: tan\u00edt\u00e1sra ford\u00edtott id\u0151) ford\u00edtani.<\/p>\n<p>(2) A munk\u00e1ltat\u00f3 <strong>a tan\u00edt\u00e1sra ford\u00edtott id\u0151t<\/strong> \u2013 a foglalkoztat\u00e1si k\u00f6vetelm\u00e9nyrendszerben meghat\u00e1rozottak szerint \u2013 legfeljebb negyven sz\u00e1zal\u00e9kkal megemelheti, illetve legfeljebb huszon\u00f6t sz\u00e1zal\u00e9kkal cs\u00f6kkentheti. A tan\u00edt\u00e1si id\u0151 meghat\u00e1roz\u00e1s\u00e1nak elveit a <strong>foglalkoztat\u00e1si k\u00f6vetelm\u00e9nyrendszerben<\/strong> kell meghat\u00e1rozni. A cs\u00f6kkent\u00e9s, emel\u00e9s \u00f6sszef\u00fcgg\u0151 id\u0151tartama legfeljebb k\u00e9t f\u00e9l\u00e9vre sz\u00f3lhat..<\/p>\n<ol start=\"108\">\n<li>\u00a7 23. pont:<\/li>\n<\/ol>\n<ul>\n<li>\u201e23. <strong>konzult\u00e1ci\u00f3:<\/strong> a fels\u0151oktat\u00e1si int\u00e9zm\u00e9ny oktat\u00f3ja \u00e1ltal a hallgat\u00f3 r\u00e9sz\u00e9re biztos\u00edtott szem\u00e9lyes megbesz\u00e9l\u00e9s lehet\u0151s\u00e9ge, <strong>ide\u00e9rtve az elektronikus \u00faton t\u00f6rt\u00e9n\u0151 kommunik\u00e1ci\u00f3t is\u201d (hat\u00e1lyos: 2018. december 18-t\u00f3l)<\/strong><\/li>\n<\/ul>\n<\/div>\n<\/div>\n<\/td>\n<\/tr>\n<\/tbody>\n<\/table>\n<p>&nbsp;<\/p>\n<table>\n<tbody>\n<tr>\n<td style=\"width: 690px\"><span style=\"font-size: 14pt\"><strong>K\u00f6zz\u00e9 lehet-e tenni az oktat\u00f3k \u00e1ltal k\u00e9sz\u00edtett diasorokat, prezent\u00e1ci\u00f3kat az egyetemi honlapokon, ak\u00e1r az oktat\u00f3k beleegyez\u00e9se n\u00e9lk\u00fcl is?<\/strong><\/span><\/td>\n<\/tr>\n<tr>\n<td style=\"width: 690px\">\n<p><span style=\"font-size: 14pt\">Igen. Az oktat\u00f3k \u00e1ltal k\u00e9sz\u00edtett diasorok, prezent\u00e1ci\u00f3k mint egy\u00e9ni-eredeti m\u0171vek szerz\u0151i jogi v\u00e9delem al\u00e1 esnek. A<span style=\"font-family: inherit\">\u00a0<\/span><span style=\"font-family: inherit\">szerz\u0151i jogi t\u00f6rv\u00e9ny azonban<\/span><span style=\"font-family: inherit\"> kimondja, hogy ha a m\u0171 elk\u00e9sz\u00edt\u00e9se a szerz\u0151 munkaviszonyb\u00f3l foly\u00f3 k\u00f6teless\u00e9ge, \u00e1tad\u00e1sa a nyilv\u00e1noss\u00e1gra hozatalhoz val\u00f3 hozz\u00e1j\u00e1rul\u00e1snak min\u0151s\u00fcl. E rendelkez\u00e9s lehet\u0151v\u00e9 teszi az oktat\u00f3i diasorok k\u00f6zz\u00e9t\u00e9tel\u00e9t az egyetemi honlapokon, az oktat\u00f3 k\u00fcl\u00f6n beleegyez\u00e9se n\u00e9lk\u00fcl is.<\/span><\/span><\/p>\n<div class=\"exp-col-content-holder\"><a class=\"expand-cnt-link\" href=\"#\">R\u00e9szletek<\/a><\/p>\n<div class=\"hidden-content\">\n<p>A szerz\u0151i jogr\u00f3l sz\u00f3l\u00f3 1999. \u00e9vi LXXVI. t\u00f6rv\u00e9ny (Szjt.) 1. \u00a7 (2) alapj\u00e1n szerz\u0151i jogi v\u00e9delem al\u00e1 tartozik\u00a0\u2013 f\u00fcggetlen\u00fcl att\u00f3l, hogy e t\u00f6rv\u00e9ny megnevezi-e \u2013 a tudom\u00e1ny minden alkot\u00e1sa. A t\u00f6rv\u00e9ny p\u00e9ld\u00e1l\u00f3z\u00f3 jelleggel megeml\u00edt n\u00e9h\u00e1ny, szerz\u0151i jogi oltalom al\u00e1 es\u0151 alkot\u00e1st (k\u00f6zt\u00fck a nyilv\u00e1nosan tartott besz\u00e9det is), azonban ez nem jelent kimer\u00edt\u0151 felsorol\u00e1st. A (3) bekezd\u00e9s alapj\u00e1n\u00a0a szerz\u0151i jogi v\u00e9delem felt\u00e9tele, hogy az\u00a0alkot\u00e1snak egy\u00e9ni, eredeti jelleggel kell b\u00edrnia.\u00a0<strong>Az egyetemi oktat\u00f3k \u00e1ltal k\u00e9sz\u00edtett diasorok, prezent\u00e1ci\u00f3k, valamint az \u00e1ltaluk tartott el\u0151ad\u00e1sok teh\u00e1t szerz\u0151i jogi v\u00e9delem al\u00e1 esnek.<\/strong><\/p>\n<p>A t\u00f6rv\u00e9ny 30.\u00a7 (1) bekezd\u00e9s alapj\u00e1n, elt\u00e9r\u0151 meg\u00e1llapod\u00e1s hi\u00e1ny\u00e1ban a<strong>\u00a0m\u0171 \u00e1tad\u00e1s\u00e1val a vagyoni jogokat a szerz\u0151 jogut\u00f3djak\u00e9nt a munk\u00e1ltat\u00f3 szerzi meg, ha a m\u0171 elk\u00e9sz\u00edt\u00e9se a szerz\u0151 munkaviszonyb\u00f3l foly\u00f3 k\u00f6teless\u00e9ge.<\/strong>\u00a0\u00a0A (7) bekezd\u00e9s szerint az (1) bekezd\u00e9sben foglaltakat\u00a0megfelel\u0151en alkalmazni kell, ha k\u00f6zszolg\u00e1lati, korm\u00e1nyzati szolg\u00e1lati, \u00e1llami szolg\u00e1lati vagy\u00a0<strong>k\u00f6zalkalmazotti<\/strong>\u00a0jogviszonyban \u00e1ll\u00f3 vagy szolg\u00e1lati viszonyban foglalkoztatott szem\u00e9ly, vagy munkaviszony jelleg\u0171 jogviszony keret\u00e9ben foglalkoztatott sz\u00f6vetkezeti tag alkotta meg a m\u0171vet. Az (5) bekezd\u00e9s alapj\u00e1n,\u00a0<strong>ha a m\u0171 elk\u00e9sz\u00edt\u00e9se a szerz\u0151nek munkaviszonyb\u00f3l foly\u00f3 k\u00f6teless\u00e9ge, a m\u0171 \u00e1tad\u00e1sa a nyilv\u00e1noss\u00e1gra hozatalhoz val\u00f3 hozz\u00e1j\u00e1rul\u00e1snak min\u0151s\u00fcl.\u00a0E rendelkez\u00e9s lehet\u0151v\u00e9 teszi a diasorok, prezent\u00e1ci\u00f3k, el\u0151ad\u00e1sok az Egyetem honlapj\u00e1n t\u00f6rt\u00e9n\u0151 k\u00f6zz\u00e9t\u00e9tel\u00e9t, bizonyos felt\u00e9telekkel.<\/strong><\/p>\n<p><strong>A nyilv\u00e1noss\u00e1gra hozatal sor\u00e1n figyelemmel kell lenni a szerz\u0151 szem\u00e9lyhez f\u0171z\u0151d\u0151 jogaira\u00a0(Szjt. 10-13. \u00a7), a fentebb le\u00edrtak figyelembev\u00e9tel\u00e9vel.\u00a0<\/strong>\u00cdgy\u00a0a szerz\u0151t megilleti a szerz\u0151k\u00e9nt val\u00f3 felt\u00fcntet\u00e9s joga, valamint a m\u0171 egys\u00e9g\u00e9nek v\u00e9delme &#8211;\u00a0a szerz\u0151 szem\u00e9lyhez f\u0171z\u0151d\u0151 jog\u00e1t s\u00e9rti m\u0171v\u00e9nek mindenfajta eltorz\u00edt\u00e1sa, megcsonk\u00edt\u00e1sa, vagy a m\u0171 m\u00e1s olyan megv\u00e1ltoztat\u00e1sa vagy a m\u0171vel kapcsolatos m\u00e1s olyan vissza\u00e9l\u00e9s, amely a szerz\u0151 becs\u00fclet\u00e9re vagy h\u00edrnev\u00e9re s\u00e9relmes.\u00a0\u00a0A m\u00e1r id\u00e9zett 30. \u00a7 (5) bekezd\u00e9s alapj\u00e1n\u00a0a m\u0171 visszavon\u00e1s\u00e1ra ir\u00e1nyul\u00f3 szerz\u0151i nyilatkozat (11. \u00a7) eset\u00e9n a munk\u00e1ltat\u00f3 k\u00f6teles a szerz\u0151 nev\u00e9nek felt\u00fcntet\u00e9s\u00e9t mell\u0151zni. Ugyancsak mell\u0151zni kell a szerz\u0151 k\u00e9r\u00e9s\u00e9re nev\u00e9nek felt\u00fcntet\u00e9s\u00e9t akkor is, ha a m\u0171v\u00f6n a munk\u00e1ltat\u00f3 a munkaviszonyb\u00f3l ered\u0151 jogaival \u00e9lve v\u00e1ltoztat, de a v\u00e1ltoztat\u00e1ssal a szerz\u0151 nem \u00e9rt egyet.<\/p>\n<p><strong>A szerz\u0151 munkaviszonyb\u00f3l foly\u00f3 k\u00f6teless\u00e9ge teljes\u00edt\u00e9sek\u00e9nt megalkotott m\u0171vel kapcsolatos jognyilatkozatokat \u00edr\u00e1sba kell foglalni.<\/strong><\/p>\n<p><em><strong>Forr\u00e1s: Jogi \u00e9s Igazgat\u00f3s\u00e1gi F\u0151igazgat\u00f3s\u00e1g, Semmelweis Egyetem<\/strong><\/em><\/p>\n<\/div>\n<\/div>\n<\/td>\n<\/tr>\n<\/tbody>\n<\/table>\n<p>&nbsp;<\/p>\n<table>\n<tbody>\n<tr>\n<td style=\"width: 690px\"><span style=\"font-size: 14pt\"><strong>K\u00f6teles-e az oktat\u00f3 ellen\u0151rizni a hallgat\u00f3 szem\u00e9lyazonoss\u00e1g\u00e1t vizsg\u00e1z\u00e1sn\u00e1l?<\/strong><\/span><\/td>\n<\/tr>\n<tr>\n<td style=\"width: 690px\">\n<p><span style=\"font-size: 18.6667px\">Igen. A vizsg\u00e1n a hallgat\u00f3 szem\u00e9lyazonoss\u00e1g\u00e1t b\u00e1rmely szem\u00e9lyazonoss\u00e1g igazol\u00e1s\u00e1ra alkalmas, f\u00e9nyk\u00e9pet \u00e9s al\u00e1\u00edr\u00e1st egyidej\u0171leg tartalmaz\u00f3 okm\u00e1nnyal igazolhatja. A vizsg\u00e1r\u00f3l ezen k\u00edv\u00fcl vizsgalapot kell felvenni, mely t\u00f6bbek k\u00f6z\u00f6tt tartalmazza a hallgat\u00f3i azonos\u00edt\u00f3 sz\u00e1mot is.<\/span><\/p>\n<div class=\"exp-col-content-holder\"><a class=\"expand-cnt-link\" href=\"#\">R\u00e9szletek<\/a><\/p>\n<div class=\"hidden-content\">\n<p><strong>A Semmelweis Egyetem Szervezeti \u00e9s M\u0171k\u00f6d\u00e9si Szab\u00e1lyzata<br \/>\nIII. k\u00f6nyv &#8211; Hallgat\u00f3i K\u00f6vetelm\u00e9nyrendszer, III.2. r\u00e9sz &#8211; Tanulm\u00e1nyi \u00e9s Vizsgaszab\u00e1lyzat<\/strong><\/p>\n<p>34. \u00a7 (8) A hallgat\u00f3 a szem\u00e9lyazonoss\u00e1ga igazol\u00e1sa n\u00e9lk\u00fcl nem vizsg\u00e1zhat. A vizsg\u00e1n a hallgat\u00f3 szem\u00e9lyazonoss\u00e1g\u00e1t <b>b\u00e1rmely szem\u00e9lyazonoss\u00e1g igazol\u00e1s\u00e1ra alkalmas, f\u00e9nyk\u00e9pet \u00e9s al\u00e1\u00edr\u00e1st egyidej\u0171leg tartalmaz\u00f3 okm\u00e1nnyal\u00a0<\/b>igazolhatja.<\/p>\n<div>Amennyiben a hallgat\u00f3 a szem\u00e9lyazonoss\u00e1g\u00e1t a fenti m\u00f3don nem tudja igazolni a vizsgalapra, a NEPTUN EFTR-be \u201enem jelent meg\u201d bejegyz\u00e9s ker\u00fcl, ami az adott t\u00e1rgyb\u00f3l a vizsgalehet\u0151s\u00e9gek sz\u00e1m\u00e1t nem cs\u00f6kkenti, de a hallgat\u00f3 a t\u00e9r\u00edt\u00e9si \u00e9s juttat\u00e1si szab\u00e1lyzatban meghat\u00e1rozott vizsgaszervez\u00e9si adminisztr\u00e1ci\u00f3s d\u00edj megfizet\u00e9s\u00e9re k\u00f6teles.<\/div>\n<div>\u00a0<\/div>\n<div>\n<div>30. \u00a7 (8) <span style=\"font-family: inherit;font-size: inherit\">A vizsg\u00e1r\u00f3l \u2013 a kombin\u00e1lt vizsga r\u00e9szvizsg\u00e1j\u00e1t is ide \u00e9rtve \u2013 <strong>vizsgalapot<\/strong> kell felvenni, <\/span><span style=\"font-family: inherit;font-size: inherit\">mely tartalmazza:<\/span><\/div>\n<div>\n<div>a) az adott tan\u00e9v f\u00e9l\u00e9v\u00e9nek megjel\u00f6l\u00e9s\u00e9t,<\/div>\n<div>b) a tant\u00e1rgy, tantervi egys\u00e9g megnevez\u00e9s\u00e9t, k\u00f3dj\u00e1t,<\/div>\n<div>c) a vizsga id\u0151pontj\u00e1t,<\/div>\n<div>d) a vizsg\u00e1ztat\u00f3 oktat\u00f3 nev\u00e9t,<\/div>\n<div>e) a vizsg\u00e1ztat\u00f3 oktat\u00f3 oktat\u00f3i azonos\u00edt\u00f3 sz\u00e1m\u00e1t \u00e9s al\u00e1\u00edr\u00e1s\u00e1t,<\/div>\n<div>f) a vizsg\u00e1ra jelentkezett hallgat\u00f3 nev\u00e9t,\u00a0<b>hallgat\u00f3i azonos\u00edt\u00f3 sz\u00e1m\u00e1t,<\/b>\u00a0\u00e9s<\/div>\n<div>g) a vizsga \u00e9rt\u00e9kel\u00e9s\u00e9t, a keltez\u00e9st.<\/div>\n<div><\/p>\n<p>&nbsp;<\/p>\n<p><strong>87\/2015. (IV. 9.) Korm. rendelet a nemzeti fels\u0151oktat\u00e1sr\u00f3l sz\u00f3l\u00f3 2011. \u00e9vi CCIV. t\u00f6rv\u00e9ny egyes rendelkez\u00e9seinek v\u00e9grehajt\u00e1s\u00e1r\u00f3l<\/p>\n<p><\/strong>32. \u00a7 (1) Annak a hallgat\u00f3i, doktorjel\u00f6lti jogviszonyt els\u0151 alkalommal l\u00e9tes\u00edt\u0151 szem\u00e9lynek, aki nem rendelkezik tanul\u00f3i vagy hallgat\u00f3i azonos\u00edt\u00f3 sz\u00e1mmal, a Hivatal a FIR-be val\u00f3 bejelent\u00e9st\u0151l sz\u00e1m\u00edtott tizen\u00f6t napon bel\u00fcl <strong>hallgat\u00f3i azonos\u00edt\u00f3 sz\u00e1mot<\/strong> hoz l\u00e9tre, amelyr\u0151l a fels\u0151oktat\u00e1si int\u00e9zm\u00e9nyt a FIR-en kereszt\u00fcl \u00e9rtes\u00edti.<\/p>\n<p>(2) Annak a hallgat\u00f3i, doktorjel\u00f6lti jogviszonyt l\u00e9tes\u00edt\u0151 szem\u00e9lynek, aki rendelkezik tanul\u00f3i vagy hallgat\u00f3i azonos\u00edt\u00f3 sz\u00e1mmal, \u00fajabb azonos\u00edt\u00f3 sz\u00e1m nem adhat\u00f3 ki. <strong>Aki rendelkezik tanul\u00f3i azonos\u00edt\u00f3 sz\u00e1mmal, annak a hallgat\u00f3i azonos\u00edt\u00f3 sz\u00e1ma megegyezik a tanul\u00f3i azonos\u00edt\u00f3 sz\u00e1m\u00e1val.<\/strong><\/div>\n<\/div>\n<\/div>\n<\/div>\n<\/div>\n<\/td>\n<\/tr>\n<\/tbody>\n<\/table>\n<p><em style=\"font-size: 1rem\"><br \/>\nT\u00e1j\u00e9koztatjuk az oktat\u00f3 koll\u00e9g\u00e1kat, hogy hivatalos \u00e1ll\u00e1spontot jogi k\u00e9rd\u00e9sekben csak a Jogi \u00e9s Igazgat\u00e1si F\u0151igazgat\u00f3s\u00e1g biztos\u00edthat, a fenti \u00fatmutat\u00e1s csup\u00e1n t\u00e1mpontul szolg\u00e1l a felmer\u00fclt k\u00e9rd\u00e9sekkel kapcsolatban.<\/em><\/p>\n","protected":false},"excerpt":{"rendered":"<p>El lehet-e sz\u00e1molni kontakt\u00f3rak\u00e9nt az elektronikus \u00faton (pl. Moodle-ben) megtartott konzult\u00e1ci\u00f3t? Igen. Az elektronikus \u00faton megtartott konzult\u00e1ci\u00f3k mint az oktat\u00f3 szem\u00e9lyes k\u00f6zrem\u0171k\u00f6d\u00e9s\u00e9t ig\u00e9nyl\u0151 foglalkoz\u00e1sok tan\u00f3r\u00e1nak (kontakt\u00f3r\u00e1nak) sz\u00e1m\u00edtanak. A fels\u0151oktat\u00e1si t\u00f6rv\u00e9ny alapj\u00e1n bele kell \u0151ket sz\u00e1m\u00edtani az oktat\u00f3 sz\u00e1m\u00e1ra el\u0151\u00edrt tan\u00edt\u00e1sra ford\u00edtott id\u0151be. <a class=\"expand-cnt-link\" href=\"#\">R\u00e9szletek<\/a> 2011. \u00e9vi CCIV. t\u00f6rv\u00e9ny a nemzeti fels\u0151oktat\u00e1sr\u00f3l 108. \u00a7 41.\u00a0tan\u00f3ra [kontakt\u00f3ra]: a tantervben &hellip;<\/p>\n","protected":false},"author":101470,"featured_media":0,"parent":462,"menu_order":4,"comment_status":"closed","ping_status":"closed","template":"","meta":{"_acf_changed":false,"footnotes":""},"categories":[],"tags":[],"class_list":["post-796","page","type-page","status-publish","hentry"],"acf":[],"_links":{"self":[{"href":"https:\/\/semmelweis.hu\/oktatasmodszertan\/wp-json\/wp\/v2\/pages\/796","targetHints":{"allow":["GET"]}}],"collection":[{"href":"https:\/\/semmelweis.hu\/oktatasmodszertan\/wp-json\/wp\/v2\/pages"}],"about":[{"href":"https:\/\/semmelweis.hu\/oktatasmodszertan\/wp-json\/wp\/v2\/types\/page"}],"author":[{"embeddable":true,"href":"https:\/\/semmelweis.hu\/oktatasmodszertan\/wp-json\/wp\/v2\/users\/101470"}],"replies":[{"embeddable":true,"href":"https:\/\/semmelweis.hu\/oktatasmodszertan\/wp-json\/wp\/v2\/comments?post=796"}],"version-history":[{"count":10,"href":"https:\/\/semmelweis.hu\/oktatasmodszertan\/wp-json\/wp\/v2\/pages\/796\/revisions"}],"predecessor-version":[{"id":5040,"href":"https:\/\/semmelweis.hu\/oktatasmodszertan\/wp-json\/wp\/v2\/pages\/796\/revisions\/5040"}],"up":[{"embeddable":true,"href":"https:\/\/semmelweis.hu\/oktatasmodszertan\/wp-json\/wp\/v2\/pages\/462"}],"wp:attachment":[{"href":"https:\/\/semmelweis.hu\/oktatasmodszertan\/wp-json\/wp\/v2\/media?parent=796"}],"wp:term":[{"taxonomy":"category","embeddable":true,"href":"https:\/\/semmelweis.hu\/oktatasmodszertan\/wp-json\/wp\/v2\/categories?post=796"},{"taxonomy":"post_tag","embeddable":true,"href":"https:\/\/semmelweis.hu\/oktatasmodszertan\/wp-json\/wp\/v2\/tags?post=796"}],"curies":[{"name":"wp","href":"https:\/\/api.w.org\/{rel}","templated":true}]}}