{"id":731,"date":"2019-05-06T10:40:59","date_gmt":"2019-05-06T08:40:59","guid":{"rendered":"http:\/\/semmelweis.hu\/oktatasmodszertan\/?page_id=731"},"modified":"2022-07-28T10:01:50","modified_gmt":"2022-07-28T08:01:50","slug":"feliratkozas-hirlevelre","status":"publish","type":"page","link":"https:\/\/semmelweis.hu\/oktatasmodszertan\/hirlevel\/feliratkozas-hirlevelre\/","title":{"rendered":"Feliratkoz\u00e1s a h\u00edrlev\u00e9lre"},"content":{"rendered":"<p>Az al\u00e1bbi h\u00edrlev\u00e9lre val\u00f3 feliratkoz\u00e1s ut\u00e1n az Oktat\u00e1sfejleszt\u00e9si, -m\u00f3dszertani \u00e9s -szervez\u00e9si K\u00f6zpont rendszeresen t\u00e1j\u00e9koztatja \u00d6nt az oktat\u00f3knak sz\u00f3l\u00f3 rendezv\u00e9nyekr\u0151l, k\u00e9pz\u00e9sekr\u0151l, valamint a honlapra felker\u00fclt leg\u00fajabb cikkekr\u0151l, ismertet\u0151kr\u0151l.<\/p>\n<p>A h\u00edrlev\u00e9lr\u0151l b\u00e1rmikor leiratkozhat <a href=\"https:\/\/semmelweis.hu\/oktatasmodszertan\/hirlevel\/leiratkozas-a-hirlevelrol\/\" target=\"_blank\" rel=\"noopener\">az al\u00e1bbi linkre<\/a> kattintva.<\/p>\n<p><a href=\"https:\/\/semmelweis.hu\/oktatasmodszertan\/files\/2020\/01\/adatkezelesi_tajekoztato_ofmszk.pdf\" target=\"_blank\" rel=\"noopener noreferrer\"><strong>Adatkezel\u00e9si t\u00e1j\u00e9koztat\u00f3<\/strong><\/a><\/p>\n\n<div class=\"wpcf7 no-js\" id=\"wpcf7-f730-o1\" lang=\"hu-HU\" dir=\"ltr\" data-wpcf7-id=\"730\">\n<div class=\"screen-reader-response\"><p role=\"status\" aria-live=\"polite\" aria-atomic=\"true\"><\/p> <ul><\/ul><\/div>\n<form action=\"\/oktatasmodszertan\/wp-json\/wp\/v2\/pages\/731#wpcf7-f730-o1\" method=\"post\" class=\"wpcf7-form init\" aria-label=\"Kapcsolatfelv\u00e9teli \u0171rlap\" novalidate=\"novalidate\" data-status=\"init\">\n<div style=\"display: none;\">\n<input type=\"hidden\" name=\"_wpcf7\" value=\"730\" \/>\n<input type=\"hidden\" name=\"_wpcf7_version\" value=\"6.0.5\" \/>\n<input type=\"hidden\" name=\"_wpcf7_locale\" value=\"hu_HU\" \/>\n<input type=\"hidden\" name=\"_wpcf7_unit_tag\" value=\"wpcf7-f730-o1\" \/>\n<input type=\"hidden\" name=\"_wpcf7_container_post\" value=\"0\" \/>\n<input type=\"hidden\" name=\"_wpcf7_posted_data_hash\" value=\"\" \/>\n<input type=\"hidden\" name=\"_wpcf7_recaptcha_response\" value=\"\" \/>\n<\/div>\n<p><label> N\u00e9v (k\u00f6telez\u0151)<br \/>\n<span class=\"wpcf7-form-control-wrap\" data-name=\"your-name\"><input size=\"40\" maxlength=\"400\" class=\"wpcf7-form-control wpcf7-text wpcf7-validates-as-required\" aria-required=\"true\" aria-invalid=\"false\" value=\"\" type=\"text\" name=\"your-name\" \/><\/span> <\/label>\n<\/p>\n<p><label> E-mail-c\u00edm (k\u00f6telez\u0151)<br \/>\n<span class=\"wpcf7-form-control-wrap\" data-name=\"your-email\"><input size=\"40\" maxlength=\"400\" class=\"wpcf7-form-control wpcf7-email wpcf7-validates-as-required wpcf7-text wpcf7-validates-as-email\" aria-required=\"true\" aria-invalid=\"false\" value=\"\" type=\"email\" name=\"your-email\" \/><\/span> <\/label>\n<\/p>\n<p><span class=\"wpcf7-form-control-wrap\" data-name=\"acceptance-665\"><span class=\"wpcf7-form-control wpcf7-acceptance\"><span class=\"wpcf7-list-item\"><label><input type=\"checkbox\" name=\"acceptance-665\" value=\"1\" aria-invalid=\"false\" \/><span class=\"wpcf7-list-item-label\">Elolvastam \u00e9s elfogadom az adatkezel\u00e9si t\u00e1j\u00e9koztat\u00f3t.<\/span><\/label><\/span><\/span><\/span>\n<\/p>\n<p><input class=\"wpcf7-form-control wpcf7-submit has-spinner\" type=\"submit\" value=\"K\u00fcld\u00e9s\" \/>\n<\/p><div class=\"wpcf7-response-output\" aria-hidden=\"true\"><\/div>\n<\/form>\n<\/div>\n\n","protected":false},"excerpt":{"rendered":"<p>Az al\u00e1bbi h\u00edrlev\u00e9lre val\u00f3 feliratkoz\u00e1s ut\u00e1n az Oktat\u00e1sfejleszt\u00e9si, -m\u00f3dszertani \u00e9s -szervez\u00e9si K\u00f6zpont rendszeresen t\u00e1j\u00e9koztatja \u00d6nt az oktat\u00f3knak sz\u00f3l\u00f3 rendezv\u00e9nyekr\u0151l, k\u00e9pz\u00e9sekr\u0151l, valamint a honlapra felker\u00fclt leg\u00fajabb cikkekr\u0151l, ismertet\u0151kr\u0151l.<br \/>\nA h\u00edrlev\u00e9lr\u0151l b\u00e1rmikor leiratkozhat <a href=\"https:\/\/semmelweis.hu\/oktatasmodszertan\/hirlevel\/leiratkozas-a-hirlevelrol\/\" target=\"_blank\" rel=\"noopener\">az al\u00e1bbi linkre<\/a> kattintva.<br \/>\n<a href=\"https:\/\/semmelweis.hu\/oktatasmodszertan\/files\/2020\/01\/adatkezelesi_tajekoztato_ofmszk.pdf\" target=\"_blank\" rel=\"noopener noreferrer\">Adatkezel\u00e9si t\u00e1j\u00e9koztat\u00f3<\/a><\/p>\n","protected":false},"author":101470,"featured_media":0,"parent":3436,"menu_order":1,"comment_status":"closed","ping_status":"closed","template":"","meta":{"_acf_changed":false,"footnotes":""},"categories":[],"tags":[],"class_list":["post-731","page","type-page","status-publish","hentry"],"acf":[],"_links":{"self":[{"href":"https:\/\/semmelweis.hu\/oktatasmodszertan\/wp-json\/wp\/v2\/pages\/731","targetHints":{"allow":["GET"]}}],"collection":[{"href":"https:\/\/semmelweis.hu\/oktatasmodszertan\/wp-json\/wp\/v2\/pages"}],"about":[{"href":"https:\/\/semmelweis.hu\/oktatasmodszertan\/wp-json\/wp\/v2\/types\/page"}],"author":[{"embeddable":true,"href":"https:\/\/semmelweis.hu\/oktatasmodszertan\/wp-json\/wp\/v2\/users\/101470"}],"replies":[{"embeddable":true,"href":"https:\/\/semmelweis.hu\/oktatasmodszertan\/wp-json\/wp\/v2\/comments?post=731"}],"version-history":[{"count":10,"href":"https:\/\/semmelweis.hu\/oktatasmodszertan\/wp-json\/wp\/v2\/pages\/731\/revisions"}],"predecessor-version":[{"id":3698,"href":"https:\/\/semmelweis.hu\/oktatasmodszertan\/wp-json\/wp\/v2\/pages\/731\/revisions\/3698"}],"up":[{"embeddable":true,"href":"https:\/\/semmelweis.hu\/oktatasmodszertan\/wp-json\/wp\/v2\/pages\/3436"}],"wp:attachment":[{"href":"https:\/\/semmelweis.hu\/oktatasmodszertan\/wp-json\/wp\/v2\/media?parent=731"}],"wp:term":[{"taxonomy":"category","embeddable":true,"href":"https:\/\/semmelweis.hu\/oktatasmodszertan\/wp-json\/wp\/v2\/categories?post=731"},{"taxonomy":"post_tag","embeddable":true,"href":"https:\/\/semmelweis.hu\/oktatasmodszertan\/wp-json\/wp\/v2\/tags?post=731"}],"curies":[{"name":"wp","href":"https:\/\/api.w.org\/{rel}","templated":true}]}}