{"id":685,"date":"2019-02-13T14:55:16","date_gmt":"2019-02-13T13:55:16","guid":{"rendered":"http:\/\/semmelweis.hu\/oktatasmodszertan\/?page_id=685"},"modified":"2025-10-13T15:43:40","modified_gmt":"2025-10-13T13:43:40","slug":"kepzesi-lehetosegek","status":"publish","type":"page","link":"https:\/\/semmelweis.hu\/oktatasmodszertan\/kepzesek\/kepzesi-lehetosegek\/","title":{"rendered":"K\u00fcls\u0151 k\u00e9pz\u00e9sek"},"content":{"rendered":"<div class=\"responsive-tabs\">\n<h2 class=\"tabtitle\">Tanfolyamok<\/h2>\n<div class=\"tabcontent\">\n\n<p><strong><span style=\"font-size: 18pt\">Online \u00e9s blended kurzusok az EuniWell k\u00edn\u00e1lat\u00e1ban<\/span><\/strong><\/p>\n<p data-prosemirror-content-type=\"node\" data-prosemirror-node-name=\"paragraph\" data-prosemirror-node-block=\"true\" data-pm-slice=\"1 1 []\"><img loading=\"lazy\" decoding=\"async\" class=\"alignleft  wp-image-2737\" src=\"https:\/\/semmelweis.hu\/oktatasmodszertan\/files\/2021\/03\/euniwell-logo.png\" alt=\"\" width=\"121\" height=\"104\" \/><\/p>\n<p><strong>\u00a0Id\u0151pont: <\/strong>az adott kurzus beoszt\u00e1sa szerint<\/p>\n<p><strong>\u00a0Honlap \u00e9s jelentkez\u00e9s:<\/strong><\/p>\n<p><a href=\"https:\/\/www.euniwell.eu\/what-we-offer\/courses-and-training\" target=\"_blank\" rel=\"noopener noreferrer\">\u00a0https:\/\/www.euniwell.eu\/what-we-offer\/courses-and-training<\/a><\/p>\n<p data-prosemirror-content-type=\"node\" data-prosemirror-node-name=\"paragraph\" data-prosemirror-node-block=\"true\" data-pm-slice=\"1 1 []\">A \u201eEuropean University for Well-being\u201d egy t\u00f6bb eur\u00f3pai egyetemb\u0151l \u00e1ll\u00f3 sz\u00f6vets\u00e9g, melynek c\u00e9lja, hogy a partneregyetemek olyan k\u00f6z\u00f6s projektekben vegyenek r\u00e9szt, melyek multidiszciplin\u00e1ris megk\u00f6zel\u00edt\u00e9sben, hallgat\u00f3kkal, c\u00e9gekkel \u00e9s a non-profit szf\u00e9r\u00e1val egy\u00fcttm\u0171k\u00f6d\u00e9sben k\u00e9pesek n\u00f6velni a t\u00e1rsadalmi j\u00f3ll\u00e9tet.<\/p>\n<p data-prosemirror-content-type=\"node\" data-prosemirror-node-name=\"paragraph\" data-prosemirror-node-block=\"true\" data-pm-slice=\"1 1 []\">Az egyetemi sz\u00f6vets\u00e9g sz\u00e9lesk\u00f6r\u0171, ingyenesen el\u00e9rhet\u0151 online \u00e9s blended kurzusokat is k\u00edn\u00e1l az egyetemi polg\u00e1roknak a j\u00f3ll\u00e9ttel \u00f6sszef\u00fcgg\u00e9sben. Az oktat\u00f3k sz\u00e1m\u00e1ra p\u00e9ld\u00e1ul sz\u00e1mos k\u00e9pz\u00e9si lehet\u0151s\u00e9g \u00e1ll nyitva a digit\u00e1lis oktat\u00e1s, az inkl\u00fazi\u00f3 vagy az interkulturalit\u00e1s t\u00e9mak\u00f6r\u00e9ben.<\/p>\n<p>&nbsp;<\/p>\n<p><strong><span style=\"font-size: 18pt\">&#8222;Elements of AI&#8221;- Mesters\u00e9ges intelligencia online kurzus ingyenesen<\/span><\/strong><\/p>\n<p><img loading=\"lazy\" decoding=\"async\" class=\"alignleft  wp-image-1409\" src=\"https:\/\/semmelweis.hu\/oktatasmodszertan\/files\/2020\/01\/ai_course.png\" alt=\"\" width=\"342\" height=\"202\" srcset=\"https:\/\/semmelweis.hu\/oktatasmodszertan\/files\/2020\/01\/ai_course.png 775w, https:\/\/semmelweis.hu\/oktatasmodszertan\/files\/2020\/01\/ai_course-400x236.png 400w, https:\/\/semmelweis.hu\/oktatasmodszertan\/files\/2020\/01\/ai_course-768x454.png 768w, https:\/\/semmelweis.hu\/oktatasmodszertan\/files\/2020\/01\/ai_course-753x445.png 753w\" sizes=\"auto, (max-width: 342px) 100vw, 342px\" \/><\/p>\n<p><strong>Id\u0151pont:\u00a0<\/strong>saj\u00e1t beoszt\u00e1s szerint<\/p>\n<p><strong>K\u00e9sz\u00edtette: <\/strong>Helsinki Egyetem, Reaktor technol\u00f3giai tan\u00e1csad\u00f3 c\u00e9g<\/p>\n<p><strong>Honlap \u00e9s jelentkez\u00e9s:<\/strong><\/p>\n<p><a href=\"https:\/\/www.elementsofai.com\/\" target=\"_blank\" rel=\"noopener noreferrer\">https:\/\/www.elementsofai.com<\/a><\/p>\n<p>Az Eur\u00f3pai Tan\u00e1cs finn eln\u00f6ks\u00e9ge \u00fagy d\u00f6nt\u00f6tt, hogy ingyenesen el\u00e9rhet\u0151v\u00e9 teszi a mesters\u00e9ges intelligencia alapjair\u00f3l sz\u00f3l\u00f3 kurzust az EU valamennyi nyelv\u00e9n. A c\u00e9l, hogy 2021-re az eur\u00f3pai \u00e1llampolg\u00e1rok 1%-a elv\u00e9gezze a tanfolyamot, \u00e9s megfelel\u0151 ismereteket szerezzen a digit\u00e1lis \u00e1talakul\u00e1s \u00e9s a versenyk\u00e9pess\u00e9g egyik kulcselem\u00e9r\u0151l, a mesters\u00e9ges intelligenci\u00e1r\u00f3l.<\/p>\n<p>&nbsp;<\/p>\n\n<\/div><h2 class=\"tabtitle\">Szakir\u00e1ny\u00fa tov\u00e1bbk\u00e9pz\u00e9sek<\/h2>\n<div class=\"tabcontent\">\n\n<table style=\"border-collapse: collapse;width: 100%;height: 177px\" border=\"1\">\n<tbody>\n<tr style=\"height: 32px\">\n<td style=\"width: 33.3333%;height: 32px\"><strong>K\u00e9pz\u00e9s neve<\/strong><\/td>\n<td style=\"width: 25.9864%;height: 32px\"><strong>Int\u00e9zm\u00e9ny<\/strong><\/td>\n<td style=\"width: 40.6802%;height: 32px\"><strong>R\u00f6vid le\u00edr\u00e1s<\/strong><\/td>\n<\/tr>\n<tr style=\"height: 29px\">\n<td style=\"width: 33.3333%;height: 29px\"><a href=\"https:\/\/dmi.htk.uni-pannon.hu\/kepzeseink\/e-learning-fejleszto-el-szakiranyu-tovabbkepzes\" target=\"_blank\" rel=\"noopener\">e-learning fejleszt\u00e9s<\/a><\/td>\n<td style=\"width: 25.9864%;height: 29px\">Pannon Egyetem<\/td>\n<td style=\"width: 40.6802%;height: 29px\">Az e-learning fejleszt\u0151 szakir\u00e1ny\u00fa k\u00e9pz\u00e9s\u00fcnket azoknak aj\u00e1nljuk, akik szeretn\u00e9nek megtanulni min\u0151s\u00e9gi digit\u00e1lis tananyagokat tervezni \u00e9s szerkeszteni, valamint az e-learning fejleszt\u00e9sben nem csak a m\u00e9dia-technol\u00f3gia, hanem az oktat\u00e1s-m\u00f3dszertan ir\u00e1nt is \u00e9rdekl\u0151dnek.<\/td>\n<\/tr>\n<tr style=\"height: 29px\">\n<td style=\"width: 33.3333%;height: 29px\"><a href=\"https:\/\/btk.kre.hu\/index.php\/ikt-oktatasmodszertani-szaktanacsado\" target=\"_blank\" rel=\"noopener noreferrer\">IKT-oktat\u00e1sm\u00f3dszertani szaktan\u00e1csad\u00f3<\/a><\/td>\n<td style=\"width: 25.9864%;height: 29px\">K\u00e1roli G\u00e1sp\u00e1r Reform\u00e1tus Egyetem<\/td>\n<td style=\"width: 40.6802%;height: 29px\">A szakir\u00e1ny\u00fa tov\u00e1bbk\u00e9pz\u00e9s k\u00e9pz\u00e9s c\u00e9lja olyan pedag\u00f3gus szakemberek k\u00e9pz\u00e9se, akik az oktat\u00e1s ter\u00fclet\u00e9n az eredm\u00e9nyess\u00e9g \u00e9rdek\u00e9ben hat\u00e9konyan haszn\u00e1lj\u00e1k az inform\u00e1ci\u00f3s \u00e9s kommunik\u00e1ci\u00f3s technol\u00f3gia oktat\u00e1st t\u00e1mogat\u00f3 eszk\u00f6zeit \u00e9s alkalmaz\u00e1sait.<\/td>\n<\/tr>\n<tr style=\"height: 32px\">\n<td style=\"width: 33.3333%;height: 32px\"><a href=\"https:\/\/uni-eszterhazy.hu\/szaklista?k=25715320830\" target=\"_blank\" rel=\"noopener noreferrer\">oktat\u00e1stervez\u00e9s \u00e9s digit\u00e1listananyag-fejleszt\u00e9s<\/a><\/td>\n<td style=\"width: 25.9864%;height: 32px\">Eszterh\u00e1zy K\u00e1roly Egyetem (Eger)<\/td>\n<td style=\"width: 40.6802%;height: 32px\">A k\u00e9pz\u00e9s c\u00e9lja olyan digit\u00e1lis tananyag- \u00e9s tartalomfejleszt\u0151 szakemberek k\u00e9pz\u00e9se, akik az \u00f6tlett\u0151l a tananyagtervez\u00e9sen, kivitelez\u00e9sen, megval\u00f3s\u00edt\u00e1son \u00e9s \u00e9rt\u00e9kel\u00e9sen \u00e1t az eg\u00e9sz fejleszt\u00e9si folyamatot k\u00e9pesek menedzselni.<\/td>\n<\/tr>\n<tr style=\"height: 29px\">\n<td style=\"width: 33.3333%;height: 26px\"><a href=\"https:\/\/btk.unideb.hu\/index.php\/szakiranyu-tovabbkepzes\" target=\"_blank\" rel=\"noopener\">inform\u00e1ci\u00f3s \u00e9s kommunik\u00e1ci\u00f3s technol\u00f3gi\u00e1k (IKT)<\/a><\/td>\n<td style=\"width: 25.9864%;height: 26px\">Debreceni Egyetem<\/td>\n<td style=\"width: 40.6802%;height: 26px\">A tanulm\u00e1nyok elm\u00e9leti megalapoz\u00e1s\u00e1hoz sz\u00fcks\u00e9ges speci\u00e1lis tud\u00e1son t\u00fal a k\u00e9pz\u00e9st elv\u00e9gz\u0151k a digit\u00e1lis eszk\u00f6z \u00e9s programismeret, a digit\u00e1lis tartalomtervez\u00e9s \u00e9s tananyagfejleszt\u00e9s magas szint\u0171 ismereteit saj\u00e1t\u00edtj\u00e1k el.<\/td>\n<\/tr>\n<tr style=\"height: 29px\">\n<td style=\"width: 33.3333%;height: 29px\"><a href=\"https:\/\/kvk.uni-obuda.hu\/kepzesek\/szakiranyu-tovabbkepzes\/oktatastervezes-es-digitalistananyag-fejlesztes-szakiranyu-tovabbkepzes\/\" target=\"_blank\" rel=\"noopener\">oktat\u00e1stervez\u00e9s \u00e9s digit\u00e1listananyag-fejleszt\u00e9s<\/a><\/td>\n<td style=\"width: 25.9864%;height: 29px\">\u00d3budai Egyetem<\/td>\n<td style=\"width: 40.6802%;height: 29px\">A k\u00e9pz\u00e9s c\u00e9lja olyan digit\u00e1lis tananyag- \u00e9s tartalomfejleszt\u0151 szakemberek k\u00e9pz\u00e9se, akik az \u00f6tlett\u0151l a tananyagtervez\u00e9s\u00e9n, kivitelez\u00e9s\u00e9n, megval\u00f3s\u00edt\u00e1s\u00e1n \u00e9s \u00e9rt\u00e9kel\u00e9s\u00e9n \u00e1t az eg\u00e9sz fejleszt\u00e9si folyamatot k\u00e9pesek menedzselni.\u00a0<\/td>\n<\/tr>\n<\/tbody>\n<\/table>\n<\/div><\/div>\n","protected":false},"excerpt":{"rendered":"<p>Online \u00e9s blended kurzusok az EuniWell k\u00edn\u00e1lat\u00e1ban \u00a0Id\u0151pont: az adott kurzus beoszt\u00e1sa szerint \u00a0Honlap \u00e9s jelentkez\u00e9s: <a href=\"https:\/\/www.euniwell.eu\/what-we-offer\/courses-and-training\" target=\"_blank\" rel=\"noopener noreferrer\">\u00a0https:\/\/www.euniwell.eu\/what-we-offer\/courses-and-training<\/a> A \u201eEuropean University for Well-being\u201d egy t\u00f6bb eur\u00f3pai egyetemb\u0151l \u00e1ll\u00f3 sz\u00f6vets\u00e9g, melynek c\u00e9lja, hogy a partneregyetemek olyan k\u00f6z\u00f6s projektekben vegyenek r\u00e9szt, melyek multidiszciplin\u00e1ris megk\u00f6zel\u00edt\u00e9sben, hallgat\u00f3kkal, c\u00e9gekkel \u00e9s a non-profit szf\u00e9r\u00e1val egy\u00fcttm\u0171k\u00f6d\u00e9sben k\u00e9pesek n\u00f6velni a t\u00e1rsadalmi j\u00f3ll\u00e9tet. Az egyetemi sz\u00f6vets\u00e9g &hellip;<\/p>\n","protected":false},"author":101470,"featured_media":0,"parent":5806,"menu_order":7,"comment_status":"closed","ping_status":"closed","template":"","meta":{"_acf_changed":false,"footnotes":""},"categories":[],"tags":[],"class_list":["post-685","page","type-page","status-publish","hentry"],"acf":[],"_links":{"self":[{"href":"https:\/\/semmelweis.hu\/oktatasmodszertan\/wp-json\/wp\/v2\/pages\/685","targetHints":{"allow":["GET"]}}],"collection":[{"href":"https:\/\/semmelweis.hu\/oktatasmodszertan\/wp-json\/wp\/v2\/pages"}],"about":[{"href":"https:\/\/semmelweis.hu\/oktatasmodszertan\/wp-json\/wp\/v2\/types\/page"}],"author":[{"embeddable":true,"href":"https:\/\/semmelweis.hu\/oktatasmodszertan\/wp-json\/wp\/v2\/users\/101470"}],"replies":[{"embeddable":true,"href":"https:\/\/semmelweis.hu\/oktatasmodszertan\/wp-json\/wp\/v2\/comments?post=685"}],"version-history":[{"count":10,"href":"https:\/\/semmelweis.hu\/oktatasmodszertan\/wp-json\/wp\/v2\/pages\/685\/revisions"}],"predecessor-version":[{"id":6044,"href":"https:\/\/semmelweis.hu\/oktatasmodszertan\/wp-json\/wp\/v2\/pages\/685\/revisions\/6044"}],"up":[{"embeddable":true,"href":"https:\/\/semmelweis.hu\/oktatasmodszertan\/wp-json\/wp\/v2\/pages\/5806"}],"wp:attachment":[{"href":"https:\/\/semmelweis.hu\/oktatasmodszertan\/wp-json\/wp\/v2\/media?parent=685"}],"wp:term":[{"taxonomy":"category","embeddable":true,"href":"https:\/\/semmelweis.hu\/oktatasmodszertan\/wp-json\/wp\/v2\/categories?post=685"},{"taxonomy":"post_tag","embeddable":true,"href":"https:\/\/semmelweis.hu\/oktatasmodszertan\/wp-json\/wp\/v2\/tags?post=685"}],"curies":[{"name":"wp","href":"https:\/\/api.w.org\/{rel}","templated":true}]}}