{"id":6234,"date":"2026-01-20T16:34:29","date_gmt":"2026-01-20T15:34:29","guid":{"rendered":"https:\/\/semmelweis.hu\/oktatasmodszertan\/?page_id=6234"},"modified":"2026-02-26T11:14:01","modified_gmt":"2026-02-26T10:14:01","slug":"idopontfoglalas-gyik","status":"publish","type":"page","link":"https:\/\/semmelweis.hu\/oktatasmodszertan\/kepzesek\/oktatastamogatas-esemenyek\/idopontfoglalas-gyik\/","title":{"rendered":"Id\u0151pontfoglal\u00e1s &#8211; GYIK"},"content":{"rendered":"<p><span style=\"font-family: 'pt serif'\"><strong>A k\u00e9pz\u00e9seinkre t\u00f6rt\u00e9n\u0151 jelentkez\u00e9s folyamata meg\u00fajult, hogy m\u00e9g \u00e1tl\u00e1that\u00f3bb \u00e9s rugalmasabb legyen a r\u00e9sztvev\u0151k sz\u00e1m\u00e1ra. Az \u00faj rendszer k\u00e9t fontos \u00fajdons\u00e1got vezet be.<\/strong><\/span><\/p>\n<p>&nbsp;<\/p>\n<h5>Microsoft Bookings alap\u00fa id\u0151pontfoglal\u00e1s<\/h5>\n<p><span style=\"font-family: 'pt serif'\">A jelentkez\u00e9si fel\u00fclet a Microsoft Bookings rendszer\u00e9re \u00e9p\u00fcl, amely lehet\u0151v\u00e9 teszi az egyszer\u0171, gyors \u00e9s biztons\u00e1gos online regisztr\u00e1ci\u00f3t. A rendszer naprak\u00e9sz inform\u00e1ci\u00f3t ny\u00fajt az el\u00e9rhet\u0151 id\u0151pontokr\u00f3l, \u00e9s azonnali visszaigazol\u00e1st biztos\u00edt a sikeres jelentkez\u00e9sr\u0151l.<\/span><\/p>\n<h5>K\u00e9tf\u00e9le jelentkez\u00e9si lehet\u0151s\u00e9g<\/h5>\n<p><span style=\"font-family: 'pt serif'\">A meg\u00fajult fel\u00fcleten a k\u00e9pz\u00e9sekre k\u00e9t m\u00f3don lehet jelentkezni:<\/span><\/p>\n<ul>\n<li><span style=\"font-family: 'pt serif'\"><a href=\"https:\/\/outlook.office.com\/book\/OktatsfejlesztsiKpzsiNaptr@unisemmelweis.onmicrosoft.com\/\" target=\"_blank\" rel=\"noopener\"><b>Egy\u00e9ni regisztr\u00e1ci\u00f3 (Oktat\u00e1sfejleszt\u00e9si K\u00e9pz\u00e9si Napt\u00e1r)<\/b><\/a><\/span><br \/>\n<span style=\"font-family: 'pt serif'\">Az \u00e9rdekl\u0151d\u0151k a k\u00e9pz\u00e9si napt\u00e1rban meghirdetett esem\u00e9nyek k\u00f6z\u00fcl v\u00e1laszthatnak, \u00e9s egy\u00e9nileg jelentkezhetnek az adott id\u0151pontra. A foglal\u00e1s azonnal \u00e9rv\u00e9nyess\u00e9 v\u00e1lik, melyr\u0151l a rendszer automatikus visszaigazol\u00e1st k\u00fcld.<\/span><\/li>\n<li><span style=\"font-family: 'pt serif'\"><a href=\"https:\/\/outlook.office.com\/book\/Hzhozmegynk@unisemmelweis.onmicrosoft.com\/\" target=\"_blank\" rel=\"noopener\"><b>Csoportos regisztr\u00e1ci\u00f3 nyitott napt\u00e1rban (H\u00e1zhoz megy\u00fcnk)<\/b><\/a><\/span><br \/>\n<span style=\"font-family: 'pt serif'\">Int\u00e9zetek, oktat\u00f3i teamek sz\u00e1m\u00e1ra lehet\u0151s\u00e9g van csoportos jelentkez\u00e9sre is. Ebben az esetben a jelentkez\u0151k a nyitott napt\u00e1rban saj\u00e1t maguk \u00e1ltal megadott napokra k\u00e9rhetnek k\u00e9pz\u00e9st, melyet tartalmilag minden esetben r\u00e1juk szabunk. A foglal\u00e1s be\u00e9rkez\u00e9s\u00e9t k\u00f6vet\u0151en felvessz\u00fck a kapcsolatot, \u00e9s r\u00e9szletes egyeztet\u00e9st k\u00f6vet\u0151en v\u00e9gleges\u00edtj\u00fck az id\u0151pontot.<\/span><\/li>\n<\/ul>\n<p>&nbsp;<\/p>\n<h4><strong>Gyakran Ism\u00e9telt K\u00e9rd\u00e9sek<\/strong><\/h4>\n<div class=\"exp-col-content-holder\"><a class=\"expand-cnt-link\" href=\"#\">Milyen rendszeren kereszt\u00fcl t\u00f6rt\u00e9nik a jelentkez\u00e9s?<\/a><\/p>\n<div class=\"hidden-content\">\n<p class=\"hiddenContentp\">A jelentkez\u00e9s a Microsoft Bookings rendszer\u00e9n kereszt\u00fcl t\u00f6rt\u00e9nik. Ez egy biztons\u00e1gos, online id\u0151pontfoglal\u00f3 fel\u00fclet, amely naprak\u00e9szen mutatja az el\u00e9rhet\u0151 k\u00e9pz\u00e9si id\u0151pontokat.<\/p>\n<\/div>\n<\/div>\n<div class=\"exp-col-content-holder\"><a class=\"expand-cnt-link\" href=\"#\">Kell Microsoft-fi\u00f3k a jelentkez\u00e9shez?<\/a><\/p>\n<div class=\"hidden-content\">\n<p><span style=\"font-family: 'pt serif'\">Az egy\u00e9ni jelentkez\u00e9shez (<a href=\"https:\/\/outlook.office.com\/book\/OktatsfejlesztsiKpzsiNaptr@unisemmelweis.onmicrosoft.com\/\" target=\"_blank\" rel=\"noopener\">K\u00e9pz\u00e9si napt\u00e1r<\/a>) nem sz\u00fcks\u00e9ges k\u00fcl\u00f6n Microsoft-fi\u00f3k, a rendszer a megadott e-mail-c\u00edmre k\u00fcldi a visszaigazol\u00e1st \u00e9s a tov\u00e1bbi inform\u00e1ci\u00f3kat. A csoportos jelentkez\u00e9sre szolg\u00e1l\u00f3 napt\u00e1r (<a href=\"https:\/\/outlook.office.com\/book\/Hzhozmegynk@unisemmelweis.onmicrosoft.com\/\" target=\"_blank\" rel=\"noopener\">H\u00e1zhoz megy\u00fcnk)<\/a> foglal\u00e1si fel\u00fclete csak egyetemi e-mail c\u00edmmel \u00e9rhet\u0151 el.<\/span><\/p>\n<\/div>\n<\/div>\n<div class=\"exp-col-content-holder\"><a class=\"expand-cnt-link\" href=\"#\">Milyen jelentkez\u00e9si lehet\u0151s\u00e9gek k\u00f6z\u00fcl v\u00e1laszthatok?<\/a><\/p>\n<div class=\"hidden-content\">\n<p><span style=\"font-family: 'pt serif'\">K\u00e9tf\u00e9le jelentkez\u00e9si m\u00f3d \u00e1ll rendelkez\u00e9sre:<\/span><\/p>\n<ul>\n<li><span style=\"font-family: 'pt serif'\"><strong>Egy\u00e9ni jelentkez\u00e9s<\/strong> a k\u00e9pz\u00e9si napt\u00e1rban meghirdetett esem\u00e9nyekre.<\/span><\/li>\n<li><span style=\"font-family: 'pt serif'\"><strong>Csoportos jelentkez\u00e9s<\/strong> egy nyitott napt\u00e1rban, ahol az int\u00e9zetek\/oktat\u00f3i teamek maguk adhatj\u00e1k meg a sz\u00e1mukra megfelel\u0151 napokat.<\/span><\/li>\n<\/ul>\n<\/div>\n<\/div>\n<div class=\"exp-col-content-holder\"><a class=\"expand-cnt-link\" href=\"#\">Mi a k\u00fcl\u00f6nbs\u00e9g az egy\u00e9ni \u00e9s a csoportos jelentkez\u00e9s k\u00f6z\u00f6tt?<\/a><\/p>\n<div class=\"hidden-content\">\n<p class=\"hiddenContentp\">Egy\u00e9ni jelentkez\u00e9s eset\u00e9n a m\u00e1r meghirdetett k\u00e9pz\u00e9si id\u0151pontok k\u00f6z\u00fcl lehet v\u00e1lasztani. Csoportos jelentkez\u00e9skor a r\u00e9sztvev\u0151k (pl. int\u00e9zm\u00e9nyek, oktat\u00f3i csoportok) saj\u00e1t ig\u00e9nyeik szerint javasolhatnak id\u0151pontot a nyitott napt\u00e1rban.<\/p>\n<\/div>\n<\/div>\n<div class=\"exp-col-content-holder\"><a class=\"expand-cnt-link\" href=\"#\">H\u00e1ny f\u0151t lehet csoportosan jelentkeztetni?<\/a><\/p>\n<div class=\"hidden-content\">\n<p class=\"hiddenContentp\">Csoportos regisztr\u00e1ci\u00f3 minimum 6 f\u0151 r\u00e9sztvev\u0151 eset\u00e9n ind\u00edthat\u00f3. A csoportos jelentkez\u00e9s sor\u00e1n a jelentkez\u00e9si \u0171rlapon kell megadni a r\u00e9sztvev\u0151k sz\u00e1m\u00e1t. A pontos l\u00e9tsz\u00e1mlehet\u0151s\u00e9gek a k\u00e9pz\u00e9s jelleg\u00e9t\u0151l f\u00fcgghetnek, de ez a foglal\u00e1s menet\u00e9t nem befoly\u00e1solja. A foglal\u00e1st a kapcsolattart\u00f3 v\u00e9gzi az \u00e1ltala regisztr\u00e1lt csoport nev\u00e9ben.<\/p>\n<\/div>\n<\/div>\n<div class=\"exp-col-content-holder\"><a class=\"expand-cnt-link\" href=\"#\">Kapok visszaigazol\u00e1st a jelentkez\u00e9sr\u0151l?<\/a><\/p>\n<div class=\"hidden-content\">\n<p class=\"hiddenContentp\">Igen. Sikeres jelentkez\u00e9s eset\u00e9n a rendszer automatikus visszaigazol\u00e1st k\u00fcld a megadott e-mail-c\u00edmre.<\/p>\n<\/div>\n<\/div>\n<div class=\"exp-col-content-holder\"><a class=\"expand-cnt-link\" href=\"#\">Le tudom mondani vagy m\u00f3dos\u00edtani a jelentkez\u00e9semet?<\/a><\/p>\n<div class=\"hidden-content\">\n<p class=\"hiddenContentp\">Igen. A visszaigazol\u00f3 e-mailben tal\u00e1lhat\u00f3 linken kereszt\u00fcl a jelentkez\u00e9s lemondhat\u00f3 vagy m\u00f3dos\u00edthat\u00f3 a megadott hat\u00e1rid\u0151n bel\u00fcl.<\/p>\n<\/div>\n<\/div>\n<div class=\"exp-col-content-holder\"><a class=\"expand-cnt-link\" href=\"#\">Mi t\u00f6rt\u00e9nik a csoportos jelentkez\u00e9s elk\u00fcld\u00e9se ut\u00e1n?<\/a><\/p>\n<div class=\"hidden-content\">\n<p class=\"hiddenContentp\">A csoportos jelentkez\u00e9si ig\u00e9ny be\u00e9rkez\u00e9se ut\u00e1n a szervez\u0151k felveszik a kapcsolatot a megadott kapcsolattart\u00f3val az id\u0151pont v\u00e9gleges\u00edt\u00e9se \u00e9s a tov\u00e1bbi r\u00e9szletek egyeztet\u00e9se \u00e9rdek\u00e9ben.<\/p>\n<\/div>\n<\/div>\n<div class=\"exp-col-content-holder\"><a class=\"expand-cnt-link\" href=\"#\">Kihez fordulhatok k\u00e9rd\u00e9s eset\u00e9n?<\/a><\/p>\n<div class=\"hidden-content\">\n<p><span style=\"font-family: 'pt serif'\">Amennyiben technikai vagy tartalmi k\u00e9rd\u00e9s mer\u00fcl fel, k\u00e9rj\u00fck, vegye fel a kapcsolatot az Oktat\u00e1sm\u00f3dszertani K\u00f6zpont munkat\u00e1rsaival a honlapon megadott <a href=\"https:\/\/semmelweis.hu\/oktatasmodszertan\/ugyfelszolgalat\/\" target=\"_blank\" rel=\"noopener\">el\u00e9rhet\u0151s\u00e9geken.<\/a><\/span><\/p>\n<\/div>\n<\/div>\n<p>&nbsp;<\/p>\n","protected":false},"excerpt":{"rendered":"<p>A k\u00e9pz\u00e9seinkre t\u00f6rt\u00e9n\u0151 jelentkez\u00e9s folyamata meg\u00fajult, hogy m\u00e9g \u00e1tl\u00e1that\u00f3bb \u00e9s rugalmasabb legyen a r\u00e9sztvev\u0151k sz\u00e1m\u00e1ra. Az \u00faj rendszer k\u00e9t fontos \u00fajdons\u00e1got vezet be. &nbsp; Microsoft Bookings alap\u00fa id\u0151pontfoglal\u00e1s A jelentkez\u00e9si fel\u00fclet a Microsoft Bookings rendszer\u00e9re \u00e9p\u00fcl, amely lehet\u0151v\u00e9 teszi az egyszer\u0171, gyors \u00e9s biztons\u00e1gos online regisztr\u00e1ci\u00f3t. A rendszer naprak\u00e9sz inform\u00e1ci\u00f3t ny\u00fajt az el\u00e9rhet\u0151 id\u0151pontokr\u00f3l, \u00e9s &hellip;<\/p>\n","protected":false},"author":101470,"featured_media":0,"parent":2310,"menu_order":1,"comment_status":"closed","ping_status":"closed","template":"","meta":{"_acf_changed":false,"footnotes":""},"categories":[],"tags":[],"class_list":["post-6234","page","type-page","status-publish","hentry"],"acf":[],"_links":{"self":[{"href":"https:\/\/semmelweis.hu\/oktatasmodszertan\/wp-json\/wp\/v2\/pages\/6234","targetHints":{"allow":["GET"]}}],"collection":[{"href":"https:\/\/semmelweis.hu\/oktatasmodszertan\/wp-json\/wp\/v2\/pages"}],"about":[{"href":"https:\/\/semmelweis.hu\/oktatasmodszertan\/wp-json\/wp\/v2\/types\/page"}],"author":[{"embeddable":true,"href":"https:\/\/semmelweis.hu\/oktatasmodszertan\/wp-json\/wp\/v2\/users\/101470"}],"replies":[{"embeddable":true,"href":"https:\/\/semmelweis.hu\/oktatasmodszertan\/wp-json\/wp\/v2\/comments?post=6234"}],"version-history":[{"count":8,"href":"https:\/\/semmelweis.hu\/oktatasmodszertan\/wp-json\/wp\/v2\/pages\/6234\/revisions"}],"predecessor-version":[{"id":6289,"href":"https:\/\/semmelweis.hu\/oktatasmodszertan\/wp-json\/wp\/v2\/pages\/6234\/revisions\/6289"}],"up":[{"embeddable":true,"href":"https:\/\/semmelweis.hu\/oktatasmodszertan\/wp-json\/wp\/v2\/pages\/2310"}],"wp:attachment":[{"href":"https:\/\/semmelweis.hu\/oktatasmodszertan\/wp-json\/wp\/v2\/media?parent=6234"}],"wp:term":[{"taxonomy":"category","embeddable":true,"href":"https:\/\/semmelweis.hu\/oktatasmodszertan\/wp-json\/wp\/v2\/categories?post=6234"},{"taxonomy":"post_tag","embeddable":true,"href":"https:\/\/semmelweis.hu\/oktatasmodszertan\/wp-json\/wp\/v2\/tags?post=6234"}],"curies":[{"name":"wp","href":"https:\/\/api.w.org\/{rel}","templated":true}]}}