{"id":603,"date":"2019-02-04T11:44:15","date_gmt":"2019-02-04T10:44:15","guid":{"rendered":"http:\/\/semmelweis.hu\/oktatasmodszertan\/?page_id=603"},"modified":"2025-07-09T14:40:36","modified_gmt":"2025-07-09T12:40:36","slug":"oktatoi-forumok","status":"publish","type":"page","link":"https:\/\/semmelweis.hu\/oktatasmodszertan\/kepzesek\/oktatoi-forumok\/","title":{"rendered":"Oktat\u00f3i f\u00f3rumok"},"content":{"rendered":"<div class=\"responsive-tabs\">\n<h2 class=\"tabtitle\">Leend\u0151 f\u00f3rumok<\/h2>\n<div class=\"tabcontent\">\n\n<p><em>Jelenleg nincs megjelen\u00edthet\u0151 oktat\u00f3i f\u00f3rum. A k\u00f6zelg\u0151 esem\u00e9nyeket az <a href=\"https:\/\/semmelweis.hu\/oktatasmodszertan\/esemenyek\" target=\"_blank\" rel=\"noopener\">Esem\u00e9nynapt\u00e1rban<\/a> tal\u00e1lja.<\/em><\/p>\n\n<\/div><h2 class=\"tabtitle\">Kor\u00e1bbi f\u00f3rumok<\/h2>\n<div class=\"tabcontent\">\n\n<h3><strong><img loading=\"lazy\" decoding=\"async\" class=\"alignleft  wp-image-3450\" src=\"https:\/\/semmelweis.hu\/oktatasmodszertan\/files\/2022\/02\/CLILMED-esemeny-mobil-1.png\" alt=\"\" width=\"293\" height=\"238\" srcset=\"https:\/\/semmelweis.hu\/oktatasmodszertan\/files\/2022\/02\/CLILMED-esemeny-mobil-1.png 480w, https:\/\/semmelweis.hu\/oktatasmodszertan\/files\/2022\/02\/CLILMED-esemeny-mobil-1-400x325.png 400w\" sizes=\"auto, (max-width: 293px) 100vw, 293px\" \/>Online f\u00f3rum az akt\u00edv tanul\u00e1sr\u00f3l a CLILMED t\u00fckr\u00e9ben<\/strong><\/h3>\n<p><a class=\"button\" href=\"https:\/\/semmelweis.hu\/oktatasmodszertan\/files\/2022\/01\/aktiv_tanulas_a_clil_tukreben_2021_01_10.pdf\" target=\"_blank\" rel=\"noopener\">BESZ\u00c1MOL\u00d3 A F\u00d3RUMR\u00d3L<\/a><\/p>\n<p><strong>D\u00e1tum:\u00a0<\/strong>december 1. szerda 15:00-17:00<\/p>\n<p><strong>Zoom-link: <\/strong><a href=\"https:\/\/semmelweis.zoom.us\/j\/92829197505\" target=\"_blank\" rel=\"noopener noreferrer\">https:\/\/semmelweis.zoom.us\/j\/92829197505<\/a><\/p>\n<p><strong>Technikai tudnival\u00f3k:\u00a0<\/strong>bel\u00e9p\u00e9s csak egyetemi polg\u00e1roknak; a linkre val\u00f3 kattint\u00e1s el\u0151tt k\u00e9rj\u00fck, jelentkezzen be a<a href=\"https:\/\/semmelweis.zoom.us\/\" target=\"_blank\" rel=\"noopener\">\u00a0semmelweis.zoom.us<\/a>\u00a0honlapon a SeKA-azonos\u00edt\u00f3j\u00e1val (ha nem jelentkezik be el\u0151tte a semmelweis.zoom.us-n, a felugr\u00f3 ablakban az SSO-ra kell kattintani, majd a\u00a0<em>semmelweis<\/em>\u00a0sz\u00f3 be\u00edr\u00e1sa ut\u00e1n a SeKA-val bejelentkezni)<\/p>\n<p><strong>Kapcsolat technikai probl\u00e9ma eset\u00e9n:<\/strong>\u00a0+36 20 670 1746<\/p>\n<div id=\"GroupWiseSection_1637229339000_kiss.levente@med.semmelweis-univ.hu_3964D9E001420000BB04880089009900_\" class=\"GroupWiseMessageBody active\">\n<div>Az egyetemi oktat\u00e1s sor\u00e1n gyakori probl\u00e9m\u00e1t jelent a hallgat\u00f3k passzivit\u00e1sa, noha az akt\u00edv tanul\u00e1s eredm\u00e9nyesebb\u00e9 tehetn\u00e9 a tanul\u00e1si folyamatot. Az akt\u00edv tanul\u00e1s sz\u00e1mos k\u00fcl\u00f6nb\u00f6z\u0151 form\u00e1t \u00f6lthet a csoportmunk\u00e1t\u00f3l kezdve az egy\u00e9ni probl\u00e9mamegold\u00e1sig. F\u00f3rumunkon egyetemi oktat\u00f3k osztj\u00e1k meg tapasztalataikat arr\u00f3l, hogyan lehet az akt\u00edv tanul\u00e1st bevezetni az \u00f3r\u00e1kra, \u00e9s mik\u00e9nt seg\u00edthet ebben a CLIL-m\u00f3dszer (Content and Language Integrated Learning), majd ezt k\u00f6vet\u0151en lehet\u0151s\u00e9g ny\u00edlik saj\u00e1t j\u00f3 gyakorlatok, v\u00e9lem\u00e9nyek megoszt\u00e1s\u00e1ra a t\u00e9m\u00e1ban.<\/div>\n<div>\u00a0<\/div>\n<div><em>El\u0151ad\u00f3k:<\/em><\/div>\n<div>Gampe N\u00f3ra \u2013 Farmakogn\u00f3ziai Int\u00e9zet<\/div>\n<div>N\u00e9benf\u00fchrer Zsuzsa \u2013 Belgy\u00f3gy\u00e1szati \u00e9s Hematol\u00f3giai Klinika<\/div>\n<div>Sarnyai Farkas \u2013 Molekul\u00e1ris Biol\u00f3giai Tansz\u00e9k<\/div>\n<div>Kiss Levente \u2013 OFMSZK\/\u00c9lettani Int\u00e9zet<\/div>\n<\/div>\n<p>&nbsp;<\/p>\n<p>&nbsp;<\/p>\n<p><span style=\"font-size: 18pt\"><strong>World Caf\u00e9: t\u00e1voktat\u00e1s bevezet\u00e9se<\/strong><\/span><\/p>\n<p><strong>Id\u0151pont:<\/strong> 2020. m\u00e1rcius 27. p\u00e9ntek 17:30-19:30<\/p>\n<p><strong>Helysz\u00edn:\u00a0<\/strong>Zoom (online)<\/p>\n<p><strong><em><a href=\"https:\/\/www.facebook.com\/events\/210473563510505\/?notif_t=event_calendar_create&amp;notif_id=1585247996543829\" target=\"_blank\" rel=\"noopener noreferrer\">Facebook-esem\u00e9ny<\/a><\/em><\/strong><\/p>\n<p><a class=\"button\" href=\"https:\/\/itc.semmelweis.hu\/moodle\/mod\/book\/view.php?id=14500&amp;chapterid=1754\" target=\"_blank\" rel=\"noopener noreferrer\">VIDE\u00d3 MEGTEKINT\u00c9SE<\/a><\/p>\n<p><img loading=\"lazy\" decoding=\"async\" class=\"alignleft  wp-image-1728\" src=\"https:\/\/semmelweis.hu\/oktatasmodszertan\/files\/2020\/03\/worldcafe_tavoktatas.png\" alt=\"\" width=\"583\" height=\"328\" srcset=\"https:\/\/semmelweis.hu\/oktatasmodszertan\/files\/2020\/03\/worldcafe_tavoktatas.png 1920w, https:\/\/semmelweis.hu\/oktatasmodszertan\/files\/2020\/03\/worldcafe_tavoktatas-400x225.png 400w, https:\/\/semmelweis.hu\/oktatasmodszertan\/files\/2020\/03\/worldcafe_tavoktatas-1024x576.png 1024w, https:\/\/semmelweis.hu\/oktatasmodszertan\/files\/2020\/03\/worldcafe_tavoktatas-768x432.png 768w, https:\/\/semmelweis.hu\/oktatasmodszertan\/files\/2020\/03\/worldcafe_tavoktatas-1536x864.png 1536w, https:\/\/semmelweis.hu\/oktatasmodszertan\/files\/2020\/03\/worldcafe_tavoktatas-753x424.png 753w\" sizes=\"auto, (max-width: 583px) 100vw, 583px\" \/><\/p>\n<p>&nbsp;<\/p>\n<p>&nbsp;<\/p>\n<p>&nbsp;<\/p>\n<p>&nbsp;<\/p>\n<p>&nbsp;<\/p>\n<p>&nbsp;<\/p>\n<p>&nbsp;<\/p>\n<p><strong>Az I. Caf\u00e9 c\u00e9lja:<\/strong> \u00d6sszegy\u0171jteni \u00e9s megosztani azokat az \u00e9lm\u00e9nyeket \u00e9s tapasztalatokat, melyek a t\u00e1voktat\u00e1s bevezet\u00e9se kapcs\u00e1n az els\u0151 k\u00e9t h\u00e9tben sz\u00fclettek a Semmelweis Egyetemen.<br \/>\n<strong>Megh\u00edvottak:<\/strong> a Semmelweis Egyetem \u00e9rdekl\u0151d\u0151 oktat\u00f3i \u00e9s hallgat\u00f3i, a t\u00e1voktat\u00e1s bevezet\u00e9s\u00e9re kijel\u00f6lt felel\u0151s\u00f6k.<\/p>\n<p>A &#8222;World Caf\u00e9&#8221; m\u00f3dszer jelleg\u00e9b\u0151l ad\u00f3d\u00f3an interakt\u00edv \u00e9s szem\u00e9lyes, ez\u00e9rt alkalmank\u00e9nt 35-40 f\u0151 tud r\u00e9szt venni rajta. <br \/>\nAz els\u0151 Caf\u00e9n el\u0151nyt \u00e9lveznek azon jelentkez\u0151k, akik a 2020. m\u00e1rcius 16-20. k\u00f6z\u00f6tt rendezett online tov\u00e1bbk\u00e9pz\u00e9st elv\u00e9gezt\u00e9k, \u00e9s legal\u00e1bb 3 konzult\u00e1ci\u00f3n r\u00e9szt vettek. <\/p>\n<h4><em><strong>Tov\u00e1bbi World Caf\u00e9k:<\/strong><\/em><\/h4>\n<p><i><b>Caf\u00e9 I. &#8211; id\u0151pontja: 2020. \u00e1prilis 9. (cs\u00fct\u00f6rt\u00f6k) 17:00-19:30 \u00e9s<br \/>\n2020. \u00e1prilis 17. (p\u00e9ntek) 17:00-19:30<br \/>\n<\/b><\/i><br \/>\n1. Breakout room#1: \u00e1ltal\u00e1nos hangulat, \u00e9rzelmi \u00e9s gondolati tartal\u00e9kok<br \/>\n2. Breakout room#2: az \u00e1t\u00e1ll\u00e1shoz sz\u00fcks\u00e9ges l\u00e9pcs\u0151fokok<br \/>\n3. Breakout room#3: online k\u00f6rnyezetbe k\u00f6lt\u00f6z\u00e9s, Moodle \u00e9s Zoom adapt\u00e1ci\u00f3s lehet\u0151s\u00e9gek<br \/>\n4. Breakout room#4: tov\u00e1bbi tervek, fejleszt\u00e9si ir\u00e1nyvonalak az \u00e1t\u00e1ll\u00e1s sor\u00e1n<\/p>\n<p><i><b>Caf\u00e9 II. &#8211; id\u0151pontja: 2020. \u00e1prilis 17. (p\u00e9ntek) 17:00-19:30 \u00e9s<br \/>\n\u00e1prilis 24. (p\u00e9ntek) 17:00-19:30<br \/>\n<\/b><\/i><br \/>\n1. Breakout room#1: j\u00e1t\u00e9kos\u00edt\u00e1si (gamification) \u00f6tletek, tapasztalatok<br \/>\n2. Breakout room#2: el\u0151ad\u00e1s technik\u00e1k<br \/>\n3. Breakout room#3: online szemin\u00e1rium- hogyan lehet aktiviz\u00e1lni a r\u00e9sztvev\u0151ket?<br \/>\n4. Breakout room#4: automatiz\u00e1l\u00e1si lehet\u0151s\u00e9gek a moodle folyamatokban, kinek mi v\u00e1lt be?<\/p>\n<p><strong><i><b>World Caf\u00e9 a t\u00fckr\u00f6z\u00f6tt oszt\u00e1lyteremt\u0151l:<\/b><\/i>\u00a0<em>2020. 04. 24. p\u00e9ntek 17.00-19.30<\/em><\/strong><\/p>\n<p><strong>Tervezett t\u00e9m\u00e1k:<\/strong><br \/>\n1. Megvan-e az oktat\u00f3i &#8222;flow&#8221; \u00e9lm\u00e9ny?<br \/>\n2. A flipped classroom\/t\u00fckr\u00f6z\u00f6tt oszt\u00e1lyterem (online \u00e9s offline interaktivit\u00e1s) lehet\u0151s\u00e9gei<br \/>\n3. A m\u00e9r\u00e9s-\u00e9rt\u00e9kel\u00e9s m\u00f3dszertani \u00e9s technikai lehet\u0151s\u00e9gei<br \/>\n4. Hogyan integr\u00e1ljuk a hallgat\u00f3kat az innov\u00e1ci\u00f3kba?<\/p>\n<p>&nbsp;<\/p>\n<p><strong><span style=\"font-size: 18pt\">Interprofesszion\u00e1lis k\u00e9pz\u00e9s &#8211; <\/span><\/strong><span style=\"font-size: 18pt\"><strong><em>Bemutatkozik a Pro-Team Program!<\/em><\/strong><\/span><\/p>\n<p><strong>Id\u0151pont:<\/strong> 2020. janu\u00e1r 20. h\u00e9tf\u0151, 16:15-17:30<\/p>\n<p><strong>Helysz\u00edn:<\/strong> Elm\u00e9leti Orvostudom\u00e1nyi K\u00f6zpont (EOK), H\u00e1ri P\u00e1l terem (1. emelet, <a href=\"https:\/\/semmelweis.hu\/oktatasmodszertan\/files\/2022\/03\/EOK_terkep_A4.pdf\" target=\"_blank\" rel=\"noopener noreferrer\">t\u00e9rk\u00e9p<\/a>)<\/p>\n<p><a href=\"https:\/\/www.who.int\/hrh\/resources\/framework_action\/en\/\" target=\"_blank\" rel=\"noopener noreferrer\"><strong><img loading=\"lazy\" decoding=\"async\" class=\"alignleft  wp-image-1309\" src=\"https:\/\/semmelweis.hu\/oktatasmodszertan\/files\/2019\/12\/framework_for_action_interprofessional-283x400.jpg\" alt=\"\" width=\"224\" height=\"317\" srcset=\"https:\/\/semmelweis.hu\/oktatasmodszertan\/files\/2019\/12\/framework_for_action_interprofessional-283x400.jpg 283w, https:\/\/semmelweis.hu\/oktatasmodszertan\/files\/2019\/12\/framework_for_action_interprofessional.jpg 320w\" sizes=\"auto, (max-width: 224px) 100vw, 224px\" \/><\/strong><\/a><\/p>\n<p><strong>Az interprofesszion\u00e1lis k\u00e9pz\u00e9s l\u00e9nyege, hogy <\/strong><strong>orvos- \u00e9s szakdolgoz\u00f3 hallgat\u00f3k tanulnak egy\u00fctt, egym\u00e1st\u00f3l, egym\u00e1sr\u00f3l <\/strong><strong>azzal a c\u00e9llal, hogy a betegbiztons\u00e1g \u00e9rdek\u00e9ben megtanuljanak egy\u00fcttm\u0171k\u00f6dni, teamben dolgozni.<\/strong><\/p>\n<p>A Pro-Team Program els\u0151dleges c\u00e9lja a hat\u00e9kony prevent\u00edv beavatkoz\u00e1s oktat\u00e1sm\u00f3dszertani eszk\u00f6z\u00f6kkel a betegel\u00e9gedetts\u00e9g \u00e9s betegbiztons\u00e1g jav\u00edt\u00e1s\u00e1ra \u00e9s az eg\u00e9szs\u00e9g\u00fcgyi p\u00e1lya megtart\u00f3 erej\u00e9nek fejleszt\u00e9s\u00e9re (ki\u00e9g\u00e9s prevenci\u00f3).<\/p>\n<p>A m\u00f3dszertan<\/p>\n<ol>\n<li>korszer\u0171, gyakorlatias, \u00e9lm\u00e9nyalap\u00fa, hallgat\u00f3k\u00f6zpont\u00fa tan\u00edt\u00e1st-tanul\u00e1st biztos\u00edt<\/li>\n<li>fontos szerepet j\u00e1tszik a nemzetk\u00f6zies\u00edt\u00e9sben, \u00e9s<\/li>\n<li>hozz\u00e1j\u00e1rul a fenntarthat\u00f3 fejl\u0151d\u00e9shez.<\/li>\n<\/ol>\n<p>Szeretettel v\u00e1rjuk a Semmelweis Egyetem \u00e9rdekl\u0151d\u0151 oktat\u00f3it \u00e9s hallgat\u00f3it egy r\u00f6vid \u00f6sszej\u00f6vetelre, ahol t\u00e1j\u00e9koztat\u00e1st adunk a koncepci\u00f3r\u00f3l \u00e9s a kezdem\u00e9nyez\u00e9sben r\u00e9szt vev\u0151 szervezeti egys\u00e9gek egy\u00fcttm\u0171k\u00f6d\u00e9si lehet\u0151s\u00e9geir\u0151l.<\/p>\n<p><a class=\"btn btn-secondary\" href=\"https:\/\/semmelweis.hu\/oktatasmodszertan\/files\/2020\/01\/IPE-f\u00f3rum-20200120.pdf\" target=\"_blank\" rel=\"noopener noreferrer\">Prezent\u00e1ci\u00f3 let\u00f6lt\u00e9se<\/a><\/p>\n<p>&nbsp;<\/p>\n<p><strong><span style=\"font-size: 18pt\">Hogyan \u00e9rt\u00e9kelj\u00fck hallgat\u00f3inkat? Sz\u00e1monk\u00e9r\u00e9si form\u00e1k pro-kontra<\/span><\/strong><\/p>\n<p><strong>Id\u0151pont:<\/strong> 2019. m\u00e1jus 8. szerda, 17:00-19:00<\/p>\n<p><strong>Helysz\u00edn:<\/strong> Elm\u00e9leti Orvostudom\u00e1nyi K\u00f6zpont (EOK), Bezn\u00e1k Alad\u00e1r terem (1. emelet, <a href=\"https:\/\/semmelweis.hu\/oktatasmodszertan\/files\/2022\/03\/EOK_terkep_A4.pdf\" target=\"_blank\" rel=\"noopener\">t\u00e9rk\u00e9p<\/a>)<\/p>\n<p><img loading=\"lazy\" decoding=\"async\" class=\"alignleft  wp-image-682\" src=\"https:\/\/semmelweis.hu\/oktatasmodszertan\/files\/2019\/02\/chris-liverani-552011-unsplash2-225x300.jpg\" alt=\"Pencil on a test paper\" width=\"233\" height=\"311\" srcset=\"https:\/\/semmelweis.hu\/oktatasmodszertan\/files\/2019\/02\/chris-liverani-552011-unsplash2-225x300.jpg 225w, https:\/\/semmelweis.hu\/oktatasmodszertan\/files\/2019\/02\/chris-liverani-552011-unsplash2.jpg 280w\" sizes=\"auto, (max-width: 233px) 100vw, 233px\" \/>A sz\u00e1monk\u00e9r\u00e9s a tanul\u00e1si folyamat fontos pontja, melynek sor\u00e1n felm\u00e9rj\u00fck a tanul\u00f3 \u00e9s a tan\u00e1r k\u00f6z\u00f6s munk\u00e1j\u00e1nak eredm\u00e9ny\u00e9t, a hallgat\u00f3i tud\u00e1st. Hogyan lehet olyan m\u00f3dszerekkel vizsg\u00e1ztatni, melyek objekt\u00edvek, igazs\u00e1gosak \u00e9s pontos k\u00e9pet adnak a hallgat\u00f3k felk\u00e9sz\u00fclts\u00e9g\u00e9r\u0151l? F\u00f3rumunkon \u00f6sszehasonl\u00edtjuk a k\u00fcl\u00f6nb\u00f6z\u0151 \u00e9rt\u00e9kel\u00e9si m\u00f3dszereket \u00e9s azok min\u0151s\u00e9gbiztos\u00edt\u00e1si szempontjait annak \u00e9rdek\u00e9ben, hogy a vizsgaeredm\u00e9nyek a lehet\u0151 legpontosabban t\u00fckr\u00f6zz\u00e9k a tanul\u00f3k tud\u00e1s\u00e1t \u00e9s reflekt\u00e1ljanak a k\u00e9pz\u00e9si kimeneti k\u00f6vetelm\u00e9nyekre.<\/p>\n<table style=\"border-collapse: collapse;width: 100%\" border=\"1\">\n<tbody>\n<tr>\n<td style=\"width: 100%\">\n<p><span style=\"font-size: 14pt\"><strong>Az al\u00e1bbi linken a f\u00f3rum t\u00e9m\u00e1j\u00e1hoz tartoz\u00f3 tanulm\u00e1nyok, cikkek \u00e9rhet\u0151k el:<\/strong><\/span><\/p>\n<p><a href=\"https:\/\/itc.semmelweis.hu\/moodle\/course\/view.php?id=2343\" target=\"_blank\" rel=\"noopener\">https:\/\/itc.semmelweis.hu\/moodle\/course\/view.php?id=2343<\/a><\/p>\n<p><span style=\"font-size: 14pt\">(bel\u00e9p\u00e9s <a href=\"https:\/\/seka.semmelweis.hu\/hu\/info\/mi_a_seka\" target=\"_blank\" rel=\"noopener noreferrer\">SeKA-azonos\u00edt\u00f3val<\/a>, majd az &#8222;Iratkoztasson be&#8221; gombra kattintva)<\/span><\/p>\n<\/td>\n<\/tr>\n<\/tbody>\n<\/table>\n<p>&nbsp;<\/p>\n<p><strong><span style=\"font-size: 18pt\">Az el\u0151ad\u00e1sok szerepe a 21. sz\u00e1zadban<\/span><\/strong><\/p>\n<p><strong>Id\u0151pont:<\/strong> 2019. m\u00e1rcius 6. szerda, 17:00-19:00<\/p>\n<p><strong>Helysz\u00edn:<\/strong> Elm\u00e9leti Orvostudom\u00e1nyi K\u00f6zpont (EOK), Bezn\u00e1k Alad\u00e1r terem (1. emelet, <a href=\"https:\/\/semmelweis.hu\/oktatasmodszertan\/files\/2022\/03\/EOK_terkep_A4.pdf\" target=\"_blank\" rel=\"noopener\">t\u00e9rk\u00e9p<\/a>)<\/p>\n<p><img loading=\"lazy\" decoding=\"async\" class=\"alignleft  wp-image-680\" src=\"https:\/\/semmelweis.hu\/oktatasmodszertan\/files\/2019\/02\/tra-nguyen-459276-unsplash_resized-300x200.jpg\" alt=\"A teacher is writing on the board.\" width=\"308\" height=\"205\" srcset=\"https:\/\/semmelweis.hu\/oktatasmodszertan\/files\/2019\/02\/tra-nguyen-459276-unsplash_resized-300x200.jpg 300w, https:\/\/semmelweis.hu\/oktatasmodszertan\/files\/2019\/02\/tra-nguyen-459276-unsplash_resized-203x135.jpg 203w, https:\/\/semmelweis.hu\/oktatasmodszertan\/files\/2019\/02\/tra-nguyen-459276-unsplash_resized.jpg 362w\" sizes=\"auto, (max-width: 308px) 100vw, 308px\" \/>Az el\u0151ad\u00e1sokat \u00e9vsz\u00e1zadok \u00f3ta az egyetemi oktat\u00e1s sarokk\u00f6v\u00e9nek tekintj\u00fck, de vajon mennyire hat\u00e9kony ez az oktat\u00e1si forma a 21. sz\u00e1zadban? Az ut\u00f3bbi id\u0151ben egyre t\u00f6bb kutat\u00e1s vizsg\u00e1lja az online el\u0151ad\u00e1sok, a t\u00fckr\u00f6z\u00f6tt oszt\u00e1lyterem, valamint az akt\u00edv tanul\u00e1s lehet\u0151s\u00e9geit, \u00e9s az eredm\u00e9nyek a kor\u00e1bbi megold\u00e1sok fel\u00fclvizsg\u00e1lat\u00e1ra \u00f6szt\u00f6n\u00f6znek. Milyen m\u00f3dszereket \u00e9rdemes k\u00f6vetni a hasznosabb \u00e9s eml\u00e9kezetesebb el\u0151ad\u00e1sok \u00e9rdek\u00e9ben? Egy\u00e1ltal\u00e1n, meg\u00e9ri-e fent tartani ezt az oktat\u00e1si form\u00e1t vagy c\u00e9lszer\u0171bb alternat\u00edv utakat v\u00e1lasztani? F\u00f3rumunkon megvitatjuk mindk\u00e9t oldal \u00e9rveit, \u00e9s megk\u00eds\u00e9relj\u00fck k\u00f6z\u00f6sen meghat\u00e1rozni az el\u0151ad\u00e1sok hely\u00e9t a curriculumban.<\/p>\n<table style=\"border-collapse: collapse;width: 100%\" border=\"1\">\n<tbody>\n<tr>\n<td style=\"width: 100%\">\n<p><strong><span style=\"font-size: 14pt\">Az al\u00e1bbi linken a f\u00f3rum t\u00e9m\u00e1j\u00e1hoz tartoz\u00f3 tanulm\u00e1nyok, cikkek \u00e9rhet\u0151k el:<\/span><\/strong><\/p>\n<p><a href=\"https:\/\/itc.semmelweis.hu\/moodle\/course\/view.php?id=2342\" target=\"_blank\" rel=\"noopener\">https:\/\/itc.semmelweis.hu\/moodle\/course\/view.php?id=2342<\/a><\/p>\n<p><span style=\"font-size: 14pt\">(bel\u00e9p\u00e9s <a href=\"https:\/\/seka.semmelweis.hu\/hu\/info\/mi_a_seka\" target=\"_blank\" rel=\"noopener noreferrer\">SeKA-azonos\u00edt\u00f3val<\/a>, majd az &#8222;Iratkoztasson be&#8221; gombra kattintva)<\/span><\/p>\n<\/td>\n<\/tr>\n<\/tbody>\n<\/table>\n<p>&nbsp;<\/p>\n<p><strong><span style=\"font-size: 18pt\">A negyed\u00e9ves blokkos\u00edt\u00e1s els\u0151 tapasztalatai<\/span><\/strong><\/p>\n<p><strong>Id\u0151pont:<\/strong> 2018. okt\u00f3ber 5. p\u00e9ntek, 15:00-17:00<\/p>\n<p><strong>Helysz\u00edn:<\/strong> Elm\u00e9leti Orvostudom\u00e1nyi K\u00f6zpont (EOK), Hevesy Gy\u00f6rgy terem (f\u00f6ldszint, <a href=\"https:\/\/semmelweis.hu\/oktatasmodszertan\/files\/2022\/03\/EOK_terkep_A4.pdf\" target=\"_blank\" rel=\"noopener\">t\u00e9rk\u00e9p<\/a>)<\/p>\n<\/div><\/div>\n","protected":false},"excerpt":{"rendered":"<p>Jelenleg nincs megjelen\u00edthet\u0151 oktat\u00f3i f\u00f3rum. A k\u00f6zelg\u0151 esem\u00e9nyeket az <a href=\"https:\/\/semmelweis.hu\/oktatasmodszertan\/esemenyek\" target=\"_blank\" rel=\"noopener\">Esem\u00e9nynapt\u00e1rban<\/a> tal\u00e1lja. Online f\u00f3rum az akt\u00edv tanul\u00e1sr\u00f3l a CLILMED t\u00fckr\u00e9ben <a class=\"button\" href=\"https:\/\/semmelweis.hu\/oktatasmodszertan\/files\/2022\/01\/aktiv_tanulas_a_clil_tukreben_2021_01_10.pdf\" target=\"_blank\" rel=\"noopener\">BESZ\u00c1MOL\u00d3 A F\u00d3RUMR\u00d3L<\/a> D\u00e1tum:\u00a0december 1. szerda 15:00-17:00 Zoom-link: <a href=\"https:\/\/semmelweis.zoom.us\/j\/92829197505\" target=\"_blank\" rel=\"noopener noreferrer\">https:\/\/semmelweis.zoom.us\/j\/92829197505<\/a> Technikai tudnival\u00f3k:\u00a0bel\u00e9p\u00e9s csak egyetemi polg\u00e1roknak; a linkre val\u00f3 kattint\u00e1s el\u0151tt k\u00e9rj\u00fck, jelentkezzen be a <a href=\"https:\/\/semmelweis.zoom.us\/\" target=\"_blank\" rel=\"noopener\">\u00a0semmelweis.zoom.us<\/a> \u00a0honlapon a SeKA-azonos\u00edt\u00f3j\u00e1val (ha nem jelentkezik be el\u0151tte a semmelweis.zoom.us-n, a felugr\u00f3 ablakban az SSO-ra kell kattintani, majd &hellip;<\/p>\n","protected":false},"author":101470,"featured_media":0,"parent":5806,"menu_order":6,"comment_status":"closed","ping_status":"closed","template":"","meta":{"_acf_changed":false,"footnotes":""},"categories":[],"tags":[],"class_list":["post-603","page","type-page","status-publish","hentry"],"acf":[],"_links":{"self":[{"href":"https:\/\/semmelweis.hu\/oktatasmodszertan\/wp-json\/wp\/v2\/pages\/603","targetHints":{"allow":["GET"]}}],"collection":[{"href":"https:\/\/semmelweis.hu\/oktatasmodszertan\/wp-json\/wp\/v2\/pages"}],"about":[{"href":"https:\/\/semmelweis.hu\/oktatasmodszertan\/wp-json\/wp\/v2\/types\/page"}],"author":[{"embeddable":true,"href":"https:\/\/semmelweis.hu\/oktatasmodszertan\/wp-json\/wp\/v2\/users\/101470"}],"replies":[{"embeddable":true,"href":"https:\/\/semmelweis.hu\/oktatasmodszertan\/wp-json\/wp\/v2\/comments?post=603"}],"version-history":[{"count":10,"href":"https:\/\/semmelweis.hu\/oktatasmodszertan\/wp-json\/wp\/v2\/pages\/603\/revisions"}],"predecessor-version":[{"id":3501,"href":"https:\/\/semmelweis.hu\/oktatasmodszertan\/wp-json\/wp\/v2\/pages\/603\/revisions\/3501"}],"up":[{"embeddable":true,"href":"https:\/\/semmelweis.hu\/oktatasmodszertan\/wp-json\/wp\/v2\/pages\/5806"}],"wp:attachment":[{"href":"https:\/\/semmelweis.hu\/oktatasmodszertan\/wp-json\/wp\/v2\/media?parent=603"}],"wp:term":[{"taxonomy":"category","embeddable":true,"href":"https:\/\/semmelweis.hu\/oktatasmodszertan\/wp-json\/wp\/v2\/categories?post=603"},{"taxonomy":"post_tag","embeddable":true,"href":"https:\/\/semmelweis.hu\/oktatasmodszertan\/wp-json\/wp\/v2\/tags?post=603"}],"curies":[{"name":"wp","href":"https:\/\/api.w.org\/{rel}","templated":true}]}}