{"id":6,"date":"2018-07-23T10:01:59","date_gmt":"2018-07-23T08:01:59","guid":{"rendered":"http:\/\/semmelweis.hu\/oktatasmodszertan\/?page_id=6"},"modified":"2026-03-16T11:01:27","modified_gmt":"2026-03-16T10:01:27","slug":"elerhetoseg","status":"publish","type":"page","link":"https:\/\/semmelweis.hu\/oktatasmodszertan\/magunkrol\/elerhetoseg\/","title":{"rendered":"El\u00e9rhet\u0151s\u00e9g"},"content":{"rendered":"<p><strong>Oktat\u00e1sfejleszt\u00e9si, -m\u00f3dszertani \u00e9s -szervez\u00e9si K\u00f6zpont<\/strong><br \/>\nSemmelweis Egyetem<br \/>\n<strong>Hivatalos e-mail-c\u00edm:<\/strong> <a href=\"mailto:oktatasmodszertan@semmelweis.hu\">oktatasmodszertan@semmelweis.hu<\/a><br \/>\n<strong>\u00dcgyf\u00e9lszolg\u00e1lati e-mail-c\u00edm:<\/strong> segitseg@e-learning.semmelweis.hu<\/p>\n<p><strong>C\u00edm:<\/strong> 1089 Budapest, Nagyv\u00e1rad t\u00e9r 4. &#8211; Nagyv\u00e1rad t\u00e9ri Elm\u00e9leti T\u00f6mb<br \/>\n<strong>Postai c\u00edm: <\/strong>1085 Budapest, \u00dcll\u0151i \u00fat 26. (1428 Budapest, Pf. 2.)<br \/>\n<strong style=\"font-size: 1rem\">K\u00f6zponti telefonsz\u00e1mok: <strong>Moln\u00e1rn\u00e9 Sz\u00e1nt\u00f3 Andrea\u00a0 &#8211; +36-20-670-1747<br \/>\n<\/strong><\/strong><strong style=\"font-size: 1rem\"><strong>\u00a0 \u00a0 \u00a0 \u00a0 \u00a0 \u00a0 \u00a0 \u00a0 \u00a0 \u00a0 \u00a0 \u00a0 \u00a0 \u00a0 \u00a0 \u00a0 \u00a0 \u00a0 \u00a0 \u00a0 \u00a0 \u00a0 \u00a0 Fekete Csilla &#8211; +36-20 666-3385<\/strong><\/strong><\/p>\n<p><a href=\"https:\/\/www.facebook.com\/oktatasfejlesztesikozpont\/\" target=\"_blank\" rel=\"noopener noreferrer\"><strong>Facebook-oldalunk<\/strong><\/a><\/p>\n<table style=\"border-collapse: collapse;width: 100%;height: 494px\">\n<tbody>\n<tr style=\"height: 28px\">\n<td style=\"width: 20%;height: 28px\"><strong>MUNKAT\u00c1RS<\/strong><\/td>\n<td style=\"width: 20%;height: 28px\"><strong>BEOSZT\u00c1S<\/strong><\/td>\n<td style=\"width: 20%;height: 28px\"><strong>TELEFON<\/strong><\/td>\n<td style=\"width: 20%;height: 28px\"><strong>E-MAIL<\/strong><\/td>\n<\/tr>\n<tr style=\"height: 162px\">\n<td style=\"width: 20%;height: 162px\"><strong>Dr. T\u00fari Ibolya<\/strong><\/td>\n<td style=\"width: 20%;height: 162px\">igazgat\u00f3, f\u0151iskolai tan\u00e1r<\/td>\n<td style=\"width: 20%;height: 162px\">+36-20-920-3080<\/td>\n<td style=\"width: 20%;height: 162px\">turi.ibolya@semmelweis.hu; oktatasmodszertan@semmelweis.hu<\/td>\n<\/tr>\n<tr>\n<td style=\"width: 20%\"><strong>Moln\u00e1rn\u00e9 Sz\u00e1nt\u00f3<\/strong> <strong>Andrea<\/strong><\/td>\n<td style=\"width: 20%\">oktat\u00e1sszervez\u00e9si szak\u00fcgyint\u00e9z\u0151<\/td>\n<td style=\"width: 20%\">+36-20-670-1747<\/td>\n<td style=\"width: 20%\">molnarne.szanto.andrea@semmelweis.hu<br \/>\noktatasmodszertan@semmelweis.hu<\/td>\n<\/tr>\n<tr>\n<td style=\"width: 20%\"><strong>Fekete Csilla<\/strong><\/td>\n<td style=\"width: 20%\">oktat\u00e1sszervez\u00e9si szak\u00fcgyint\u00e9z\u0151<\/td>\n<td style=\"width: 20%\">+36-20-666-3385<\/td>\n<td style=\"width: 20%\">fekete.csilla@semmelweis.hu<br \/>\noktatasmodszertan@semmelweis.hu<\/td>\n<\/tr>\n<tr>\n<td style=\"width: 20%\"><strong>Mak\u00f3 Ajsa<\/strong><\/td>\n<td style=\"width: 20%\">oktat\u00e1sszervez\u00e9si szak\u00fcgyint\u00e9z\u0151<\/td>\n<td style=\"width: 20%\">+36-30-877-1610<\/td>\n<td style=\"width: 20%\">mako.ajsa.orsolya@semmelweis.hu<\/td>\n<\/tr>\n<tr style=\"height: 28px\">\n<td style=\"width: 80%;height: 28px\" colspan=\"4\"><em><strong>Digit\u00e1lis Tartalomfejleszt\u00e9si \u00e9s Szolg\u00e1ltat\u00f3 Oszt\u00e1ly<\/strong><\/em><\/td>\n<\/tr>\n<tr style=\"height: 28px\">\n<td style=\"width: 20%;height: 28px\"><strong>Dr. Torn\u00f3ci L\u00e1szl\u00f3<\/strong><\/td>\n<td style=\"width: 20%;height: 28px\">oszt\u00e1lyvezet\u0151, informatikai vezet\u0151<\/td>\n<td style=\"width: 20%;height: 28px\">+36-1-459-1500 \/ 56145<\/td>\n<td style=\"width: 20%;height: 28px\">tornoci.laszlo@semmelweis.hu<\/td>\n<\/tr>\n<tr style=\"height: 28px\">\n<td style=\"width: 20%;height: 28px\"><strong>Anders Tam\u00e1s <\/strong><\/td>\n<td style=\"width: 20%;height: 28px\">oktat\u00e1si rendszeradminisztr\u00e1tor<\/td>\n<td style=\"width: 20%;height: 28px\">+36-30-016-4346<\/td>\n<td style=\"width: 20%;height: 28px\">anders.tamas@semmelweis.hu<\/td>\n<\/tr>\n<tr>\n<td style=\"width: 20%\"><strong>Sz\u00f6gi Andr\u00e1s<\/strong><\/td>\n<td style=\"width: 20%\">programfejleszt\u0151<\/td>\n<td style=\"width: 20%\">+36-20-663-2475<\/td>\n<td style=\"width: 20%\">\n<div id=\"GroupWiseSection_1669370502000_monzeger.katalin@semmelweis-univ.hu_568D13811EB50000B4706F6437386235_\" class=\"GroupWiseMessageBody active\">\n<div id=\"GroupWiseSection_1669370500000_monzeger.katalin@semmelweis-univ.hu_568D13811EB50000B4706F6437386235_\" class=\"GroupWiseMessageBody\"><span class=\"GroupwiseReplyHeader\">szogi.andras@semmelweis.hu<\/span><\/div>\n<\/div>\n<\/td>\n<\/tr>\n<tr style=\"height: 28px\">\n<td style=\"width: 80%;height: 28px\" colspan=\"4\"><em><strong>Oktat\u00e1sfejleszt\u00e9si \u00e9s -szervez\u00e9si Oszt\u00e1ly<\/strong><\/em><\/td>\n<\/tr>\n<tr>\n<td style=\"width: 20%\"><strong>Kozma Borb\u00e1la<\/strong><\/td>\n<td style=\"width: 20%\">kiemelt oktat\u00e1sm\u00f3dszertani szak\u00e9rt\u0151<\/td>\n<td style=\"width: 20%\">\n<div id=\"GroupWiseSection_1575711132000_monzeger.katalin@semmelweis-univ.hu_568D13811EB50000B4706F6437386235_\" class=\"GroupWiseMessageBody\">\n<div>+36-20-825-0838<\/div>\n<\/div>\n<\/td>\n<td style=\"width: 20%\">\n<div id=\"GroupWiseSection_1575711132000_monzeger.katalin@semmelweis-univ.hu_568D13811EB50000B4706F6437386235_\" class=\"GroupWiseMessageBody\">\n<div>kozma.borbala@semmelweis.hu<\/div>\n<\/div>\n<\/td>\n<\/tr>\n<tr>\n<td style=\"width: 20%\"><strong>Dr. Monz\u00e9ger Katalin<\/strong><\/td>\n<td style=\"width: 20%\">oktat\u00e1sm\u00f3dszertani szak\u00e9rt\u0151<\/td>\n<td style=\"width: 20%\">+36-20-670-1746<\/td>\n<td style=\"width: 20%\">monzeger.katalin@semmelweis.hu; oktatasmodszertan@semmelweis.hu<\/td>\n<\/tr>\n<\/tbody>\n<\/table>\n<p>&nbsp;<\/p>\n\n<!-- iframe plugin v.4.9 wordpress.org\/plugins\/iframe\/ -->\n<iframe loading=\"lazy\" src=\"https:\/\/www.google.com\/maps\/embed?pb=!1m18!1m12!1m3!1d2696.547848548168!2d19.089390114984035!3d47.479239879176426!2m3!1f0!2f0!3f0!3m2!1i1024!2i768!4f13.1!3m3!1m2!1s0x4741dce663d65943%3A0xf5391fc3337d063b!2zQnVkYXBlc3QsIE5hZ3l2w6FyYWQgdMOpciA0LCAxMDg5!5e0!3m2!1shu!2shu!4v1569585153326!5m2!1shu!2shu\" width=\"100%\" height=\"450\" scrolling=\"yes\" class=\"iframe-class\" frameborder=\"0\"><\/iframe>\n\n","protected":false},"excerpt":{"rendered":"<p>Az Oktat\u00e1sm\u00f3dszertani Centrum el\u00e9rhet\u0151s\u00e9gei.<\/p>\n","protected":false},"author":12,"featured_media":0,"parent":507,"menu_order":3,"comment_status":"closed","ping_status":"closed","template":"template-fullwidth.php","meta":{"_acf_changed":false,"footnotes":""},"categories":[],"tags":[],"class_list":["post-6","page","type-page","status-publish","hentry"],"acf":[],"_links":{"self":[{"href":"https:\/\/semmelweis.hu\/oktatasmodszertan\/wp-json\/wp\/v2\/pages\/6","targetHints":{"allow":["GET"]}}],"collection":[{"href":"https:\/\/semmelweis.hu\/oktatasmodszertan\/wp-json\/wp\/v2\/pages"}],"about":[{"href":"https:\/\/semmelweis.hu\/oktatasmodszertan\/wp-json\/wp\/v2\/types\/page"}],"author":[{"embeddable":true,"href":"https:\/\/semmelweis.hu\/oktatasmodszertan\/wp-json\/wp\/v2\/users\/12"}],"replies":[{"embeddable":true,"href":"https:\/\/semmelweis.hu\/oktatasmodszertan\/wp-json\/wp\/v2\/comments?post=6"}],"version-history":[{"count":11,"href":"https:\/\/semmelweis.hu\/oktatasmodszertan\/wp-json\/wp\/v2\/pages\/6\/revisions"}],"predecessor-version":[{"id":6306,"href":"https:\/\/semmelweis.hu\/oktatasmodszertan\/wp-json\/wp\/v2\/pages\/6\/revisions\/6306"}],"up":[{"embeddable":true,"href":"https:\/\/semmelweis.hu\/oktatasmodszertan\/wp-json\/wp\/v2\/pages\/507"}],"wp:attachment":[{"href":"https:\/\/semmelweis.hu\/oktatasmodszertan\/wp-json\/wp\/v2\/media?parent=6"}],"wp:term":[{"taxonomy":"category","embeddable":true,"href":"https:\/\/semmelweis.hu\/oktatasmodszertan\/wp-json\/wp\/v2\/categories?post=6"},{"taxonomy":"post_tag","embeddable":true,"href":"https:\/\/semmelweis.hu\/oktatasmodszertan\/wp-json\/wp\/v2\/tags?post=6"}],"curies":[{"name":"wp","href":"https:\/\/api.w.org\/{rel}","templated":true}]}}