{"id":5870,"date":"2025-07-11T11:26:05","date_gmt":"2025-07-11T09:26:05","guid":{"rendered":"https:\/\/semmelweis.hu\/oktatasmodszertan\/?page_id=5870"},"modified":"2026-01-23T14:31:21","modified_gmt":"2026-01-23T13:31:21","slug":"vr","status":"publish","type":"page","link":"https:\/\/semmelweis.hu\/oktatasmodszertan\/kepzesek\/oktatoi-kozosseg\/edulab\/vr\/","title":{"rendered":"\u00cdgy oktass VR-technik\u00e1val"},"content":{"rendered":"<div class=\"responsive-tabs\">\n<h2 class=\"tabtitle\"><strong>R\u00e9szletek<\/strong><\/h2>\n<div class=\"tabcontent\">\n\n<table width=\"99%\">\n<tbody>\n<tr>\n<td width=\"214\">\n<p><strong>a program c\u00edme<\/strong><\/p>\n<\/td>\n<td width=\"226\">\n<p><strong>a program jellege<\/strong><\/p>\n<\/td>\n<td width=\"192\">\n<p><strong>a program form\u00e1ja<\/strong><\/p>\n<\/td>\n<td width=\"196\">\n<p><strong>c\u00e9lcsoport<\/strong><\/p>\n<\/td>\n<td width=\"153\">\n<p><strong>helysz\u00edn<\/strong><\/p>\n<\/td>\n<\/tr>\n<tr>\n<td width=\"214\">\n<p>\u00cdgy oktass VR-technik\u00e1val<\/p>\n<\/td>\n<td width=\"226\">\n<p>tematikus workshop<\/p>\n<\/td>\n<td width=\"192\">\n<p><a href=\"https:\/\/itc.semmelweis.hu\/moodle\/course\/view.php?id=7179\">blended<\/a><\/p>\n<\/td>\n<td width=\"196\">\n<p>minden oktat\u00f3<\/p>\n<\/td>\n<td width=\"153\">\n<p>offline<\/p>\n<\/td>\n<\/tr>\n<\/tbody>\n<\/table>\n<p><strong>A program c\u00e9lja:<\/strong><\/p>\n<p>Az alapszintr\u0151l indul\u00f3 k\u00e9pz\u00e9s r\u00e9sztvev\u0151i<\/p>\n<ul>\n<li>megismerik a VR-technik\u00e1hoz kapcsol\u00f3d\u00f3 alapvet\u0151 technikai \u00e9s oktat\u00e1sm\u00f3dszertani szempontokat<\/li>\n<li>k\u00e9pess\u00e9 v\u00e1lnak megtervezni \u00e9s \u00f6ssze\u00e1ll\u00edtani saj\u00e1t VR-szcenari\u00f3t, megv\u00e1lasztani az oktat\u00e1si c\u00e9lnak megfelel\u0151 alkalmaz\u00e1st, valamint elsaj\u00e1t\u00edtj\u00e1k a VR-technika oktat\u00e1sba val\u00f3 illeszt\u00e9s\u00e9nek gyakorlati k\u00e9szs\u00e9g\u00e9t (<a href=\"https:\/\/semmelweis.hu\/oktatasmodszertan\/oktatasi-segedanyagok\/online-oktatasi-eszkozok\/\" target=\"_blank\" rel=\"noopener\">https:\/\/semmelweis.hu\/oktatasmodszertan\/oktatasi-segedanyagok\/online-oktatasi-eszkozok\/<\/a>)<\/li>\n<li>bel\u00e1tj\u00e1k, hogy a VR-t, mint eszk\u00f6zt, nem el\u00e9g csup\u00e1n \u00f6nc\u00e9l\u00fa sz\u00ednes\u00edt\u00e9sk\u00e9nt bevetni, hanem a kurzusra adapt\u00e1ltan egy\u00e9ni vagy csoportos tev\u00e9kenys\u00e9gek valamint m\u00e9r\u00e9s-\u00e9rt\u00e9kel\u00e9si pontok r\u00e1\u00e9p\u00edt\u00e9s\u00e9vel \u00e9rdemes alkalmazni<\/li>\n<\/ul>\n<p>A workshop v\u00e9g\u00e9re a r\u00e9sztvev\u0151k a napi oktat\u00f3munk\u00e1ban azonnal hasznos\u00edthat\u00f3 gyakorlati k\u00e9szs\u00e9gekre tesztnek szert, \u00fagy mint:<\/p>\n<ul type=\"disc\">\n<li>Milyen a VR-k\u00f6rnyezet?<\/li>\n<li>Hogyan tervezz\u00fcnk oktat\u00e1si k\u00f6rnyezetet VR-ral?<\/li>\n<li>Milyen el\u0151k\u00e9sz\u00fcletekre van sz\u00fcks\u00e9g a VR-technika alkalmaz\u00e1sa el\u0151tt?<\/li>\n<li>Hogyan v\u00e1lasszunk alkalmaz\u00e1st\/eszk\u00f6zt?<\/li>\n<li>Hogyan illessz\u00fck a k\u00e9pz\u00e9sbe a VR-technik\u00e1t?<\/li>\n<li>Milyen ut\u00f3munk\u00e1latokra van sz\u00fcks\u00e9g a VR-k\u00f6rnyezet \u00f6ssze\u00e1ll\u00edt\u00e1sa ut\u00e1n?<\/li>\n<li>Hogyan alkalmazzuk a VR-technik\u00e1t az \u00f3r\u00e1n?<\/li>\n<\/ul>\n<p><strong>A program jellege:<\/strong><\/p>\n<p>Ez egy tematikus, kiscsoportos oktat\u00f3i tov\u00e1bbk\u00e9pz\u00e9s, melyben a r\u00e9sztvev\u0151k saj\u00e1t p\u00e9ld\u00e1ikon kereszt\u00fcl ismerhetik meg a VR-technik\u00e1val val\u00f3 oktat\u00e1s lehet\u0151s\u00e9geit, a tervez\u00e9s folyamat\u00e1t, \u00e9s gyakorolhatj\u00e1k be a VR-k\u00f6rnyezet k\u00e9sz\u00edt\u00e9s\u00e9t. \u00cdgy a workshopr\u00f3l saj\u00e1t VR-szcenari\u00f3kkal t\u00e1vozhatnak, melyeket ak\u00e1r m\u00e1r a k\u00f6vetkez\u0151 \u00f3r\u00e1jukon alkalmazni tudnak. Az elk\u00e9sz\u00fclt forgat\u00f3k\u00f6nyvekre a program sor\u00e1n minden r\u00e9sztvev\u0151 t\u00f6bb alkalommal is kap szem\u00e9lyre szabott visszajelz\u00e9st szak\u00e9rt\u0151i \u00e9s t\u00e1rs\u00e9rt\u00e9kel\u00e9s form\u00e1j\u00e1ban.<\/p>\n<p>12 \u00f3r\u00e1s blended k\u00e9pz\u00e9s (2 \u00f3ra felk\u00e9sz\u00fcl\u00e9s, 8 \u00f3ra interakt\u00edv workshop, 2 \u00f3ra feladatmegold\u00e1s)<\/p>\n<p><strong>Jelentkez\u00e9si felt\u00e9telek:<\/strong><\/p>\n<ol id=\"yui_3_18_1_1_1712302734110_40\">\n<li>Ez egy tematikus alapk\u00e9pz\u00e9s, melyhez sz\u00fcks\u00e9ges legal\u00e1bb egy szemeszternyi oktat\u00e1sban elt\u00f6lt\u00f6tt id\u0151, hogy a r\u00e9sztvev\u0151 els\u0151dlegesen saj\u00e1t p\u00e9ld\u00e1ival tudjon dolgozni.<\/li>\n<li>Regisztr\u00e1ci\u00f3s k\u00e9rd\u0151\u00edv kit\u00f6lt\u00e9se<\/li>\n<li>A teljes program elv\u00e9gz\u00e9s\u00e9nek v\u00e1llal\u00e1sa: 8 kontakt \u00f3ra szem\u00e9lyes r\u00e9szv\u00e9tellel, ezen k\u00edv\u00fcl (maximum) 4 \u00f3ra \u00f6n\u00e1ll\u00f3 munka a program ideje alatt. Az \u00f6n\u00e1ll\u00f3 munka el\u0151zetesen kiadott seg\u00e9danyagok megtekint\u00e9s\u00e9b\u0151l, saj\u00e1t tant\u00e1rgyi p\u00e9ld\u00e1n val\u00f3 \u00f6n\u00e1ll\u00f3 munk\u00e1b\u00f3l, valamint a workshop ut\u00e1ni reflexi\u00f3b\u00f3l \u00e1ll.<\/li>\n<\/ol>\n<p><strong>Teljes\u00edt\u00e9si felt\u00e9telek:<\/strong><\/p>\n<p>A program elv\u00e9gz\u00e9s\u00e9r\u0151l tan\u00fas\u00edtv\u00e1nyt \u00e1ll\u00edtunk ki. A tan\u00fas\u00edtv\u00e1ny ki\u00e1ll\u00edt\u00e1s\u00e1nak felt\u00e9tele a workshop 100%-\u00e1n val\u00f3 szem\u00e9lyes r\u00e9szv\u00e9tel, a prekurzus feladat elk\u00e9sz\u00edt\u00e9se, \u00e9s a program v\u00e9g\u00e9n egy maximum 3 oldalas reflexi\u00f3 beny\u00fajt\u00e1sa. Felh\u00edvjuk sz\u00edves figyelm\u00e9t, hogy ez egy intenz\u00edv workshop, a tartalmi elemei szorosan egym\u00e1sra \u00e9p\u00fclnek, ez\u00e9rt r\u00e9szletekben t\u00f6rt\u00e9n\u0151 teljes\u00edt\u00e9s\u00e9re nincs m\u00f3d.<\/p>\n<p><strong>L\u00e9tsz\u00e1mkorl\u00e1t<\/strong>:\u00a0<\/p>\n<p>16 f\u0151 (a program minimum 4 f\u0151 jelentkez\u00e9s\u00e9vel indul!)<\/p>\n<p><strong>Helysz\u00edn<\/strong>: szervez\u00e9s alatt<\/p>\n<p><a class=\"button\" href=\"https:\/\/itc.semmelweis.hu\/moodle\/course\/view.php?id=7179\" target=\"_blank\" rel=\"noopener\">BEL\u00c9P\u00c9S A MOODLE-FEL\u00dcLETRE<\/a><\/p>\n<p><strong>Id\u0151pont:<\/strong><\/p>\n<p><em>Hamarosan<\/em><\/p>\n<p><strong>Programfelel\u0151s \u00e9s kapcsolattart\u00f3:\u00a0<\/strong><a href=\"https:\/\/semmelweis.hu\/oktatasmodszertan\/magunkrol\/munkatarsak\/\" target=\"_blank\" rel=\"noopener noreferrer\">Kozma Borb\u00e1la<\/a><\/p>\n<div class=\"keretes w-100\">\n<p><strong>H\u00e1zhoz megy\u00fcnk<\/strong><\/p>\n<p>A fent megadott konkr\u00e9t id\u0151pontokon t\u00fal v\u00e1rjuk kisebb oktat\u00f3i teamek jelentkez\u00e9s\u00e9t egy-egy konkr\u00e9t fejleszt\u00e9s\u00fck kapcs\u00e1n, illetve v\u00e1llaljuk tansz\u00e9ki vagy kari szint\u0171 \u00e1tfog\u00f3 fejleszt\u00e9sek t\u00e1mogat\u00e1s\u00e1t is. Foglaljon\u00a0<strong><a href=\"https:\/\/outlook.office.com\/book\/Hzhozmegynk@unisemmelweis.onmicrosoft.com\/\" target=\"_blank\" rel=\"noopener\">napt\u00e1runkban<\/a><\/strong> egy vagy t\u00f6bb alkalmat, melyet teamj\u00fckkel oktat\u00e1sfejleszt\u00e9sre sz\u00e1nnak. A foglal\u00e1s ut\u00e1n felvessz\u00fck \u00d6nnel a kapcsolatot a r\u00e9szletek egyeztet\u00e9se c\u00e9lj\u00e1b\u00f3l. A gyakran ism\u00e9telt k\u00e9rd\u00e9seket \u00e9s r\u00e9szleteket\u00a0<strong><a href=\"https:\/\/semmelweis.hu\/oktatasmodszertan\/kepzesek\/oktatastamogatas-esemenyek\/idopontfoglalas-gyik\/\" target=\"_blank\" rel=\"noopener\">az al\u00e1bbi linken<\/a><\/strong>\u00a0olvashatja.<\/p>\n<\/div>\n\n<\/div><h2 class=\"tabtitle\"><strong>Programterv<\/strong><\/h2>\n<div class=\"tabcontent\">\n\n<p><em>Hamarosan<\/em><\/p>\n<\/div><\/div>\n","protected":false},"excerpt":{"rendered":"<p>a program c\u00edme a program jellege a program form\u00e1ja c\u00e9lcsoport helysz\u00edn \u00cdgy oktass VR-technik\u00e1val tematikus workshop <a href=\"https:\/\/itc.semmelweis.hu\/moodle\/course\/view.php?id=7179\">blended<\/a> minden oktat\u00f3 offline A program c\u00e9lja: Az alapszintr\u0151l indul\u00f3 k\u00e9pz\u00e9s r\u00e9sztvev\u0151i megismerik a VR-technik\u00e1hoz kapcsol\u00f3d\u00f3 alapvet\u0151 technikai \u00e9s oktat\u00e1sm\u00f3dszertani szempontokat k\u00e9pess\u00e9 v\u00e1lnak megtervezni \u00e9s \u00f6ssze\u00e1ll\u00edtani saj\u00e1t VR-szcenari\u00f3t, megv\u00e1lasztani az oktat\u00e1si c\u00e9lnak megfelel\u0151 alkalmaz\u00e1st, valamint elsaj\u00e1t\u00edtj\u00e1k a VR-technika oktat\u00e1sba val\u00f3 &hellip;<\/p>\n","protected":false},"author":101470,"featured_media":0,"parent":4876,"menu_order":8,"comment_status":"closed","ping_status":"closed","template":"","meta":{"_acf_changed":false,"footnotes":""},"categories":[],"tags":[],"class_list":["post-5870","page","type-page","status-publish","hentry"],"acf":[],"_links":{"self":[{"href":"https:\/\/semmelweis.hu\/oktatasmodszertan\/wp-json\/wp\/v2\/pages\/5870","targetHints":{"allow":["GET"]}}],"collection":[{"href":"https:\/\/semmelweis.hu\/oktatasmodszertan\/wp-json\/wp\/v2\/pages"}],"about":[{"href":"https:\/\/semmelweis.hu\/oktatasmodszertan\/wp-json\/wp\/v2\/types\/page"}],"author":[{"embeddable":true,"href":"https:\/\/semmelweis.hu\/oktatasmodszertan\/wp-json\/wp\/v2\/users\/101470"}],"replies":[{"embeddable":true,"href":"https:\/\/semmelweis.hu\/oktatasmodszertan\/wp-json\/wp\/v2\/comments?post=5870"}],"version-history":[{"count":7,"href":"https:\/\/semmelweis.hu\/oktatasmodszertan\/wp-json\/wp\/v2\/pages\/5870\/revisions"}],"predecessor-version":[{"id":6271,"href":"https:\/\/semmelweis.hu\/oktatasmodszertan\/wp-json\/wp\/v2\/pages\/5870\/revisions\/6271"}],"up":[{"embeddable":true,"href":"https:\/\/semmelweis.hu\/oktatasmodszertan\/wp-json\/wp\/v2\/pages\/4876"}],"wp:attachment":[{"href":"https:\/\/semmelweis.hu\/oktatasmodszertan\/wp-json\/wp\/v2\/media?parent=5870"}],"wp:term":[{"taxonomy":"category","embeddable":true,"href":"https:\/\/semmelweis.hu\/oktatasmodszertan\/wp-json\/wp\/v2\/categories?post=5870"},{"taxonomy":"post_tag","embeddable":true,"href":"https:\/\/semmelweis.hu\/oktatasmodszertan\/wp-json\/wp\/v2\/tags?post=5870"}],"curies":[{"name":"wp","href":"https:\/\/api.w.org\/{rel}","templated":true}]}}