{"id":5858,"date":"2025-07-10T12:49:59","date_gmt":"2025-07-10T10:49:59","guid":{"rendered":"https:\/\/semmelweis.hu\/oktatasmodszertan\/?page_id=5858"},"modified":"2026-01-23T14:32:22","modified_gmt":"2026-01-23T13:32:22","slug":"mi-morzsak","status":"publish","type":"page","link":"https:\/\/semmelweis.hu\/oktatasmodszertan\/kepzesek\/oktatoi-kozosseg\/edulab\/mi-morzsak\/","title":{"rendered":"MI-morzs\u00e1k"},"content":{"rendered":"<table style=\"width: 100%\">\n<tbody>\n<tr>\n<td style=\"width: 39.2663%\" width=\"212\">\n<p><strong>a program c\u00edme<\/strong><\/p>\n<\/td>\n<td style=\"width: 20.1087%\" width=\"241\">\n<p><strong>a program jellege<\/strong><\/p>\n<\/td>\n<td style=\"width: 20.3804%\" width=\"199\">\n<p><strong>a program form\u00e1ja<\/strong><\/p>\n<\/td>\n<td style=\"width: 14.4022%\" width=\"198\">\n<p><strong>c\u00e9lcsoport<\/strong><\/p>\n<\/td>\n<td style=\"width: 8.83152%\" width=\"148\">\n<p><strong>helysz\u00edn<\/strong><\/p>\n<\/td>\n<\/tr>\n<tr>\n<td style=\"width: 39.2663%\" width=\"212\">\n<p>MI-morzs\u00e1k (mesters\u00e9ges intelligencia)<\/p>\n<\/td>\n<td style=\"width: 20.1087%\" width=\"241\">\n<p>tematikus workshop<\/p>\n<\/td>\n<td style=\"width: 20.3804%\" width=\"199\">\n<p>konzult\u00e1ci\u00f3<\/p>\n<\/td>\n<td style=\"width: 14.4022%\" width=\"198\">\n<p>minden oktat\u00f3<\/p>\n<\/td>\n<td style=\"width: 8.83152%\" width=\"148\">\n<p>online<\/p>\n<\/td>\n<\/tr>\n<\/tbody>\n<\/table>\n<p><strong style=\"font-size: 1rem\">A program c\u00e9lja:<\/strong><\/p>\n<p>Az Eg\u00e9szs\u00e9gt\u00e1mogat\u00e1si M\u00f3dszertani Tansz\u00e9k bemutatja a legfontosabb tapasztalatait az MI oktat\u00e1sban bet\u00f6lt\u00f6tt szerep\u00e9r\u0151l.<\/p>\n<p><strong>A program jellege:<\/strong><\/p>\n<p>Az \u00f6sszesen nyolc MI-haszn\u00e1latot oktat\u00f3t tant\u00e1rgyb\u00f3l n\u00e9gy angol nyelv\u0171 \u00e9s egy magyar nyelv\u0171 kurzus tavaszi f\u00e9l\u00e9ves tanuls\u00e1gait mutatj\u00e1k be a tansz\u00e9k munkat\u00e1rsai, kit\u00e9rve az MI mint oktat\u00e1si asszisztens legjobb p\u00e9ld\u00e1ira.<\/p>\n<p><strong>Tematika:<\/strong><\/p>\n<ol>\n<li>Bemutat\u00e1sra ker\u00fcl\u0151 kurzusok \u00e9s az MI-eszk\u00f6z\u00f6k oktat\u00e1s\u00e1nak c\u00e9ljai<\/li>\n<li>A feladatok kiad\u00e1s\u00e1nak \u00e9s ellen\u0151rz\u00e9s\u00e9nek tapasztalatai<\/li>\n<li>Oktat\u00f3i feladatok, amiket MI-vel oldunk meg<\/li>\n<li>A tan\u00e1r szerep\u00e9nek megv\u00e1ltoz\u00e1sa<\/li>\n<\/ol>\n<p><strong>Helysz\u00edn: <\/strong>Zoom (link a Moodle-fel\u00fcleten, els\u0151 bel\u00e9p\u00e9skor a Beiratkoz\u00e1s gombra kattintva)<\/p>\n<p><strong>Moodle-fel\u00fclet: <\/strong><span style=\"color: #000000\"><em>Hamarosan<\/em><\/span><\/p>\n<p><strong>Id\u0151pont:<\/strong><\/p>\n<p><em>Hamarosan<\/em><\/p>\n<p><strong>Programfelel\u0151s \u00e9s kapcsolattart\u00f3: <\/strong><a href=\"https:\/\/semmelweis.hu\/oktatasmodszertan\/magunkrol\/munkatarsak\/\" target=\"_blank\" rel=\"noopener\">Kozma Borb\u00e1la<\/a><\/p>\n<div class=\"keretes w-100\">\n<p><strong>H\u00e1zhoz megy\u00fcnk<\/strong><\/p>\n<p>A fent megadott konkr\u00e9t id\u0151pontokon t\u00fal v\u00e1rjuk kisebb oktat\u00f3i teamek jelentkez\u00e9s\u00e9t egy-egy konkr\u00e9t fejleszt\u00e9s\u00fck kapcs\u00e1n, illetve v\u00e1llaljuk tansz\u00e9ki vagy kari szint\u0171 \u00e1tfog\u00f3 fejleszt\u00e9sek t\u00e1mogat\u00e1s\u00e1t is. Foglaljon <strong><a href=\"https:\/\/outlook.office.com\/book\/Hzhozmegynk@unisemmelweis.onmicrosoft.com\/\" target=\"_blank\" rel=\"noopener\">napt\u00e1runkban<\/a><\/strong> egy vagy t\u00f6bb alkalmat, melyet teamj\u00fckkel oktat\u00e1sfejleszt\u00e9sre sz\u00e1nnak. A foglal\u00e1s ut\u00e1n felvessz\u00fck \u00d6nnel a kapcsolatot a r\u00e9szletek egyeztet\u00e9se c\u00e9lj\u00e1b\u00f3l. A gyakran ism\u00e9telt k\u00e9rd\u00e9seket \u00e9s r\u00e9szleteket\u00a0<strong><a href=\"https:\/\/semmelweis.hu\/oktatasmodszertan\/kepzesek\/oktatastamogatas-esemenyek\/idopontfoglalas-gyik\/\" target=\"_blank\" rel=\"noopener\">az al\u00e1bbi linken<\/a><\/strong>\u00a0olvashatja.<\/p>\n<\/div>\n","protected":false},"excerpt":{"rendered":"<p>a program c\u00edme a program jellege a program form\u00e1ja c\u00e9lcsoport helysz\u00edn MI-morzs\u00e1k (mesters\u00e9ges intelligencia) tematikus workshop konzult\u00e1ci\u00f3 minden oktat\u00f3 online A program c\u00e9lja: Az Eg\u00e9szs\u00e9gt\u00e1mogat\u00e1si M\u00f3dszertani Tansz\u00e9k bemutatja a legfontosabb tapasztalatait az MI oktat\u00e1sban bet\u00f6lt\u00f6tt szerep\u00e9r\u0151l. A program jellege: Az \u00f6sszesen nyolc MI-haszn\u00e1latot oktat\u00f3t tant\u00e1rgyb\u00f3l n\u00e9gy angol nyelv\u0171 \u00e9s egy magyar nyelv\u0171 kurzus tavaszi f\u00e9l\u00e9ves &hellip;<\/p>\n","protected":false},"author":101470,"featured_media":0,"parent":4876,"menu_order":11,"comment_status":"closed","ping_status":"closed","template":"","meta":{"_acf_changed":false,"footnotes":""},"categories":[],"tags":[],"class_list":["post-5858","page","type-page","status-publish","hentry"],"acf":[],"_links":{"self":[{"href":"https:\/\/semmelweis.hu\/oktatasmodszertan\/wp-json\/wp\/v2\/pages\/5858","targetHints":{"allow":["GET"]}}],"collection":[{"href":"https:\/\/semmelweis.hu\/oktatasmodszertan\/wp-json\/wp\/v2\/pages"}],"about":[{"href":"https:\/\/semmelweis.hu\/oktatasmodszertan\/wp-json\/wp\/v2\/types\/page"}],"author":[{"embeddable":true,"href":"https:\/\/semmelweis.hu\/oktatasmodszertan\/wp-json\/wp\/v2\/users\/101470"}],"replies":[{"embeddable":true,"href":"https:\/\/semmelweis.hu\/oktatasmodszertan\/wp-json\/wp\/v2\/comments?post=5858"}],"version-history":[{"count":8,"href":"https:\/\/semmelweis.hu\/oktatasmodszertan\/wp-json\/wp\/v2\/pages\/5858\/revisions"}],"predecessor-version":[{"id":6273,"href":"https:\/\/semmelweis.hu\/oktatasmodszertan\/wp-json\/wp\/v2\/pages\/5858\/revisions\/6273"}],"up":[{"embeddable":true,"href":"https:\/\/semmelweis.hu\/oktatasmodszertan\/wp-json\/wp\/v2\/pages\/4876"}],"wp:attachment":[{"href":"https:\/\/semmelweis.hu\/oktatasmodszertan\/wp-json\/wp\/v2\/media?parent=5858"}],"wp:term":[{"taxonomy":"category","embeddable":true,"href":"https:\/\/semmelweis.hu\/oktatasmodszertan\/wp-json\/wp\/v2\/categories?post=5858"},{"taxonomy":"post_tag","embeddable":true,"href":"https:\/\/semmelweis.hu\/oktatasmodszertan\/wp-json\/wp\/v2\/tags?post=5858"}],"curies":[{"name":"wp","href":"https:\/\/api.w.org\/{rel}","templated":true}]}}