{"id":5853,"date":"2025-07-10T12:39:59","date_gmt":"2025-07-10T10:39:59","guid":{"rendered":"https:\/\/semmelweis.hu\/oktatasmodszertan\/?page_id=5853"},"modified":"2026-03-31T14:06:05","modified_gmt":"2026-03-31T12:06:05","slug":"moodle-morzsak","status":"publish","type":"page","link":"https:\/\/semmelweis.hu\/oktatasmodszertan\/kepzesek\/oktatoi-kozosseg\/edulab\/moodle-morzsak\/","title":{"rendered":"Moodle-morzs\u00e1k"},"content":{"rendered":"<table>\n<tbody>\n<tr>\n<td width=\"212\">\n<p><strong>a program c\u00edme<\/strong><\/p>\n<\/td>\n<td width=\"241\">\n<p><strong>a program jellege<\/strong><\/p>\n<\/td>\n<td width=\"199\">\n<p><strong>a program form\u00e1ja<\/strong><\/p>\n<\/td>\n<td width=\"198\">\n<p><strong>c\u00e9lcsoport<\/strong><\/p>\n<\/td>\n<td width=\"148\">\n<p><strong>helysz\u00edn<\/strong><\/p>\n<\/td>\n<\/tr>\n<tr>\n<td width=\"212\">\n<p>Moodle-morzs\u00e1k<\/p>\n<\/td>\n<td width=\"241\">\n<p>szak\u00e9rt\u0151i t\u00e1mogat\u00e1s<\/p>\n<\/td>\n<td width=\"199\">\n<p>konzult\u00e1ci\u00f3<\/p>\n<\/td>\n<td width=\"198\">\n<p>minden oktat\u00f3<\/p>\n<\/td>\n<td width=\"148\">\n<p><a href=\"https:\/\/itc.semmelweis.hu\/moodle\/course\/view.php?id=6527\" target=\"_blank\" rel=\"noopener\">online<\/a><\/p>\n<\/td>\n<\/tr>\n<\/tbody>\n<\/table>\n<p><strong>Minden h\u00f3nap utols\u00f3 h\u00e9tf\u0151j\u00e9n<\/strong> tal\u00e1lkozunk online, azzal a c\u00e9llal, hogy oktat\u00f3ink felhaszn\u00e1l\u00f3k\u00e9nt min\u00e9l jobban megismerkedhessenek a Moodle adta lehet\u0151s\u00e9gekkel \u00e9s a rendszer haszn\u00e1lat\u00e1val. Terveink szerint <strong>p\u00e1ratlan h\u00f3napokban \u201ekezd\u0151\u201d, p\u00e1ros h\u00f3napokban \u201ehalad\u00f3\u201d funkci\u00f3kkal<\/strong>\u00a0foglalkozunk, k\u00e9rj\u00fck, ennek figyelembev\u00e9tel\u00e9vel csatlakozzon a programhoz.<\/p>\n<p>A kurzus c\u00e9lja, hogy megadja a sz\u00fcks\u00e9ges alapokat a Moodle-rendszer hat\u00e9kony \u00e9s sz\u00e9lesk\u00f6r\u0171 haszn\u00e1lat\u00e1hoz, ami lehet\u0151v\u00e9 teszi az online tanul\u00e1si folyamatok innovat\u00edv \u00e9s rugalmas kezel\u00e9s\u00e9t. B\u00edzunk benne, hogy a felk\u00edn\u00e1lt alkalmakkal oktat\u00e1stechnol\u00f3giai, digitaliz\u00e1ci\u00f3s szempontb\u00f3l szak\u00e9rt\u0151 t\u00e1mogat\u00e1st ny\u00fajthatunk oktat\u00e1si tev\u00e9kenys\u00e9g\u00e9ben.<\/p>\n<p><strong>Helysz\u00edn<\/strong>: Zoom (link a Moodle-fel\u00fcleten, els\u0151 bel\u00e9p\u00e9skor a Beiratkoz\u00e1s gombra kattintva)<\/p>\n<p><a class=\"button\" href=\"https:\/\/kaltura.semmelweis.hu\/playlist\/dedicated\/292714362\/1_fzp50rau\/1_0wg8ot61\" target=\"_blank\" rel=\"noopener\">Kor\u00e1bbi alkalmakr\u00f3l k\u00e9sz\u00fclt vide\u00f3k<\/a><\/p>\n<p><a class=\"button\" href=\"https:\/\/itc.semmelweis.hu\/moodle\/course\/view.php?id=6527\" target=\"_blank\" rel=\"noopener\">BEL\u00c9P\u00c9S A MOODLE-FEL\u00dcLETRE<\/a><\/p>\n<p><strong>Tervezett id\u0151pont:<\/strong><\/p>\n<p>2026. m\u00e1rcius 30. h\u00e9tf\u0151 16:00-17:00<\/p>\n<p>2026. \u00e1prilis 27. h\u00e9tf\u0151 16:00-17:00<\/p>\n<p>2026. m\u00e1jus 25. h\u00e9tf\u0151 16:00-17:00<\/p>\n<p>2026. j\u00fanius 29. h\u00e9tf\u0151 16:00-17:00<\/p>\n<p>2026. augusztus 31. h\u00e9tf\u0151 16:00-17:00<\/p>\n<p>2026. szeptember 28. h\u00e9tf\u0151 16:00-17:00<\/p>\n<p>2026. okt\u00f3ber 26. h\u00e9tf\u0151 16:00-17:00<\/p>\n<p>2026. november 30. h\u00e9tf\u0151 16:00-17:00<\/p>\n<p><strong>Programfelel\u0151s \u00e9s kapcsolattart\u00f3:\u00a0<\/strong><a href=\"https:\/\/semmelweis.hu\/oktatasmodszertan\/magunkrol\/munkatarsak\/\" target=\"_blank\" rel=\"noopener noreferrer\">Kozma Borb\u00e1la<\/a><\/p>\n<p><strong>A konzult\u00e1ci\u00f3t tartja: <\/strong><a href=\"https:\/\/semmelweis.hu\/oktatasmodszertan\/magunkrol\/munkatarsak\/\" target=\"_blank\" rel=\"noopener\">Dr. Torn\u00f3ci L\u00e1szl\u00f3\u00a0<\/a>\u00e9s <a href=\"https:\/\/semmelweis.hu\/oktatasmodszertan\/magunkrol\/munkatarsak\/\" target=\"_blank\" rel=\"noopener\">Anders Tam\u00e1s<\/a><\/p>\n<div class=\"keretes w-100\">\n<p><strong>H\u00e1zhoz megy\u00fcnk<\/strong><\/p>\n<p>A fent megadott konkr\u00e9t id\u0151pontokon t\u00fal v\u00e1rjuk kisebb oktat\u00f3i teamek jelentkez\u00e9s\u00e9t egy-egy konkr\u00e9t fejleszt\u00e9s\u00fck kapcs\u00e1n, illetve v\u00e1llaljuk tansz\u00e9ki vagy kari szint\u0171 \u00e1tfog\u00f3 fejleszt\u00e9sek t\u00e1mogat\u00e1s\u00e1t is. Foglaljon <strong><a href=\"https:\/\/outlook.office.com\/book\/Hzhozmegynk@unisemmelweis.onmicrosoft.com\/\" target=\"_blank\" rel=\"noopener\">napt\u00e1runkban<\/a><\/strong> egy vagy t\u00f6bb alkalmat, melyet teamj\u00fckkel oktat\u00e1sfejleszt\u00e9sre sz\u00e1nnak. A foglal\u00e1s ut\u00e1n felvessz\u00fck \u00d6nnel a kapcsolatot a r\u00e9szletek egyeztet\u00e9se c\u00e9lj\u00e1b\u00f3l. A gyakran ism\u00e9telt k\u00e9rd\u00e9seket \u00e9s r\u00e9szleteket\u00a0<strong><a href=\"https:\/\/semmelweis.hu\/oktatasmodszertan\/kepzesek\/oktatastamogatas-esemenyek\/idopontfoglalas-gyik\/\" target=\"_blank\" rel=\"noopener\">az al\u00e1bbi linken<\/a><\/strong>\u00a0olvashatja.<\/p>\n<\/div>\n","protected":false},"excerpt":{"rendered":"<p>a program c\u00edme a program jellege a program form\u00e1ja c\u00e9lcsoport helysz\u00edn Moodle-morzs\u00e1k szak\u00e9rt\u0151i t\u00e1mogat\u00e1s konzult\u00e1ci\u00f3 minden oktat\u00f3 <a href=\"https:\/\/itc.semmelweis.hu\/moodle\/course\/view.php?id=6527\" target=\"_blank\" rel=\"noopener\">online<\/a> Minden h\u00f3nap utols\u00f3 h\u00e9tf\u0151j\u00e9n tal\u00e1lkozunk online, azzal a c\u00e9llal, hogy oktat\u00f3ink felhaszn\u00e1l\u00f3k\u00e9nt min\u00e9l jobban megismerkedhessenek a Moodle adta lehet\u0151s\u00e9gekkel \u00e9s a rendszer haszn\u00e1lat\u00e1val. Terveink szerint p\u00e1ratlan h\u00f3napokban \u201ekezd\u0151\u201d, p\u00e1ros h\u00f3napokban \u201ehalad\u00f3\u201d funkci\u00f3kkal\u00a0foglalkozunk, k\u00e9rj\u00fck, ennek figyelembev\u00e9tel\u00e9vel csatlakozzon a programhoz. &hellip;<\/p>\n","protected":false},"author":101470,"featured_media":0,"parent":4876,"menu_order":11,"comment_status":"closed","ping_status":"closed","template":"","meta":{"_acf_changed":false,"footnotes":""},"categories":[],"tags":[],"class_list":["post-5853","page","type-page","status-publish","hentry"],"acf":[],"_links":{"self":[{"href":"https:\/\/semmelweis.hu\/oktatasmodszertan\/wp-json\/wp\/v2\/pages\/5853","targetHints":{"allow":["GET"]}}],"collection":[{"href":"https:\/\/semmelweis.hu\/oktatasmodszertan\/wp-json\/wp\/v2\/pages"}],"about":[{"href":"https:\/\/semmelweis.hu\/oktatasmodszertan\/wp-json\/wp\/v2\/types\/page"}],"author":[{"embeddable":true,"href":"https:\/\/semmelweis.hu\/oktatasmodszertan\/wp-json\/wp\/v2\/users\/101470"}],"replies":[{"embeddable":true,"href":"https:\/\/semmelweis.hu\/oktatasmodszertan\/wp-json\/wp\/v2\/comments?post=5853"}],"version-history":[{"count":10,"href":"https:\/\/semmelweis.hu\/oktatasmodszertan\/wp-json\/wp\/v2\/pages\/5853\/revisions"}],"predecessor-version":[{"id":6360,"href":"https:\/\/semmelweis.hu\/oktatasmodszertan\/wp-json\/wp\/v2\/pages\/5853\/revisions\/6360"}],"up":[{"embeddable":true,"href":"https:\/\/semmelweis.hu\/oktatasmodszertan\/wp-json\/wp\/v2\/pages\/4876"}],"wp:attachment":[{"href":"https:\/\/semmelweis.hu\/oktatasmodszertan\/wp-json\/wp\/v2\/media?parent=5853"}],"wp:term":[{"taxonomy":"category","embeddable":true,"href":"https:\/\/semmelweis.hu\/oktatasmodszertan\/wp-json\/wp\/v2\/categories?post=5853"},{"taxonomy":"post_tag","embeddable":true,"href":"https:\/\/semmelweis.hu\/oktatasmodszertan\/wp-json\/wp\/v2\/tags?post=5853"}],"curies":[{"name":"wp","href":"https:\/\/api.w.org\/{rel}","templated":true}]}}