{"id":5848,"date":"2025-07-10T12:32:59","date_gmt":"2025-07-10T10:32:59","guid":{"rendered":"https:\/\/semmelweis.hu\/oktatasmodszertan\/?page_id=5848"},"modified":"2026-04-01T09:09:08","modified_gmt":"2026-04-01T07:09:08","slug":"h5p","status":"publish","type":"page","link":"https:\/\/semmelweis.hu\/oktatasmodszertan\/kepzesek\/oktatoi-kozosseg\/edulab\/h5p\/","title":{"rendered":"\u00cdgy k\u00e9sz\u00edts aszinkron leck\u00e9ket H5P-vel"},"content":{"rendered":"<div class=\"responsive-tabs\">\n<h2 class=\"tabtitle\"><strong>R\u00e9szletek<\/strong><\/h2>\n<div class=\"tabcontent\">\n\n<table style=\"width: 99%;height: 134px\" width=\"99%\">\n<tbody>\n<tr style=\"height: 52px\">\n<td style=\"height: 52px\" width=\"214\">\n<p><strong>a program c\u00edme<\/strong><\/p>\n<\/td>\n<td style=\"height: 52px\" width=\"226\">\n<p><strong>a program jellege<\/strong><\/p>\n<\/td>\n<td style=\"height: 52px\" width=\"192\">\n<p><strong>a program form\u00e1ja<\/strong><\/p>\n<\/td>\n<td style=\"height: 52px\" width=\"196\">\n<p><strong>c\u00e9lcsoport<\/strong><\/p>\n<\/td>\n<td style=\"height: 52px\" width=\"153\">\n<p><strong>helysz\u00edn<\/strong><\/p>\n<\/td>\n<\/tr>\n<tr style=\"height: 82px\">\n<td style=\"height: 82px\" width=\"214\">\n<p>\u00cdgy k\u00e9sz\u00edts aszinkron leck\u00e9ket H5P-vel<\/p>\n<\/td>\n<td style=\"height: 82px\" width=\"226\">\n<p>tematikus workshop<\/p>\n<\/td>\n<td style=\"height: 82px\" width=\"192\">\n<p><a href=\"https:\/\/itc.semmelweis.hu\/moodle\/course\/view.php?id=7177\" target=\"_blank\" rel=\"noopener\">blended<\/a><\/p>\n<\/td>\n<td style=\"height: 82px\" width=\"196\">\n<p>minden oktat\u00f3<\/p>\n<\/td>\n<td style=\"height: 82px\" width=\"153\">\n<p>offline<\/p>\n<\/td>\n<\/tr>\n<\/tbody>\n<\/table>\n<p><strong>A program c\u00e9lja:<\/strong><\/p>\n<p>Az alapszintr\u0151l indul\u00f3 k\u00e9pz\u00e9s r\u00e9sztvev\u0151i<\/p>\n<ul>\n<li>megismerik az aszinkron leck\u00e9k k\u00e9sz\u00edt\u00e9s\u00e9hez sz\u00fcks\u00e9ges alapvet\u0151 technikai \u00e9s oktat\u00e1sm\u00f3dszertani szempontokat<\/li>\n<li>k\u00e9pess\u00e9 v\u00e1lnak megtervezni \u00e9s \u00f6ssze\u00e1ll\u00edtani saj\u00e1t aszinkron leck\u00e9j\u00fcket, valamint elsaj\u00e1t\u00edtj\u00e1k a H5P program haszn\u00e1lat\u00e1nak gyakorlati k\u00e9szs\u00e9g\u00e9t<\/li>\n<li>bel\u00e1tj\u00e1k, hogy az aszinkron leck\u00e9t, mint eszk\u00f6zt, nem el\u00e9g csup\u00e1n k\u00f6zz\u00e9 tenni, hanem a kurzusra adapt\u00e1ltan egy\u00e9ni vagy csoportos tev\u00e9kenys\u00e9gek, valamint m\u00e9r\u00e9s-\u00e9rt\u00e9kel\u00e9si pontok r\u00e1\u00e9p\u00edt\u00e9s\u00e9vel \u00e9rdemes alkalmazni<\/li>\n<\/ul>\n<p>A workshop v\u00e9g\u00e9re a r\u00e9sztvev\u0151k a napi oktat\u00f3munk\u00e1ban azonnal hasznos\u00edthat\u00f3 gyakorlati k\u00e9szs\u00e9gekre tesztnek szert, \u00fagy mint:<\/p>\n<p><b>1.<\/b> <b>Az aszinkron leck\u00e9k el\u0151k\u00e9sz\u00edt\u00e9se \u00e9s tervez\u00e9se<\/b><\/p>\n<ul>\n<li><span style=\"font-weight: 400\">Mi lehet a szerepe a h5p aszinkron leck\u00e9nek a tanul\u00e1si folyamatban?<\/span><\/li>\n<li><span style=\"font-weight: 400\">Hogyan tervezz\u00fcnk aszinkron leck\u00e9t? (<\/span><span style=\"font-weight: 400\">sz\u00fcks\u00e9ges el\u0151k\u00e9sz\u00fcletek, <\/span><span style=\"font-weight: 400\">forgat\u00f3k\u00f6nyv, k\u00e9pi vil\u00e1g, m\u00f3dszerek stb.)<\/span><\/li>\n<li><span style=\"font-weight: 400\">Milyen a j\u00f3 aszinkron lecke? (hossza, tagol\u00e1sa, vizu\u00e1lis megjelen\u00e9se stb.)<\/span><\/li>\n<\/ul>\n<p><b>2. <\/b><b>Az aszinkron leck\u00e9k elk\u00e9sz\u00edt\u00e9se &#8211; a H5P lehet\u0151s\u00e9gei<\/b><\/p>\n<ul>\n<li style=\"font-weight: 400\"><span style=\"font-weight: 400\">Hogyan v\u00e1lasszunk technik\u00e1t\/eszk\u00f6zt? (H5P \u00e9s lehet\u0151s\u00e9gei \u2013 kurzusprezent\u00e1ci\u00f3 \u00e9s tov\u00e1bbi megold\u00e1sok stb.)<\/span><\/li>\n<li style=\"font-weight: 400\"><span style=\"font-weight: 400\">Hogyan tegy\u00fck k\u00f6zz\u00e9 a H5P aszinkron leck\u00e9t? (Kaltura, YouTube, valamint a Moodle szerepe)<\/span><\/li>\n<li style=\"font-weight: 400\"><span style=\"font-weight: 400\">Hogyan haszn\u00e1lhat\u00f3 a mesters\u00e9ges intelligencia a H5P aszinkron leck\u00e9k k\u00e9sz\u00edt\u00e9s\u00e9ben? (sz\u00f6vegek, feladatok, esettanulm\u00e1nyok, vide\u00f3k stb.)<\/span><\/li>\n<\/ul>\n<p><strong>3. <b>Az aszinkron leck\u00e9k ut\u00f3munk\u00e1latai<\/b><\/strong><\/p>\n<ul>\n<li style=\"font-weight: 400\"><span style=\"font-weight: 400\">Milyen ut\u00f3munk\u00e1latokra van sz\u00fcks\u00e9g az aszinkron lecke \u00f6ssze\u00e1ll\u00edt\u00e1sa ut\u00e1n? (hallgat\u00f3i visszajelz\u00e9sek, tov\u00e1bbi szerkeszt\u00e9s \u00e9s jav\u00edt\u00e1s stb.)<\/span><\/li>\n<li style=\"font-weight: 400\"><span style=\"font-weight: 400\">Hogyan facilit\u00e1ljuk az aszinkron leck\u00e9kkel val\u00f3 munk\u00e1t, hogyan monitorozzuk az el\u0151rehalad\u00e1st? (napl\u00f3adatok, kommunik\u00e1ci\u00f3, m\u00e9rf\u00f6ldk\u00f6vek, pontoz\u00e1s stb.)<\/span><\/li>\n<\/ul>\n<p><strong>A program jellege:<\/strong><\/p>\n<p>Ez egy tematikus, kiscsoportos oktat\u00f3i tov\u00e1bbk\u00e9pz\u00e9s, melyben a r\u00e9sztvev\u0151k saj\u00e1t p\u00e9ld\u00e1ikon kereszt\u00fcl ismerhetik meg az aszinkron lecke k\u00e9sz\u00edt\u00e9s\u00e9nek lehet\u0151s\u00e9geit, a tervez\u00e9s folyamat\u00e1t, \u00e9s gyakorolhatj\u00e1k be a lecke elk\u00e9sz\u00edt\u00e9s\u00e9t H5P-vel, valamint az ut\u00f3munk\u00e1latokat a Moodle-ban. \u00cdgy a workshopr\u00f3l saj\u00e1t aszinkron leck\u00e9kkel t\u00e1vozhatnak, melyeket ak\u00e1r m\u00e1r a k\u00f6vetkez\u0151 \u00f3r\u00e1jukon alkalmazni tudnak. Az elk\u00e9sz\u00fclt forgat\u00f3k\u00f6nyvekre \u00e9s leck\u00e9kre a program sor\u00e1n minden r\u00e9sztvev\u0151 t\u00f6bb alkalommal is kap szem\u00e9lyre szabott visszajelz\u00e9st szak\u00e9rt\u0151i \u00e9s t\u00e1rs\u00e9rt\u00e9kel\u00e9s form\u00e1j\u00e1ban.<\/p>\n<p>12 \u00f3r\u00e1s blended k\u00e9pz\u00e9s (2 \u00f3ra felk\u00e9sz\u00fcl\u00e9s, 8 \u00f3ra interakt\u00edv workshop, 2 \u00f3ra feladatmegold\u00e1s)<\/p>\n<p><strong>Jelentkez\u00e9si felt\u00e9telek:<\/strong><\/p>\n<ol>\n<li>Ez egy tematikus alapk\u00e9pz\u00e9s, melyhez sz\u00fcks\u00e9ges legal\u00e1bb egy szemeszternyi oktat\u00e1sban elt\u00f6lt\u00f6tt id\u0151, hogy a r\u00e9sztvev\u0151 els\u0151dlegesen saj\u00e1t p\u00e9ld\u00e1ival tudjon dolgozni.<\/li>\n<li>Regisztr\u00e1ci\u00f3s k\u00e9rd\u0151\u00edv kit\u00f6lt\u00e9se<\/li>\n<li>A teljes program elv\u00e9gz\u00e9s\u00e9nek v\u00e1llal\u00e1sa: 8 kontakt \u00f3ra szem\u00e9lyes r\u00e9szv\u00e9tellel, ezen k\u00edv\u00fcl (maximum) 4 \u00f3ra \u00f6n\u00e1ll\u00f3 munka a program ideje alatt. Az \u00f6n\u00e1ll\u00f3 munka el\u0151zetesen kiadott seg\u00e9danyagok megtekint\u00e9s\u00e9b\u0151l, saj\u00e1t tant\u00e1rgyi p\u00e9ld\u00e1n val\u00f3 \u00f6n\u00e1ll\u00f3 munk\u00e1b\u00f3l, valamint a workshop ut\u00e1ni reflexi\u00f3b\u00f3l \u00e1ll.<\/li>\n<\/ol>\n<p><span class=\"TextRun SCXW18573747 BCX0\" lang=\"HU-HU\" xml:lang=\"HU-HU\" data-contrast=\"auto\"><span class=\"NormalTextRun SCXW18573747 BCX0\">A workshop<\/span><span class=\"NormalTextRun SCXW18573747 BCX0\">on lehet\u0151s\u00e9g ny\u00edlik <\/span><span class=\"NormalTextRun SCXW18573747 BCX0\">a H5P-vel val\u00f3 gyakorl\u00e1sra \u00e9s<\/span><span class=\"NormalTextRun SCXW18573747 BCX0\"> aszinkron lecke elk\u00e9sz\u00edt\u00e9s\u00e9re, ez\u00e9rt<\/span><strong><span class=\"NormalTextRun SCXW18573747 BCX0\"> saj\u00e1t <\/span><\/strong><\/span><strong><span class=\"TextRun SCXW18573747 BCX0\" lang=\"HU-HU\" xml:lang=\"HU-HU\" data-contrast=\"auto\"><span class=\"NormalTextRun SCXW18573747 BCX0\">laptopot<\/span><\/span><\/strong><span class=\"TextRun SCXW18573747 BCX0\" lang=\"HU-HU\" xml:lang=\"HU-HU\" data-contrast=\"auto\"> <span class=\"NormalTextRun SCXW18573747 BCX0\">sz\u00fcks\u00e9ges hozni<\/span><span class=\"NormalTextRun SCXW18573747 BCX0\">.<\/span><\/span><\/p>\n<p><span class=\"EOP SCXW18573747 BCX0\" data-ccp-props=\"{&quot;134233117&quot;:false,&quot;134233118&quot;:false,&quot;201341983&quot;:0,&quot;335559738&quot;:0,&quot;335559739&quot;:0,&quot;335559740&quot;:279}\"> A leck\u00e9ket minden r\u00e9sztvev\u0151 a <strong>saj\u00e1t tant\u00e1rgya Moodle-kurzus\u00e1ban<\/strong> hozhatja l\u00e9tre, ez\u00e9rt ha m\u00e9g nem rendelkezik ilyennel, k\u00e9rj\u00fck, jelezze, hogy m\u00e9g a workshop el\u0151tt elk\u00e9sz\u00edthess\u00fck a fel\u00fcletet.\u00a0<\/span><\/p>\n<p><strong>Teljes\u00edt\u00e9si felt\u00e9telek:<\/strong><\/p>\n<p>A program elv\u00e9gz\u00e9s\u00e9r\u0151l tan\u00fas\u00edtv\u00e1nyt \u00e1ll\u00edtunk ki. A tan\u00fas\u00edtv\u00e1ny ki\u00e1ll\u00edt\u00e1s\u00e1nak felt\u00e9tele a workshop 100%-\u00e1n val\u00f3 szem\u00e9lyes r\u00e9szv\u00e9tel, a prekurzus feladat elk\u00e9sz\u00edt\u00e9se, \u00e9s a program v\u00e9g\u00e9n egy maximum 3 oldalas reflexi\u00f3 beny\u00fajt\u00e1sa. Felh\u00edvjuk sz\u00edves figyelm\u00e9t, hogy ez egy intenz\u00edv workshop, a tartalmi elemei szorosan egym\u00e1sra \u00e9p\u00fclnek, ez\u00e9rt r\u00e9szletekben t\u00f6rt\u00e9n\u0151 teljes\u00edt\u00e9s\u00e9re nincs m\u00f3d.<\/p>\n<p><strong>L\u00e9tsz\u00e1mkorl\u00e1t<\/strong>:\u00a0<\/p>\n<p>16 f\u0151 (a program minimum 4 f\u0151 jelentkez\u00e9s\u00e9vel indul!)<\/p>\n<p><strong>Helysz\u00edn<\/strong>: Eg\u00e9szs\u00e9g\u00fcgyi Menedzserk\u00e9pz\u0151 K\u00f6zpont (1125 Budapest, K\u00fatv\u00f6lgyi \u00fat 2.)<\/p>\n<p><strong><a class=\"button\" href=\"https:\/\/itc.semmelweis.hu\/moodle\/course\/view.php?id=7177\" target=\"_blank\" rel=\"noopener\">BEL\u00c9P\u00c9S A MOODLE-FEL\u00dcLETRE<\/a>\u00a0<\/strong><\/p>\n<p><strong>Id\u0151pont:<\/strong><\/p>\n<p>2026. j\u00fanius 12. p\u00e9ntek 8:00-16:00<\/p>\n<p><a class=\"btn btn-danger\" href=\"https:\/\/outlook.office.com\/book\/OktatsfejlesztsiKpzsiNaptr@unisemmelweis.onmicrosoft.com\/s\/JceyRAaiZUKHe8KWr0ggPg2\" target=\"_blank\" rel=\"noopener\"><strong>Jelentkez\u00e9s<\/strong><\/a><\/p>\n<p><strong>Programfelel\u0151s \u00e9s kapcsolattart\u00f3: <\/strong><a href=\"https:\/\/semmelweis.hu\/oktatasmodszertan\/magunkrol\/munkatarsak\/\" target=\"_blank\" rel=\"noopener\">Kozma Borb\u00e1la<\/a><\/p>\n<p><strong>A workshopot tartja: <\/strong><a href=\"https:\/\/semmelweis.hu\/telefonkonyv\/?emp_id=18101\" target=\"_blank\" rel=\"noopener\">Dr. Antal Zsuzsanna<\/a> \u00e9s <a href=\"https:\/\/semmelweis.hu\/oktatasmodszertan\/magunkrol\/munkatarsak\/\" target=\"_blank\" rel=\"noopener\">Dr. Monz\u00e9ger Katalin<\/a><\/p>\n<div class=\"keretes w-100\">\n<p><strong>H\u00e1zhoz megy\u00fcnk<\/strong><\/p>\n<p>A fent megadott konkr\u00e9t id\u0151pontokon t\u00fal v\u00e1rjuk kisebb oktat\u00f3i teamek jelentkez\u00e9s\u00e9t egy-egy konkr\u00e9t fejleszt\u00e9s\u00fck kapcs\u00e1n, illetve v\u00e1llaljuk tansz\u00e9ki vagy kari szint\u0171 \u00e1tfog\u00f3 fejleszt\u00e9sek t\u00e1mogat\u00e1s\u00e1t is. Foglaljon <strong><a href=\"https:\/\/outlook.office.com\/book\/Hzhozmegynk@unisemmelweis.onmicrosoft.com\/\" target=\"_blank\" rel=\"noopener\">napt\u00e1runkban<\/a><\/strong> egy vagy t\u00f6bb alkalmat, melyet teamj\u00fckkel oktat\u00e1sfejleszt\u00e9sre sz\u00e1nnak. A foglal\u00e1s ut\u00e1n felvessz\u00fck \u00d6nnel a kapcsolatot a r\u00e9szletek egyeztet\u00e9se c\u00e9lj\u00e1b\u00f3l. A gyakran ism\u00e9telt k\u00e9rd\u00e9seket \u00e9s r\u00e9szleteket\u00a0<strong><a href=\"https:\/\/semmelweis.hu\/oktatasmodszertan\/kepzesek\/oktatastamogatas-esemenyek\/idopontfoglalas-gyik\/\" target=\"_blank\" rel=\"noopener\">az al\u00e1bbi linken<\/a><\/strong>\u00a0olvashatja.<\/p>\n<\/div>\n\n<\/div><h2 class=\"tabtitle\"><strong>Programterv<\/strong><\/h2>\n<div class=\"tabcontent\">\n\n<h5><strong>2026<\/strong><\/h5>\n<table width=\"690\">\n<tbody>\n<tr>\n<td width=\"127\">\n<p><strong>Id\u0151 <\/strong><\/p>\n<\/td>\n<td width=\"316\">\n<p><strong>T\u00e9ma <\/strong><\/p>\n<\/td>\n<td width=\"246\">\n<p><strong>Munkam\u00f3dszer <\/strong><\/p>\n<\/td>\n<\/tr>\n<tr>\n<td width=\"127\">\n<p>8:00-8:15<\/p>\n<\/td>\n<td width=\"316\">\n<p>Nyit\u00f3k\u00f6r<\/p>\n<\/td>\n<td width=\"246\">\n<p>Interakt\u00edv besz\u00e9lget\u00e9s<\/p>\n<\/td>\n<\/tr>\n<tr>\n<td width=\"127\">\n<p>8:15-8:40<\/p>\n<\/td>\n<td width=\"316\">\n<p>Bevezet\u0151: program ismertet\u00e9se, H5P el\u0151zm\u00e9nyek \u00e9s hallgat\u00f3i visszajelz\u00e9sek<\/p>\n<\/td>\n<td width=\"246\">\n<p>Prezent\u00e1ci\u00f3<\/p>\n<\/td>\n<\/tr>\n<tr>\n<td width=\"127\">\n<p>8:40-10:00<\/p>\n<\/td>\n<td width=\"316\">\n<p>Alapok \u2013 Prekurzus tapasztalatok<\/p>\n<\/td>\n<td width=\"246\">\n<p>Csoportmunka<\/p>\n<\/td>\n<\/tr>\n<tr>\n<td width=\"127\">\n<p><em>10:00-10:15<\/em><\/p>\n<\/td>\n<td width=\"316\">\n<p><em>Sz\u00fcnet<\/em><\/p>\n<\/td>\n<td width=\"246\">\n<p><em>\u00a0<\/em><\/p>\n<\/td>\n<\/tr>\n<tr>\n<td width=\"127\">\n<p>10:15-10:30<\/p>\n<\/td>\n<td width=\"316\">\n<p>Aszinkron leck\u00e9k tervez\u00e9se \u2013 Oktat\u00f3i tapasztalatok<\/p>\n<\/td>\n<td width=\"246\">\n<p>Csoportmunka \u00e9s interakt\u00edv besz\u00e9lget\u00e9s<\/p>\n<\/td>\n<\/tr>\n<tr>\n<td width=\"127\">\n<p>10:30-11:45<\/p>\n<\/td>\n<td width=\"316\">\n<p>H5P a gyakorlatban \u2013 Az els\u0151 l\u00e9p\u00e9sek<\/p>\n<\/td>\n<td width=\"246\">\n<p>Prezent\u00e1ci\u00f3 \u00e9s egy\u00e9ni munka<\/p>\n<\/td>\n<\/tr>\n<tr>\n<td width=\"127\">\n<p>11:45-12:15<\/p>\n<\/td>\n<td width=\"316\">\n<p>H5P a gyakorlatban \u2013 T\u00e9mafeldolgoz\u00e1s csapatban<\/p>\n<\/td>\n<td width=\"246\">\n<p>Csoportmunka<\/p>\n<\/td>\n<\/tr>\n<tr>\n<td width=\"127\">\n<p><em>12.15-13:00<\/em><\/p>\n<\/td>\n<td width=\"316\">\n<p><em>Eb\u00e9dsz\u00fcnet<\/em><\/p>\n<\/td>\n<td width=\"246\">\n<p><em>\u00a0<\/em><\/p>\n<\/td>\n<\/tr>\n<tr>\n<td width=\"127\">\n<p>13:00-14:30<\/p>\n<\/td>\n<td width=\"316\">\n<p>Egy\u00e9ni H5P aszinkron leck\u00e9k k\u00e9sz\u00edt\u00e9se<\/p>\n<\/td>\n<td width=\"246\">\n<p>Egy\u00e9ni munka<\/p>\n<\/td>\n<\/tr>\n<tr>\n<td width=\"127\">\n<p><em>14:30-14:45<\/em><\/p>\n<\/td>\n<td width=\"316\">\n<p><em>Sz\u00fcnet<\/em><\/p>\n<\/td>\n<td width=\"246\">\n<p><em>\u00a0<\/em><\/p>\n<\/td>\n<\/tr>\n<tr>\n<td width=\"127\">\n<p>14:45-15:45<\/p>\n<\/td>\n<td width=\"316\">\n<p>Eredm\u00e9nyek \u00e9s tapasztalatok megoszt\u00e1sa<\/p>\n<\/td>\n<td width=\"246\">\n<p>Egy\u00e9ni munka \u00e9s interakt\u00edv besz\u00e9lget\u00e9s<\/p>\n<\/td>\n<\/tr>\n<tr>\n<td width=\"127\">\n<p>15:45-16:00<\/p>\n<\/td>\n<td width=\"316\">\n<p>Z\u00e1r\u00f3k\u00f6r<\/p>\n<\/td>\n<td width=\"246\">\n<p>Interakt\u00edv besz\u00e9lget\u00e9s<\/p>\n<\/td>\n<\/tr>\n<\/tbody>\n<\/table>\n<\/div><\/div>\n","protected":false},"excerpt":{"rendered":"<p>a program c\u00edme a program jellege a program form\u00e1ja c\u00e9lcsoport helysz\u00edn \u00cdgy k\u00e9sz\u00edts aszinkron leck\u00e9ket H5P-vel tematikus workshop <a href=\"https:\/\/itc.semmelweis.hu\/moodle\/course\/view.php?id=7177\" target=\"_blank\" rel=\"noopener\">blended<\/a> minden oktat\u00f3 offline A program c\u00e9lja: Az alapszintr\u0151l indul\u00f3 k\u00e9pz\u00e9s r\u00e9sztvev\u0151i megismerik az aszinkron leck\u00e9k k\u00e9sz\u00edt\u00e9s\u00e9hez sz\u00fcks\u00e9ges alapvet\u0151 technikai \u00e9s oktat\u00e1sm\u00f3dszertani szempontokat k\u00e9pess\u00e9 v\u00e1lnak megtervezni \u00e9s \u00f6ssze\u00e1ll\u00edtani saj\u00e1t aszinkron leck\u00e9j\u00fcket, valamint elsaj\u00e1t\u00edtj\u00e1k a H5P program haszn\u00e1lat\u00e1nak gyakorlati &hellip;<\/p>\n","protected":false},"author":101470,"featured_media":0,"parent":4876,"menu_order":1,"comment_status":"closed","ping_status":"closed","template":"","meta":{"_acf_changed":false,"footnotes":""},"categories":[],"tags":[],"class_list":["post-5848","page","type-page","status-publish","hentry"],"acf":[],"_links":{"self":[{"href":"https:\/\/semmelweis.hu\/oktatasmodszertan\/wp-json\/wp\/v2\/pages\/5848","targetHints":{"allow":["GET"]}}],"collection":[{"href":"https:\/\/semmelweis.hu\/oktatasmodszertan\/wp-json\/wp\/v2\/pages"}],"about":[{"href":"https:\/\/semmelweis.hu\/oktatasmodszertan\/wp-json\/wp\/v2\/types\/page"}],"author":[{"embeddable":true,"href":"https:\/\/semmelweis.hu\/oktatasmodszertan\/wp-json\/wp\/v2\/users\/101470"}],"replies":[{"embeddable":true,"href":"https:\/\/semmelweis.hu\/oktatasmodszertan\/wp-json\/wp\/v2\/comments?post=5848"}],"version-history":[{"count":10,"href":"https:\/\/semmelweis.hu\/oktatasmodszertan\/wp-json\/wp\/v2\/pages\/5848\/revisions"}],"predecessor-version":[{"id":6374,"href":"https:\/\/semmelweis.hu\/oktatasmodszertan\/wp-json\/wp\/v2\/pages\/5848\/revisions\/6374"}],"up":[{"embeddable":true,"href":"https:\/\/semmelweis.hu\/oktatasmodszertan\/wp-json\/wp\/v2\/pages\/4876"}],"wp:attachment":[{"href":"https:\/\/semmelweis.hu\/oktatasmodszertan\/wp-json\/wp\/v2\/media?parent=5848"}],"wp:term":[{"taxonomy":"category","embeddable":true,"href":"https:\/\/semmelweis.hu\/oktatasmodszertan\/wp-json\/wp\/v2\/categories?post=5848"},{"taxonomy":"post_tag","embeddable":true,"href":"https:\/\/semmelweis.hu\/oktatasmodszertan\/wp-json\/wp\/v2\/tags?post=5848"}],"curies":[{"name":"wp","href":"https:\/\/api.w.org\/{rel}","templated":true}]}}