{"id":5834,"date":"2025-07-10T11:23:37","date_gmt":"2025-07-10T09:23:37","guid":{"rendered":"https:\/\/semmelweis.hu\/oktatasmodszertan\/?page_id=5834"},"modified":"2026-04-01T09:25:40","modified_gmt":"2026-04-01T07:25:40","slug":"oktatovideok","status":"publish","type":"page","link":"https:\/\/semmelweis.hu\/oktatasmodszertan\/kepzesek\/oktatoi-kozosseg\/edulab\/oktatovideok\/","title":{"rendered":"\u00cdgy k\u00e9sz\u00edts saj\u00e1t oktat\u00f3vide\u00f3t"},"content":{"rendered":"<div class=\"responsive-tabs\">\n<h2 class=\"tabtitle\"><strong>R\u00e9szletek<\/strong><\/h2>\n<div class=\"tabcontent\">\n\n<table style=\"width: 99%;height: 164px\" width=\"99%\">\n<tbody>\n<tr style=\"height: 52px\">\n<td style=\"height: 52px;width: 213.738px\">\n<p><strong>a program c\u00edme<\/strong><\/p>\n<\/td>\n<td style=\"height: 52px;width: 226.2px\">\n<p><strong>a program jellege<\/strong><\/p>\n<\/td>\n<td style=\"height: 52px;width: 191.925px\">\n<p><strong>a program form\u00e1ja<\/strong><\/p>\n<\/td>\n<td style=\"height: 52px;width: 196.45px\">\n<p><strong>c\u00e9lcsoport<\/strong><\/p>\n<\/td>\n<td style=\"height: 52px;width: 152.962px\">\n<p><strong>helysz\u00edn<\/strong><\/p>\n<\/td>\n<\/tr>\n<tr style=\"height: 112px\">\n<td style=\"height: 112px;width: 213.738px\">\n<p>\u00cdgy k\u00e9sz\u00edts saj\u00e1t oktat\u00f3vide\u00f3t<\/p>\n<\/td>\n<td style=\"height: 112px;width: 226.2px\">\n<p>tematikus workshop<\/p>\n<\/td>\n<td style=\"height: 112px;width: 191.925px\">\n<p><a href=\"https:\/\/itc.semmelweis.hu\/moodle\/course\/view.php?id=7175\" target=\"_blank\" rel=\"noopener\">blended<\/a><\/p>\n<\/td>\n<td style=\"height: 112px;width: 196.45px\">\n<p>minden oktat\u00f3<\/p>\n<\/td>\n<td style=\"height: 112px;width: 152.962px\">\n<p>offline<\/p>\n<\/td>\n<\/tr>\n<\/tbody>\n<\/table>\n<p><strong>\u00a0<\/strong><strong>A program c\u00e9lja:<\/strong><\/p>\n<p>Az alapszintr\u0151l indul\u00f3 k\u00e9pz\u00e9s r\u00e9sztvev\u0151i<\/p>\n<ul>\n<li>megismerik az oktat\u00f3vide\u00f3 k\u00e9sz\u00edt\u00e9s\u00e9hez sz\u00fcks\u00e9ges alapvet\u0151 technikai \u00e9s oktat\u00e1sm\u00f3dszertani szempontokat<\/li>\n<li>k\u00e9pess\u00e9 v\u00e1lnak megtervezni \u00e9s leforgatni saj\u00e1t oktat\u00f3vide\u00f3jukat, valamint elsaj\u00e1t\u00edtj\u00e1k az ut\u00f3munk\u00e1latok gyakorlati k\u00e9szs\u00e9g\u00e9t<\/li>\n<li>bel\u00e1tj\u00e1k, hogy az oktat\u00f3vide\u00f3t, mint eszk\u00f6zt, nem el\u00e9g csup\u00e1n k\u00f6zz\u00e9 tenni, hanem a kurzusra adapt\u00e1ltan egy\u00e9ni vagy csoportos tev\u00e9kenys\u00e9gek valamint m\u00e9r\u00e9s-\u00e9rt\u00e9kel\u00e9si pontok r\u00e1\u00e9p\u00edt\u00e9s\u00e9vel \u00e9rdemes alkalmazni<\/li>\n<\/ul>\n<p>A workshop v\u00e9g\u00e9re a r\u00e9sztvev\u0151k a napi oktat\u00f3munk\u00e1ban azonnal hasznos\u00edthat\u00f3 gyakorlati k\u00e9szs\u00e9gekre tesztnek szert, \u00fagy mint:<\/p>\n<ul>\n<li style=\"list-style-type: none\">\n<ul type=\"disc\">\n<li>Milyen a j\u00f3 oktat\u00f3vide\u00f3? (hossza, tagol\u00e1sa, vizu\u00e1lis megjelen\u00e9se, stb.)<\/li>\n<li>Hogyan tervezz\u00fcnk oktat\u00f3vide\u00f3t? (forgat\u00f3k\u00f6nyv, k\u00e9pi vil\u00e1g stb.)<\/li>\n<li>Milyen el\u0151k\u00e9sz\u00fcletekre van sz\u00fcks\u00e9g oktat\u00f3vide\u00f3 felv\u00e9tele el\u0151tt? (infrastrukt\u00fara, h\u00e1tt\u00e9r, besz\u00e9dtechnika, id\u0151beoszt\u00e1s stb.)<\/li>\n<li>Hogyan v\u00e1lasszunk technik\u00e1t\/eszk\u00f6zt? (vil\u00e1g\u00edt\u00e1s, kamera, mikrofon, s\u00fag\u00f3g\u00e9p, t\u00e1bla t\u00edpusok stb.)<\/li>\n<li>Hogyan k\u00e9sz\u00edts\u00fcnk vide\u00f3felv\u00e9telt? (el\u0151ad\u00e1s m\u00f3dja, prezent\u00e1ci\u00f3s elemek, multim\u00e9dia stb.)<\/li>\n<li>Milyen ut\u00f3munk\u00e1latokra van sz\u00fcks\u00e9g oktat\u00f3vide\u00f3 felv\u00e9tele ut\u00e1n? (szerkeszt\u00e9s, jav\u00edt\u00e1s, f\u0151c\u00edm stb.)<\/li>\n<li>Hogyan tegy\u00fck k\u00f6zz\u00e9 oktat\u00f3vide\u00f3nkat? (Kaltura, Moodle stb.)<\/li>\n<li>Hogyan tegy\u00fck interakt\u00edvv\u00e1 oktat\u00f3vide\u00f3nkat? (Kaltura kv\u00edz, H5P stb.)<\/li>\n<\/ul>\n<\/li>\n<\/ul>\n<p><strong>A program jellege:<\/strong><\/p>\n<p>Ez egy tematikus, kiscsoportos oktat\u00f3i tov\u00e1bbk\u00e9pz\u00e9s, melyben a r\u00e9sztvev\u0151k saj\u00e1t p\u00e9ld\u00e1ikon kereszt\u00fcl ismerhetik meg az oktat\u00f3vide\u00f3 k\u00e9sz\u00edt\u00e9s lehet\u0151s\u00e9geit, a tervez\u00e9s folyamat\u00e1t, \u00e9s gyakorolhatj\u00e1k be a felv\u00e9tel k\u00e9sz\u00edt\u00e9st \u00e9s az ut\u00f3munk\u00e1latokat. \u00cdgy a workshopr\u00f3l saj\u00e1t vide\u00f3kkal t\u00e1vozhatnak, melyeket ak\u00e1r m\u00e1r a k\u00f6vetkez\u0151 \u00f3r\u00e1jukon alkalmazni tudnak. Az elk\u00e9sz\u00fclt forgat\u00f3k\u00f6nyvekre \u00e9s felv\u00e9telekre a program sor\u00e1n minden r\u00e9sztvev\u0151 t\u00f6bb alkalommal is kap szem\u00e9lyre szabott visszajelz\u00e9st szak\u00e9rt\u0151i \u00e9s t\u00e1rs\u00e9rt\u00e9kel\u00e9s form\u00e1j\u00e1ban.<\/p>\n<p>12 \u00f3r\u00e1s blended k\u00e9pz\u00e9s (2 \u00f3ra felk\u00e9sz\u00fcl\u00e9s, 8 \u00f3ra interakt\u00edv workshop, 2 \u00f3ra feladatmegold\u00e1s)<\/p>\n<p><strong>Jelentkez\u00e9si felt\u00e9telek:<\/strong><\/p>\n<ul>\n<li>Ez egy tematikus alapk\u00e9pz\u00e9s, melyhez sz\u00fcks\u00e9ges legal\u00e1bb egy szemeszternyi oktat\u00e1sban elt\u00f6lt\u00f6tt id\u0151, hogy a r\u00e9sztvev\u0151 els\u0151dlegesen saj\u00e1t p\u00e9ld\u00e1ival tudjon dolgozni.<\/li>\n<li>Regisztr\u00e1ci\u00f3s k\u00e9rd\u0151\u00edv kit\u00f6lt\u00e9se<\/li>\n<li>A teljes program elv\u00e9gz\u00e9s\u00e9nek v\u00e1llal\u00e1sa: 8 kontakt \u00f3ra szem\u00e9lyes r\u00e9szv\u00e9tellel, ezen k\u00edv\u00fcl (maximum) 4 \u00f3ra \u00f6n\u00e1ll\u00f3 munka a program ideje alatt. Az \u00f6n\u00e1ll\u00f3 munka el\u0151zetesen kiadott seg\u00e9danyagok megtekint\u00e9s\u00e9b\u0151l, saj\u00e1t tant\u00e1rgyi p\u00e9ld\u00e1n val\u00f3 \u00f6n\u00e1ll\u00f3 munk\u00e1b\u00f3l, valamint a workshop ut\u00e1ni reflexi\u00f3b\u00f3l \u00e1ll.<\/li>\n<\/ul>\n<p><strong>Teljes\u00edt\u00e9si felt\u00e9telek:<\/strong><\/p>\n<p>A program elv\u00e9gz\u00e9s\u00e9r\u0151l tan\u00fas\u00edtv\u00e1nyt \u00e1ll\u00edtunk ki. A tan\u00fas\u00edtv\u00e1ny ki\u00e1ll\u00edt\u00e1s\u00e1nak felt\u00e9tele a workshop 100%-\u00e1n val\u00f3 szem\u00e9lyes r\u00e9szv\u00e9tel, a prekurzus feladat elk\u00e9sz\u00edt\u00e9se, \u00e9s a program v\u00e9g\u00e9n egy maximum 3 oldalas reflexi\u00f3 beny\u00fajt\u00e1sa. Felh\u00edvjuk sz\u00edves figyelm\u00e9t, hogy ez egy intenz\u00edv workshop, a tartalmi elemei szorosan egym\u00e1sra \u00e9p\u00fclnek, ez\u00e9rt r\u00e9szletekben t\u00f6rt\u00e9n\u0151 teljes\u00edt\u00e9s\u00e9re nincs m\u00f3d.<\/p>\n<p><strong>L\u00e9tsz\u00e1mkorl\u00e1t<\/strong>:<\/p>\n<p><span style=\"font-size: 1rem\">16 f\u0151 (a program minimum 4 f\u0151 jelentkez\u00e9s\u00e9vel indul!)<\/span><\/p>\n<p><strong>Helysz\u00edn<\/strong>: Nagyv\u00e1rad T\u00e9ri Elm\u00e9leti T\u00f6mb (NET), 16. emelet (Transzl\u00e1ci\u00f3s Medicina Int\u00e9zet t\u00e1rgyal\u00f3terme)<\/p>\n<p><strong><a class=\"button\" href=\"https:\/\/itc.semmelweis.hu\/moodle\/course\/view.php?id=7175\" target=\"_blank\" rel=\"noopener\">BEL\u00c9P\u00c9S A MOODLE-FEL\u00dcLETRE<\/a>\u00a0<\/strong><\/p>\n<p><strong>Id\u0151pont: <\/strong><\/p>\n<p>2026. j\u00fanius 4. cs\u00fct\u00f6rt\u00f6k 8:00-16:00<\/p>\n<p><a class=\"btn btn-danger\" href=\"https:\/\/outlook.office.com\/book\/OktatsfejlesztsiKpzsiNaptr@unisemmelweis.onmicrosoft.com\/s\/DpdhilIDWUqBDEfwuNeQdg2\" target=\"_blank\" rel=\"noopener\"><strong>Jelentkez\u00e9s<\/strong><\/a><\/p>\n<p><strong>Programfelel\u0151s \u00e9s kapcsolattart\u00f3:\u00a0<\/strong><a href=\"https:\/\/semmelweis.hu\/oktatasmodszertan\/magunkrol\/munkatarsak\/\" target=\"_blank\" rel=\"noopener\">Kozma Borb\u00e1la<\/a><\/p>\n<p><strong>A workshopot tartja: <\/strong><a href=\"https:\/\/semmelweis.hu\/telefonkonyv\/?emp_id=20320\" target=\"_blank\" rel=\"noopener\">Dr. Papp J\u00f3zsef P\u00e9ter<\/a><\/p>\n<div class=\"keretes w-100\">\n<p><strong>H\u00e1zhoz megy\u00fcnk<\/strong><\/p>\n<p>A fent megadott konkr\u00e9t id\u0151pontokon t\u00fal v\u00e1rjuk kisebb oktat\u00f3i teamek jelentkez\u00e9s\u00e9t egy-egy konkr\u00e9t fejleszt\u00e9s\u00fck kapcs\u00e1n, illetve v\u00e1llaljuk tansz\u00e9ki vagy kari szint\u0171 \u00e1tfog\u00f3 fejleszt\u00e9sek t\u00e1mogat\u00e1s\u00e1t is. Foglaljon <strong><a href=\"https:\/\/outlook.office.com\/book\/Hzhozmegynk@unisemmelweis.onmicrosoft.com\/\" target=\"_blank\" rel=\"noopener\">napt\u00e1runkban<\/a><\/strong> egy vagy t\u00f6bb alkalmat, melyet teamj\u00fckkel oktat\u00e1sfejleszt\u00e9sre sz\u00e1nnak. A foglal\u00e1s ut\u00e1n felvessz\u00fck \u00d6nnel a kapcsolatot a r\u00e9szletek egyeztet\u00e9se c\u00e9lj\u00e1b\u00f3l. A gyakran ism\u00e9telt k\u00e9rd\u00e9seket \u00e9s r\u00e9szleteket\u00a0<strong><a href=\"https:\/\/semmelweis.hu\/oktatasmodszertan\/kepzesek\/oktatastamogatas-esemenyek\/idopontfoglalas-gyik\/\" target=\"_blank\" rel=\"noopener\">az al\u00e1bbi linken<\/a><\/strong>\u00a0olvashatja.<\/p>\n<\/div>\n\n<\/div><h2 class=\"tabtitle\"><strong>Programterv<\/strong><\/h2>\n<div class=\"tabcontent\">\n\n<h5><strong>2026<\/strong><\/h5>\n<table style=\"width: %\">\n<tbody>\n<tr>\n<td style=\"width: 16.1422%\" width=\"93\">\n<p><strong>Id\u0151pont<\/strong><\/p>\n<\/td>\n<td style=\"width: 58.2133%\" width=\"275\">\n<p><strong>T\u00e9ma<\/strong><\/p>\n<\/td>\n<td style=\"width: 25.3731%\" width=\"255\">\n<p><strong>Munkaforma<\/strong><\/p>\n<\/td>\n<\/tr>\n<tr>\n<td style=\"width: 16.1422%\" width=\"93\">\n<p><strong>8:00-8:45<\/strong>\u00a0<\/p>\n<\/td>\n<td style=\"width: 58.2133%\" width=\"275\">\n<p>Bevezet\u0151, munkarend ismertet\u00e9se, r\u00e1hangol\u00f3d\u00e1s\u00a0<\/p>\n<\/td>\n<td style=\"width: 25.3731%\" width=\"255\">\n<p>&nbsp;<\/p>\n<\/td>\n<\/tr>\n<tr>\n<td style=\"width: 16.1422%\" width=\"93\">\n<p><strong>8:45-10:00<\/strong>\u00a0<\/p>\n<\/td>\n<td style=\"width: 58.2133%\" width=\"275\">\n<p>Az oktat\u00f3vide\u00f3 jellemz\u0151i \u00e9s az elk\u00e9sz\u00edt\u00e9s kell\u00e9kei<\/p>\n<\/td>\n<td style=\"width: 25.3731%\" width=\"255\">\n<p>interakt\u00edv prezent\u00e1ci\u00f3 \u00a0<\/p>\n<\/td>\n<\/tr>\n<tr>\n<td style=\"width: 16.1422%\" width=\"93\">\n<p><strong>10:00-10:15<\/strong>\u00a0<\/p>\n<\/td>\n<td style=\"width: 58.2133%\" width=\"275\">\n<p><em>Sz\u00fcnet\u00a0<\/em><\/p>\n<\/td>\n<td style=\"width: 25.3731%\" width=\"255\">\n<p>&nbsp;<\/p>\n<\/td>\n<\/tr>\n<tr>\n<td style=\"width: 16.1422%\">\n<p><strong>10:15-10:45\u00a0<\/strong><\/p>\n<\/td>\n<td style=\"width: 58.2133%\">\n<p>Oktat\u00f3vide\u00f3t tervez\u00fcnk!<\/p>\n<\/td>\n<td style=\"width: 25.3731%\">\n<p>interakt\u00edv prezent\u00e1ci\u00f3<\/p>\n<\/td>\n<\/tr>\n<tr>\n<td style=\"width: 16.1422%\">\n<p><strong>10:45 &#8211; 11:45<\/strong><\/p>\n<\/td>\n<td style=\"width: 58.2133%\">\n<p>Saj\u00e1t oktat\u00f3vide\u00f3 tervez\u00e9se<\/p>\n<\/td>\n<td style=\"width: 25.3731%\">\n<p>egy\u00e9ni munka<\/p>\n<\/td>\n<\/tr>\n<tr>\n<td style=\"width: 16.1422%\" width=\"93\">\n<p><strong>11:45 &#8211; 12:30<\/strong><\/p>\n<\/td>\n<td style=\"width: 58.2133%\" width=\"275\">\n<p><em>Eb\u00e9dsz\u00fcnet\u00a0<\/em><\/p>\n<\/td>\n<td style=\"width: 25.3731%\" width=\"255\">\n<p>&nbsp;<\/p>\n<\/td>\n<\/tr>\n<tr>\n<td style=\"width: 16.1422%\" width=\"93\">\n<p><strong>12:30 &#8211; 14:00<\/strong><\/p>\n<\/td>\n<td style=\"width: 58.2133%\" width=\"275\">\n<p>Vide\u00f3felv\u00e9telt k\u00e9sz\u00edt\u00fcnk<\/p>\n<\/td>\n<td style=\"width: 25.3731%\" width=\"255\">\n<p>egy\u00e9ni munka<\/p>\n<\/td>\n<\/tr>\n<tr>\n<td style=\"width: 16.1422%\" width=\"93\">\n<p><strong>14:00-14:15<\/strong>\u00a0<\/p>\n<\/td>\n<td style=\"width: 58.2133%\" width=\"275\">\n<p><em>Sz\u00fcnet\u00a0<\/em><\/p>\n<\/td>\n<td style=\"width: 25.3731%\" width=\"255\">\n<p>&nbsp;<\/p>\n<\/td>\n<\/tr>\n<tr>\n<td style=\"width: 16.1422%\" width=\"93\">\n<p><strong>14:15 &#8211; 15:45<\/strong><\/p>\n<\/td>\n<td style=\"width: 58.2133%\" width=\"275\">\n<p>Ut\u00f3munk\u00e1latok \u00e9s k\u00f6zz\u00e9t\u00e9tel<\/p>\n<\/td>\n<td style=\"width: 25.3731%\" width=\"255\">\n<p>egy\u00e9ni munka<\/p>\n<\/td>\n<\/tr>\n<tr id=\"yui_3_18_1_1_1760690311754_109\">\n<td id=\"yui_3_18_1_1_1760690311754_108\" style=\"width: 16.1422%\"><strong>15:45 &#8211; 16:00<\/strong><\/td>\n<td style=\"width: 58.2133%\">Z\u00e1r\u00f3k\u00f6r<\/td>\n<td style=\"width: 25.3731%\" width=\"255\">\n<p>&nbsp;<\/p>\n<\/td>\n<\/tr>\n<\/tbody>\n<\/table>\n<\/div><\/div>\n","protected":false},"excerpt":{"rendered":"<p>a program c\u00edme a program jellege a program form\u00e1ja c\u00e9lcsoport helysz\u00edn \u00cdgy k\u00e9sz\u00edts saj\u00e1t oktat\u00f3vide\u00f3t tematikus workshop <a href=\"https:\/\/itc.semmelweis.hu\/moodle\/course\/view.php?id=7175\" target=\"_blank\" rel=\"noopener\">blended<\/a> minden oktat\u00f3 offline \u00a0A program c\u00e9lja: Az alapszintr\u0151l indul\u00f3 k\u00e9pz\u00e9s r\u00e9sztvev\u0151i megismerik az oktat\u00f3vide\u00f3 k\u00e9sz\u00edt\u00e9s\u00e9hez sz\u00fcks\u00e9ges alapvet\u0151 technikai \u00e9s oktat\u00e1sm\u00f3dszertani szempontokat k\u00e9pess\u00e9 v\u00e1lnak megtervezni \u00e9s leforgatni saj\u00e1t oktat\u00f3vide\u00f3jukat, valamint elsaj\u00e1t\u00edtj\u00e1k az ut\u00f3munk\u00e1latok gyakorlati k\u00e9szs\u00e9g\u00e9t bel\u00e1tj\u00e1k, hogy az oktat\u00f3vide\u00f3t, &hellip;<\/p>\n","protected":false},"author":101470,"featured_media":0,"parent":4876,"menu_order":5,"comment_status":"closed","ping_status":"closed","template":"","meta":{"_acf_changed":false,"footnotes":""},"categories":[],"tags":[],"class_list":["post-5834","page","type-page","status-publish","hentry"],"acf":[],"_links":{"self":[{"href":"https:\/\/semmelweis.hu\/oktatasmodszertan\/wp-json\/wp\/v2\/pages\/5834","targetHints":{"allow":["GET"]}}],"collection":[{"href":"https:\/\/semmelweis.hu\/oktatasmodszertan\/wp-json\/wp\/v2\/pages"}],"about":[{"href":"https:\/\/semmelweis.hu\/oktatasmodszertan\/wp-json\/wp\/v2\/types\/page"}],"author":[{"embeddable":true,"href":"https:\/\/semmelweis.hu\/oktatasmodszertan\/wp-json\/wp\/v2\/users\/101470"}],"replies":[{"embeddable":true,"href":"https:\/\/semmelweis.hu\/oktatasmodszertan\/wp-json\/wp\/v2\/comments?post=5834"}],"version-history":[{"count":10,"href":"https:\/\/semmelweis.hu\/oktatasmodszertan\/wp-json\/wp\/v2\/pages\/5834\/revisions"}],"predecessor-version":[{"id":6376,"href":"https:\/\/semmelweis.hu\/oktatasmodszertan\/wp-json\/wp\/v2\/pages\/5834\/revisions\/6376"}],"up":[{"embeddable":true,"href":"https:\/\/semmelweis.hu\/oktatasmodszertan\/wp-json\/wp\/v2\/pages\/4876"}],"wp:attachment":[{"href":"https:\/\/semmelweis.hu\/oktatasmodszertan\/wp-json\/wp\/v2\/media?parent=5834"}],"wp:term":[{"taxonomy":"category","embeddable":true,"href":"https:\/\/semmelweis.hu\/oktatasmodszertan\/wp-json\/wp\/v2\/categories?post=5834"},{"taxonomy":"post_tag","embeddable":true,"href":"https:\/\/semmelweis.hu\/oktatasmodszertan\/wp-json\/wp\/v2\/tags?post=5834"}],"curies":[{"name":"wp","href":"https:\/\/api.w.org\/{rel}","templated":true}]}}