{"id":5826,"date":"2025-07-10T11:11:43","date_gmt":"2025-07-10T09:11:43","guid":{"rendered":"https:\/\/semmelweis.hu\/oktatasmodszertan\/?page_id=5826"},"modified":"2026-04-01T09:48:58","modified_gmt":"2026-04-01T07:48:58","slug":"mesterseges-intelligencia","status":"publish","type":"page","link":"https:\/\/semmelweis.hu\/oktatasmodszertan\/kepzesek\/oktatoi-kozosseg\/edulab\/mesterseges-intelligencia\/","title":{"rendered":"Mesters\u00e9ges intelligencia"},"content":{"rendered":"<div class=\"responsive-tabs\">\n<h2 class=\"tabtitle\"><strong>R\u00e9szletek<\/strong><\/h2>\n<div class=\"tabcontent\">\n\n<table style=\"width: 99%\" width=\"99%\">\n<tbody>\n<tr>\n<td style=\"width: 37.8082%\" width=\"318\">\n<p><strong>a program c\u00edme<\/strong><\/p>\n<\/td>\n<td style=\"width: 20.274%\" width=\"362\">\n<p><strong>a program jellege<\/strong><\/p>\n<\/td>\n<td style=\"width: 20.5479%\" width=\"299\">\n<p><strong>a program form\u00e1ja<\/strong><\/p>\n<\/td>\n<td style=\"width: 14.5205%\" width=\"297\">\n<p><strong>c\u00e9lcsoport<\/strong><\/p>\n<\/td>\n<td style=\"width: 14.6575%\" width=\"222\">\n<p><strong>helysz\u00edn<\/strong><\/p>\n<\/td>\n<\/tr>\n<tr>\n<td style=\"width: 37.8082%\" width=\"318\">\n<p>Mesters\u00e9ges intelligencia az egyetemi<br \/>\noktat\u00e1sban<\/p>\n<\/td>\n<td style=\"width: 20.274%\" width=\"362\">\n<p>tematikus workshop<\/p>\n<\/td>\n<td style=\"width: 20.5479%\" width=\"299\">\n<p><a href=\"https:\/\/itc.semmelweis.hu\/moodle\/course\/view.php?id=7176\" target=\"_blank\" rel=\"noopener\">blended<\/a><\/p>\n<\/td>\n<td style=\"width: 14.5205%\" width=\"297\">\n<p>minden oktat\u00f3<\/p>\n<\/td>\n<td style=\"width: 14.6575%\" width=\"222\">\n<p>offline<\/p>\n<\/td>\n<\/tr>\n<\/tbody>\n<\/table>\n<p><strong>\u00a0<\/strong><strong>A program c\u00e9lja:<\/strong><\/p>\n<p>Az alapszintr\u0151l indul\u00f3 k\u00e9pz\u00e9s r\u00e9sztvev\u0151i<\/p>\n<ul>\n<li>megismerik a mesters\u00e9ges intelligencia t\u00e9mak\u00f6r\u00e9hez tartoz\u00f3 alapfogalmakat (pl.: g\u00e9pi tanul\u00e1s, nagy nyelvi modellek, hallucin\u00e1ci\u00f3)<\/li>\n<li>k\u00e9pess\u00e9 v\u00e1lnak megfelel\u0151 c\u00e9lspecifikus MI algoritmusok kiv\u00e1laszt\u00e1s\u00e1ra \u00e9s haszn\u00e1lat\u00e1ra, valamint elsaj\u00e1t\u00edtj\u00e1k a promptol\u00e1s gyakorlati k\u00e9szs\u00e9g\u00e9t<\/li>\n<li>bel\u00e1tj\u00e1k, hogy a mesters\u00e9ges intelligenci\u00e1t tilt\u00e1s helyett \u00e9rdemes az oktat\u00e1s szolg\u00e1lat\u00e1ba \u00e1ll\u00edtani<\/li>\n<\/ul>\n<p>\u00c9rintett t\u00e9m\u00e1ink t\u00f6bbek k\u00f6z\u00f6tt: nagy nyelvi modellek, k\u00e9pgener\u00e1l\u00f3 modellek \u00e9s szerz\u0151i jogok, referenciak\u00e9sz\u00edt\u0151k, ellen\u0151rz\u00e9si lehet\u0151s\u00e9gek, oktat\u00e1sban \u00e9s kutat\u00e1sban alkalmazhat\u00f3 lehet\u0151s\u00e9gek. A workshop v\u00e9g\u00e9re a r\u00e9sztvev\u0151k a napi oktat\u00f3munk\u00e1ban azonnal hasznos\u00edthat\u00f3 gyakorlati k\u00e9szs\u00e9gekre tesztnek szert, \u00fagy mint:<\/p>\n<ul>\n<li>sz\u00f6vegek egyszer\u0171 megfogalmaz\u00e1sa (pl.: essz\u00e9, \u00f6sszefoglal\u00e1s, tanmenet \u00edr\u00e1sa)<\/li>\n<li>promptol\u00e1si technik\u00e1k<\/li>\n<li>persz\u00f3na \u00e9p\u00edt\u00e9s<\/li>\n<li>Moodle-feladatok gener\u00e1l\u00e1sa<\/li>\n<li>prezent\u00e1ci\u00f3k\u00e9sz\u00edt\u00e9s, k\u00e9pek gener\u00e1l\u00e1sa, forgat\u00f3k\u00f6nyv k\u00e9sz\u00edt\u00e9se oktat\u00f3vide\u00f3hoz<\/li>\n<\/ul>\n<p><strong>A program jellege:<\/strong><\/p>\n<p>Ez egy tematikus, kiscsoportos oktat\u00f3i tov\u00e1bbk\u00e9pz\u00e9s, melyben a r\u00e9sztvev\u0151k saj\u00e1t p\u00e9ld\u00e1ikon kereszt\u00fcl ismerhetik meg a mesters\u00e9ges intelligencia ny\u00fajtotta lehet\u0151s\u00e9geket, \u00e9s gyakorolhatnak be olyan technik\u00e1kat, melyeket ak\u00e1r m\u00e1r a k\u00f6vetkez\u0151 \u00f3r\u00e1jukon alkalmazni tudnak.\u00a0<\/p>\n<p>20 \u00f3r\u00e1s blended k\u00e9pz\u00e9s (2 \u00f3ra felk\u00e9sz\u00fcl\u00e9s, 16 \u00f3ra interakt\u00edv workshop, 2 \u00f3ra feladatmegold\u00e1s)<\/p>\n<p><strong>Jelentkez\u00e9si felt\u00e9telek:<\/strong><\/p>\n<ol id=\"yui_3_18_1_1_1712302039232_45\">\n<li>Ez egy tematikus alapk\u00e9pz\u00e9s, melyhez sz\u00fcks\u00e9ges legal\u00e1bb egy szemeszternyi oktat\u00e1sban elt\u00f6lt\u00f6tt id\u0151, hogy a r\u00e9sztvev\u0151 els\u0151dlegesen saj\u00e1t p\u00e9ld\u00e1ival tudjon dolgozni.<\/li>\n<li>Regisztr\u00e1ci\u00f3s k\u00e9rd\u0151\u00edv kit\u00f6lt\u00e9se<\/li>\n<li>A teljes program elv\u00e9gz\u00e9s\u00e9nek v\u00e1llal\u00e1sa: 16 kontakt \u00f3ra szem\u00e9lyes r\u00e9szv\u00e9tellel, ezen k\u00edv\u00fcl (maximum) 4 \u00f3ra \u00f6n\u00e1ll\u00f3 munka a program ideje alatt. Az \u00f6n\u00e1ll\u00f3 munka el\u0151zetesen kiadott seg\u00e9danyagok megtekint\u00e9s\u00e9b\u0151l, saj\u00e1t tant\u00e1rgyi p\u00e9ld\u00e1n val\u00f3 \u00f6n\u00e1ll\u00f3 munk\u00e1b\u00f3l, valamint a m\u00e1sodik kontakt alkalom ut\u00e1ni reflexi\u00f3b\u00f3l \u00e1ll.<\/li>\n<\/ol>\n<p><strong>Teljes\u00edt\u00e9si felt\u00e9telek:<\/strong><\/p>\n<p>A program elv\u00e9gz\u00e9s\u00e9r\u0151l tan\u00fas\u00edtv\u00e1nyt \u00e1ll\u00edtunk ki. A tan\u00fas\u00edtv\u00e1ny ki\u00e1ll\u00edt\u00e1s\u00e1nak felt\u00e9tele a workshop 100%-\u00e1n val\u00f3 szem\u00e9lyes r\u00e9szv\u00e9tel, a prekurzus feladat elk\u00e9sz\u00edt\u00e9se, \u00e9s a program v\u00e9g\u00e9n egy maximum 3 oldalas reflexi\u00f3 beny\u00fajt\u00e1sa. Felh\u00edvjuk sz\u00edves figyelm\u00e9t, hogy ez egy intenz\u00edv workshop, a tartalmi elemei szorosan egym\u00e1sra \u00e9p\u00fclnek, ez\u00e9rt r\u00e9szletekben t\u00f6rt\u00e9n\u0151 teljes\u00edt\u00e9s\u00e9re nincs m\u00f3d.<\/p>\n<p><strong>L\u00e9tsz\u00e1mkorl\u00e1t<\/strong>:\u00a0<\/p>\n<p>40 f\u0151 (a program minimum 12 f\u0151 jelentkez\u00e9s\u00e9vel indul!)<\/p>\n<p><strong><a class=\"button\" href=\"https:\/\/itc.semmelweis.hu\/moodle\/course\/view.php?id=7176\" target=\"_blank\" rel=\"noopener\">BEL\u00c9P\u00c9S A MOODLE-FEL\u00dcLETRE<\/a>\u00a0<\/strong><\/p>\n<p><strong>Id\u0151pont \u00e9s helysz\u00edn:<\/strong><\/p>\n<p>2026. m\u00e1jus 20-21. szerda-cs\u00fct\u00f6rt\u00f6k 8:00-16:00<\/p>\n<p>2026. m\u00e1jus 27-28. szerda-cs\u00fct\u00f6rt\u00f6k 8:00-16:00<\/p>\n<table>\n<tbody>\n<tr>\n<td><strong>FONTOS!\u00a0<\/strong>Az \u0171rlapon val\u00f3 jelentkez\u00e9s a workshop els\u0151 napj\u00e1ra t\u00f6rt\u00e9nik, az Outlookban azonban k\u00e9s\u0151bb mindk\u00e9t napra megkapja az esem\u00e9nymegh\u00edv\u00f3t.<\/td>\n<\/tr>\n<\/tbody>\n<\/table>\n<p><a class=\"btn btn-danger\" href=\"https:\/\/outlook.office.com\/book\/OktatsfejlesztsiKpzsiNaptr@unisemmelweis.onmicrosoft.com\/s\/lHi_HN1KtUWEy0NPj6w6Fw2\" target=\"_blank\" rel=\"noopener\"><strong>Jelentkez\u00e9s<\/strong><\/a><\/p>\n<p><strong>Programfelel\u0151s \u00e9s kapcsolattart\u00f3:\u00a0<\/strong><a href=\"https:\/\/semmelweis.hu\/oktatasmodszertan\/magunkrol\/munkatarsak\/\" target=\"_blank\" rel=\"noopener\">Kozma Borb\u00e1la<\/a><\/p>\n<p><strong>A workshopot tartja: <\/strong><a href=\"https:\/\/semmelweis.hu\/telefonkonyv\/?emp_id=20320\" target=\"_blank\" rel=\"noopener\">Dr. Papp J\u00f3zsef P\u00e9ter<\/a><\/p>\n<div class=\"keretes w-100\">\n<p><strong>H\u00e1zhoz megy\u00fcnk<\/strong><\/p>\n<p>A fent megadott konkr\u00e9t id\u0151pontokon t\u00fal v\u00e1rjuk kisebb oktat\u00f3i teamek jelentkez\u00e9s\u00e9t egy-egy konkr\u00e9t fejleszt\u00e9s\u00fck kapcs\u00e1n, illetve v\u00e1llaljuk tansz\u00e9ki vagy kari szint\u0171 \u00e1tfog\u00f3 fejleszt\u00e9sek t\u00e1mogat\u00e1s\u00e1t is. Foglaljon <strong><a href=\"https:\/\/outlook.office.com\/book\/Hzhozmegynk@unisemmelweis.onmicrosoft.com\/\" target=\"_blank\" rel=\"noopener\">napt\u00e1runkban<\/a><\/strong> egy vagy t\u00f6bb alkalmat, melyet teamj\u00fckkel oktat\u00e1sfejleszt\u00e9sre sz\u00e1nnak. A foglal\u00e1s ut\u00e1n felvessz\u00fck \u00d6nnel a kapcsolatot a r\u00e9szletek egyeztet\u00e9se c\u00e9lj\u00e1b\u00f3l. A gyakran ism\u00e9telt k\u00e9rd\u00e9seket \u00e9s r\u00e9szleteket\u00a0<strong><a href=\"https:\/\/semmelweis.hu\/oktatasmodszertan\/kepzesek\/oktatastamogatas-esemenyek\/idopontfoglalas-gyik\/\" target=\"_blank\" rel=\"noopener\">az al\u00e1bbi linken<\/a><\/strong>\u00a0olvashatja.<\/p>\n<\/div>\n\n<\/div><h2 class=\"tabtitle\"><strong>Programterv<\/strong><\/h2>\n<div class=\"tabcontent\">\n\n<h5><strong>2026<\/strong><\/h5>\n<p><span style=\"color: #ff0000\"><em>Hamarosan<\/em><\/span><\/p>\n<p>&nbsp;<\/p>\n<h5><strong>2025<\/strong><\/h5>\n<p><a class=\"button\" href=\"https:\/\/semmelweis.hu\/oktatasmodszertan\/files\/2025\/08\/programterv-MI-a-helyzet-mesterseges-intelligencia-workshop_2025.pdf\" target=\"_blank\" rel=\"noopener\">Programterv<\/a><\/p>\n<p><strong>Prekurzus feladatok: <\/strong>2025 augusztusa<\/p>\n<table>\n<tbody>\n<tr>\n<td style=\"width: 155px\" width=\"95\">\n<p><strong>id\u0151pont<\/strong><\/p>\n<\/td>\n<td style=\"width: 74px\" width=\"74\">\n<p><strong>t\u00e9ma<\/strong><\/p>\n<\/td>\n<td style=\"width: 208px\" width=\"208\">\n<p><strong>munkaforma<\/strong><\/p>\n<\/td>\n<td style=\"width: 387px\" width=\"387\">\n<p><strong>feladat<\/strong><\/p>\n<\/td>\n<\/tr>\n<tr>\n<td style=\"width: 155px\" width=\"95\">\n<p>&nbsp;<\/p>\n<p>javasolt id\u0151r\u00e1ford\u00edt\u00e1s:<br \/>\nkb. 2 \u00f3ra<\/p>\n<\/td>\n<td style=\"width: 74px\" width=\"74\">\n<p>MI \u00e9s \u00e9n<\/p>\n<\/td>\n<td style=\"width: 208px\" width=\"208\">\n<p>egy\u00e9ni felk\u00e9sz\u00fcl\u00e9s (Moodle)<\/p>\n<\/td>\n<td style=\"width: 387px\" width=\"387\">\n<p>Saj\u00e1t \u00f3raterv vagy egy \u00f3ra tananyaga<\/p>\n<p>MI-alkalmaz\u00e1sok \u00e9s szolg\u00e1ltat\u00e1sok megismer\u00e9se<\/p>\n<p>Regisztr\u00e1ci\u00f3 a megadott alkalmaz\u00e1sokba.<\/p>\n<p>A jegyzetek let\u00f6lt\u00e9se<\/p>\n<p>TKM kit\u00f6lt\u00e9se (bel\u00e9p\u0151k\u00e1rtya oldal)<\/p>\n<\/td>\n<\/tr>\n<\/tbody>\n<\/table>\n<p><strong>Els\u0151 nap: <\/strong>2025. augusztus 26.; 2025. szeptember 1.<strong><br \/>\n<\/strong><\/p>\n<table>\n<tbody>\n<tr>\n<td width=\"95\">\n<p>9:00-10:00<\/p>\n<\/td>\n<td width=\"377\">\n<p>bevezet\u0151, munkarend ismertet\u00e9se, r\u00e1hangol\u00f3d\u00e1s<\/p>\n<\/td>\n<td width=\"290\">\n<p>megbesz\u00e9l\u00e9s<\/p>\n<\/td>\n<\/tr>\n<tr>\n<td width=\"95\">\n<p>10:00-11:00<\/p>\n<\/td>\n<td width=\"377\">\n<p>elm\u00e9leti alapok \u00e1tism\u00e9tl\u00e9se<\/p>\n<\/td>\n<td width=\"290\">\n<p>interakt\u00edv prezent\u00e1ci\u00f3<\/p>\n<\/td>\n<\/tr>\n<tr>\n<td width=\"95\">\n<p>11:00-11:15<\/p>\n<\/td>\n<td width=\"377\">\n<p>sz\u00fcnet<\/p>\n<\/td>\n<td width=\"290\">\n<p>&nbsp;<\/p>\n<\/td>\n<\/tr>\n<tr>\n<td width=\"95\">\n<p>11:15-12:15<\/p>\n<\/td>\n<td width=\"377\">\n<p>alkalmaz\u00e1sok megv\u00e1laszt\u00e1sa<\/p>\n<\/td>\n<td width=\"290\">\n<p>csoportmunka<\/p>\n<\/td>\n<\/tr>\n<tr>\n<td width=\"95\">\n<p>12:15-12:45<\/p>\n<\/td>\n<td width=\"377\">\n<p>a promptol\u00e1s recept\u00far\u00e1ja<\/p>\n<\/td>\n<td width=\"290\">\n<p>prezent\u00e1ci\u00f3<\/p>\n<\/td>\n<\/tr>\n<tr>\n<td width=\"95\">\n<p>12:45-13:30<\/p>\n<\/td>\n<td width=\"377\">\n<p>eb\u00e9dsz\u00fcnet<\/p>\n<\/td>\n<td width=\"290\">\n<p>&nbsp;<\/p>\n<\/td>\n<\/tr>\n<tr>\n<td width=\"95\">\n<p>13:30-15:00<\/p>\n<\/td>\n<td width=\"377\">\n<p>promptol\u00e1s a gyakorlatban<\/p>\n<\/td>\n<td width=\"290\">\n<p>vezetett egy\u00e9ni munka<\/p>\n<\/td>\n<\/tr>\n<tr>\n<td width=\"95\">\n<p>15:00-15:15<\/p>\n<\/td>\n<td width=\"377\">\n<p>sz\u00fcnet<\/p>\n<\/td>\n<td width=\"290\">\n<p>&nbsp;<\/p>\n<\/td>\n<\/tr>\n<tr>\n<td width=\"95\">\n<p>15:15-16:15<\/p>\n<\/td>\n<td width=\"377\">\n<p>MI a helyzet \u2013 pro\/con<\/p>\n<\/td>\n<td width=\"290\">\n<p>moder\u00e1lt vita<\/p>\n<\/td>\n<\/tr>\n<tr>\n<td width=\"95\">\n<p>16:15-17:00<\/p>\n<\/td>\n<td width=\"377\">\n<p>z\u00e1r\u00f3k\u00f6r, felk\u00e9sz\u00fcl\u00e9s a m\u00e1sodik napra<\/p>\n<\/td>\n<td width=\"290\">\n<p>csoportos reflexi\u00f3<\/p>\n<\/td>\n<\/tr>\n<\/tbody>\n<\/table>\n<p><strong>M\u00e1sodik nap: <\/strong>2025. <span style=\"font-size: 1rem\">augusztus 27.; <\/span><span style=\"font-size: 1rem\">2025. szeptember 2.<\/span><\/p>\n<table>\n<tbody>\n<tr>\n<td width=\"95\">\n<p>9:00-9:30<\/p>\n<\/td>\n<td width=\"377\">\n<p>bevezet\u0151, munkarend ismertet\u00e9se, r\u00e1hangol\u00f3d\u00e1s<\/p>\n<\/td>\n<td width=\"290\">\n<p>megbesz\u00e9l\u00e9s<\/p>\n<\/td>\n<\/tr>\n<tr>\n<td width=\"95\">\n<p>9:30-10:00<\/p>\n<\/td>\n<td width=\"377\">\n<p>megapromptok fel\u00e9p\u00edt\u00e9se, alkalmaz\u00e1sa<\/p>\n<\/td>\n<td width=\"290\">\n<p>prezent\u00e1ci\u00f3<\/p>\n<\/td>\n<\/tr>\n<tr>\n<td width=\"95\">\n<p>10:00-11:00<\/p>\n<\/td>\n<td width=\"377\">\n<p>persz\u00f3na \u00e9p\u00edt\u00e9s a gyakorlatban<\/p>\n<\/td>\n<td width=\"290\">\n<p>vezetett egy\u00e9ni munka<\/p>\n<\/td>\n<\/tr>\n<tr>\n<td width=\"95\">\n<p>11:00-11:15<\/p>\n<\/td>\n<td width=\"377\">\n<p>sz\u00fcnet<\/p>\n<\/td>\n<td width=\"290\">\n<p>&nbsp;<\/p>\n<\/td>\n<\/tr>\n<tr>\n<td width=\"95\">\n<p>11:15-12:15<\/p>\n<\/td>\n<td width=\"377\">\n<p>Moodle-feladatok gener\u00e1l\u00e1sa<\/p>\n<\/td>\n<td width=\"290\">\n<p>prezent\u00e1ci\u00f3<\/p>\n<\/td>\n<\/tr>\n<tr>\n<td width=\"95\">\n<p>12:15-12:45<\/p>\n<\/td>\n<td width=\"377\">\n<p>Moodle-feladatok gener\u00e1l\u00e1sa a gyakorlatban I.<\/p>\n<\/td>\n<td width=\"290\">\n<p>vezetett egy\u00e9ni munka<\/p>\n<\/td>\n<\/tr>\n<tr>\n<td width=\"95\">\n<p>12:45-13:30<\/p>\n<\/td>\n<td width=\"377\">\n<p>eb\u00e9dsz\u00fcnet<\/p>\n<\/td>\n<td width=\"290\">\n<p>&nbsp;<\/p>\n<\/td>\n<\/tr>\n<tr>\n<td width=\"95\">\n<p>13:30-14:15<\/p>\n<\/td>\n<td width=\"377\">\n<p>Moodle-feladatok gener\u00e1l\u00e1sa a gyakorlatban II.<\/p>\n<\/td>\n<td width=\"290\">\n<p>vezetett egy\u00e9ni munka<\/p>\n<\/td>\n<\/tr>\n<tr>\n<td width=\"95\">\n<p>14:15-14:30<\/p>\n<\/td>\n<td width=\"377\">\n<p>prezent\u00e1ci\u00f3k\u00e9sz\u00edt\u00e9s, k\u00e9pek gener\u00e1l\u00e1sa<\/p>\n<\/td>\n<td width=\"290\">\n<p>prezent\u00e1ci\u00f3<\/p>\n<\/td>\n<\/tr>\n<tr>\n<td width=\"95\">\n<p>14:30-15:00<\/p>\n<\/td>\n<td width=\"377\">\n<p>prezent\u00e1ci\u00f3k\u00e9sz\u00edt\u00e9s, k\u00e9pek gener\u00e1l\u00e1sa a gyakorlatban<\/p>\n<\/td>\n<td width=\"290\">\n<p>vezetett egy\u00e9ni munka<\/p>\n<\/td>\n<\/tr>\n<tr>\n<td width=\"95\">\n<p>15:00-15:15<\/p>\n<\/td>\n<td width=\"377\">\n<p>sz\u00fcnet<\/p>\n<\/td>\n<td width=\"290\">\n<p>&nbsp;<\/p>\n<\/td>\n<\/tr>\n<tr>\n<td width=\"95\">\n<p>15:15-16:00<\/p>\n<\/td>\n<td width=\"377\">\n<p>forr\u00e1skutat\u00e1s, elemz\u00e9s, hivatkoz\u00e1sok<\/p>\n<\/td>\n<td width=\"290\">\n<p>prezent\u00e1ci\u00f3 \u00e9s egy\u00e9ni munka<\/p>\n<\/td>\n<\/tr>\n<tr>\n<td width=\"95\">\n<p>16:00-16:15<\/p>\n<\/td>\n<td width=\"377\">\n<p>forgat\u00f3k\u00f6nyv k\u00e9sz\u00edt\u00e9se oktat\u00f3vide\u00f3hoz<\/p>\n<\/td>\n<td width=\"290\">\n<p>prezent\u00e1ci\u00f3<\/p>\n<\/td>\n<\/tr>\n<tr>\n<td width=\"95\">\n<p>16:15-16:45<\/p>\n<\/td>\n<td width=\"377\">\n<p>forgat\u00f3k\u00f6nyv k\u00e9sz\u00edt\u00e9se oktat\u00f3vide\u00f3hoz a gyakorlatban<\/p>\n<\/td>\n<td width=\"290\">\n<p>vezetett egy\u00e9ni munka<\/p>\n<\/td>\n<\/tr>\n<tr>\n<td width=\"95\">\n<p>16:45-17:00<\/p>\n<\/td>\n<td width=\"377\">\n<p>z\u00e1r\u00f3k\u00f6r<\/p>\n<\/td>\n<td width=\"290\">\n<p>csoportos reflexi\u00f3<\/p>\n<\/td>\n<\/tr>\n<\/tbody>\n<\/table>\n<p><strong>Posztkurzus feladatok: <\/strong>2025 szeptembere<\/p>\n<table>\n<tbody>\n<tr>\n<td width=\"95\">\n<p><strong>id\u0151pont<\/strong><\/p>\n<\/td>\n<td width=\"74\">\n<p><strong>t\u00e9ma<\/strong><\/p>\n<\/td>\n<td width=\"208\">\n<p><strong>munkaforma<\/strong><\/p>\n<\/td>\n<td width=\"387\">\n<p><strong>feladat<\/strong><\/p>\n<\/td>\n<\/tr>\n<tr>\n<td width=\"95\">\n<p>&nbsp;<\/p>\n<p>javasolt id\u0151r\u00e1ford\u00edt\u00e1s:<br \/>\nkb. 2 \u00f3ra<\/p>\n<\/td>\n<td width=\"74\">\n<p>MI \u00e9s \u00e9n<\/p>\n<\/td>\n<td width=\"208\">\n<p>egy\u00e9ni munka (Moodle)<\/p>\n<\/td>\n<td width=\"387\">\n<p>gyakorl\u00e1s saj\u00e1t anyagokkal<\/p>\n<p>egy\u00e9ni reflexi\u00f3 beny\u00fajt\u00e1sa<\/p>\n<\/td>\n<\/tr>\n<\/tbody>\n<\/table>\n<\/div><\/div>\n","protected":false},"excerpt":{"rendered":"<p>a program c\u00edme a program jellege a program form\u00e1ja c\u00e9lcsoport helysz\u00edn Mesters\u00e9ges intelligencia az egyetemi oktat\u00e1sban tematikus workshop <a href=\"https:\/\/itc.semmelweis.hu\/moodle\/course\/view.php?id=7176\" target=\"_blank\" rel=\"noopener\">blended<\/a> minden oktat\u00f3 offline \u00a0A program c\u00e9lja: Az alapszintr\u0151l indul\u00f3 k\u00e9pz\u00e9s r\u00e9sztvev\u0151i megismerik a mesters\u00e9ges intelligencia t\u00e9mak\u00f6r\u00e9hez tartoz\u00f3 alapfogalmakat (pl.: g\u00e9pi tanul\u00e1s, nagy nyelvi modellek, hallucin\u00e1ci\u00f3) k\u00e9pess\u00e9 v\u00e1lnak megfelel\u0151 c\u00e9lspecifikus MI algoritmusok kiv\u00e1laszt\u00e1s\u00e1ra \u00e9s haszn\u00e1lat\u00e1ra, valamint elsaj\u00e1t\u00edtj\u00e1k a &hellip;<\/p>\n","protected":false},"author":101470,"featured_media":0,"parent":4876,"menu_order":9,"comment_status":"closed","ping_status":"closed","template":"","meta":{"_acf_changed":false,"footnotes":""},"categories":[],"tags":[],"class_list":["post-5826","page","type-page","status-publish","hentry"],"acf":[],"_links":{"self":[{"href":"https:\/\/semmelweis.hu\/oktatasmodszertan\/wp-json\/wp\/v2\/pages\/5826","targetHints":{"allow":["GET"]}}],"collection":[{"href":"https:\/\/semmelweis.hu\/oktatasmodszertan\/wp-json\/wp\/v2\/pages"}],"about":[{"href":"https:\/\/semmelweis.hu\/oktatasmodszertan\/wp-json\/wp\/v2\/types\/page"}],"author":[{"embeddable":true,"href":"https:\/\/semmelweis.hu\/oktatasmodszertan\/wp-json\/wp\/v2\/users\/101470"}],"replies":[{"embeddable":true,"href":"https:\/\/semmelweis.hu\/oktatasmodszertan\/wp-json\/wp\/v2\/comments?post=5826"}],"version-history":[{"count":10,"href":"https:\/\/semmelweis.hu\/oktatasmodszertan\/wp-json\/wp\/v2\/pages\/5826\/revisions"}],"predecessor-version":[{"id":6379,"href":"https:\/\/semmelweis.hu\/oktatasmodszertan\/wp-json\/wp\/v2\/pages\/5826\/revisions\/6379"}],"up":[{"embeddable":true,"href":"https:\/\/semmelweis.hu\/oktatasmodszertan\/wp-json\/wp\/v2\/pages\/4876"}],"wp:attachment":[{"href":"https:\/\/semmelweis.hu\/oktatasmodszertan\/wp-json\/wp\/v2\/media?parent=5826"}],"wp:term":[{"taxonomy":"category","embeddable":true,"href":"https:\/\/semmelweis.hu\/oktatasmodszertan\/wp-json\/wp\/v2\/categories?post=5826"},{"taxonomy":"post_tag","embeddable":true,"href":"https:\/\/semmelweis.hu\/oktatasmodszertan\/wp-json\/wp\/v2\/tags?post=5826"}],"curies":[{"name":"wp","href":"https:\/\/api.w.org\/{rel}","templated":true}]}}