{"id":5610,"date":"2025-02-18T10:48:10","date_gmt":"2025-02-18T09:48:10","guid":{"rendered":"https:\/\/semmelweis.hu\/oktatasmodszertan\/?page_id=5610"},"modified":"2026-03-31T16:40:09","modified_gmt":"2026-03-31T14:40:09","slug":"a-gamifikacio-jelentosege","status":"publish","type":"page","link":"https:\/\/semmelweis.hu\/oktatasmodszertan\/kepzesek\/alapkepzesek\/a-gamifikacio-jelentosege\/","title":{"rendered":"A gamifik\u00e1ci\u00f3 jelent\u0151s\u00e9ge"},"content":{"rendered":"<div class=\"responsive-tabs\">\n<h2 class=\"tabtitle\"><strong>R\u00e9szletek<\/strong><\/h2>\n<div class=\"tabcontent\">\n\n<table>\n<tbody>\n<tr>\n<td style=\"width: 169.064%\" width=\"214\">\n<p><strong>a program c\u00edme<\/strong><\/p>\n<\/td>\n<td style=\"width: 19.8101%\" width=\"226\">\n<p><strong>a program jellege<\/strong><\/p>\n<\/td>\n<td style=\"width: 20.3528%\" width=\"192\">\n<p><strong>a program form\u00e1ja<\/strong><\/p>\n<\/td>\n<td style=\"width: 14.3826%\" width=\"196\">\n<p><strong>c\u00e9lcsoport<\/strong><\/p>\n<\/td>\n<td style=\"width: 1.35685%\">\n<p><strong>helysz\u00edn\u00a0<\/strong><\/p>\n<\/td>\n<\/tr>\n<tr>\n<td style=\"width: 169.064%\" width=\"214\">\n<p>Tanul\u00e1si eredm\u00e9ny alap\u00fa fels\u0151oktat\u00e1s: Oktat\u00e1sinformatikai rendszereink. A gamifik\u00e1ci\u00f3 jelent\u0151s\u00e9ge. Oktat\u00e1stechnol\u00f3giai t\u00e1mogat\u00e1s: a m\u00e9r\u00e9s-\u00e9rt\u00e9kel\u00e9s j\u00e1t\u00e9kos\u00edt\u00e1si lehet\u0151s\u00e9gei<\/p>\n<\/td>\n<td style=\"width: 19.8101%\" width=\"226\">\n<p>alapk\u00e9pz\u00e9s<\/p>\n<\/td>\n<td style=\"width: 20.3528%\" width=\"192\">\n<p>workshop<\/p>\n<\/td>\n<td style=\"width: 14.3826%\" width=\"196\">\n<p>minden oktat\u00f3<\/p>\n<\/td>\n<td style=\"width: 1.35685%\">\n<p>offline<\/p>\n<\/td>\n<\/tr>\n<\/tbody>\n<\/table>\n<p><strong>Tervezett t\u00e9mak\u00f6r\u00f6k:<\/strong><\/p>\n<ul>\n<li data-prosemirror-content-type=\"node\" data-prosemirror-node-name=\"paragraph\" data-prosemirror-node-block=\"true\" data-pm-slice=\"1 1 []\">Elm\u00e9leti bevezet\u00e9s \u2013 Gamifik\u00e1ci\u00f3 (defin\u00edci\u00f3) \u00e9s teszt-hat\u00e1s<\/li>\n<li data-prosemirror-content-type=\"node\" data-prosemirror-node-name=\"paragraph\" data-prosemirror-node-block=\"true\">Saj\u00e1t\u00e9lm\u00e9ny-alap\u00fa oktat\u00e1s, Level-Up pontrendszer (gamifik\u00e1ci\u00f3 a Moodle-ben)<\/li>\n<li data-prosemirror-content-type=\"node\" data-prosemirror-node-name=\"paragraph\" data-prosemirror-node-block=\"true\">Gamifik\u00e1ci\u00f3 a gyakorlatban<\/li>\n<li data-prosemirror-content-type=\"node\" data-prosemirror-node-name=\"paragraph\" data-prosemirror-node-block=\"true\">Gyakorlati r\u00e9sz \u2013 saj\u00e1t gamifik\u00e1ci\u00f3s megold\u00e1sok k\u00e9sz\u00edt\u00e9se \u00e9s bemutat\u00e1sa<\/li>\n<\/ul>\n<p><strong>A program jellege:<\/strong><\/p>\n<p>Ez egy tematikus, kiscsoportos oktat\u00f3i tov\u00e1bbk\u00e9pz\u00e9s, melyben a r\u00e9sztvev\u0151k saj\u00e1t p\u00e9ld\u00e1ikon kereszt\u00fcl ismerhetik meg a j\u00e1t\u00e9kos\u00edt\u00e1s lehet\u0151s\u00e9geit. A workshopr\u00f3l saj\u00e1t megold\u00e1sokkal (pl. pontrendszer, kv\u00edz) t\u00e1vozhatnak, melyet ak\u00e1r m\u00e1r a k\u00f6vetkez\u0151 \u00f3r\u00e1jukon alkalmazni tudnak. Az elk\u00e9sz\u00fclt megold\u00e1sokra a program sor\u00e1n minden r\u00e9sztvev\u0151 szem\u00e9lyre szabott visszajelz\u00e9st kap szak\u00e9rt\u0151i \u00e9s t\u00e1rs\u00e9rt\u00e9kel\u00e9s form\u00e1j\u00e1ban.<\/p>\n<p>A workshopon lehet\u0151s\u00e9g ny\u00edlik saj\u00e1t pontrendszer, valamint kv\u00edz elk\u00e9sz\u00edt\u00e9s\u00e9re, emiatt <strong>saj\u00e1t laptopot<\/strong> sz\u00fcks\u00e9ges hozni.<\/p>\n<p><strong>Teljes\u00edt\u00e9si felt\u00e9telek:<\/strong><\/p>\n<p>A program elv\u00e9gz\u00e9s\u00e9r\u0151l tan\u00fas\u00edtv\u00e1nyt \u00e1ll\u00edtunk ki. A tan\u00fas\u00edtv\u00e1ny ki\u00e1ll\u00edt\u00e1s\u00e1nak felt\u00e9tele a workshop 100%-\u00e1n val\u00f3 szem\u00e9lyes r\u00e9szv\u00e9tel.<\/p>\n<p><strong>L\u00e9tsz\u00e1mkorl\u00e1t<\/strong>: 16 f\u0151<\/p>\n<p><strong>Helysz\u00edn:\u00a0<\/strong>Nagyv\u00e1rad t\u00e9ri Elm\u00e9let T\u00f6mb, fsz. 18\/a iroda<\/p>\n<p><strong>Id\u0151pont:<\/strong><\/p>\n<p>2026. \u00e1prilis 14. kedd 8:00-16:00<\/p>\n<p>2026. m\u00e1jus 5. kedd 8:00-16:00<\/p>\n<p><a class=\"btn btn-danger\" href=\"https:\/\/outlook.office.com\/book\/OktatsfejlesztsiKpzsiNaptr@unisemmelweis.onmicrosoft.com\/s\/gZukDMslsEK2chFPMddQ-g2\" target=\"_blank\" rel=\"noopener\"><strong>Jelentkez\u00e9s<\/strong><\/a><\/p>\n<p><strong>Programfelel\u0151s \u00e9s kapcsolattart\u00f3:\u00a0<\/strong><a href=\"https:\/\/semmelweis.hu\/oktatasmodszertan\/magunkrol\/munkatarsak\/\" target=\"_blank\" rel=\"noopener\">Monz\u00e9ger Katalin<\/a><\/p>\n<div class=\"keretes w-100\">\n<p><strong>H\u00e1zhoz megy\u00fcnk<\/strong><\/p>\n<p>A fent megadott konkr\u00e9t id\u0151pontokon t\u00fal v\u00e1rjuk kisebb oktat\u00f3i teamek jelentkez\u00e9s\u00e9t egy-egy konkr\u00e9t fejleszt\u00e9s\u00fck kapcs\u00e1n, illetve v\u00e1llaljuk tansz\u00e9ki vagy kari szint\u0171 \u00e1tfog\u00f3 fejleszt\u00e9sek t\u00e1mogat\u00e1s\u00e1t is. Foglaljon <strong><a href=\"https:\/\/outlook.office.com\/book\/Hzhozmegynk@unisemmelweis.onmicrosoft.com\/\" target=\"_blank\" rel=\"noopener\">napt\u00e1runkban<\/a><\/strong> egy vagy t\u00f6bb alkalmat, melyet teamj\u00fckkel oktat\u00e1sfejleszt\u00e9sre sz\u00e1nnak. A foglal\u00e1s ut\u00e1n felvessz\u00fck \u00d6nnel a kapcsolatot a r\u00e9szletek egyeztet\u00e9se c\u00e9lj\u00e1b\u00f3l. A gyakran ism\u00e9telt k\u00e9rd\u00e9seket \u00e9s r\u00e9szleteket\u00a0<strong><a href=\"https:\/\/semmelweis.hu\/oktatasmodszertan\/kepzesek\/oktatastamogatas-esemenyek\/idopontfoglalas-gyik\/\" target=\"_blank\" rel=\"noopener\">az al\u00e1bbi linken<\/a><\/strong>\u00a0olvashatja.<\/p>\n<\/div>\n\n<\/div><h2 class=\"tabtitle\"><strong>Programterv<\/strong><\/h2>\n<div class=\"tabcontent\">\n\n<h5><strong>2026<\/strong><\/h5>\n<table style=\"width: 105.108%\">\n<tbody>\n<tr>\n<td style=\"width: 575px\" width=\"334\">\n<p><strong>t\u00e9ma<\/strong><\/p>\n<\/td>\n<td style=\"width: 200px\" width=\"347\">\n<p><strong>oktat\u00f3<\/strong><\/p>\n<\/td>\n<\/tr>\n<tr>\n<td style=\"width: 575px\" width=\"334\">\n<p>Elm\u00e9leti bevezet\u00e9s \u2013 Gamifik\u00e1ci\u00f3 (defin\u00edci\u00f3) \u00e9s teszt-hat\u00e1s<\/p>\n<\/td>\n<td style=\"width: 200px\" width=\"347\">\n<p><em>Dr. Valentn\u00e9 Dr. Albert \u00c9va<\/em><\/p>\n<\/td>\n<\/tr>\n<tr>\n<td style=\"width: 575px\" width=\"334\">\n<p>Saj\u00e1t\u00e9lm\u00e9ny-alap\u00fa oktat\u00e1s, Level-Up pontrendszer (gamifik\u00e1ci\u00f3 a Moodle-ben)<\/p>\n<\/td>\n<td style=\"width: 200px\" width=\"347\">\n<p><em>Dr. Torn\u00f3ci L\u00e1szl\u00f3<\/em><\/p>\n<\/td>\n<\/tr>\n<tr>\n<td style=\"width: 775px\" colspan=\"2\">\n<p style=\"text-align: left\"><em>sz\u00fcnet<\/em><\/p>\n<\/td>\n<\/tr>\n<tr>\n<td style=\"width: 575px\" width=\"334\">\n<p>Gamifik\u00e1ci\u00f3 a gyakorlatban<\/p>\n<\/td>\n<td style=\"width: 200px\" width=\"347\">\n<p><em>Dr. Frank Tam\u00e1s<\/em><\/p>\n<\/td>\n<\/tr>\n<tr>\n<td style=\"width: 575px\">\n<p>Gyakorlati r\u00e9sz \u2013 saj\u00e1t gamifik\u00e1ci\u00f3s megold\u00e1sok k\u00e9sz\u00edt\u00e9se \u00e9s bemutat\u00e1sa<\/p>\n<\/td>\n<td style=\"width: 200px\">\n<p><em>dr. Monz\u00e9ger Katalin<\/em><\/p>\n<\/td>\n<\/tr>\n<\/tbody>\n<\/table>\n<\/div><\/div>\n","protected":false},"excerpt":{"rendered":"<p>a program c\u00edme a program jellege a program form\u00e1ja c\u00e9lcsoport helysz\u00edn\u00a0 Tanul\u00e1si eredm\u00e9ny alap\u00fa fels\u0151oktat\u00e1s: Oktat\u00e1sinformatikai rendszereink. A gamifik\u00e1ci\u00f3 jelent\u0151s\u00e9ge. Oktat\u00e1stechnol\u00f3giai t\u00e1mogat\u00e1s: a m\u00e9r\u00e9s-\u00e9rt\u00e9kel\u00e9s j\u00e1t\u00e9kos\u00edt\u00e1si lehet\u0151s\u00e9gei alapk\u00e9pz\u00e9s workshop minden oktat\u00f3 offline Tervezett t\u00e9mak\u00f6r\u00f6k: Elm\u00e9leti bevezet\u00e9s \u2013 Gamifik\u00e1ci\u00f3 (defin\u00edci\u00f3) \u00e9s teszt-hat\u00e1s Saj\u00e1t\u00e9lm\u00e9ny-alap\u00fa oktat\u00e1s, Level-Up pontrendszer (gamifik\u00e1ci\u00f3 a Moodle-ben) Gamifik\u00e1ci\u00f3 a gyakorlatban Gyakorlati r\u00e9sz \u2013 saj\u00e1t gamifik\u00e1ci\u00f3s &hellip;<\/p>\n","protected":false},"author":101470,"featured_media":0,"parent":2313,"menu_order":4,"comment_status":"closed","ping_status":"closed","template":"","meta":{"_acf_changed":false,"footnotes":""},"categories":[],"tags":[],"class_list":["post-5610","page","type-page","status-publish","hentry"],"acf":[],"_links":{"self":[{"href":"https:\/\/semmelweis.hu\/oktatasmodszertan\/wp-json\/wp\/v2\/pages\/5610","targetHints":{"allow":["GET"]}}],"collection":[{"href":"https:\/\/semmelweis.hu\/oktatasmodszertan\/wp-json\/wp\/v2\/pages"}],"about":[{"href":"https:\/\/semmelweis.hu\/oktatasmodszertan\/wp-json\/wp\/v2\/types\/page"}],"author":[{"embeddable":true,"href":"https:\/\/semmelweis.hu\/oktatasmodszertan\/wp-json\/wp\/v2\/users\/101470"}],"replies":[{"embeddable":true,"href":"https:\/\/semmelweis.hu\/oktatasmodszertan\/wp-json\/wp\/v2\/comments?post=5610"}],"version-history":[{"count":10,"href":"https:\/\/semmelweis.hu\/oktatasmodszertan\/wp-json\/wp\/v2\/pages\/5610\/revisions"}],"predecessor-version":[{"id":6373,"href":"https:\/\/semmelweis.hu\/oktatasmodszertan\/wp-json\/wp\/v2\/pages\/5610\/revisions\/6373"}],"up":[{"embeddable":true,"href":"https:\/\/semmelweis.hu\/oktatasmodszertan\/wp-json\/wp\/v2\/pages\/2313"}],"wp:attachment":[{"href":"https:\/\/semmelweis.hu\/oktatasmodszertan\/wp-json\/wp\/v2\/media?parent=5610"}],"wp:term":[{"taxonomy":"category","embeddable":true,"href":"https:\/\/semmelweis.hu\/oktatasmodszertan\/wp-json\/wp\/v2\/categories?post=5610"},{"taxonomy":"post_tag","embeddable":true,"href":"https:\/\/semmelweis.hu\/oktatasmodszertan\/wp-json\/wp\/v2\/tags?post=5610"}],"curies":[{"name":"wp","href":"https:\/\/api.w.org\/{rel}","templated":true}]}}