{"id":5562,"date":"2025-02-05T15:32:44","date_gmt":"2025-02-05T14:32:44","guid":{"rendered":"https:\/\/semmelweis.hu\/oktatasmodszertan\/?page_id=5562"},"modified":"2026-04-01T15:41:12","modified_gmt":"2026-04-01T13:41:12","slug":"objektiv-strukturalt-klinikai-vizsga-osce","status":"publish","type":"page","link":"https:\/\/semmelweis.hu\/oktatasmodszertan\/kepzesek\/tovabbkepzesek\/objektiv-strukturalt-klinikai-vizsga-osce\/","title":{"rendered":"Objekt\u00edv struktur\u00e1lt klinikai vizsga (OSCE)"},"content":{"rendered":"<div class=\"responsive-tabs\">\n<h2 class=\"tabtitle\"><strong>R\u00e9szletek<\/strong><\/h2>\n<div class=\"tabcontent\">\n\n<table width=\"99%\">\n<tbody>\n<tr>\n<td width=\"214\">\n<p><strong>a program c\u00edme<\/strong><\/p>\n<\/td>\n<td width=\"226\">\n<p><strong>a program jellege<\/strong><\/p>\n<\/td>\n<td width=\"192\">\n<p><strong>a program form\u00e1ja<\/strong><\/p>\n<\/td>\n<td width=\"196\">\n<p><strong>c\u00e9lcsoport<\/strong><\/p>\n<\/td>\n<td width=\"153\">\n<p><strong>helysz\u00edn<\/strong><\/p>\n<\/td>\n<\/tr>\n<tr>\n<td width=\"214\">\n<p>Objekt\u00edv struktur\u00e1lt klinikai vizsga<\/p>\n<\/td>\n<td width=\"226\">\n<p>tematikus workshop<\/p>\n<\/td>\n<td width=\"192\">\n<p><a href=\"https:\/\/itc.semmelweis.hu\/moodle\/course\/view.php?id=7181\">blended<\/a><\/p>\n<\/td>\n<td width=\"196\">\n<p>minden oktat\u00f3<\/p>\n<\/td>\n<td width=\"153\">\n<p>offline<\/p>\n<\/td>\n<\/tr>\n<\/tbody>\n<\/table>\n<p><strong>A program c\u00e9lja:<\/strong><\/p>\n<p>Az alapszintr\u0151l indul\u00f3 k\u00e9pz\u00e9s r\u00e9sztvev\u0151i<\/p>\n<ul>\n<li>megismerik az objekt\u00edv struktur\u00e1lt klinikai vizsga (OSCE) \u00f6ssze\u00e1ll\u00edt\u00e1s\u00e1hoz sz\u00fcks\u00e9ges alapvet\u0151 technikai \u00e9s oktat\u00e1sm\u00f3dszertani szempontokat<\/li>\n<li>k\u00e9pess\u00e9 v\u00e1lnak megtervezni \u00e9s \u00f6ssze\u00e1ll\u00edtani saj\u00e1t OSCE-t, megv\u00e1lasztani az oktat\u00e1si c\u00e9lnak megfelel\u0151 m\u00e9r\u00e9si pontokat, valamint elsaj\u00e1t\u00edtj\u00e1k az OSCE lebonyol\u00edt\u00e1s\u00e1hoz sz\u00fcks\u00e9ges gyakorlati k\u00e9szs\u00e9geket<\/li>\n<li>bel\u00e1tj\u00e1k, hogy az OSCE-t, mint eszk\u00f6zt, nem el\u00e9g csup\u00e1n bevezetni, hanem az eg\u00e9sz kurzust \u00fagy kell fel\u00e9p\u00edteni, hogy a c\u00e9lok \u00e9s a tev\u00e9kenys\u00e9gek \u00f6sszhangban legyenek a m\u00e9rend\u0151 kompetenci\u00e1kkal<\/li>\n<\/ul>\n<p>A workshop v\u00e9g\u00e9re a r\u00e9sztvev\u0151k a napi oktat\u00f3munk\u00e1ban azonnal hasznos\u00edthat\u00f3 gyakorlati k\u00e9szs\u00e9gekre tesztnek szert, \u00fagy mint:<\/p>\n<ul type=\"disc\">\n<li>Milyen a j\u00f3 vizsga?<\/li>\n<li>Hogyan tervezz\u00fcnk objekt\u00edv \u00e9s struktur\u00e1lt vizsg\u00e1t?<\/li>\n<li>Milyen el\u0151k\u00e9sz\u00fcletekre van sz\u00fcks\u00e9g egy OSCE \u00f6ssze\u00e1ll\u00edt\u00e1sa el\u0151tt?<\/li>\n<li>Hogyan v\u00e1lasszunk m\u00e9r\u00e9si pontokat, \u00e9s \u00e9rt\u00e9kel\u00e9si m\u00f3dokat?<\/li>\n<li>Hogyan illessz\u00fck a k\u00e9pz\u00e9sbe az OSCE-t?<\/li>\n<li>Milyen ut\u00f3munk\u00e1latokra van sz\u00fcks\u00e9g az OSCE \u00f6ssze\u00e1ll\u00edt\u00e1sa ut\u00e1n?<\/li>\n<li>Hogyan k\u00e9sz\u00edts\u00fck fel a vizsg\u00e1ztat\u00f3kat egy OSCE lebonyol\u00edt\u00e1s\u00e1ra?<\/li>\n<li>Hogyan bonyol\u00edtsunk le egy OSCE-t?<\/li>\n<\/ul>\n<p><strong>A program jellege:<\/strong><\/p>\n<p>Ez egy tematikus, kiscsoportos oktat\u00f3i tov\u00e1bbk\u00e9pz\u00e9s, melyben a r\u00e9sztvev\u0151k saj\u00e1t p\u00e9ld\u00e1ikon kereszt\u00fcl ismerhetik meg az objekt\u00edv struktur\u00e1lt klinikai vizsga k\u00e9sz\u00edt\u00e9s\u00e9nek lehet\u0151s\u00e9geit, a tervez\u00e9s folyamat\u00e1t, \u00e9s gyakorolhatj\u00e1k be a lebonyol\u00edt\u00e1shoz sz\u00fcks\u00e9ges k\u00e9szs\u00e9geket. \u00cdgy a workshopr\u00f3l saj\u00e1t objekt\u00edv struktur\u00e1lt klinikai vizsga tervvel t\u00e1vozhatnak, mely alapj\u00e1n \u00e1tgondolhatj\u00e1k a kurzusuk tartalmi \u00e9s tev\u00e9kenys\u00e9gekre vonatkoz\u00f3 elemeit. Az elk\u00e9sz\u00fclt OSCE tervekre a program sor\u00e1n minden r\u00e9sztvev\u0151 t\u00f6bb alkalommal is kap szem\u00e9lyre szabott visszajelz\u00e9st szak\u00e9rt\u0151i \u00e9s t\u00e1rs\u00e9rt\u00e9kel\u00e9s form\u00e1j\u00e1ban.<\/p>\n<p>20 \u00f3r\u00e1s blended k\u00e9pz\u00e9s (2 \u00f3ra felk\u00e9sz\u00fcl\u00e9s, 16 \u00f3ra interakt\u00edv workshop, 2 \u00f3ra feladatmegold\u00e1s)<\/p>\n<p><strong>Jelentkez\u00e9si felt\u00e9telek:<\/strong><\/p>\n<ol>\n<li>Ez egy tematikus alapk\u00e9pz\u00e9s, melyhez sz\u00fcks\u00e9ges legal\u00e1bb egy szemeszternyi oktat\u00e1sban elt\u00f6lt\u00f6tt id\u0151, hogy a r\u00e9sztvev\u0151 els\u0151dlegesen saj\u00e1t p\u00e9ld\u00e1ival tudjon dolgozni.<\/li>\n<li>Regisztr\u00e1ci\u00f3s k\u00e9rd\u0151\u00edv kit\u00f6lt\u00e9se<\/li>\n<li>A teljes program elv\u00e9gz\u00e9s\u00e9nek v\u00e1llal\u00e1sa: 16 kontakt \u00f3ra szem\u00e9lyes r\u00e9szv\u00e9tellel, ezen k\u00edv\u00fcl (maximum) 4 \u00f3ra \u00f6n\u00e1ll\u00f3 munka a program ideje alatt. Az \u00f6n\u00e1ll\u00f3 munka el\u0151zetesen kiadott seg\u00e9danyagok megtekint\u00e9s\u00e9b\u0151l, saj\u00e1t tant\u00e1rgyi p\u00e9ld\u00e1n val\u00f3 \u00f6n\u00e1ll\u00f3 munk\u00e1b\u00f3l, valamint a workshop ut\u00e1ni reflexi\u00f3b\u00f3l \u00e1ll.<\/li>\n<\/ol>\n<p><strong>Teljes\u00edt\u00e9si felt\u00e9telek:<\/strong><\/p>\n<p>A program elv\u00e9gz\u00e9s\u00e9r\u0151l tan\u00fas\u00edtv\u00e1nyt \u00e1ll\u00edtunk ki. A tan\u00fas\u00edtv\u00e1ny ki\u00e1ll\u00edt\u00e1s\u00e1nak felt\u00e9tele a workshop 100%-\u00e1n val\u00f3 szem\u00e9lyes r\u00e9szv\u00e9tel, a prekurzus feladat elk\u00e9sz\u00edt\u00e9se, \u00e9s a program v\u00e9g\u00e9n egy maximum 3 oldalas reflexi\u00f3 beny\u00fajt\u00e1sa. Felh\u00edvjuk sz\u00edves figyelm\u00e9t, hogy ez egy intenz\u00edv workshop, a tartalmi elemei szorosan egym\u00e1sra \u00e9p\u00fclnek, ez\u00e9rt r\u00e9szletekben t\u00f6rt\u00e9n\u0151 teljes\u00edt\u00e9s\u00e9re nincs m\u00f3d.<\/p>\n<p><strong>L\u00e9tsz\u00e1mkorl\u00e1t<\/strong>:\u00a0<\/p>\n<p>16 f\u0151 (a program minimum 4 f\u0151 jelentkez\u00e9s\u00e9vel indul!)<\/p>\n<p><strong>Helysz\u00edn<\/strong>: szervez\u00e9s alatt<\/p>\n<p><a class=\"button\" href=\"https:\/\/itc.semmelweis.hu\/moodle\/course\/view.php?id=7181\" target=\"_blank\" rel=\"noopener\">BEL\u00c9P\u00c9S A MOODLE-FEL\u00dcLETRE<\/a><\/p>\n<p><strong>Id\u0151pontok:<\/strong><\/p>\n<p><em>OSCE vizsg\u00e1ztat\u00f3k\u00e9pz\u00e9s workshop:<\/em><\/p>\n<p>2026. janu\u00e1r 28-29. 8:00-16:00<\/p>\n<p>2026. \u00e1prilis 15-16. 8:00-16:00<\/p>\n<p>2026. j\u00fanius 10-11. 8:00-16:00<\/p>\n<table style=\"border-collapse: collapse;width: 100%\">\n<tbody>\n<tr>\n<td style=\"width: 100%\"><strong>FONTOS!\u00a0<\/strong>Az \u0171rlapon val\u00f3 jelentkez\u00e9s a workshop els\u0151 napj\u00e1ra t\u00f6rt\u00e9nik, az Outlookban azonban k\u00e9s\u0151bb mindk\u00e9t napra megkapja az esem\u00e9nymegh\u00edv\u00f3t.<\/td>\n<\/tr>\n<\/tbody>\n<\/table>\n<p><a class=\"btn btn-danger\" href=\"https:\/\/outlook.office.com\/book\/OktatsfejlesztsiKpzsiNaptr@unisemmelweis.onmicrosoft.com\/s\/XzcK0ID1iEaOaahpp0MuYw2?ismsaljsauthenabled\" target=\"_blank\" rel=\"noopener\"><strong>JELENTKEZ\u00c9S<\/strong><\/a><\/p>\n<p><em>OSCE pilot vizsga:<\/em><\/p>\n<p>2026. febru\u00e1r 19. 8:00-16:00<\/p>\n<p>2026. m\u00e1jus 14. 8:00-16:00<\/p>\n<table style=\"border-collapse: collapse;width: 100%\">\n<tbody>\n<tr>\n<td style=\"width: 100%\"><strong>FONTOS! <\/strong>A vizsgahelysz\u00edn berendez\u00e9se \u00e9s az \u00e1llom\u00e1sok v\u00e9gleges\u00edt\u00e9se m\u00e1jus 13-\u00e1n lesz azok sz\u00e1m\u00e1ra, akik az aktu\u00e1lis pilot vizsg\u00e1n r\u00e9szt vesznek.<\/td>\n<\/tr>\n<\/tbody>\n<\/table>\n<p><a class=\"btn btn-danger\" href=\"https:\/\/outlook.office.com\/book\/OktatsfejlesztsiKpzsiNaptr@unisemmelweis.onmicrosoft.com\/s\/GDLOA-PZqUOQWDCOek7AAA2?ismsaljsauthenabled\" target=\"_blank\" rel=\"noopener\"><strong>JELENTKEZ\u00c9S<\/strong><\/a><\/p>\n<p><em>SIMCapture:<\/em><\/p>\n<p>2026. \u00e1prilis 1. szerda 16:30-18:30<\/p>\n<p>2026. \u00e1prilis 8. szerda 16:30-18:30<\/p>\n<p>2026. \u00e1prilis 15. szerda 16:30-18:30<\/p>\n<p>2026. \u00e1prilis 22. szerda 16:30-18:30<\/p>\n<p>2026. \u00e1prilis 29. szerda 16:30-18:30<\/p>\n<p><a class=\"btn btn-danger\" href=\"https:\/\/outlook.office.com\/book\/OktatsfejlesztsiKpzsiNaptr@unisemmelweis.onmicrosoft.com\/s\/5QU2PuCngUmmjBW7ha7bFA2\" target=\"_blank\" rel=\"noopener\"><strong>Jelentkez\u00e9s<\/strong><\/a><\/p>\n<p><strong>Programfelel\u0151s \u00e9s kapcsolattart\u00f3:\u00a0<\/strong><a href=\"https:\/\/semmelweis.hu\/oktatasmodszertan\/magunkrol\/munkatarsak\/\" target=\"_blank\" rel=\"noopener noreferrer\">Kozma Borb\u00e1la<\/a><\/p>\n<div class=\"keretes w-100\">\n<p><strong>H\u00e1zhoz megy\u00fcnk<\/strong><\/p>\n<p>A fent megadott konkr\u00e9t id\u0151pontokon t\u00fal v\u00e1rjuk kisebb oktat\u00f3i teamek jelentkez\u00e9s\u00e9t egy-egy konkr\u00e9t fejleszt\u00e9s\u00fck kapcs\u00e1n, illetve v\u00e1llaljuk tansz\u00e9ki vagy kari szint\u0171 \u00e1tfog\u00f3 fejleszt\u00e9sek t\u00e1mogat\u00e1s\u00e1t is. Foglaljon <strong><a href=\"https:\/\/outlook.office.com\/book\/Hzhozmegynk@unisemmelweis.onmicrosoft.com\/\" target=\"_blank\" rel=\"noopener\">napt\u00e1runkban<\/a><\/strong> egy vagy t\u00f6bb alkalmat, melyet teamj\u00fckkel oktat\u00e1sfejleszt\u00e9sre sz\u00e1nnak. A foglal\u00e1s ut\u00e1n felvessz\u00fck \u00d6nnel a kapcsolatot a r\u00e9szletek egyeztet\u00e9se c\u00e9lj\u00e1b\u00f3l. A gyakran ism\u00e9telt k\u00e9rd\u00e9seket \u00e9s r\u00e9szleteket\u00a0<strong><a href=\"https:\/\/semmelweis.hu\/oktatasmodszertan\/kepzesek\/oktatastamogatas-esemenyek\/idopontfoglalas-gyik\/\" target=\"_blank\" rel=\"noopener\">az al\u00e1bbi linken<\/a><\/strong>\u00a0olvashatja.<\/p>\n<\/div>\n\n<\/div><h2 class=\"tabtitle\"><strong>Programterv<\/strong><\/h2>\n<div class=\"tabcontent\">\n\n<p><span style=\"color: #ff0000\"><em>Hamarosan<\/em><\/span><\/p>\n<\/div><\/div>\n","protected":false},"excerpt":{"rendered":"<p>a program c\u00edme a program jellege a program form\u00e1ja c\u00e9lcsoport helysz\u00edn Objekt\u00edv struktur\u00e1lt klinikai vizsga tematikus workshop <a href=\"https:\/\/itc.semmelweis.hu\/moodle\/course\/view.php?id=7181\">blended<\/a> minden oktat\u00f3 offline A program c\u00e9lja: Az alapszintr\u0151l indul\u00f3 k\u00e9pz\u00e9s r\u00e9sztvev\u0151i megismerik az objekt\u00edv struktur\u00e1lt klinikai vizsga (OSCE) \u00f6ssze\u00e1ll\u00edt\u00e1s\u00e1hoz sz\u00fcks\u00e9ges alapvet\u0151 technikai \u00e9s oktat\u00e1sm\u00f3dszertani szempontokat k\u00e9pess\u00e9 v\u00e1lnak megtervezni \u00e9s \u00f6ssze\u00e1ll\u00edtani saj\u00e1t OSCE-t, megv\u00e1lasztani az oktat\u00e1si c\u00e9lnak megfelel\u0151 m\u00e9r\u00e9si &hellip;<\/p>\n","protected":false},"author":101470,"featured_media":0,"parent":2318,"menu_order":4,"comment_status":"closed","ping_status":"closed","template":"","meta":{"_acf_changed":false,"footnotes":""},"categories":[],"tags":[],"class_list":["post-5562","page","type-page","status-publish","hentry"],"acf":[],"_links":{"self":[{"href":"https:\/\/semmelweis.hu\/oktatasmodszertan\/wp-json\/wp\/v2\/pages\/5562","targetHints":{"allow":["GET"]}}],"collection":[{"href":"https:\/\/semmelweis.hu\/oktatasmodszertan\/wp-json\/wp\/v2\/pages"}],"about":[{"href":"https:\/\/semmelweis.hu\/oktatasmodszertan\/wp-json\/wp\/v2\/types\/page"}],"author":[{"embeddable":true,"href":"https:\/\/semmelweis.hu\/oktatasmodszertan\/wp-json\/wp\/v2\/users\/101470"}],"replies":[{"embeddable":true,"href":"https:\/\/semmelweis.hu\/oktatasmodszertan\/wp-json\/wp\/v2\/comments?post=5562"}],"version-history":[{"count":11,"href":"https:\/\/semmelweis.hu\/oktatasmodszertan\/wp-json\/wp\/v2\/pages\/5562\/revisions"}],"predecessor-version":[{"id":6389,"href":"https:\/\/semmelweis.hu\/oktatasmodszertan\/wp-json\/wp\/v2\/pages\/5562\/revisions\/6389"}],"up":[{"embeddable":true,"href":"https:\/\/semmelweis.hu\/oktatasmodszertan\/wp-json\/wp\/v2\/pages\/2318"}],"wp:attachment":[{"href":"https:\/\/semmelweis.hu\/oktatasmodszertan\/wp-json\/wp\/v2\/media?parent=5562"}],"wp:term":[{"taxonomy":"category","embeddable":true,"href":"https:\/\/semmelweis.hu\/oktatasmodszertan\/wp-json\/wp\/v2\/categories?post=5562"},{"taxonomy":"post_tag","embeddable":true,"href":"https:\/\/semmelweis.hu\/oktatasmodszertan\/wp-json\/wp\/v2\/tags?post=5562"}],"curies":[{"name":"wp","href":"https:\/\/api.w.org\/{rel}","templated":true}]}}