{"id":5455,"date":"2024-12-18T11:03:38","date_gmt":"2024-12-18T10:03:38","guid":{"rendered":"https:\/\/semmelweis.hu\/oktatasmodszertan\/?page_id=5455"},"modified":"2025-07-14T11:23:53","modified_gmt":"2025-07-14T09:23:53","slug":"a-seka-val-elerheto-szolgaltatasok","status":"publish","type":"page","link":"https:\/\/semmelweis.hu\/oktatasmodszertan\/e-learning\/a-seka-azonositorol\/a-seka-val-elerheto-szolgaltatasok\/","title":{"rendered":"A SeKA-val el\u00e9rhet\u0151 szolg\u00e1ltat\u00e1sok"},"content":{"rendered":"<p><strong>Mivel a SeKA-azonos\u00edt\u00f3 egyben EduID-azonos\u00edt\u00f3k\u00e9nt (l\u00e1sd <a href=\"http:\/\/eduid.hu\/\">eduid.hu<\/a>) is m\u0171k\u00f6dik, arra is alkalmas, hogy olyan egyetemi \u00e9s egyetemen k\u00edv\u00fcli szolg\u00e1ltat\u00e1sokat haszn\u00e1ljunk vele, melyekhez EduID-bel\u00e9p\u00e9s sz\u00fcks\u00e9ges.<\/strong><\/p>\n<p><em>Az al\u00e1bbi lista nem teljes k\u00f6r\u0171, ezen k\u00edv\u00fcl m\u00e9g l\u00e9tezhetnek olyan szolg\u00e1ltat\u00e1sok, melyek EduID-azonos\u00edt\u00f3val el\u00e9rhet\u0151k.<\/em><\/p>\n<h5><a href=\"https:\/\/itc.semmelweis.hu\/\" target=\"_blank\" rel=\"noopener\">Moodle<\/a><\/h5>\n<p>Az egyetem e-learning rendszere, ahol minden egyes tant\u00e1rgyhoz k\u00fcl\u00f6n fel\u00fclet tartozik az oktat\u00f3k \u00e1ltal felt\u00f6lt\u00f6tt tov\u00e1bbi tartalmakkal (pl. jegyzetek, feladatok). <a href=\"https:\/\/semmelweis.hu\/oktatasmodszertan\/e-learning\/moodle-e-learning-rendszer\/\" target=\"_blank\" rel=\"noopener\"><em>Tov\u00e1bbi inform\u00e1ci\u00f3 -&gt;<\/em><\/a><\/p>\n<h5><a href=\"https:\/\/semmelweis.zoom.us\/\" target=\"_blank\" rel=\"noopener\">Zoom<\/a><\/h5>\n<p>Videokonferencia-szoftver, mely seg\u00edts\u00e9g\u00e9vel lehet\u0151s\u00e9g ny\u00edlik online el\u0151ad\u00e1sok, gyakorlatok \u00e9s egy\u00e9b esem\u00e9nyek lebonyol\u00edt\u00e1s\u00e1ra. <a href=\"https:\/\/semmelweis.hu\/oktatasmodszertan\/e-learning\/zoom-utmutato\/\" target=\"_blank\" rel=\"noopener\"><em>Tov\u00e1bbi inform\u00e1ci\u00f3 -&gt;<\/em><\/a><\/p>\n<h5><a href=\"https:\/\/kaltura.semmelweis.hu\/\" target=\"_blank\" rel=\"noopener\">Kaltura<\/a><\/h5>\n<p>Vide\u00f3t\u00e1rhely \u00e9s interakt\u00edv vide\u00f3k k\u00e9sz\u00edt\u00e9s\u00e9nek eszk\u00f6ze <a href=\"https:\/\/semmelweis.hu\/oktatasmodszertan\/e-learning\/kaltura-videotarhely\/\" target=\"_blank\" rel=\"noopener\"><em>Tov\u00e1bbi inform\u00e1ci\u00f3 -&gt;<\/em><\/a><\/p>\n<h5><a href=\"https:\/\/feedback.semmelweis.hu\/feedback\/\" target=\"_blank\" rel=\"noopener\">QR feedback rendszer<\/a><\/h5>\n<p>Minden karon el\u00e9rhet\u0151 \u00e9s haszn\u00e1lhat\u00f3 az a QR-k\u00f3dos rendszer, mellyel azonnali, \u201con the spot\u201d visszajelz\u00e9st lehet k\u00e9rni a hallgat\u00f3kt\u00f3l el\u0151ad\u00e1sok \u00e9s gyakorlatok ut\u00e1n. A honlapon tov\u00e1bb\u00e1 megtekinthet\u0151k az OMHV-k\u00e9rd\u0151\u00edvek eredm\u00e9nyei \u00e9s az int\u00e9zked\u00e9si tervek. <em><a href=\"https:\/\/semmelweis.hu\/oktatasmodszertan\/oktatasertekeles\/feedback\/\" target=\"_blank\" rel=\"noopener\">Tov\u00e1bbi inform\u00e1ci\u00f3 -&gt;<\/a><\/em><\/p>\n<h5><a href=\"https:\/\/filesender.hu\/\" target=\"_blank\" rel=\"noopener\">Filesender<\/a><\/h5>\n<p>A honlap seg\u00edts\u00e9g\u00e9vel nagy \u00e1llom\u00e1nyokat k\u00fcldhet\u00fcnk biztons\u00e1gosan egy vagy t\u00f6bb c\u00edmzett sz\u00e1m\u00e1ra an\u00e9lk\u00fcl, hogy a levelez\u0151rendszerek korl\u00e1tait figyelembe kellene venni.<\/p>\n<h5><a href=\"https:\/\/mersz.hu\/\" target=\"_blank\" rel=\"noopener\">MeRSZ<\/a><\/h5>\n<p>Szakk\u00f6nyvek \u00e9s tank\u00f6nyvek teljes tartalma mellett sz\u00e1mos olyan funkci\u00f3t \u00e9rhet\u0151 el, amelyek megk\u00f6nny\u00edtik a tanul\u00e1st \u00e9s a tudom\u00e1nyos munk\u00e1t.<\/p>\n<h5><a href=\"https:\/\/lists.semmelweis-univ.hu\/lists\" target=\"_blank\" rel=\"noopener\">Levelez\u00e9si list\u00e1k<\/a><\/h5>\n<p>Egyetemi levelez\u0151list\u00e1k l\u00e9trehoz\u00e1sa \u00e9s kezel\u00e9se<\/p>\n<h5><a href=\"https:\/\/lib.semmelweis.hu\/\" target=\"_blank\" rel=\"noopener\">Egyetemi K\u00f6nyvt\u00e1r<\/a><\/h5>\n<p>A k\u00f6nyvt\u00e1r szolg\u00e1ltat\u00e1sainak ig\u00e9nybev\u00e9tele<\/p>\n<h5><a href=\"https:\/\/lib.semmelweis.hu\/app\/excellenceAdmin\" target=\"_blank\" rel=\"noopener\">Excellence adatb\u00e1zis<\/a><\/h5>\n<p>Az Excellence adatb\u00e1zisban minden kutat\u00f3 saj\u00e1t maga tarthat nyilv\u00e1n t\u00f6bb olyan adatot, melyek a munk\u00e1ja elismerts\u00e9g\u00e9t jelzik (tudom\u00e1nyos t\u00e1rsas\u00e1gbeli tiszts\u00e9gek, tags\u00e1gok, nemzetk\u00f6zi akad\u00e9miai tags\u00e1gok, szerkeszt\u0151s\u00e9gi ill. b\u00edr\u00e1l\u00f3i tags\u00e1gok tudom\u00e1nyos foly\u00f3iratokban, d\u00edjak, kit\u00fcntet\u00e9sek).<\/p>\n<h5><a href=\"https:\/\/www.mtmt.hu\/\" target=\"_blank\" rel=\"noopener\">Videotorium<\/a><\/h5>\n<p>A fels\u0151oktat\u00e1s \u00e9s kutat\u00e1s szerepl\u0151i sz\u00e1m\u00e1ra l\u00e9trehozott speci\u00e1lis video \u00e9s audio megoszt\u00f3 port\u00e1l<\/p>\n","protected":false},"excerpt":{"rendered":"<p>Mivel a SeKA-azonos\u00edt\u00f3 egyben EduID-azonos\u00edt\u00f3k\u00e9nt (l\u00e1sd <a href=\"http:\/\/eduid.hu\/\">eduid.hu<\/a> ) is m\u0171k\u00f6dik, arra is alkalmas, hogy olyan egyetemi \u00e9s egyetemen k\u00edv\u00fcli szolg\u00e1ltat\u00e1sokat haszn\u00e1ljunk vele, melyekhez EduID-bel\u00e9p\u00e9s sz\u00fcks\u00e9ges. Az al\u00e1bbi lista nem teljes k\u00f6r\u0171, ezen k\u00edv\u00fcl m\u00e9g l\u00e9tezhetnek olyan szolg\u00e1ltat\u00e1sok, melyek EduID-azonos\u00edt\u00f3val el\u00e9rhet\u0151k. <a href=\"https:\/\/itc.semmelweis.hu\/\" target=\"_blank\" rel=\"noopener\">Moodle<\/a> Az egyetem e-learning rendszere, ahol minden egyes tant\u00e1rgyhoz k\u00fcl\u00f6n fel\u00fclet tartozik az oktat\u00f3k \u00e1ltal felt\u00f6lt\u00f6tt tov\u00e1bbi &hellip;<\/p>\n","protected":false},"author":101470,"featured_media":0,"parent":1517,"menu_order":1,"comment_status":"closed","ping_status":"closed","template":"","meta":{"_acf_changed":false,"footnotes":""},"categories":[],"tags":[],"class_list":["post-5455","page","type-page","status-publish","hentry"],"acf":[],"_links":{"self":[{"href":"https:\/\/semmelweis.hu\/oktatasmodszertan\/wp-json\/wp\/v2\/pages\/5455","targetHints":{"allow":["GET"]}}],"collection":[{"href":"https:\/\/semmelweis.hu\/oktatasmodszertan\/wp-json\/wp\/v2\/pages"}],"about":[{"href":"https:\/\/semmelweis.hu\/oktatasmodszertan\/wp-json\/wp\/v2\/types\/page"}],"author":[{"embeddable":true,"href":"https:\/\/semmelweis.hu\/oktatasmodszertan\/wp-json\/wp\/v2\/users\/101470"}],"replies":[{"embeddable":true,"href":"https:\/\/semmelweis.hu\/oktatasmodszertan\/wp-json\/wp\/v2\/comments?post=5455"}],"version-history":[{"count":10,"href":"https:\/\/semmelweis.hu\/oktatasmodszertan\/wp-json\/wp\/v2\/pages\/5455\/revisions"}],"predecessor-version":[{"id":5892,"href":"https:\/\/semmelweis.hu\/oktatasmodszertan\/wp-json\/wp\/v2\/pages\/5455\/revisions\/5892"}],"up":[{"embeddable":true,"href":"https:\/\/semmelweis.hu\/oktatasmodszertan\/wp-json\/wp\/v2\/pages\/1517"}],"wp:attachment":[{"href":"https:\/\/semmelweis.hu\/oktatasmodszertan\/wp-json\/wp\/v2\/media?parent=5455"}],"wp:term":[{"taxonomy":"category","embeddable":true,"href":"https:\/\/semmelweis.hu\/oktatasmodszertan\/wp-json\/wp\/v2\/categories?post=5455"},{"taxonomy":"post_tag","embeddable":true,"href":"https:\/\/semmelweis.hu\/oktatasmodszertan\/wp-json\/wp\/v2\/tags?post=5455"}],"curies":[{"name":"wp","href":"https:\/\/api.w.org\/{rel}","templated":true}]}}