{"id":5229,"date":"2024-10-04T11:50:29","date_gmt":"2024-10-04T09:50:29","guid":{"rendered":"https:\/\/semmelweis.hu\/oktatasmodszertan\/?page_id=5229"},"modified":"2026-01-05T10:56:07","modified_gmt":"2026-01-05T09:56:07","slug":"oktatoi-zsebkonyv","status":"publish","type":"page","link":"https:\/\/semmelweis.hu\/oktatasmodszertan\/oktatasi-segedanyagok\/tovabbvezeto-anyagok\/oktatoi-zsebkonyv\/","title":{"rendered":"Oktat\u00f3i zsebk\u00f6nyv"},"content":{"rendered":"<h3><strong style=\"color: #1e2326;font-family: 'PT serif', serif;font-size: 1rem\">Az OFMSZK 2024 \u0151sz\u00e9t\u0151l egy m\u00f3dszertani \u00fatmutat\u00f3k\u00e9nt szolg\u00e1l\u00f3 kiadv\u00e1nnyal is t\u00e1mogatni k\u00edv\u00e1nja a Semmelweis Egyetem oktat\u00f3it, mely <a href=\"https:\/\/semmelweis.hu\/oktatasmodszertan\/files\/2026\/01\/Oktatoi_zsebkonyv.pdf\" target=\"_blank\" rel=\"noopener\">let\u00f6lthet\u0151<\/a> a honlapunkr\u00f3l.<\/strong><\/h3>\n<p><a href=\"https:\/\/semmelweis.hu\/oktatasmodszertan\/files\/2026\/01\/Oktatoi_zsebkonyv.pdf\" target=\"_blank\" rel=\"noopener\"><img loading=\"lazy\" decoding=\"async\" class=\"alignleft wp-image-6095 \" src=\"https:\/\/semmelweis.hu\/oktatasmodszertan\/files\/2025\/12\/Cimlap_Oktatoi_zsebkonyv.png\" alt=\"\" width=\"261\" height=\"369\" srcset=\"https:\/\/semmelweis.hu\/oktatasmodszertan\/files\/2025\/12\/Cimlap_Oktatoi_zsebkonyv.png 398w, https:\/\/semmelweis.hu\/oktatasmodszertan\/files\/2025\/12\/Cimlap_Oktatoi_zsebkonyv-283x400.png 283w\" sizes=\"auto, (max-width: 261px) 100vw, 261px\" \/><\/a><\/p>\n<p><span class=\"OYPEnA font-feature-liga-off font-feature-clig-off font-feature-calt-off text-decoration-none text-strikethrough-none\">Az Oktat\u00f3i Zsebk\u00f6nyv c\u00e9lja a fels\u0151oktat\u00e1si tan\u00edt\u00e1si \u00e9s tanul\u00e1si folyamatok alapjair\u00f3l sz\u00f3l\u00f3 t\u00e1j\u00e9koztat\u00e1s tudom\u00e1nyos alapokon nyugv\u00f3 alapismeretek ny\u00fajt\u00e1s\u00e1val, k\u00fcl\u00f6n hangs\u00falyt fektetve az orvos- \u00e9s eg\u00e9szs\u00e9gtudom\u00e1nyi k\u00e9pz\u00e9s specialit\u00e1saira.<\/span><\/p>\n<p><span class=\"OYPEnA font-feature-liga-off font-feature-clig-off font-feature-calt-off text-decoration-none text-strikethrough-none\">A t\u00e9m\u00e1kat a felvet\u0151d\u0151 k\u00e9rd\u00e9sek ment\u00e9n mutatjuk be: az els\u0151 oldalakon egy infografika seg\u00edts\u00e9g\u00e9vel a legfontosabb inputokra f\u00f3kusz\u00e1lunk, majd ezeket fejtj\u00fck ki m\u00e9lyebben; v\u00e9g\u00fcl a tov\u00e1bbl\u00e9p\u00e9s, fejl\u0151d\u00e9s ir\u00e1ny\u00e1ba mutat\u00f3 tov\u00e1bbi gyakorlati javaslatokat adunk, valamint a t\u00e9m\u00e1hoz haszn\u00e1lhat\u00f3 tov\u00e1bbi szakmai forr\u00e1sokat aj\u00e1nlunk.<\/span><\/p>\n<script type=\"text\/javascript\" src=\"https:\/\/semmelweis.hu\/oktatasmodszertan\/wp-content\/themes\/se18\/dist\/scripts\/carousel.js\"><\/script>    <section class=\"post-cards shortcode-wrapper\">\r\n        <div id=\"news-container\" class=\" d-none d-sm-flex flex-column  full-width-post-cards-shortcode-card news-container-for-card-code\" style=\"\">\r\n                            <div class=\"section-row row mt-0  pr-normal mx-0\">\r\n                    <div class=\"col-auto section-title\">\r\n                        <h2>Fejezetek<\/h2>\r\n                    <\/div>\r\n                <\/div>\r\n\r\n            \r\n            <div class=\"row card-row my-2 pt-3 pb-0 mx-0 w-100 \">\r\n               \r\n                \ufeff\r\n    <div class=\"card-format col col-12 col-md-4 col-lg-3 pl-1 pl-md-0 pr-1 pr-md-2 mb-2\">\r\n        <a class=\"d-block w-100\"  href=\"https:\/\/semmelweis.hu\/oktatasmodszertan\/2025\/12\/18\/1-fejezet-oktato-lettem\/\">\r\n      <!--  <a class=\"d-block w-100\" target=\"_blank\" href=\" \"> -->\r\n            <div class=\"card\">\r\n                                    <div class=\"card-image img-fluid \">\r\n                         \r\n                        <img loading=\"lazy\" decoding=\"async\" width=\"567\" height=\"377\" src=\"https:\/\/semmelweis.hu\/oktatasmodszertan\/files\/2025\/12\/1_fejezet.png\" class=\"landscape wp-post-image\" alt=\"\" srcset=\"https:\/\/semmelweis.hu\/oktatasmodszertan\/files\/2025\/12\/1_fejezet.png 567w, https:\/\/semmelweis.hu\/oktatasmodszertan\/files\/2025\/12\/1_fejezet-400x266.png 400w, https:\/\/semmelweis.hu\/oktatasmodszertan\/files\/2025\/12\/1_fejezet-203x135.png 203w\" sizes=\"auto, (max-width: 567px) 100vw, 567px\" \/>                    <\/div>\r\n                \r\n                <div class=\"card-body\">\r\n                    <div class=\"card-date text-uppercase  d-none  \">\r\n                                                    <h5><span class=\"font-weight-normal\">2025. <\/span>december 18.<\/h5>\r\n                                            <\/div>\r\n                    <div class=\"card-title\">\r\n                        <h3 class=\"mt-2 entry-title\">1. fejezet: Oktat\u00f3 lettem<\/h3>\r\n                    <\/div>\r\n                    <style>\r\n                        .card-text-inside{\r\n                                                 display: -webkit-box;\r\n                    -webkit-line-clamp: 4;\r\n                    -webkit-box-orient: vertical;\r\n                     overflow:hidden;\r\n                     text-overflow: ellipsis;\r\n                        }\r\n                        <\/style>\r\n                                    <\/div>\r\n            <\/div>\r\n        <\/a>\r\n    <\/div>\r\n\r\n\r\n\ufeff\r\n    <div class=\"card-format col col-12 col-md-4 col-lg-3 pl-1 pl-md-0 pr-1 pr-md-2 mb-2\">\r\n        <a class=\"d-block w-100\"  href=\"https:\/\/semmelweis.hu\/oktatasmodszertan\/2025\/12\/18\/2-fejezet-tervezes-soran\/\">\r\n      <!--  <a class=\"d-block w-100\" target=\"_blank\" href=\" \"> -->\r\n            <div class=\"card\">\r\n                                    <div class=\"card-image img-fluid \">\r\n                         \r\n                        <img loading=\"lazy\" decoding=\"async\" width=\"567\" height=\"377\" src=\"https:\/\/semmelweis.hu\/oktatasmodszertan\/files\/2025\/12\/2_fejezet_cim.png\" class=\"landscape wp-post-image\" alt=\"\" srcset=\"https:\/\/semmelweis.hu\/oktatasmodszertan\/files\/2025\/12\/2_fejezet_cim.png 567w, https:\/\/semmelweis.hu\/oktatasmodszertan\/files\/2025\/12\/2_fejezet_cim-400x266.png 400w, https:\/\/semmelweis.hu\/oktatasmodszertan\/files\/2025\/12\/2_fejezet_cim-203x135.png 203w\" sizes=\"auto, (max-width: 567px) 100vw, 567px\" \/>                    <\/div>\r\n                \r\n                <div class=\"card-body\">\r\n                    <div class=\"card-date text-uppercase  d-none  \">\r\n                                                    <h5><span class=\"font-weight-normal\">2025. <\/span>december 18.<\/h5>\r\n                                            <\/div>\r\n                    <div class=\"card-title\">\r\n                        <h3 class=\"mt-2 entry-title\">2. fejezet: A tervez\u00e9s fontosabb l\u00e9p\u00e9sei<\/h3>\r\n                    <\/div>\r\n                    <style>\r\n                        .card-text-inside{\r\n                                                 display: -webkit-box;\r\n                    -webkit-line-clamp: 4;\r\n                    -webkit-box-orient: vertical;\r\n                     overflow:hidden;\r\n                     text-overflow: ellipsis;\r\n                        }\r\n                        <\/style>\r\n                                    <\/div>\r\n            <\/div>\r\n        <\/a>\r\n    <\/div>\r\n\r\n\r\n                \r\n            <\/div>\r\n        <\/div>\r\n\r\n                                <div class=\"section-row row mt-0  pr-normal mx-0 d-md-none\">\r\n                    <div class=\"col-auto section-title\">\r\n                        <h2>Fejezetek<\/h2>\r\n                    <\/div>\r\n                <\/div>\r\n                        <div class=\"post-slide-hirek row px-0\">\r\n            <style>\r\n                .post-slide-hirek .owl-nav button {\r\n                    margin: 0px !important;\r\n                    height: 100% !important;\r\n                }\r\n\r\n                .card-custom-title {\r\n                    font-size: 17px;\r\n                    line-height: 23px;\r\n                    overflow: hidden;\r\n                    text-overflow: ellipsis;\r\n                    display: -webkit-box;\r\n                    -webkit-line-clamp: 3;\r\n                    -webkit-box-orient: vertical;\r\n                    min-height: 72px;\r\n                }\r\n\r\n                .card-custom-max-h {\r\n                    max-height: 235px !important;\r\n                    object-fit: cover;\r\n                }\r\n\r\n                .post-slide-hirek .owl-item .card-img img {\r\n                    opacity: 1 !important;\r\n                    aspect-ratio: 3\/ 2;\r\n\r\n                }\r\n                .card:has(.card-date:not(.d-none)):not(:has(img)) {\r\n                    margin-top: 20px;\r\n                }\r\n            <\/style>\r\n                            <div class=\"owl-carousel col-12 px-0 mt-2 mb-4 md-md-0 d-sm-none\">\r\n                                            <a class=\"item-1\" href=\"https:\/\/semmelweis.hu\/oktatasmodszertan\/2025\/12\/18\/1-fejezet-oktato-lettem\/\">\r\n\r\n                            <div class=\"card-img \">\r\n                                <img loading=\"lazy\" decoding=\"async\" width=\"560\" height=\"372\" src=\"https:\/\/semmelweis.hu\/oktatasmodszertan\/files\/2025\/12\/1_fejezet.png\" class=\"d-block card-custom-max-h  img-fluid n-1 wp-post-image\" alt=\"\" srcset=\"https:\/\/semmelweis.hu\/oktatasmodszertan\/files\/2025\/12\/1_fejezet.png 567w, https:\/\/semmelweis.hu\/oktatasmodszertan\/files\/2025\/12\/1_fejezet-400x266.png 400w, https:\/\/semmelweis.hu\/oktatasmodszertan\/files\/2025\/12\/1_fejezet-203x135.png 203w\" sizes=\"auto, (max-width: 560px) 100vw, 560px\" \/>                            <\/div>\r\n                            <div class=\"card-title mb-1\">\r\n                                <h3 class=\"mt-0 pt-1 mb-0 px-2 card-custom-title d-flex align-items-center d-md-block\">\r\n                                    <span class=\"entry-title pt-0 pt-md-1\">1. fejezet: Oktat\u00f3 lettem                                <\/h3>\r\n                            <\/div>\r\n                            \r\n\r\n                        <\/a>\r\n                                            <a class=\"item-2\" href=\"https:\/\/semmelweis.hu\/oktatasmodszertan\/2025\/12\/18\/2-fejezet-tervezes-soran\/\">\r\n\r\n                            <div class=\"card-img \">\r\n                                <img loading=\"lazy\" decoding=\"async\" width=\"560\" height=\"372\" src=\"https:\/\/semmelweis.hu\/oktatasmodszertan\/files\/2025\/12\/2_fejezet_cim.png\" class=\"d-block card-custom-max-h  img-fluid n-2 wp-post-image\" alt=\"\" srcset=\"https:\/\/semmelweis.hu\/oktatasmodszertan\/files\/2025\/12\/2_fejezet_cim.png 567w, https:\/\/semmelweis.hu\/oktatasmodszertan\/files\/2025\/12\/2_fejezet_cim-400x266.png 400w, https:\/\/semmelweis.hu\/oktatasmodszertan\/files\/2025\/12\/2_fejezet_cim-203x135.png 203w\" sizes=\"auto, (max-width: 560px) 100vw, 560px\" \/>                            <\/div>\r\n                            <div class=\"card-title mb-1\">\r\n                                <h3 class=\"mt-0 pt-1 mb-0 px-2 card-custom-title d-flex align-items-center d-md-block\">\r\n                                    <span class=\"entry-title pt-0 pt-md-1\">2. fejezet: A tervez\u00e9s fontosabb l\u00e9p\u00e9sei                                <\/h3>\r\n                            <\/div>\r\n                            \r\n\r\n                        <\/a>\r\n                                    <\/div>\r\n\r\n                    \r\n        <\/div><!-- owl-carousel -->\r\n    <\/section>\r\n\r\n\n","protected":false},"excerpt":{"rendered":"<p>Hamarosan<\/p>\n","protected":false},"author":101470,"featured_media":0,"parent":2330,"menu_order":1,"comment_status":"closed","ping_status":"closed","template":"","meta":{"_acf_changed":false,"footnotes":""},"categories":[],"tags":[],"class_list":["post-5229","page","type-page","status-publish","hentry"],"acf":[],"_links":{"self":[{"href":"https:\/\/semmelweis.hu\/oktatasmodszertan\/wp-json\/wp\/v2\/pages\/5229","targetHints":{"allow":["GET"]}}],"collection":[{"href":"https:\/\/semmelweis.hu\/oktatasmodszertan\/wp-json\/wp\/v2\/pages"}],"about":[{"href":"https:\/\/semmelweis.hu\/oktatasmodszertan\/wp-json\/wp\/v2\/types\/page"}],"author":[{"embeddable":true,"href":"https:\/\/semmelweis.hu\/oktatasmodszertan\/wp-json\/wp\/v2\/users\/101470"}],"replies":[{"embeddable":true,"href":"https:\/\/semmelweis.hu\/oktatasmodszertan\/wp-json\/wp\/v2\/comments?post=5229"}],"version-history":[{"count":10,"href":"https:\/\/semmelweis.hu\/oktatasmodszertan\/wp-json\/wp\/v2\/pages\/5229\/revisions"}],"predecessor-version":[{"id":6124,"href":"https:\/\/semmelweis.hu\/oktatasmodszertan\/wp-json\/wp\/v2\/pages\/5229\/revisions\/6124"}],"up":[{"embeddable":true,"href":"https:\/\/semmelweis.hu\/oktatasmodszertan\/wp-json\/wp\/v2\/pages\/2330"}],"wp:attachment":[{"href":"https:\/\/semmelweis.hu\/oktatasmodszertan\/wp-json\/wp\/v2\/media?parent=5229"}],"wp:term":[{"taxonomy":"category","embeddable":true,"href":"https:\/\/semmelweis.hu\/oktatasmodszertan\/wp-json\/wp\/v2\/categories?post=5229"},{"taxonomy":"post_tag","embeddable":true,"href":"https:\/\/semmelweis.hu\/oktatasmodszertan\/wp-json\/wp\/v2\/tags?post=5229"}],"curies":[{"name":"wp","href":"https:\/\/api.w.org\/{rel}","templated":true}]}}