{"id":5155,"date":"2024-09-20T10:37:54","date_gmt":"2024-09-20T08:37:54","guid":{"rendered":"https:\/\/semmelweis.hu\/oktatasmodszertan\/?page_id=5155"},"modified":"2026-05-06T15:30:09","modified_gmt":"2026-05-06T13:30:09","slug":"eduroam","status":"publish","type":"page","link":"https:\/\/semmelweis.hu\/oktatasmodszertan\/e-learning\/eduroam\/","title":{"rendered":"Eduroam wifi"},"content":{"rendered":"<p><img loading=\"lazy\" decoding=\"async\" class=\"alignleft  wp-image-5156\" src=\"https:\/\/semmelweis.hu\/oktatasmodszertan\/files\/2024\/09\/eduroam_trans_200pix.png\" alt=\"\" width=\"218\" height=\"95\" \/><strong>Az<em>\u00a0eduroam<\/em>\u00a0egy bet\u0171sz\u00f3, az\u00a0education\u00a0roaming kifejez\u00e9sb\u0151l sz\u00e1rmazik, mely egy wifi szolg\u00e1ltat\u00e1s neve. Ennek l\u00e9nyege, hogy az oktat\u00e1si int\u00e9zm\u00e9nyek vil\u00e1gszerte lehet\u0151v\u00e9 teszik a m\u00e1s int\u00e9zm\u00e9nyekb\u0151l hozz\u00e1juk l\u00e1togat\u00f3 tanul\u00f3k \u00e9s oktat\u00f3k sz\u00e1m\u00e1ra, hogy vend\u00e9gk\u00e9nt haszn\u00e1lj\u00e1k a helyi wifi h\u00e1l\u00f3zatot. Ez\u00e1ltal l\u00e9trej\u00f6tt egy ingyenes, egys\u00e9ges wifi szolg\u00e1ltat\u00e1s, mely minden\u00fctt\u00a0<em>eduroam<\/em>\u00a0n\u00e9ven \u00e9rhet\u0151 el. <\/strong><\/p>\n<p>Az egy\u00fcttm\u0171k\u00f6d\u00e9sben r\u00e9szt vev\u0151 oktat\u00e1si int\u00e9zm\u00e9nyek egy nemzetk\u00f6zi sz\u00f6vets\u00e9gbe t\u00f6m\u00f6r\u00fclve egys\u00e9ges elvek szerint \u00fczemeltetik a szolg\u00e1ltat\u00e1st. Minden tagint\u00e9zm\u00e9ny minden tanul\u00f3ja \u00e9s tan\u00e1ra jogosult a szolg\u00e1ltat\u00e1st b\u00e1rmely m\u00e1sik tagint\u00e9zm\u00e9ny ter\u00fclet\u00e9n k\u00fcl\u00f6n enged\u00e9ly n\u00e9lk\u00fcl ig\u00e9nybe venni.<\/p>\n<h5><strong>Hogyan vehetem ig\u00e9nybe az eduroamot?<\/strong><\/h5>\n<p>Akinek van <strong><a href=\"https:\/\/semmelweis.hu\/oktatasmodszertan\/e-learning\/a-seka-azonositorol\/\" target=\"_blank\" rel=\"noopener\">SeKA bejelentkez\u00e9si jogosults\u00e1ga<\/a>,<\/strong> az haszn\u00e1lhatja az eduroam szolg\u00e1ltat\u00e1st is. Az els\u0151 haszn\u00e1lat el\u0151tt a mobil eszk\u00f6z\u00fcnkre le kell t\u00f6lteni bizonyos \u00e1llom\u00e1nyokat, be kell \u00e1ll\u00edtani rajta a bejelentkez\u00e9si nev\u00fcnket \u00e9s az ehhez tartoz\u00f3 jelsz\u00f3t. Ha a be\u00e1ll\u00edt\u00e1s sikeres, akkor haszn\u00e1lni tudjuk a saj\u00e1t int\u00e9zm\u00e9ny\u00fcnk eduroam szolg\u00e1ltat\u00e1s\u00e1t.<\/p>\n<p>Ha ezut\u00e1n elmegy\u00fcnk b\u00e1rhov\u00e1 (ak\u00e1r a saj\u00e1t egyetem\u00fcnk\u00f6n, ak\u00e1r k\u00fclf\u00f6ld\u00f6n egy m\u00e1sik int\u00e9zm\u00e9nyben), ahol van eduroam wifi, akkor m\u00e1r semmi teend\u0151nk nincsen: a mobil eszk\u00f6z\u00fcnk automatikusan felcsatlakozik a wifi h\u00e1l\u00f3zatra, csak haszn\u00e1lni kell.<\/p>\n<h5><b>Eduroam felhaszn\u00e1l\u00f3n\u00e9v \u00e9s jelsz\u00f3<\/b><\/h5>\n<p>Az Eduroam csatlakoz\u00e1shoz SeKa ID azonos\u00edt\u00f3ra van sz\u00fcks\u00e9g. Az azonos\u00edt\u00f3nak <strong>aktiv\u00e1lva kell, hogy legyen<\/strong>. Az egyetemi e-mail c\u00edmet <a href=\"https:\/\/o365portal.semmelweis.hu\/Home\/Signin\">itt lehet ellen\u0151rizni, illetve jelsz\u00f3t be\u00e1ll\u00edtani<\/a>. A SeKA-hozz\u00e1f\u00e9r\u00e9sek az O365 rendszerhez k\u00f6t\u00f6tten j\u00f6nnek l\u00e9tre; az egyetemi e-mail aktiv\u00e1l\u00e1sa ut\u00e1n a SeKA bel\u00e9p\u00e9si n\u00e9v \u00e9s jelsz\u00f3 szinkroniz\u00e1l\u00f3dik az O365-tel. A jelsz\u00f3 megv\u00e1ltoztat\u00e1sa eset\u00e9n az eduroam csatlakoz\u00e1sok jelszava is friss\u00fcl, \u00e9s azt \u00fajra sz\u00fcks\u00e9ges be\u00e1ll\u00edtani.<\/p>\n<p>Hallgat\u00f3kn\u00e1l a SeKA login tipikusan a <b>6 karakteres Neptun-k\u00f3d<\/b>, \u00e9s a jelsz\u00f3 az O365-jelsz\u00f3.\u00a0<\/p>\n<div class=\"fontos_div\">\n<p>Az eduroam felhaszn\u00e1l\u00f3n\u00e9v form\u00e1tuma <b>seka_ID@semmelweis.hu<\/b> (e\u2011mailnek n\u00e9z ki, de nem az!), \u00e9s <b>kisbet\u0171s<\/b> form\u00e1tum javasolt; a jelsz\u00f3 pedig a SeKA-jelsz\u00f3val egyezik.<\/p>\n<\/div>\n<ul>\n<li><strong>hallgat\u00f3<\/strong> eset\u00e9n, a \u201eSeKA_ID\u201d tipikusan a Neptun-k\u00f3d (SeKA login),<\/li>\n<li><strong>dolgoz\u00f3<\/strong> eset\u00e9n, a SeKA login \u00f6sszef\u00fcgg az egyetemi e-mail azonos\u00edt\u00f3val\/O365-azonos\u00edt\u00f3val (a pontos bel\u00e9p\u00e9si n\u00e9v int\u00e9zm\u00e9nyi policy-t\u0151l f\u00fcgghet).<\/li>\n<\/ul>\n<h5><b>Hogyan \u00e1ll\u00edthatom be az eduroamot?<\/b><\/h5>\n<p>Ahhoz, hogy eszk\u00f6zeinkkel csatlakozni tudjunk az eduroam wifi h\u00e1l\u00f3zathoz, mindegyik eszk\u00f6zt k\u00fcl\u00f6n-k\u00fcl\u00f6n be kell \u00e1ll\u00edtani, mely folyamat az eszk\u00f6z t\u00edpus\u00e1t\u00f3l f\u00fcgg\u0151en elt\u00e9r\u0151 lehet.\u00a0<\/p>\n<p>Egyszeri be\u00e1ll\u00edt\u00e1s sz\u00fcks\u00e9ges, ami elt\u00e9r a megszokott csatlakoz\u00e1si m\u00f3dt\u00f3l, arra eszk\u00f6zt\u0151l f\u00fcgg\u0151en k\u00fcl\u00f6nb\u00f6z\u0151 be\u00e1ll\u00edt\u00e1si m\u00f3dok sz\u00fcks\u00e9gesek.<\/p>\n<div class=\"responsive-tabs\">\n<h2 class=\"tabtitle\">Windows<\/h2>\n<div class=\"tabcontent\">\n\n<h3>Csatlakoz\u00e1s l\u00e9p\u00e9sei Windows 10 \/ 11 rendszeren<\/h3>\n<ol>\n<li><b> WiFi h\u00e1l\u00f3zat kiv\u00e1laszt\u00e1sa<\/b><\/li>\n<\/ol>\n<ul>\n<li>Kattintson a WiFi ikonra a t\u00e1lc\u00e1n (jobb als\u00f3 sarok)<\/li>\n<li>A list\u00e1b\u00f3l v\u00e1lassza ki: eduroam<\/li>\n<\/ul>\n<ol start=\"2\">\n<li><b> Kapcsol\u00f3d\u00e1s ind\u00edt\u00e1sa<\/b><\/li>\n<\/ol>\n<ul>\n<li>Jel\u00f6lje be: \u201eAutomatikus csatlakoz\u00e1s\u201d<\/li>\n<li>Kattintson a \u201eCsatlakoz\u00e1s\u201d gombra<\/li>\n<\/ul>\n<ol start=\"3\">\n<li><b> Hiteles\u00edt\u00e9s<\/b><\/li>\n<\/ol>\n<p>A rendszer k\u00e9rni fogja a bel\u00e9p\u00e9si adatokat:<\/p>\n<ul>\n<li>Felhaszn\u00e1l\u00f3n\u00e9v: seka_ID@semmelweis.hu<\/li>\n<li>Jelsz\u00f3: SeKA \/ O365 jelsz\u00f3<\/li>\n<\/ul>\n<p>Kattintson az OK vagy Csatlakoz\u00e1s gombra.<\/p>\n<ol start=\"4\">\n<li><b> Tan\u00fas\u00edtv\u00e1ny elfogad\u00e1sa<\/b><\/li>\n<\/ol>\n<ul>\n<li>Egy biztons\u00e1gi figyelmeztet\u00e9s jelenhet meg<\/li>\n<li>V\u00e1lassza a \u201eCsatlakoz\u00e1s\u201d vagy \u201eIgen\u201d opci\u00f3t<\/li>\n<\/ul>\n<ol start=\"5\">\n<li><b> Sikeres csatlakoz\u00e1s<\/b><\/li>\n<\/ol>\n<p>Siker eset\u00e9n az \u00e1llapot: \u201eCsatlakoztatva\u201d<\/p>\n\n<\/div><h2 class=\"tabtitle\">Mac<\/h2>\n<div class=\"tabcontent\">\n\n<h3><b>Csatlakoz\u00e1s l\u00e9p\u00e9sei macOS rendszeren<\/b><\/h3>\n<p><iframe loading=\"lazy\" id=\"kaltura_player\" src=\"https:\/\/cdnapisec.kaltura.com\/p\/2714041\/sp\/271404100\/embedIframeJs\/uiconf_id\/45220391\/partner_id\/2714041?iframeembed=true&amp;playerId=kaltura_player&amp;entry_id=1_48ctjxu9&amp;flashvars[streamerType]=auto&amp;flashvars[localizationCode]=en&amp;flashvars[sideBarContainer.plugin]=true&amp;flashvars[sideBarContainer.position]=left&amp;flashvars[sideBarContainer.clickToClose]=true&amp;flashvars[chapters.plugin]=true&amp;flashvars[chapters.layout]=vertical&amp;flashvars[chapters.thumbnailRotator]=false&amp;flashvars[streamSelector.plugin]=true&amp;flashvars[EmbedPlayer.SpinnerTarget]=videoHolder&amp;flashvars[dualScreen.plugin]=true&amp;flashvars[hotspots.plugin]=1&amp;flashvars[Kaltura.addCrossoriginToIframe]=true&amp;&amp;wid=1_d2p6e8b3\" width=\"400\" height=\"285\"><\/iframe><\/p>\n<h2>Csatlakoz\u00e1s l\u00e9p\u00e9sei macOS rendszeren<\/h2>\n<p>Az eduroam h\u00e1l\u00f3zat haszn\u00e1lat\u00e1hoz macOS rendszeren a Semmelweis Egyetem \u00e1ltal biztos\u00edtott hiteles\u00edt\u0151 profil telep\u00edt\u00e9se sz\u00fcks\u00e9ges. A be\u00e1ll\u00edt\u00e1s n\u00e9h\u00e1ny perc alatt elv\u00e9gezhet\u0151.<\/p>\n<h3>1. Kor\u00e1bbi eduroam profil ellen\u0151rz\u00e9se<\/h3>\n<p>A telep\u00edt\u00e9s megkezd\u00e9se el\u0151tt javasolt ellen\u0151rizni, hogy tal\u00e1lhat\u00f3-e m\u00e1r eduroam profil a k\u00e9sz\u00fcl\u00e9ken.<\/p>\n<ol>\n<li>\n<p>Nyissa meg a <strong>System Settings<\/strong> (Rendszerbe\u00e1ll\u00edt\u00e1sok) men\u00fct.<\/p>\n<\/li>\n<li>\n<p>V\u00e1lassza a <strong>General<\/strong> \u2192 <strong>Device Management<\/strong> men\u00fcpontot.<\/p>\n<\/li>\n<li>\n<p>Ha itt tal\u00e1lhat\u00f3 kor\u00e1bbi eduroam profil, javasolt azt elt\u00e1vol\u00edtani az \u00faj telep\u00edt\u00e9s el\u0151tt.<\/p>\n<\/li>\n<\/ol>\n<p>Emellett ellen\u0151rizhet\u0151 az is, hogy az \u201eeduroam\u201d Wi-Fi h\u00e1l\u00f3zat megjelenik-e az el\u00e9rhet\u0151 h\u00e1l\u00f3zatok k\u00f6z\u00f6tt.<\/p>\n<h3>2. Az eduroam telep\u00edt\u0151 let\u00f6lt\u00e9se<\/h3>\n<ol>\n<li>\n<p>Nyissa meg a k\u00f6vetkez\u0151 oldalt:<br \/>\n<strong><a href=\"https:\/\/cat.eduroam.org\" target=\"_blank\" rel=\"noopener\">https:\/\/cat.eduroam.org<\/a><\/strong><\/p>\n<\/li>\n<li>\n<p>Kattintson a <strong>Download your eduroam installer<\/strong> gombra.<\/p>\n<\/li>\n<li>\n<p>Az int\u00e9zm\u00e9nykeres\u0151ben \u00edrja be:<br \/>\n<strong>Semmelweis University<\/strong><\/p>\n<\/li>\n<li>\n<p>V\u00e1lassza ki a Semmelweis Egyetemet a list\u00e1b\u00f3l.<\/p>\n<\/li>\n<li>\n<p>T\u00f6ltse le a macOS rendszerhez tartoz\u00f3 telep\u00edt\u0151t.<\/p>\n<\/li>\n<\/ol>\n<h3>3. A profil telep\u00edt\u00e9se<\/h3>\n<ol>\n<li>\n<p>Nyissa meg a let\u00f6lt\u00f6tt f\u00e1jlt, majd nyissa meg a <strong>System Settings<\/strong> (Rendszerbe\u00e1ll\u00edt\u00e1sok) men\u00fct, azon bel\u00fcl v\u00e1lassza a <strong>General<\/strong> \u2192 <strong>Device Management<\/strong> men\u00fcpontot. Ott tal\u00e1lhat\u00f3 meg az Eduroam profil.<\/p>\n<\/li>\n<li>\n<p>DUpla kattint\u00e1s ut\u00e1n a megny\u00edl\u00f3 ablak bal als\u00f3 sark\u00e1ban a rendszer felaj\u00e1nlja az eduroam profil telep\u00edt\u00e9s\u00e9t az &#8222;install&#8221; gomb megnyom\u00e1s\u00e1val.<\/p>\n<\/li>\n<li>\n<p>A macOS meger\u0151s\u00edt\u00e9st k\u00e9rhet, illetve elk\u00e9rheti a k\u00e9sz\u00fcl\u00e9k rendszergazdai jelszav\u00e1t.<\/p>\n<\/li>\n<\/ol>\n<h3>4. Bejelentkez\u00e9si adatok megad\u00e1sa<\/h3>\n<p>A telep\u00edt\u00e9s sor\u00e1n meg kell adni az eduroam hozz\u00e1f\u00e9r\u00e9si adatokat.<\/p>\n<h4>Felhaszn\u00e1l\u00f3n\u00e9v form\u00e1tuma<\/h4>\n<pre><code class=\"language-text\">SEKA_ID@semmelweis.hu\r\n<\/code><\/pre>\n<p>P\u00e9lda:<\/p>\n<pre><code class=\"language-text\">abcd1234@semmelweis.hu\r\n<\/code><\/pre>\n<p>Fontos:<\/p>\n<ul>\n<li>\n<p>ez nem e-mail c\u00edm, csak azonos\u00edt\u00f3 form\u00e1tum;<\/p>\n<\/li>\n<li>\n<p>a kisbet\u0171s haszn\u00e1lat javasolt;<\/p>\n<\/li>\n<li>\n<p>hallgat\u00f3k eset\u00e9n a SEKA_ID jellemz\u0151en a Neptun-azonos\u00edt\u00f3;<\/p>\n<\/li>\n<li>\n<p>dolgoz\u00f3k eset\u00e9n az int\u00e9zm\u00e9nyi azonos\u00edt\u00f3 haszn\u00e1latos.<\/p>\n<\/li>\n<\/ul>\n<h4>Jelsz\u00f3<\/h4>\n<p>Az eduroam jelsz\u00f3 megegyezik a SEKA jelsz\u00f3val.<\/p>\n<h3>5. Csatlakoz\u00e1s az eduroam h\u00e1l\u00f3zathoz<\/h3>\n<p>Sikeres telep\u00edt\u00e9s ut\u00e1n a macOS automatikusan csatlakozik az eduroam h\u00e1l\u00f3zathoz. A kapcsolat \u00e1llapota a jobb fels\u0151 sarokban tal\u00e1lhat\u00f3 Wi-Fi ikon seg\u00edts\u00e9g\u00e9vel ellen\u0151rizhet\u0151.<\/p>\n<h3>6. A kapcsolat ellen\u0151rz\u00e9se<\/h3>\n<p>A h\u00e1l\u00f3zati kapcsolat m\u0171k\u00f6d\u00e9se ellen\u0151rizhet\u0151 p\u00e9ld\u00e1ul a k\u00f6vetkez\u0151 oldalon:<\/p>\n<ul>\n<li>\n<p><a href=\"https:\/\/www.speedtest.net\" target=\"_blank\" rel=\"noopener\">https:\/\/www.speedtest.net<\/a><\/p>\n<\/li>\n<\/ul>\n<p>Amennyiben a m\u00e9r\u00e9s sikeresen lefut, az eduroam kapcsolat megfelel\u0151en m\u0171k\u00f6dik.<\/p>\n<h3>Hibaelh\u00e1r\u00edt\u00e1s<\/h3>\n<p>Ha a kapcsolat nem j\u00f6n l\u00e9tre:<\/p>\n<ol>\n<li>\n<p>T\u00e1vol\u00edtsa el az eduroam h\u00e1l\u00f3zatot a mentett Wi-Fi h\u00e1l\u00f3zatok k\u00f6z\u00fcl.<\/p>\n<\/li>\n<li>\n<p>T\u00f6r\u00f6lje az esetleges kor\u00e1bbi eduroam profilt a <strong>General \u2192 Device Management<\/strong> men\u00fcben.<\/p>\n<\/li>\n<li>\n<p>Ind\u00edtsa \u00fajra a telep\u00edt\u00e9si folyamatot a <code>cat.eduroam.org<\/code> oldalr\u00f3l.<\/p>\n<\/li>\n<li>\n<p>Ellen\u0151rizze, hogy a felhaszn\u00e1l\u00f3n\u00e9v pontos form\u00e1tuma:<br \/>\n<code>SEKA_ID@semmelweis.hu<\/code><\/p>\n<\/li>\n<li>\n<p>Ellen\u0151rizze, hogy a SEKA jelsz\u00f3 helyesen lett megadva.<\/p>\n<\/li>\n<\/ol>\n<p>&nbsp;<\/p>\n\n<\/div><h2 class=\"tabtitle\">Android<\/h2>\n<div class=\"tabcontent\">\n\n<h2>Csatlakoz\u00e1s l\u00e9p\u00e9sei Android k\u00e9sz\u00fcl\u00e9ken<\/h2>\n<p>Az eduroam h\u00e1l\u00f3zat haszn\u00e1lat\u00e1hoz Android k\u00e9sz\u00fcl\u00e9ken a javasolt megold\u00e1s a hivatalos <strong>geteduroam<\/strong> alkalmaz\u00e1s haszn\u00e1lata. A be\u00e1ll\u00edt\u00e1s n\u00e9h\u00e1ny perc alatt elv\u00e9gezhet\u0151.<\/p>\n<p><iframe loading=\"lazy\" id=\"kaltura_player\" src=\"https:\/\/cdnapisec.kaltura.com\/p\/2714041\/sp\/271404100\/embedIframeJs\/uiconf_id\/45220391\/partner_id\/2714041?iframeembed=true&amp;playerId=kaltura_player&amp;entry_id=1_13bwplj0&amp;flashvars[streamerType]=auto&amp;flashvars[localizationCode]=en&amp;flashvars[sideBarContainer.plugin]=true&amp;flashvars[sideBarContainer.position]=left&amp;flashvars[sideBarContainer.clickToClose]=true&amp;flashvars[chapters.plugin]=true&amp;flashvars[chapters.layout]=vertical&amp;flashvars[chapters.thumbnailRotator]=false&amp;flashvars[streamSelector.plugin]=true&amp;flashvars[EmbedPlayer.SpinnerTarget]=videoHolder&amp;flashvars[dualScreen.plugin]=true&amp;flashvars[hotspots.plugin]=1&amp;flashvars[Kaltura.addCrossoriginToIframe]=true&amp;&amp;wid=1_dhdl3jto\" width=\"400\" height=\"285\"><\/iframe><\/p>\n<h3>1. A geteduroam alkalmaz\u00e1s telep\u00edt\u00e9se<\/h3>\n<ol>\n<li>\n<p>Nyissa meg a <strong>Google Play \u00c1ruh\u00e1z<\/strong> alkalmaz\u00e1st.<\/p>\n<\/li>\n<li>\n<p>Keressen r\u00e1 a k\u00f6vetkez\u0151 alkalmaz\u00e1sra:<br \/>\n<strong>geteduroam<\/strong><\/p>\n<\/li>\n<li>\n<p>Telep\u00edtse az alkalmaz\u00e1st az Android k\u00e9sz\u00fcl\u00e9kre.<\/p>\n<\/li>\n<\/ol>\n<p>A telep\u00edt\u00e9shez akt\u00edv internetkapcsolat sz\u00fcks\u00e9ges (mobilinternet vagy m\u00e1s Wi-Fi h\u00e1l\u00f3zat).<\/p>\n<h3>2. Int\u00e9zm\u00e9ny kiv\u00e1laszt\u00e1sa<\/h3>\n<ol>\n<li>\n<p>Nyissa meg a <strong>geteduroam<\/strong> alkalmaz\u00e1st.<\/p>\n<\/li>\n<li>\n<p>Az int\u00e9zm\u00e9nykeres\u0151ben \u00edrja be:<br \/>\n<strong>Semmelweis University<\/strong><\/p>\n<\/li>\n<li>\n<p>V\u00e1lassza ki a Semmelweis Egyetemet a list\u00e1b\u00f3l.<\/p>\n<\/li>\n<\/ol>\n<p>Az alkalmaz\u00e1s ezut\u00e1n automatikusan el\u0151k\u00e9sz\u00edti az eduroam profil konfigur\u00e1ci\u00f3j\u00e1t.<\/p>\n<h3>3. Bejelentkez\u00e9si adatok megad\u00e1sa<\/h3>\n<p>Az alkalmaz\u00e1s k\u00e9rni fogja az eduroam hozz\u00e1f\u00e9r\u00e9si adatokat.<\/p>\n<h4>Felhaszn\u00e1l\u00f3n\u00e9v form\u00e1tuma<\/h4>\n<pre><code class=\"language-text\">SEKA_ID@semmelweis.hu\r\n<\/code><\/pre>\n<p>P\u00e9lda:<\/p>\n<pre><code class=\"language-text\">abcd1234@semmelweis.hu\r\n<\/code><\/pre>\n<p>Fontos:<\/p>\n<ul>\n<li>\n<p>ez nem e-mail c\u00edm, csak azonos\u00edt\u00f3 form\u00e1tum;<\/p>\n<\/li>\n<li>\n<p>a kisbet\u0171s haszn\u00e1lat javasolt;<\/p>\n<\/li>\n<li>\n<p>hallgat\u00f3k eset\u00e9n a SEKA_ID jellemz\u0151en a Neptun-k\u00f3d;<\/p>\n<\/li>\n<li>\n<p>dolgoz\u00f3k eset\u00e9n az int\u00e9zm\u00e9nyi azonos\u00edt\u00f3 haszn\u00e1latos.<\/p>\n<\/li>\n<\/ul>\n<h4>Jelsz\u00f3<\/h4>\n<p>Az eduroam jelsz\u00f3 megegyezik a SEKA jelsz\u00f3val.<\/p>\n<h3>4. A profil ment\u00e9se \u00e9s csatlakoz\u00e1s<\/h3>\n<ol>\n<li>\n<p>A bejelentkez\u00e9s ut\u00e1n az alkalmaz\u00e1s l\u00e9trehozza az eduroam Wi-Fi konfigur\u00e1ci\u00f3t.<\/p>\n<\/li>\n<li>\n<p>A rendszer r\u00e1k\u00e9rdezhet, hogy szeretn\u00e9-e menteni a h\u00e1l\u00f3zatot.<\/p>\n<\/li>\n<li>\n<p>V\u00e1lassza a <strong>Ment\u00e9s<\/strong> lehet\u0151s\u00e9get.<\/p>\n<\/li>\n<\/ol>\n<p>Ezut\u00e1n az Android rendszer enged\u00e9lyt k\u00e9rhet a javasolt Wi-Fi h\u00e1l\u00f3zatok automatikus kezel\u00e9s\u00e9re.<\/p>\n<p>Az enged\u00e9ly megad\u00e1s\u00e1val a k\u00e9sz\u00fcl\u00e9k automatikusan csatlakozhat az eduroam h\u00e1l\u00f3zathoz, amikor az el\u00e9rhet\u0151.<\/p>\n<h3>5. A kapcsolat ellen\u0151rz\u00e9se<\/h3>\n<p>A kapcsolat \u00e1llapota ellen\u0151rizhet\u0151:<\/p>\n<ul>\n<li>\n<p><strong>Be\u00e1ll\u00edt\u00e1sok<\/strong> \u2192 <strong>Wi-Fi<\/strong><\/p>\n<\/li>\n<\/ul>\n<p>Itt az \u201eeduroam\u201d h\u00e1l\u00f3zatnak kell akt\u00edvk\u00e9nt megjelennie.<\/p>\n<p>A m\u0171k\u00f6d\u00e9s ellen\u0151rizhet\u0151 p\u00e9ld\u00e1ul a k\u00f6vetkez\u0151 oldalon:<\/p>\n<ul>\n<li>\n<p><a href=\"https:\/\/www.speedtest.net\" target=\"_blank\" rel=\"noopener\">https:\/\/www.speedtest.net<\/a><\/p>\n<\/li>\n<\/ul>\n<p>Ha az oldal bet\u00f6lt\u0151dik \u00e9s a sebess\u00e9gm\u00e9r\u00e9s sikeresen lefut, az eduroam kapcsolat megfelel\u0151en m\u0171k\u00f6dik.<\/p>\n<h3>Hibaelh\u00e1r\u00edt\u00e1s<\/h3>\n<p>Ha a kapcsolat nem j\u00f6n l\u00e9tre:<\/p>\n<ol>\n<li>\n<p>Nyissa meg:<br \/>\n<strong>Be\u00e1ll\u00edt\u00e1sok<\/strong> \u2192 <strong>Wi-Fi<\/strong><\/p>\n<\/li>\n<li>\n<p>V\u00e1lassza ki az \u201eeduroam\u201d h\u00e1l\u00f3zatot.<\/p>\n<\/li>\n<li>\n<p>Koppintson az:<br \/>\n<strong>Elfelejt\u00e9s<\/strong> vagy <strong>H\u00e1l\u00f3zat t\u00f6rl\u00e9se<\/strong> lehet\u0151s\u00e9gre.<\/p>\n<\/li>\n<li>\n<p>Nyissa meg \u00fajra a geteduroam alkalmaz\u00e1st, \u00e9s ind\u00edtsa \u00fajra a be\u00e1ll\u00edt\u00e1si folyamatot.<\/p>\n<\/li>\n<li>\n<p>Ellen\u0151rizze, hogy a felhaszn\u00e1l\u00f3n\u00e9v pontos form\u00e1tuma:<br \/>\n<code>SEKA_ID@semmelweis.hu<\/code><\/p>\n<\/li>\n<li>\n<p>Ellen\u0151rizze, hogy a SEKA jelsz\u00f3 helyesen lett megadva.<\/p>\n<\/li>\n<\/ol>\n\n<\/div><h2 class=\"tabtitle\">iPhone<\/h2>\n<div class=\"tabcontent\">\n\n<h2>Csatlakoz\u00e1s l\u00e9p\u00e9sei iPhone k\u00e9sz\u00fcl\u00e9ken (iOS)<\/h2>\n<p>Az eduroam h\u00e1l\u00f3zat haszn\u00e1lat\u00e1hoz iPhone k\u00e9sz\u00fcl\u00e9ken a javasolt megold\u00e1s a hivatalos <strong>geteduroam<\/strong> alkalmaz\u00e1s haszn\u00e1lata. A be\u00e1ll\u00edt\u00e1s n\u00e9h\u00e1ny perc alatt elv\u00e9gezhet\u0151.<\/p>\n<p><iframe loading=\"lazy\" id=\"kaltura_player\" src=\"https:\/\/cdnapisec.kaltura.com\/p\/2714041\/sp\/271404100\/embedIframeJs\/uiconf_id\/45220391\/partner_id\/2714041?iframeembed=true&amp;playerId=kaltura_player&amp;entry_id=1_pp9jjci6&amp;flashvars[streamerType]=auto&amp;flashvars[localizationCode]=en&amp;flashvars[sideBarContainer.plugin]=true&amp;flashvars[sideBarContainer.position]=left&amp;flashvars[sideBarContainer.clickToClose]=true&amp;flashvars[chapters.plugin]=true&amp;flashvars[chapters.layout]=vertical&amp;flashvars[chapters.thumbnailRotator]=false&amp;flashvars[streamSelector.plugin]=true&amp;flashvars[EmbedPlayer.SpinnerTarget]=videoHolder&amp;flashvars[dualScreen.plugin]=true&amp;flashvars[hotspots.plugin]=1&amp;flashvars[Kaltura.addCrossoriginToIframe]=true&amp;&amp;wid=1_muz0siy7\" width=\"400\" height=\"285\"><\/iframe><\/p>\n<p>&nbsp;<\/p>\n<h3>1. A geteduroam alkalmaz\u00e1s telep\u00edt\u00e9se<\/h3>\n<ol>\n<li>\n<p>Nyissa meg az <strong>App Store<\/strong> alkalmaz\u00e1st.<\/p>\n<\/li>\n<li>\n<p>Keressen r\u00e1 a k\u00f6vetkez\u0151 alkalmaz\u00e1sra:<br \/>\n<strong>geteduroam<\/strong><\/p>\n<\/li>\n<li>\n<p>Telep\u00edtse az alkalmaz\u00e1st az iPhone k\u00e9sz\u00fcl\u00e9kre.<\/p>\n<\/li>\n<\/ol>\n<p>A telep\u00edt\u00e9shez akt\u00edv internetkapcsolat sz\u00fcks\u00e9ges (mobilinternet vagy m\u00e1s Wi-Fi h\u00e1l\u00f3zat).<\/p>\n<h3>2. Int\u00e9zm\u00e9ny kiv\u00e1laszt\u00e1sa<\/h3>\n<ol>\n<li>\n<p>Nyissa meg a <strong>geteduroam<\/strong> alkalmaz\u00e1st.<\/p>\n<\/li>\n<li>\n<p>Az int\u00e9zm\u00e9nykeres\u0151ben \u00edrja be:<br \/>\n<strong>Semmelweis University<\/strong><\/p>\n<\/li>\n<li>\n<p>V\u00e1lassza ki a Semmelweis Egyetemet a list\u00e1b\u00f3l.<\/p>\n<\/li>\n<\/ol>\n<h3>3. Bejelentkez\u00e9si adatok megad\u00e1sa<\/h3>\n<p>Az alkalmaz\u00e1s k\u00e9rni fogja az eduroam hozz\u00e1f\u00e9r\u00e9si adatokat.<\/p>\n<h4>Felhaszn\u00e1l\u00f3n\u00e9v form\u00e1tuma<\/h4>\n<pre><code class=\"language-text\">SEKA_ID@semmelweis.hu\r\n<\/code><\/pre>\n<p>P\u00e9lda:<\/p>\n<pre><code class=\"language-text\">abcd1234@semmelweis.hu\r\n<\/code><\/pre>\n<p>Fontos:<\/p>\n<ul>\n<li>\n<p>ez nem e-mail c\u00edm, csak azonos\u00edt\u00f3 form\u00e1tum;<\/p>\n<\/li>\n<li>\n<p>a kisbet\u0171s haszn\u00e1lat javasolt;<\/p>\n<\/li>\n<li>\n<p>hallgat\u00f3k eset\u00e9n a SEKA_ID jellemz\u0151en a Neptun-k\u00f3d;<\/p>\n<\/li>\n<li>\n<p>dolgoz\u00f3k eset\u00e9n az int\u00e9zm\u00e9nyi azonos\u00edt\u00f3 haszn\u00e1latos.<\/p>\n<\/li>\n<\/ul>\n<h4>Jelsz\u00f3<\/h4>\n<p>Az eduroam jelsz\u00f3 megegyezik a SEKA jelsz\u00f3val.<\/p>\n<h3>4. A profil telep\u00edt\u00e9se \u00e9s csatlakoz\u00e1s<\/h3>\n<ol>\n<li>\n<p>A bejelentkez\u00e9s ut\u00e1n az alkalmaz\u00e1s enged\u00e9lyt k\u00e9r Wi-Fi profil hozz\u00e1ad\u00e1s\u00e1hoz.<\/p>\n<\/li>\n<li>\n<p>Ezt enged\u00e9lyezni kell, hogy az eduroam h\u00e1l\u00f3zat automatikusan be\u00e1ll\u00edt\u00e1sra ker\u00fclj\u00f6n.<\/p>\n<\/li>\n<li>\n<p>Az iPhone ezut\u00e1n felaj\u00e1nlja az eduroam h\u00e1l\u00f3zathoz t\u00f6rt\u00e9n\u0151 csatlakoz\u00e1st.<\/p>\n<\/li>\n<li>\n<p>Koppintson a <strong>Csatlakoz\u00e1s<\/strong> lehet\u0151s\u00e9gre.<\/p>\n<\/li>\n<\/ol>\n<p>Sikeres be\u00e1ll\u00edt\u00e1s ut\u00e1n az eszk\u00f6z automatikusan csatlakozik az eduroam h\u00e1l\u00f3zathoz, amikor az el\u00e9rhet\u0151.<\/p>\n<h3>5. A kapcsolat ellen\u0151rz\u00e9se<\/h3>\n<p>A kapcsolat \u00e1llapota a k\u00f6vetkez\u0151 helyen ellen\u0151rizhet\u0151:<\/p>\n<ul>\n<li>\n<p><strong>Settings<\/strong> \u2192 <strong>Wi-Fi<\/strong><\/p>\n<\/li>\n<\/ul>\n<p>Itt az \u201eeduroam\u201d h\u00e1l\u00f3zatnak kell akt\u00edvk\u00e9nt megjelennie.<\/p>\n<p>A m\u0171k\u00f6d\u00e9s ellen\u0151rizhet\u0151 p\u00e9ld\u00e1ul a k\u00f6vetkez\u0151 oldalon:<\/p>\n<ul>\n<li>\n<p><a href=\"https:\/\/www.speedtest.net\">https:\/\/www.speedtest.net<\/a><\/p>\n<\/li>\n<\/ul>\n<p>Ha az oldal bet\u00f6lt\u0151dik \u00e9s a sebess\u00e9gm\u00e9r\u00e9s sikeresen lefut, az eduroam kapcsolat megfelel\u0151en m\u0171k\u00f6dik.<\/p>\n<h3>Hibaelh\u00e1r\u00edt\u00e1s<\/h3>\n<p>Ha a kapcsolat nem j\u00f6n l\u00e9tre:<\/p>\n<ol>\n<li>\n<p>Nyissa meg:<br \/>\n<strong>Settings<\/strong> \u2192 <strong>Wi-Fi<\/strong><\/p>\n<\/li>\n<li>\n<p>Az \u201eeduroam\u201d h\u00e1l\u00f3zat mellett v\u00e1lassza az:<br \/>\n<strong>Forget This Network<\/strong> lehet\u0151s\u00e9get.<\/p>\n<\/li>\n<li>\n<p>T\u00f6r\u00f6lje a geteduroam alkalmaz\u00e1s \u00e1ltal l\u00e9trehozott profilt, ha sz\u00fcks\u00e9ges.<\/p>\n<\/li>\n<li>\n<p>Ind\u00edtsa \u00fajra a be\u00e1ll\u00edt\u00e1si folyamatot.<\/p>\n<\/li>\n<li>\n<p>Ellen\u0151rizze, hogy a felhaszn\u00e1l\u00f3n\u00e9v pontos form\u00e1tuma:<br \/>\n<code>SEKA_ID@semmelweis.hu<\/code><\/p>\n<\/li>\n<li>\n<p>Ellen\u0151rizze, hogy a SEKA jelsz\u00f3 helyesen lett megadva.<\/p>\n<\/li>\n<\/ol>\n<\/div><\/div>\n<h2>Gyakori hib\u00e1k<\/h2>\n<p>Hib\u00e1s felhaszn\u00e1l\u00f3n\u00e9v form\u00e1tum<\/p>\n<ul>\n<li>Nem megfelel\u0151: abc123<\/li>\n<li>Helyes: abc123@semmelweis.hu<\/li>\n<\/ul>\n<p><b>Hib\u00e1s jelsz\u00f3<\/b><\/p>\n<ul>\n<li>Ellen\u0151rizze, hogy be tud-e l\u00e9pni:\n<ul>\n<li>egyetemi e-mailbe (O365)<\/li>\n<li>Moodle rendszerbe<\/li>\n<li>Aktiv\u00e1lva van e az azonos\u00edt\u00f3<\/li>\n<\/ul>\n<\/li>\n<\/ul>\n<p><b>Friss\u00edtett jelsz\u00f3<\/b><\/p>\n<ul>\n<li>Jelsz\u00f3csere ut\u00e1n \u00fajra meg kell adni a WiFi-n\u00e9l<\/li>\n<\/ul>\n<p><b>Rendszerhiba lehet\u0151s\u00e9ge<\/b><\/p>\n<p>El\u0151fordulhat, hogy a hiba nem az \u00d6n k\u00e9sz\u00fcl\u00e9k\u00e9ben van:<\/p>\n<ul>\n<li>k\u00f6zponti eduroam hiba<\/li>\n<li>hiteles\u00edt\u00e9si rendszer probl\u00e9ma<\/li>\n<\/ul>\n<p>Ha:<\/p>\n<ul>\n<li>a felhaszn\u00e1l\u00f3n\u00e9v \u00e9s jelsz\u00f3 nem v\u00e1ltozott<\/li>\n<li>t\u00f6bb eszk\u00f6z\u00f6n sem m\u0171k\u00f6dik<\/li>\n<\/ul>\n<p>akkor val\u00f3sz\u00edn\u0171leg rendszeroldali hiba \u00e1ll fenn.<\/p>\n<p><b>Hasznos tan\u00e1cs<\/b><\/p>\n<p>Az eduroam egy nemzetk\u00f6zi h\u00e1l\u00f3zat, ez\u00e9rt:<\/p>\n<ul>\n<li>a csatlakoz\u00e1si folyamat mindenhol hasonl\u00f3<\/li>\n<li>a k\u00fcl\u00f6nbs\u00e9g mindig a felhaszn\u00e1l\u00f3n\u00e9v form\u00e1tumban van<\/li>\n<\/ul>\n<p>Semmelweisen ez a legfontosabb pont.<\/p>\n<div class=\"keretes w-100\">\n<p>Ha k\u00e9rd\u00e9se mer\u00fcl fel a be\u00e1ll\u00edt\u00e1sokkal kapcsolatban, k\u00e9rem, forduljon <strong><a href=\"https:\/\/semmelweis.hu\/oktatasmodszertan\/ugyfelszolgalat\/\" target=\"_blank\" rel=\"noopener\">\u00fcgyf\u00e9lszolg\u00e1latunkhoz.<\/a><\/strong><\/p>\n<\/div>\n","protected":false},"excerpt":{"rendered":"<p>Az\u00a0eduroam\u00a0egy bet\u0171sz\u00f3, az\u00a0education\u00a0roaming kifejez\u00e9sb\u0151l sz\u00e1rmazik, mely egy wifi szolg\u00e1ltat\u00e1s neve. Ennek l\u00e9nyege, hogy az oktat\u00e1si int\u00e9zm\u00e9nyek vil\u00e1gszerte lehet\u0151v\u00e9 teszik a m\u00e1s int\u00e9zm\u00e9nyekb\u0151l hozz\u00e1juk l\u00e1togat\u00f3 tanul\u00f3k \u00e9s oktat\u00f3k sz\u00e1m\u00e1ra, hogy vend\u00e9gk\u00e9nt haszn\u00e1lj\u00e1k a helyi wifi h\u00e1l\u00f3zatot. Ez\u00e1ltal l\u00e9trej\u00f6tt egy ingyenes, egys\u00e9ges wifi szolg\u00e1ltat\u00e1s, mely minden\u00fctt\u00a0eduroam\u00a0n\u00e9ven \u00e9rhet\u0151 el. Az egy\u00fcttm\u0171k\u00f6d\u00e9sben r\u00e9szt vev\u0151 oktat\u00e1si int\u00e9zm\u00e9nyek egy nemzetk\u00f6zi sz\u00f6vets\u00e9gbe &hellip;<\/p>\n","protected":false},"author":101470,"featured_media":0,"parent":1515,"menu_order":7,"comment_status":"closed","ping_status":"closed","template":"","meta":{"_acf_changed":false,"footnotes":""},"categories":[],"tags":[],"class_list":["post-5155","page","type-page","status-publish","hentry"],"acf":[],"_links":{"self":[{"href":"https:\/\/semmelweis.hu\/oktatasmodszertan\/wp-json\/wp\/v2\/pages\/5155","targetHints":{"allow":["GET"]}}],"collection":[{"href":"https:\/\/semmelweis.hu\/oktatasmodszertan\/wp-json\/wp\/v2\/pages"}],"about":[{"href":"https:\/\/semmelweis.hu\/oktatasmodszertan\/wp-json\/wp\/v2\/types\/page"}],"author":[{"embeddable":true,"href":"https:\/\/semmelweis.hu\/oktatasmodszertan\/wp-json\/wp\/v2\/users\/101470"}],"replies":[{"embeddable":true,"href":"https:\/\/semmelweis.hu\/oktatasmodszertan\/wp-json\/wp\/v2\/comments?post=5155"}],"version-history":[{"count":11,"href":"https:\/\/semmelweis.hu\/oktatasmodszertan\/wp-json\/wp\/v2\/pages\/5155\/revisions"}],"predecessor-version":[{"id":6451,"href":"https:\/\/semmelweis.hu\/oktatasmodszertan\/wp-json\/wp\/v2\/pages\/5155\/revisions\/6451"}],"up":[{"embeddable":true,"href":"https:\/\/semmelweis.hu\/oktatasmodszertan\/wp-json\/wp\/v2\/pages\/1515"}],"wp:attachment":[{"href":"https:\/\/semmelweis.hu\/oktatasmodszertan\/wp-json\/wp\/v2\/media?parent=5155"}],"wp:term":[{"taxonomy":"category","embeddable":true,"href":"https:\/\/semmelweis.hu\/oktatasmodszertan\/wp-json\/wp\/v2\/categories?post=5155"},{"taxonomy":"post_tag","embeddable":true,"href":"https:\/\/semmelweis.hu\/oktatasmodszertan\/wp-json\/wp\/v2\/tags?post=5155"}],"curies":[{"name":"wp","href":"https:\/\/api.w.org\/{rel}","templated":true}]}}