{"id":4876,"date":"2024-03-25T11:21:10","date_gmt":"2024-03-25T10:21:10","guid":{"rendered":"https:\/\/semmelweis.hu\/oktatasmodszertan\/?page_id=4876"},"modified":"2026-01-20T11:43:27","modified_gmt":"2026-01-20T10:43:27","slug":"edulab","status":"publish","type":"page","link":"https:\/\/semmelweis.hu\/oktatasmodszertan\/kepzesek\/oktatoi-kozosseg\/edulab\/","title":{"rendered":"EduLab"},"content":{"rendered":"<table style=\"width: 100%\">\n<tbody>\n<tr>\n<td style=\"width: 21.1694%\" width=\"212\">\n<p><strong>a program c\u00edme<\/strong><\/p>\n<\/td>\n<td style=\"width: 24.0927%\" width=\"241\">\n<p><strong>a program jellege<\/strong><\/p>\n<\/td>\n<td style=\"width: 19.9597%\" width=\"199\">\n<p><strong>a program form\u00e1ja<\/strong><\/p>\n<\/td>\n<td style=\"width: 19.8589%\" width=\"198\">\n<p><strong>c\u00e9lcsoport<\/strong><\/p>\n<\/td>\n<td style=\"width: 14.8185%\" width=\"148\">\n<p><strong>helysz\u00edn<\/strong><\/p>\n<\/td>\n<\/tr>\n<tr>\n<td style=\"width: 21.1694%\" width=\"212\">\n<p>EduLab<\/p>\n<\/td>\n<td style=\"width: 24.0927%\" width=\"241\">\n<p>workshop<\/p>\n<\/td>\n<td style=\"width: 19.9597%\" width=\"199\">\n<p><a href=\"https:\/\/itc.semmelweis.hu\/moodle\/course\/index.php?categoryid=705\" target=\"_blank\" rel=\"noopener\">blended<\/a><\/p>\n<\/td>\n<td style=\"width: 19.8589%\" width=\"198\">\n<p>el\u0151ad\u00f3 \u00e9s gyakorlatvezet\u0151 oktat\u00f3k<\/p>\n<\/td>\n<td style=\"width: 14.8185%\" width=\"148\">\n<p>v\u00e1ltoz\u00f3<\/p>\n<\/td>\n<\/tr>\n<\/tbody>\n<\/table>\n<p><strong>A program c\u00e9lja:<\/strong><\/p>\n<p>Olyan tematikus alkalmak teremt\u00e9se, amelyben az oktat\u00f3i k\u00f6z\u00f6ss\u00e9g tagjai egym\u00e1s sz\u00e1m\u00e1ra tartott k\u00e9pz\u00e9seken oszthatj\u00e1k meg tapasztalataikat saj\u00e1t j\u00f3gyakorlatuk alapj\u00e1n.<\/p>\n<p><strong>A program jellege:<\/strong><\/p>\n<p>Ebben az egyed\u00fcl\u00e1ll\u00f3 k\u00e9pz\u00e9si programban az <strong><em>egy\u00fctt-oktat\u00e1s (co-teaching)<\/em><\/strong> \u00e9s a <strong><em>t\u00e1rst\u00e1mogat\u00e1s (peer support)<\/em><\/strong> \u00e9lm\u00e9ny\u00e9t k\u00edn\u00e1ljuk az oktat\u00f3i k\u00f6z\u00f6ss\u00e9gnek. Az Oktat\u00e1sfejleszt\u00e9si, -M\u00f3dszertani \u00e9s -Szervez\u00e9si K\u00f6zpont gondoz\u00e1s\u00e1ban megval\u00f3sul\u00f3 workshopok olyan m\u00f3dszertani \u00e9s\/vagy fejleszt\u00e9si r\u00e9szter\u00fcleteket \u00e9rintenek, melyeket az ig\u00e9nyfelm\u00e9r\u00e9sek alapj\u00e1n hi\u00e1nyp\u00f3tl\u00f3nak tartunk. A workshopokat saj\u00e1t k\u00e9pz\u00e9si k\u00edn\u00e1latunk r\u00e9szek\u00e9nt teljes k\u00f6r\u0171en szervezz\u00fck, tervezz\u00fck \u00e9s bonyol\u00edtjuk, megtart\u00e1sukat azonban olyan oktat\u00f3 koll\u00e9g\u00e1kra b\u00edzzuk, akik az adott t\u00e9m\u00e1ban kimondottan elm\u00e9ly\u00fcltek, \u00e9s oktat\u00f3i, oktat\u00e1sfejleszt\u0151i munk\u00e1juk sor\u00e1n az \u00e1tlagosn\u00e1l j\u00f3val t\u00f6bb, mindannyiunk sz\u00e1m\u00e1ra hasznos tapasztalatra tettek szert.<\/p>\n<p><strong>Tervezett workshopok:<\/strong><\/p>\n<ul>\n<li><a href=\"https:\/\/semmelweis.hu\/oktatasmodszertan\/kepzesek\/oktatoi-kozosseg\/edulab\/h5p\/\" target=\"_blank\" rel=\"noopener\">\u00cdgy k\u00e9sz\u00edts aszinkron leck\u00e9ket H5P-vel<\/a><\/li>\n<li><a href=\"https:\/\/semmelweis.hu\/oktatasmodszertan\/kepzesek\/oktatoi-kozosseg\/edulab\/jatekos-kviz\/\" target=\"_blank\" rel=\"noopener\">\u00cdgy k\u00e9sz\u00edts j\u00e1t\u00e9kos kv\u00edzeket<\/a><\/li>\n<li><a href=\"https:\/\/semmelweis.hu\/oktatasmodszertan\/kepzesek\/oktatoi-kozosseg\/edulab\/podcast\/\" target=\"_blank\" rel=\"noopener\">\u00cdgy k\u00e9sz\u00edts podcastot<\/a><\/li>\n<li><a href=\"https:\/\/semmelweis.hu\/oktatasmodszertan\/kepzesek\/oktatoi-kozosseg\/edulab\/illusztracio\/\" target=\"_blank\" rel=\"noopener\">\u00cdgy k\u00e9sz\u00edts saj\u00e1t illusztr\u00e1ci\u00f3t<\/a><\/li>\n<li><a href=\"https:\/\/semmelweis.hu\/oktatasmodszertan\/kepzesek\/oktatoi-kozosseg\/edulab\/oktatovideok\/\" target=\"_blank\" rel=\"noopener\">\u00cdgy k\u00e9sz\u00edts saj\u00e1t oktat\u00f3vide\u00f3t<\/a><\/li>\n<li><a href=\"https:\/\/semmelweis.hu\/oktatasmodszertan\/kepzesek\/oktatoi-kozosseg\/edulab\/szabaduloszoba\/\" target=\"_blank\" rel=\"noopener\">\u00cdgy k\u00e9sz\u00edts szabadul\u00f3szob\u00e1t<\/a><\/li>\n<li><a href=\"https:\/\/semmelweis.hu\/oktatasmodszertan\/kepzesek\/oktatoi-kozosseg\/edulab\/terepasztal\/\" target=\"_blank\" rel=\"noopener\">\u00cdgy oktass terepasztallal<\/a><\/li>\n<li><a href=\"https:\/\/semmelweis.hu\/oktatasmodszertan\/kepzesek\/oktatoi-kozosseg\/edulab\/vr\/\" target=\"_blank\" rel=\"noopener\">\u00cdgy oktass VR-technik\u00e1val<\/a><\/li>\n<li><a href=\"https:\/\/semmelweis.hu\/oktatasmodszertan\/kepzesek\/oktatoi-kozosseg\/edulab\/mesterseges-intelligencia\/\" target=\"_blank\" rel=\"noopener\">MI &#8211; a helyzet: mesters\u00e9ges intelligencia az egyetemi oktat\u00e1sban<\/a><\/li>\n<li><a href=\"https:\/\/semmelweis.hu\/oktatasmodszertan\/kepzesek\/oktatoi-kozosseg\/edulab\/mi-morzsak\/\" target=\"_blank\" rel=\"noopener\">MI-morzs\u00e1k<\/a><\/li>\n<li><a href=\"https:\/\/semmelweis.hu\/oktatasmodszertan\/kepzesek\/oktatoi-kozosseg\/edulab\/moodle-morzsak\/\" target=\"_blank\" rel=\"noopener\">Moodle-morzs\u00e1k<\/a><\/li>\n<li><a href=\"https:\/\/semmelweis.hu\/oktatasmodszertan\/kepzesek\/oktatoi-kozosseg\/edulab\/prezentacios-technikak\/\" target=\"_blank\" rel=\"noopener\">Prezent\u00e1ci\u00f3s technik\u00e1k az oktat\u00e1sban<\/a><\/li>\n<\/ul>\n<div class=\"exp-col-content-holder\"><a class=\"expand-cnt-link\" href=\"#\">Mi alapj\u00e1n v\u00e1lasztunk t\u00e9m\u00e1t? \u2013 \u201eH\u0171, ez fontos!\u201d<\/a><\/p>\n<div class=\"hidden-content\">\n<p class=\"hiddenContentp\">Az oktat\u00f3i k\u00f6z\u00f6ss\u00e9ggel folytatott mindennapi munka sor\u00e1n, oktat\u00f3i munkacsoportok oktat\u00e1sfejleszt\u00e9si folyamatait t\u00e1mogatva, k\u00e9pz\u00e9seinken felmer\u00fcl\u0151 ig\u00e9nyeket megismerve, a fels\u0151oktat\u00e1sban aktu\u00e1lis hazai \u00e9s nemzetk\u00f6zi trendeket k\u00f6vetve <strong><em>az Oktat\u00e1sfejleszt\u00e9si-, M\u00f3dszertani \u00e9s -Szervez\u00e9si K\u00f6zpont szak\u00e9rt\u0151i folyamatosan keresik \u00e9s azonos\u00edtj\u00e1k a f\u0151bb f\u00f3kuszpontokat<\/em><\/strong>, \u00e9s a pedag\u00f3giai, oktat\u00e1sm\u00f3dszertani, oktat\u00e1stechnol\u00f3giai t\u00e1mogat\u00e1st ig\u00e9nyl\u0151 feladatokat. A visszajelz\u00e9sek alapj\u00e1n nagy \u00e9rdekl\u0151d\u00e9sre sz\u00e1mot tart\u00f3 t\u00e9mak\u00f6r\u00f6ket felvessz\u00fck k\u00e9pz\u00e9si k\u00edn\u00e1latunkba, el\u0151sz\u00f6r az \u00e1ltalunk tartott k\u00e9pz\u00e9sek r\u00e9szek\u00e9nt, majd pedig \u00f6n\u00e1ll\u00f3 tematikus workshopot \u00e9p\u00edtve r\u00e1.<\/p>\n<\/div>\n<\/div>\n<div class=\"exp-col-content-holder\"><a class=\"expand-cnt-link\" href=\"#\">Mi alapj\u00e1n v\u00e1lasztunk k\u00e9pz\u0151t? \u2013 \u201eH\u0171, neki ez a kisujj\u00e1ban van!\u201d<\/a><\/p>\n<div class=\"hidden-content\">\n<p class=\"hiddenContentp\">Az oktat\u00f3i k\u00f6z\u00f6ss\u00e9ggel \u00e1polt szoros \u00e9s egy\u00fcttm\u0171k\u00f6d\u00e9sen alapul\u00f3 munkakapcsolatunk sor\u00e1n gyakran tal\u00e1lkozunk olyan egy\u00e9ni j\u00f3gyakorlatokkal, oktat\u00f3i m\u0171helyekkel, ahol rengeteg relev\u00e1ns tud\u00e1s \u00e9s tapasztalat gy\u0171lt \u00f6ssze bizonyos oktat\u00e1sm\u00f3dszertani \u00e9s\/vagy oktat\u00e1stechnol\u00f3giai ter\u00fcleten. Amikor megjelennek a l\u00e1t\u00f3ter\u00fcnkben <strong><em>\u2013 ak\u00e1r szem\u00e9lyes kapcsolat, ak\u00e1r koll\u00e9g\u00e1k vagy hallgat\u00f3k aj\u00e1nl\u00e1sa alapj\u00e1n \u2013 olyan oktat\u00f3 koll\u00e9g\u00e1k, akik mindennapi gyakorlatukban m\u00e9lyen be\u00e1gyazottan, magas szinten alkalmazz\u00e1k valamely m\u00f3dszertani vagy technol\u00f3giai megold\u00e1st<\/em><\/strong>, \u0151k maguk jellemz\u0151en az erre ir\u00e1nyul\u00f3 visszajelz\u00e9s\u00fcnkb\u0151l \u00e9rtes\u00fclnek arr\u00f3l, hogy tud\u00e1suk \u00e9s tapasztalatuk m\u00e1sok sz\u00e1m\u00e1ra mekkora kincs, \u00e9s milyen hi\u00e1nyp\u00f3tl\u00f3 lenne. Az EduLab workshopokra teh\u00e1t ugyan\u00fagy t\u00f6rt\u00e9nik az inform\u00e1lis felk\u00e9r\u00e9s, mint az <u>EduIdea<\/u> j\u00f3gyakorlat bemutat\u00f3ira, a <u>Nemzetk\u00f6zi Oktat\u00e1sfejleszt\u00e9si Konferencia<\/u> posztereire, vagy <u>oktat\u00e1sfejleszt\u00e9si p\u00e1ly\u00e1zat<\/u> beny\u00fajt\u00e1s\u00e1ra: <em>\u201eTe, ez szuper! Volna kedved ezt megosztani\/kidolgozni\/bemutatni? Mindenben seg\u00edt\u00fcnk!\u201d<\/em><\/p>\n<\/div>\n<\/div>\n<div class=\"exp-col-content-holder\"><a class=\"expand-cnt-link\" href=\"#\">Hogyan j\u00f6n l\u00e9tre egy EduLab workshop?<\/a><\/p>\n<div class=\"hidden-content\">\n<p>Ha az adott t\u00e9m\u00e1ban tapasztalt, nagy gyakorlattal rendelkez\u0151 oktat\u00f3 koll\u00e9ga elfogadja t\u0151l\u00fcnk a visszajelz\u00e9st, hogy bizony, olyan tud\u00e1s birtok\u00e1ban van, amely az oktat\u00f3i k\u00f6z\u00f6ss\u00e9g sz\u00e1m\u00e1ra relev\u00e1ns \u00e9s hi\u00e1nyp\u00f3tl\u00f3, \u00e9s sz\u00edvesen v\u00e1llalja, hogy megosztja ezt az \u00e9rdekl\u0151d\u0151 koll\u00e9g\u00e1k t\u00e1mogat\u00e1sa c\u00e9lj\u00e1b\u00f3l, megkezd\u0151dik a szervez\u00e9s.<\/p>\n<ul>\n<li><strong><em>id\u0151pontot egyeztet\u00fcnk<\/em><\/strong>, \u00e9s a k\u00e9pz\u00e9si napt\u00e1rba illesztj\u00fck a workshop alkalmat<\/li>\n<li><strong><em>egyeztetj\u00fck a tematik\u00e1t<\/em><\/strong>, a tartalmakat \u00fagy v\u00e1logatjuk \u00f6ssze, hogy minden sz\u00fcks\u00e9ges ismeret \u00e1tad\u00e1s\u00e1ra \u00e9s k\u00e9szs\u00e9g fejleszt\u00e9s\u00e9re interakt\u00edv, gyakorlatias m\u00f3don alkalom legyen, szinkron form\u00e1ban legfeljebb 16 \u00f3r\u00e1s, blended form\u00e1ban legfeljebb 20 \u00f3r\u00e1s id\u0151keretben<\/li>\n<li>k\u00f6z\u00f6sen <strong><em>meghat\u00e1rozzuk a munkaform\u00e1t<\/em><\/strong>, \u00e9s gondoskodunk az infrastruktur\u00e1lis felt\u00e9telekr\u0151l<\/li>\n<li>k\u00f6z\u00f6sen <strong><em>\u00f6ssze\u00e1ll\u00edtjuk a programtervet<\/em><\/strong>, melyben a workshop vezet\u0151je a felk\u00e9rt oktat\u00f3, t\u00e1rs-oktat\u00f3ja \u00e9s az esem\u00e9ny h\u00e1zigazd\u00e1ja pedig az Oktat\u00e1sfejleszt\u00e9si-, -M\u00f3dszertani \u00e9s -Szervez\u00e9si K\u00f6zpont szak\u00e9rt\u0151je<\/li>\n<li>az Oktat\u00e1sfejleszt\u00e9si-, -M\u00f3dszertani \u00e9s -Szervez\u00e9si K\u00f6zpont gondoskodik a programmal kapcsolatos teljes kommunik\u00e1ci\u00f3r\u00f3l (r\u00e9sztvev\u0151k toborz\u00e1sa, t\u00e1j\u00e9koztat\u00e1sa, igazol\u00e1sok kiad\u00e1sa stb.)<\/li>\n<li>k\u00f6z\u00f6sen <strong><em>l\u00e9trehozzuk a workshophoz kapcsol\u00f3d\u00f3 digit\u00e1lis tartalmakat<\/em><\/strong> az EduLab kurzusfel\u00fclet\u00e9n, \u00e9s a program ideje alatt egy\u00fctt gondozzuk az interakt\u00edv elemeket<\/li>\n<li>k\u00f6z\u00f6sen <strong><em>megtartjuk a workshopot<\/em><\/strong>, majd a tapasztaltok megbesz\u00e9l\u00e9se ut\u00e1n, \u00e9s a r\u00e9sztvev\u0151k visszajelz\u00e9sei alapj\u00e1n eld\u00f6ntj\u00fck, hogyan tov\u00e1bb<\/li>\n<\/ul>\n<\/div>\n<\/div>\n<p><strong>R\u00e9szv\u00e9teli felt\u00e9telek:<\/strong><\/p>\n<ol>\n<li>Ez egy \u00f6nk\u00e9ntes v\u00e1llal\u00e1son alapul\u00f3 workshop sorozat, melynek alkalmai egym\u00e1ssal nem \u00e1llnak \u00f6sszef\u00fcgg\u00e9sben, b\u00e1rmelyikre becsatlakozhat az Egyetem b\u00e1rmely oktat\u00f3ja.<\/li>\n<li>Regisztr\u00e1ci\u00f3s k\u00e9rd\u0151\u00edv el\u0151zetes kit\u00f6lt\u00e9se (<a href=\"https:\/\/bit.ly\/SEoktatastamogatas\">https:\/\/bit.ly\/SEoktatastamogatas<\/a>).<\/li>\n<li>A megjelen\u00e9s \u00e9s az akt\u00edv r\u00e9szv\u00e9tel a regisztr\u00e1lt alkalmakon elv\u00e1rt \u2013 online alkalom eset\u00e9ben ehhez webkamera, hangsz\u00f3r\u00f3 \u00e9s mikrofon elengedhetetlen\u00fcl sz\u00fcks\u00e9ges.<\/li>\n<li>Pre-kurzus feladatok elk\u00e9sz\u00edt\u00e9se a hat\u00e9kony k\u00f6z\u00f6s munka \u00e9rdek\u00e9ben, \u00e9s egy workshop ut\u00e1ni r\u00f6vid \u00edr\u00e1sos reflexi\u00f3 beny\u00fajt\u00e1sa.<\/li>\n<\/ol>\n<p><strong>L\u00e9tsz\u00e1mkorl\u00e1t<\/strong>: 16 f\u0151\/alkalom (a program minimum 4 f\u0151 jelentkez\u00e9s\u00e9vel indul!)<\/p>\n<p><strong>Helysz\u00edn<\/strong>: az adott EduLab workshopt\u00f3l f\u00fcgg\u0151en v\u00e1ltoz\u00f3<\/p>\n<p><strong>Programfelel\u0151s \u00e9s kapcsolattart\u00f3: <\/strong><a href=\"https:\/\/semmelweis.hu\/oktatasmodszertan\/magunkrol\/munkatarsak\/\">Kozma Borb\u00e1la<\/a><\/p>\n","protected":false},"excerpt":{"rendered":"<p>a program c\u00edme a program jellege a program form\u00e1ja c\u00e9lcsoport helysz\u00edn EduLab workshop <a href=\"https:\/\/itc.semmelweis.hu\/moodle\/course\/index.php?categoryid=705\" target=\"_blank\" rel=\"noopener\">blended<\/a> el\u0151ad\u00f3 \u00e9s gyakorlatvezet\u0151 oktat\u00f3k v\u00e1ltoz\u00f3 A program c\u00e9lja: Olyan tematikus alkalmak teremt\u00e9se, amelyben az oktat\u00f3i k\u00f6z\u00f6ss\u00e9g tagjai egym\u00e1s sz\u00e1m\u00e1ra tartott k\u00e9pz\u00e9seken oszthatj\u00e1k meg tapasztalataikat saj\u00e1t j\u00f3gyakorlatuk alapj\u00e1n. A program jellege: Ebben az egyed\u00fcl\u00e1ll\u00f3 k\u00e9pz\u00e9si programban az egy\u00fctt-oktat\u00e1s (co-teaching) \u00e9s a t\u00e1rst\u00e1mogat\u00e1s (peer &hellip;<\/p>\n","protected":false},"author":102317,"featured_media":0,"parent":2322,"menu_order":5,"comment_status":"closed","ping_status":"closed","template":"","meta":{"_acf_changed":false,"footnotes":""},"categories":[],"tags":[],"class_list":["post-4876","page","type-page","status-publish","hentry"],"acf":[],"_links":{"self":[{"href":"https:\/\/semmelweis.hu\/oktatasmodszertan\/wp-json\/wp\/v2\/pages\/4876","targetHints":{"allow":["GET"]}}],"collection":[{"href":"https:\/\/semmelweis.hu\/oktatasmodszertan\/wp-json\/wp\/v2\/pages"}],"about":[{"href":"https:\/\/semmelweis.hu\/oktatasmodszertan\/wp-json\/wp\/v2\/types\/page"}],"author":[{"embeddable":true,"href":"https:\/\/semmelweis.hu\/oktatasmodszertan\/wp-json\/wp\/v2\/users\/102317"}],"replies":[{"embeddable":true,"href":"https:\/\/semmelweis.hu\/oktatasmodszertan\/wp-json\/wp\/v2\/comments?post=4876"}],"version-history":[{"count":12,"href":"https:\/\/semmelweis.hu\/oktatasmodszertan\/wp-json\/wp\/v2\/pages\/4876\/revisions"}],"predecessor-version":[{"id":6202,"href":"https:\/\/semmelweis.hu\/oktatasmodszertan\/wp-json\/wp\/v2\/pages\/4876\/revisions\/6202"}],"up":[{"embeddable":true,"href":"https:\/\/semmelweis.hu\/oktatasmodszertan\/wp-json\/wp\/v2\/pages\/2322"}],"wp:attachment":[{"href":"https:\/\/semmelweis.hu\/oktatasmodszertan\/wp-json\/wp\/v2\/media?parent=4876"}],"wp:term":[{"taxonomy":"category","embeddable":true,"href":"https:\/\/semmelweis.hu\/oktatasmodszertan\/wp-json\/wp\/v2\/categories?post=4876"},{"taxonomy":"post_tag","embeddable":true,"href":"https:\/\/semmelweis.hu\/oktatasmodszertan\/wp-json\/wp\/v2\/tags?post=4876"}],"curies":[{"name":"wp","href":"https:\/\/api.w.org\/{rel}","templated":true}]}}