{"id":4644,"date":"2023-12-11T16:21:27","date_gmt":"2023-12-11T15:21:27","guid":{"rendered":"https:\/\/semmelweis.hu\/oktatasmodszertan\/?page_id=4644"},"modified":"2024-04-09T13:05:44","modified_gmt":"2024-04-09T11:05:44","slug":"mesterseges-intelligencia-az-egyetemi-oktatasban","status":"publish","type":"page","link":"https:\/\/semmelweis.hu\/oktatasmodszertan\/mesterseges-intelligencia-az-egyetemi-oktatasban\/","title":{"rendered":"Mesters\u00e9ges intelligencia az egyetemi oktat\u00e1sban"},"content":{"rendered":"<table width=\"99%\">\n<tbody>\n<tr>\n<td width=\"318\">\n<p><strong>a program c\u00edme<\/strong><\/p>\n<\/td>\n<td width=\"362\">\n<p><strong>a program jellege<\/strong><\/p>\n<\/td>\n<td width=\"299\">\n<p><strong>a program form\u00e1ja<\/strong><\/p>\n<\/td>\n<td width=\"297\">\n<p><strong>c\u00e9lcsoport<\/strong><\/p>\n<\/td>\n<td width=\"222\">\n<p><strong>helysz\u00edn<\/strong><\/p>\n<\/td>\n<\/tr>\n<tr>\n<td width=\"318\">\n<p>Mesters\u00e9ges intelligencia az egyetemi<br \/>\noktat\u00e1sban<\/p>\n<\/td>\n<td width=\"362\">\n<p>alapk\u00e9pz\u00e9s<\/p>\n<\/td>\n<td width=\"299\">\n<p><span style=\"font-size: 12pt\">workshop<\/span><\/p>\n<\/td>\n<td width=\"297\">\n<p><span style=\"font-size: 12pt\">minden oktat\u00f3<\/span><\/p>\n<\/td>\n<td width=\"222\">\n<p><span style=\"font-size: 12pt\">offline<\/span><\/p>\n<\/td>\n<\/tr>\n<\/tbody>\n<\/table>\n<p><strong>Id\u0151pont:<\/strong><\/p>\n<p>2024. m\u00e1jus 21-22. 8:00-16:00<\/p>\n<p>2024. okt\u00f3ber 15-16. 8:00-16:00<\/p>\n<p><a class=\"btn btn-danger\" href=\"https:\/\/bit.ly\/SEoktatastamogatas\" target=\"_blank\" rel=\"noopener\"><strong>JELENTKEZ\u00c9S<\/strong><\/a><\/p>\n<p><strong>Programfelel\u0151s \u00e9s kapcsolattart\u00f3:\u00a0<\/strong><a href=\"https:\/\/semmelweis.hu\/oktatasmodszertan\/magunkrol\/munkatarsak\/\" target=\"_blank\" rel=\"noopener\">Kozma Borb\u00e1la<\/a><\/p>\n","protected":false},"excerpt":{"rendered":"<p>a program c\u00edme<\/p>\n<p>a program jellege<\/p>\n<p>a program form\u00e1ja<\/p>\n<p>c\u00e9lcsoport<\/p>\n<p>helysz\u00edn<\/p>\n<p>Mesters\u00e9ges intelligencia az egyetemi<br \/>\noktat\u00e1sban<\/p>\n<p>alapk\u00e9pz\u00e9s<\/p>\n<p>workshop<\/p>\n<p>minden oktat\u00f3<\/p>\n<p>offline<\/p>\n<p>Id\u0151pont:<br \/>\n2024. m\u00e1jus 21-22. 8:00-16:00<br \/>\n2024. okt\u00f3ber 15-16. 8:00-16:00<br \/>\n<a class=\"btn btn-danger\" href=\"https:\/\/bit.ly\/SEoktatastamogatas\" target=\"_blank\" rel=\"noopener\">JELENTKEZ\u00c9S<\/a><br \/>\nProgramfelel\u0151s \u00e9s kapcsolattart\u00f3:\u00a0<a href=\"https:\/\/semmelweis.hu\/oktatasmodszertan\/magunkrol\/munkatarsak\/\" target=\"_blank\" rel=\"noopener\">Kozma Borb\u00e1la<\/a><\/p>\n","protected":false},"author":101470,"featured_media":0,"parent":0,"menu_order":4,"comment_status":"closed","ping_status":"closed","template":"","meta":{"_acf_changed":false,"footnotes":""},"categories":[],"tags":[],"class_list":["post-4644","page","type-page","status-publish","hentry"],"acf":[],"_links":{"self":[{"href":"https:\/\/semmelweis.hu\/oktatasmodszertan\/wp-json\/wp\/v2\/pages\/4644","targetHints":{"allow":["GET"]}}],"collection":[{"href":"https:\/\/semmelweis.hu\/oktatasmodszertan\/wp-json\/wp\/v2\/pages"}],"about":[{"href":"https:\/\/semmelweis.hu\/oktatasmodszertan\/wp-json\/wp\/v2\/types\/page"}],"author":[{"embeddable":true,"href":"https:\/\/semmelweis.hu\/oktatasmodszertan\/wp-json\/wp\/v2\/users\/101470"}],"replies":[{"embeddable":true,"href":"https:\/\/semmelweis.hu\/oktatasmodszertan\/wp-json\/wp\/v2\/comments?post=4644"}],"version-history":[{"count":8,"href":"https:\/\/semmelweis.hu\/oktatasmodszertan\/wp-json\/wp\/v2\/pages\/4644\/revisions"}],"predecessor-version":[{"id":4943,"href":"https:\/\/semmelweis.hu\/oktatasmodszertan\/wp-json\/wp\/v2\/pages\/4644\/revisions\/4943"}],"wp:attachment":[{"href":"https:\/\/semmelweis.hu\/oktatasmodszertan\/wp-json\/wp\/v2\/media?parent=4644"}],"wp:term":[{"taxonomy":"category","embeddable":true,"href":"https:\/\/semmelweis.hu\/oktatasmodszertan\/wp-json\/wp\/v2\/categories?post=4644"},{"taxonomy":"post_tag","embeddable":true,"href":"https:\/\/semmelweis.hu\/oktatasmodszertan\/wp-json\/wp\/v2\/tags?post=4644"}],"curies":[{"name":"wp","href":"https:\/\/api.w.org\/{rel}","templated":true}]}}