{"id":4627,"date":"2023-12-11T15:17:42","date_gmt":"2023-12-11T14:17:42","guid":{"rendered":"https:\/\/semmelweis.hu\/oktatasmodszertan\/?page_id=4627"},"modified":"2026-01-23T14:25:13","modified_gmt":"2026-01-23T13:25:13","slug":"edupeer","status":"publish","type":"page","link":"https:\/\/semmelweis.hu\/oktatasmodszertan\/kepzesek\/oktatoi-kozosseg\/edupeer\/","title":{"rendered":"EduPeer"},"content":{"rendered":"<div class=\"responsive-tabs\">\n<h2 class=\"tabtitle\"><strong>R\u00e9szletek<\/strong><\/h2>\n<div class=\"tabcontent\">\n\n<table style=\"width: 100%\">\n<tbody>\n<tr>\n<td style=\"width: 31.5217%\" width=\"212\">\n<p><strong>a program c\u00edme<\/strong><\/p>\n<\/td>\n<td style=\"width: 29.4837%\" width=\"241\">\n<p><strong>a program jellege<\/strong><\/p>\n<\/td>\n<td style=\"width: 20.3804%\" width=\"199\">\n<p><strong>a program form\u00e1ja<\/strong><\/p>\n<\/td>\n<td style=\"width: 131.929%\" width=\"198\">\n<p><strong>c\u00e9lcsoport<\/strong><\/p>\n<\/td>\n<td style=\"width: 13.0435%\" width=\"148\">\n<p><strong>helysz\u00edn<\/strong><\/p>\n<\/td>\n<\/tr>\n<tr>\n<td style=\"width: 31.5217%\" width=\"212\">\n<p>EduPeer<\/p>\n<\/td>\n<td style=\"width: 29.4837%\" width=\"241\">\n<p>t\u00e1rst\u00e1mogat\u00e1s<\/p>\n<\/td>\n<td style=\"width: 20.3804%\" width=\"199\">\n<p>peer2peer<\/p>\n<\/td>\n<td style=\"width: 131.929%\" width=\"198\">\n<p>minden oktat\u00f3<\/p>\n<\/td>\n<td style=\"width: 13.0435%\" width=\"148\">\n<p>online<\/p>\n<\/td>\n<\/tr>\n<\/tbody>\n<\/table>\n<p><strong>A program c\u00e9lja: <\/strong><\/p>\n<p>Az EduPeer egy egy\u00fcttm\u0171k\u00f6d\u00e9sen alapul\u00f3 program, amely seg\u00edti az oktat\u00f3kat a tan\u00edt\u00e1si kih\u00edv\u00e1sok megold\u00e1s\u00e1ban koll\u00e9g\u00e1k k\u00f6z\u00f6tti tapasztalatmegoszt\u00e1s \u00e9s tan\u00e1csad\u00e1s r\u00e9v\u00e9n. A program a Konstanzi Egyetem \u201e<a href=\"https:\/\/www.asd-veranstaltungen.uni-konstanz.de\/archiv\/wintersemester-2023_2024\/event.php?vnr=4e0-10a\" target=\"_blank\" rel=\"noopener\">Peer2peer Solutions for Your Teaching Practice Challenges<\/a>\u201d modellj\u00e9n alapul, \u00e9s c\u00e9lja, hogy t\u00e1mogat\u00f3 k\u00f6zegben biztos\u00edtson lehet\u0151s\u00e9get a tan\u00edt\u00e1si gyakorlat fejleszt\u00e9s\u00e9re.<\/p>\n<p><strong>A program jellege: <\/strong><\/p>\n<p>Online, facilit\u00e1lt t\u00e1rst\u00e1mogat\u00f3 program, amelyben az oktat\u00f3k struktur\u00e1lt m\u00f3dszerrel dolgozz\u00e1k fel saj\u00e1t oktat\u00f3i gyakorlatukban felmer\u00fcl\u0151 kih\u00edv\u00e1saikat. A r\u00e9sztvev\u0151k vagy k\u00e9rdez\u0151 vagy tan\u00e1csad\u00f3 szerepben vesznek r\u00e9szt, \u00edgy t\u00f6bb n\u00e9z\u0151pontb\u00f3l is tapasztalatot szerezhetnek. Egy eset megbesz\u00e9l\u00e9se 30 perces id\u0151keretben t\u00f6rt\u00e9nik, \u00edgy egy-egy EduPeer alkalommal h\u00e1rom eset feldolgoz\u00e1s\u00e1ra van lehet\u0151s\u00e9g.<\/p>\n<p><strong>R\u00e9szv\u00e9teli felt\u00e9telek:<\/strong><\/p>\n<ol>\n<li>Legal\u00e1bb f\u00e9l\u00e9ves oktat\u00f3i gyakorlat a fels\u0151oktat\u00e1sban.<\/li>\n<li>K\u00e9rdez\u0151k\u00e9nt egy oktat\u00f3i kih\u00edv\u00e1s tan\u00e1csad\u00e1sra bocs\u00e1t\u00e1sa: kulcsk\u00e9rd\u00e9s megfogalmaz\u00e1sa, kontextus ad\u00e1sa<\/li>\n<li>Tan\u00e1csad\u00f3k\u00e9nt nyitotts\u00e1g a tapasztalatmegoszt\u00e1sra \u00e9s a koll\u00e9g\u00e1k t\u00e1mogat\u00e1s\u00e1ra.<\/li>\n<\/ol>\n<p><strong>L\u00e9tsz\u00e1mkorl\u00e1t: <\/strong><\/p>\n<p>A program kis l\u00e9tsz\u00e1m\u00fa csoportokban zajlik a hat\u00e9kony egy\u00fcttm\u0171k\u00f6d\u00e9s \u00e9rdek\u00e9ben, minimum 4, maximum 8 f\u0151 r\u00e9szv\u00e9tel\u00e9vel.<\/p>\n<p><strong>Helysz\u00edn<\/strong>: Zoom (link a Moodle-fel\u00fcleten, els\u0151 bel\u00e9p\u00e9skor a Beiratkoz\u00e1s gombra kattintva)<\/p>\n<p><strong>Tervezett id\u0151pont: <\/strong><\/p>\n<p><em>Hamarosan<\/em><\/p>\n<p><strong>Programfelel\u0151s \u00e9s kapcsolattart\u00f3: <\/strong><a href=\"https:\/\/semmelweis.hu\/oktatasmodszertan\/magunkrol\/munkatarsak\/\" target=\"_blank\" rel=\"noopener noreferrer\">Kozma Borb\u00e1la<\/a><\/p>\n<div class=\"keretes w-100\">\n<p><strong>H\u00e1zhoz megy\u00fcnk<\/strong><\/p>\n<p>A fent megadott konkr\u00e9t id\u0151pontokon t\u00fal v\u00e1rjuk kisebb oktat\u00f3i teamek jelentkez\u00e9s\u00e9t egy-egy konkr\u00e9t fejleszt\u00e9s\u00fck kapcs\u00e1n, illetve v\u00e1llaljuk tansz\u00e9ki vagy kari szint\u0171 \u00e1tfog\u00f3 fejleszt\u00e9sek t\u00e1mogat\u00e1s\u00e1t is. Foglaljon <strong><a href=\"https:\/\/outlook.office.com\/book\/Hzhozmegynk@unisemmelweis.onmicrosoft.com\/\" target=\"_blank\" rel=\"noopener\">napt\u00e1runkban<\/a><\/strong> egy vagy t\u00f6bb alkalmat, melyet teamj\u00fckkel oktat\u00e1sfejleszt\u00e9sre sz\u00e1nnak. A foglal\u00e1s ut\u00e1n felvessz\u00fck \u00d6nnel a kapcsolatot a r\u00e9szletek egyeztet\u00e9se c\u00e9lj\u00e1b\u00f3l. A gyakran ism\u00e9telt k\u00e9rd\u00e9seket \u00e9s r\u00e9szleteket\u00a0<strong><a href=\"https:\/\/semmelweis.hu\/oktatasmodszertan\/kepzesek\/oktatastamogatas-esemenyek\/idopontfoglalas-gyik\/\" target=\"_blank\" rel=\"noopener\">az al\u00e1bbi linken<\/a><\/strong>\u00a0olvashatja.<\/p>\n<\/div>\n\n<\/div><h2 class=\"tabtitle\"><strong>Programterv<\/strong><\/h2>\n<div class=\"tabcontent\">\n\n<h5><strong>2026<\/strong><\/h5>\n<p><span style=\"color: #ff0000\"><em>Hamarosan<\/em><\/span><\/p>\n<p>&nbsp;<\/p>\n<h5><strong>2025<\/strong><\/h5>\n<p><strong>Az EduPeer program menete<\/strong><\/p>\n<table style=\"width: 81.9464%;height: 429px\" width=\"605\">\n<tbody>\n<tr style=\"height: 47px\">\n<td style=\"height: 47px\" width=\"83\">\n<p><strong>Id\u0151keret<\/strong><\/p>\n<\/td>\n<td style=\"height: 47px\" width=\"371\">\n<p><strong>Tev\u00e9kenys\u00e9g <\/strong><\/p>\n<\/td>\n<td style=\"height: 47px\" width=\"151\">\n<p><strong>Szerepl\u0151 <\/strong><\/p>\n<\/td>\n<\/tr>\n<tr style=\"height: 47px\">\n<td style=\"height: 47px\" width=\"83\">\n<p><strong>5 perc<\/strong><\/p>\n<\/td>\n<td style=\"height: 47px\" width=\"371\">\n<p><strong>Egy kulcsk\u00e9rd\u00e9s <\/strong>megfogalmaz\u00e1sa, \u00e9s kontextus ad\u00e1sa r\u00f6vid esetle\u00edr\u00e1s form\u00e1j\u00e1ban.<\/p>\n<\/td>\n<td style=\"height: 47px\" width=\"151\">\n<p>K\u00e9rdez\u0151<\/p>\n<\/td>\n<\/tr>\n<tr style=\"height: 47px\">\n<td style=\"height: 47px\" width=\"83\">\n<p><strong>3 perc<\/strong><\/p>\n<\/td>\n<td style=\"height: 47px\" width=\"371\">\n<p>A tan\u00e1csad\u00f3k pontos\u00edt\u00f3 <strong>k\u00e9rd\u00e9sei \u00e9s <\/strong>a k\u00e9rdez\u0151 <strong>magyar\u00e1zatai. <\/strong>Legk\u00e9s\u0151bb ezen a ponton vil\u00e1gos a kulcsk\u00e9rd\u00e9s.<\/p>\n<\/td>\n<td style=\"height: 47px\" width=\"151\">\n<p>A tan\u00e1csad\u00f3k k\u00e9rdeznek, a k\u00e9rdez\u0151 t\u00e1j\u00e9koztat\u00e1st ad<\/p>\n<\/td>\n<\/tr>\n<tr style=\"height: 74px\">\n<td style=\"height: 74px\" width=\"83\">\n<p><strong>7 perc<\/strong><\/p>\n<\/td>\n<td style=\"height: 74px\" width=\"371\">\n<p>A tan\u00e1csad\u00f3k <strong>azonosulnak <\/strong>minden r\u00e9sztvev\u0151vel: Ki mit gondol err\u0151l a helyzetr\u0151l? Mik az emberek ig\u00e9nyei \u00e9s \u00e9rdekei ebben a helyzetben? A tan\u00e1csad\u00f3k <strong>esetelemz\u00e9se<\/strong>: A tan\u00e1csad\u00f3k hipot\u00e9ziseket fogalmaznak meg a probl\u00e9ma\/helyzet keletkez\u00e9s\u00e9r\u0151l \u00e9s h\u00e1tter\u00e9r\u0151l.<\/p>\n<\/td>\n<td style=\"height: 74px\" width=\"151\">\n<p>Tan\u00e1csad\u00f3k<\/p>\n<\/td>\n<\/tr>\n<tr style=\"height: 74px\">\n<td style=\"height: 74px\" width=\"83\">\n<p><strong>1 perc<\/p>\n<p><\/strong><\/p>\n<\/td>\n<td style=\"height: 74px\" width=\"371\">\n<p>A k\u00e9rdez\u0151 r\u00f6vid reflexi\u00f3ja az elhangzottakra.<\/p>\n<\/td>\n<td style=\"height: 74px\" width=\"151\">\n<p>K\u00e9rdez\u0151<\/p>\n<\/td>\n<\/tr>\n<tr style=\"height: 47px\">\n<td style=\"height: 47px\" width=\"83\">\n<p><strong>7 perc<\/strong><\/p>\n<\/td>\n<td style=\"height: 47px\" width=\"371\">\n<p><strong>Megold\u00e1si \u00f6tletek<\/strong>: A tan\u00e1csad\u00f3k megold\u00e1si \u00f6tleteket gy\u0171jtenek (pl. \u00f6tletb\u00f6rze form\u00e1j\u00e1ban); a h\u00e1zigazda mindenki sz\u00e1m\u00e1ra l\u00e1that\u00f3 m\u00f3don jegyzeteket k\u00e9sz\u00edt<\/p>\n<\/td>\n<td style=\"height: 47px\" width=\"151\">\n<p>Tan\u00e1csad\u00f3k<\/p>\n<\/td>\n<\/tr>\n<tr style=\"height: 47px\">\n<td style=\"height: 47px\" width=\"83\">\n<p><strong>2 perc<\/strong><\/p>\n<\/td>\n<td style=\"height: 47px\" width=\"371\">\n<p>A k\u00e9rdez\u0151 <strong>r\u00f6vid visszajelz\u00e9st ad <\/strong>a tan\u00e1csad\u00e1sr\u00f3l: Mit tanultam bel\u0151le? Mi a k\u00f6vetkez\u0151 l\u00e9p\u00e9sem?<\/p>\n<\/td>\n<td style=\"height: 47px\" width=\"151\">\n<p>K\u00e9rdez\u0151<\/p>\n<\/td>\n<\/tr>\n<tr style=\"height: 46px\">\n<td style=\"height: 46px\" width=\"83\">\n<p><strong>5 perc<\/strong><\/p>\n<\/td>\n<td style=\"height: 46px\" width=\"371\">\n<p>\u00d6sszefoglal\u00e1s \u00e9s visszajelz\u00e9s<\/p>\n<\/td>\n<td style=\"height: 46px\" width=\"151\">\n<p>Mindenki<\/p>\n<\/td>\n<\/tr>\n<\/tbody>\n<\/table>\n<\/div><\/div>\n","protected":false},"excerpt":{"rendered":"<p>a program c\u00edme a program jellege a program form\u00e1ja c\u00e9lcsoport helysz\u00edn EduPeer t\u00e1rst\u00e1mogat\u00e1s peer2peer minden oktat\u00f3 online A program c\u00e9lja: Az EduPeer egy egy\u00fcttm\u0171k\u00f6d\u00e9sen alapul\u00f3 program, amely seg\u00edti az oktat\u00f3kat a tan\u00edt\u00e1si kih\u00edv\u00e1sok megold\u00e1s\u00e1ban koll\u00e9g\u00e1k k\u00f6z\u00f6tti tapasztalatmegoszt\u00e1s \u00e9s tan\u00e1csad\u00e1s r\u00e9v\u00e9n. A program a Konstanzi Egyetem \u201e <a href=\"https:\/\/www.asd-veranstaltungen.uni-konstanz.de\/archiv\/wintersemester-2023_2024\/event.php?vnr=4e0-10a\" target=\"_blank\" rel=\"noopener\">Peer2peer Solutions for Your Teaching Practice Challenges<\/a> \u201d modellj\u00e9n alapul, \u00e9s c\u00e9lja, hogy t\u00e1mogat\u00f3 k\u00f6zegben biztos\u00edtson &hellip;<\/p>\n","protected":false},"author":101470,"featured_media":0,"parent":2322,"menu_order":4,"comment_status":"closed","ping_status":"closed","template":"","meta":{"_acf_changed":false,"footnotes":""},"categories":[],"tags":[],"class_list":["post-4627","page","type-page","status-publish","hentry"],"acf":[],"_links":{"self":[{"href":"https:\/\/semmelweis.hu\/oktatasmodszertan\/wp-json\/wp\/v2\/pages\/4627","targetHints":{"allow":["GET"]}}],"collection":[{"href":"https:\/\/semmelweis.hu\/oktatasmodszertan\/wp-json\/wp\/v2\/pages"}],"about":[{"href":"https:\/\/semmelweis.hu\/oktatasmodszertan\/wp-json\/wp\/v2\/types\/page"}],"author":[{"embeddable":true,"href":"https:\/\/semmelweis.hu\/oktatasmodszertan\/wp-json\/wp\/v2\/users\/101470"}],"replies":[{"embeddable":true,"href":"https:\/\/semmelweis.hu\/oktatasmodszertan\/wp-json\/wp\/v2\/comments?post=4627"}],"version-history":[{"count":12,"href":"https:\/\/semmelweis.hu\/oktatasmodszertan\/wp-json\/wp\/v2\/pages\/4627\/revisions"}],"predecessor-version":[{"id":6262,"href":"https:\/\/semmelweis.hu\/oktatasmodszertan\/wp-json\/wp\/v2\/pages\/4627\/revisions\/6262"}],"up":[{"embeddable":true,"href":"https:\/\/semmelweis.hu\/oktatasmodszertan\/wp-json\/wp\/v2\/pages\/2322"}],"wp:attachment":[{"href":"https:\/\/semmelweis.hu\/oktatasmodszertan\/wp-json\/wp\/v2\/media?parent=4627"}],"wp:term":[{"taxonomy":"category","embeddable":true,"href":"https:\/\/semmelweis.hu\/oktatasmodszertan\/wp-json\/wp\/v2\/categories?post=4627"},{"taxonomy":"post_tag","embeddable":true,"href":"https:\/\/semmelweis.hu\/oktatasmodszertan\/wp-json\/wp\/v2\/tags?post=4627"}],"curies":[{"name":"wp","href":"https:\/\/api.w.org\/{rel}","templated":true}]}}