{"id":4509,"date":"2023-10-03T16:05:19","date_gmt":"2023-10-03T14:05:19","guid":{"rendered":"https:\/\/semmelweis.hu\/oktatasmodszertan\/?page_id=4509"},"modified":"2026-01-23T14:20:36","modified_gmt":"2026-01-23T13:20:36","slug":"moodle-funkciok-haladoknak","status":"publish","type":"page","link":"https:\/\/semmelweis.hu\/oktatasmodszertan\/kepzesek\/tovabbkepzesek\/moodle-funkciok-haladoknak\/","title":{"rendered":"Moodle-funkci\u00f3k halad\u00f3knak"},"content":{"rendered":"<div class=\"responsive-tabs\">\n<h2 class=\"tabtitle\">R\u00e9szletek<\/h2>\n<div class=\"tabcontent\">\n\n<table style=\"width: 99%\" width=\"99%\">\n<tbody>\n<tr>\n<td style=\"width: 18.5185%\" width=\"318\">\n<p><strong>a program c\u00edme<\/strong><\/p>\n<\/td>\n<td style=\"width: 47.0508%\" width=\"362\">\n<p><strong>a program jellege<\/strong><\/p>\n<\/td>\n<td style=\"width: 20.5761%\" width=\"299\">\n<p><strong>a program form\u00e1ja<\/strong><\/p>\n<\/td>\n<td style=\"width: 34.0192%\" width=\"297\">\n<p><strong>c\u00e9lcsoport<\/strong><\/p>\n<\/td>\n<td style=\"width: 8.91632%\" width=\"222\">\n<p><strong>helysz\u00edn<\/strong><\/p>\n<\/td>\n<\/tr>\n<tr>\n<td style=\"width: 18.5185%\" width=\"318\">\n<p>Aktiviz\u00e1ld a hallgat\u00f3t digit\u00e1lis eszk\u00f6z\u00f6kkel \u2013 <br \/>\navagy Moodle funkci\u00f3k halad\u00f3knak<\/p>\n<\/td>\n<td style=\"width: 47.0508%\" width=\"362\">\n<p>tematikus tov\u00e1bbk\u00e9pz\u00e9s<\/p>\n<\/td>\n<td style=\"width: 20.5761%\" width=\"299\">\n<p>workshop<\/p>\n<\/td>\n<td style=\"width: 34.0192%\" width=\"297\">\n<p>Moodle szerkeszt\u0151 tan\u00e1rok<\/p>\n<\/td>\n<td style=\"width: 8.91632%\" width=\"222\">\n<p>online<\/p>\n<\/td>\n<\/tr>\n<\/tbody>\n<\/table>\n<p><strong>A program c\u00e9lja:<\/strong><\/p>\n<div class=\"xdj266r x11i5rnm xat24cr x1mh8g0r x1vvkbs\">Hallgat\u00f3ink bevon\u00e1sa \u00e9s aktiviz\u00e1l\u00e1sa ann\u00e1l sikeresebb lehet, min\u00e9l szem\u00e9lyre szabottabb tan\u00edt\u00e1si-tanul\u00e1si k\u00f6rnyezetet teremt\u00fcnk sz\u00e1mukra. Ehhez fontos, hogy ismerj\u00fck azokat a m\u00f3dszereket \u00e9s technol\u00f3giai lehet\u0151s\u00e9geket, melyekkel min\u00e9l t\u00f6bbf\u00e9le form\u00e1ban k\u00edn\u00e1lhatjuk tartalmainkat, az elt\u00e9r\u0151 hallgat\u00f3i ig\u00e9nyekre v\u00e1laszul.<\/div>\n<div>\u00a0<\/div>\n<div class=\"xdj266r x11i5rnm xat24cr x1mh8g0r x1vvkbs\">\nEzen az interakt\u00edv tematikus workshopon 8 f\u00e9le tananyag- \u00e9s 20 f\u00e9le tev\u00e9kenys\u00e9g t\u00edpuson kereszt\u00fcl ismerked\u00fcnk a lehet\u0151s\u00e9gekkel, a v\u00e1laszt\u00e1st seg\u00edt\u0151 m\u00f3dszertani megfontol\u00e1sokt\u00f3l kezdve a kiv\u00e1lasztott funkci\u00f3ra vonatkoz\u00f3 be\u00e1ll\u00edt\u00e1sokig. R\u00f6viden csemeg\u00e9z\u00fcnk tov\u00e1bbi, a j\u00e1t\u00e9kos\u00edt\u00e1st \u00e9s a pontvad\u00e1szatot t\u00e1mogat\u00f3 elemek k\u00f6z\u00fcl is, a k\u00e9szs\u00e9g keretek, a napl\u00f3 adatok \u00e9s a blokk be\u00e1ll\u00edt\u00e1sok felvillant\u00e1s\u00e1val.<\/p>\n<p>\n<\/div>\n<p><img loading=\"lazy\" decoding=\"async\" class=\"alignleft wp-image-4510\" src=\"https:\/\/semmelweis.hu\/oktatasmodszertan\/files\/2023\/10\/tevekenysegek.png\" alt=\"\" width=\"422\" height=\"429\" srcset=\"https:\/\/semmelweis.hu\/oktatasmodszertan\/files\/2023\/10\/tevekenysegek.png 768w, https:\/\/semmelweis.hu\/oktatasmodszertan\/files\/2023\/10\/tevekenysegek-393x400.png 393w, https:\/\/semmelweis.hu\/oktatasmodszertan\/files\/2023\/10\/tevekenysegek-753x766.png 753w\" sizes=\"auto, (max-width: 422px) 100vw, 422px\" \/><\/p>\n<p>&nbsp;<\/p>\n<p>&nbsp;<\/p>\n<p>&nbsp;<\/p>\n<p>&nbsp;<\/p>\n<p>&nbsp;<\/p>\n<p>&nbsp;<\/p>\n<p>&nbsp;<\/p>\n<p>&nbsp;<\/p>\n<p>&nbsp;<\/p>\n<p>A programra els\u0151dlegesen szerkeszt\u0151 tan\u00e1ri hozz\u00e1f\u00e9r\u00e9ssel dolgoz\u00f3 koll\u00e9g\u00e1kat v\u00e1runk, de sz\u00edvesen fogadjuk szerkeszt\u0151 tan\u00e1ri joggal nem rendelkez\u0151, de az oktat\u00e1sfejleszt\u00e9s \u00e9s kurzustervez\u00e9s ir\u00e1nt \u00e9rdekl\u0151d\u0151 koll\u00e9g\u00e1kat is.<\/p>\n<p><strong>Teljes\u00edt\u00e9si felt\u00e9telek:<\/strong><\/p>\n<p>A programok elv\u00e9gz\u00e9s\u00e9r\u0151l\u00a0tan\u00fas\u00edtv\u00e1nyt \u00e1ll\u00edtunk ki, a tan\u00fas\u00edtv\u00e1ny ki\u00e1ll\u00edt\u00e1s\u00e1nak felt\u00e9tele a workshopok eset\u00e9ben 100%-os szem\u00e9lyes\u00a0<em>r\u00e9szv\u00e9tel<\/em>, a\u00a0<em>prekurzus <\/em>\u00e9s <em>kurzusk\u00f6zi feladatok<\/em> elk\u00e9sz\u00edt\u00e9se, \u00e9s a program v\u00e9g\u00e9n egy maximum 3 oldalas\u00a0<em>reflexi\u00f3<\/em>\u00a0beny\u00fajt\u00e1sa.<\/p>\n<p>Amennyiben a \u201e<strong>Bevezet\u00e9s az egyetemi oktat\u00e1sba<\/strong>\u201d k\u00e9pz\u00e9sen k\u00e9t \u00e9vn\u00e9l r\u00e9gebben vagy m\u00e9g egy\u00e1ltal\u00e1n nem vett r\u00e9szt, k\u00e9rj\u00fck, hogy a k\u00e9pz\u00e9s kurzusfel\u00fclet\u00e9n el\u00e9rhet\u0151 inform\u00e1ci\u00f3kat tekintse \u00e1t, k\u00fcl\u00f6n\u00f6s tekintettel az al\u00e1bbi t\u00e9mak\u00f6r\u00f6kben tartott <strong>konzult\u00e1ci\u00f3kra:<\/strong><\/p>\n<ul>\n<li><a href=\"https:\/\/itc.semmelweis.hu\/moodle\/mod\/kalvidres\/view.php?id=34966\" target=\"_blank\" rel=\"noopener\">e-learning a gyakorlatban: a Semmelweis Egyetem oktat\u00e1sinformatikai rendszerei &#8211; 2023<\/a><\/li>\n<li><a href=\"https:\/\/itc.semmelweis.hu\/moodle\/mod\/kalvidres\/view.php?id=34968\" target=\"_blank\" rel=\"noopener\">Zoom haszn\u00e1lati alapismeretek &#8211; 2023<\/a><\/li>\n<li><a href=\"https:\/\/itc.semmelweis.hu\/moodle\/mod\/kalvidres\/view.php?id=34969\" target=\"_blank\" rel=\"noopener\">Kaltura haszn\u00e1lati alapismeretek &#8211; 2023<\/a><\/li>\n<li><a href=\"https:\/\/itc.semmelweis.hu\/moodle\/mod\/kalvidpres\/view.php?id=122075\" target=\"_blank\" rel=\"noopener\">kurzustervez\u00e9s a Moodle-ben &#8211; 2023<\/a><\/li>\n<\/ul>\n<p><strong>A program jellege: <\/strong>10 \u00f3r\u00e1s blended kurzus (6 \u00f3ra workshop, 4 \u00f3ra \u00f6n\u00e1ll\u00f3 felk\u00e9sz\u00fcl\u00e9s)<\/p>\n<p><strong>Helysz\u00edn: <\/strong>online<\/p>\n<p><strong>Id\u0151pont<\/strong>:<\/p>\n<p><em>Hamarosan<\/em><\/p>\n<p>A jelentkez\u0151kkel szem\u00e9lyesen vessz\u00fck fel a kapcsolatot az \u0171rlapon megadott e-mail c\u00edmen, a r\u00e9szv\u00e9tel lehet\u0151s\u00e9g\u00e9r\u0151l visszaigazol\u00e1sban k\u00fcld\u00fcnk t\u00e1j\u00e9koztat\u00e1st, \u00e9s az online kurzushoz is ekkor adunk hozz\u00e1f\u00e9r\u00e9st az \u00e9rintetteknek.<\/p>\n<p><strong>Bel\u00e9p\u00e9s a Moodle-fel\u00fcletre:<\/strong> a bel\u00e9p\u00e9shez hozz\u00e1f\u00e9r\u00e9st jelentkez\u00e9s elfogad\u00e1s\u00e1r\u00f3l sz\u00f3l\u00f3 szem\u00e9lyes visszaigazol\u00e1skor adunk.<\/p>\n<p><a class=\"button\" href=\"https:\/\/itc.semmelweis.hu\/moodle\/course\/view.php?id=5983\" target=\"_blank\" rel=\"noopener\">BEL\u00c9P\u00c9S A MOODLE-FEL\u00dcLETRE<\/a><\/p>\n<p><strong>Programfelel\u0151s \u00e9s kapcsolattart\u00f3: <\/strong><a href=\"https:\/\/semmelweis.hu\/oktatasmodszertan\/magunkrol\/munkatarsak\/\" target=\"_blank\" rel=\"noopener\">Kozma Borb\u00e1la<\/a><\/p>\n<div class=\"keretes w-100\">\n<p><strong>H\u00e1zhoz megy\u00fcnk<\/strong><\/p>\n<p>A fent megadott konkr\u00e9t id\u0151pontokon t\u00fal v\u00e1rjuk kisebb oktat\u00f3i teamek jelentkez\u00e9s\u00e9t egy-egy konkr\u00e9t fejleszt\u00e9s\u00fck kapcs\u00e1n, illetve v\u00e1llaljuk tansz\u00e9ki vagy kari szint\u0171 \u00e1tfog\u00f3 fejleszt\u00e9sek t\u00e1mogat\u00e1s\u00e1t is. Foglaljon <strong><a href=\"https:\/\/outlook.office.com\/book\/Hzhozmegynk@unisemmelweis.onmicrosoft.com\/\" target=\"_blank\" rel=\"noopener\">napt\u00e1runkban<\/a><\/strong> egy vagy t\u00f6bb alkalmat, melyet teamj\u00fckkel oktat\u00e1sfejleszt\u00e9sre sz\u00e1nnak. A foglal\u00e1s ut\u00e1n felvessz\u00fck \u00d6nnel a kapcsolatot a r\u00e9szletek egyeztet\u00e9se c\u00e9lj\u00e1b\u00f3l. A gyakran ism\u00e9telt k\u00e9rd\u00e9seket \u00e9s r\u00e9szleteket\u00a0<strong><a href=\"https:\/\/semmelweis.hu\/oktatasmodszertan\/kepzesek\/oktatastamogatas-esemenyek\/idopontfoglalas-gyik\/\" target=\"_blank\" rel=\"noopener\">az al\u00e1bbi linken<\/a><\/strong>\u00a0olvashatja.<\/p>\n<\/div>\n\n<\/div><h2 class=\"tabtitle\"><strong>Programterv<\/strong><\/h2>\n<div class=\"tabcontent\">\n\n<h5><strong>2026<\/strong><\/h5>\n<table style=\"border-collapse: collapse;width: 100%\">\n<tbody>\n<tr>\n<td style=\"width: 50%\">8:00-9:00<\/td>\n<td style=\"width: 50%\">Besz\u00e1ll\u00e1s, vitorlabont\u00e1s (bevezet\u00e9s, r\u00e1hangol\u00f3d\u00e1s)<\/td>\n<\/tr>\n<tr>\n<td style=\"width: 50%\">9:00-10:00<\/td>\n<td style=\"width: 50%\">Oszt\u00e1lyoz\u00f3napl\u00f3, avagy hol gy\u0171lnek a pontok (kihaj\u00f3z\u00e1s &#8211; prezent\u00e1ci\u00f3, csoportmunka)<\/td>\n<\/tr>\n<tr>\n<td style=\"width: 50%\">10:00-10:20<\/td>\n<td style=\"width: 50%\"><em>sz\u00fcnet (\u00e1tmeneti sz\u00e9lcsend: szusszan\u00e1s)<\/em><\/td>\n<\/tr>\n<tr>\n<td style=\"width: 50%\">10:20-11:30<\/td>\n<td style=\"width: 50%\">Aktiviz\u00e1l\u00f3 tev\u00e9kenys\u00e9gek m\u00f3dszertana \u00e9s be\u00e1ll\u00edt\u00e1sai (\u00faj vizeken &#8211; csoportmunka)<\/td>\n<\/tr>\n<tr>\n<td style=\"width: 50%\">11:30-13:00<\/td>\n<td style=\"width: 50%\">Aktiviz\u00e1l\u00f3 tev\u00e9kenys\u00e9gek be\u00e1ll\u00edt\u00e1sai (kik\u00f6t\u0151 &#8211; ir\u00e1ny\u00edtott egy\u00e9ni munka \u00e9s eb\u00e9dsz\u00fcnet)<\/td>\n<\/tr>\n<tr>\n<td style=\"width: 50%\">13:00-14:30<\/td>\n<td style=\"width: 50%\">A H5P m\u00f3dszertana \u00e9s be\u00e1ll\u00edt\u00e1sai (m\u00e9g \u00fajabb vizeken &#8211; prezent\u00e1ci\u00f3, csoportmunka)<\/td>\n<\/tr>\n<tr>\n<td style=\"width: 50%\">14:30-14:45<\/td>\n<td style=\"width: 50%\"><em>sz\u00fcnet (\u00e1tmeneti sz\u00e9lcsend: szusszan\u00e1s)<\/em><\/td>\n<\/tr>\n<tr>\n<td style=\"width: 50%\">14:45-15:15<\/td>\n<td style=\"width: 50%\">Egy\u00e9b \u00ednyencs\u00e9gek a Moodle-ban (ismeretlen \u00f6bl\u00f6k \u00e9s lag\u00fan\u00e1k &#8211; betekint\u00e9s)<\/td>\n<\/tr>\n<tr>\n<td style=\"width: 50%\">15:15-16:00<\/td>\n<td style=\"width: 50%\">Horgonyvet\u00e9s (csoportos reflexi\u00f3, z\u00e1r\u00f3k\u00f6r: debriefing, feedback)<\/td>\n<\/tr>\n<\/tbody>\n<\/table>\n<\/div><\/div>\n","protected":false},"excerpt":{"rendered":"<p>a program c\u00edme a program jellege a program form\u00e1ja c\u00e9lcsoport helysz\u00edn Aktiviz\u00e1ld a hallgat\u00f3t digit\u00e1lis eszk\u00f6z\u00f6kkel \u2013 avagy Moodle funkci\u00f3k halad\u00f3knak tematikus tov\u00e1bbk\u00e9pz\u00e9s workshop Moodle szerkeszt\u0151 tan\u00e1rok online A program c\u00e9lja: Hallgat\u00f3ink bevon\u00e1sa \u00e9s aktiviz\u00e1l\u00e1sa ann\u00e1l sikeresebb lehet, min\u00e9l szem\u00e9lyre szabottabb tan\u00edt\u00e1si-tanul\u00e1si k\u00f6rnyezetet teremt\u00fcnk sz\u00e1mukra. Ehhez fontos, hogy ismerj\u00fck azokat a m\u00f3dszereket \u00e9s technol\u00f3giai lehet\u0151s\u00e9geket, &hellip;<\/p>\n","protected":false},"author":101470,"featured_media":0,"parent":2318,"menu_order":3,"comment_status":"closed","ping_status":"closed","template":"","meta":{"_acf_changed":false,"footnotes":""},"categories":[],"tags":[],"class_list":["post-4509","page","type-page","status-publish","hentry"],"acf":[],"_links":{"self":[{"href":"https:\/\/semmelweis.hu\/oktatasmodszertan\/wp-json\/wp\/v2\/pages\/4509","targetHints":{"allow":["GET"]}}],"collection":[{"href":"https:\/\/semmelweis.hu\/oktatasmodszertan\/wp-json\/wp\/v2\/pages"}],"about":[{"href":"https:\/\/semmelweis.hu\/oktatasmodszertan\/wp-json\/wp\/v2\/types\/page"}],"author":[{"embeddable":true,"href":"https:\/\/semmelweis.hu\/oktatasmodszertan\/wp-json\/wp\/v2\/users\/101470"}],"replies":[{"embeddable":true,"href":"https:\/\/semmelweis.hu\/oktatasmodszertan\/wp-json\/wp\/v2\/comments?post=4509"}],"version-history":[{"count":11,"href":"https:\/\/semmelweis.hu\/oktatasmodszertan\/wp-json\/wp\/v2\/pages\/4509\/revisions"}],"predecessor-version":[{"id":6253,"href":"https:\/\/semmelweis.hu\/oktatasmodszertan\/wp-json\/wp\/v2\/pages\/4509\/revisions\/6253"}],"up":[{"embeddable":true,"href":"https:\/\/semmelweis.hu\/oktatasmodszertan\/wp-json\/wp\/v2\/pages\/2318"}],"wp:attachment":[{"href":"https:\/\/semmelweis.hu\/oktatasmodszertan\/wp-json\/wp\/v2\/media?parent=4509"}],"wp:term":[{"taxonomy":"category","embeddable":true,"href":"https:\/\/semmelweis.hu\/oktatasmodszertan\/wp-json\/wp\/v2\/categories?post=4509"},{"taxonomy":"post_tag","embeddable":true,"href":"https:\/\/semmelweis.hu\/oktatasmodszertan\/wp-json\/wp\/v2\/tags?post=4509"}],"curies":[{"name":"wp","href":"https:\/\/api.w.org\/{rel}","templated":true}]}}