{"id":4499,"date":"2023-09-21T18:37:47","date_gmt":"2023-09-21T16:37:47","guid":{"rendered":"https:\/\/semmelweis.hu\/oktatasmodszertan\/?page_id=4499"},"modified":"2026-04-01T15:30:28","modified_gmt":"2026-04-01T13:30:28","slug":"bevezetes-az-okostabla-hasznalataba","status":"publish","type":"page","link":"https:\/\/semmelweis.hu\/oktatasmodszertan\/kepzesek\/alapkepzesek\/bevezetes-az-okostabla-hasznalataba\/","title":{"rendered":"Bevezet\u00e9s az okost\u00e1bla haszn\u00e1lat\u00e1ba"},"content":{"rendered":"<table style=\"width: 99%;height: 96px\" width=\"99%\">\n<tbody>\n<tr style=\"height: 47px\">\n<td style=\"width: 36.4883%;height: 47px\" width=\"318\">\n<p><strong>a program c\u00edme<\/strong><\/p>\n<\/td>\n<td style=\"width: 24.0055%;height: 47px\" width=\"362\">\n<p><strong>a program jellege<\/strong><\/p>\n<\/td>\n<td style=\"width: 20.5761%;height: 47px\" width=\"299\">\n<p><strong>a program form\u00e1ja<\/strong><\/p>\n<\/td>\n<td style=\"width: 13.9918%;height: 47px\" width=\"297\">\n<p><strong>c\u00e9lcsoport<\/strong><\/p>\n<\/td>\n<td style=\"width: 28.9438%;height: 47px\" width=\"222\">\n<p><strong>helysz\u00edn<\/strong><\/p>\n<\/td>\n<\/tr>\n<tr style=\"height: 49px\">\n<td style=\"width: 36.4883%;height: 49px\" width=\"318\">\n<p>Bevezet\u00e9s az okost\u00e1bla haszn\u00e1lat\u00e1ba<\/p>\n<\/td>\n<td style=\"width: 24.0055%;height: 49px\" width=\"362\">\n<p>tematikus tov\u00e1bbk\u00e9pz\u00e9s<\/p>\n<\/td>\n<td style=\"width: 20.5761%;height: 49px\" width=\"299\">\n<p>workshop<\/p>\n<\/td>\n<td style=\"width: 13.9918%;height: 49px\" width=\"297\">\n<p>el\u0151ad\u00f3 \u00e9s \u00e9rdekl\u0151d\u0151 oktat\u00f3k<\/p>\n<\/td>\n<td style=\"width: 28.9438%;height: 49px\" width=\"222\">\n<p>&nbsp;<\/p>\n<\/td>\n<\/tr>\n<\/tbody>\n<\/table>\n<p>Az el\u0151ad\u00f3i munka t\u00e1mogat\u00e1s\u00e1nak egyik korszer\u0171 oktat\u00e1stechnol\u00f3giai eszk\u00f6ze az okost\u00e1bla, mely k\u00fcl\u00f6nb\u00f6z\u0151 v\u00e1ltozatokban el\u00e9rhet\u0151 a Semmelweis Egyetem egyre t\u00f6bb tanterm\u00e9ben. Ez alkalommal az Elm\u00e9leti Orvostudom\u00e1nyi T\u00f6mb Szent-Gy\u00f6rgyi Albert el\u0151ad\u00f3term\u00e9be telep\u00edtett ViewSonic t\u00edpus\u00fa eszk\u00f6zt mutatjuk be. Az esem\u00e9nyen kiemelten v\u00e1rjuk mindazon koll\u00e9g\u00e1kat, akik ezen a helysz\u00ednen el\u0151ad\u00e1st tartanak ak\u00e1r oktat\u00e1si munk\u00e1juk sor\u00e1n, ak\u00e1r rendezv\u00e9nyek (p\u00e9ld\u00e1ul konferencia) alkalm\u00e1val. \u00d6r\u00f6mmel v\u00e1runk tov\u00e1bb\u00e1 minden oktat\u00f3 koll\u00e9g\u00e1t, aki (helysz\u00ednt\u0151l f\u00fcggetlen\u00fcl) az eszk\u00f6z \u00e9s a hozz\u00e1 kapcsol\u00f3d\u00f3 m\u00f3dszertani lehet\u0151s\u00e9gek ir\u00e1nt \u00e9rdekl\u0151dik.<\/p>\n<p>Az esem\u00e9nyen egy r\u00f6vid eszk\u00f6zbemutat\u00e1st k\u00f6vet\u0151en interakt\u00edv megbesz\u00e9l\u00e9st tartunk a funkci\u00f3khoz kapcsolhat\u00f3 m\u00f3dszertani lehet\u0151s\u00e9gekr\u0151l, majd pedig a r\u00e9sztvev\u0151k egy\u00e9nileg is kipr\u00f3b\u00e1lhatj\u00e1k az okost\u00e1bla m\u0171k\u00f6dtet\u00e9s\u00e9t. C\u00e9lunk, hogy az eszk\u00f6z megismer\u00e9s\u00e9vel tapasztalatcser\u00e9re, k\u00e9rd\u00e9sekre ad\u00f3djon lehet\u0151s\u00e9g, \u00e9s gyakorlatszerz\u00e9sre is legyen m\u00f3d, miel\u0151tt \u00e9lesben kell majd haszn\u00e1lni.<\/p>\n<p><strong>Id\u0151pont:<\/strong><\/p>\n<p>2026. \u00e1prilis 7. kedd 8:00-16:00<\/p>\n<p>2026. \u00e1prilis 28. kedd 8:00-16:00<\/p>\n<p><strong>Helysz\u00edn:\u00a0<\/strong><\/p>\n<p>A k\u00e9pz\u00e9sek az adott szervezeti egys\u00e9g okost\u00e1bl\u00e1val felszerelt \u00e9p\u00fclet\u00e9ben val\u00f3sulnak meg.<\/p>\n<p><a class=\"btn btn-danger\" href=\"https:\/\/outlook.office.com\/book\/OktatsfejlesztsiKpzsiNaptr@unisemmelweis.onmicrosoft.com\/s\/tzNEBzRcbUC75WnGa_oeaA2\" target=\"_blank\" rel=\"noopener\"><strong>Jelentkez\u00e9s<\/strong><\/a><\/p>\n<p><strong>Programfelel\u0151s \u00e9s kapcsolattart\u00f3:\u00a0<\/strong><a href=\"https:\/\/semmelweis.hu\/oktatasmodszertan\/magunkrol\/munkatarsak\/\" target=\"_blank\" rel=\"noopener\">dr. Monz\u00e9ger Katalin<\/a><\/p>\n<div class=\"keretes w-100\">\n<p><strong>H\u00e1zhoz megy\u00fcnk<\/strong><\/p>\n<p>A fent megadott konkr\u00e9t id\u0151pontokon t\u00fal v\u00e1rjuk kisebb oktat\u00f3i teamek jelentkez\u00e9s\u00e9t egy-egy konkr\u00e9t fejleszt\u00e9s\u00fck kapcs\u00e1n, illetve v\u00e1llaljuk tansz\u00e9ki vagy kari szint\u0171 \u00e1tfog\u00f3 fejleszt\u00e9sek t\u00e1mogat\u00e1s\u00e1t is. Foglaljon <strong><a href=\"https:\/\/outlook.office.com\/book\/Hzhozmegynk@unisemmelweis.onmicrosoft.com\/\" target=\"_blank\" rel=\"noopener\">napt\u00e1runkban<\/a><\/strong> egy vagy t\u00f6bb alkalmat, melyet teamj\u00fckkel oktat\u00e1sfejleszt\u00e9sre sz\u00e1nnak. A foglal\u00e1s ut\u00e1n felvessz\u00fck \u00d6nnel a kapcsolatot a r\u00e9szletek egyeztet\u00e9se c\u00e9lj\u00e1b\u00f3l. A gyakran ism\u00e9telt k\u00e9rd\u00e9seket \u00e9s r\u00e9szleteket\u00a0<strong><a href=\"https:\/\/semmelweis.hu\/oktatasmodszertan\/kepzesek\/oktatastamogatas-esemenyek\/idopontfoglalas-gyik\/\" target=\"_blank\" rel=\"noopener\">az al\u00e1bbi linken<\/a><\/strong>\u00a0olvashatja.<\/p>\n<\/div>\n","protected":false},"excerpt":{"rendered":"<p>a program c\u00edme a program jellege a program form\u00e1ja c\u00e9lcsoport helysz\u00edn Bevezet\u00e9s az okost\u00e1bla haszn\u00e1lat\u00e1ba tematikus tov\u00e1bbk\u00e9pz\u00e9s workshop el\u0151ad\u00f3 \u00e9s \u00e9rdekl\u0151d\u0151 oktat\u00f3k &nbsp; Az el\u0151ad\u00f3i munka t\u00e1mogat\u00e1s\u00e1nak egyik korszer\u0171 oktat\u00e1stechnol\u00f3giai eszk\u00f6ze az okost\u00e1bla, mely k\u00fcl\u00f6nb\u00f6z\u0151 v\u00e1ltozatokban el\u00e9rhet\u0151 a Semmelweis Egyetem egyre t\u00f6bb tanterm\u00e9ben. Ez alkalommal az Elm\u00e9leti Orvostudom\u00e1nyi T\u00f6mb Szent-Gy\u00f6rgyi Albert el\u0151ad\u00f3term\u00e9be telep\u00edtett ViewSonic t\u00edpus\u00fa &hellip;<\/p>\n","protected":false},"author":101470,"featured_media":0,"parent":2313,"menu_order":3,"comment_status":"closed","ping_status":"closed","template":"","meta":{"_acf_changed":false,"footnotes":""},"categories":[],"tags":[],"class_list":["post-4499","page","type-page","status-publish","hentry"],"acf":[],"_links":{"self":[{"href":"https:\/\/semmelweis.hu\/oktatasmodszertan\/wp-json\/wp\/v2\/pages\/4499","targetHints":{"allow":["GET"]}}],"collection":[{"href":"https:\/\/semmelweis.hu\/oktatasmodszertan\/wp-json\/wp\/v2\/pages"}],"about":[{"href":"https:\/\/semmelweis.hu\/oktatasmodszertan\/wp-json\/wp\/v2\/types\/page"}],"author":[{"embeddable":true,"href":"https:\/\/semmelweis.hu\/oktatasmodszertan\/wp-json\/wp\/v2\/users\/101470"}],"replies":[{"embeddable":true,"href":"https:\/\/semmelweis.hu\/oktatasmodszertan\/wp-json\/wp\/v2\/comments?post=4499"}],"version-history":[{"count":10,"href":"https:\/\/semmelweis.hu\/oktatasmodszertan\/wp-json\/wp\/v2\/pages\/4499\/revisions"}],"predecessor-version":[{"id":6388,"href":"https:\/\/semmelweis.hu\/oktatasmodszertan\/wp-json\/wp\/v2\/pages\/4499\/revisions\/6388"}],"up":[{"embeddable":true,"href":"https:\/\/semmelweis.hu\/oktatasmodszertan\/wp-json\/wp\/v2\/pages\/2313"}],"wp:attachment":[{"href":"https:\/\/semmelweis.hu\/oktatasmodszertan\/wp-json\/wp\/v2\/media?parent=4499"}],"wp:term":[{"taxonomy":"category","embeddable":true,"href":"https:\/\/semmelweis.hu\/oktatasmodszertan\/wp-json\/wp\/v2\/categories?post=4499"},{"taxonomy":"post_tag","embeddable":true,"href":"https:\/\/semmelweis.hu\/oktatasmodszertan\/wp-json\/wp\/v2\/tags?post=4499"}],"curies":[{"name":"wp","href":"https:\/\/api.w.org\/{rel}","templated":true}]}}