{"id":4405,"date":"2023-09-13T13:41:15","date_gmt":"2023-09-13T11:41:15","guid":{"rendered":"https:\/\/semmelweis.hu\/oktatasmodszertan\/?page_id=4405"},"modified":"2025-11-27T11:17:28","modified_gmt":"2025-11-27T10:17:28","slug":"profformance","status":"publish","type":"page","link":"https:\/\/semmelweis.hu\/oktatasmodszertan\/oktatasertekeles\/profformance\/","title":{"rendered":"Profformance"},"content":{"rendered":"<h3>PROFFORMANCE &#8211; Assessment Tool and Incentive Systems for Developing Higher Education Teachers\u2019 Performance<\/h3>\n<p><a href=\"https:\/\/profformance.eu\/\" target=\"_blank\" rel=\"noopener\"><img loading=\"lazy\" decoding=\"async\" class=\"alignleft  wp-image-4416\" src=\"https:\/\/semmelweis.hu\/oktatasmodszertan\/files\/2023\/09\/profformance.png\" alt=\"\" width=\"309\" height=\"189\" srcset=\"https:\/\/semmelweis.hu\/oktatasmodszertan\/files\/2023\/09\/profformance.png 892w, https:\/\/semmelweis.hu\/oktatasmodszertan\/files\/2023\/09\/profformance-400x245.png 400w, https:\/\/semmelweis.hu\/oktatasmodszertan\/files\/2023\/09\/profformance-768x470.png 768w, https:\/\/semmelweis.hu\/oktatasmodszertan\/files\/2023\/09\/profformance-753x461.png 753w, https:\/\/semmelweis.hu\/oktatasmodszertan\/files\/2023\/09\/profformance-620x380.png 620w\" sizes=\"auto, (max-width: 309px) 100vw, 309px\" \/><\/a><\/p>\n<p><strong>A\u00a0<a class=\"keklink\" href=\"https:\/\/profformance.eu\/en\/project-info\" target=\"_blank\" rel=\"noopener\">PROFFORMANCE<\/a>\u00a0projekt c\u00e9lja az oktat\u00e1s-tanul\u00e1s min\u0151s\u00e9g\u00e9nek jav\u00edt\u00e1sa egy oktat\u00f3i teljes\u00edtm\u00e9ny\u00e9rt\u00e9kel\u00e9si eszk\u00f6z \u00e9s \u00f6szt\u00f6nz\u0151 rendszer kidolgoz\u00e1sa, valamint j\u00f3 p\u00e9ld\u00e1k gy\u0171jt\u00e9se \u00e9s megoszt\u00e1sa r\u00e9v\u00e9n.<\/strong><\/p>\n<p><a href=\"https:\/\/profformance.eu\/\" target=\"_blank\" rel=\"noopener\"><em><strong>A projekt honlapja<\/strong><\/em><\/a><\/p>\n<p>A nemzetk\u00f6zi konzorcium tagjai Magyarorsz\u00e1g r\u00e9sz\u00e9r\u0151l az <strong>Innov\u00e1ci\u00f3s \u00e9s Technol\u00f3giai Miniszt\u00e9rium \u00e9s a Tempus K\u00f6zalap\u00edtv\u00e1ny<\/strong>, 5 teljes (osztr\u00e1k, cseh, horv\u00e1t miniszt\u00e9rium, cseh, szerb nemzeti iroda, gr\u00faz oktat\u00e1sfejleszt\u00e9si k\u00f6zpont) \u00e9s 4 t\u00e1rsult (ACA, ESU, DJKp, Aveiro Egyetem) partner, valamint 30 nemzetk\u00f6zi szak\u00e9rt\u0151.<\/p>\n<h5>F\u0151bb eredm\u00e9nyek<\/h5>\n<table style=\"border-collapse: collapse;width: 100%;height: 72px\">\n<tbody>\n<tr style=\"height: 29px\">\n<td style=\"width: 39.538%;height: 29px\"><a href=\"https:\/\/profformance.eu\/benchmarking\" target=\"_blank\" rel=\"noopener\">Benchmarking &#8211; final report<\/a><\/td>\n<td style=\"width: 60.462%;height: 29px\">a r\u00e9sztvev\u0151 orsz\u00e1gok a t\u00e9m\u00e1hoz kapcsol\u00f3d\u00f3 fels\u0151oktat\u00e1si int\u00e9zm\u00e9nyi strat\u00e9gi\u00e1inak \u00e9s gyakorlatainak felt\u00e9rk\u00e9pez\u00e9se 156 fels\u0151oktat\u00e1si int\u00e9zm\u00e9ny r\u00e9szv\u00e9tel\u00e9vel<\/td>\n<\/tr>\n<tr style=\"height: 43px\">\n<td style=\"width: 39.538%;height: 43px\"><a href=\"https:\/\/tool.profformance.eu\/\" target=\"_blank\" rel=\"noopener\">Oktat\u00f3i teljes\u00edtm\u00e9ny\u00e9rt\u00e9kel\u0151 eszk\u00f6z<\/a><\/td>\n<td style=\"width: 60.462%;height: 43px\">az online \u00e9rt\u00e9kel\u0151 eszk\u00f6z komplex \u00e1ttekint\u00e9st ny\u00fajt az oktat\u00f3k kompetenci\u00e1ir\u00f3l 6 tematikus ter\u00fcleten, 4 horizont\u00e1lis priorit\u00e1s szerint<\/td>\n<\/tr>\n<tr>\n<td style=\"width: 39.538%\"><a href=\"https:\/\/award.profformance.eu\/\" target=\"_blank\" rel=\"noopener\">Teaching Excellence Database<\/a><\/td>\n<td style=\"width: 60.462%\">online adatb\u00e1zis j\u00f3 gyakorlatokr\u00f3l a nemzetk\u00f6zi fels\u0151oktat\u00e1si d\u00edj felh\u00edv\u00e1s keret\u00e9ben<\/td>\n<\/tr>\n<tr>\n<td style=\"width: 39.538%\"><a href=\"https:\/\/profformance.eu\/en\/profformance-plus-webinars-infopage\" target=\"_blank\" rel=\"noopener\">Tematikus webin\u00e1rsorozat<\/a><\/td>\n<td style=\"width: 60.462%\">a webin\u00e1rok c\u00e9lja egyr\u00e9szt a j\u00f3 gyakorlatok ismertet\u00e9se, m\u00e1sr\u00e9szt az oktat\u00f3i \u00e9rt\u00e9kel\u0151 eszk\u00f6z bemutat\u00e1sa \u00e9s szakmai kapcsolatok kialak\u00edt\u00e1sa<\/td>\n<\/tr>\n<tr>\n<td style=\"width: 39.538%\"><a href=\"https:\/\/profformance.eu\/en\/course-portal#digi\" target=\"_blank\" rel=\"noopener\">Kurzusport\u00e1l<\/a><\/td>\n<td style=\"width: 60.462%\">online, ingyenes kurzusok gy\u0171jtem\u00e9nye oktat\u00f3k sz\u00e1m\u00e1ra 4 t\u00e9mak\u00f6rben (digitaliz\u00e1ci\u00f3, fenntarthat\u00f3s\u00e1g, inkl\u00fazi\u00f3, nemzetk\u00f6zies\u00edt\u00e9s)<\/td>\n<\/tr>\n<\/tbody>\n<\/table>\n<p>&nbsp;<\/p>\n","protected":false},"excerpt":{"rendered":"<p>PROFFORMANCE &#8211; Assessment Tool and Incentive Systems for Developing Higher Education Teachers\u2019 Performance <a href=\"https:\/\/profformance.eu\/\" target=\"_blank\" rel=\"noopener\"><\/a> A\u00a0 <a class=\"keklink\" href=\"https:\/\/profformance.eu\/en\/project-info\" target=\"_blank\" rel=\"noopener\">PROFFORMANCE<\/a> \u00a0projekt c\u00e9lja az oktat\u00e1s-tanul\u00e1s min\u0151s\u00e9g\u00e9nek jav\u00edt\u00e1sa egy oktat\u00f3i teljes\u00edtm\u00e9ny\u00e9rt\u00e9kel\u00e9si eszk\u00f6z \u00e9s \u00f6szt\u00f6nz\u0151 rendszer kidolgoz\u00e1sa, valamint j\u00f3 p\u00e9ld\u00e1k gy\u0171jt\u00e9se \u00e9s megoszt\u00e1sa r\u00e9v\u00e9n. <a href=\"https:\/\/profformance.eu\/\" target=\"_blank\" rel=\"noopener\">A projekt honlapja<\/a> A nemzetk\u00f6zi konzorcium tagjai Magyarorsz\u00e1g r\u00e9sz\u00e9r\u0151l az Innov\u00e1ci\u00f3s \u00e9s Technol\u00f3giai Miniszt\u00e9rium \u00e9s a Tempus K\u00f6zalap\u00edtv\u00e1ny, 5 teljes (osztr\u00e1k, cseh, horv\u00e1t &hellip;<\/p>\n","protected":false},"author":101470,"featured_media":0,"parent":2811,"menu_order":5,"comment_status":"closed","ping_status":"closed","template":"","meta":{"_acf_changed":false,"footnotes":""},"categories":[],"tags":[],"class_list":["post-4405","page","type-page","status-publish","hentry"],"acf":[],"_links":{"self":[{"href":"https:\/\/semmelweis.hu\/oktatasmodszertan\/wp-json\/wp\/v2\/pages\/4405","targetHints":{"allow":["GET"]}}],"collection":[{"href":"https:\/\/semmelweis.hu\/oktatasmodszertan\/wp-json\/wp\/v2\/pages"}],"about":[{"href":"https:\/\/semmelweis.hu\/oktatasmodszertan\/wp-json\/wp\/v2\/types\/page"}],"author":[{"embeddable":true,"href":"https:\/\/semmelweis.hu\/oktatasmodszertan\/wp-json\/wp\/v2\/users\/101470"}],"replies":[{"embeddable":true,"href":"https:\/\/semmelweis.hu\/oktatasmodszertan\/wp-json\/wp\/v2\/comments?post=4405"}],"version-history":[{"count":10,"href":"https:\/\/semmelweis.hu\/oktatasmodszertan\/wp-json\/wp\/v2\/pages\/4405\/revisions"}],"predecessor-version":[{"id":6087,"href":"https:\/\/semmelweis.hu\/oktatasmodszertan\/wp-json\/wp\/v2\/pages\/4405\/revisions\/6087"}],"up":[{"embeddable":true,"href":"https:\/\/semmelweis.hu\/oktatasmodszertan\/wp-json\/wp\/v2\/pages\/2811"}],"wp:attachment":[{"href":"https:\/\/semmelweis.hu\/oktatasmodszertan\/wp-json\/wp\/v2\/media?parent=4405"}],"wp:term":[{"taxonomy":"category","embeddable":true,"href":"https:\/\/semmelweis.hu\/oktatasmodszertan\/wp-json\/wp\/v2\/categories?post=4405"},{"taxonomy":"post_tag","embeddable":true,"href":"https:\/\/semmelweis.hu\/oktatasmodszertan\/wp-json\/wp\/v2\/tags?post=4405"}],"curies":[{"name":"wp","href":"https:\/\/api.w.org\/{rel}","templated":true}]}}