{"id":4253,"date":"2023-06-20T13:54:45","date_gmt":"2023-06-20T11:54:45","guid":{"rendered":"https:\/\/semmelweis.hu\/oktatasmodszertan\/?page_id=4253"},"modified":"2026-01-23T14:19:53","modified_gmt":"2026-01-23T13:19:53","slug":"meres-ertekeles-level-up","status":"publish","type":"page","link":"https:\/\/semmelweis.hu\/oktatasmodszertan\/kepzesek\/tovabbkepzesek\/meres-ertekeles-level-up\/","title":{"rendered":"M\u00e9r\u00e9s-\u00e9rt\u00e9kel\u00e9s &#8211; Level-Up"},"content":{"rendered":"<div class=\"responsive-tabs\">\n<h2 class=\"tabtitle\"><strong>R\u00e9szletek<\/strong><\/h2>\n<div class=\"tabcontent\">\n\n<table width=\"99%\">\n<tbody>\n<tr>\n<td width=\"318\">\n<p><strong>a program c\u00edme<\/strong><\/p>\n<\/td>\n<td width=\"362\">\n<p><strong>a program jellege<\/strong><\/p>\n<\/td>\n<td width=\"299\">\n<p><strong>a program form\u00e1ja<\/strong><\/p>\n<\/td>\n<td width=\"297\">\n<p><strong>c\u00e9lcsoport<\/strong><\/p>\n<\/td>\n<td width=\"222\">\n<p><strong>helysz\u00edn<\/strong><\/p>\n<\/td>\n<\/tr>\n<tr>\n<td width=\"318\">\n<p>A tanul\u00e1si eredm\u00e9ny alap\u00fa m\u00e9r\u00e9s-\u00e9rt\u00e9kel\u00e9s tervez\u00e9se \u2013 pontvad\u00e1szat a Moodle Level-up! funkci\u00f3 haszn\u00e1lat\u00e1val<\/p>\n<\/td>\n<td width=\"362\">\n<p>tematikus tov\u00e1bbk\u00e9pz\u00e9s<\/p>\n<\/td>\n<td width=\"299\">\n<p>workshop<\/p>\n<\/td>\n<td width=\"297\">\n<p>el\u0151ad\u00f3 \u00e9s gyakorlatvezet\u0151 oktat\u00f3k<\/p>\n<\/td>\n<td width=\"222\">\n<p>offline<\/p>\n<\/td>\n<\/tr>\n<\/tbody>\n<\/table>\n<p><strong>A program c\u00e9lja:<\/strong><\/p>\n<p>A k\u00e9pz\u00e9s kifejezetten a Semmelweis Egyetem oktat\u00f3i sz\u00e1m\u00e1ra k\u00e9sz\u00fclt, \u00e9s seg\u00edts\u00e9get ny\u00fajt a tanul\u00e1si eredm\u00e9nyeknek a tan\u00edt\u00e1si tev\u00e9kenys\u00e9gekkel \u00e9s az \u00e9rt\u00e9kel\u00e9si m\u00f3dszerekkel val\u00f3 \u00f6sszekapcsol\u00e1s\u00e1hoz.<\/p>\n<p>F\u00f3kuszban a tanul\u00e1si eredm\u00e9ny alap\u00fa szeml\u00e9let, a fejleszt\u0151 \u00e9rt\u00e9kel\u00e9s, az \u00e9rt\u00e9kel\u0151t\u00e1bl\u00e1k haszn\u00e1lata \u00e1ll, valamint az egy\u00e9ni tanul\u00e1si utak t\u00e1mogat\u00e1sa a Moodle LevelUp! funkci\u00f3j\u00e1nak haszn\u00e1lat\u00e1val.<\/p>\n<p><strong>A program jellege:<\/strong><\/p>\n<p>12 \u00f3r\u00e1s blended k\u00e9pz\u00e9s (1 \u00f3ra felk\u00e9sz\u00fcl\u00e9s, 6+2 \u00f3ra interakt\u00edv workshop, 3 \u00f3ra feladatmegold\u00e1s)<\/p>\n<p><strong>Teljes\u00edt\u00e9si felt\u00e9telek:<\/strong><\/p>\n<p>A program elv\u00e9gz\u00e9s\u00e9r\u0151l tan\u00fas\u00edtv\u00e1nyt \u00e1ll\u00edtunk ki. A tan\u00fas\u00edtv\u00e1ny ki\u00e1ll\u00edt\u00e1s\u00e1nak felt\u00e9tele a workshop 100%-\u00e1n val\u00f3 szem\u00e9lyes r\u00e9szv\u00e9tel, a prekurzus feladat elk\u00e9sz\u00edt\u00e9se, \u00e9s a program v\u00e9g\u00e9n egy maximum 3 oldalas reflexi\u00f3 beny\u00fajt\u00e1sa. Felh\u00edvjuk sz\u00edves figyelm\u00e9t, hogy ez egy intenz\u00edv workshop, a tartalmi elemei szorosan egym\u00e1sra \u00e9p\u00fclnek, ez\u00e9rt r\u00e9szletekben t\u00f6rt\u00e9n\u0151 teljes\u00edt\u00e9s\u00e9re nincs m\u00f3d.<\/p>\n<p><strong>L\u00e9tsz\u00e1mkorl\u00e1t<\/strong>: 20 f\u0151 (a program minimum 12 f\u0151 jelentkez\u00e9s\u00e9vel indul!)<\/p>\n<p><strong>Id\u0151pont \u00e9s helysz\u00edn:<\/strong><\/p>\n<p><em>Hamarosan<\/em><\/p>\n<p>A jelentkez\u00e9sr\u0151l az \u0171rlap kit\u00f6lt\u00e9s\u00e9r\u0151l automatikus visszaigazol\u00e1st kap, de a programon val\u00f3 r\u00e9szv\u00e9tel az \u0171rlapon megadott e-mail c\u00edmen szem\u00e9lyes visszaigazol\u00e1s ut\u00e1n v\u00e1lik v\u00e9glegess\u00e9. <strong>A r\u00e9szv\u00e9tel felt\u00e9tele<\/strong>: a <a href=\"https:\/\/semmelweis.hu\/oktatasmodszertan\/oktatasi-segedanyagok\/oktatastamogatas-esemenyek\/alapkepzesek\/bevezetes-az-egyetemi-oktatasba\/\" target=\"_blank\" rel=\"noopener\"><u>Bevezet\u00e9s az egyetemi oktat\u00e1sba<\/u><\/a> \u00e9s\/vagy a <a href=\"https:\/\/semmelweis.hu\/oktatasmodszertan\/oktatasi-segedanyagok\/oktatastamogatas-esemenyek\/alapkepzesek\/bevezetes-a-gyakorlattervezesbe-es-gyakorlattartasba\/\" target=\"_blank\" rel=\"noopener\"><u>Bevezet\u00e9s a gyakorlattervez\u00e9sbe \u00e9s gyakorlattart\u00e1sba<\/u><\/a> alapk\u00e9pz\u00e9sek el\u0151zetes elv\u00e9gz\u00e9se.<\/p>\n<p><strong>Bel\u00e9p\u00e9s a Moodle-fel\u00fcletre: <\/strong>a bel\u00e9p\u00e9shez hozz\u00e1f\u00e9r\u00e9st jelentkez\u00e9s elfogad\u00e1s\u00e1r\u00f3l sz\u00f3l\u00f3 szem\u00e9lyes visszaigazol\u00e1skor adunk<\/p>\n<p><a class=\"button\" href=\"https:\/\/itc.semmelweis.hu\/moodle\/course\/view.php?id=4770\" target=\"_blank\" rel=\"noopener\">Bel\u00e9p\u00e9s a Moodle-fel\u00fcletre<\/a><\/p>\n<p><strong>Programfelel\u0151s \u00e9s kapcsolattart\u00f3: <\/strong><a href=\"https:\/\/semmelweis.hu\/oktatasmodszertan\/magunkrol\/munkatarsak\/\" target=\"_blank\" rel=\"noopener\">Kozma Borb\u00e1la<\/a><\/p>\n<div class=\"keretes w-100\">\n<p><strong>H\u00e1zhoz megy\u00fcnk<\/strong><\/p>\n<p>A fent megadott konkr\u00e9t id\u0151pontokon t\u00fal v\u00e1rjuk kisebb oktat\u00f3i teamek jelentkez\u00e9s\u00e9t egy-egy konkr\u00e9t fejleszt\u00e9s\u00fck kapcs\u00e1n, illetve v\u00e1llaljuk tansz\u00e9ki vagy kari szint\u0171 \u00e1tfog\u00f3 fejleszt\u00e9sek t\u00e1mogat\u00e1s\u00e1t is. Foglaljon <strong><a href=\"https:\/\/outlook.office.com\/book\/Hzhozmegynk@unisemmelweis.onmicrosoft.com\/\" target=\"_blank\" rel=\"noopener\">napt\u00e1runkban<\/a><\/strong>\u00a0egy vagy t\u00f6bb alkalmat, melyet teamj\u00fckkel oktat\u00e1sfejleszt\u00e9sre sz\u00e1nnak. A foglal\u00e1s ut\u00e1n felvessz\u00fck \u00d6nnel a kapcsolatot a r\u00e9szletek egyeztet\u00e9se c\u00e9lj\u00e1b\u00f3l. A gyakran ism\u00e9telt k\u00e9rd\u00e9seket \u00e9s r\u00e9szleteket\u00a0<strong><a href=\"https:\/\/semmelweis.hu\/oktatasmodszertan\/kepzesek\/oktatastamogatas-esemenyek\/idopontfoglalas-gyik\/\" target=\"_blank\" rel=\"noopener\">az al\u00e1bbi linken<\/a><\/strong>\u00a0olvashatja.<\/p>\n<\/div>\n\n<\/div><h2 class=\"tabtitle\"><strong>Programterv<\/strong><\/h2>\n<div class=\"tabcontent\">\n\n<h5><strong>2026<\/strong><\/h5>\n<table>\n<tbody>\n<tr>\n<td width=\"181\">\n<p><strong>d\u00e1tum<\/strong><\/p>\n<\/td>\n<td width=\"227\">\n<p><strong>id\u0151pont<\/strong><\/p>\n<\/td>\n<td width=\"354\">\n<p><strong>t\u00e9ma<\/strong><\/p>\n<\/td>\n<td colspan=\"2\" width=\"369\">\n<p><strong>munkaforma<\/strong><\/p>\n<\/td>\n<\/tr>\n<tr>\n<td colspan=\"2\" width=\"408\">\n<p>&nbsp;<\/p>\n<\/td>\n<td width=\"354\">\n<p>ir\u00e1ny\u00edtott kutat\u00f3munka \u00e9s prezent\u00e1ci\u00f3 k\u00e9sz\u00edt\u00e9s<\/p>\n<\/td>\n<td colspan=\"2\" width=\"369\">\n<p>\u00f6n\u00e1ll\u00f3 munka<\/p>\n<\/td>\n<\/tr>\n<tr>\n<td rowspan=\"15\" width=\"181\">\n<p><strong>Els\u0151 nap<\/strong><\/p>\n<p><strong>(offline workshop)<\/strong><\/p>\n<\/td>\n<td width=\"227\">\n<p>08:30-09:00<\/p>\n<\/td>\n<td width=\"354\">\n<p>\u00e9rkez\u00e9s, regisztr\u00e1ci\u00f3, a k\u00e9pz\u00e9s megnyit\u00e1sa<\/p>\n<\/td>\n<td colspan=\"2\" width=\"369\">\n<p>&nbsp;<\/p>\n<\/td>\n<\/tr>\n<tr>\n<td width=\"227\">\n<p>09:00-09:45<\/p>\n<\/td>\n<td width=\"354\">\n<p>\u201eEgy \u00e9rdekes gondolat\u201d \u2013 cikkrefer\u00e1l\u00f3 egy percben<\/p>\n<\/td>\n<td colspan=\"2\" width=\"369\">\n<p>prezent\u00e1ci\u00f3<\/p>\n<\/td>\n<\/tr>\n<tr>\n<td width=\"227\">\n<p>09:45-10:15<\/p>\n<\/td>\n<td width=\"354\">\n<p>A tanul\u00e1si eredm\u00e9ny alap\u00fa megk\u00f6zel\u00edt\u00e9s alapjai<\/p>\n<\/td>\n<td colspan=\"2\" width=\"369\">\n<p>szemin\u00e1rium<\/p>\n<\/td>\n<\/tr>\n<tr>\n<td width=\"227\">\n<p>10:15-10:30<\/p>\n<\/td>\n<td width=\"354\">\n<p>A m\u00e9r\u00e9s-\u00e9rt\u00e9kel\u00e9s m\u00f3dszerei \u00e9s helye az egyetemi oktat\u00e1sban<\/p>\n<\/td>\n<td colspan=\"2\" width=\"369\">\n<p>el\u0151ad\u00e1s<\/p>\n<\/td>\n<\/tr>\n<tr>\n<td width=\"227\">\n<p>10:30-10:45<\/p>\n<\/td>\n<td colspan=\"3\" width=\"724\">\n<p>sz\u00fcnet<\/p>\n<\/td>\n<\/tr>\n<tr>\n<td width=\"227\">\n<p>10:45-11:00<\/p>\n<\/td>\n<td width=\"354\">\n<p>Objekt\u00edv \u00e9s standard \u00e9rt\u00e9kel\u00e9s tervez\u00e9se \u00e9rt\u00e9kel\u0151t\u00e1bl\u00e1val<\/p>\n<\/td>\n<td colspan=\"2\" width=\"369\">\n<p>el\u0151ad\u00e1s<\/p>\n<\/td>\n<\/tr>\n<tr>\n<td width=\"227\">\n<p>11:00-12:00<\/p>\n<\/td>\n<td width=\"354\">\n<p>\u00c9rt\u00e9kel\u0151t\u00e1bla k\u00e9sz\u00edt\u00e9se a gyakorlatban<\/p>\n<\/td>\n<td colspan=\"2\" width=\"369\">\n<p>gyakorlat<\/p>\n<\/td>\n<\/tr>\n<tr>\n<td width=\"227\">\n<p>12:00-12:15<\/p>\n<\/td>\n<td width=\"354\">\n<p>Egy\u00e9ni tanul\u00e1si utak t\u00e1mogat\u00e1sa Moodle-funkci\u00f3kkal<\/p>\n<\/td>\n<td colspan=\"2\" width=\"369\">\n<p>el\u0151ad\u00e1s<\/p>\n<\/td>\n<\/tr>\n<tr>\n<td width=\"227\">\n<p>12:15-13:00<\/p>\n<\/td>\n<td colspan=\"3\" width=\"724\">\n<p>eb\u00e9dsz\u00fcnet<\/p>\n<\/td>\n<\/tr>\n<tr>\n<td width=\"227\">\n<p>13:00-14:00<\/p>\n<\/td>\n<td width=\"354\">\n<p>\u00c9rt\u00e9kel\u0151t\u00e1bla k\u00e9sz\u00edt\u00e9se a Moodle-ban<\/p>\n<\/td>\n<td colspan=\"2\" width=\"369\">\n<p>gyakorlat<\/p>\n<\/td>\n<\/tr>\n<tr>\n<td width=\"227\">\n<p>14:00-14:15<\/p>\n<\/td>\n<td width=\"354\">\n<p>K\u00e9szs\u00e9gek \u00e9s k\u00e9szs\u00e9gkeretek tervez\u00e9se a Moodle-ban<\/p>\n<\/td>\n<td colspan=\"2\" width=\"369\">\n<p>el\u0151ad\u00e1s<\/p>\n<\/td>\n<\/tr>\n<tr>\n<td width=\"227\">\n<p>14:15-14:30<\/p>\n<\/td>\n<td width=\"354\">\n<p>Pontvad\u00e1szat tervez\u00e9se a Moodle Level-up! funkci\u00f3j\u00e1val<\/p>\n<\/td>\n<td colspan=\"2\" width=\"369\">\n<p>el\u0151ad\u00e1s<\/p>\n<\/td>\n<\/tr>\n<tr>\n<td width=\"227\">\n<p>14:30-14:45<\/p>\n<\/td>\n<td colspan=\"3\" width=\"724\">\n<p>sz\u00fcnet<\/p>\n<\/td>\n<\/tr>\n<tr>\n<td width=\"227\">\n<p>14:45-15:45<\/p>\n<\/td>\n<td width=\"354\">\n<p>A Moodle Level-up! funkci\u00f3j\u00e1nak be\u00e1ll\u00edt\u00e1sai l\u00e9p\u00e9sr\u0151l l\u00e9p\u00e9sre<\/p>\n<\/td>\n<td colspan=\"2\" width=\"369\">\n<p>gyakorlat<\/p>\n<\/td>\n<\/tr>\n<tr>\n<td width=\"227\">\n<p>15:45-16:00<\/p>\n<\/td>\n<td colspan=\"3\" width=\"724\">\n<p>\u00f6sszegz\u00e9s \u00e9s visszajelz\u00e9s, a workshop z\u00e1r\u00e1sa<\/p>\n<\/td>\n<\/tr>\n<tr>\n<td rowspan=\"3\" width=\"181\">\n<p><strong>M\u00e1sodik nap<\/strong><\/p>\n<p><strong>(online workshop)<\/strong><\/p>\n<\/td>\n<td width=\"227\">\n<p>08:30-11:30<\/p>\n<\/td>\n<td width=\"354\">\n<p>egy\u00e9ni feladatmegold\u00e1s: saj\u00e1t Level-up! k\u00e9sz\u00edt\u00e9se a Moodle-ban<\/p>\n<\/td>\n<td width=\"369\">\n<p>\u00f6n\u00e1ll\u00f3 munka<\/p>\n<\/td>\n<td width=\"1\">\n<p>&nbsp;<\/p>\n<\/td>\n<\/tr>\n<tr>\n<td width=\"227\">\n<p>11:30-13:10<\/p>\n<\/td>\n<td width=\"354\">\n<p>Saj\u00e1t k\u00e9sz\u00edt\u00e9s\u0171 Level-up! bemutat\u00e1sa<\/p>\n<\/td>\n<td colspan=\"2\" width=\"369\">\n<p>prezent\u00e1ci\u00f3<\/p>\n<\/td>\n<\/tr>\n<tr>\n<td width=\"227\">\n<p>13:10-13:30<\/p>\n<\/td>\n<td width=\"354\">\n<p>csoportos reflexi\u00f3, a k\u00e9pz\u00e9s z\u00e1r\u00e1sa<\/p>\n<\/td>\n<td colspan=\"2\" width=\"369\">\n<p>megbesz\u00e9l\u00e9s<\/p>\n<\/td>\n<\/tr>\n<tr>\n<td colspan=\"2\" width=\"408\">\n<p>&nbsp;<\/p>\n<\/td>\n<td width=\"354\">\n<p>egy\u00e9ni reflexi\u00f3<\/p>\n<\/td>\n<td colspan=\"2\" width=\"369\">\n<p>\u00f6n\u00e1ll\u00f3 munka<\/p>\n<\/td>\n<\/tr>\n<\/tbody>\n<\/table>\n<\/div><\/div>\n","protected":false},"excerpt":{"rendered":"<p>a program c\u00edme a program jellege a program form\u00e1ja c\u00e9lcsoport helysz\u00edn A tanul\u00e1si eredm\u00e9ny alap\u00fa m\u00e9r\u00e9s-\u00e9rt\u00e9kel\u00e9s tervez\u00e9se \u2013 pontvad\u00e1szat a Moodle Level-up! funkci\u00f3 haszn\u00e1lat\u00e1val tematikus tov\u00e1bbk\u00e9pz\u00e9s workshop el\u0151ad\u00f3 \u00e9s gyakorlatvezet\u0151 oktat\u00f3k offline A program c\u00e9lja: A k\u00e9pz\u00e9s kifejezetten a Semmelweis Egyetem oktat\u00f3i sz\u00e1m\u00e1ra k\u00e9sz\u00fclt, \u00e9s seg\u00edts\u00e9get ny\u00fajt a tanul\u00e1si eredm\u00e9nyeknek a tan\u00edt\u00e1si tev\u00e9kenys\u00e9gekkel \u00e9s az &hellip;<\/p>\n","protected":false},"author":101470,"featured_media":0,"parent":2318,"menu_order":2,"comment_status":"closed","ping_status":"closed","template":"","meta":{"_acf_changed":false,"footnotes":""},"categories":[],"tags":[],"class_list":["post-4253","page","type-page","status-publish","hentry"],"acf":[],"_links":{"self":[{"href":"https:\/\/semmelweis.hu\/oktatasmodszertan\/wp-json\/wp\/v2\/pages\/4253","targetHints":{"allow":["GET"]}}],"collection":[{"href":"https:\/\/semmelweis.hu\/oktatasmodszertan\/wp-json\/wp\/v2\/pages"}],"about":[{"href":"https:\/\/semmelweis.hu\/oktatasmodszertan\/wp-json\/wp\/v2\/types\/page"}],"author":[{"embeddable":true,"href":"https:\/\/semmelweis.hu\/oktatasmodszertan\/wp-json\/wp\/v2\/users\/101470"}],"replies":[{"embeddable":true,"href":"https:\/\/semmelweis.hu\/oktatasmodszertan\/wp-json\/wp\/v2\/comments?post=4253"}],"version-history":[{"count":11,"href":"https:\/\/semmelweis.hu\/oktatasmodszertan\/wp-json\/wp\/v2\/pages\/4253\/revisions"}],"predecessor-version":[{"id":6252,"href":"https:\/\/semmelweis.hu\/oktatasmodszertan\/wp-json\/wp\/v2\/pages\/4253\/revisions\/6252"}],"up":[{"embeddable":true,"href":"https:\/\/semmelweis.hu\/oktatasmodszertan\/wp-json\/wp\/v2\/pages\/2318"}],"wp:attachment":[{"href":"https:\/\/semmelweis.hu\/oktatasmodszertan\/wp-json\/wp\/v2\/media?parent=4253"}],"wp:term":[{"taxonomy":"category","embeddable":true,"href":"https:\/\/semmelweis.hu\/oktatasmodszertan\/wp-json\/wp\/v2\/categories?post=4253"},{"taxonomy":"post_tag","embeddable":true,"href":"https:\/\/semmelweis.hu\/oktatasmodszertan\/wp-json\/wp\/v2\/tags?post=4253"}],"curies":[{"name":"wp","href":"https:\/\/api.w.org\/{rel}","templated":true}]}}