{"id":3889,"date":"2022-11-24T15:41:27","date_gmt":"2022-11-24T14:41:27","guid":{"rendered":"https:\/\/semmelweis.hu\/oktatasmodszertan\/?page_id=3889"},"modified":"2022-11-24T15:42:03","modified_gmt":"2022-11-24T14:42:03","slug":"qr-feedback-system","status":"publish","type":"page","link":"https:\/\/semmelweis.hu\/oktatasmodszertan\/en\/teaching-evaluation\/qr-feedback-system\/","title":{"rendered":"QR feedback system"},"content":{"rendered":"<p><strong>A QR code-based system is available and can be used by all faculties to receive immediate, &#8222;on the spot&#8221; feedback from students after lectures and practicals.<\/strong><\/p>\n<p><a href=\"https:\/\/feedback.semmelweis.hu\/\" target=\"_blank\" rel=\"noopener noreferrer\"><img loading=\"lazy\" decoding=\"async\" class=\"alignleft  wp-image-3048\" src=\"https:\/\/semmelweis.hu\/oktatasmodszertan\/files\/2021\/09\/QR_on_the_spot.png\" alt=\"\" width=\"268\" height=\"178\" srcset=\"https:\/\/semmelweis.hu\/oktatasmodszertan\/files\/2021\/09\/QR_on_the_spot.png 567w, https:\/\/semmelweis.hu\/oktatasmodszertan\/files\/2021\/09\/QR_on_the_spot-400x266.png 400w, https:\/\/semmelweis.hu\/oktatasmodszertan\/files\/2021\/09\/QR_on_the_spot-203x135.png 203w\" sizes=\"auto, (max-width: 268px) 100vw, 268px\" \/><\/a><\/p>\n<p>The system can be accessed from <a href=\"https:\/\/feedback.semmelweis.hu\/\" target=\"_blank\" rel=\"noopener\"><strong>https:\/\/feedback.semmelweis.hu<\/strong>\/<\/a> with <a href=\"https:\/\/seka.semmelweis.hu\/en\" target=\"_blank\" rel=\"noopener\">SeKA identification<\/a>, and also includes the possibility of feedback on clinical blocks (in the Faculty of Medicine). In addition to this, it will allow for further enhancements (Neptun integration, an educational administrator role, and the ability to download assessments in Excel spreadsheets expected as early as September). In the future, SeKA-based access rights management and individual access to different evaluation levels (individual, institute, faculty, university) will also be possible.<\/p>\n<p>The rules for using the system are decided by the faculty, but we encourage its use by all those who want to improve their teaching through rapid feedback.<\/p>\n<p><strong>For more information on the QR feedback system, please see the CEMO and Students\u2019 Union summary on student feedback, which can be downloaded from the link below<\/strong>:<\/p>\n<p><a class=\"button\" href=\"https:\/\/semmelweis.hu\/oktatasmodszertan\/files\/2022\/07\/OMHV-2022_06-ENG.pdf\" target=\"_blank\" rel=\"noopener\">SUMMARY &#8211; OMHV<\/a><\/p>\n<p><strong>SUPPORT<\/strong><\/p>\n<p>Technical supervision is carried out by the CEMO E-learning and Digital Content Development Directorate, with the assistance of the IT Directorate.<\/p>\n<p>Programming, development and technical support is provided by Andr\u00e1s L\u00e1szl\u00f3 Sz\u00f6gi.<\/p>\n<p><strong>Contact:<\/strong> szogi.andras@semmelweis.hu, +36-20\/663-24-75<\/p>\n<p>You can ask for support mainly via e-mail, or in urgent cases by phone during working hours.<\/p>\n","protected":false},"excerpt":{"rendered":"<p>A QR code-based system is available and can be used by all faculties to receive immediate, &#8222;on the spot&#8221; feedback from students after lectures and practicals. <a href=\"https:\/\/feedback.semmelweis.hu\/\" target=\"_blank\" rel=\"noopener noreferrer\"><\/a> The system can be accessed from <a href=\"https:\/\/feedback.semmelweis.hu\/\" target=\"_blank\" rel=\"noopener\">https:\/\/feedback.semmelweis.hu\/<\/a> with <a href=\"https:\/\/seka.semmelweis.hu\/en\" target=\"_blank\" rel=\"noopener\">SeKA identification<\/a> , and also includes the possibility of feedback on clinical blocks (in the Faculty of Medicine). In addition to this, it will &hellip;<\/p>\n","protected":false},"author":101470,"featured_media":0,"parent":3885,"menu_order":2,"comment_status":"closed","ping_status":"closed","template":"","meta":{"_acf_changed":false,"footnotes":""},"categories":[],"tags":[],"class_list":["post-3889","page","type-page","status-publish","hentry"],"acf":[],"_links":{"self":[{"href":"https:\/\/semmelweis.hu\/oktatasmodszertan\/wp-json\/wp\/v2\/pages\/3889","targetHints":{"allow":["GET"]}}],"collection":[{"href":"https:\/\/semmelweis.hu\/oktatasmodszertan\/wp-json\/wp\/v2\/pages"}],"about":[{"href":"https:\/\/semmelweis.hu\/oktatasmodszertan\/wp-json\/wp\/v2\/types\/page"}],"author":[{"embeddable":true,"href":"https:\/\/semmelweis.hu\/oktatasmodszertan\/wp-json\/wp\/v2\/users\/101470"}],"replies":[{"embeddable":true,"href":"https:\/\/semmelweis.hu\/oktatasmodszertan\/wp-json\/wp\/v2\/comments?post=3889"}],"version-history":[{"count":3,"href":"https:\/\/semmelweis.hu\/oktatasmodszertan\/wp-json\/wp\/v2\/pages\/3889\/revisions"}],"predecessor-version":[{"id":3892,"href":"https:\/\/semmelweis.hu\/oktatasmodszertan\/wp-json\/wp\/v2\/pages\/3889\/revisions\/3892"}],"up":[{"embeddable":true,"href":"https:\/\/semmelweis.hu\/oktatasmodszertan\/wp-json\/wp\/v2\/pages\/3885"}],"wp:attachment":[{"href":"https:\/\/semmelweis.hu\/oktatasmodszertan\/wp-json\/wp\/v2\/media?parent=3889"}],"wp:term":[{"taxonomy":"category","embeddable":true,"href":"https:\/\/semmelweis.hu\/oktatasmodszertan\/wp-json\/wp\/v2\/categories?post=3889"},{"taxonomy":"post_tag","embeddable":true,"href":"https:\/\/semmelweis.hu\/oktatasmodszertan\/wp-json\/wp\/v2\/tags?post=3889"}],"curies":[{"name":"wp","href":"https:\/\/api.w.org\/{rel}","templated":true}]}}