{"id":3694,"date":"2022-07-28T09:59:23","date_gmt":"2022-07-28T07:59:23","guid":{"rendered":"https:\/\/semmelweis.hu\/oktatasmodszertan\/?page_id=3694"},"modified":"2022-09-09T09:40:26","modified_gmt":"2022-09-09T07:40:26","slug":"leiratkozas-a-hirlevelrol","status":"publish","type":"page","link":"https:\/\/semmelweis.hu\/oktatasmodszertan\/hirlevel\/leiratkozas-a-hirlevelrol\/","title":{"rendered":"Leiratkoz\u00e1s a h\u00edrlev\u00e9lr\u0151l"},"content":{"rendered":"<p>A h\u00edrlev\u00e9lr\u0151l val\u00f3 leiratkoz\u00e1s ut\u00e1n az Oktat\u00e1sfejleszt\u00e9si, -m\u00f3dszertani \u00e9s -szervez\u00e9si K\u00f6zpont nem k\u00fcld \u00d6nnek t\u00f6bb e-mailt az oktat\u00f3knak sz\u00f3l\u00f3 seg\u00e9danyagokr\u00f3l, rendezv\u00e9nyekr\u0151l.<\/p>\n<p><strong>Milyen e-mail-c\u00edmmel iratkozott fel a h\u00edrlev\u00e9lre?<\/strong><\/p>\n\n<div class=\"wpcf7 no-js\" id=\"wpcf7-f3695-o1\" lang=\"hu-HU\" dir=\"ltr\" data-wpcf7-id=\"3695\">\n<div class=\"screen-reader-response\"><p role=\"status\" aria-live=\"polite\" aria-atomic=\"true\"><\/p> <ul><\/ul><\/div>\n<form action=\"\/oktatasmodszertan\/wp-json\/wp\/v2\/pages\/3694#wpcf7-f3695-o1\" method=\"post\" class=\"wpcf7-form init\" aria-label=\"Kapcsolatfelv\u00e9teli \u0171rlap\" novalidate=\"novalidate\" data-status=\"init\">\n<div style=\"display: none;\">\n<input type=\"hidden\" name=\"_wpcf7\" value=\"3695\" \/>\n<input type=\"hidden\" name=\"_wpcf7_version\" value=\"6.0.5\" \/>\n<input type=\"hidden\" name=\"_wpcf7_locale\" value=\"hu_HU\" \/>\n<input type=\"hidden\" name=\"_wpcf7_unit_tag\" value=\"wpcf7-f3695-o1\" \/>\n<input type=\"hidden\" name=\"_wpcf7_container_post\" value=\"0\" \/>\n<input type=\"hidden\" name=\"_wpcf7_posted_data_hash\" value=\"\" \/>\n<input type=\"hidden\" name=\"_wpcf7_recaptcha_response\" value=\"\" \/>\n<\/div>\n<p><label> E-mail c\u00edm (k\u00f6telez\u0151)<br \/>\n<span class=\"wpcf7-form-control-wrap\" data-name=\"your-email\"><input size=\"40\" maxlength=\"400\" class=\"wpcf7-form-control wpcf7-email wpcf7-validates-as-required wpcf7-text wpcf7-validates-as-email\" aria-required=\"true\" aria-invalid=\"false\" value=\"\" type=\"email\" name=\"your-email\" \/><\/span> <\/label>\n<\/p>\n<p><input class=\"wpcf7-form-control wpcf7-submit has-spinner\" type=\"submit\" value=\"Leiratkoz\u00e1s\" \/>\n<\/p><div class=\"wpcf7-response-output\" aria-hidden=\"true\"><\/div>\n<\/form>\n<\/div>\n\n","protected":false},"excerpt":{"rendered":"<p>A h\u00edrlev\u00e9lr\u0151l val\u00f3 leiratkoz\u00e1s ut\u00e1n az Oktat\u00e1sfejleszt\u00e9si, -m\u00f3dszertani \u00e9s -szervez\u00e9si K\u00f6zpont nem k\u00fcld \u00d6nnek t\u00f6bb e-mailt az oktat\u00f3knak sz\u00f3l\u00f3 seg\u00e9danyagokr\u00f3l, rendezv\u00e9nyekr\u0151l.<br \/>\nMilyen e-mail-c\u00edmmel iratkozott fel a h\u00edrlev\u00e9lre?<\/p>\n","protected":false},"author":101470,"featured_media":0,"parent":3436,"menu_order":3,"comment_status":"closed","ping_status":"closed","template":"","meta":{"_acf_changed":false,"footnotes":""},"categories":[],"tags":[],"class_list":["post-3694","page","type-page","status-publish","hentry"],"acf":[],"_links":{"self":[{"href":"https:\/\/semmelweis.hu\/oktatasmodszertan\/wp-json\/wp\/v2\/pages\/3694","targetHints":{"allow":["GET"]}}],"collection":[{"href":"https:\/\/semmelweis.hu\/oktatasmodszertan\/wp-json\/wp\/v2\/pages"}],"about":[{"href":"https:\/\/semmelweis.hu\/oktatasmodszertan\/wp-json\/wp\/v2\/types\/page"}],"author":[{"embeddable":true,"href":"https:\/\/semmelweis.hu\/oktatasmodszertan\/wp-json\/wp\/v2\/users\/101470"}],"replies":[{"embeddable":true,"href":"https:\/\/semmelweis.hu\/oktatasmodszertan\/wp-json\/wp\/v2\/comments?post=3694"}],"version-history":[{"count":3,"href":"https:\/\/semmelweis.hu\/oktatasmodszertan\/wp-json\/wp\/v2\/pages\/3694\/revisions"}],"predecessor-version":[{"id":3747,"href":"https:\/\/semmelweis.hu\/oktatasmodszertan\/wp-json\/wp\/v2\/pages\/3694\/revisions\/3747"}],"up":[{"embeddable":true,"href":"https:\/\/semmelweis.hu\/oktatasmodszertan\/wp-json\/wp\/v2\/pages\/3436"}],"wp:attachment":[{"href":"https:\/\/semmelweis.hu\/oktatasmodszertan\/wp-json\/wp\/v2\/media?parent=3694"}],"wp:term":[{"taxonomy":"category","embeddable":true,"href":"https:\/\/semmelweis.hu\/oktatasmodszertan\/wp-json\/wp\/v2\/categories?post=3694"},{"taxonomy":"post_tag","embeddable":true,"href":"https:\/\/semmelweis.hu\/oktatasmodszertan\/wp-json\/wp\/v2\/tags?post=3694"}],"curies":[{"name":"wp","href":"https:\/\/api.w.org\/{rel}","templated":true}]}}