{"id":3684,"date":"2022-07-27T10:35:50","date_gmt":"2022-07-27T08:35:50","guid":{"rendered":"https:\/\/semmelweis.hu\/oktatasmodszertan\/?page_id=3684"},"modified":"2024-08-22T10:19:56","modified_gmt":"2024-08-22T08:19:56","slug":"semmelweis-oktatasi-konferencia","status":"publish","type":"page","link":"https:\/\/semmelweis.hu\/oktatasmodszertan\/oktatasi-segedanyagok\/konferenciak\/semmelweis-oktatasi-konferencia\/","title":{"rendered":"Nemzetk\u00f6zi Oktat\u00e1sfejleszt\u00e9si Konferencia"},"content":{"rendered":"<p><img loading=\"lazy\" decoding=\"async\" class=\"alignnone size-full wp-image-4160\" src=\"https:\/\/semmelweis.hu\/oktatasmodszertan\/files\/2023\/03\/SLIDER-EDUCONF__en.png\" alt=\"\" width=\"1280\" height=\"420\" srcset=\"https:\/\/semmelweis.hu\/oktatasmodszertan\/files\/2023\/03\/SLIDER-EDUCONF__en.png 1280w, https:\/\/semmelweis.hu\/oktatasmodszertan\/files\/2023\/03\/SLIDER-EDUCONF__en-400x131.png 400w, https:\/\/semmelweis.hu\/oktatasmodszertan\/files\/2023\/03\/SLIDER-EDUCONF__en-1024x336.png 1024w, https:\/\/semmelweis.hu\/oktatasmodszertan\/files\/2023\/03\/SLIDER-EDUCONF__en-768x252.png 768w, https:\/\/semmelweis.hu\/oktatasmodszertan\/files\/2023\/03\/SLIDER-EDUCONF__en-753x247.png 753w\" sizes=\"auto, (max-width: 1280px) 100vw, 1280px\" \/><\/p>\n<p style=\"text-align: center\"><span style=\"color: #ffffff\"><a class=\"btn btn-secondary\" href=\"https:\/\/semmelweis.hu\/oktatasmodszertan\/files\/2023\/05\/PROGRAM_SE_EDUCONF__2023_final.pdf\"><strong>PROGRAM<\/strong><\/a><\/span> \u00a0<span style=\"color: #ffffff\"><a class=\"btn btn-secondary\" href=\"https:\/\/semmelweis.hu\/oktatasmodszertan\/files\/2023\/03\/FLYER_SE_Educonf__2023.pdf\"> <strong>FLYER<\/strong><\/a><\/span> \u00a0<span style=\"color: #ffffff\"><a class=\"btn btn-secondary\" href=\"https:\/\/kaltura.semmelweis.hu\/channel\/International%2BConference%2Bon%2BEducational%2BDevelopment\/300526102\"><strong>FELV\u00c9TELEK<\/strong><\/a> \u00a0<\/span><\/p>\n<p style=\"text-align: justify\"><strong>A Semmelweis Egyetem Oktat\u00e1sfejleszt\u00e9si, -m\u00f3dszertani \u00e9s -szervez\u00e9si K\u00f6zpontja 2023. m\u00e1jus 4-5. k\u00f6z\u00f6tt Nemzetk\u00f6zi Oktat\u00e1sfejleszt\u00e9si Konferenci\u00e1t szervez az Elm\u00e9leti Orvostudom\u00e1nyi K\u00f6zpontban. A neves hazai \u00e9s nemzetk\u00f6zi el\u0151ad\u00f3kat felvonultat\u00f3 esem\u00e9ny a Semmelweis Egyetem nemzetk\u00f6zi orvosk\u00e9pz\u00e9s\u00e9nek 40. \u00e9vfordul\u00f3ja alkalm\u00e1b\u00f3l megval\u00f3sul\u00f3 jubileumi programsorozat egyik kiemelt rendezv\u00e9nye.<\/strong><\/p>\n<p style=\"text-align: justify\">A rendezv\u00e9nyre szeretettel v\u00e1rjuk az eg\u00e9szs\u00e9g\u00fcgyi oktat\u00e1sban r\u00e9szt vev\u0151 oktat\u00f3kat \u00e9s oktat\u00e1sfejleszt\u00e9ssel foglalkoz\u00f3 szakembereket. A konferencia nyitott a Semmelweis Egyetemen k\u00edv\u00fclr\u0151l \u00e9rkez\u0151 vend\u00e9gek sz\u00e1m\u00e1ra is.<\/p>\n<div class=\"keretes w-100\">\n<ul>\n<li><strong>Id\u0151pont:<\/strong> 2023. m\u00e1jus 4-5. cs\u00fct\u00f6rt\u00f6k-p\u00e9ntek<\/li>\n<li><span style=\"color: #000000\"><strong>Helysz\u00edn: <\/strong>1094 Budapest, T\u0171zolt\u00f3 utca 37-47. &#8211; EOK &#8211; Elm\u00e9leti Orvostudom\u00e1nyi K\u00f6zpont<\/span><\/li>\n<li><strong>Poszter absztraktok bek\u00fcld\u00e9si hat\u00e1rideje: <\/strong>\u00e1prilis 14.<\/li>\n<li><strong>A konferencia nyelve:\u00a0<\/strong>angol<\/li>\n<li><strong>Konferencia form\u00e1ja:\u00a0<\/strong>hibrid<\/li>\n<\/ul>\n<\/div>\n<table style=\"border-collapse: collapse;width: 100%\">\n<tbody>\n<tr>\n<td style=\"width: 100%\"><em>A konferenci\u00e1n val\u00f3 r\u00e9szv\u00e9tel a RRF-2.1.2-21-2022-00010 sz\u00e1m\u00fa, \u201eA Gyakorlati Orvosk\u00e9pz\u00e9s Fejleszt\u00e9se a Semmelweis Egyetemen\u201d c\u00edm\u0171 projekt t\u00e1mogat\u00e1s\u00e1nak k\u00f6sz\u00f6nhet\u0151en, minden r\u00e9sztvev\u0151 sz\u00e1m\u00e1ra ingyenes, de regisztr\u00e1ci\u00f3hoz k\u00f6t\u00f6tt.<\/em><\/td>\n<\/tr>\n<\/tbody>\n<\/table>\n<p style=\"text-align: justify\">\nA konferencia c\u00e9lja, hogy alkalmat adjon az orvos- \u00e9s eg\u00e9szs\u00e9gtudom\u00e1nyi k\u00e9pz\u00e9st \u00e9rint\u0151 oktat\u00e1sm\u00f3dszertani, oktat\u00e1stechnol\u00f3giai \u00fajdons\u00e1gok bemutat\u00e1s\u00e1ra, az oktat\u00e1sfejleszt\u00e9si tapasztalatok nemzetk\u00f6zi cser\u00e9j\u00e9re, valamint \u00f6szt\u00f6n\u00f6zze \u00e9s el\u0151seg\u00edtse a fels\u0151oktat\u00e1si szektor szerepl\u0151i k\u00f6z\u00f6tti kapcsolat\u00e9p\u00edt\u00e9st.<\/p>\n<p style=\"text-align: justify\">Az esem\u00e9ny sor\u00e1n poszterek form\u00e1j\u00e1ban is lehet\u0151s\u00e9g ny\u00edlik az innovat\u00edv megold\u00e1sok \u00e9s oktat\u00e1si j\u00f3gyakorlatok k\u00f6zz\u00e9t\u00e9tel\u00e9re, az el\u0151ad\u00f3teremmel szomsz\u00e9dos ter\u00fcleten szervezett szakmai ki\u00e1ll\u00edt\u00e1son pedig az oktat\u00e1stechnol\u00f3gia \u00e9s oktat\u00e1sfejleszt\u00e9s ter\u00fclet\u00e9n tev\u00e9kenyked\u0151 v\u00e1llalatok mutathatj\u00e1k be term\u00e9keiket, szolg\u00e1ltat\u00e1saikat.<\/p>\n<table style=\"border-collapse: collapse;width: 100%;height: 49px\">\n<tbody>\n<tr style=\"height: 49px\">\n<td style=\"width: 100%;height: 49px\"><em>K\u00e9rd\u00e9sek eset\u00e9n k\u00e9rj\u00fck, \u00edrjon a k\u00f6vetkez\u0151 e-mail-c\u00edmre: oktatasmodszertan@semmelweis.hu<\/em><\/td>\n<\/tr>\n<\/tbody>\n<\/table>\n<p>&nbsp;<\/p>\n","protected":false},"excerpt":{"rendered":"<p><a class=\"btn btn-secondary\" href=\"https:\/\/semmelweis.hu\/oktatasmodszertan\/files\/2023\/05\/PROGRAM_SE_EDUCONF__2023_final.pdf\">PROGRAM<\/a> \u00a0 <a class=\"btn btn-secondary\" href=\"https:\/\/semmelweis.hu\/oktatasmodszertan\/files\/2023\/03\/FLYER_SE_Educonf__2023.pdf\"> FLYER<\/a> \u00a0 <a class=\"btn btn-secondary\" href=\"https:\/\/kaltura.semmelweis.hu\/channel\/International%2BConference%2Bon%2BEducational%2BDevelopment\/300526102\">FELV\u00c9TELEK<\/a> \u00a0 A Semmelweis Egyetem Oktat\u00e1sfejleszt\u00e9si, -m\u00f3dszertani \u00e9s -szervez\u00e9si K\u00f6zpontja 2023. m\u00e1jus 4-5. k\u00f6z\u00f6tt Nemzetk\u00f6zi Oktat\u00e1sfejleszt\u00e9si Konferenci\u00e1t szervez az Elm\u00e9leti Orvostudom\u00e1nyi K\u00f6zpontban. A neves hazai \u00e9s nemzetk\u00f6zi el\u0151ad\u00f3kat felvonultat\u00f3 esem\u00e9ny a Semmelweis Egyetem nemzetk\u00f6zi orvosk\u00e9pz\u00e9s\u00e9nek 40. \u00e9vfordul\u00f3ja alkalm\u00e1b\u00f3l megval\u00f3sul\u00f3 jubileumi programsorozat egyik kiemelt rendezv\u00e9nye. A rendezv\u00e9nyre szeretettel v\u00e1rjuk az eg\u00e9szs\u00e9g\u00fcgyi oktat\u00e1sban r\u00e9szt vev\u0151 oktat\u00f3kat &hellip;<\/p>\n","protected":false},"author":101470,"featured_media":0,"parent":587,"menu_order":1,"comment_status":"closed","ping_status":"closed","template":"","meta":{"_acf_changed":false,"footnotes":""},"categories":[],"tags":[],"class_list":["post-3684","page","type-page","status-publish","hentry"],"acf":[],"_links":{"self":[{"href":"https:\/\/semmelweis.hu\/oktatasmodszertan\/wp-json\/wp\/v2\/pages\/3684","targetHints":{"allow":["GET"]}}],"collection":[{"href":"https:\/\/semmelweis.hu\/oktatasmodszertan\/wp-json\/wp\/v2\/pages"}],"about":[{"href":"https:\/\/semmelweis.hu\/oktatasmodszertan\/wp-json\/wp\/v2\/types\/page"}],"author":[{"embeddable":true,"href":"https:\/\/semmelweis.hu\/oktatasmodszertan\/wp-json\/wp\/v2\/users\/101470"}],"replies":[{"embeddable":true,"href":"https:\/\/semmelweis.hu\/oktatasmodszertan\/wp-json\/wp\/v2\/comments?post=3684"}],"version-history":[{"count":10,"href":"https:\/\/semmelweis.hu\/oktatasmodszertan\/wp-json\/wp\/v2\/pages\/3684\/revisions"}],"predecessor-version":[{"id":5084,"href":"https:\/\/semmelweis.hu\/oktatasmodszertan\/wp-json\/wp\/v2\/pages\/3684\/revisions\/5084"}],"up":[{"embeddable":true,"href":"https:\/\/semmelweis.hu\/oktatasmodszertan\/wp-json\/wp\/v2\/pages\/587"}],"wp:attachment":[{"href":"https:\/\/semmelweis.hu\/oktatasmodszertan\/wp-json\/wp\/v2\/media?parent=3684"}],"wp:term":[{"taxonomy":"category","embeddable":true,"href":"https:\/\/semmelweis.hu\/oktatasmodszertan\/wp-json\/wp\/v2\/categories?post=3684"},{"taxonomy":"post_tag","embeddable":true,"href":"https:\/\/semmelweis.hu\/oktatasmodszertan\/wp-json\/wp\/v2\/tags?post=3684"}],"curies":[{"name":"wp","href":"https:\/\/api.w.org\/{rel}","templated":true}]}}