{"id":3637,"date":"2022-06-28T14:51:54","date_gmt":"2022-06-28T12:51:54","guid":{"rendered":"https:\/\/semmelweis.hu\/oktatasmodszertan\/?page_id=3637"},"modified":"2025-12-17T10:02:01","modified_gmt":"2025-12-17T09:02:01","slug":"adatkezeles","status":"publish","type":"page","link":"https:\/\/semmelweis.hu\/oktatasmodszertan\/magunkrol\/adatkezeles\/","title":{"rendered":"Adatkezel\u00e9s"},"content":{"rendered":"<p><strong>Adatkezel\u00e9si t\u00e1j\u00e9koztat\u00f3k:<br \/>\n<\/strong><a href=\"https:\/\/semmelweis.hu\/oktatasmodszertan\/files\/2025\/11\/Adatvedelmi-tajekoztato_ofmszk_2025.pdf\" target=\"_blank\" rel=\"noopener\">Aktu\u00e1lis t\u00e1j\u00e9koztat\u00f3 <\/a>&#8211; <em>\u00e9rv\u00e9nyes: 2025. okt\u00f3ber 6. &#8211;<\/em><br \/>\n<a href=\"https:\/\/semmelweis.hu\/oktatasmodszertan\/files\/2022\/10\/adatkezelesi_tajekoztato_ofmszk.pdf\" target=\"_blank\" rel=\"noopener\">Kor\u00e1bbi t\u00e1j\u00e9koztat\u00f3<\/a> &#8211; <em>\u00e9rv\u00e9nyes: 2022. szeptember 20. &#8211; 2025. okt\u00f3ber 6.<\/em><\/p>\n<ul>\n<li>Az adatkezel\u0151 <strong>oktat\u00e1sm\u00f3dszertani tev\u00e9kenys\u00e9g\u00e9vel<\/strong> \u00f6sszef\u00fcgg\u0151 adatkezel\u00e9sekkel kapcsolatos inform\u00e1ci\u00f3k <a href=\"https:\/\/semmelweis.hu\/oktatasmodszertan\/files\/2025\/12\/1.-Adatkezelesi-nyilvantartas-ADL-1_ofmszk_oktatasmodszertan_2025.pdf\" target=\"_blank\" rel=\"noopener\">el\u00e9rhet\u0151s\u00e9ge<\/a><\/li>\n<li>Az adatkezel\u0151\u00a0<strong>e-learning rendszerekkel kapcsolatos<\/strong>\u00a0<strong>tev\u00e9kenys\u00e9g\u00e9vel<\/strong> \u00f6sszef\u00fcgg\u0151 adatkezel\u00e9sekkel kapcsolatos inform\u00e1ci\u00f3k <a href=\"https:\/\/semmelweis.hu\/oktatasmodszertan\/files\/2025\/08\/1.-Adatkezelesi-nyilvantartas-ADL-1_ofmszk-e-learning_2025.pdf\" target=\"_blank\" rel=\"noopener\">el\u00e9rhet\u0151s\u00e9ge<\/a><\/li>\n<li>Az adatkezel\u0151\u00a0<strong>munkav\u00e1llal\u00f3i adatkezel\u00e9si <\/strong><strong>tev\u00e9kenys\u00e9g\u00e9vel<\/strong> \u00f6sszef\u00fcgg\u0151 adatkezel\u00e9sekkel kapcsolatos inform\u00e1ci\u00f3k <a href=\"https:\/\/semmelweis.hu\/oktatasmodszertan\/files\/2025\/08\/1.-Adatkezelesi-nyilvantartas-ADL-1_ofmszk-munkaugy_2025.pdf\" target=\"_blank\" rel=\"noopener\">el\u00e9rhet\u0151s\u00e9ge<\/a><\/li>\n<\/ul>\n","protected":false},"excerpt":{"rendered":"<p>Adatkezel\u00e9si t\u00e1j\u00e9koztat\u00f3k:<br \/>\n<a href=\"https:\/\/semmelweis.hu\/oktatasmodszertan\/files\/2025\/11\/Adatvedelmi-tajekoztato_ofmszk_2025.pdf\" target=\"_blank\" rel=\"noopener\">Aktu\u00e1lis t\u00e1j\u00e9koztat\u00f3 <\/a>&#8211; \u00e9rv\u00e9nyes: 2025. okt\u00f3ber 6. &#8211;<br \/>\n<a href=\"https:\/\/semmelweis.hu\/oktatasmodszertan\/files\/2022\/10\/adatkezelesi_tajekoztato_ofmszk.pdf\" target=\"_blank\" rel=\"noopener\">Kor\u00e1bbi t\u00e1j\u00e9koztat\u00f3<\/a> &#8211; \u00e9rv\u00e9nyes: 2022. szeptember 20. &#8211; 2025. okt\u00f3ber 6.<\/p>\n<p>Az adatkezel\u0151 oktat\u00e1sm\u00f3dszertani tev\u00e9kenys\u00e9g\u00e9vel \u00f6sszef\u00fcgg\u0151 adatkezel\u00e9sekkel kapcsolatos inform\u00e1ci\u00f3k <a href=\"https:\/\/semmelweis.hu\/oktatasmodszertan\/files\/2025\/12\/1.-Adatkezelesi-nyilvantartas-ADL-1_ofmszk_oktatasmodszertan_2025.pdf\" target=\"_blank\" rel=\"noopener\">el\u00e9rhet\u0151s\u00e9ge<\/a><br \/>\nAz adatkezel\u0151\u00a0e-learning rendszerekkel kapcsolatos\u00a0tev\u00e9kenys\u00e9g\u00e9vel \u00f6sszef\u00fcgg\u0151 adatkezel\u00e9sekkel kapcsolatos inform\u00e1ci\u00f3k <a href=\"https:\/\/semmelweis.hu\/oktatasmodszertan\/files\/2025\/08\/1.-Adatkezelesi-nyilvantartas-ADL-1_ofmszk-e-learning_2025.pdf\" target=\"_blank\" rel=\"noopener\">el\u00e9rhet\u0151s\u00e9ge<\/a><br \/>\nAz adatkezel\u0151\u00a0munkav\u00e1llal\u00f3i adatkezel\u00e9si tev\u00e9kenys\u00e9g\u00e9vel \u00f6sszef\u00fcgg\u0151 adatkezel\u00e9sekkel kapcsolatos inform\u00e1ci\u00f3k <a href=\"https:\/\/semmelweis.hu\/oktatasmodszertan\/files\/2025\/08\/1.-Adatkezelesi-nyilvantartas-ADL-1_ofmszk-munkaugy_2025.pdf\" target=\"_blank\" rel=\"noopener\">el\u00e9rhet\u0151s\u00e9ge<\/a><\/p>\n","protected":false},"author":101470,"featured_media":0,"parent":507,"menu_order":5,"comment_status":"closed","ping_status":"closed","template":"","meta":{"_acf_changed":false,"footnotes":""},"categories":[],"tags":[],"class_list":["post-3637","page","type-page","status-publish","hentry"],"acf":[],"_links":{"self":[{"href":"https:\/\/semmelweis.hu\/oktatasmodszertan\/wp-json\/wp\/v2\/pages\/3637","targetHints":{"allow":["GET"]}}],"collection":[{"href":"https:\/\/semmelweis.hu\/oktatasmodszertan\/wp-json\/wp\/v2\/pages"}],"about":[{"href":"https:\/\/semmelweis.hu\/oktatasmodszertan\/wp-json\/wp\/v2\/types\/page"}],"author":[{"embeddable":true,"href":"https:\/\/semmelweis.hu\/oktatasmodszertan\/wp-json\/wp\/v2\/users\/101470"}],"replies":[{"embeddable":true,"href":"https:\/\/semmelweis.hu\/oktatasmodszertan\/wp-json\/wp\/v2\/comments?post=3637"}],"version-history":[{"count":10,"href":"https:\/\/semmelweis.hu\/oktatasmodszertan\/wp-json\/wp\/v2\/pages\/3637\/revisions"}],"predecessor-version":[{"id":6094,"href":"https:\/\/semmelweis.hu\/oktatasmodszertan\/wp-json\/wp\/v2\/pages\/3637\/revisions\/6094"}],"up":[{"embeddable":true,"href":"https:\/\/semmelweis.hu\/oktatasmodszertan\/wp-json\/wp\/v2\/pages\/507"}],"wp:attachment":[{"href":"https:\/\/semmelweis.hu\/oktatasmodszertan\/wp-json\/wp\/v2\/media?parent=3637"}],"wp:term":[{"taxonomy":"category","embeddable":true,"href":"https:\/\/semmelweis.hu\/oktatasmodszertan\/wp-json\/wp\/v2\/categories?post=3637"},{"taxonomy":"post_tag","embeddable":true,"href":"https:\/\/semmelweis.hu\/oktatasmodszertan\/wp-json\/wp\/v2\/tags?post=3637"}],"curies":[{"name":"wp","href":"https:\/\/api.w.org\/{rel}","templated":true}]}}