{"id":3472,"date":"2022-03-02T11:01:52","date_gmt":"2022-03-02T10:01:52","guid":{"rendered":"https:\/\/semmelweis.hu\/oktatasmodszertan\/?page_id=3472"},"modified":"2024-12-03T13:18:24","modified_gmt":"2024-12-03T12:18:24","slug":"kaltura-videotarhely","status":"publish","type":"page","link":"https:\/\/semmelweis.hu\/oktatasmodszertan\/e-learning\/kaltura-videotarhely\/","title":{"rendered":"Kaltura vide\u00f3t\u00e1rhely"},"content":{"rendered":"<p><strong><img loading=\"lazy\" decoding=\"async\" class=\"alignleft  wp-image-3473\" src=\"https:\/\/semmelweis.hu\/oktatasmodszertan\/files\/2022\/03\/kaltura.png\" alt=\"\" width=\"138\" height=\"138\" srcset=\"https:\/\/semmelweis.hu\/oktatasmodszertan\/files\/2022\/03\/kaltura.png 248w, https:\/\/semmelweis.hu\/oktatasmodszertan\/files\/2022\/03\/kaltura-150x150.png 150w\" sizes=\"auto, (max-width: 138px) 100vw, 138px\" \/>A <a href=\"https:\/\/semmelweis.hu\/oktatasmodszertan\/e-learning\/moodle-e-learning-rendszer\/\" target=\"_blank\" rel=\"noopener\">Moodle<\/a> e-learning rendszer \u00e9s a <a href=\"https:\/\/semmelweis.hu\/oktatasmodszertan\/e-learning\/zoom-utmutato\/\" target=\"_blank\" rel=\"noopener\">Zoom<\/a> videokonferencia-szoftver mellett oktat\u00e1stechnol\u00f3giai szolg\u00e1ltat\u00e1sunk harmadik eleme a <a href=\"https:\/\/kaltura.semmelweis.hu\/home\" target=\"_blank\" rel=\"noopener\">Kaltura,<\/a> mely egyszerre vide\u00f3t\u00e1rhely \u00e9s interakt\u00edv vide\u00f3k k\u00e9sz\u00edt\u00e9s\u00e9nek eszk\u00f6ze. A Kaltur\u00e1t b\u00e1rmely egyetemi oktat\u00f3 haszn\u00e1lhatja <a href=\"https:\/\/semmelweis.hu\/oktatasmodszertan\/e-learning\/a-seka-azonositorol\/\" target=\"_blank\" rel=\"noopener\">SeKA-hozz\u00e1f\u00e9r\u00e9ssel.<\/a><\/strong><\/p>\n<p>A Kaltura haszn\u00e1lat\u00e1r\u00f3l r\u00e9szletes \u00fatmutat\u00f3 \u00e1ll rendelkez\u00e9sre a\u00a0<strong><a href=\"https:\/\/itc.semmelweis.hu\/moodle\/course\/view.php?id=4671\" target=\"_blank\" rel=\"noopener\">Moodle-ben<\/a><\/strong> (SeKA-bejelentkez\u00e9s ut\u00e1n az &#8222;Iratkoztasson be&#8221; gombra sz\u00fcks\u00e9ges kattintani), valamint a <strong><a href=\"https:\/\/kaltura.semmelweis.hu\/playlist\/details\/1_rr8xvwns\/categoryId\/292714362\" target=\"_blank\" rel=\"noopener\">Kaltura-csatorn\u00e1nkon.<\/a><\/strong><\/p>\n<p>A <strong><a href=\"https:\/\/semmelweis.hu\/oktatasmodszertan\/oktatasi-segedanyagok\/oktatastamogatas-esemenyek\/alapkepzesek\/bevezetes-az-egyetemi-oktatasba\/\" target=\"_blank\" rel=\"noopener\">Bevezet\u00e9s az egyetemi oktat\u00e1sba <\/a><\/strong>konzult\u00e1ci\u00f3sorozaton bel\u00fcl a Moodle \u00e9s a Zoom mellett a Kaltura haszn\u00e1lat\u00e1t is elsaj\u00e1t\u00edthatj\u00e1k az \u00e9rdekl\u0151d\u0151 munkat\u00e1rsak.<\/p>\n<div class=\"keretes w-100\">\n<p>A Kaltur\u00e1val az\u00e9rt is \u00e9rdemes megismerkedni, mert a Zoom-t\u00e1rhely tehermentes\u00edt\u00e9se \u00e9rdek\u00e9ben az elk\u00e9sz\u00fclt vide\u00f3kat (el\u0151ad\u00e1sok, gyakorlatok, oktat\u00f3vide\u00f3k) a Kaltur\u00e1ba minden esetben sz\u00fcks\u00e9ges <a href=\"https:\/\/kaltura.semmelweis.hu\/media\/Zoom-felh%C5%91ben+lev%C5%91+felv%C3%A9tel+%C3%A1tvitele+a+Kaltur%C3%A1ba\/1_oftp1vfg\/206952913\" target=\"_blank\" rel=\"noopener\">felt\u00f6lteni.\u00a0<\/a>A Kaltur\u00e1ba fel nem t\u00f6lt\u00f6tt vide\u00f3k a Zoom t\u00e1rhely\u00e9r\u0151l 60 nap eltelt\u00e9vel automatikusan t\u00f6rl\u00e9sre ker\u00fclnek.<\/p>\n<\/div>\n<p>A Kaltura <a href=\"https:\/\/kaltura.semmelweis.hu\/channel\/Oktat%25C3%25A1sfejleszt%25C3%25A9si%2Bk%25C3%25B6zpont%2B-%2BOFMSZK\/292714362\" target=\"_blank\" rel=\"noopener\">honlapj\u00e1n<\/a> sz\u00e1mos oktat\u00f3vide\u00f3t tett\u00fcnk k\u00f6zz\u00e9 tov\u00e1bb\u00e1 a <a href=\"https:\/\/semmelweis.hu\/oktatasmodszertan\/oktatasertekeles\/feedback\/\" target=\"_blank\" rel=\"noopener\">QR-k\u00f3dos feedback rendszer,<\/a> valamint a Moodle \u00e9s a Zoom m\u0171k\u00f6d\u00e9s\u00e9r\u0151l.<\/p>\n<div class=\"keretes w-100\">\n<p>K\u00e9rd\u00e9s eset\u00e9n k\u00e9rj\u00fck, forduljon <a href=\"https:\/\/semmelweis.hu\/oktatasmodszertan\/ugyfelszolgalat\/\" target=\"_blank\" rel=\"noopener\">\u00fcgyf\u00e9lszolg\u00e1latunkhoz.<\/a><\/p>\n<\/div>\n<p>&nbsp;<\/p>\n","protected":false},"excerpt":{"rendered":"<p>A <a href=\"https:\/\/semmelweis.hu\/oktatasmodszertan\/e-learning\/moodle-e-learning-rendszer\/\" target=\"_blank\" rel=\"noopener\">Moodle<\/a> e-learning rendszer \u00e9s a <a href=\"https:\/\/semmelweis.hu\/oktatasmodszertan\/e-learning\/zoom-utmutato\/\" target=\"_blank\" rel=\"noopener\">Zoom<\/a> videokonferencia-szoftver mellett oktat\u00e1stechnol\u00f3giai szolg\u00e1ltat\u00e1sunk harmadik eleme a <a href=\"https:\/\/kaltura.semmelweis.hu\/home\" target=\"_blank\" rel=\"noopener\">Kaltura,<\/a> mely egyszerre vide\u00f3t\u00e1rhely \u00e9s interakt\u00edv vide\u00f3k k\u00e9sz\u00edt\u00e9s\u00e9nek eszk\u00f6ze. A Kaltur\u00e1t b\u00e1rmely egyetemi oktat\u00f3 haszn\u00e1lhatja <a href=\"https:\/\/semmelweis.hu\/oktatasmodszertan\/e-learning\/a-seka-azonositorol\/\" target=\"_blank\" rel=\"noopener\">SeKA-hozz\u00e1f\u00e9r\u00e9ssel.<\/a> A Kaltura haszn\u00e1lat\u00e1r\u00f3l r\u00e9szletes \u00fatmutat\u00f3 \u00e1ll rendelkez\u00e9sre a\u00a0 <a href=\"https:\/\/itc.semmelweis.hu\/moodle\/course\/view.php?id=4671\" target=\"_blank\" rel=\"noopener\">Moodle-ben<\/a> (SeKA-bejelentkez\u00e9s ut\u00e1n az &#8222;Iratkoztasson be&#8221; gombra sz\u00fcks\u00e9ges kattintani), valamint a <a href=\"https:\/\/kaltura.semmelweis.hu\/playlist\/details\/1_rr8xvwns\/categoryId\/292714362\" target=\"_blank\" rel=\"noopener\">Kaltura-csatorn\u00e1nkon.<\/a> A <a href=\"https:\/\/semmelweis.hu\/oktatasmodszertan\/oktatasi-segedanyagok\/oktatastamogatas-esemenyek\/alapkepzesek\/bevezetes-az-egyetemi-oktatasba\/\" target=\"_blank\" rel=\"noopener\">Bevezet\u00e9s az egyetemi oktat\u00e1sba <\/a> konzult\u00e1ci\u00f3sorozaton bel\u00fcl a Moodle \u00e9s a Zoom mellett a Kaltura &hellip;<\/p>\n","protected":false},"author":101470,"featured_media":0,"parent":1515,"menu_order":6,"comment_status":"closed","ping_status":"closed","template":"","meta":{"_acf_changed":false,"footnotes":""},"categories":[],"tags":[],"class_list":["post-3472","page","type-page","status-publish","hentry"],"acf":[],"_links":{"self":[{"href":"https:\/\/semmelweis.hu\/oktatasmodszertan\/wp-json\/wp\/v2\/pages\/3472","targetHints":{"allow":["GET"]}}],"collection":[{"href":"https:\/\/semmelweis.hu\/oktatasmodszertan\/wp-json\/wp\/v2\/pages"}],"about":[{"href":"https:\/\/semmelweis.hu\/oktatasmodszertan\/wp-json\/wp\/v2\/types\/page"}],"author":[{"embeddable":true,"href":"https:\/\/semmelweis.hu\/oktatasmodszertan\/wp-json\/wp\/v2\/users\/101470"}],"replies":[{"embeddable":true,"href":"https:\/\/semmelweis.hu\/oktatasmodszertan\/wp-json\/wp\/v2\/comments?post=3472"}],"version-history":[{"count":7,"href":"https:\/\/semmelweis.hu\/oktatasmodszertan\/wp-json\/wp\/v2\/pages\/3472\/revisions"}],"predecessor-version":[{"id":5376,"href":"https:\/\/semmelweis.hu\/oktatasmodszertan\/wp-json\/wp\/v2\/pages\/3472\/revisions\/5376"}],"up":[{"embeddable":true,"href":"https:\/\/semmelweis.hu\/oktatasmodszertan\/wp-json\/wp\/v2\/pages\/1515"}],"wp:attachment":[{"href":"https:\/\/semmelweis.hu\/oktatasmodszertan\/wp-json\/wp\/v2\/media?parent=3472"}],"wp:term":[{"taxonomy":"category","embeddable":true,"href":"https:\/\/semmelweis.hu\/oktatasmodszertan\/wp-json\/wp\/v2\/categories?post=3472"},{"taxonomy":"post_tag","embeddable":true,"href":"https:\/\/semmelweis.hu\/oktatasmodszertan\/wp-json\/wp\/v2\/tags?post=3472"}],"curies":[{"name":"wp","href":"https:\/\/api.w.org\/{rel}","templated":true}]}}