{"id":3431,"date":"2022-01-25T15:24:54","date_gmt":"2022-01-25T14:24:54","guid":{"rendered":"https:\/\/semmelweis.hu\/oktatasmodszertan\/?page_id=3431"},"modified":"2024-12-14T14:05:18","modified_gmt":"2024-12-14T13:05:18","slug":"korabbi-hirlevelek","status":"publish","type":"page","link":"https:\/\/semmelweis.hu\/oktatasmodszertan\/hirlevel\/korabbi-hirlevelek\/","title":{"rendered":"Kor\u00e1bbi h\u00edrlevelek"},"content":{"rendered":"<div class=\"responsive-tabs\">\n<h2 class=\"tabtitle\">2024<\/h2>\n<div class=\"tabcontent\">\n\n<p><strong><a href=\"https:\/\/semmelweis.hu\/oktatasmodszertan\/files\/2024\/12\/Oktatasi-hirlevel-2024_3.pdf\" target=\"_blank\" rel=\"noopener\"><span style=\"font-size: 18pt\">2024\/3. sz\u00e1m (december)<\/span><\/a><\/strong><\/p>\n<p><a href=\"https:\/\/semmelweis.hu\/oktatasmodszertan\/files\/2024\/12\/Oktatasi-hirlevel-2024_3.pdf\" target=\"_blank\" rel=\"noopener\"><img loading=\"lazy\" decoding=\"async\" class=\"alignleft  wp-image-5447\" src=\"https:\/\/semmelweis.hu\/oktatasmodszertan\/files\/2024\/12\/1.png\" alt=\"\" width=\"249\" height=\"352\" srcset=\"https:\/\/semmelweis.hu\/oktatasmodszertan\/files\/2024\/12\/1.png 1414w, https:\/\/semmelweis.hu\/oktatasmodszertan\/files\/2024\/12\/1-283x400.png 283w, https:\/\/semmelweis.hu\/oktatasmodszertan\/files\/2024\/12\/1-724x1024.png 724w, https:\/\/semmelweis.hu\/oktatasmodszertan\/files\/2024\/12\/1-768x1086.png 768w, https:\/\/semmelweis.hu\/oktatasmodszertan\/files\/2024\/12\/1-1086x1536.png 1086w, https:\/\/semmelweis.hu\/oktatasmodszertan\/files\/2024\/12\/1-753x1065.png 753w\" sizes=\"auto, (max-width: 249px) 100vw, 249px\" \/><\/a><\/p>\n<p>&nbsp;<\/p>\n<p>&nbsp;<\/p>\n<p>&nbsp;<\/p>\n<p>&nbsp;<\/p>\n<p>&nbsp;<\/p>\n<p>&nbsp;<\/p>\n<p>&nbsp;<\/p>\n<p>&nbsp;<\/p>\n<p><a href=\"https:\/\/semmelweis.hu\/oktatasmodszertan\/files\/2024\/10\/Oktatasi-hirlevel-2024_2.pdf\" target=\"_blank\" rel=\"noopener\"><strong><span style=\"font-size: 18pt\">2024\/2. sz\u00e1m (okt\u00f3ber)<\/span><\/strong><\/a><\/p>\n<p><a href=\"https:\/\/semmelweis.hu\/oktatasmodszertan\/files\/2024\/10\/Oktatasi-hirlevel-2024_2.pdf\" target=\"_blank\" rel=\"noopener\"><img loading=\"lazy\" decoding=\"async\" class=\"alignleft  wp-image-5250\" src=\"https:\/\/semmelweis.hu\/oktatasmodszertan\/files\/2024\/10\/1.png\" alt=\"\" width=\"254\" height=\"359\" srcset=\"https:\/\/semmelweis.hu\/oktatasmodszertan\/files\/2024\/10\/1.png 1414w, https:\/\/semmelweis.hu\/oktatasmodszertan\/files\/2024\/10\/1-283x400.png 283w, https:\/\/semmelweis.hu\/oktatasmodszertan\/files\/2024\/10\/1-724x1024.png 724w, https:\/\/semmelweis.hu\/oktatasmodszertan\/files\/2024\/10\/1-768x1086.png 768w, https:\/\/semmelweis.hu\/oktatasmodszertan\/files\/2024\/10\/1-1086x1536.png 1086w, https:\/\/semmelweis.hu\/oktatasmodszertan\/files\/2024\/10\/1-753x1065.png 753w\" sizes=\"auto, (max-width: 254px) 100vw, 254px\" \/><\/a><\/p>\n<p>&nbsp;<\/p>\n<p>&nbsp;<\/p>\n<p>&nbsp;<\/p>\n<p>&nbsp;<\/p>\n<p>&nbsp;<\/p>\n<p>&nbsp;<\/p>\n<p>&nbsp;<\/p>\n<p>&nbsp;<\/p>\n<p><a href=\"https:\/\/semmelweis.hu\/oktatasmodszertan\/files\/2024\/04\/Oktatasi-hirlevel-2024_1.pdf\" target=\"_blank\" rel=\"noopener\"><strong><span style=\"font-size: 18pt\">2024\/1. sz\u00e1m (\u00e1prilis)<\/span><\/strong><\/a><\/p>\n<p><a href=\"https:\/\/semmelweis.hu\/oktatasmodszertan\/files\/2024\/04\/Oktatasi-hirlevel-2024_1.pdf\" target=\"_blank\" rel=\"noopener\"><img loading=\"lazy\" decoding=\"async\" class=\"alignleft  wp-image-4941\" src=\"https:\/\/semmelweis.hu\/oktatasmodszertan\/files\/2024\/04\/Oktatasi_hirlevel_2024_1.png\" alt=\"\" width=\"251\" height=\"356\" srcset=\"https:\/\/semmelweis.hu\/oktatasmodszertan\/files\/2024\/04\/Oktatasi_hirlevel_2024_1.png 358w, https:\/\/semmelweis.hu\/oktatasmodszertan\/files\/2024\/04\/Oktatasi_hirlevel_2024_1-282x400.png 282w\" sizes=\"auto, (max-width: 251px) 100vw, 251px\" \/><\/a><\/p>\n\n<\/div><h2 class=\"tabtitle\">2023<\/h2>\n<div class=\"tabcontent\">\n\n<p><a href=\"https:\/\/semmelweis.hu\/oktatasmodszertan\/files\/2023\/12\/Oktatasi-hirlevel-2023_3.pdf\" target=\"_blank\" rel=\"noopener\"><strong><span style=\"font-size: 18pt\">2023\/3. sz\u00e1m (december)<\/span><\/strong><\/a><\/p>\n<p><a href=\"https:\/\/semmelweis.hu\/oktatasmodszertan\/files\/2023\/12\/Oktatasi-hirlevel-2023_3.pdf\" target=\"_blank\" rel=\"noopener\"><img loading=\"lazy\" decoding=\"async\" class=\"alignleft  wp-image-4700\" src=\"https:\/\/semmelweis.hu\/oktatasmodszertan\/files\/2023\/12\/2023_3.png\" alt=\"\" width=\"248\" height=\"350\" srcset=\"https:\/\/semmelweis.hu\/oktatasmodszertan\/files\/2023\/12\/2023_3.png 353w, https:\/\/semmelweis.hu\/oktatasmodszertan\/files\/2023\/12\/2023_3-283x400.png 283w\" sizes=\"auto, (max-width: 248px) 100vw, 248px\" \/><\/a><\/p>\n<p>&nbsp;<\/p>\n<p>&nbsp;<\/p>\n<p>&nbsp;<\/p>\n<p>&nbsp;<\/p>\n<p>&nbsp;<\/p>\n<p>&nbsp;<\/p>\n<p>&nbsp;<\/p>\n<p>&nbsp;<\/p>\n<p><a href=\"https:\/\/semmelweis.hu\/oktatasmodszertan\/files\/2023\/09\/Oktatasi-hirlevel-2023_2.pdf\" target=\"_blank\" rel=\"noopener\"><strong><span style=\"font-size: 18pt\">2023\/2. sz\u00e1m (szeptember)<\/span><\/strong><\/a><\/p>\n<p><a href=\"https:\/\/semmelweis.hu\/oktatasmodszertan\/files\/2023\/09\/Oktatasi-hirlevel-2023_2.pdf\" target=\"_blank\" rel=\"noopener\"><img loading=\"lazy\" decoding=\"async\" class=\"alignleft  wp-image-4481\" src=\"https:\/\/semmelweis.hu\/oktatasmodszertan\/files\/2023\/09\/oktatasi_hirlevel_2023_2_szeptember.png\" alt=\"\" width=\"251\" height=\"357\" srcset=\"https:\/\/semmelweis.hu\/oktatasmodszertan\/files\/2023\/09\/oktatasi_hirlevel_2023_2_szeptember.png 364w, https:\/\/semmelweis.hu\/oktatasmodszertan\/files\/2023\/09\/oktatasi_hirlevel_2023_2_szeptember-282x400.png 282w\" sizes=\"auto, (max-width: 251px) 100vw, 251px\" \/><\/a><\/p>\n<p>&nbsp;<\/p>\n<p>&nbsp;<\/p>\n<p>&nbsp;<\/p>\n<p>&nbsp;<\/p>\n<p>&nbsp;<\/p>\n<p>&nbsp;<\/p>\n<p>&nbsp;<\/p>\n<p>&nbsp;<\/p>\n<p>\n<a href=\"https:\/\/semmelweis.hu\/oktatasmodszertan\/files\/2023\/03\/Oktatasi-hirlevel-2023_1.pdf\" target=\"_blank\" rel=\"noopener\"><strong><span style=\"font-size: 18pt\">2023\/1. sz\u00e1m (m\u00e1rcius)<\/span><\/strong><\/a><\/p>\n<p><a href=\"https:\/\/semmelweis.hu\/oktatasmodszertan\/files\/2023\/03\/Oktatasi-hirlevel-2023_1.pdf\" target=\"_blank\" rel=\"noopener\"><img loading=\"lazy\" decoding=\"async\" class=\"wp-image-4164 alignleft\" src=\"https:\/\/semmelweis.hu\/oktatasmodszertan\/files\/2023\/03\/Oktatasi_hirlevel_2023_1.png\" alt=\"\" width=\"254\" height=\"358\" srcset=\"https:\/\/semmelweis.hu\/oktatasmodszertan\/files\/2023\/03\/Oktatasi_hirlevel_2023_1.png 402w, https:\/\/semmelweis.hu\/oktatasmodszertan\/files\/2023\/03\/Oktatasi_hirlevel_2023_1-284x400.png 284w\" sizes=\"auto, (max-width: 254px) 100vw, 254px\" \/><\/a><\/p>\n\n<\/div><h2 class=\"tabtitle\">2022<\/h2>\n<div class=\"tabcontent\">\n\n<p><a href=\"https:\/\/semmelweis.hu\/oktatasmodszertan\/files\/2022\/12\/Oktatasi-hirlevel-2022_3.pdf\" target=\"_blank\" rel=\"noopener\"><strong><span style=\"font-size: 18pt\">2022\/3. sz\u00e1m (december)<\/span><\/strong><\/a><\/p>\n<p><a href=\"https:\/\/semmelweis.hu\/oktatasmodszertan\/files\/2022\/12\/Oktatasi-hirlevel-2022_3.pdf\" target=\"_blank\" rel=\"noopener\"><img loading=\"lazy\" decoding=\"async\" class=\"alignleft  wp-image-3951\" src=\"https:\/\/semmelweis.hu\/oktatasmodszertan\/files\/2022\/12\/Oktatasi_hirlevel_2022_3.png\" alt=\"\" width=\"255\" height=\"363\" srcset=\"https:\/\/semmelweis.hu\/oktatasmodszertan\/files\/2022\/12\/Oktatasi_hirlevel_2022_3.png 357w, https:\/\/semmelweis.hu\/oktatasmodszertan\/files\/2022\/12\/Oktatasi_hirlevel_2022_3-281x400.png 281w\" sizes=\"auto, (max-width: 255px) 100vw, 255px\" \/><\/a><\/p>\n<p>&nbsp;<\/p>\n<p>&nbsp;<\/p>\n<p>&nbsp;<\/p>\n<p>&nbsp;<\/p>\n<p>&nbsp;<\/p>\n<p>&nbsp;<\/p>\n<p>&nbsp;<\/p>\n<p>&nbsp;<\/p>\n<p><a href=\"https:\/\/semmelweis.hu\/oktatasmodszertan\/files\/2022\/09\/Oktatasi-hirlevel_2022_2.pdf\" target=\"_blank\" rel=\"noopener\"><strong><span style=\"font-size: 18pt\">2022\/2. sz\u00e1m (szeptember)<\/span><\/strong><\/a><\/p>\n<p><a href=\"https:\/\/semmelweis.hu\/oktatasmodszertan\/files\/2022\/09\/Oktatasi-hirlevel_2022_2.pdf\" target=\"_blank\" rel=\"noopener\"><img loading=\"lazy\" decoding=\"async\" class=\"alignleft  wp-image-3756\" src=\"https:\/\/semmelweis.hu\/oktatasmodszertan\/files\/2022\/09\/Oktatasi_hirlevel_2022_2.png\" alt=\"\" width=\"256\" height=\"365\" srcset=\"https:\/\/semmelweis.hu\/oktatasmodszertan\/files\/2022\/09\/Oktatasi_hirlevel_2022_2.png 369w, https:\/\/semmelweis.hu\/oktatasmodszertan\/files\/2022\/09\/Oktatasi_hirlevel_2022_2-281x400.png 281w\" sizes=\"auto, (max-width: 256px) 100vw, 256px\" \/><\/a><\/p>\n<p>&nbsp;<\/p>\n<p>&nbsp;<\/p>\n<p>&nbsp;<\/p>\n<p>&nbsp;<\/p>\n<p>&nbsp;<\/p>\n<p>&nbsp;<\/p>\n<p>&nbsp;<\/p>\n<p>&nbsp;<\/p>\n<p><strong><span style=\"font-size: 18pt\"><a href=\"https:\/\/semmelweis.hu\/oktatasmodszertan\/files\/2022\/04\/Oktatasi-hirlevel-2022_1.pdf\" target=\"_blank\" rel=\"noopener\">2022\/1. sz\u00e1m (\u00e1prilis)<\/a><\/span><\/strong><\/p>\n<p><strong><span style=\"font-size: 18pt\"><a href=\"https:\/\/semmelweis.hu\/oktatasmodszertan\/files\/2022\/04\/Oktatasi-hirlevel-2022_1.pdf\" target=\"_blank\" rel=\"noopener\"><img loading=\"lazy\" decoding=\"async\" class=\"alignleft  wp-image-3552\" src=\"https:\/\/semmelweis.hu\/oktatasmodszertan\/files\/2022\/04\/Oktatasi_hirlevel_cimlap_2022_1.png\" alt=\"\" width=\"257\" height=\"364\" srcset=\"https:\/\/semmelweis.hu\/oktatasmodszertan\/files\/2022\/04\/Oktatasi_hirlevel_cimlap_2022_1.png 380w, https:\/\/semmelweis.hu\/oktatasmodszertan\/files\/2022\/04\/Oktatasi_hirlevel_cimlap_2022_1-283x400.png 283w\" sizes=\"auto, (max-width: 257px) 100vw, 257px\" \/><\/a><\/span><\/strong><\/p>\n<p>&nbsp;<\/p>\n<p>&nbsp;<\/p>\n<p>&nbsp;<\/p>\n<p>&nbsp;<\/p>\n<p>&nbsp;<\/p>\n<p>&nbsp;<\/p>\n<p>&nbsp;<\/p>\n<p>&nbsp;<\/p>\n\n<\/div><h2 class=\"tabtitle\">2021<\/h2>\n<div class=\"tabcontent\">\n\n<p><span style=\"font-size: 18pt\"><strong><a href=\"https:\/\/semmelweis.hu\/oktatasmodszertan\/files\/2021\/09\/Oktat\u00e1si-h\u00edrlev\u00e9l-2021_2..pdf\" target=\"_blank\" rel=\"noopener noreferrer\">2021\/3. sz\u00e1m (december)<\/a><\/strong><\/span><\/p>\n<p><a href=\"https:\/\/semmelweis.hu\/oktatasmodszertan\/files\/2021\/12\/Oktatasi-hirlevel-2021_3.pdf\" target=\"_blank\" rel=\"noopener\"><img loading=\"lazy\" decoding=\"async\" class=\"alignleft  wp-image-3326\" src=\"https:\/\/semmelweis.hu\/oktatasmodszertan\/files\/2021\/12\/Oktatasi-hirlevel-2021_3-cimlap.png\" alt=\"\" width=\"258\" height=\"366\" srcset=\"https:\/\/semmelweis.hu\/oktatasmodszertan\/files\/2021\/12\/Oktatasi-hirlevel-2021_3-cimlap.png 388w, https:\/\/semmelweis.hu\/oktatasmodszertan\/files\/2021\/12\/Oktatasi-hirlevel-2021_3-cimlap-282x400.png 282w\" sizes=\"auto, (max-width: 258px) 100vw, 258px\" \/><\/a><\/p>\n<p>&nbsp;<\/p>\n<p>&nbsp;<\/p>\n<p>&nbsp;<\/p>\n<p>&nbsp;<\/p>\n<p>&nbsp;<\/p>\n<p>&nbsp;<\/p>\n<p>&nbsp;<\/p>\n<p>&nbsp;<\/p>\n<p><span style=\"font-size: 18pt\"><strong><a href=\"https:\/\/semmelweis.hu\/oktatasmodszertan\/files\/2021\/09\/Oktat\u00e1si-h\u00edrlev\u00e9l-2021_2..pdf\" target=\"_blank\" rel=\"noopener noreferrer\">2021\/2. sz\u00e1m (szeptember)<\/a><\/strong><\/span><\/p>\n<p><a href=\"https:\/\/semmelweis.hu\/oktatasmodszertan\/files\/2021\/09\/Oktat\u00e1si-h\u00edrlev\u00e9l-2021_2..pdf\" target=\"_blank\" rel=\"noopener noreferrer\"><img loading=\"lazy\" decoding=\"async\" class=\"alignleft  wp-image-3065\" src=\"https:\/\/semmelweis.hu\/oktatasmodszertan\/files\/2021\/09\/2021_2_hirlevel_cimlap.png\" alt=\"\" width=\"255\" height=\"362\" srcset=\"https:\/\/semmelweis.hu\/oktatasmodszertan\/files\/2021\/09\/2021_2_hirlevel_cimlap.png 380w, https:\/\/semmelweis.hu\/oktatasmodszertan\/files\/2021\/09\/2021_2_hirlevel_cimlap-282x400.png 282w\" sizes=\"auto, (max-width: 255px) 100vw, 255px\" \/><\/a><\/p>\n<p>&nbsp;<\/p>\n<p>&nbsp;<\/p>\n<p>&nbsp;<\/p>\n<p>&nbsp;<\/p>\n<p>&nbsp;<\/p>\n<p>&nbsp;<\/p>\n<p>&nbsp;<\/p>\n<p>&nbsp;<\/p>\n<p><a href=\"https:\/\/semmelweis.hu\/oktatasmodszertan\/files\/2021\/03\/Oktat\u00e1si-h\u00edrlev\u00e9l-2021_1..pdf\" target=\"_blank\" rel=\"noopener noreferrer\"><strong><span style=\"font-size: 18pt\">2021\/1. sz\u00e1m (m\u00e1rcius)<\/span><\/strong><\/a><\/p>\n<p><a href=\"https:\/\/semmelweis.hu\/oktatasmodszertan\/files\/2021\/03\/Oktat\u00e1si-h\u00edrlev\u00e9l-2021_1..pdf\" target=\"_blank\" rel=\"noopener noreferrer\"><img loading=\"lazy\" decoding=\"async\" class=\"alignleft  wp-image-2759\" src=\"https:\/\/semmelweis.hu\/oktatasmodszertan\/files\/2021\/03\/Oktat\u00e1si-h\u00edrlev\u00e9l-2021_1_cimlap.png\" alt=\"\" width=\"247\" height=\"350\" srcset=\"https:\/\/semmelweis.hu\/oktatasmodszertan\/files\/2021\/03\/Oktat\u00e1si-h\u00edrlev\u00e9l-2021_1_cimlap.png 357w, https:\/\/semmelweis.hu\/oktatasmodszertan\/files\/2021\/03\/Oktat\u00e1si-h\u00edrlev\u00e9l-2021_1_cimlap-283x400.png 283w\" sizes=\"auto, (max-width: 247px) 100vw, 247px\" \/><\/a><\/p>\n<p>&nbsp;<\/p>\n<p>&nbsp;<\/p>\n<p>&nbsp;<\/p>\n<p>&nbsp;<\/p>\n<p>&nbsp;<\/p>\n<p>&nbsp;<\/p>\n<p>&nbsp;<\/p>\n<p>&nbsp;<\/p>\n\n<\/div><h2 class=\"tabtitle\">2020<\/h2>\n<div class=\"tabcontent\">\n\n<p><a href=\"https:\/\/semmelweis.hu\/oktatasmodszertan\/files\/2020\/12\/Oktat\u00e1si-h\u00edrlev\u00e9l-2020_2..pdf\" target=\"_blank\" rel=\"noopener noreferrer\"><strong><span style=\"font-size: 18pt\">2020\/2. sz\u00e1m (december)<\/span><\/strong><\/a><\/p>\n<p><a href=\"https:\/\/semmelweis.hu\/oktatasmodszertan\/files\/2020\/12\/Oktat\u00e1si-h\u00edrlev\u00e9l-2020_2..pdf\"><img loading=\"lazy\" decoding=\"async\" class=\"alignleft  wp-image-2408\" src=\"https:\/\/semmelweis.hu\/oktatasmodszertan\/files\/2020\/12\/Oktat\u00e1si-h\u00edrlev\u00e9l_2020_2_cimlap.png\" alt=\"\" width=\"243\" height=\"345\" srcset=\"https:\/\/semmelweis.hu\/oktatasmodszertan\/files\/2020\/12\/Oktat\u00e1si-h\u00edrlev\u00e9l_2020_2_cimlap.png 357w, https:\/\/semmelweis.hu\/oktatasmodszertan\/files\/2020\/12\/Oktat\u00e1si-h\u00edrlev\u00e9l_2020_2_cimlap-282x400.png 282w\" sizes=\"auto, (max-width: 243px) 100vw, 243px\" \/><\/a><\/p>\n<p>&nbsp;<\/p>\n<p>&nbsp;<\/p>\n<p>&nbsp;<\/p>\n<p>&nbsp;<\/p>\n<p>&nbsp;<\/p>\n<p>&nbsp;<\/p>\n<p>&nbsp;<\/p>\n<p>&nbsp;<\/p>\n<p><a href=\"https:\/\/semmelweis.hu\/oktatasmodszertan\/files\/2020\/07\/Oktat\u00e1si-h\u00edrlev\u00e9l-2020_1..pdf\"><span style=\"font-size: 18pt\"><strong>2020\/1. sz\u00e1m (j\u00falius)<\/strong><\/span><\/a><\/p>\n<p><a href=\"https:\/\/semmelweis.hu\/oktatasmodszertan\/files\/2020\/07\/Oktat\u00e1si-h\u00edrlev\u00e9l-2020_1..pdf\"><strong style=\"font-size: 24px\"><img loading=\"lazy\" decoding=\"async\" class=\"alignleft  wp-image-2103\" src=\"https:\/\/semmelweis.hu\/oktatasmodszertan\/files\/2020\/07\/oktatasi_hirlevel_2020_1.png\" alt=\"\" width=\"251\" height=\"355\" srcset=\"https:\/\/semmelweis.hu\/oktatasmodszertan\/files\/2020\/07\/oktatasi_hirlevel_2020_1.png 401w, https:\/\/semmelweis.hu\/oktatasmodszertan\/files\/2020\/07\/oktatasi_hirlevel_2020_1-282x400.png 282w\" sizes=\"auto, (max-width: 251px) 100vw, 251px\" \/><\/strong><\/a><\/p>\n<p>&nbsp;<\/p>\n<p>&nbsp;<\/p>\n<p>&nbsp;<\/p>\n<p>&nbsp;<\/p>\n<p>&nbsp;<\/p>\n<p>&nbsp;<\/p>\n<p>&nbsp;<\/p>\n<p>&nbsp;<\/p>\n\n<\/div><h2 class=\"tabtitle\">2019<\/h2>\n<div class=\"tabcontent\">\n\n<p><a href=\"https:\/\/semmelweis.hu\/oktatasmodszertan\/files\/2019\/12\/oktatasi_hirlevel_2019_4.pdf\"><span style=\"font-size: 18pt\"><strong>2019\/4. sz\u00e1m (december)<\/strong><\/span><\/a><\/p>\n<p><a href=\"https:\/\/semmelweis.hu\/oktatasmodszertan\/files\/2019\/12\/oktatasi_hirlevel_2019_4.pdf\"><img loading=\"lazy\" decoding=\"async\" class=\"alignleft  wp-image-1340\" src=\"https:\/\/semmelweis.hu\/oktatasmodszertan\/files\/2019\/12\/december_kep.png\" alt=\"\" width=\"249\" height=\"354\" srcset=\"https:\/\/semmelweis.hu\/oktatasmodszertan\/files\/2019\/12\/december_kep.png 416w, https:\/\/semmelweis.hu\/oktatasmodszertan\/files\/2019\/12\/december_kep-282x400.png 282w\" sizes=\"auto, (max-width: 249px) 100vw, 249px\" \/><\/a><\/p>\n<p>&nbsp;<\/p>\n<p>&nbsp;<\/p>\n<p>&nbsp;<\/p>\n<p>&nbsp;<\/p>\n<p>&nbsp;<\/p>\n<p>&nbsp;<\/p>\n<p>&nbsp;<\/p>\n<p>&nbsp;<\/p>\n<p><a href=\"https:\/\/semmelweis.hu\/oktatasmodszertan\/files\/2019\/10\/oktatasi_hirlevel_2019_3.pdf\"><span style=\"font-size: 18pt\"><strong>2019\/3. sz\u00e1m (szeptember)<\/strong><\/span><\/a><\/p>\n<p><a href=\"https:\/\/semmelweis.hu\/oktatasmodszertan\/files\/2019\/10\/oktatasi_hirlevel_2019_3.pdf\"><img loading=\"lazy\" decoding=\"async\" class=\"alignleft  wp-image-1246\" src=\"https:\/\/semmelweis.hu\/oktatasmodszertan\/files\/2019\/10\/hirlevel_szeptember-281x400.png\" alt=\"\" width=\"246\" height=\"350\" srcset=\"https:\/\/semmelweis.hu\/oktatasmodszertan\/files\/2019\/10\/hirlevel_szeptember-281x400.png 281w, https:\/\/semmelweis.hu\/oktatasmodszertan\/files\/2019\/10\/hirlevel_szeptember.png 451w\" sizes=\"auto, (max-width: 246px) 100vw, 246px\" \/><\/a><\/p>\n<p>&nbsp;<\/p>\n<p>&nbsp;<\/p>\n<p>&nbsp;<\/p>\n<p>&nbsp;<\/p>\n<p>&nbsp;<\/p>\n<p>&nbsp;<\/p>\n<p>&nbsp;<\/p>\n<p>&nbsp;<\/p>\n<p><a href=\"https:\/\/semmelweis.hu\/oktatasmodszertan\/files\/2019\/05\/OMC-h\u00edrlev\u00e9l-2019_2..pdf\"><span style=\"font-size: 18pt\"><strong>2019\/2. sz\u00e1m (m\u00e1jus)<\/strong><\/span><\/a><\/p>\n<p><a href=\"https:\/\/semmelweis.hu\/oktatasmodszertan\/files\/2019\/05\/OMC-h\u00edrlev\u00e9l-2019_2..pdf\"><img loading=\"lazy\" decoding=\"async\" class=\"alignleft  wp-image-953\" src=\"https:\/\/semmelweis.hu\/oktatasmodszertan\/files\/2019\/05\/hirlevel_2019_2_cimlap-212x300.png\" alt=\"\" width=\"240\" height=\"340\" srcset=\"https:\/\/semmelweis.hu\/oktatasmodszertan\/files\/2019\/05\/hirlevel_2019_2_cimlap-212x300.png 212w, https:\/\/semmelweis.hu\/oktatasmodszertan\/files\/2019\/05\/hirlevel_2019_2_cimlap.png 587w\" sizes=\"auto, (max-width: 240px) 100vw, 240px\" \/><\/a><\/p>\n<p>&nbsp;<\/p>\n<p>&nbsp;<\/p>\n<p>&nbsp;<\/p>\n<p>&nbsp;<\/p>\n<p>&nbsp;<\/p>\n<p>&nbsp;<\/p>\n<p>&nbsp;<\/p>\n<p>&nbsp;<\/p>\n<p><span style=\"font-size: 18pt\"><strong><a href=\"https:\/\/semmelweis.hu\/oktatasmodszertan\/files\/2019\/05\/OMC-h\u00edrlev\u00e9l-2019_1..pdf\">2019\/1. sz\u00e1m (\u00e1prilis)<\/a><\/strong><\/span><\/p>\n<p><a href=\"https:\/\/semmelweis.hu\/oktatasmodszertan\/files\/2019\/05\/OMC-h\u00edrlev\u00e9l-2019_1..pdf\"><img loading=\"lazy\" decoding=\"async\" class=\"alignleft  wp-image-901\" src=\"https:\/\/semmelweis.hu\/oktatasmodszertan\/files\/2019\/05\/hirlevel_2019_1_cimlap-212x300.png\" alt=\"\" width=\"242\" height=\"342\" srcset=\"https:\/\/semmelweis.hu\/oktatasmodszertan\/files\/2019\/05\/hirlevel_2019_1_cimlap-212x300.png 212w, https:\/\/semmelweis.hu\/oktatasmodszertan\/files\/2019\/05\/hirlevel_2019_1_cimlap.png 588w\" sizes=\"auto, (max-width: 242px) 100vw, 242px\" \/><\/a><\/p>\n<\/div><\/div>\n","protected":false},"excerpt":{"rendered":"<p><a href=\"https:\/\/semmelweis.hu\/oktatasmodszertan\/files\/2024\/12\/Oktatasi-hirlevel-2024_3.pdf\" target=\"_blank\" rel=\"noopener\">2024\/3. sz\u00e1m (december)<\/a> <a href=\"https:\/\/semmelweis.hu\/oktatasmodszertan\/files\/2024\/12\/Oktatasi-hirlevel-2024_3.pdf\" target=\"_blank\" rel=\"noopener\"><\/a> &nbsp; &nbsp; &nbsp; &nbsp; &nbsp; &nbsp; &nbsp; &nbsp; <a href=\"https:\/\/semmelweis.hu\/oktatasmodszertan\/files\/2024\/10\/Oktatasi-hirlevel-2024_2.pdf\" target=\"_blank\" rel=\"noopener\">2024\/2. sz\u00e1m (okt\u00f3ber)<\/a> <a href=\"https:\/\/semmelweis.hu\/oktatasmodszertan\/files\/2024\/10\/Oktatasi-hirlevel-2024_2.pdf\" target=\"_blank\" rel=\"noopener\"><\/a> &nbsp; &nbsp; &nbsp; &nbsp; &nbsp; &nbsp; &nbsp; &nbsp; <a href=\"https:\/\/semmelweis.hu\/oktatasmodszertan\/files\/2024\/04\/Oktatasi-hirlevel-2024_1.pdf\" target=\"_blank\" rel=\"noopener\">2024\/1. sz\u00e1m (\u00e1prilis)<\/a> <a href=\"https:\/\/semmelweis.hu\/oktatasmodszertan\/files\/2024\/04\/Oktatasi-hirlevel-2024_1.pdf\" target=\"_blank\" rel=\"noopener\"><\/a> <a href=\"https:\/\/semmelweis.hu\/oktatasmodszertan\/files\/2023\/12\/Oktatasi-hirlevel-2023_3.pdf\" target=\"_blank\" rel=\"noopener\">2023\/3. sz\u00e1m (december)<\/a> <a href=\"https:\/\/semmelweis.hu\/oktatasmodszertan\/files\/2023\/12\/Oktatasi-hirlevel-2023_3.pdf\" target=\"_blank\" rel=\"noopener\"><\/a> &nbsp; &nbsp; &nbsp; &nbsp; &nbsp; &nbsp; &nbsp; &nbsp; <a href=\"https:\/\/semmelweis.hu\/oktatasmodszertan\/files\/2023\/09\/Oktatasi-hirlevel-2023_2.pdf\" target=\"_blank\" rel=\"noopener\">2023\/2. sz\u00e1m (szeptember)<\/a> <a href=\"https:\/\/semmelweis.hu\/oktatasmodszertan\/files\/2023\/09\/Oktatasi-hirlevel-2023_2.pdf\" target=\"_blank\" rel=\"noopener\"><\/a> &nbsp; &nbsp; &nbsp; &nbsp; &nbsp; &nbsp; &nbsp; &nbsp; <a href=\"https:\/\/semmelweis.hu\/oktatasmodszertan\/files\/2023\/03\/Oktatasi-hirlevel-2023_1.pdf\" target=\"_blank\" rel=\"noopener\">2023\/1. sz\u00e1m (m\u00e1rcius)<\/a> <a href=\"https:\/\/semmelweis.hu\/oktatasmodszertan\/files\/2023\/03\/Oktatasi-hirlevel-2023_1.pdf\" target=\"_blank\" rel=\"noopener\"><\/a> <a href=\"https:\/\/semmelweis.hu\/oktatasmodszertan\/files\/2022\/12\/Oktatasi-hirlevel-2022_3.pdf\" target=\"_blank\" rel=\"noopener\">2022\/3. sz\u00e1m (december)<\/a> <a href=\"https:\/\/semmelweis.hu\/oktatasmodszertan\/files\/2022\/12\/Oktatasi-hirlevel-2022_3.pdf\" target=\"_blank\" rel=\"noopener\"><\/a> &nbsp; &nbsp; &nbsp; &nbsp; &nbsp; &nbsp; &nbsp; &nbsp; <a href=\"https:\/\/semmelweis.hu\/oktatasmodszertan\/files\/2022\/09\/Oktatasi-hirlevel_2022_2.pdf\" target=\"_blank\" rel=\"noopener\">2022\/2. sz\u00e1m (szeptember)<\/a> <a href=\"https:\/\/semmelweis.hu\/oktatasmodszertan\/files\/2022\/09\/Oktatasi-hirlevel_2022_2.pdf\" target=\"_blank\" rel=\"noopener\"><\/a> &nbsp; &nbsp; &nbsp; &nbsp; &nbsp; &nbsp; &nbsp; &nbsp; <a href=\"https:\/\/semmelweis.hu\/oktatasmodszertan\/files\/2022\/04\/Oktatasi-hirlevel-2022_1.pdf\" target=\"_blank\" rel=\"noopener\">2022\/1. sz\u00e1m (\u00e1prilis)<\/a> <a href=\"https:\/\/semmelweis.hu\/oktatasmodszertan\/files\/2022\/04\/Oktatasi-hirlevel-2022_1.pdf\" target=\"_blank\" rel=\"noopener\"><\/a> &nbsp; &nbsp; &nbsp; &nbsp; &nbsp; &nbsp; &nbsp; &hellip;<\/p>\n","protected":false},"author":101470,"featured_media":0,"parent":3436,"menu_order":2,"comment_status":"closed","ping_status":"closed","template":"","meta":{"_acf_changed":false,"footnotes":""},"categories":[],"tags":[],"class_list":["post-3431","page","type-page","status-publish","hentry"],"acf":[],"_links":{"self":[{"href":"https:\/\/semmelweis.hu\/oktatasmodszertan\/wp-json\/wp\/v2\/pages\/3431","targetHints":{"allow":["GET"]}}],"collection":[{"href":"https:\/\/semmelweis.hu\/oktatasmodszertan\/wp-json\/wp\/v2\/pages"}],"about":[{"href":"https:\/\/semmelweis.hu\/oktatasmodszertan\/wp-json\/wp\/v2\/types\/page"}],"author":[{"embeddable":true,"href":"https:\/\/semmelweis.hu\/oktatasmodszertan\/wp-json\/wp\/v2\/users\/101470"}],"replies":[{"embeddable":true,"href":"https:\/\/semmelweis.hu\/oktatasmodszertan\/wp-json\/wp\/v2\/comments?post=3431"}],"version-history":[{"count":10,"href":"https:\/\/semmelweis.hu\/oktatasmodszertan\/wp-json\/wp\/v2\/pages\/3431\/revisions"}],"predecessor-version":[{"id":5448,"href":"https:\/\/semmelweis.hu\/oktatasmodszertan\/wp-json\/wp\/v2\/pages\/3431\/revisions\/5448"}],"up":[{"embeddable":true,"href":"https:\/\/semmelweis.hu\/oktatasmodszertan\/wp-json\/wp\/v2\/pages\/3436"}],"wp:attachment":[{"href":"https:\/\/semmelweis.hu\/oktatasmodszertan\/wp-json\/wp\/v2\/media?parent=3431"}],"wp:term":[{"taxonomy":"category","embeddable":true,"href":"https:\/\/semmelweis.hu\/oktatasmodszertan\/wp-json\/wp\/v2\/categories?post=3431"},{"taxonomy":"post_tag","embeddable":true,"href":"https:\/\/semmelweis.hu\/oktatasmodszertan\/wp-json\/wp\/v2\/tags?post=3431"}],"curies":[{"name":"wp","href":"https:\/\/api.w.org\/{rel}","templated":true}]}}