{"id":3356,"date":"2022-01-07T09:10:59","date_gmt":"2022-01-07T08:10:59","guid":{"rendered":"https:\/\/semmelweis.hu\/oktatasmodszertan\/?page_id=3356"},"modified":"2026-01-23T14:24:45","modified_gmt":"2026-01-23T13:24:45","slug":"edupub","status":"publish","type":"page","link":"https:\/\/semmelweis.hu\/oktatasmodszertan\/kepzesek\/oktatoi-kozosseg\/edupub\/","title":{"rendered":"EduPub"},"content":{"rendered":"<div class=\"responsive-tabs\">\n<h2 class=\"tabtitle\"><strong>R\u00e9szletek<\/strong><\/h2>\n<div class=\"tabcontent\">\n\n<table>\n<tbody>\n<tr>\n<td width=\"212\">\n<p><strong>a program c\u00edme<\/strong><\/p>\n<\/td>\n<td width=\"241\">\n<p><strong>a program jellege<\/strong><\/p>\n<\/td>\n<td width=\"199\">\n<p><strong>a program form\u00e1ja<\/strong><\/p>\n<\/td>\n<td width=\"198\">\n<p><strong>c\u00e9lcsoport<\/strong><\/p>\n<\/td>\n<td width=\"148\">\n<p><strong>helysz\u00edn<\/strong><\/p>\n<\/td>\n<\/tr>\n<tr>\n<td width=\"212\">\n<p>EduPub<\/p>\n<\/td>\n<td width=\"241\">\n<p>k\u00f6nyvbemutat\u00f3, cikkrefer\u00e1l\u00f3<\/p>\n<\/td>\n<td width=\"199\">\n<p>online besz\u00e9lget\u00e9s<\/p>\n<\/td>\n<td width=\"198\">\n<p>el\u0151ad\u00f3 \u00e9s gyakorlatvezet\u0151 oktat\u00f3k<\/p>\n<\/td>\n<td width=\"148\">\n<p><a href=\"https:\/\/itc.semmelweis.hu\/moodle\/course\/view.php?id=3692\" target=\"_blank\" rel=\"noopener\">online<\/a><\/p>\n<\/td>\n<\/tr>\n<\/tbody>\n<\/table>\n<p><strong>A program c\u00e9lja:<\/strong><\/p>\n<p>Olyan rendszeres oktat\u00f3i k\u00f6z\u00f6ss\u00e9g\u00e9p\u00edt\u0151 f\u00f3rum teremt\u00e9se, melyben k\u00f6z\u00f6s szakirodalom-feldolgoz\u00e1s alapj\u00e1n alkalom ny\u00edlik az egy\u00fctt gondolkod\u00e1sra, az oktat\u00e1si gyakorlatban felmer\u00fcl\u0151 probl\u00e9m\u00e1k \u00e9s \u00f6tletek megvitat\u00e1s\u00e1ra, tud\u00e1smegoszt\u00e1sra.<\/p>\n<p><strong>A program jellege:<\/strong><\/p>\n<p>Az oktat\u00e1si t\u00e9m\u00e1j\u00fa publik\u00e1ci\u00f3k r\u00f6vid bemutat\u00e1sa ut\u00e1n inform\u00e1lis hangulat\u00fa, tematikus besz\u00e9lget\u00e9s.\u00a0<\/p>\n<p>Az \u00e9rdekl\u0151d\u00e9sre sz\u00e1mot tart\u00f3 k\u00f6nyveket \u00e9s szakcikkeket a r\u00e9sztvev\u0151k v\u00e1lasztj\u00e1k ki \u00e9s mutatj\u00e1k be r\u00f6viden. A publik\u00e1ci\u00f3k kiv\u00e1laszt\u00e1s\u00e1ban seg\u00edts\u00e9get ny\u00fajt szakirodalom gy\u0171jtem\u00e9ny\u00fcnk, de el\u0151zetes egyeztet\u00e9s alapj\u00e1n tov\u00e1bbi forr\u00e1sok is feldolgozhat\u00f3k. A tov\u00e1bbi r\u00e9szletek a program <a href=\"https:\/\/itc.semmelweis.hu\/moodle\/course\/view.php?id=3692#\" target=\"_blank\" rel=\"noopener\">Moodle-fel\u00fclet\u00e9n (EduPub)<\/a> tal\u00e1lhat\u00f3k.<\/p>\n<p><strong>R\u00e9szv\u00e9teli felt\u00e9telek:<\/strong><\/p>\n<ol>\n<li>Ez egy rendszeres f\u00f3rum, melynek alkalmai egym\u00e1ssal nem \u00e1llnak \u00f6sszef\u00fcgg\u00e9sben, b\u00e1rmelyikre becsatlakozhat az Egyetem b\u00e1rmely oktat\u00f3ja \u00e9s hallgat\u00f3ja.<\/li>\n<li><a href=\"https:\/\/docs.google.com\/forms\/d\/e\/1FAIpQLScJn9Pr3TcYPweD3Qe13k-7FxVq-yJfbDhwKC-od3A-AW_mIQ\/viewform\" target=\"_blank\" rel=\"noopener\">Regisztr\u00e1ci\u00f3s k\u00e9rd\u0151\u00edv<\/a> el\u0151zetes kit\u00f6lt\u00e9se.<\/li>\n<li>Akt\u00edv r\u00e9szv\u00e9tel a besz\u00e9lget\u00e9sekben \u2013 online alkalom eset\u00e9ben ehhez webkamera, hangsz\u00f3r\u00f3 \u00e9s mikrofon elengedhetetlen\u00fcl sz\u00fcks\u00e9ges.<\/li>\n<\/ol>\n<p><strong>Helysz\u00edn<\/strong>: Zoom (link a Moodle-fel\u00fcleten, els\u0151 bel\u00e9p\u00e9skor a Beiratkoz\u00e1s gombra kattintva)<\/p>\n<p><a class=\"button\" href=\"https:\/\/itc.semmelweis.hu\/moodle\/course\/view.php?id=3692\" target=\"_blank\" rel=\"noopener\">Bel\u00e9p\u00e9s a Moodle-fel\u00fcletre<\/a><\/p>\n<p><strong>Tervezett id\u0151pont: <\/strong><\/p>\n<p><em>Hamarosan<\/em><\/p>\n<p><strong>Programfelel\u0151s \u00e9s kapcsolattart\u00f3: <\/strong><a href=\"https:\/\/semmelweis.hu\/oktatasmodszertan\/magunkrol\/munkatarsak\/\" target=\"_blank\" rel=\"noopener noreferrer\">Kozma Borb\u00e1la<\/a><\/p>\n<div class=\"keretes w-100\">\n<p><strong>H\u00e1zhoz megy\u00fcnk<\/strong><\/p>\n<p>A fent megadott konkr\u00e9t id\u0151pontokon t\u00fal v\u00e1rjuk kisebb oktat\u00f3i teamek jelentkez\u00e9s\u00e9t egy-egy konkr\u00e9t fejleszt\u00e9s\u00fck kapcs\u00e1n, illetve v\u00e1llaljuk tansz\u00e9ki vagy kari szint\u0171 \u00e1tfog\u00f3 fejleszt\u00e9sek t\u00e1mogat\u00e1s\u00e1t is. Foglaljon <strong><a href=\"https:\/\/outlook.office.com\/book\/Hzhozmegynk@unisemmelweis.onmicrosoft.com\/\" target=\"_blank\" rel=\"noopener\">napt\u00e1runkban<\/a><\/strong> egy vagy t\u00f6bb alkalmat, melyet teamj\u00fckkel oktat\u00e1sfejleszt\u00e9sre sz\u00e1nnak. A foglal\u00e1s ut\u00e1n felvessz\u00fck \u00d6nnel a kapcsolatot a r\u00e9szletek egyeztet\u00e9se c\u00e9lj\u00e1b\u00f3l. A gyakran ism\u00e9telt k\u00e9rd\u00e9seket \u00e9s r\u00e9szleteket\u00a0<strong><a href=\"https:\/\/semmelweis.hu\/oktatasmodszertan\/kepzesek\/oktatastamogatas-esemenyek\/idopontfoglalas-gyik\/\" target=\"_blank\" rel=\"noopener\">az al\u00e1bbi linken<\/a><\/strong>\u00a0olvashatja.<\/p>\n<\/div>\n\n<\/div><h2 class=\"tabtitle\"><strong>Programterv<\/strong><\/h2>\n<div class=\"tabcontent\">\n\n<h5><strong>2026<\/strong><\/h5>\n<p><span style=\"color: #ff0000\"><em>Hamarosan<\/em><\/span><\/p>\n<p>&nbsp;<\/p>\n<h5><strong>2023<\/strong><\/h5>\n<p><span style=\"font-size: 14pt\"><strong>Digit\u00e1lis eszk\u00f6z\u00f6kkel a lemorzsol\u00f3d\u00e1s cs\u00f6kkent\u00e9s\u00e9\u00e9rt \u00e9s a tehets\u00e9ggondoz\u00e1s\u00e9rt &#8211; &#8222;Let your data tell a story!&#8221;<\/strong><\/span><\/p>\n<p><span style=\"font-size: 14pt\"><em><strong>szeptember 29. 14:00-16:00<\/strong><\/em><\/span><\/p>\n<p><span style=\"font-size: 12pt\">Az EduPub keret\u00e9ben bemutatkozik az <strong><a href=\"https:\/\/intelliboard.net\/platform\/intelliboard-lite\/\" target=\"_blank\" rel=\"noopener\">IntelliBoard<\/a><\/strong><a href=\"https:\/\/intelliboard.net\/platform\/intelliboard-lite\/\" target=\"_blank\" rel=\"noopener\">,<\/a> mely a tanul\u00e1si-tan\u00edt\u00e1si folyamatban l\u00e1that\u00f3v\u00e1 teszi az oktat\u00f3i er\u0151fesz\u00edt\u00e9seket \u00e9s az egy\u00e9ni tanul\u00e1si utakat an\u00e9lk\u00fcl, hogy az oktat\u00f3kra plusz feladat h\u00e1rulna. Ehhez nem sz\u00fcks\u00e9ges m\u00e1s, mint a mindennapi kurzustev\u00e9kenys\u00e9gek megjelen\u00edt\u00e9se a Moodle-ban, hogy az IntelliBoard a h\u00e1tt\u00e9rben automatikusan elk\u00e9sz\u00edthesse sz\u00e1munkra az elemz\u00e9seket, melyek alapj\u00e1n id\u0151ben t\u00e1mogat\u00e1st tudunk ny\u00fajtani a lemarad\u00f3 hallgat\u00f3knak, valamint felfigyelhet\u00fcnk a kiemelked\u0151 tehets\u00e9gekre.<\/span><\/p>\n<p><span style=\"font-size: 12pt\">Mariana Lima Robson (director, account manager) angol nyelv\u0171 bemutat\u00f3ja ut\u00e1n interakt\u00edv megbesz\u00e9l\u00e9st tartunk a r\u00e9sztvev\u0151kkel az IntelliBoard alkalmazhat\u00f3s\u00e1g\u00e1r\u00f3l a Semmelweis Egyetemen.<\/span><\/p>\n<p><a href=\"https:\/\/semmelweis.hu\/oktatasmodszertan\/files\/2023\/09\/intelliboard.png\"><img loading=\"lazy\" decoding=\"async\" class=\"alignleft  wp-image-4494\" src=\"https:\/\/semmelweis.hu\/oktatasmodszertan\/files\/2023\/09\/intelliboard.png\" alt=\"\" width=\"442\" height=\"331\" srcset=\"https:\/\/semmelweis.hu\/oktatasmodszertan\/files\/2023\/09\/intelliboard.png 737w, https:\/\/semmelweis.hu\/oktatasmodszertan\/files\/2023\/09\/intelliboard-400x300.png 400w\" sizes=\"auto, (max-width: 442px) 100vw, 442px\" \/><\/a><\/p>\n<h5>\u00a0<\/h5>\n<h5>\u00a0<\/h5>\n<h5>\u00a0<\/h5>\n<h5>\u00a0<\/h5>\n<h5>\u00a0<\/h5>\n<h5>\u00a0<\/h5>\n<h5>\u00a0<\/h5>\n<h5>\u00a0<\/h5>\n<h5><strong>2022<\/strong><\/h5>\n<table style=\"border-collapse: collapse;width: 100%\">\n<tbody>\n<tr>\n<td style=\"width: 22.9032%\">december 9.<br \/>\n14:00-16:00<\/td>\n<td style=\"width: 77.0968%\">\n<p><strong><img loading=\"lazy\" decoding=\"async\" class=\"alignleft  wp-image-3875\" src=\"https:\/\/semmelweis.hu\/oktatasmodszertan\/files\/2022\/11\/7685154_5.jpg\" alt=\"\" width=\"180\" height=\"259\" srcset=\"https:\/\/semmelweis.hu\/oktatasmodszertan\/files\/2022\/11\/7685154_5.jpg 400w, https:\/\/semmelweis.hu\/oktatasmodszertan\/files\/2022\/11\/7685154_5-278x400.jpg 278w\" sizes=\"auto, (max-width: 180px) 100vw, 180px\" \/>K\u00e1lm\u00e1n Orsolya: Tanul\u00e1sk\u00f6zpont\u00fa fels\u0151oktat\u00e1s<\/strong><\/p>\n<p>Els\u0151 rendezv\u00e9ny\u00fcnk\u00f6n Dr. K\u00e1lm\u00e1n Orsolya, az Oktat\u00e1sfejleszt\u00e9si, -m\u00f3dszertani \u00e9s -szervez\u00e9si K\u00f6zpont fels\u0151oktat\u00e1s-pedag\u00f3giai szaktan\u00e1csad\u00f3ja mutatkozik be <em>Tanul\u00e1sk\u00f6zpont\u00fa fels\u0151oktat\u00e1s<\/em> c\u00edm\u0171 k\u00f6nyv\u00e9vel, melyr\u0151l b\u0151vebb le\u00edr\u00e1st az al\u00e1bbi <a href=\"https:\/\/bookline.hu\/product\/home.action?_v=Kalman_Orsolya_Tanulaskozpontu_felsookt&amp;type=22&amp;id=327473\" target=\"_blank\" rel=\"noopener\">honlapon<\/a> olvashatnak.<\/p>\n<\/td>\n<\/tr>\n<\/tbody>\n<\/table>\n<\/div><\/div>\n","protected":false},"excerpt":{"rendered":"<p>a program c\u00edme a program jellege a program form\u00e1ja c\u00e9lcsoport helysz\u00edn EduPub k\u00f6nyvbemutat\u00f3, cikkrefer\u00e1l\u00f3 online besz\u00e9lget\u00e9s el\u0151ad\u00f3 \u00e9s gyakorlatvezet\u0151 oktat\u00f3k <a href=\"https:\/\/itc.semmelweis.hu\/moodle\/course\/view.php?id=3692\" target=\"_blank\" rel=\"noopener\">online<\/a> A program c\u00e9lja: Olyan rendszeres oktat\u00f3i k\u00f6z\u00f6ss\u00e9g\u00e9p\u00edt\u0151 f\u00f3rum teremt\u00e9se, melyben k\u00f6z\u00f6s szakirodalom-feldolgoz\u00e1s alapj\u00e1n alkalom ny\u00edlik az egy\u00fctt gondolkod\u00e1sra, az oktat\u00e1si gyakorlatban felmer\u00fcl\u0151 probl\u00e9m\u00e1k \u00e9s \u00f6tletek megvitat\u00e1s\u00e1ra, tud\u00e1smegoszt\u00e1sra. A program jellege: Az oktat\u00e1si t\u00e9m\u00e1j\u00fa publik\u00e1ci\u00f3k r\u00f6vid &hellip;<\/p>\n","protected":false},"author":101470,"featured_media":0,"parent":2322,"menu_order":3,"comment_status":"closed","ping_status":"closed","template":"","meta":{"_acf_changed":false,"footnotes":""},"categories":[],"tags":[],"class_list":["post-3356","page","type-page","status-publish","hentry"],"acf":[],"_links":{"self":[{"href":"https:\/\/semmelweis.hu\/oktatasmodszertan\/wp-json\/wp\/v2\/pages\/3356","targetHints":{"allow":["GET"]}}],"collection":[{"href":"https:\/\/semmelweis.hu\/oktatasmodszertan\/wp-json\/wp\/v2\/pages"}],"about":[{"href":"https:\/\/semmelweis.hu\/oktatasmodszertan\/wp-json\/wp\/v2\/types\/page"}],"author":[{"embeddable":true,"href":"https:\/\/semmelweis.hu\/oktatasmodszertan\/wp-json\/wp\/v2\/users\/101470"}],"replies":[{"embeddable":true,"href":"https:\/\/semmelweis.hu\/oktatasmodszertan\/wp-json\/wp\/v2\/comments?post=3356"}],"version-history":[{"count":11,"href":"https:\/\/semmelweis.hu\/oktatasmodszertan\/wp-json\/wp\/v2\/pages\/3356\/revisions"}],"predecessor-version":[{"id":6261,"href":"https:\/\/semmelweis.hu\/oktatasmodszertan\/wp-json\/wp\/v2\/pages\/3356\/revisions\/6261"}],"up":[{"embeddable":true,"href":"https:\/\/semmelweis.hu\/oktatasmodszertan\/wp-json\/wp\/v2\/pages\/2322"}],"wp:attachment":[{"href":"https:\/\/semmelweis.hu\/oktatasmodszertan\/wp-json\/wp\/v2\/media?parent=3356"}],"wp:term":[{"taxonomy":"category","embeddable":true,"href":"https:\/\/semmelweis.hu\/oktatasmodszertan\/wp-json\/wp\/v2\/categories?post=3356"},{"taxonomy":"post_tag","embeddable":true,"href":"https:\/\/semmelweis.hu\/oktatasmodszertan\/wp-json\/wp\/v2\/tags?post=3356"}],"curies":[{"name":"wp","href":"https:\/\/api.w.org\/{rel}","templated":true}]}}