{"id":3268,"date":"2021-12-08T16:11:07","date_gmt":"2021-12-08T15:11:07","guid":{"rendered":"https:\/\/semmelweis.hu\/oktatasmodszertan\/?page_id=3268"},"modified":"2021-12-11T14:20:48","modified_gmt":"2021-12-11T13:20:48","slug":"pro-team-program","status":"publish","type":"page","link":"https:\/\/semmelweis.hu\/oktatasmodszertan\/projektek\/interprofesszionalis-kepzesek\/pro-team-program\/","title":{"rendered":"Pro-Team Program"},"content":{"rendered":"<h3><strong>Interprofesszion\u00e1lis k\u00e9pz\u00e9s \u2013\u00a0<\/strong><strong>Bemutatkozik a Pro-Team Program!<\/strong><\/h3>\n<p><strong>Id\u0151pont:<\/strong>\u00a02020. janu\u00e1r 20. h\u00e9tf\u0151, 16:15-17:30<\/p>\n<p><strong>Helysz\u00edn:<\/strong>\u00a0Elm\u00e9leti Orvostudom\u00e1nyi K\u00f6zpont (EOK), H\u00e1ri P\u00e1l terem (1. emelet,\u00a0<a href=\"https:\/\/semmelweis.hu\/eok\/files\/2018\/07\/EOK_terkep_0-1_A4.pdf\" target=\"_blank\" rel=\"noopener noreferrer\">t\u00e9rk\u00e9p<\/a>)<\/p>\n<p><a href=\"https:\/\/www.who.int\/publications\/i\/item\/framework-for-action-on-interprofessional-education-collaborative-practice\" target=\"_blank\" rel=\"noopener noreferrer\"><strong><img loading=\"lazy\" decoding=\"async\" class=\"alignleft  wp-image-1309\" src=\"https:\/\/semmelweis.hu\/oktatasmodszertan\/files\/2019\/12\/framework_for_action_interprofessional-283x400.jpg\" alt=\"\" width=\"224\" height=\"317\" srcset=\"https:\/\/semmelweis.hu\/oktatasmodszertan\/files\/2019\/12\/framework_for_action_interprofessional-283x400.jpg 283w, https:\/\/semmelweis.hu\/oktatasmodszertan\/files\/2019\/12\/framework_for_action_interprofessional.jpg 320w\" sizes=\"auto, (max-width: 224px) 100vw, 224px\" \/><\/strong><\/a><\/p>\n<p><strong>Az interprofesszion\u00e1lis k\u00e9pz\u00e9s l\u00e9nyege, hogy\u00a0<\/strong><strong>orvos- \u00e9s szakdolgoz\u00f3 hallgat\u00f3k tanulnak egy\u00fctt, egym\u00e1st\u00f3l, egym\u00e1sr\u00f3l\u00a0<\/strong><strong>azzal a c\u00e9llal, hogy a betegbiztons\u00e1g \u00e9rdek\u00e9ben megtanuljanak egy\u00fcttm\u0171k\u00f6dni, teamben dolgozni.<\/strong><\/p>\n<p>A Pro-Team Program els\u0151dleges c\u00e9lja a hat\u00e9kony prevent\u00edv beavatkoz\u00e1s oktat\u00e1sm\u00f3dszertani eszk\u00f6z\u00f6kkel a betegel\u00e9gedetts\u00e9g \u00e9s betegbiztons\u00e1g jav\u00edt\u00e1s\u00e1ra \u00e9s az eg\u00e9szs\u00e9g\u00fcgyi p\u00e1lya megtart\u00f3 erej\u00e9nek fejleszt\u00e9s\u00e9re (ki\u00e9g\u00e9s prevenci\u00f3).<\/p>\n<p>A m\u00f3dszertan<\/p>\n<ol>\n<li>korszer\u0171, gyakorlatias, \u00e9lm\u00e9nyalap\u00fa, hallgat\u00f3k\u00f6zpont\u00fa tan\u00edt\u00e1st-tanul\u00e1st biztos\u00edt<\/li>\n<li>fontos szerepet j\u00e1tszik a nemzetk\u00f6zies\u00edt\u00e9sben, \u00e9s<\/li>\n<li>hozz\u00e1j\u00e1rul a fenntarthat\u00f3 fejl\u0151d\u00e9shez.<\/li>\n<\/ol>\n<p>Szeretettel v\u00e1rjuk a Semmelweis Egyetem \u00e9rdekl\u0151d\u0151 oktat\u00f3it \u00e9s hallgat\u00f3it egy r\u00f6vid \u00f6sszej\u00f6vetelre, ahol t\u00e1j\u00e9koztat\u00e1st adunk a koncepci\u00f3r\u00f3l \u00e9s a kezdem\u00e9nyez\u00e9sben r\u00e9szt vev\u0151 szervezeti egys\u00e9gek egy\u00fcttm\u0171k\u00f6d\u00e9si lehet\u0151s\u00e9geir\u0151l.<\/p>\n<p><a class=\"btn btn-secondary\" href=\"https:\/\/semmelweis.hu\/oktatasmodszertan\/files\/2020\/01\/IPE-f%C3%B3rum-20200120.pdf\" target=\"_blank\" rel=\"noopener noreferrer\">PREZENT\u00c1CI\u00d3 LET\u00d6LT\u00c9SE<\/a><\/p>\n","protected":false},"excerpt":{"rendered":"<p>Interprofesszion\u00e1lis k\u00e9pz\u00e9s \u2013\u00a0Bemutatkozik a Pro-Team Program! Id\u0151pont:\u00a02020. janu\u00e1r 20. h\u00e9tf\u0151, 16:15-17:30 Helysz\u00edn:\u00a0Elm\u00e9leti Orvostudom\u00e1nyi K\u00f6zpont (EOK), H\u00e1ri P\u00e1l terem (1. emelet,\u00a0 <a href=\"https:\/\/semmelweis.hu\/eok\/files\/2018\/07\/EOK_terkep_0-1_A4.pdf\" target=\"_blank\" rel=\"noopener noreferrer\">t\u00e9rk\u00e9p<\/a> ) <a href=\"https:\/\/www.who.int\/publications\/i\/item\/framework-for-action-on-interprofessional-education-collaborative-practice\" target=\"_blank\" rel=\"noopener noreferrer\"><\/a> Az interprofesszion\u00e1lis k\u00e9pz\u00e9s l\u00e9nyege, hogy\u00a0orvos- \u00e9s szakdolgoz\u00f3 hallgat\u00f3k tanulnak egy\u00fctt, egym\u00e1st\u00f3l, egym\u00e1sr\u00f3l\u00a0azzal a c\u00e9llal, hogy a betegbiztons\u00e1g \u00e9rdek\u00e9ben megtanuljanak egy\u00fcttm\u0171k\u00f6dni, teamben dolgozni. A Pro-Team Program els\u0151dleges c\u00e9lja a hat\u00e9kony prevent\u00edv beavatkoz\u00e1s oktat\u00e1sm\u00f3dszertani eszk\u00f6z\u00f6kkel a &hellip;<\/p>\n","protected":false},"author":101470,"featured_media":0,"parent":2643,"menu_order":2,"comment_status":"closed","ping_status":"closed","template":"","meta":{"_acf_changed":false,"footnotes":""},"categories":[],"tags":[],"class_list":["post-3268","page","type-page","status-publish","hentry"],"acf":[],"_links":{"self":[{"href":"https:\/\/semmelweis.hu\/oktatasmodszertan\/wp-json\/wp\/v2\/pages\/3268","targetHints":{"allow":["GET"]}}],"collection":[{"href":"https:\/\/semmelweis.hu\/oktatasmodszertan\/wp-json\/wp\/v2\/pages"}],"about":[{"href":"https:\/\/semmelweis.hu\/oktatasmodszertan\/wp-json\/wp\/v2\/types\/page"}],"author":[{"embeddable":true,"href":"https:\/\/semmelweis.hu\/oktatasmodszertan\/wp-json\/wp\/v2\/users\/101470"}],"replies":[{"embeddable":true,"href":"https:\/\/semmelweis.hu\/oktatasmodszertan\/wp-json\/wp\/v2\/comments?post=3268"}],"version-history":[{"count":4,"href":"https:\/\/semmelweis.hu\/oktatasmodszertan\/wp-json\/wp\/v2\/pages\/3268\/revisions"}],"predecessor-version":[{"id":3276,"href":"https:\/\/semmelweis.hu\/oktatasmodszertan\/wp-json\/wp\/v2\/pages\/3268\/revisions\/3276"}],"up":[{"embeddable":true,"href":"https:\/\/semmelweis.hu\/oktatasmodszertan\/wp-json\/wp\/v2\/pages\/2643"}],"wp:attachment":[{"href":"https:\/\/semmelweis.hu\/oktatasmodszertan\/wp-json\/wp\/v2\/media?parent=3268"}],"wp:term":[{"taxonomy":"category","embeddable":true,"href":"https:\/\/semmelweis.hu\/oktatasmodszertan\/wp-json\/wp\/v2\/categories?post=3268"},{"taxonomy":"post_tag","embeddable":true,"href":"https:\/\/semmelweis.hu\/oktatasmodszertan\/wp-json\/wp\/v2\/tags?post=3268"}],"curies":[{"name":"wp","href":"https:\/\/api.w.org\/{rel}","templated":true}]}}