{"id":3110,"date":"2021-09-15T14:37:24","date_gmt":"2021-09-15T12:37:24","guid":{"rendered":"https:\/\/semmelweis.hu\/oktatasmodszertan\/?page_id=3110"},"modified":"2024-09-11T09:57:05","modified_gmt":"2024-09-11T07:57:05","slug":"utmutato-hallgatoknak","status":"publish","type":"page","link":"https:\/\/semmelweis.hu\/oktatasmodszertan\/e-learning\/utmutato-hallgatoknak\/","title":{"rendered":"\u00datmutat\u00f3 hallgat\u00f3knak"},"content":{"rendered":"<p><strong>A Moodle \u00e9s a Zoom rendszer sikeres haszn\u00e1lat\u00e1hoz a k\u00f6vetkez\u0151 l\u00e9p\u00e9seket aj\u00e1nljuk kedves hallgat\u00f3inknak.<\/strong><\/p>\n<p>&nbsp;<\/p>\n<p><strong><em>1. SeKA-hozz\u00e1f\u00e9r\u00e9s<\/em><\/strong><\/p>\n<p><strong><img loading=\"lazy\" decoding=\"async\" class=\"alignleft  wp-image-5080\" src=\"https:\/\/semmelweis.hu\/oktatasmodszertan\/files\/2024\/08\/seka-lockonly-2022.png\" alt=\"\" width=\"138\" height=\"132\" \/>A\u00a0<a href=\"https:\/\/itc.semmelweis.hu\/moodle\/\" target=\"_blank\" rel=\"noopener noreferrer\">Moodle<\/a>-be val\u00f3 bel\u00e9p\u00e9shez SeKA-hozz\u00e1f\u00e9r\u00e9s (Semmelweis Egyetem K\u00f6zponti Azonos\u00edt\u00f3) sz\u00fcks\u00e9ges.\u00a0<\/strong>A SeKA-hozz\u00e1f\u00e9r\u00e9s minden hallgat\u00f3nak automatikusan elk\u00e9sz\u00fcl, \u00edgy k\u00e9rj\u00fck, n\u00e9zze meg, hogy be tud-e l\u00e9pni \u00e9s eml\u00e9kszik-e a jelszav\u00e1ra. A SeKA-bel\u00e9p\u00e9sr\u0151l az al\u00e1bbi\u00a0<strong><a href=\"https:\/\/semmelweis.hu\/oktatasmodszertan\/e-learning\/a-seka-azonositorol\/\" target=\"_blank\" rel=\"noopener\">\u00fatmutat\u00f3ban<\/a><\/strong>\u00a0olvashat r\u00e9szletesen.<\/p>\n<p>&nbsp;<\/p>\n<p><strong><em>2.\u00a0Bel\u00e9p\u00e9s a Moodle-be<\/em><\/strong><\/p>\n<p>A\u00a0<strong><a href=\"https:\/\/itc.semmelweis.hu\/moodle\/\" target=\"_blank\" rel=\"noopener noreferrer\">Moodle<\/a>\u00a0<\/strong>az egyetem e-learning rendszere, ahol minden egyes tant\u00e1rgyhoz k\u00fcl\u00f6n fel\u00fclet tartozik az oktat\u00f3k \u00e1ltal felt\u00f6lt\u00f6tt tov\u00e1bbi tartalmakkal (pl. jegyzetek, feladatok). A Moodle-rendszer az\u00a0<strong><a href=\"https:\/\/itc.semmelweis.hu\/moodle\/\" target=\"_blank\" rel=\"noopener noreferrer\">itc.semmelweis.hu<\/a>\u00a0<\/strong>honlapon \u00e9rhet\u0151 el SeKA-bejelentkez\u00e9ssel. K\u00e9rj\u00fck, l\u00e9pjen be a rendszerbe a k\u00f6z\u00e9pen l\u00e1that\u00f3, <strong>lakatot \u00e1br\u00e1zol\u00f3 SeKA-gombra<\/strong> kattintva, majd a felugr\u00f3 ablakban adja meg SeKA bel\u00e9p\u00e9si adatait.<\/p>\n<p><img loading=\"lazy\" decoding=\"async\" class=\"alignleft  wp-image-5116\" src=\"https:\/\/semmelweis.hu\/oktatasmodszertan\/files\/2024\/09\/moodle_login_seka.png\" alt=\"\" width=\"701\" height=\"381\" srcset=\"https:\/\/semmelweis.hu\/oktatasmodszertan\/files\/2024\/09\/moodle_login_seka.png 1477w, https:\/\/semmelweis.hu\/oktatasmodszertan\/files\/2024\/09\/moodle_login_seka-400x217.png 400w, https:\/\/semmelweis.hu\/oktatasmodszertan\/files\/2024\/09\/moodle_login_seka-1024x557.png 1024w, https:\/\/semmelweis.hu\/oktatasmodszertan\/files\/2024\/09\/moodle_login_seka-768x418.png 768w, https:\/\/semmelweis.hu\/oktatasmodszertan\/files\/2024\/09\/moodle_login_seka-753x409.png 753w\" sizes=\"auto, (max-width: 701px) 100vw, 701px\" \/><\/p>\n<p>&nbsp;<\/p>\n<p>&nbsp;<\/p>\n<p>&nbsp;<\/p>\n<p>&nbsp;<\/p>\n<p>&nbsp;<\/p>\n<p>&nbsp;<\/p>\n<p>&nbsp;<\/p>\n<p>&nbsp;<\/p>\n<p>A H\u00d6K Seg\u00edt\u0151 kurzus\u00e1t <a href=\"https:\/\/itc.semmelweis.hu\/moodle\/course\/view.php?id=662\" target=\"_blank\" rel=\"noopener noreferrer\">az al\u00e1bbi kurzusba bel\u00e9pve<\/a> tal\u00e1lja (az \u201cIratkoztasson be\u201d gombra kattintva).<\/p>\n<p>&nbsp;<\/p>\n<p><strong><em>3. Kurzusok a Moodle-ben<\/em><\/strong><\/p>\n<p>A Moodle oldal\u00e1ra bel\u00e9pve, a <strong>\u201eKurzusaim\u201d<\/strong> sz\u00f3ra kattintva l\u00e1tja azokat a kurzusokat, amiket a Neptunban felvett.<\/p>\n<p><img loading=\"lazy\" decoding=\"async\" class=\"alignleft  wp-image-5118\" src=\"https:\/\/semmelweis.hu\/oktatasmodszertan\/files\/2024\/09\/kurzusaim.png\" alt=\"\" width=\"679\" height=\"310\" srcset=\"https:\/\/semmelweis.hu\/oktatasmodszertan\/files\/2024\/09\/kurzusaim.png 1748w, https:\/\/semmelweis.hu\/oktatasmodszertan\/files\/2024\/09\/kurzusaim-400x183.png 400w, https:\/\/semmelweis.hu\/oktatasmodszertan\/files\/2024\/09\/kurzusaim-1024x467.png 1024w, https:\/\/semmelweis.hu\/oktatasmodszertan\/files\/2024\/09\/kurzusaim-768x351.png 768w, https:\/\/semmelweis.hu\/oktatasmodszertan\/files\/2024\/09\/kurzusaim-1536x701.png 1536w, https:\/\/semmelweis.hu\/oktatasmodszertan\/files\/2024\/09\/kurzusaim-753x344.png 753w\" sizes=\"auto, (max-width: 679px) 100vw, 679px\" \/><\/p>\n<p>&nbsp;<\/p>\n<p>&nbsp;<\/p>\n<p>&nbsp;<\/p>\n<p>&nbsp;<\/p>\n<p>&nbsp;<\/p>\n<p>&nbsp;<\/p>\n<p>&nbsp;<\/p>\n<p>K\u00e9rj\u00fck, ellen\u0151rizze, hogy a megfelel\u0151en van-e hozz\u00e1rendelve a kurzusokhoz. Ha nem, el\u0151sz\u00f6r ellen\u0151rizze a Neptunban, hogy szab\u00e1lyosan felvette-e a t\u00e1rgyat. Ha ennek ellen\u00e9re nem l\u00e1tja a t\u00e1rgy\u00e1t a Moodle-ben, \u00edrjon e-mailt a <strong>segitseg@e-learning.semmelweis.hu\u00a0<\/strong>e-mail-c\u00edmre a k\u00f6vetkez\u0151 adatokkal:<\/p>\n<ul>\n<li>kurzus pontos neve<\/li>\n<li>az \u00d6n Neptun-k\u00f3dja<\/li>\n<\/ul>\n<p>Munkat\u00e1rsunk ezut\u00e1n hamarosan hozz\u00e1rendeli \u00d6nt a k\u00e9rt fel\u00fclethez.<\/p>\n<p>&nbsp;<\/p>\n<p><strong><em>4. Az egyetemi Zoom haszn\u00e1lata<\/em><\/strong><\/p>\n<p>A Zoom program seg\u00edts\u00e9g\u00e9vel lehet\u0151s\u00e9ge ny\u00edlik online el\u0151ad\u00e1sokon vagy egy\u00e9b online esem\u00e9nyeken r\u00e9szt venni. Tan\u00e9v elej\u00e9n \u00e9rdemes ellen\u0151rizni, hogy a Zoom-bel\u00e9p\u00e9se m\u0171k\u00f6dik-e az al\u00e1bbi honlapon a SeKA-adataival bel\u00e9pve: <a href=\"https:\/\/semmelweis.zoom.us\" target=\"_blank\" rel=\"noopener\">https:\/\/semmelweis.zoom.us\u00a0<\/a><\/p>\n<p><img loading=\"lazy\" decoding=\"async\" class=\"alignleft  wp-image-5120\" src=\"https:\/\/semmelweis.hu\/oktatasmodszertan\/files\/2024\/09\/moodle_login_seka-1.png\" alt=\"\" width=\"641\" height=\"465\" srcset=\"https:\/\/semmelweis.hu\/oktatasmodszertan\/files\/2024\/09\/moodle_login_seka-1.png 1533w, https:\/\/semmelweis.hu\/oktatasmodszertan\/files\/2024\/09\/moodle_login_seka-1-400x290.png 400w, https:\/\/semmelweis.hu\/oktatasmodszertan\/files\/2024\/09\/moodle_login_seka-1-1024x743.png 1024w, https:\/\/semmelweis.hu\/oktatasmodszertan\/files\/2024\/09\/moodle_login_seka-1-768x557.png 768w, https:\/\/semmelweis.hu\/oktatasmodszertan\/files\/2024\/09\/moodle_login_seka-1-753x546.png 753w\" sizes=\"auto, (max-width: 641px) 100vw, 641px\" \/><\/p>\n<p>&nbsp;<\/p>\n<p>&nbsp;<\/p>\n<p>&nbsp;<\/p>\n<p>&nbsp;<\/p>\n<p>&nbsp;<\/p>\n<p>&nbsp;<\/p>\n<p>&nbsp;<\/p>\n<p>&nbsp;<\/p>\n<p>&nbsp;<\/p>\n<p>&nbsp;<\/p>\n<p>Ha b\u00e1rmilyen probl\u00e9m\u00e1t tapasztal, k\u00e9rem, \u00edrjon e-mailt a <strong>segitseg@e-learning.semmelweis.hu\u00a0<\/strong>e-mail-c\u00edmre.<\/p>\n<p>Tan\u00e9v k\u00f6zben az oktat\u00f3ja e-mailben, Neptun-\u00fczenetben vagy a kurzus Moodle-fel\u00fclet\u00e9n fogja elk\u00fcldeni a meetinghez tartoz\u00f3 linket.<\/p>\n<p>Ha hallgat\u00f3k\u00e9nt szeretne megbesz\u00e9l\u00e9st ind\u00edtani, a semmelweis.zoom.us honlapon tud szervezni <strong>legfeljebb 40 perces<\/strong> meetingeket.<\/p>\n<p>&nbsp;<\/p>\n<div class=\"keretes w-100\">\n<p>Ha b\u00e1rmikor elakad a folyamatban vagy technikai k\u00e9rd\u00e9sei lenn\u00e9nek, k\u00e9rem, l\u00e9pjen kapcsolatba <a href=\"https:\/\/semmelweis.hu\/oktatasmodszertan\/ugyfelszolgalat\/\" target=\"_blank\" rel=\"noopener\">\u00fcgyf\u00e9lszolg\u00e1latunkkal.<\/a><\/p>\n<\/div>\n","protected":false},"excerpt":{"rendered":"<p>A Moodle \u00e9s a Zoom rendszer sikeres haszn\u00e1lat\u00e1hoz a k\u00f6vetkez\u0151 l\u00e9p\u00e9seket aj\u00e1nljuk kedves hallgat\u00f3inknak. &nbsp; 1. SeKA-hozz\u00e1f\u00e9r\u00e9s A\u00a0 <a href=\"https:\/\/itc.semmelweis.hu\/moodle\/\" target=\"_blank\" rel=\"noopener noreferrer\">Moodle<\/a> -be val\u00f3 bel\u00e9p\u00e9shez SeKA-hozz\u00e1f\u00e9r\u00e9s (Semmelweis Egyetem K\u00f6zponti Azonos\u00edt\u00f3) sz\u00fcks\u00e9ges.\u00a0A SeKA-hozz\u00e1f\u00e9r\u00e9s minden hallgat\u00f3nak automatikusan elk\u00e9sz\u00fcl, \u00edgy k\u00e9rj\u00fck, n\u00e9zze meg, hogy be tud-e l\u00e9pni \u00e9s eml\u00e9kszik-e a jelszav\u00e1ra. A SeKA-bel\u00e9p\u00e9sr\u0151l az al\u00e1bbi\u00a0 <a href=\"https:\/\/semmelweis.hu\/oktatasmodszertan\/e-learning\/a-seka-azonositorol\/\" target=\"_blank\" rel=\"noopener\">\u00fatmutat\u00f3ban<\/a> \u00a0olvashat r\u00e9szletesen. &nbsp; 2.\u00a0Bel\u00e9p\u00e9s a Moodle-be A\u00a0 <a href=\"https:\/\/itc.semmelweis.hu\/moodle\/\" target=\"_blank\" rel=\"noopener noreferrer\">Moodle<\/a> &hellip;<\/p>\n","protected":false},"author":101470,"featured_media":0,"parent":1515,"menu_order":2,"comment_status":"closed","ping_status":"closed","template":"","meta":{"_acf_changed":false,"footnotes":""},"categories":[],"tags":[],"class_list":["post-3110","page","type-page","status-publish","hentry"],"acf":[],"_links":{"self":[{"href":"https:\/\/semmelweis.hu\/oktatasmodszertan\/wp-json\/wp\/v2\/pages\/3110","targetHints":{"allow":["GET"]}}],"collection":[{"href":"https:\/\/semmelweis.hu\/oktatasmodszertan\/wp-json\/wp\/v2\/pages"}],"about":[{"href":"https:\/\/semmelweis.hu\/oktatasmodszertan\/wp-json\/wp\/v2\/types\/page"}],"author":[{"embeddable":true,"href":"https:\/\/semmelweis.hu\/oktatasmodszertan\/wp-json\/wp\/v2\/users\/101470"}],"replies":[{"embeddable":true,"href":"https:\/\/semmelweis.hu\/oktatasmodszertan\/wp-json\/wp\/v2\/comments?post=3110"}],"version-history":[{"count":10,"href":"https:\/\/semmelweis.hu\/oktatasmodszertan\/wp-json\/wp\/v2\/pages\/3110\/revisions"}],"predecessor-version":[{"id":5089,"href":"https:\/\/semmelweis.hu\/oktatasmodszertan\/wp-json\/wp\/v2\/pages\/3110\/revisions\/5089"}],"up":[{"embeddable":true,"href":"https:\/\/semmelweis.hu\/oktatasmodszertan\/wp-json\/wp\/v2\/pages\/1515"}],"wp:attachment":[{"href":"https:\/\/semmelweis.hu\/oktatasmodszertan\/wp-json\/wp\/v2\/media?parent=3110"}],"wp:term":[{"taxonomy":"category","embeddable":true,"href":"https:\/\/semmelweis.hu\/oktatasmodszertan\/wp-json\/wp\/v2\/categories?post=3110"},{"taxonomy":"post_tag","embeddable":true,"href":"https:\/\/semmelweis.hu\/oktatasmodszertan\/wp-json\/wp\/v2\/tags?post=3110"}],"curies":[{"name":"wp","href":"https:\/\/api.w.org\/{rel}","templated":true}]}}