{"id":3073,"date":"2021-09-08T14:26:53","date_gmt":"2021-09-08T12:26:53","guid":{"rendered":"https:\/\/semmelweis.hu\/oktatasmodszertan\/?page_id=3073"},"modified":"2025-03-18T11:13:06","modified_gmt":"2025-03-18T10:13:06","slug":"feedback","status":"publish","type":"page","link":"https:\/\/semmelweis.hu\/oktatasmodszertan\/oktatasertekeles\/feedback\/","title":{"rendered":"QR feedback rendszer"},"content":{"rendered":"<p><strong>Minden karon el\u00e9rhet\u0151 \u00e9s haszn\u00e1lhat\u00f3 az a QR-k\u00f3dos rendszer, mellyel azonnali, \u201con the spot\u201d visszajelz\u00e9st lehet k\u00e9rni a hallgat\u00f3kt\u00f3l el\u0151ad\u00e1sok \u00e9s gyakorlatok ut\u00e1n.<\/strong><\/p>\n<p><a href=\"https:\/\/feedback.semmelweis.hu\/\" target=\"_blank\" rel=\"noopener noreferrer\"><img loading=\"lazy\" decoding=\"async\" class=\"alignleft  wp-image-3048\" src=\"https:\/\/semmelweis.hu\/oktatasmodszertan\/files\/2021\/09\/QR_on_the_spot.png\" alt=\"\" width=\"255\" height=\"169\" srcset=\"https:\/\/semmelweis.hu\/oktatasmodszertan\/files\/2021\/09\/QR_on_the_spot.png 567w, https:\/\/semmelweis.hu\/oktatasmodszertan\/files\/2021\/09\/QR_on_the_spot-400x266.png 400w, https:\/\/semmelweis.hu\/oktatasmodszertan\/files\/2021\/09\/QR_on_the_spot-203x135.png 203w\" sizes=\"auto, (max-width: 255px) 100vw, 255px\" \/><\/a><\/p>\n<p>A rendszer a <a href=\"https:\/\/feedback.semmelweis.hu\/\" target=\"_blank\" rel=\"noopener noreferrer\"><strong>https:\/\/feedback.semmelweis.hu\/<\/strong><\/a> oldalr\u00f3l \u00e9rhet\u0151 el <a href=\"https:\/\/semmelweis.hu\/oktatasmodszertan\/e-learning\/a-seka-azonositorol\/\" target=\"_blank\" rel=\"noopener\">SeKA-azonos\u00edt\u00e1ssal<\/a>, \u00e9s az el\u0151ad\u00e1sokra \u00e9s gyakorlatokra vonatkoz\u00f3 k\u00e9rd\u0151\u00edveken k\u00edv\u00fcl tartalmazza az \u00c1OK klinikai blokkokra t\u00f6rt\u00e9n\u0151, valamint a hatod\u00e9ves szakmai gyakorlatokra vonatkoz\u00f3 visszajelz\u00e9s lehet\u0151s\u00e9g\u00e9t is.\u00a0<\/p>\n<p>A rendszer kezel\u00e9s\u00e9nek szab\u00e1lyzat\u00e1r\u00f3l kari hat\u00e1sk\u00f6rben sz\u00fcletik d\u00f6nt\u00e9s, de mindazoknak javasoljuk a haszn\u00e1lat\u00e1t, akik szeretn\u00e9k oktat\u00f3i munk\u00e1jukat gyors visszajelz\u00e9sek seg\u00edts\u00e9g\u00e9vel fejleszteni.<\/p>\n<p>A QR-k\u00f3dok gener\u00e1l\u00e1s\u00e1t \u00e9s haszn\u00e1lat\u00e1t az al\u00e1bbi vide\u00f3 mutatja be:<\/p>\n<p><a class=\"button\" href=\"https:\/\/kaltura.semmelweis.hu\/media\/A+feedback+rendszer+haszna%CC%81lata\/1_f3n9gxut\" target=\"_blank\" rel=\"noopener\">Oktat\u00f3vide\u00f3<\/a><\/p>\n<p>&nbsp;<\/p>\n<h4><strong>K\u00e9rd\u0151\u00edvszerkeszt\u00e9si funkci\u00f3<\/strong><\/h4>\n<p>A <em>Poll (K\u00e9rd\u0151\u00edv) <\/em>funkci\u00f3 seg\u00edts\u00e9g\u00e9vel az oktat\u00f3k el\u0151ad\u00e1son vagy \u00f3r\u00e1n k\u00edv\u00fcl egy\u00e9ni, feleletv\u00e1laszt\u00f3s k\u00e9rd\u00e9seket tehetnek fel a hallgat\u00f3knak, melyekre a di\u00e1kok a saj\u00e1t k\u00e9sz\u00fcl\u00e9k\u00fck\u00f6n v\u00e1laszolhatnak. A hallgat\u00f3k v\u00e1laszai alapj\u00e1n k\u00e9sz\u00fclt statisztik\u00e1t az oktat\u00f3 folyamatosan k\u00f6vetni tudja a feedback.semmelweis.hu oldalon, \u00e9s sz\u00fcks\u00e9g eset\u00e9n prezent\u00e1lhatja a kivet\u00edt\u0151n.<\/p>\n<p>A rendszer haszn\u00e1lat\u00e1r\u00f3l az <strong><a href=\"https:\/\/semmelweis.hu\/oktatasmodszertan\/2024\/12\/14\/uj-kerdoivszerkesztesi-funkcio-a-qr-feedback-feluleten\/\" target=\"_blank\" rel=\"noopener\">al\u00e1bbi oldalon<\/a><\/strong> tal\u00e1l tov\u00e1bbi inform\u00e1ci\u00f3t.<\/p>\n<p>&nbsp;<\/p>\n<h4><strong>Seg\u00edts\u00e9gk\u00e9r\u00e9s<\/strong><\/h4>\n<p>A m\u0171szaki fel\u00fcgyeletet az OFMSZK Digit\u00e1lis Tartalomfejleszt\u00e9si \u00e9s Szolg\u00e1ltat\u00f3 Oszt\u00e1lya az Informatikai Igazgat\u00f3s\u00e1g seg\u00edts\u00e9g\u00e9vel l\u00e1tja el. A programoz\u00e1st, fejleszt\u00e9st \u00e9s technikai t\u00e1mogat\u00e1st Sz\u00f6gi Andr\u00e1s L\u00e1szl\u00f3 egyetemi munkat\u00e1rs v\u00e9gzi.<\/p>\n<p><strong>El\u00e9rhet\u0151s\u00e9gei: <\/strong><span style=\"font-size: 1rem\">szogi.andras@semmelweis.hu<\/span>, +36-20\/663-24-75<\/p>\n<p>A hibabejelent\u00e9s m\u00f3dja els\u0151 sorban e-mailen kereszt\u00fcl, s\u00fcrg\u0151s esetben telefonon, munkaid\u0151ben t\u00f6rt\u00e9nik.<\/p>\n<p>&nbsp;<\/p>\n<h4><strong>Tov\u00e1bbi inform\u00e1ci\u00f3k<\/strong><\/h4>\n<p>A QR feedback rendszerr\u0151l tov\u00e1bbi inform\u00e1ci\u00f3kat tartalmaz az OFMSZK \u00e9s a H\u00d6K hallgat\u00f3i visszajelz\u00e9sekr\u0151l sz\u00f3l\u00f3 \u00f6sszefoglal\u00f3ja, mely az al\u00e1bbi linkekr\u0151l t\u00f6lthet\u0151 le:<\/p>\n<p><a class=\"button\" href=\"https:\/\/semmelweis.hu\/oktatasmodszertan\/files\/2022\/07\/OMHV-2022_06-HUN.pdf\" target=\"_blank\" rel=\"noopener\">\u00d6sszefoglal\u00f3 &#8211; OMHV (magyar)<\/a><\/p>\n<p><a class=\"button\" href=\"https:\/\/semmelweis.hu\/oktatasmodszertan\/files\/2022\/07\/OMHV-2022_06-ENG.pdf\" target=\"_blank\" rel=\"noopener\">\u00d6sszefoglal\u00f3 &#8211; OMHV (angol)<\/a><\/p>\n<p><a class=\"button\" href=\"https:\/\/semmelweis.hu\/oktatasmodszertan\/files\/2022\/07\/OMHV-2022_06-GER.pdf\" target=\"_blank\" rel=\"noopener\">\u00d6sszefoglal\u00f3 &#8211; OMHV (n\u00e9met)<\/a><\/p>\n","protected":false},"excerpt":{"rendered":"<p>Minden karon el\u00e9rhet\u0151 \u00e9s haszn\u00e1lhat\u00f3 az a QR-k\u00f3dos rendszer, mellyel azonnali, \u201con the spot\u201d visszajelz\u00e9st lehet k\u00e9rni a hallgat\u00f3kt\u00f3l el\u0151ad\u00e1sok \u00e9s gyakorlatok ut\u00e1n. <a href=\"https:\/\/feedback.semmelweis.hu\/\" target=\"_blank\" rel=\"noopener noreferrer\"><\/a> A rendszer a <a href=\"https:\/\/feedback.semmelweis.hu\/\" target=\"_blank\" rel=\"noopener noreferrer\">https:\/\/feedback.semmelweis.hu\/<\/a> oldalr\u00f3l \u00e9rhet\u0151 el <a href=\"https:\/\/semmelweis.hu\/oktatasmodszertan\/e-learning\/a-seka-azonositorol\/\" target=\"_blank\" rel=\"noopener\">SeKA-azonos\u00edt\u00e1ssal<\/a> , \u00e9s az el\u0151ad\u00e1sokra \u00e9s gyakorlatokra vonatkoz\u00f3 k\u00e9rd\u0151\u00edveken k\u00edv\u00fcl tartalmazza az \u00c1OK klinikai blokkokra t\u00f6rt\u00e9n\u0151, valamint a hatod\u00e9ves szakmai gyakorlatokra vonatkoz\u00f3 visszajelz\u00e9s lehet\u0151s\u00e9g\u00e9t is.\u00a0 A rendszer &hellip;<\/p>\n","protected":false},"author":101470,"featured_media":0,"parent":2811,"menu_order":2,"comment_status":"closed","ping_status":"closed","template":"","meta":{"_acf_changed":false,"footnotes":""},"categories":[],"tags":[],"class_list":["post-3073","page","type-page","status-publish","hentry"],"acf":[],"_links":{"self":[{"href":"https:\/\/semmelweis.hu\/oktatasmodszertan\/wp-json\/wp\/v2\/pages\/3073","targetHints":{"allow":["GET"]}}],"collection":[{"href":"https:\/\/semmelweis.hu\/oktatasmodszertan\/wp-json\/wp\/v2\/pages"}],"about":[{"href":"https:\/\/semmelweis.hu\/oktatasmodszertan\/wp-json\/wp\/v2\/types\/page"}],"author":[{"embeddable":true,"href":"https:\/\/semmelweis.hu\/oktatasmodszertan\/wp-json\/wp\/v2\/users\/101470"}],"replies":[{"embeddable":true,"href":"https:\/\/semmelweis.hu\/oktatasmodszertan\/wp-json\/wp\/v2\/comments?post=3073"}],"version-history":[{"count":10,"href":"https:\/\/semmelweis.hu\/oktatasmodszertan\/wp-json\/wp\/v2\/pages\/3073\/revisions"}],"predecessor-version":[{"id":5670,"href":"https:\/\/semmelweis.hu\/oktatasmodszertan\/wp-json\/wp\/v2\/pages\/3073\/revisions\/5670"}],"up":[{"embeddable":true,"href":"https:\/\/semmelweis.hu\/oktatasmodszertan\/wp-json\/wp\/v2\/pages\/2811"}],"wp:attachment":[{"href":"https:\/\/semmelweis.hu\/oktatasmodszertan\/wp-json\/wp\/v2\/media?parent=3073"}],"wp:term":[{"taxonomy":"category","embeddable":true,"href":"https:\/\/semmelweis.hu\/oktatasmodszertan\/wp-json\/wp\/v2\/categories?post=3073"},{"taxonomy":"post_tag","embeddable":true,"href":"https:\/\/semmelweis.hu\/oktatasmodszertan\/wp-json\/wp\/v2\/tags?post=3073"}],"curies":[{"name":"wp","href":"https:\/\/api.w.org\/{rel}","templated":true}]}}