{"id":2825,"date":"2021-04-09T11:20:19","date_gmt":"2021-04-09T09:20:19","guid":{"rendered":"https:\/\/semmelweis.hu\/oktatasmodszertan\/?page_id=2825"},"modified":"2022-09-14T15:49:08","modified_gmt":"2022-09-14T13:49:08","slug":"semmelweis-egyetem-kivalo-oktatoja","status":"publish","type":"page","link":"https:\/\/semmelweis.hu\/oktatasmodszertan\/oktatasertekeles\/semmelweis-egyetem-kivalo-oktatoja\/","title":{"rendered":"Semmelweis Egyetem Kiv\u00e1l\u00f3 Oktat\u00f3ja"},"content":{"rendered":"<p><strong>A kit\u00fcntet\u00e9st az a munkaviszonyban \u00e1ll\u00f3 egyetemi oktat\u00f3 kaphatja, aki t\u00f6bb \u00e9ven \u00e1t kiemelked\u0151 eredm\u00e9nnyel oktatta \u00e9s nevelte az egyetemi hallgat\u00f3kat, \u00e9s etikai, emberi magatart\u00e1sa is p\u00e9ldak\u00e9nt \u00e1ll\u00edthat\u00f3 az ifj\u00fas\u00e1g el\u00e9.<\/strong><\/p>\n<p>A kit\u00fcntet\u00e9sre javaslatot tehetnek:<br \/>\na) rektor,<br \/>\nb) karok d\u00e9k\u00e1njai,<br \/>\nc) oktat\u00e1si szervezeti egys\u00e9gek vezet\u0151i,<br \/>\nd) Hallgat\u00f3i \u00d6nkorm\u00e1nyzat.<\/p>\n<p>Az \u00e9vente legfeljebb kilenc kit\u00fcntet\u00e9sr\u0151l a Szen\u00e1tus d\u00f6nt titkos szavaz\u00e1ssal. A<br \/>\nkit\u00fcntet\u00e9sben r\u00e9szes\u00edthet\u0151 szem\u00e9lyek foglalkoztat\u00f3 szervezeti egys\u00e9g szerinti<br \/>\nmegoszl\u00e1sa a k\u00f6vetkez\u0151: \u00c1OK 3 f\u0151, EKK 1 f\u0151, ETK 1 f\u0151, FOK 1 f\u0151, GYTK 1 f\u0151, PAK<br \/>\n1 f\u0151. A Hallgat\u00f3i \u00d6nkorm\u00e1nyzat 1 f\u0151re vonatkoz\u00f3an ny\u00fajthat be \u00f6n\u00e1ll\u00f3 javaslatot.<br \/>\nAmennyiben valamely kar eset\u00e9ben nem mer\u00fcl ki az el\u0151bbiekben meghat\u00e1rozott keret, \u00fagy az a t\u00f6bbi karr\u00f3l vagy kar al\u00e1 nem tartoz\u00f3 oktat\u00e1si egys\u00e9gr\u0151l kieg\u00e9sz\u00edthet\u0151.<\/p>\n<p>A kit\u00fcntet\u00e9s \u201eKiv\u00e1l\u00f3 Oktat\u00f3\u201d kit\u00fcntet\u0151 \u00e9rem adom\u00e1nyoz\u00e1s\u00e1val \u00e9s brutt\u00f3 700.000 Ft\/f\u0151 p\u00e9nzjutalommal j\u00e1r.<\/p>\n<p>A kit\u00fcntet\u00e9s \u00e1tad\u00e1s\u00e1nak id\u0151pontja a tan\u00e9vnyit\u00f3 \u00fcnneps\u00e9g.<\/p>\n<p><a href=\"https:\/\/semmelweis.hu\/jogigfoig\/dokumentumtar\/szabalyzattar\/kituntetesi-es-dijak-adomanyozasarol-szolo-szabalyzat\/\" target=\"_blank\" rel=\"noopener noreferrer\"><em><strong>Teljes szab\u00e1lyzat<\/strong><\/em><\/a><\/p>\n<p><span style=\"font-size: 18pt\"><strong>A Semmelweis Egyetem Kiv\u00e1l\u00f3 Oktat\u00f3ja kit\u00fcntet\u00e9sben r\u00e9szes\u00fclt oktat\u00f3k<\/strong><\/span><\/p>\n<div class=\"responsive-tabs\">\n<h2 class=\"tabtitle\">2022<\/h2>\n<div class=\"tabcontent\">\n\n<p><strong><u>2022. \u00e9vben:<\/u><\/strong><\/p>\n<table style=\"border-collapse: collapse;width: 100%\">\n<tbody>\n<tr>\n<td style=\"width: 41.1565%\">Dr. \u00c1d\u00e1m \u00c1gota M\u00e1ria<\/td>\n<td style=\"width: 58.8435%\">Anat\u00f3miai, Sz\u00f6vet- \u00e9s Fejl\u0151d\u00e9stani Int\u00e9zet<\/td>\n<\/tr>\n<tr>\n<td style=\"width: 41.1565%\">Dr. Balla Andr\u00e1s<\/td>\n<td style=\"width: 58.8435%\">\u00c9lettani Int\u00e9zet<\/td>\n<\/tr>\n<tr>\n<td style=\"width: 41.1565%\">Csajb\u00f3kn\u00e9 dr. Csobod \u00c9va<\/td>\n<td style=\"width: 58.8435%\">ETK Dietetikai \u00e9s T\u00e1pl\u00e1lkoz\u00e1studom\u00e1nyi Tansz\u00e9k<\/td>\n<\/tr>\n<tr>\n<td style=\"width: 41.1565%\">Dr. Ittz\u00e9s D\u00e1niel<\/td>\n<td style=\"width: 58.8435%\">Szaknyelvi Int\u00e9zet<\/td>\n<\/tr>\n<tr>\n<td style=\"width: 41.1565%\">Dr. K\u00e1llai-Szab\u00f3 Nikolett<\/td>\n<td style=\"width: 58.8435%\">GYTK Gy\u00f3gyszer\u00e9szeti Int\u00e9zet<\/td>\n<\/tr>\n<tr>\n<td style=\"width: 41.1565%\">Dr. Kempler P\u00e9ter<\/td>\n<td style=\"width: 58.8435%\">Belgy\u00f3gy\u00e1szati \u00e9s Onkol\u00f3giai Klinika<\/td>\n<\/tr>\n<tr>\n<td style=\"width: 41.1565%\">Dr. Mascher R\u00f3bert<\/td>\n<td style=\"width: 58.8435%\">Hum\u00e1ntudom\u00e1nyi Int\u00e9zet<\/td>\n<\/tr>\n<tr>\n<td style=\"width: 41.1565%\">Dr. Riba P\u00e1l<\/td>\n<td style=\"width: 58.8435%\">Farmakol\u00f3giai \u00e9s Farmakoter\u00e1pi\u00e1s Int\u00e9zet<\/td>\n<\/tr>\n<tr>\n<td style=\"width: 41.1565%\">Dr. Szentp\u00e9teri Sz\u00f3fia Katalin<\/td>\n<td style=\"width: 58.8435%\">Arc- \u00c1llcsont- Sz\u00e1jseb\u00e9szeti \u00e9s Fog\u00e1szati Klinika<\/td>\n<\/tr>\n<\/tbody>\n<\/table>\n\n<\/div><h2 class=\"tabtitle\">2021<\/h2>\n<div class=\"tabcontent\">\n\n<p><strong><u>2021. \u00e9vben:<\/u><\/strong><\/p>\n<table style=\"border-collapse: collapse;width: 100%\">\n<tbody>\n<tr>\n<td style=\"width: 41.1565%\">Dr. Kopp\u00e1ny Ferenc<\/td>\n<td style=\"width: 58.8435%\">Arc-\u00c1llcsont-Sz\u00e1jseb\u00e9szeti \u00e9s Fog\u00e1szati Klinika<\/td>\n<\/tr>\n<tr>\n<td style=\"width: 41.1565%\">Mih\u00e1lyn\u00e9 Hidv\u00e9gi M\u00e1rta<\/td>\n<td style=\"width: 58.8435%\">ETK \u00c1pol\u00e1stan Tansz\u00e9k<\/td>\n<\/tr>\n<tr>\n<td style=\"width: 41.1565%\">Dr. V\u00f6lgyi Gergely<\/td>\n<td style=\"width: 58.8435%\">Gy\u00f3gyszer\u00e9szi K\u00e9miai Int\u00e9zet<\/td>\n<\/tr>\n<tr>\n<td style=\"width: 41.1565%\">Dr. Matos L\u00e1szl\u00f3 K\u00e1roly<\/td>\n<td style=\"width: 58.8435%\">Hum\u00e1ntudom\u00e1nyi Int\u00e9zet<\/td>\n<\/tr>\n<tr>\n<td style=\"width: 41.1565%\">Dr. Matolcsy Andr\u00e1s<\/td>\n<td style=\"width: 58.8435%\">I.Sz. Patol\u00f3giai \u00e9s K\u00eds\u00e9rleti R\u00e1kkutat\u00f3 Int\u00e9zet<\/td>\n<\/tr>\n<tr>\n<td style=\"width: 41.1565%\">Dr. Nagy P\u00e1l Gy\u00f6rgy<\/td>\n<td style=\"width: 58.8435%\">Parodontol\u00f3giai Klinika<\/td>\n<\/tr>\n<tr>\n<td style=\"width: 41.1565%\">Dr. Tolna Judit<\/td>\n<td style=\"width: 58.8435%\">Pszichi\u00e1triai \u00e9s Pszichoter\u00e1pi\u00e1s Klinika<\/td>\n<\/tr>\n<tr>\n<td style=\"width: 41.1565%\">Dr. Ivanics Tam\u00e1s<\/td>\n<td style=\"width: 58.8435%\">Transzl\u00e1ci\u00f3s Medicina Int\u00e9zet<\/td>\n<\/tr>\n<\/tbody>\n<\/table>\n\n<\/div><h2 class=\"tabtitle\">2020<\/h2>\n<div class=\"tabcontent\">\n\n<p><strong><u>2020. \u00e9vben:<\/u><\/strong><\/p>\n<table id=\"tablepress-42\" class=\"tablepress tablepress-id-42 dataTable no-footer\" style=\"width: 99.9093%;height: 168px\" role=\"grid\" aria-describedby=\"tablepress-42_info\">\n<tbody class=\"row-hover\">\n<tr class=\"row-1115 even\" style=\"height: 28px\" role=\"row\">\n<td class=\"column-2\" style=\"width: 26.8392%;height: 28px\">Dr. P\u00e1pai Tibor<\/td>\n<td class=\"column-3\" style=\"width: 65.5313%;height: 28px\">Alkalmazott Eg\u00e9szs\u00e9gtudom\u00e1nyi Int\u00e9zet, \u00c1pol\u00e1stani Tansz\u00e9k<\/td>\n<\/tr>\n<tr class=\"row-1116 odd\" style=\"height: 28px\" role=\"row\">\n<td class=\"column-2\" style=\"width: 26.8392%;height: 28px\">Dr. B\u00e9rczy Kinga<\/td>\n<td class=\"column-3\" style=\"width: 65.5313%;height: 28px\">Arc- \u00c1llcsont- Sz\u00e1jseb\u00e9szeti \u00e9s Fog\u00e1szati Klinika<\/td>\n<\/tr>\n<tr class=\"row-1117 even\" style=\"height: 28px\" role=\"row\">\n<td class=\"column-2\" style=\"width: 26.8392%;height: 28px\">Dr. Hank\u00f3 Bal\u00e1zs Zolt\u00e1n<\/td>\n<td class=\"column-3\" style=\"width: 65.5313%;height: 28px\">Egyetemi Gy\u00f3gyszert\u00e1r Gy\u00f3gyszer\u00fcgyi Szervez\u00e9si Int\u00e9zet<\/td>\n<\/tr>\n<tr class=\"row-1118 odd\" style=\"height: 28px\" role=\"row\">\n<td class=\"column-2\" style=\"width: 26.8392%;height: 28px\">Dr. Kiss Levente<\/td>\n<td class=\"column-3\" style=\"width: 65.5313%;height: 28px\">\u00c9lettani Int\u00e9zet<\/td>\n<\/tr>\n<tr class=\"row-1119 even\" style=\"height: 28px\" role=\"row\">\n<td class=\"column-2\" style=\"width: 26.8392%;height: 28px\">Feket\u00e9n\u00e9 Dr. Szab\u00f3 \u00c9va<\/td>\n<td class=\"column-3\" style=\"width: 65.5313%;height: 28px\">Kondukt\u00edv Pedag\u00f3giai Int\u00e9zet<\/td>\n<\/tr>\n<tr class=\"row-1120 odd\" style=\"height: 28px\" role=\"row\">\n<td class=\"column-2\" style=\"width: 26.8392%;height: 28px\">Dr. Bejek Zolt\u00e1n<\/td>\n<td class=\"column-3\" style=\"width: 65.5313%;height: 28px\">Ortop\u00e9diai Klinika<\/td>\n<\/tr>\n<\/tbody>\n<\/table>\n\n<\/div><h2 class=\"tabtitle\">2019<\/h2>\n<div class=\"tabcontent\">\n\n<p><strong><u>2019. \u00e9vben:<\/u><\/strong><\/p>\n<table id=\"tablepress-42\" class=\"tablepress tablepress-id-42 dataTable no-footer\" style=\"width: 99.9093%;height: 252px\" role=\"grid\" aria-describedby=\"tablepress-42_info\">\n<tbody class=\"row-hover\">\n<tr class=\"row-864 even\" style=\"height: 28px\" role=\"row\">\n<td class=\"column-2\" style=\"width: 32.0163%;height: 28px\">Dr. P\u00e1lfi Erzs\u00e9bet<\/td>\n<td class=\"column-3\" style=\"width: 60.0817%;height: 28px\">Alkalmazott Eg\u00e9szs\u00e9gtudom\u00e1nyi Int\u00e9zet<\/td>\n<\/tr>\n<tr class=\"row-865 odd\" style=\"height: 28px\" role=\"row\">\n<td class=\"column-2\" style=\"width: 32.0163%;height: 28px\">Dr. Alp\u00e1r Al\u00e1n<\/td>\n<td class=\"column-3\" style=\"width: 60.0817%;height: 28px\">Anat\u00f3miai, Sz\u00f6vet- \u00e9s Fejl\u0151d\u00e9stani Int\u00e9zet<\/td>\n<\/tr>\n<tr class=\"row-866 even\" style=\"height: 28px\" role=\"row\">\n<td class=\"column-2\" style=\"width: 32.0163%;height: 28px\">Dr. Kov\u00e1cs Aranka Katalin<\/td>\n<td class=\"column-3\" style=\"width: 60.0817%;height: 28px\">Eg\u00e9szs\u00e9gfejleszt\u00e9si \u00e9s Klinikai M\u00f3dszertani Int\u00e9zet<\/td>\n<\/tr>\n<tr class=\"row-867 odd\" style=\"height: 28px\" role=\"row\">\n<td class=\"column-2\" style=\"width: 32.0163%;height: 28px\">Dr. V\u00e1rnai P\u00e9ter<\/td>\n<td class=\"column-3\" style=\"width: 60.0817%;height: 28px\">\u00c9lettani Int\u00e9zet<\/td>\n<\/tr>\n<tr class=\"row-868 even\" style=\"height: 28px\" role=\"row\">\n<td class=\"column-2\" style=\"width: 32.0163%;height: 28px\">Dr. Hermann P\u00e9ter<\/td>\n<td class=\"column-3\" style=\"width: 60.0817%;height: 28px\">Fogp\u00f3tl\u00e1stani Klinika<\/td>\n<\/tr>\n<tr class=\"row-869 odd\" style=\"height: 28px\" role=\"row\">\n<td class=\"column-2\" style=\"width: 32.0163%;height: 28px\">Dr. Horv\u00e1th P\u00e9ter<\/td>\n<td class=\"column-3\" style=\"width: 60.0817%;height: 28px\">Gy\u00f3gyszer\u00e9szi K\u00e9miai Int\u00e9zet<\/td>\n<\/tr>\n<tr class=\"row-870 even\" style=\"height: 28px\" role=\"row\">\n<td class=\"column-2\" style=\"width: 32.0163%;height: 28px\">Dr. Magyar L\u00f3r\u00e1nt Gergely<\/td>\n<td class=\"column-3\" style=\"width: 60.0817%;height: 28px\">Igazs\u00e1g\u00fcgyi \u00e9s Biztos\u00edt\u00e1s-orvostani Int\u00e9zet<\/td>\n<\/tr>\n<tr class=\"row-871 odd\" style=\"height: 28px\" role=\"row\">\n<td class=\"column-2\" style=\"width: 32.0163%;height: 28px\">Horv\u00e1thn\u00e9 K\u00e1llay Zs\u00f3fia<\/td>\n<td class=\"column-3\" style=\"width: 60.0817%;height: 28px\">Kondukt\u00edv Pedag\u00f3giai Int\u00e9zet<\/td>\n<\/tr>\n<tr class=\"row-872 even\" style=\"height: 28px\" role=\"row\">\n<td class=\"column-2\" style=\"width: 32.0163%;height: 28px\">Dr. V\u00e1g J\u00e1nos<\/td>\n<td class=\"column-3\" style=\"width: 60.0817%;height: 28px\">Konzerv\u00e1l\u00f3 Fog\u00e1szati Klinika<\/td>\n<\/tr>\n<\/tbody>\n<\/table>\n\n<\/div><h2 class=\"tabtitle\">2018<\/h2>\n<div class=\"tabcontent\">\n\n<p><strong><u>2018. \u00e9vben:<\/u><\/strong><\/p>\n<table id=\"tablepress-42\" class=\"tablepress tablepress-id-42 dataTable no-footer\" style=\"width: 99.9093%\" role=\"grid\" aria-describedby=\"tablepress-42_info\">\n<tbody class=\"row-hover\">\n<tr class=\"row-626 odd\" role=\"row\">\n<td class=\"column-2\" style=\"width: 26.0218%\">Dr. Belicza \u00c9va<\/td>\n<td class=\"column-3\" style=\"width: 66.3488%\">EKK Menedzserk\u00e9pz\u0151 K\u00f6zpont<\/td>\n<\/tr>\n<tr class=\"row-627 even\" role=\"row\">\n<td class=\"column-2\" style=\"width: 26.0218%\">Dr. B\u00e9ni Szabolcs<\/td>\n<td class=\"column-3\" style=\"width: 66.3488%\">GYTK Farmakogn\u00f3ziai Int\u00e9zet<\/td>\n<\/tr>\n<tr class=\"row-628 odd\" role=\"row\">\n<td class=\"column-2\" style=\"width: 26.0218%\">Vaszin\u00e9 Dr. Szab\u00f3 Enik\u0151<\/td>\n<td class=\"column-3\" style=\"width: 66.3488%\">Konzerv\u00e1l\u00f3 Fog\u00e1szati Klinika<\/td>\n<\/tr>\n<tr class=\"row-629 even\" role=\"row\">\n<td class=\"column-2\" style=\"width: 26.0218%\">Dr. R\u00f3nai Zsolt<\/td>\n<td class=\"column-3\" style=\"width: 66.3488%\">Orvosi Vegytani, Molekul\u00e1ris Biol\u00f3giai \u00e9s Patobiok\u00e9miai Int\u00e9zet<\/td>\n<\/tr>\n<tr class=\"row-630 odd\" role=\"row\">\n<td class=\"column-2\" style=\"width: 26.0218%\">Dr. Hagym\u00e1si Krisztina<\/td>\n<td class=\"column-3\" style=\"width: 66.3488%\">SE \u00c1OK II. Belgy\u00f3gy\u00e1szati Klinika<\/td>\n<\/tr>\n<tr class=\"row-631 even\" role=\"row\">\n<td class=\"column-2\" style=\"width: 26.0218%\">Dr. M\u00e1k Erzs\u00e9bet<\/td>\n<td class=\"column-3\" style=\"width: 66.3488%\">SE Eg\u00e9szs\u00e9gtudom\u00e1nyi Kar<br \/>\nDietetikai \u00e9s T\u00e1pl\u00e1lkoz\u00e1studom\u00e1nyi Tansz\u00e9k<\/td>\n<\/tr>\n<tr class=\"row-632 odd\" role=\"row\">\n<td class=\"column-2\" style=\"width: 26.0218%\">Friedrichn\u00e9 Nagy Andrea<\/td>\n<td class=\"column-3\" style=\"width: 66.3488%\">SE Eg\u00e9szs\u00e9gtudom\u00e1nyi Kar Fizioter\u00e1piai Tansz\u00e9k<\/td>\n<\/tr>\n<tr class=\"row-633 even\" role=\"row\">\n<td class=\"column-2\" style=\"width: 26.0218%\">Dr. Kat\u00f3 Erzs\u00e9bet<\/td>\n<td class=\"column-3\" style=\"width: 66.3488%\">SE Farmakol\u00f3giai \u00e9s Farmakoter\u00e1pi\u00e1s Int\u00e9zet<\/td>\n<\/tr>\n<\/tbody>\n<\/table>\n\n<\/div><h2 class=\"tabtitle\">2017<\/h2>\n<div class=\"tabcontent\">\n\n<p><strong><u>2017. \u00e9vben:<\/u><\/strong><\/p>\n<table id=\"tablepress-42\" class=\"tablepress tablepress-id-42 dataTable no-footer\" style=\"width: 99.9093%\" role=\"grid\" aria-describedby=\"tablepress-42_info\">\n<tbody class=\"row-hover\">\n<tr class=\"row-373 odd\" role=\"row\">\n<td class=\"column-2\" style=\"width: 25.0681%\">Dr. N\u00e9meth Anna<\/td>\n<td class=\"column-3\" style=\"width: 67.4387%\">Anat\u00f3miai,Sz\u00f6vet-\u00e9s Fejl\u0151d\u00e9stani Int\u00e9zet<\/td>\n<\/tr>\n<tr class=\"row-374 even\" role=\"row\">\n<td class=\"column-2\" style=\"width: 25.0681%\">Simk\u00f3 Katalin<\/td>\n<td class=\"column-3\" style=\"width: 67.4387%\">\u00c1pol\u00e1stan Tansz\u00e9k<\/td>\n<\/tr>\n<tr class=\"row-375 odd\" role=\"row\">\n<td class=\"column-2\" style=\"width: 25.0681%\">Dr. Jo\u00f3b-Fancsaly \u00c1rp\u00e1d<\/td>\n<td class=\"column-3\" style=\"width: 67.4387%\">Arc-\u00c1llcsont-Sz\u00e1jseb\u00e9szeti \u00e9s Fog\u00e1szati Klinika<\/td>\n<\/tr>\n<tr class=\"row-376 even\" role=\"row\">\n<td class=\"column-2\" style=\"width: 25.0681%\">Dr. Ga\u00e1l P\u00e9ter<\/td>\n<td class=\"column-3\" style=\"width: 67.4387%\">Eg\u00e9szs\u00e9g\u00fcgyi Menedzserk\u00e9pz\u0151 K\u00f6zpont<\/td>\n<\/tr>\n<tr class=\"row-377 odd\" role=\"row\">\n<td class=\"column-2\" style=\"width: 25.0681%\">Dr. Sz\u00f3cska Mikl\u00f3s<\/td>\n<td class=\"column-3\" style=\"width: 67.4387%\">Eg\u00e9szs\u00e9g\u00fcgyi Menedzserk\u00e9pz\u0151 K\u00f6zpont<\/td>\n<\/tr>\n<tr class=\"row-378 even\" role=\"row\">\n<td class=\"column-2\" style=\"width: 25.0681%\">Dr. Miklya Ildik\u00f3<\/td>\n<td class=\"column-3\" style=\"width: 67.4387%\">Farmakol\u00f3giai \u00e9s Farmakoter\u00e1pi\u00e1s Int\u00e9zet<\/td>\n<\/tr>\n<tr class=\"row-379 odd\" role=\"row\">\n<td class=\"column-2\" style=\"width: 25.0681%\">Dr. Ker\u00e9mi Be\u00e1ta<\/td>\n<td class=\"column-3\" style=\"width: 67.4387%\">Or\u00e1lbiol\u00f3giai Tansz\u00e9k<\/td>\n<\/tr>\n<tr class=\"row-380 even\" role=\"row\">\n<td class=\"column-2\" style=\"width: 25.0681%\">Dr. Gell\u00e9r L\u00e1szl\u00f3<\/td>\n<td class=\"column-3\" style=\"width: 67.4387%\">V\u00e1rosmajori Sz\u00edv- \u00e9s \u00c9rgy\u00f3gy\u00e1szati Klinika Kardiol\u00f3giai Tansz\u00e9k<\/td>\n<\/tr>\n<\/tbody>\n<\/table>\n\n<\/div><h2 class=\"tabtitle\">2016<\/h2>\n<div class=\"tabcontent\">\n\n<p><strong><u>2016. \u00e9vben:<\/u><\/strong><\/p>\n<table id=\"tablepress-42\" class=\"tablepress tablepress-id-42 dataTable no-footer\" style=\"width: 99.9093%;height: 168px\" role=\"grid\" aria-describedby=\"tablepress-42_info\">\n<tbody class=\"row-hover\">\n<tr class=\"row-165 odd\" style=\"height: 28px\" role=\"row\">\n<td class=\"column-2\" style=\"width: 34.3324%;height: 28px\">Fogarasi-Grenczer Andrea<\/td>\n<td class=\"column-3\" style=\"width: 57.6294%;height: 28px\">ETK Csal\u00e1dgondoz\u00e1si M\u00f3dszertani Tansz\u00e9k<\/td>\n<\/tr>\n<tr class=\"row-166 even\" style=\"height: 28px\" role=\"row\">\n<td class=\"column-2\" style=\"width: 34.3324%;height: 28px\">Dr. Varga Zsuzsanna<\/td>\n<td class=\"column-3\" style=\"width: 57.6294%;height: 28px\">ETK Dietetikai \u00e9s T\u00e1pl\u00e1lkoz\u00e1stud.Tansz\u00e9k<\/td>\n<\/tr>\n<tr class=\"row-167 odd\" style=\"height: 28px\" role=\"row\">\n<td class=\"column-2\" style=\"width: 34.3324%;height: 28px\">Dr. Z\u00e1dori Zolt\u00e1n S\u00e1ndor<\/td>\n<td class=\"column-3\" style=\"width: 57.6294%;height: 28px\">Farmakol\u00f3giai \u00e9s Farmakoter\u00e1pi\u00e1s Int\u00e9zet<\/td>\n<\/tr>\n<tr class=\"row-168 even\" style=\"height: 28px\" role=\"row\">\n<td class=\"column-2\" style=\"width: 34.3324%;height: 28px\">Dr. Arat\u00f3 Andr\u00e1s<\/td>\n<td class=\"column-3\" style=\"width: 57.6294%;height: 28px\">I.Sz.Gyermekgy\u00f3gy\u00e1szati Klinika<\/td>\n<\/tr>\n<tr class=\"row-169 odd\" style=\"height: 28px\" role=\"row\">\n<td class=\"column-2\" style=\"width: 34.3324%;height: 28px\">Dr. Becker D\u00e1vid<\/td>\n<td class=\"column-3\" style=\"width: 57.6294%;height: 28px\">Kardiol\u00f3giai Tansz\u00e9k<\/td>\n<\/tr>\n<tr class=\"row-170 even\" style=\"height: 28px\" role=\"row\">\n<td class=\"column-2\" style=\"width: 34.3324%;height: 28px\">Dr. Dombi Csaba<\/td>\n<td class=\"column-3\" style=\"width: 57.6294%;height: 28px\">Or\u00e1lis Diagnosztikai Tansz\u00e9k<\/td>\n<\/tr>\n<\/tbody>\n<\/table>\n<\/div><\/div>\n","protected":false},"excerpt":{"rendered":"<p>A kit\u00fcntet\u00e9st az a munkaviszonyban \u00e1ll\u00f3 egyetemi oktat\u00f3 kaphatja, aki t\u00f6bb \u00e9ven \u00e1t kiemelked\u0151 eredm\u00e9nnyel oktatta \u00e9s nevelte az egyetemi hallgat\u00f3kat, \u00e9s etikai, emberi magatart\u00e1sa is p\u00e9ldak\u00e9nt \u00e1ll\u00edthat\u00f3 az ifj\u00fas\u00e1g el\u00e9. A kit\u00fcntet\u00e9sre javaslatot tehetnek: a) rektor, b) karok d\u00e9k\u00e1njai, c) oktat\u00e1si szervezeti egys\u00e9gek vezet\u0151i, d) Hallgat\u00f3i \u00d6nkorm\u00e1nyzat. Az \u00e9vente legfeljebb kilenc kit\u00fcntet\u00e9sr\u0151l a Szen\u00e1tus &hellip;<\/p>\n","protected":false},"author":101470,"featured_media":0,"parent":2811,"menu_order":3,"comment_status":"closed","ping_status":"closed","template":"","meta":{"_acf_changed":false,"footnotes":""},"categories":[],"tags":[],"class_list":["post-2825","page","type-page","status-publish","hentry"],"acf":[],"_links":{"self":[{"href":"https:\/\/semmelweis.hu\/oktatasmodszertan\/wp-json\/wp\/v2\/pages\/2825","targetHints":{"allow":["GET"]}}],"collection":[{"href":"https:\/\/semmelweis.hu\/oktatasmodszertan\/wp-json\/wp\/v2\/pages"}],"about":[{"href":"https:\/\/semmelweis.hu\/oktatasmodszertan\/wp-json\/wp\/v2\/types\/page"}],"author":[{"embeddable":true,"href":"https:\/\/semmelweis.hu\/oktatasmodszertan\/wp-json\/wp\/v2\/users\/101470"}],"replies":[{"embeddable":true,"href":"https:\/\/semmelweis.hu\/oktatasmodszertan\/wp-json\/wp\/v2\/comments?post=2825"}],"version-history":[{"count":10,"href":"https:\/\/semmelweis.hu\/oktatasmodszertan\/wp-json\/wp\/v2\/pages\/2825\/revisions"}],"predecessor-version":[{"id":3771,"href":"https:\/\/semmelweis.hu\/oktatasmodszertan\/wp-json\/wp\/v2\/pages\/2825\/revisions\/3771"}],"up":[{"embeddable":true,"href":"https:\/\/semmelweis.hu\/oktatasmodszertan\/wp-json\/wp\/v2\/pages\/2811"}],"wp:attachment":[{"href":"https:\/\/semmelweis.hu\/oktatasmodszertan\/wp-json\/wp\/v2\/media?parent=2825"}],"wp:term":[{"taxonomy":"category","embeddable":true,"href":"https:\/\/semmelweis.hu\/oktatasmodszertan\/wp-json\/wp\/v2\/categories?post=2825"},{"taxonomy":"post_tag","embeddable":true,"href":"https:\/\/semmelweis.hu\/oktatasmodszertan\/wp-json\/wp\/v2\/tags?post=2825"}],"curies":[{"name":"wp","href":"https:\/\/api.w.org\/{rel}","templated":true}]}}