{"id":2796,"date":"2021-04-08T14:08:17","date_gmt":"2021-04-08T12:08:17","guid":{"rendered":"https:\/\/semmelweis.hu\/oktatasmodszertan\/?page_id=2796"},"modified":"2026-03-09T13:59:40","modified_gmt":"2026-03-09T12:59:40","slug":"omhv","status":"publish","type":"page","link":"https:\/\/semmelweis.hu\/oktatasmodszertan\/oktatasertekeles\/omhv\/","title":{"rendered":"OMHV"},"content":{"rendered":"<p style=\"text-align: left\"><span style=\"font-size: 14pt\"><strong>Az oktat\u00f3i munka hallgat\u00f3i v\u00e9lem\u00e9nyez\u00e9s\u00e9nek (OMHV) c\u00e9lja, hogy a hallgat\u00f3k v\u00e9lem\u00e9ny\u00e9nek megismer\u00e9s\u00e9vel hozz\u00e1j\u00e1ruljon a Semmelweis Egyetemen foly\u00f3 oktat\u00e1s sz\u00ednvonal\u00e1nak emel\u00e9s\u00e9hez. Lebonyol\u00edt\u00e1sa a <a href=\"https:\/\/semmelweis.hu\/oktatasmodszertan\/files\/2022\/08\/SZMSZ_HKR_III_KONYV_III_8_RESZ_Az_OMHV_rendje_hatalyos_2021_04_15-tol.pdf\" target=\"_blank\" rel=\"noopener\">Szervezeti \u00e9s M\u0171k\u00f6d\u00e9si Szab\u00e1lyzat<\/a> alapj\u00e1n t\u00f6rt\u00e9nik, eredm\u00e9nyeit \u00e9s az int\u00e9zked\u00e9si terveket pedig <a href=\"https:\/\/seka.semmelweis.hu\/\" target=\"_blank\" rel=\"noopener noreferrer\">SeKA-hozz\u00e1f\u00e9r\u00e9s<\/a> birtok\u00e1ban minden egyetemi polg\u00e1r megtekintheti (a tan\u00e9v f\u00fcggv\u00e9ny\u00e9ben) a <a href=\"https:\/\/feedback.semmelweis.hu\/\" target=\"_blank\" rel=\"noopener\">https:\/\/feedback.semmelweis.hu\/<\/a> honlapon, valamint a Moodle e-learning rendszerben (bejelentkez\u00e9s ut\u00e1n az &#8222;Iratkoztasson be&#8221; gombra kattintva).<\/strong><\/span><\/p>\n<p><img loading=\"lazy\" decoding=\"async\" class=\"alignleft  wp-image-2072\" src=\"https:\/\/semmelweis.hu\/oktatasmodszertan\/files\/2020\/07\/omhv.png\" alt=\"\" width=\"392\" height=\"260\" srcset=\"https:\/\/semmelweis.hu\/oktatasmodszertan\/files\/2020\/07\/omhv.png 567w, https:\/\/semmelweis.hu\/oktatasmodszertan\/files\/2020\/07\/omhv-400x266.png 400w, https:\/\/semmelweis.hu\/oktatasmodszertan\/files\/2020\/07\/omhv-203x135.png 203w\" sizes=\"auto, (max-width: 392px) 100vw, 392px\" \/><\/p>\n<p>&nbsp;<\/p>\n<p>&nbsp;<\/p>\n<p>&nbsp;<\/p>\n<p>&nbsp;<\/p>\n<p>&nbsp;<\/p>\n<p>&nbsp;<\/p>\n<div class=\"responsive-tabs\">\n<h2 class=\"tabtitle\">2024\/25<\/h2>\n<div class=\"tabcontent\">\n\n<table style=\"border-collapse: collapse;width: 100%\">\n<tbody>\n<tr>\n<td style=\"width: 100%\"><em>Az eredm\u00e9nyek ebben az \u00e9vben m\u00e1r k\u00f6nnyebben hozz\u00e1f\u00e9rhet\u0151en, egy meg\u00fajult \u00e9s adatbiztons\u00e1gi szempontb\u00f3l is alkalmasabb fel\u00fcleten \u00e9rhet\u0151ek el a\u00a0<a href=\"https:\/\/feedback.semmelweis.hu\/feedback\/\" target=\"_blank\" rel=\"noopener\">https:\/\/feedback.semmelweis.hu\/feedback\/<\/a>\u00a0oldalon kereszt\u00fcl. A hozz\u00e1f\u00e9r\u00e9s\u00a0<a href=\"https:\/\/semmelweis.hu\/oktatasmodszertan\/e-learning\/a-seka-azonositorol\/\" target=\"_blank\" rel=\"noopener\">SeKA-azonos\u00edt\u00f3val<\/a>\u00a0minden egyetemi polg\u00e1r sz\u00e1m\u00e1ra biztos\u00edtott.<\/em><\/td>\n<\/tr>\n<\/tbody>\n<\/table>\n\n<\/div><h2 class=\"tabtitle\">2023\/24<\/h2>\n<div class=\"tabcontent\">\n\n<table style=\"border-collapse: collapse;width: 100%\">\n<tbody>\n<tr>\n<td style=\"width: 100%\"><em>Az eredm\u00e9nyek ebben az \u00e9vben m\u00e1r k\u00f6nnyebben hozz\u00e1f\u00e9rhet\u0151en, egy meg\u00fajult \u00e9s adatbiztons\u00e1gi szempontb\u00f3l is alkalmasabb fel\u00fcleten \u00e9rhet\u0151ek el a\u00a0<a href=\"https:\/\/feedback.semmelweis.hu\/feedback\/\" target=\"_blank\" rel=\"noopener\">https:\/\/feedback.semmelweis.hu\/feedback\/<\/a>\u00a0oldalon kereszt\u00fcl. A hozz\u00e1f\u00e9r\u00e9s\u00a0<a href=\"https:\/\/semmelweis.hu\/oktatasmodszertan\/e-learning\/a-seka-azonositorol\/\" target=\"_blank\" rel=\"noopener\">SeKA-azonos\u00edt\u00f3val<\/a>\u00a0minden egyetemi polg\u00e1r sz\u00e1m\u00e1ra biztos\u00edtott.<\/em><\/td>\n<\/tr>\n<\/tbody>\n<\/table>\n\n<\/div><h2 class=\"tabtitle\">2022\/23<\/h2>\n<div class=\"tabcontent\">\n\n<table style=\"border-collapse: collapse;width: 100%\">\n<tbody>\n<tr>\n<td style=\"width: 100%\"><em>Az eredm\u00e9nyek ebben az \u00e9vben m\u00e1r k\u00f6nnyebben hozz\u00e1f\u00e9rhet\u0151en, egy meg\u00fajult \u00e9s adatbiztons\u00e1gi szempontb\u00f3l is alkalmasabb fel\u00fcleten \u00e9rhet\u0151ek el a\u00a0<a href=\"https:\/\/feedback.semmelweis.hu\/feedback\/\" target=\"_blank\" rel=\"noopener\">https:\/\/feedback.semmelweis.hu\/feedback\/<\/a>\u00a0oldalon kereszt\u00fcl. A hozz\u00e1f\u00e9r\u00e9s\u00a0<a href=\"https:\/\/semmelweis.hu\/oktatasmodszertan\/e-learning\/a-seka-azonositorol\/\" target=\"_blank\" rel=\"noopener\">SeKA-azonos\u00edt\u00f3val<\/a>\u00a0minden egyetemi polg\u00e1r sz\u00e1m\u00e1ra biztos\u00edtott.<\/em><\/td>\n<\/tr>\n<\/tbody>\n<\/table>\n\n<\/div><h2 class=\"tabtitle\">2021\/22<\/h2>\n<div class=\"tabcontent\">\n\n<p><a class=\"button\" href=\"https:\/\/itc.semmelweis.hu\/moodle\/course\/view.php?id=2284\" target=\"_blank\" rel=\"noopener\">2021\/22. tan\u00e9v 1. f\u00e9l\u00e9v<\/a><\/p>\n<p><a class=\"button\" href=\"https:\/\/itc.semmelweis.hu\/moodle\/course\/view.php?id=2622\" target=\"_blank\" rel=\"noopener\">2021\/22. tan\u00e9v 2. f\u00e9l\u00e9v<\/a><\/p>\n\n<\/div><h2 class=\"tabtitle\">2020\/21<\/h2>\n<div class=\"tabcontent\">\n\n<p><a class=\"button\" href=\"https:\/\/itc.semmelweis.hu\/moodle\/course\/view.php?id=247\" target=\"_blank\" rel=\"noopener noreferrer\">2020\/21. tan\u00e9v 1. f\u00e9l\u00e9v<\/a><\/p>\n<p><a class=\"button\" href=\"https:\/\/itc.semmelweis.hu\/moodle\/course\/view.php?id=246\" target=\"_blank\" rel=\"noopener noreferrer\">2020\/21. tan\u00e9v 2. f\u00e9l\u00e9v<\/a><\/p>\n\n<\/div><h2 class=\"tabtitle\">2019\/20<\/h2>\n<div class=\"tabcontent\">\n\n<p><a class=\"button\" href=\"https:\/\/itc.semmelweis.hu\/moodle\/course\/view.php?id=248\" target=\"_blank\" rel=\"noopener noreferrer\">2019\/20. tan\u00e9v 2. f\u00e9l\u00e9v<\/a><\/p>\n<p><\/div><\/div> <span style=\"font-size: 1rem\">Az OMHV m\u0171k\u00f6dtet\u00e9s\u00e9t \u00e9s lebonyol\u00edt\u00e1s\u00e1t az Oktat\u00e1sfejleszt\u00e9si, -m\u00f3dszertani \u00e9s -szervez\u00e9si K\u00f6zpontja (OFMSZK) biztos\u00edtja az adott kar d\u00e9k\u00e1nj\u00e1nak szakmai fel\u00fcgyelet\u00e9vel. A k\u00e9rd\u0151\u00edvek feldolgoz\u00e1s\u00e1t (\u00f6sszes\u00edt\u00e9s\u00e9t, statisztikai sz\u00e1m\u00edt\u00e1sok \u00e9s elemz\u00e9sek elv\u00e9gz\u00e9s\u00e9t) szervezeti egys\u00e9g\u00fcnk a k\u00e9rd\u0151\u00edv lez\u00e1r\u00e1s\u00e1t k\u00f6vet\u0151 30 napon bel\u00fcl v\u00e9gzi el.\u00a0<\/span><\/p>\n<p>A k\u00e9rd\u0151\u00edvek feldolgoz\u00e1s\u00e1t k\u00f6vet\u0151en az \u00e9rt\u00e9kel\u00e9sek ismertet\u00e9s\u00e9t\u0151l sz\u00e1m\u00edtott 30 napon bel\u00fcl az \u00e9rintett int\u00e9zet vezet\u0151je <strong>int\u00e9zked\u00e9si tervet<\/strong> k\u00e9sz\u00edt, amelyet a <a href=\"http:\/\/feedback.semmelweis.hu\">feedback.semmelweis.hu<\/a>-n k\u00f6zz\u00e9tesz. Az int\u00e9zked\u00e9si tervet az adott oktat\u00e1si nyelv szerinti nyelven kell k\u00f6zz\u00e9tenni.<\/p>\n<p><a class=\"button\" href=\"https:\/\/semmelweis.hu\/oktatasmodszertan\/files\/2025\/02\/Szempontok-es-sablonok-az-intezkedesi-tervekhez-2024.docx\" target=\"_blank\" rel=\"noopener\">INT\u00c9ZKED\u00c9SI TERV SABLON<\/a><\/p>\n<p><strong>Valamennyi oktat\u00f3ra vonatkoz\u00f3 eredm\u00e9nyt<\/strong> &#8211; nem azonos\u00edthat\u00f3 m\u00f3don &#8211; \u00e9s <strong>az \u00f6sszes\u00edtett eredm\u00e9nyeket<\/strong> az Egyetem polg\u00e1rai sz\u00e1m\u00e1ra \u2013 csak \u00e1ltaluk el\u00e9rhet\u0151 m\u00f3don \u2013 hozz\u00e1f\u00e9rhet\u0151v\u00e9 kell tenni. A kar vezet\u0151je teszi k\u00f6zz\u00e9 az \u00f6sszes\u00edtett eredm\u00e9nyeket, az int\u00e9zet vezet\u0151je pedig az egyes tant\u00e1rgyak eredm\u00e9nyeit \u00e9vfolyamokra bontva.<\/p>\n<p><strong>Az OFMSZK \u00e9s a H\u00d6K hallgat\u00f3i visszajelz\u00e9sekr\u0151l sz\u00f3l\u00f3 \u00f6sszefoglal\u00f3ja az al\u00e1bbi linkekr\u0151l t\u00f6lthet\u0151 le:<\/strong><\/p>\n<p><a class=\"button\" href=\"https:\/\/semmelweis.hu\/oktatasmodszertan\/files\/2022\/07\/OMHV-2022_06-HUN.pdf\" target=\"_blank\" rel=\"noopener\">\u00d6sszefoglal\u00f3 &#8211; OMHV (magyar)<\/a><\/p>\n<p><a class=\"button\" href=\"https:\/\/semmelweis.hu\/oktatasmodszertan\/files\/2022\/07\/OMHV-2022_06-ENG.pdf\" target=\"_blank\" rel=\"noopener\">\u00d6sszefoglal\u00f3 &#8211; OMHV (angol)<\/a><\/p>\n<p><a class=\"button\" href=\"https:\/\/semmelweis.hu\/oktatasmodszertan\/files\/2022\/07\/OMHV-2022_06-GER.pdf\" target=\"_blank\" rel=\"noopener\">\u00d6sszefoglal\u00f3 &#8211; OMHV (n\u00e9met)<\/a><\/p>\n<p>&nbsp;<\/p>\n","protected":false},"excerpt":{"rendered":"<p>Az oktat\u00f3i munka hallgat\u00f3i v\u00e9lem\u00e9nyez\u00e9s\u00e9nek (OMHV) c\u00e9lja, hogy a hallgat\u00f3k v\u00e9lem\u00e9ny\u00e9nek megismer\u00e9s\u00e9vel hozz\u00e1j\u00e1ruljon a Semmelweis Egyetemen foly\u00f3 oktat\u00e1s sz\u00ednvonal\u00e1nak emel\u00e9s\u00e9hez. Lebonyol\u00edt\u00e1sa a <a href=\"https:\/\/semmelweis.hu\/oktatasmodszertan\/files\/2022\/08\/SZMSZ_HKR_III_KONYV_III_8_RESZ_Az_OMHV_rendje_hatalyos_2021_04_15-tol.pdf\" target=\"_blank\" rel=\"noopener\">Szervezeti \u00e9s M\u0171k\u00f6d\u00e9si Szab\u00e1lyzat<\/a> alapj\u00e1n t\u00f6rt\u00e9nik, eredm\u00e9nyeit \u00e9s az int\u00e9zked\u00e9si terveket pedig <a href=\"https:\/\/seka.semmelweis.hu\/\" target=\"_blank\" rel=\"noopener noreferrer\">SeKA-hozz\u00e1f\u00e9r\u00e9s<\/a> birtok\u00e1ban minden egyetemi polg\u00e1r megtekintheti (a tan\u00e9v f\u00fcggv\u00e9ny\u00e9ben) a <a href=\"https:\/\/feedback.semmelweis.hu\/\" target=\"_blank\" rel=\"noopener\">https:\/\/feedback.semmelweis.hu\/<\/a> honlapon, valamint a Moodle e-learning rendszerben (bejelentkez\u00e9s ut\u00e1n az &#8222;Iratkoztasson be&#8221; gombra kattintva). &nbsp; &nbsp; &nbsp; &hellip;<\/p>\n","protected":false},"author":101470,"featured_media":0,"parent":2811,"menu_order":1,"comment_status":"closed","ping_status":"closed","template":"","meta":{"_acf_changed":false,"footnotes":""},"categories":[],"tags":[],"class_list":["post-2796","page","type-page","status-publish","hentry"],"acf":[],"_links":{"self":[{"href":"https:\/\/semmelweis.hu\/oktatasmodszertan\/wp-json\/wp\/v2\/pages\/2796","targetHints":{"allow":["GET"]}}],"collection":[{"href":"https:\/\/semmelweis.hu\/oktatasmodszertan\/wp-json\/wp\/v2\/pages"}],"about":[{"href":"https:\/\/semmelweis.hu\/oktatasmodszertan\/wp-json\/wp\/v2\/types\/page"}],"author":[{"embeddable":true,"href":"https:\/\/semmelweis.hu\/oktatasmodszertan\/wp-json\/wp\/v2\/users\/101470"}],"replies":[{"embeddable":true,"href":"https:\/\/semmelweis.hu\/oktatasmodszertan\/wp-json\/wp\/v2\/comments?post=2796"}],"version-history":[{"count":10,"href":"https:\/\/semmelweis.hu\/oktatasmodszertan\/wp-json\/wp\/v2\/pages\/2796\/revisions"}],"predecessor-version":[{"id":6292,"href":"https:\/\/semmelweis.hu\/oktatasmodszertan\/wp-json\/wp\/v2\/pages\/2796\/revisions\/6292"}],"up":[{"embeddable":true,"href":"https:\/\/semmelweis.hu\/oktatasmodszertan\/wp-json\/wp\/v2\/pages\/2811"}],"wp:attachment":[{"href":"https:\/\/semmelweis.hu\/oktatasmodszertan\/wp-json\/wp\/v2\/media?parent=2796"}],"wp:term":[{"taxonomy":"category","embeddable":true,"href":"https:\/\/semmelweis.hu\/oktatasmodszertan\/wp-json\/wp\/v2\/categories?post=2796"},{"taxonomy":"post_tag","embeddable":true,"href":"https:\/\/semmelweis.hu\/oktatasmodszertan\/wp-json\/wp\/v2\/tags?post=2796"}],"curies":[{"name":"wp","href":"https:\/\/api.w.org\/{rel}","templated":true}]}}