{"id":2769,"date":"2021-03-29T14:57:23","date_gmt":"2021-03-29T12:57:23","guid":{"rendered":"https:\/\/semmelweis.hu\/oktatasmodszertan\/?page_id=2769"},"modified":"2024-10-02T10:58:14","modified_gmt":"2024-10-02T08:58:14","slug":"konferencia-beszamolok","status":"publish","type":"page","link":"https:\/\/semmelweis.hu\/oktatasmodszertan\/oktatasi-segedanyagok\/konferenciak\/konferencia-beszamolok\/","title":{"rendered":"Konferencia-besz\u00e1mol\u00f3k"},"content":{"rendered":"<table style=\"border-collapse: collapse;width: 100%;height: 559px\">\n<tbody>\n<tr style=\"height: 28px\">\n<td style=\"width: 50%;height: 28px\"><strong>KONFERENCIA\/WORKSHOP NEVE<\/strong><\/td>\n<td style=\"width: 25%;height: 28px\"><strong>D\u00c1TUM<\/strong><\/td>\n<td style=\"width: 25%;height: 28px\"><strong>BESZ\u00c1MOL\u00d3<\/strong><\/td>\n<\/tr>\n<tr>\n<td style=\"width: 50%\">AMEE 2024 \u2013 An International Association for Medical Education<\/td>\n<td style=\"width: 25%\">2024. augusztus 25-28.<\/td>\n<td style=\"width: 25%\"><a href=\"https:\/\/semmelweis.hu\/oktatasmodszertan\/files\/2024\/10\/AMEE2024_BASEL-osszefoglalo.pdf\" target=\"_blank\" rel=\"noopener\"><em>Let\u00f6lt\u00e9s<\/em><\/a><\/td>\n<\/tr>\n<tr style=\"height: 29px\">\n<td style=\"width: 50%;height: 29px\">MellearN &#8211; 20. Nemzeti \u00e9s nemzetk\u00f6zi lifelong learning konferencia<\/td>\n<td style=\"width: 25%;height: 29px\">2024. m\u00e1jus 15.<\/td>\n<td style=\"width: 25%;height: 29px\"><a href=\"https:\/\/semmelweis.hu\/oktatasmodszertan\/files\/2024\/07\/MellearN-konferencia_obuda_2024.pdf\" target=\"_blank\" rel=\"noopener\"><em>Let\u00f6lt\u00e9s<\/em><\/a><\/td>\n<\/tr>\n<tr style=\"height: 29px\">\n<td style=\"width: 50%;height: 29px\">APMEC 2024 &#8211; Artificial Intelligence in Health Professions Education<\/td>\n<td style=\"width: 25%;height: 29px\">2024. janu\u00e1r 15-21.<\/td>\n<td style=\"width: 25%;height: 29px\"><a href=\"https:\/\/semmelweis.hu\/oktatasmodszertan\/files\/2024\/04\/APMEC2024_COLOMBO-osszefoglalo.pdf\" target=\"_blank\" rel=\"noopener\"><em>Let\u00f6lt\u00e9s<\/em><\/a><\/td>\n<\/tr>\n<tr style=\"height: 29px\">\n<td style=\"width: 50%;height: 29px\">AMEE 2023 \u2013 An International Association for Medical Education<\/td>\n<td style=\"width: 25%;height: 29px\">2023. augusztus 27-30.<\/td>\n<td style=\"width: 25%;height: 29px\"><a href=\"https:\/\/semmelweis.hu\/oktatasmodszertan\/files\/2023\/09\/AMEE2023_GLASGOW-osszefoglalo_konferencia.pdf\" target=\"_blank\" rel=\"noopener\"><em>Let\u00f6lt\u00e9s<\/em><\/a><\/td>\n<\/tr>\n<tr style=\"height: 29px\">\n<td style=\"width: 50%;height: 29px\">AMEE 2022 \u2013 An International Association for Medical Education<\/td>\n<td style=\"width: 25%;height: 29px\">2022. augusztus 29-31.<\/td>\n<td style=\"width: 25%;height: 29px\"><a href=\"https:\/\/semmelweis.hu\/oktatasmodszertan\/files\/2022\/09\/AMEE2022_LYON-osszefoglalo.pdf\" target=\"_blank\" rel=\"noopener\"><em>Let\u00f6lt\u00e9s<\/em><\/a><\/td>\n<\/tr>\n<tr style=\"height: 29px\">\n<td style=\"width: 50%;height: 29px\">25th Graz Conference \u2013 The use of artificial intelligence, digital technologies, and virtual reality in our education<\/td>\n<td style=\"width: 25%;height: 29px\">2022. \u00e1prilis 21-23.<\/td>\n<td style=\"width: 25%;height: 29px\"><a href=\"https:\/\/semmelweis.hu\/oktatasmodszertan\/files\/2022\/05\/Graz_Conference_2022.pdf\" target=\"_blank\" rel=\"noopener\"><em>Let\u00f6lt\u00e9s<\/em><\/a><\/td>\n<\/tr>\n<tr style=\"height: 55px\">\n<td style=\"width: 50%;height: 55px\">Conference on Medical Training \u2013 What kind of doctor do we want for the future?<\/td>\n<td style=\"width: 25%;height: 55px\">2021. m\u00e1rcius 18.<\/td>\n<td style=\"width: 25%;height: 55px\"><span style=\"color: #333399\"><em><a href=\"https:\/\/semmelweis.hu\/oktatasmodszertan\/files\/2021\/03\/doctors_of_the_future_osszegzes.pdf\" target=\"_blank\" rel=\"noopener noreferrer\">Let\u00f6lt\u00e9s<\/a> \/ <a href=\"https:\/\/www.youtube.com\/watch?v=7RPXkjRf1Gk\" target=\"_blank\" rel=\"noopener noreferrer\">Vide\u00f3felv\u00e9tel<\/a><\/em><\/span><\/td>\n<\/tr>\n<tr style=\"height: 55px\">\n<td style=\"width: 50%;height: 55px\">AMEE 2019 \u2013 An International Association for Medical Education<\/td>\n<td style=\"width: 25%;height: 55px\">2019. augusztus 24-28.\u00a0<\/td>\n<td style=\"width: 25%;height: 55px\"><span style=\"color: #333399\"><em><a href=\"https:\/\/semmelweis.hu\/oktatasmodszertan\/files\/2019\/10\/AMEE2019_B%C3%89CS_%C3%B6sszefoglal%C3%B3.pdf\" target=\"_blank\" rel=\"noopener noreferrer\">Let\u00f6lt\u00e9s<\/a><\/em><\/span><\/td>\n<\/tr>\n<tr style=\"height: 55px\">\n<td style=\"width: 50%;height: 55px\">XXV. Multim\u00e9dia az Oktat\u00e1sban Konferencia 2019<\/td>\n<td style=\"width: 25%;height: 55px\">2019. j\u00fanius 6-7.<\/td>\n<td style=\"width: 25%;height: 55px\"><em><span style=\"color: #333399\"><a href=\"https:\/\/semmelweis.hu\/oktatasmodszertan\/files\/2019\/06\/XXV.-Multim%C3%A9dia-az-oktatasban-2019.pdf\" target=\"_blank\" rel=\"noopener noreferrer\">Let\u00f6lt\u00e9s<\/a><\/span><\/em><\/td>\n<\/tr>\n<tr style=\"height: 55px\">\n<td style=\"width: 50%;height: 55px\">Hallgat\u00f3k tanul\u00e1sm\u00f3dszertani t\u00e1mogat\u00e1sa (Tempus K\u00f6zalap\u00edtv\u00e1ny)<\/td>\n<td style=\"width: 25%;height: 55px\">2019. m\u00e1jus 16.<\/td>\n<td style=\"width: 25%;height: 55px\"><span style=\"color: #333399\"><a href=\"https:\/\/semmelweis.hu\/oktatasmodszertan\/files\/2019\/05\/tanulasmodszertan_tempus.pdf\" target=\"_blank\" rel=\"noopener noreferrer\"><em>Let\u00f6lt\u00e9s<\/em><\/a><\/span><\/td>\n<\/tr>\n<tr style=\"height: 55px\">\n<td style=\"width: 50%;height: 55px\">Training Future-proof Doctors for Digital Society \u2013 European Deans\u2019 Meeting<\/td>\n<td style=\"width: 25%;height: 55px\">2019. \u00e1prilis 11-12.<\/td>\n<td style=\"width: 25%;height: 55px\"><span style=\"color: #333399\"><em><a href=\"https:\/\/semmelweis.hu\/oktatasmodszertan\/files\/2019\/04\/20190412_ROTTERDAM%C3%B6sszefoglal%C3%B3.pdf\" target=\"_blank\" rel=\"noopener noreferrer\">Let\u00f6lt\u00e9s<\/a><\/em><\/span><\/td>\n<\/tr>\n<tr style=\"height: 28px\">\n<td style=\"width: 50%;height: 28px\">Oktat\u00e1s-Informatika-Pedag\u00f3gia Konferencia 2019<\/td>\n<td style=\"width: 25%;height: 28px\">2019. febru\u00e1r 15.<\/td>\n<td style=\"width: 25%;height: 28px\"><span style=\"color: #333399\"><a href=\"https:\/\/semmelweis.hu\/oktatasmodszertan\/files\/2019\/03\/oktatas_informatika_konferencia.pdf\" target=\"_blank\" rel=\"noopener noreferrer\"><em>Let\u00f6lt\u00e9s<\/em><\/a><\/span><\/td>\n<\/tr>\n<tr style=\"height: 28px\">\n<td style=\"width: 50%;height: 28px\">19. Educatio Nemzetk\u00f6zi Oktat\u00e1si Szakki\u00e1ll\u00edt\u00e1s<\/td>\n<td style=\"width: 25%;height: 28px\">2019. janu\u00e1r 10-12.<\/td>\n<td style=\"width: 25%;height: 28px\"><span style=\"color: #333399\"><a href=\"https:\/\/semmelweis.hu\/oktatasmodszertan\/files\/2019\/02\/educatio_omc_beszamolo-1.pdf\" target=\"_blank\" rel=\"noopener noreferrer\"><em>Let\u00f6lt\u00e9s<\/em><\/a><\/span><\/td>\n<\/tr>\n<tr style=\"height: 55px\">\n<td style=\"width: 50%;height: 55px\">AMEE 2018 \u2013 An International Association for Medical Education<\/td>\n<td style=\"width: 25%;height: 55px\">2018. aug. 25-29.<\/td>\n<td style=\"width: 25%;height: 55px\"><span style=\"color: #333399\"><a href=\"https:\/\/semmelweis.hu\/oktatasmodszertan\/files\/2018\/09\/AMEE2018_BASELosszefoglalo.pdf\" target=\"_blank\" rel=\"noopener noreferrer\"><em>Let\u00f6lt\u00e9s<\/em><\/a><\/span><\/td>\n<\/tr>\n<\/tbody>\n<\/table>\n","protected":false},"excerpt":{"rendered":"<p>KONFERENCIA\/WORKSHOP NEVE D\u00c1TUM BESZ\u00c1MOL\u00d3 AMEE 2024 \u2013 An International Association for Medical Education 2024. augusztus 25-28. <a href=\"https:\/\/semmelweis.hu\/oktatasmodszertan\/files\/2024\/10\/AMEE2024_BASEL-osszefoglalo.pdf\" target=\"_blank\" rel=\"noopener\">Let\u00f6lt\u00e9s<\/a> MellearN &#8211; 20. Nemzeti \u00e9s nemzetk\u00f6zi lifelong learning konferencia 2024. m\u00e1jus 15. <a href=\"https:\/\/semmelweis.hu\/oktatasmodszertan\/files\/2024\/07\/MellearN-konferencia_obuda_2024.pdf\" target=\"_blank\" rel=\"noopener\">Let\u00f6lt\u00e9s<\/a> APMEC 2024 &#8211; Artificial Intelligence in Health Professions Education 2024. janu\u00e1r 15-21. <a href=\"https:\/\/semmelweis.hu\/oktatasmodszertan\/files\/2024\/04\/APMEC2024_COLOMBO-osszefoglalo.pdf\" target=\"_blank\" rel=\"noopener\">Let\u00f6lt\u00e9s<\/a> AMEE 2023 \u2013 An International Association for Medical Education 2023. augusztus 27-30. <a href=\"https:\/\/semmelweis.hu\/oktatasmodszertan\/files\/2023\/09\/AMEE2023_GLASGOW-osszefoglalo_konferencia.pdf\" target=\"_blank\" rel=\"noopener\">Let\u00f6lt\u00e9s<\/a> AMEE 2022 \u2013 &hellip;<\/p>\n","protected":false},"author":101470,"featured_media":0,"parent":587,"menu_order":4,"comment_status":"closed","ping_status":"closed","template":"","meta":{"_acf_changed":false,"footnotes":""},"categories":[],"tags":[],"class_list":["post-2769","page","type-page","status-publish","hentry"],"acf":[],"_links":{"self":[{"href":"https:\/\/semmelweis.hu\/oktatasmodszertan\/wp-json\/wp\/v2\/pages\/2769","targetHints":{"allow":["GET"]}}],"collection":[{"href":"https:\/\/semmelweis.hu\/oktatasmodszertan\/wp-json\/wp\/v2\/pages"}],"about":[{"href":"https:\/\/semmelweis.hu\/oktatasmodszertan\/wp-json\/wp\/v2\/types\/page"}],"author":[{"embeddable":true,"href":"https:\/\/semmelweis.hu\/oktatasmodszertan\/wp-json\/wp\/v2\/users\/101470"}],"replies":[{"embeddable":true,"href":"https:\/\/semmelweis.hu\/oktatasmodszertan\/wp-json\/wp\/v2\/comments?post=2769"}],"version-history":[{"count":10,"href":"https:\/\/semmelweis.hu\/oktatasmodszertan\/wp-json\/wp\/v2\/pages\/2769\/revisions"}],"predecessor-version":[{"id":5204,"href":"https:\/\/semmelweis.hu\/oktatasmodszertan\/wp-json\/wp\/v2\/pages\/2769\/revisions\/5204"}],"up":[{"embeddable":true,"href":"https:\/\/semmelweis.hu\/oktatasmodszertan\/wp-json\/wp\/v2\/pages\/587"}],"wp:attachment":[{"href":"https:\/\/semmelweis.hu\/oktatasmodszertan\/wp-json\/wp\/v2\/media?parent=2769"}],"wp:term":[{"taxonomy":"category","embeddable":true,"href":"https:\/\/semmelweis.hu\/oktatasmodszertan\/wp-json\/wp\/v2\/categories?post=2769"},{"taxonomy":"post_tag","embeddable":true,"href":"https:\/\/semmelweis.hu\/oktatasmodszertan\/wp-json\/wp\/v2\/tags?post=2769"}],"curies":[{"name":"wp","href":"https:\/\/api.w.org\/{rel}","templated":true}]}}