{"id":2736,"date":"2021-03-16T15:55:04","date_gmt":"2021-03-16T14:55:04","guid":{"rendered":"https:\/\/semmelweis.hu\/oktatasmodszertan\/?page_id=2736"},"modified":"2025-10-14T10:37:57","modified_gmt":"2025-10-14T08:37:57","slug":"euniwell","status":"publish","type":"page","link":"https:\/\/semmelweis.hu\/oktatasmodszertan\/projektek\/euniwell\/","title":{"rendered":"EUniWell"},"content":{"rendered":"<h3><strong>EUniWell: European University for Well-being<\/strong><\/h3>\n<p><img loading=\"lazy\" decoding=\"async\" class=\"alignleft wp-image-2737 size-full\" src=\"https:\/\/semmelweis.hu\/oktatasmodszertan\/files\/2021\/03\/euniwell-logo.png\" alt=\"\" width=\"113\" height=\"97\" \/><\/p>\n<p><strong>A \u201eEuropean University for Well-being\u201d egy t\u00f6bb eur\u00f3pai egyetemb\u0151l \u00e1ll\u00f3 sz\u00f6vets\u00e9g, melynek c\u00e9lja, hogy hozz\u00e1j\u00e1ruljon a <a href=\"https:\/\/www.consilium.europa.eu\/hu\/infographics\/economy-wellbeing\/\" target=\"_blank\" rel=\"noopener noreferrer\">j\u00f3ll\u00e9ti gazdas\u00e1g<\/a> megteremt\u00e9s\u00e9hez.<\/strong> <a href=\"https:\/\/semmelweis.hu\/oktatasmodszertan\/files\/2021\/03\/ST_13171_2019_INIT_en.pdf\" target=\"_blank\" rel=\"noopener noreferrer\">Az Eur\u00f3pai Tan\u00e1cs \u00e1ll\u00e1spontja<\/a> szerint a t\u00e1rsadalmi j\u00f3ll\u00e9t \u00f6nmag\u00e1ban is \u00e9rt\u00e9k, ugyanakkor szorosan \u00f6sszef\u00fcgg a gazdas\u00e1gi n\u00f6veked\u00e9ssel, emiatt fontos megfelel\u0151 figyelmet ford\u00edtani r\u00e1 a d\u00f6nt\u00e9shozatali folyamatok sor\u00e1n.<\/p>\n<p>Az EUniWell egyetemi sz\u00f6vets\u00e9g c\u00e9lja, hogy a partneregyetemek olyan k\u00f6z\u00f6s projektekben vegyenek r\u00e9szt, melyek multidiszciplin\u00e1ris megk\u00f6zel\u00edt\u00e9sben, hallgat\u00f3kkal, c\u00e9gekkel \u00e9s a non-profit szf\u00e9r\u00e1val egy\u00fcttm\u0171k\u00f6d\u00e9sben k\u00e9pesek n\u00f6velni a t\u00e1rsadalmi j\u00f3ll\u00e9tet. A projektek olyan kutat\u00e1sokat, k\u00e9pz\u00e9seket \u00e9s egy\u00fcttm\u0171k\u00f6d\u00e9seket foglalnak magukban, melyek \u00e1ltal az egyetemek nemcsak a t\u00e1rsadalomra vannak hat\u00e1ssal, de biztos\u00edtj\u00e1k az int\u00e9zm\u00e9nyekben tanul\u00f3 hallgat\u00f3k \u00e9s munkat\u00e1rsak j\u00f3ll\u00e9t\u00e9t is.<\/p>\n<p><a class=\"button\" href=\"https:\/\/semmelweis.hu\/nki\/en\/euniwell\/\" target=\"_blank\" rel=\"noopener\">Egyetemi honlap<\/a><\/p>\n<p><strong><a class=\"button\" href=\"https:\/\/www.euniwell.eu\/\" target=\"_blank\" rel=\"noopener noreferrer\">K\u00d6ZPONTI HONLAP<\/a><\/strong><\/p>\n<p>Az egyetemi sz\u00f6vets\u00e9g sz\u00e9lesk\u00f6r\u0171, ingyenesen el\u00e9rhet\u0151 <a href=\"https:\/\/www.euniwell.eu\/what-we-offer\/courses-and-training\" target=\"_blank\" rel=\"noopener\"><strong>online \u00e9s blended kurzusokat<\/strong><\/a> is k\u00edn\u00e1l az egyetemi polg\u00e1roknak a j\u00f3ll\u00e9ttel \u00f6sszef\u00fcgg\u00e9sben.\u00a0<\/p>\n<p><strong>Partneregyetemek:<\/strong><\/p>\n<ul>\n<li>Linnaeaus University (Sv\u00e9dorsz\u00e1g)<\/li>\n<li>University of Birmingham (Egyes\u00fclt Kir\u00e1lys\u00e1g)<\/li>\n<li>University of Cologne (N\u00e9metorsz\u00e1g)<\/li>\n<li>University of Florence (Olaszorsz\u00e1g)<\/li>\n<li>University of Nantes (Franciaorsz\u00e1g)<\/li>\n<li>Semmelweis Egyetem (Magyarorsz\u00e1g)<\/li>\n<li>University of Murcia (Spanyolorsz\u00e1g)<\/li>\n<li>Taras Shevchenko National University of Kyiv (Ukrajna)<\/li>\n<li>Inalco University (Franciaorsz\u00e1g)<\/li>\n<li>University of Konstanz (N\u00e9metorsz\u00e1g)<\/li>\n<li>Universidade de Santiago de Compostela (Spanyolorsz\u00e1g)<\/li>\n<\/ul>\n<hr \/>\n<p><strong>Az Oktat\u00e1sfejleszt\u00e9si, -m\u00f3dszertani \u00e9s -szervez\u00e9si K\u00f6zpont t\u00f6bbek k\u00f6z\u00f6tt az al\u00e1bbi projektekben vett r\u00e9szt:<\/strong><\/p>\n<h5>Instilling \u201cHuman Literacy\u201d into our Educational Processes (EUniHuLi)<\/h5>\n<p>Az els\u0151 <strong><a href=\"https:\/\/www.euniwell.eu\/participate\/call-for-joint-projects\/projects-of-the-first-seed-funding-call\" target=\"_blank\" rel=\"noopener noreferrer\">Seed Funding Call<\/a><\/strong> keret\u00e9ben t\u00e1mogat\u00e1st nyert projekt a <strong>hum\u00e1n m\u0171velts\u00e9g<\/strong> (Human Literacy) oktat\u00e1s\u00e1ra vonatkoz\u00f3 j\u00f3gyakorlatokat k\u00edv\u00e1nja felt\u00e1rni a partneregyetemeken. A projekt \u00e1ltal vizsg\u00e1lt n\u00e9gy f\u0151 ter\u00fclet az <em>interkultur\u00e1lis<\/em> \u00e9s a <em>digit\u00e1lis kommunik\u00e1ci\u00f3<\/em>, a <em>kritikus gondolkod\u00e1s<\/em>, valamint az <em>etika <\/em>oktat\u00e1sa az int\u00e9zm\u00e9nyekben (ak\u00e1r k\u00fcl\u00f6n tant\u00e1rgy keret\u00e9ben, ak\u00e1r m\u00e1s tant\u00e1rgy r\u00e9szek\u00e9nt). <strong><a href=\"https:\/\/semmelweis.hu\/oktatasmodszertan\/files\/2021\/04\/EUniHuLi-areas-of-interest-2021-02-19.pdf\" target=\"_blank\" rel=\"noopener noreferrer\">\u00d6sszefoglal\u00f3 let\u00f6lt\u00e9se az egyes ter\u00fcletekr\u0151l -&gt;<\/a><\/strong><\/p>\n<p><span class=\"JsGRdQ\">A Semmelweis Egyetem interkultur\u00e1lis kommunik\u00e1ci\u00f3 t\u00e9m\u00e1ban tartott online workshopot \u00f6t egyetem munkat\u00e1rsaival, melynek keret\u00e9ben a r\u00e9sztvev\u0151k megvitatt\u00e1k a ter\u00fclet oktat\u00e1s\u00e1nak kih\u00edv\u00e1sait \u00e9s lehet\u0151s\u00e9geit. Az esem\u00e9ny angol nev\u0171 \u00f6sszefoglal\u00f3ja <\/span><strong><a class=\"JsGRdQ\" href=\"https:\/\/semmelweis.hu\/oktatasmodszertan\/files\/2021\/08\/Summary_Cross-cultural_agility_May_25_EUniHuLi.pdf\" target=\"_blank\" rel=\"noopener noreferrer\">innen<\/a><\/strong><span class=\"JsGRdQ\"> let\u00f6lthet\u0151.<\/span><\/p>\n<p>A <strong><a class=\"JsGRdQ\" href=\"https:\/\/open.univ-nantes.fr\/collectif\/afficher?id=ckluobakq0mmc0704pffoq3tj\" target=\"_blank\" rel=\"noopener noreferrer\">Nantes-i Egyetem honlapj\u00e1n<\/a><\/strong><span class=\"JsGRdQ\"> tov\u00e1bbi ismertet\u0151k \u00e9rhet\u0151k el a r\u00e9sztvev\u0151 egyetemek \u00e1ltal alkalmazott j\u00f3 gyakorlatokr\u00f3l.<\/span><\/p>\n<hr \/>\n<div class=\"o9v6fnle cxmmr5t8 oygrvhab hcukyx3x c1et5uql ii04i59q\">\n<h5>EUniHuLi szimp\u00f3zium<\/h5>\n<\/div>\n<p><strong>Id\u0151pont:<\/strong>\u00a02021. janu\u00e1r 6-7. cs\u00fct\u00f6rt\u00f6k-p\u00e9ntek<\/p>\n<p><strong>Honlap: <\/strong><a href=\"https:\/\/www.euniwell.eu\/participate\/events\/detail\/online-eunihulis-symposium-of-closure\" target=\"_blank\" rel=\"noopener\">https:\/\/www.euniwell.eu\/participate\/events\/detail\/online-eunihulis-symposium-of-closure<\/a><\/p>\n<p><strong>Helysz\u00edn:\u00a0<\/strong>online<\/p>\n<p><strong>Szervez\u0151:\u00a0<\/strong>Nantesi Egyetem<\/p>\n<p><img loading=\"lazy\" decoding=\"async\" class=\"alignleft  wp-image-3303\" src=\"https:\/\/semmelweis.hu\/oktatasmodszertan\/files\/2021\/12\/EUniHuLi-programok.png\" alt=\"\" width=\"361\" height=\"240\" srcset=\"https:\/\/semmelweis.hu\/oktatasmodszertan\/files\/2021\/12\/EUniHuLi-programok.png 567w, https:\/\/semmelweis.hu\/oktatasmodszertan\/files\/2021\/12\/EUniHuLi-programok-400x266.png 400w, https:\/\/semmelweis.hu\/oktatasmodszertan\/files\/2021\/12\/EUniHuLi-programok-203x135.png 203w\" sizes=\"auto, (max-width: 361px) 100vw, 361px\" \/><\/p>\n<p><strong><span class=\"JsGRdQ\">Az Instilling \u201cHuman Literacy\u201d into our Educational Processes (<\/span>EUniHuLI)<span class=\"JsGRdQ\">\u00a0projekt lez\u00e1r\u00e1sa alkalm\u00e1b\u00f3l <a href=\"https:\/\/www.euniwell.eu\/participate\/events\/detail\/online-eunihulis-symposium-of-closure\" target=\"_blank\" rel=\"noopener\">online konferenci\u00e1t<\/a> rendez a Nantesi Egyetem, melynek egyes esem\u00e9nyeire egyetem\u00fcnk oktat\u00f3it is v\u00e1rj\u00e1k.\u00a0<\/span><\/strong><\/p>\n<p><span class=\"JsGRdQ\">Janu\u00e1r 6-\u00e1n 14:00-16:00 k\u00f6z\u00f6tt rendezik meg a<\/span><strong><span class=\"JsGRdQ\">\u00a0digit\u00e1lis tanul\u00e1si k\u00f6rnyezetekr\u0151l<\/span><\/strong><span class=\"JsGRdQ\">\u00a0sz\u00f3l\u00f3 workshopot, melyen az oktat\u00f3k a kreat\u00edv gondolkod\u00e1s, a design thinking \u00e9s a Miro eszk\u00f6z haszn\u00e1lat\u00e1val saj\u00e1t\u00edthatj\u00e1k el, hogyan er\u0151s\u00edthetik a k\u00f6z\u00f6ss\u00e9g \u00e9rz\u00e9s\u00e9t az online kurzusokban. A workshopra\u00a0<\/span><strong><a class=\"JsGRdQ\" href=\"https:\/\/forms.gle\/HkbrR5ah4XJ9NyAc6\" target=\"_blank\" rel=\"noopener\">itt<\/a><\/strong><span class=\"JsGRdQ\">\u00a0lehet regisztr\u00e1lni.<\/span><\/p>\n<p><strong><span class=\"JsGRdQ\">A\u00a0<\/span><span class=\"JsGRdQ\">tudom\u00e1nyos integrit\u00e1sr\u00f3l\u00a0<\/span><span class=\"JsGRdQ\">\u00e9s az\u00a0<\/span><span class=\"JsGRdQ\">\u00e1lh\u00edrekr\u0151l<\/span><\/strong><span class=\"JsGRdQ\">\u00a0tart janu\u00e1r 7-\u00e9n 9:15-t\u0151l el\u0151ad\u00e1st Pr. Michelle Bergada\u00e0, a Genfi Egyetem oktat\u00f3ja, valamint az Institute for Research and Action on Fraud and Plagiarism in the Academic Environment t\u00e1rsalap\u00edt\u00f3ja \u00e9s eln\u00f6ke. Az el\u0151ad\u00e1sra\u00a0<\/span><strong><a class=\"JsGRdQ\" href=\"https:\/\/www.euniwell.eu\/participate\/events\/detail\/online-eunihulis-symposium-of-closure\" target=\"_blank\" rel=\"noopener\">itt<\/a><\/strong><span class=\"JsGRdQ\">\u00a0lehet regisztr\u00e1lni.<\/span><\/p>\n","protected":false},"excerpt":{"rendered":"<p>EUniWell: European University for Well-being A \u201eEuropean University for Well-being\u201d egy t\u00f6bb eur\u00f3pai egyetemb\u0151l \u00e1ll\u00f3 sz\u00f6vets\u00e9g, melynek c\u00e9lja, hogy hozz\u00e1j\u00e1ruljon a <a href=\"https:\/\/www.consilium.europa.eu\/hu\/infographics\/economy-wellbeing\/\" target=\"_blank\" rel=\"noopener noreferrer\">j\u00f3ll\u00e9ti gazdas\u00e1g<\/a> megteremt\u00e9s\u00e9hez. <a href=\"https:\/\/semmelweis.hu\/oktatasmodszertan\/files\/2021\/03\/ST_13171_2019_INIT_en.pdf\" target=\"_blank\" rel=\"noopener noreferrer\">Az Eur\u00f3pai Tan\u00e1cs \u00e1ll\u00e1spontja<\/a> szerint a t\u00e1rsadalmi j\u00f3ll\u00e9t \u00f6nmag\u00e1ban is \u00e9rt\u00e9k, ugyanakkor szorosan \u00f6sszef\u00fcgg a gazdas\u00e1gi n\u00f6veked\u00e9ssel, emiatt fontos megfelel\u0151 figyelmet ford\u00edtani r\u00e1 a d\u00f6nt\u00e9shozatali folyamatok sor\u00e1n. Az EUniWell egyetemi sz\u00f6vets\u00e9g c\u00e9lja, hogy a partneregyetemek olyan k\u00f6z\u00f6s &hellip;<\/p>\n","protected":false},"author":101470,"featured_media":0,"parent":2659,"menu_order":2,"comment_status":"closed","ping_status":"closed","template":"","meta":{"_acf_changed":false,"footnotes":""},"categories":[],"tags":[],"class_list":["post-2736","page","type-page","status-publish","hentry"],"acf":[],"_links":{"self":[{"href":"https:\/\/semmelweis.hu\/oktatasmodszertan\/wp-json\/wp\/v2\/pages\/2736","targetHints":{"allow":["GET"]}}],"collection":[{"href":"https:\/\/semmelweis.hu\/oktatasmodszertan\/wp-json\/wp\/v2\/pages"}],"about":[{"href":"https:\/\/semmelweis.hu\/oktatasmodszertan\/wp-json\/wp\/v2\/types\/page"}],"author":[{"embeddable":true,"href":"https:\/\/semmelweis.hu\/oktatasmodszertan\/wp-json\/wp\/v2\/users\/101470"}],"replies":[{"embeddable":true,"href":"https:\/\/semmelweis.hu\/oktatasmodszertan\/wp-json\/wp\/v2\/comments?post=2736"}],"version-history":[{"count":10,"href":"https:\/\/semmelweis.hu\/oktatasmodszertan\/wp-json\/wp\/v2\/pages\/2736\/revisions"}],"predecessor-version":[{"id":6045,"href":"https:\/\/semmelweis.hu\/oktatasmodszertan\/wp-json\/wp\/v2\/pages\/2736\/revisions\/6045"}],"up":[{"embeddable":true,"href":"https:\/\/semmelweis.hu\/oktatasmodszertan\/wp-json\/wp\/v2\/pages\/2659"}],"wp:attachment":[{"href":"https:\/\/semmelweis.hu\/oktatasmodszertan\/wp-json\/wp\/v2\/media?parent=2736"}],"wp:term":[{"taxonomy":"category","embeddable":true,"href":"https:\/\/semmelweis.hu\/oktatasmodszertan\/wp-json\/wp\/v2\/categories?post=2736"},{"taxonomy":"post_tag","embeddable":true,"href":"https:\/\/semmelweis.hu\/oktatasmodszertan\/wp-json\/wp\/v2\/tags?post=2736"}],"curies":[{"name":"wp","href":"https:\/\/api.w.org\/{rel}","templated":true}]}}