{"id":2643,"date":"2021-02-15T16:19:04","date_gmt":"2021-02-15T15:19:04","guid":{"rendered":"https:\/\/semmelweis.hu\/oktatasmodszertan\/?page_id=2643"},"modified":"2021-12-08T16:14:27","modified_gmt":"2021-12-08T15:14:27","slug":"interprofesszionalis-kepzesek","status":"publish","type":"page","link":"https:\/\/semmelweis.hu\/oktatasmodszertan\/projektek\/interprofesszionalis-kepzesek\/","title":{"rendered":"Interprofesszion\u00e1lis k\u00e9pz\u00e9sek"},"content":{"rendered":"<div style=\"text-align: justify\"><img loading=\"lazy\" decoding=\"async\" class=\"alignleft wp-image-2665\" src=\"https:\/\/semmelweis.hu\/oktatasmodszertan\/files\/2021\/02\/150368622_269995227895388_5862092748335742846_o.jpg\" alt=\"\" width=\"371\" height=\"247\" srcset=\"https:\/\/semmelweis.hu\/oktatasmodszertan\/files\/2021\/02\/150368622_269995227895388_5862092748335742846_o.jpg 1440w, https:\/\/semmelweis.hu\/oktatasmodszertan\/files\/2021\/02\/150368622_269995227895388_5862092748335742846_o-400x267.jpg 400w, https:\/\/semmelweis.hu\/oktatasmodszertan\/files\/2021\/02\/150368622_269995227895388_5862092748335742846_o-1024x683.jpg 1024w, https:\/\/semmelweis.hu\/oktatasmodszertan\/files\/2021\/02\/150368622_269995227895388_5862092748335742846_o-768x512.jpg 768w, https:\/\/semmelweis.hu\/oktatasmodszertan\/files\/2021\/02\/150368622_269995227895388_5862092748335742846_o-753x502.jpg 753w, https:\/\/semmelweis.hu\/oktatasmodszertan\/files\/2021\/02\/150368622_269995227895388_5862092748335742846_o-203x135.jpg 203w\" sizes=\"auto, (max-width: 371px) 100vw, 371px\" \/><\/div>\n<div>\u00a0<\/div>\n<div>\u00a0<\/div>\n<div>\u00a0<\/div>\n<div>\u00a0<\/div>\n<div>\u00a0<\/div>\n<div>\u00a0<\/div>\n<div>\u00a0<\/div>\n<div>\u00a0<\/div>\n<div>\u00a0<\/div>\n<div><strong><a class=\"button\" href=\"https:\/\/semmelweis.hu\/oktatasmodszertan\/projektek\/interprofesszionalis-kepzesek\/kortars-egeszsegnevelok\/\" target=\"_blank\" rel=\"noopener noreferrer\">Kort\u00e1rs eg\u00e9szs\u00e9gnevel\u0151k<\/a><\/strong><\/div>\n<div>\n<p><strong><img loading=\"lazy\" decoding=\"async\" class=\"alignleft  wp-image-1309\" src=\"https:\/\/semmelweis.hu\/oktatasmodszertan\/files\/2019\/12\/framework_for_action_interprofessional-283x400.jpg\" alt=\"\" width=\"224\" height=\"317\" srcset=\"https:\/\/semmelweis.hu\/oktatasmodszertan\/files\/2019\/12\/framework_for_action_interprofessional-283x400.jpg 283w, https:\/\/semmelweis.hu\/oktatasmodszertan\/files\/2019\/12\/framework_for_action_interprofessional.jpg 320w\" sizes=\"auto, (max-width: 224px) 100vw, 224px\" \/><\/strong><\/p>\n<\/div>\n<p>&nbsp;<\/p>\n<p>&nbsp;<\/p>\n<p>&nbsp;<\/p>\n<p>&nbsp;<\/p>\n<p>&nbsp;<\/p>\n<p>&nbsp;<\/p>\n<p>&nbsp;<\/p>\n<div>\n<p><a class=\"button\" href=\"https:\/\/semmelweis.hu\/oktatasmodszertan\/projektek\/interprofesszionalis-kepzesek\/pro-team-program\/\" target=\"_blank\" rel=\"noopener\">Pro-Team Program<\/a><\/p>\n<\/div>\n","protected":false},"excerpt":{"rendered":"<p>\u00a0<br \/>\n\u00a0<br \/>\n\u00a0<br \/>\n\u00a0<br \/>\n\u00a0<br \/>\n\u00a0<br \/>\n\u00a0<br \/>\n\u00a0<br \/>\n\u00a0<br \/>\n<a class=\"button\" href=\"https:\/\/semmelweis.hu\/oktatasmodszertan\/projektek\/interprofesszionalis-kepzesek\/kortars-egeszsegnevelok\/\" target=\"_blank\" rel=\"noopener noreferrer\">Kort\u00e1rs eg\u00e9szs\u00e9gnevel\u0151k<\/a><\/p>\n<p>&nbsp;<br \/>\n&nbsp;<br \/>\n&nbsp;<br \/>\n&nbsp;<br \/>\n&nbsp;<br \/>\n&nbsp;<br \/>\n&nbsp;<\/p>\n<p><a class=\"button\" href=\"https:\/\/semmelweis.hu\/oktatasmodszertan\/projektek\/interprofesszionalis-kepzesek\/pro-team-program\/\" target=\"_blank\" rel=\"noopener\">Pro-Team Program<\/a><\/p>\n","protected":false},"author":101470,"featured_media":0,"parent":2659,"menu_order":3,"comment_status":"closed","ping_status":"closed","template":"","meta":{"_acf_changed":false,"footnotes":""},"categories":[],"tags":[],"class_list":["post-2643","page","type-page","status-publish","hentry"],"acf":[],"_links":{"self":[{"href":"https:\/\/semmelweis.hu\/oktatasmodszertan\/wp-json\/wp\/v2\/pages\/2643","targetHints":{"allow":["GET"]}}],"collection":[{"href":"https:\/\/semmelweis.hu\/oktatasmodszertan\/wp-json\/wp\/v2\/pages"}],"about":[{"href":"https:\/\/semmelweis.hu\/oktatasmodszertan\/wp-json\/wp\/v2\/types\/page"}],"author":[{"embeddable":true,"href":"https:\/\/semmelweis.hu\/oktatasmodszertan\/wp-json\/wp\/v2\/users\/101470"}],"replies":[{"embeddable":true,"href":"https:\/\/semmelweis.hu\/oktatasmodszertan\/wp-json\/wp\/v2\/comments?post=2643"}],"version-history":[{"count":10,"href":"https:\/\/semmelweis.hu\/oktatasmodszertan\/wp-json\/wp\/v2\/pages\/2643\/revisions"}],"predecessor-version":[{"id":2656,"href":"https:\/\/semmelweis.hu\/oktatasmodszertan\/wp-json\/wp\/v2\/pages\/2643\/revisions\/2656"}],"up":[{"embeddable":true,"href":"https:\/\/semmelweis.hu\/oktatasmodszertan\/wp-json\/wp\/v2\/pages\/2659"}],"wp:attachment":[{"href":"https:\/\/semmelweis.hu\/oktatasmodszertan\/wp-json\/wp\/v2\/media?parent=2643"}],"wp:term":[{"taxonomy":"category","embeddable":true,"href":"https:\/\/semmelweis.hu\/oktatasmodszertan\/wp-json\/wp\/v2\/categories?post=2643"},{"taxonomy":"post_tag","embeddable":true,"href":"https:\/\/semmelweis.hu\/oktatasmodszertan\/wp-json\/wp\/v2\/tags?post=2643"}],"curies":[{"name":"wp","href":"https:\/\/api.w.org\/{rel}","templated":true}]}}