{"id":2371,"date":"2020-12-21T16:41:12","date_gmt":"2020-12-21T15:41:12","guid":{"rendered":"https:\/\/semmelweis.hu\/oktatasmodszertan\/?page_id=2371"},"modified":"2026-01-23T14:23:11","modified_gmt":"2026-01-23T13:23:11","slug":"tukrozott-osztalyterem","status":"publish","type":"page","link":"https:\/\/semmelweis.hu\/oktatasmodszertan\/kepzesek\/tovabbkepzesek\/tukrozott-osztalyterem\/","title":{"rendered":"T\u00fckr\u00f6z\u00f6tt oszt\u00e1lyterem"},"content":{"rendered":"<div class=\"responsive-tabs\">\n<h2 class=\"tabtitle\"><strong>R\u00e9szletek<\/strong><\/h2>\n<div class=\"tabcontent\">\n\n<table style=\"width: 100%\">\n<tbody>\n<tr>\n<td style=\"width: 21.6327%\" width=\"212\">\n<p><strong>a program c\u00edme<\/strong><\/p>\n<\/td>\n<td style=\"width: 24.2177%\" width=\"241\">\n<p><strong>a program jellege<\/strong><\/p>\n<\/td>\n<td style=\"width: 19.3197%\" width=\"199\">\n<p><strong>a program form\u00e1ja<\/strong><\/p>\n<\/td>\n<td style=\"width: 19.7279%\" width=\"198\">\n<p><strong>c\u00e9lcsoport<\/strong><\/p>\n<\/td>\n<td style=\"width: 14.966%\" width=\"148\">\n<p><strong>helysz\u00edn<\/strong><\/p>\n<\/td>\n<\/tr>\n<tr>\n<td style=\"width: 21.6327%\" width=\"212\">\n<p>t\u00fckr\u00f6z\u00f6tt oszt\u00e1lyterem<\/p>\n<\/td>\n<td style=\"width: 24.2177%\" width=\"241\">\n<p>tematikus tov\u00e1bbk\u00e9pz\u00e9s<\/p>\n<\/td>\n<td style=\"width: 19.3197%\" width=\"199\">\n<p>workshop<\/p>\n<\/td>\n<td style=\"width: 19.7279%\" width=\"198\">\n<p>halad\u00f3 oktat\u00f3k<\/p>\n<\/td>\n<td style=\"width: 14.966%\" width=\"148\">\n<p><a href=\"https:\/\/itc.semmelweis.hu\/moodle\/course\/view.php?id=1451\" target=\"_blank\" rel=\"noopener\">online<\/a><\/p>\n<\/td>\n<\/tr>\n<\/tbody>\n<\/table>\n<p><strong>A program c\u00e9lja:<\/strong><\/p>\n<p>A t\u00fckr\u00f6z\u00f6tt oszt\u00e1lyterem (flipped classroom) tan\u00edt\u00e1si-tanul\u00e1si strukt\u00fara megismer\u00e9se, m\u00f3dszertani \u00e9s gyakorlati alapok a megval\u00f3s\u00edt\u00e1shoz.<\/p>\n<p><strong>A t\u00e9ma aktualit\u00e1sa:<\/strong><\/p>\n<p>A blended learning (vegyes tan\u00edt\u00e1si\/tanul\u00e1si forma) koncepci\u00f3ja \u00e9vtizedes hagyom\u00e1nyokra ny\u00falik vissza, \u00f3ri\u00e1si nemzetk\u00f6zi \u00e9s hazai szakirodalma van, sz\u00e1mos megval\u00f3s\u00edt\u00e1si m\u00f3dja l\u00e9tezik. Megismer\u00e9se \u00e9s alkalmaz\u00e1sa a Semmelweis Egyetemen hagyom\u00e1nyos kontakt (ezen bel\u00fcl d\u00f6nt\u0151en front\u00e1lis) oktat\u00e1s hagyom\u00e1nyai miatt az elv\u00e1rhat\u00f3n\u00e1l lass\u00fabb volt eddig, azonban a t\u00e1voktat\u00e1sra val\u00f3 \u00e1t\u00e1ll\u00e1sban kimondottan megker\u00fclhetetlenn\u00e9 v\u00e1lt. Az eddigi tapasztalatok d\u00f6nt\u0151en a kontakt \u00f3r\u00e1k t\u00fals\u00falya mellett n\u00e9mi digit\u00e1lis kieg\u00e9sz\u00edt\u00e9ssel sz\u00fclettek, ez az ar\u00e1ny most k\u00e9nyszer\u0171en megfordul<\/p>\n<p><strong>V\u00e1rhat\u00f3 eredm\u00e9nyek r\u00f6vidt\u00e1von: <\/strong><\/p>\n<p>A konzult\u00e1ci\u00f3k sor\u00e1n tematikus rendszerben elm\u00e9leti bevezet\u00e9s ut\u00e1n olyan m\u00f3dszertani elemeket v\u00e1lasztunk a Moodle-, Zoom- \u00e9s Kaltura-rendszer adta lehet\u0151s\u00e9gek k\u00f6z\u00fcl, melyek az oktat\u00f3-hallgat\u00f3 \u00e9s hallgat\u00f3-hallgat\u00f3 interakci\u00f3kat t\u00e1mogatj\u00e1k mind online, mind offline k\u00f6rnyezetben. R\u00e1mutatunk azokra a m\u00e1r l\u00e9tez\u0151 gyakorlatokra, melyek val\u00f3j\u00e1ban a blended learning koncepci\u00f3hoz kapcsolhat\u00f3k, azonos\u00edtjuk azokat az elemeket, melyek a kontakt k\u00f6rnyezetb\u0151l a korszer\u0171, hallgat\u00f3k\u00f6zpont\u00fa, egy\u00e9ni tanul\u00e1st t\u00e1mogat\u00f3 oktat\u00e1sban digitaliz\u00e1lhat\u00f3k\/digitaliz\u00e1land\u00f3k. Nem mellesleg, alkalmaz\u00e1s\u00e1val azon kapjuk magunkat, hogy k\u00e9nyelmesen belef\u00e9r\u00fcnk az id\u0151be, a hallgat\u00f3k motiv\u00e1ltak, \u00e9s &#8211; partneri viszonyban, kooperat\u00edv form\u00e1ban &#8211; val\u00f3ban meg tudj\u00e1k mutatni, mire is k\u00e9pesek.<\/p>\n<p><strong>V\u00e1rhat\u00f3 eredm\u00e9nyek hosszabb t\u00e1von:<\/strong><\/p>\n<p>A t\u00fckr\u00f6z\u00f6tt oszt\u00e1lyterem koncepci\u00f3j\u00e1nak sz\u00e9lesk\u00f6r\u0171 megismer\u00e9s\u00e9t\u0151l v\u00e1rhat\u00f3, hogy a rendk\u00edv\u00fcli helyzet miatti k\u00e9nyszer\u0171s\u00e9g elm\u00falt\u00e1val is maradand\u00f3 szem\u00e9letv\u00e1lt\u00e1st ind\u00edt el a korszer\u0171 oktat\u00e1s ir\u00e1ny\u00e1ba. A kontakt \u00f3r\u00e1kon a vil\u00e1gtrendnek megfelel\u0151en egyre ink\u00e1bb az interakci\u00f3k\u00e9 a f\u0151szerep. Ami otthon feldolgozhat\u00f3, azt a hallgat\u00f3 tutor\u00e1lt online kurzusban, de saj\u00e1t idej\u00e9ben, saj\u00e1t \u00fctem\u00e9ben otthon dolgozza fel, amihez pedig sz\u00fcks\u00e9g van az oktat\u00f3 val\u00f3s idej\u0171 facilit\u00e1l\u00f3, motiv\u00e1l\u00f3, orient\u00e1l\u00f3 munk\u00e1j\u00e1ra, annak pedig a kontakt \u00f3ra lesz a megfelel\u0151 tere. Ebben a tan\u00edt\u00e1si-tanul\u00e1si k\u00f6rnyezetben mind az oktat\u00f3, mind a hallgat\u00f3 motiv\u00e1ltabbnak \u00e9rzi mag\u00e1t, heterog\u00e9n tud\u00e1s\u00fa csoportban k\u00f6nnyebben megy a differenci\u00e1l\u00e1s, a befektetett munka pedig hat\u00e9konyabbnak bizonyul, \u00edgy mindenki eredm\u00e9nyesebbnek, ez\u00e1ltal el\u00e9gedettebnek \u00e9rzi mag\u00e1t.<\/p>\n<p>A j\u00f3 t\u00fckr\u00f6z\u00f6tt oszt\u00e1lytermi tan\u00edt\u00e1si-tanul\u00e1si strukt\u00far\u00e1ban szervezett kurzust arr\u00f3l lehet felismerni, hogy \u00e9lm\u00e9ny benne a k\u00f6z\u00f6s munka, sajn\u00e1ljuk, ha v\u00e9get \u00e9r, \u00e9s mindannyian v\u00e1rjuk a k\u00f6vetkez\u0151t.<\/p>\n<p><strong>A program jellege:<\/strong><\/p>\n<p>Ez egy tematikus, kicsoportos oktat\u00f3i tov\u00e1bbk\u00e9pz\u00e9s, melyben a konkr\u00e9t t\u00e9m\u00e1kat maguk a r\u00e9sztvev\u0151k hozz\u00e1k, \u00edgy saj\u00e1t p\u00e9ld\u00e1ikon kereszt\u00fcl ismerhetik meg a koncepci\u00f3t, k\u00f6zvetlen seg\u00edts\u00e9get kapva saj\u00e1t tant\u00e1rgyi adapt\u00e1ci\u00f3jukhoz.<\/p>\n<p><strong>Jelentkez\u00e9si felt\u00e9telek:<\/strong><\/p>\n<ol>\n<li>Ez egy tematikus tov\u00e1bbk\u00e9pz\u00e9s, melyhez elv\u00e1rt el\u0151ismeret az \u201eoktat\u00f3k oktat\u00e1sa\u201d program keret\u00e9ben, vagy att\u00f3l f\u00fcggetlen\u00fcl elv\u00e9gezhet\u0151 modulokon val\u00f3 r\u00e9szv\u00e9tel, de minimum ezek \u00f6n\u00e1ll\u00f3 feldolgoz\u00e1sa a konzult\u00e1ci\u00f3k felv\u00e9teleinek megtekint\u00e9s\u00e9vel:\n<ul>\n<li>e-learning a gyakorlatban: a Semmelweis Egyetem oktat\u00e1sinformatikai rendszerei<\/li>\n<li>e-learning a gyakorlatban: online kurzusfejleszt\u00e9s a Moodle-rendszerben<\/li>\n<li>IKT-eszk\u00f6z\u00f6k alkalmaz\u00e1sa az \u00f3r\u00e1n<\/li>\n<li>Kaltura haszn\u00e1lati alapismeretek<\/li>\n<li>korszer\u0171 pedag\u00f3giai alapismeretek: el\u0151ad\u00e1start\u00e1s<\/li>\n<li>korszer\u0171 pedag\u00f3giai alapismeretek: eredm\u00e9nyalap\u00fa tan\u00edt\u00e1s-tanul\u00e1s<\/li>\n<li>korszer\u0171 pedag\u00f3giai alapismeretek: gyakorlattart\u00e1s<\/li>\n<li>korszer\u0171 pedag\u00f3giai alapismeretek: konstrukt\u00edv \u00f6sszehangol\u00e1s<\/li>\n<li>online \u00e9s offline \u00f3ratart\u00e1s<\/li>\n<li>Zoom haszn\u00e1lati alapismeretek<\/li>\n<\/ul>\n<\/li>\n<li>Regisztr\u00e1ci\u00f3s k\u00e9rd\u0151\u00edv kit\u00f6lt\u00e9se<\/li>\n<li>A teljes program elv\u00e9gz\u00e9s\u00e9nek v\u00e1llal\u00e1sa: 2*4 (online) kontakt \u00f3ra, ezen k\u00edv\u00fcl (maximum) 3*2 \u00f3ra \u00f6n\u00e1ll\u00f3 munka a program ideje alatti egyhetes intervallumban.<\/li>\n<\/ol>\n<p>Az \u00f6n\u00e1ll\u00f3 munka el\u0151zetesen kiadott vide\u00f3k \u00e9s cikkek megtekint\u00e9s\u00e9b\u0151l, az els\u0151 kontakt alkalom ut\u00e1n saj\u00e1t tant\u00e1rgyi p\u00e9ld\u00e1n val\u00f3 \u00f6n\u00e1ll\u00f3 munk\u00e1b\u00f3l, valamint a m\u00e1sodik kontakt alkalom ut\u00e1ni reflexi\u00f3b\u00f3l \u00e1ll.<\/p>\n<p><strong>L\u00e9tsz\u00e1mkorl\u00e1t<\/strong>: 12 f\u0151\/kurzus (a program minimum 6 f\u0151 jelentkez\u00e9s\u00e9vel indul!)<\/p>\n<p><strong>Helysz\u00edn<\/strong>: Zoom \u00e9s Moodle<\/p>\n<p><strong><a class=\"button\" href=\"https:\/\/itc.semmelweis.hu\/moodle\/course\/view.php?id=1451\" target=\"_blank\" rel=\"noopener\">BEL\u00c9P\u00c9S A MOODLE-FEL\u00dcLETRE<\/a>\u00a0<\/strong><\/p>\n<p><strong>Tervezett id\u0151pont:<\/strong><\/p>\n<p><em>Hamarosan<\/em><\/p>\n<p><strong>Programfelel\u0151s \u00e9s kapcsolattart\u00f3: <\/strong><a href=\"https:\/\/semmelweis.hu\/oktatasmodszertan\/magunkrol\/munkatarsak\/\" target=\"_blank\" rel=\"noopener noreferrer\">Kozma Borb\u00e1la<\/a><\/p>\n<div class=\"keretes w-100\">\n<p><strong>H\u00e1zhoz megy\u00fcnk<\/strong><\/p>\n<p>A fent megadott konkr\u00e9t id\u0151pontokon t\u00fal v\u00e1rjuk kisebb oktat\u00f3i teamek jelentkez\u00e9s\u00e9t egy-egy konkr\u00e9t fejleszt\u00e9s\u00fck kapcs\u00e1n, illetve v\u00e1llaljuk tansz\u00e9ki vagy kari szint\u0171 \u00e1tfog\u00f3 fejleszt\u00e9sek t\u00e1mogat\u00e1s\u00e1t is. Foglaljon <strong><a href=\"https:\/\/outlook.office.com\/book\/Hzhozmegynk@unisemmelweis.onmicrosoft.com\/\" target=\"_blank\" rel=\"noopener\">napt\u00e1runkban<\/a><\/strong> egy vagy t\u00f6bb alkalmat, melyet teamj\u00fckkel oktat\u00e1sfejleszt\u00e9sre sz\u00e1nnak. A foglal\u00e1s ut\u00e1n felvessz\u00fck \u00d6nnel a kapcsolatot a r\u00e9szletek egyeztet\u00e9se c\u00e9lj\u00e1b\u00f3l. A gyakran ism\u00e9telt k\u00e9rd\u00e9seket \u00e9s r\u00e9szleteket\u00a0<strong><a href=\"https:\/\/semmelweis.hu\/oktatasmodszertan\/kepzesek\/oktatastamogatas-esemenyek\/idopontfoglalas-gyik\/\" target=\"_blank\" rel=\"noopener\">az al\u00e1bbi linken<\/a><\/strong>\u00a0olvashatja.<\/p>\n<\/div>\n\n<\/div><h2 class=\"tabtitle\"><strong>Programterv<\/strong><\/h2>\n<div class=\"tabcontent\">\n\n<h5><strong>2026<\/strong><\/h5>\n<table>\n<tbody>\n<tr>\n<td width=\"88\">\n<p><strong>d\u00e1tum<\/strong><\/p>\n<\/td>\n<td width=\"53\">\n<p><strong>\u00a0<\/strong><\/p>\n<\/td>\n<td width=\"156\">\n<p><strong>id\u0151pont<\/strong><\/p>\n<\/td>\n<td width=\"482\">\n<p><strong>t\u00e9ma<\/strong><\/p>\n<\/td>\n<td width=\"263\">\n<p><strong>a tev\u00e9kenys\u00e9g jellege<\/strong><\/p>\n<\/td>\n<\/tr>\n<tr>\n<td rowspan=\"8\" width=\"88\">\n<p><strong>Els\u0151 nap<\/strong><\/p>\n<\/td>\n<td width=\"53\">\n<p>1.<\/p>\n<\/td>\n<td width=\"156\">\n<p>09:00 -09:45<\/p>\n<\/td>\n<td width=\"482\">\n<p>Bevezet\u00e9s: ismerked\u00e9s, a t\u00e9ma felvezet\u00e9se, a k\u00f6z\u00f6s munka megtervez\u00e9se<\/p>\n<\/td>\n<td width=\"263\">\n<p>megbesz\u00e9l\u00e9s<\/p>\n<\/td>\n<\/tr>\n<tr>\n<td width=\"53\">\n<p>&nbsp;<\/p>\n<\/td>\n<td width=\"156\">\n<p>9:45-10:00<\/p>\n<\/td>\n<td width=\"482\">\n<p>sz\u00fcnet<\/p>\n<\/td>\n<td width=\"263\">\n<p>&nbsp;<\/p>\n<\/td>\n<\/tr>\n<tr>\n<td width=\"53\">\n<p>2.<\/p>\n<\/td>\n<td width=\"156\">\n<p>10:00-10:45<\/p>\n<\/td>\n<td width=\"482\">\n<p>A t\u00fckr\u00f6z\u00f6tt oszt\u00e1lytermi tan\u00edt\u00e1si-tanul\u00e1si strukt\u00fara fel\u00e9p\u00edt\u00e9se<\/p>\n<\/td>\n<td width=\"263\">\n<p>megbesz\u00e9l\u00e9s<\/p>\n<\/td>\n<\/tr>\n<tr>\n<td width=\"53\">\n<p>&nbsp;<\/p>\n<\/td>\n<td width=\"156\">\n<p>10:45-11:00<\/p>\n<\/td>\n<td width=\"482\">\n<p>sz\u00fcnet<\/p>\n<\/td>\n<td width=\"263\">\n<p>&nbsp;<\/p>\n<\/td>\n<\/tr>\n<tr>\n<td width=\"53\">\n<p>3.<\/p>\n<\/td>\n<td width=\"156\">\n<p>11:00 \u2013 11:45<\/p>\n<\/td>\n<td width=\"482\">\n<p>Egy t\u00fckr\u00f6z\u00f6tt oszt\u00e1lyterem a gyakorlatban: szinkron m\u00f3dszertani elemek<\/p>\n<\/td>\n<td width=\"263\">\n<p>bemutat\u00f3<\/p>\n<\/td>\n<\/tr>\n<tr>\n<td width=\"53\">\n<p>&nbsp;<\/p>\n<\/td>\n<td width=\"156\">\n<p>11:45-12:00<\/p>\n<\/td>\n<td width=\"482\">\n<p>sz\u00fcnet<\/p>\n<\/td>\n<td width=\"263\">\n<p>&nbsp;<\/p>\n<\/td>\n<\/tr>\n<tr>\n<td width=\"53\">\n<p>4.<\/p>\n<\/td>\n<td width=\"156\">\n<p>12:00-12:30<\/p>\n<\/td>\n<td width=\"482\">\n<p>Egy t\u00fckr\u00f6z\u00f6tt oszt\u00e1lyterem a gyakorlatban: aszinkron m\u00f3dszertani elemek<\/p>\n<\/td>\n<td width=\"263\">\n<p>bemutat\u00f3<\/p>\n<\/td>\n<\/tr>\n<tr>\n<td width=\"53\">\n<p>5.<\/p>\n<\/td>\n<td width=\"156\">\n<p>12:30-12:45<\/p>\n<\/td>\n<td width=\"482\">\n<p>Feladat megbesz\u00e9l\u00e9s: az \u00f6n\u00e1ll\u00f3 munka \u00e9s a workshop megtervez\u00e9se<\/p>\n<\/td>\n<td width=\"263\">\n<p>megbesz\u00e9l\u00e9s<\/p>\n<\/td>\n<\/tr>\n<tr>\n<td colspan=\"3\" width=\"297\">\n<p>&nbsp;<\/p>\n<\/td>\n<td width=\"482\">\n<p>ismeretszerz\u00e9s a megadott forr\u00e1sok alapj\u00e1n<\/p>\n<\/td>\n<td width=\"263\">\n<p>\u00f6n\u00e1ll\u00f3 munka<\/p>\n<\/td>\n<\/tr>\n<tr>\n<td rowspan=\"8\" width=\"88\">\n<p><strong>M\u00e1sodik nap<\/strong><\/p>\n<\/td>\n<td width=\"53\">\n<p>6.<\/p>\n<\/td>\n<td width=\"156\">\n<p>09:00 \u2013 09:15<\/p>\n<\/td>\n<td width=\"482\">\n<p>Bevezet\u00e9s: a workshop feladat ismertet\u00e9se, csoportalkot\u00e1s<\/p>\n<\/td>\n<td width=\"263\">\n<p>megbesz\u00e9l\u00e9s<\/p>\n<\/td>\n<\/tr>\n<tr>\n<td width=\"53\">\n<p>7.<\/p>\n<\/td>\n<td width=\"156\">\n<p>09:15 \u2013 10:00<\/p>\n<\/td>\n<td width=\"482\">\n<p>Fikt\u00edv kurzus fejleszt\u00e9se t\u00fckr\u00f6z\u00f6tt oszt\u00e1lytermi strukt\u00far\u00e1ban<\/p>\n<\/td>\n<td width=\"263\">\n<p>csoportmunka<\/p>\n<\/td>\n<\/tr>\n<tr>\n<td width=\"53\">\n<p>8.<\/p>\n<\/td>\n<td width=\"156\">\n<p>10:00-10:30<\/p>\n<\/td>\n<td width=\"482\">\n<p>A csoportmunk\u00e1k eredm\u00e9nyeinek megtekint\u00e9se<\/p>\n<\/td>\n<td width=\"263\">\n<p>bemutat\u00f3<\/p>\n<\/td>\n<\/tr>\n<tr>\n<td width=\"53\">\n<p>&nbsp;<\/p>\n<\/td>\n<td width=\"156\">\n<p>10:30-11:00<\/p>\n<\/td>\n<td width=\"482\">\n<p>sz\u00fcnet<\/p>\n<\/td>\n<td width=\"263\">\n<p>&nbsp;<\/p>\n<\/td>\n<\/tr>\n<tr>\n<td width=\"53\">\n<p>9.<\/p>\n<\/td>\n<td width=\"156\">\n<p>11:00-11:15<\/p>\n<\/td>\n<td width=\"482\">\n<p>A fikt\u00edv kurzus elemz\u00e9se megadott szempontok szerint<\/p>\n<\/td>\n<td width=\"263\">\n<p>megbesz\u00e9l\u00e9s<\/p>\n<\/td>\n<\/tr>\n<tr>\n<td width=\"53\">\n<p>10.<\/p>\n<\/td>\n<td width=\"156\">\n<p>11:15-12:00<\/p>\n<\/td>\n<td width=\"482\">\n<p>Saj\u00e1t kurzus fejleszt\u00e9se t\u00fckr\u00f6z\u00f6tt oszt\u00e1lytermi strukt\u00far\u00e1ban<\/p>\n<\/td>\n<td width=\"263\">\n<p>p\u00e1ros munka<\/p>\n<\/td>\n<\/tr>\n<tr>\n<td width=\"53\">\n<p>11.<\/p>\n<\/td>\n<td width=\"156\">\n<p>12:00-12:30<\/p>\n<\/td>\n<td width=\"482\">\n<p>A p\u00e1ros munk\u00e1k eredm\u00e9nyeinek megbesz\u00e9l\u00e9se<\/p>\n<\/td>\n<td width=\"263\">\n<p>bemutat\u00f3<\/p>\n<\/td>\n<\/tr>\n<tr>\n<td width=\"53\">\n<p>12.<\/p>\n<\/td>\n<td width=\"156\">\n<p>12:30-12:45<\/p>\n<\/td>\n<td width=\"482\">\n<p>\u00d6sszegz\u00e9s, a projekt feladat elk\u00e9sz\u00edt\u00e9s\u00e9nek megtervez\u00e9se<\/p>\n<\/td>\n<td width=\"263\">\n<p>megbesz\u00e9l\u00e9s<\/p>\n<\/td>\n<\/tr>\n<\/tbody>\n<\/table>\n<\/div><\/div>\n","protected":false},"excerpt":{"rendered":"<p>a program c\u00edme a program jellege a program form\u00e1ja c\u00e9lcsoport helysz\u00edn t\u00fckr\u00f6z\u00f6tt oszt\u00e1lyterem tematikus tov\u00e1bbk\u00e9pz\u00e9s workshop halad\u00f3 oktat\u00f3k <a href=\"https:\/\/itc.semmelweis.hu\/moodle\/course\/view.php?id=1451\" target=\"_blank\" rel=\"noopener\">online<\/a> A program c\u00e9lja: A t\u00fckr\u00f6z\u00f6tt oszt\u00e1lyterem (flipped classroom) tan\u00edt\u00e1si-tanul\u00e1si strukt\u00fara megismer\u00e9se, m\u00f3dszertani \u00e9s gyakorlati alapok a megval\u00f3s\u00edt\u00e1shoz. A t\u00e9ma aktualit\u00e1sa: A blended learning (vegyes tan\u00edt\u00e1si\/tanul\u00e1si forma) koncepci\u00f3ja \u00e9vtizedes hagyom\u00e1nyokra ny\u00falik vissza, \u00f3ri\u00e1si nemzetk\u00f6zi \u00e9s hazai szakirodalma van, &hellip;<\/p>\n","protected":false},"author":101470,"featured_media":0,"parent":2318,"menu_order":8,"comment_status":"closed","ping_status":"closed","template":"","meta":{"_acf_changed":false,"footnotes":""},"categories":[],"tags":[],"class_list":["post-2371","page","type-page","status-publish","hentry"],"acf":[],"_links":{"self":[{"href":"https:\/\/semmelweis.hu\/oktatasmodszertan\/wp-json\/wp\/v2\/pages\/2371","targetHints":{"allow":["GET"]}}],"collection":[{"href":"https:\/\/semmelweis.hu\/oktatasmodszertan\/wp-json\/wp\/v2\/pages"}],"about":[{"href":"https:\/\/semmelweis.hu\/oktatasmodszertan\/wp-json\/wp\/v2\/types\/page"}],"author":[{"embeddable":true,"href":"https:\/\/semmelweis.hu\/oktatasmodszertan\/wp-json\/wp\/v2\/users\/101470"}],"replies":[{"embeddable":true,"href":"https:\/\/semmelweis.hu\/oktatasmodszertan\/wp-json\/wp\/v2\/comments?post=2371"}],"version-history":[{"count":11,"href":"https:\/\/semmelweis.hu\/oktatasmodszertan\/wp-json\/wp\/v2\/pages\/2371\/revisions"}],"predecessor-version":[{"id":6258,"href":"https:\/\/semmelweis.hu\/oktatasmodszertan\/wp-json\/wp\/v2\/pages\/2371\/revisions\/6258"}],"up":[{"embeddable":true,"href":"https:\/\/semmelweis.hu\/oktatasmodszertan\/wp-json\/wp\/v2\/pages\/2318"}],"wp:attachment":[{"href":"https:\/\/semmelweis.hu\/oktatasmodszertan\/wp-json\/wp\/v2\/media?parent=2371"}],"wp:term":[{"taxonomy":"category","embeddable":true,"href":"https:\/\/semmelweis.hu\/oktatasmodszertan\/wp-json\/wp\/v2\/categories?post=2371"},{"taxonomy":"post_tag","embeddable":true,"href":"https:\/\/semmelweis.hu\/oktatasmodszertan\/wp-json\/wp\/v2\/tags?post=2371"}],"curies":[{"name":"wp","href":"https:\/\/api.w.org\/{rel}","templated":true}]}}