{"id":2343,"date":"2020-12-21T16:06:42","date_gmt":"2020-12-21T15:06:42","guid":{"rendered":"https:\/\/semmelweis.hu\/oktatasmodszertan\/?page_id=2343"},"modified":"2026-01-23T14:14:24","modified_gmt":"2026-01-23T13:14:24","slug":"bevezetes-az-egyetemi-oktatasba","status":"publish","type":"page","link":"https:\/\/semmelweis.hu\/oktatasmodszertan\/kepzesek\/alapkepzesek\/bevezetes-az-egyetemi-oktatasba\/","title":{"rendered":"Bevezet\u00e9s az egyetemi oktat\u00e1sba"},"content":{"rendered":"<div class=\"responsive-tabs\">\n<h2 class=\"tabtitle\"><strong>R\u00e9szletek<\/strong><\/h2>\n<div class=\"tabcontent\">\n\n<table>\n<tbody>\n<tr>\n<td width=\"156\">\n<p><strong>a program c\u00edme<\/strong><\/p>\n<\/td>\n<td width=\"119\">\n<p><strong>a program jellege<\/strong><\/p>\n<\/td>\n<td width=\"150\">\n<p><strong>a program form\u00e1ja<\/strong><\/p>\n<\/td>\n<td width=\"482\">\n<p><strong>c\u00e9lcsoport<\/strong><\/p>\n<\/td>\n<td width=\"91\">\n<p><strong>helysz\u00edn<\/strong><\/p>\n<\/td>\n<\/tr>\n<tr>\n<td width=\"156\">\n<p>Bevezet\u00e9s az egyetemi oktat\u00e1sba<\/p>\n<\/td>\n<td width=\"119\">\n<p>alapk\u00e9pz\u00e9s<\/p>\n<\/td>\n<td width=\"150\">\n<p>konzult\u00e1ci\u00f3-sorozat<\/p>\n<\/td>\n<td width=\"482\">\n<p>el\u0151ad\u00f3 \u00e9s gyakorlatvezet\u0151 oktat\u00f3k, tanulm\u00e1nyi felel\u0151s\u00f6k, oktat\u00e1sszervez\u00e9sben \u00e9s -adminisztr\u00e1ci\u00f3ban k\u00f6zrem\u0171k\u00f6d\u0151 koll\u00e9g\u00e1k<\/p>\n<\/td>\n<td width=\"91\">\n<p><a href=\"https:\/\/itc.semmelweis.hu\/moodle\/course\/view.php?id=1450\" target=\"_blank\" rel=\"noopener\">online<\/a><\/p>\n<\/td>\n<\/tr>\n<\/tbody>\n<\/table>\n<p><strong>A program c\u00e9lja:<\/strong><\/p>\n<p>A konzult\u00e1ci\u00f3-sorozat \u00e1ltal\u00e1nos k\u00f6rk\u00e9pet ad azokr\u00f3l a lehet\u0151s\u00e9gekr\u0151l, melyek korszer\u0171 szeml\u00e9lettel, m\u00f3dszertani \u00e9s oktat\u00e1stechnol\u00f3giai elemekkel t\u00e1mogatj\u00e1k a r\u00e9sztvev\u0151ket az oktat\u00e1si \u00e9s oktat\u00e1sszervez\u00e9si feladatok ell\u00e1t\u00e1s\u00e1ban.<\/p>\n<p><strong>A program jellege:<\/strong><\/p>\n<p>Ez egy \u00e1ltal\u00e1nos oktat\u00f3i alapk\u00e9pz\u00e9s, melyben a r\u00e9sztvev\u0151k megismerkedhetnek olyan pedag\u00f3giai, oktat\u00e1sm\u00f3dszertani, oktat\u00e1stechnol\u00f3giai lehet\u0151s\u00e9gekkel, melyeket ak\u00e1r m\u00e1r a k\u00f6vetkez\u0151 \u00f3r\u00e1jukon alkalmazni tudnak. Gyakorl\u00f3 oktat\u00f3k \u00f6tleteket mer\u00edthetnek saj\u00e1t oktat\u00f3i gyakorlatuk fejleszt\u00e9s\u00e9hez, kezd\u0151 oktat\u00f3k j\u00f3 alapokat kaphatnak ahhoz, hogy biztons\u00e1ggal meg tudj\u00e1k kezdeni oktat\u00f3i munk\u00e1jukat saj\u00e1t tansz\u00e9k\u00fck\u00f6n, az oktat\u00e1sszervez\u00e9sben r\u00e9sztvev\u0151 koll\u00e9g\u00e1k pedig sok-sok gyakorlati \u00fatmutat\u00e1st kaphatnak arr\u00f3l, hogyan t\u00e1mogathatj\u00e1k m\u00e9g hat\u00e9konyabban tansz\u00e9k\u00fck oktat\u00e1si tev\u00e9kenys\u00e9g\u00e9t.<a href=\"https:\/\/semmelweis.hu\/oktatasmodszertan\/files\/2020\/10\/program_abra.png\"><img loading=\"lazy\" decoding=\"async\" class=\"alignleft size-full wp-image-2170\" src=\"https:\/\/semmelweis.hu\/oktatasmodszertan\/files\/2020\/10\/program_abra.png\" alt=\"\" width=\"1402\" height=\"733\" srcset=\"https:\/\/semmelweis.hu\/oktatasmodszertan\/files\/2020\/10\/program_abra.png 1402w, https:\/\/semmelweis.hu\/oktatasmodszertan\/files\/2020\/10\/program_abra-400x209.png 400w, https:\/\/semmelweis.hu\/oktatasmodszertan\/files\/2020\/10\/program_abra-1024x535.png 1024w, https:\/\/semmelweis.hu\/oktatasmodszertan\/files\/2020\/10\/program_abra-768x402.png 768w, https:\/\/semmelweis.hu\/oktatasmodszertan\/files\/2020\/10\/program_abra-753x394.png 753w\" sizes=\"auto, (max-width: 1402px) 100vw, 1402px\" \/><\/a><\/p>\n<p><a class=\"button\" href=\"https:\/\/semmelweis.hu\/oktatasmodszertan\/files\/2024\/01\/tajekoztato-Bevezetes-az-egyetemi-oktatasba-2024.pdf\" target=\"_blank\" rel=\"noopener\">T\u00c1J\u00c9KOZTAT\u00d3 LET\u00d6LT\u00c9SE<\/a><\/p>\n<p><strong>R\u00e9szv\u00e9teli felt\u00e9telek:<\/strong><\/p>\n<ol>\n<li>Ez egy alapk\u00e9pz\u00e9s, melyhez nem sz\u00fcks\u00e9ges semmilyen oktat\u00f3i el\u0151ismeret.<\/li>\n<li>Regisztr\u00e1ci\u00f3s k\u00e9rd\u0151\u00edv kit\u00f6lt\u00e9se<\/li>\n<li>A programsorozat modul\u00e1ris fel\u00e9p\u00edt\u00e9s\u0171, t\u00f6bb r\u00e9szletben is elv\u00e9gezhet\u0151, de a regisztr\u00e1lt alkalmakon elv\u00e1rt a megjelen\u00e9s.<\/li>\n<\/ol>\n<p><strong>L\u00e9tsz\u00e1mkorl\u00e1t<\/strong>: 60 f\u0151\/kurzus (a program minimum 12 f\u0151 jelentkez\u00e9s\u00e9vel indul!)<\/p>\n<p><strong>Helysz\u00edn<\/strong>: Zoom, Moodle (<span style=\"font-size: 14pt\">bel\u00e9p\u00e9s <a href=\"https:\/\/seka.semmelweis.hu\/hu\/info\/mi_a_seka\" target=\"_blank\" rel=\"noopener noreferrer\">SeKA-azonos\u00edt\u00f3val<\/a>, majd az &#8222;Iratkoztasson be&#8221; gombra kattintva)<\/span><\/p>\n<p><strong><a class=\"button\" href=\"https:\/\/itc.semmelweis.hu\/moodle\/course\/view.php?id=1450\" target=\"_blank\" rel=\"noopener\">Bel\u00e9p\u00e9s a Moodle-fel\u00fcletre<\/a>\u00a0<\/strong><\/p>\n<p><strong>Tervezett id\u0151pont: <\/strong><\/p>\n<p><em>Hamarosan<\/em><\/p>\n<p><strong>Programfelel\u0151s \u00e9s kapcsolattart\u00f3: <\/strong><a href=\"https:\/\/semmelweis.hu\/oktatasmodszertan\/magunkrol\/munkatarsak\/\" target=\"_blank\" rel=\"noopener noreferrer\">Kozma Borb\u00e1la<\/a><\/p>\n<div class=\"keretes w-100\">\n<p><strong>H\u00e1zhoz megy\u00fcnk<\/strong><\/p>\n<p>A fent megadott konkr\u00e9t id\u0151pontokon t\u00fal v\u00e1rjuk kisebb oktat\u00f3i teamek jelentkez\u00e9s\u00e9t egy-egy konkr\u00e9t fejleszt\u00e9s\u00fck kapcs\u00e1n, illetve v\u00e1llaljuk tansz\u00e9ki vagy kari szint\u0171 \u00e1tfog\u00f3 fejleszt\u00e9sek t\u00e1mogat\u00e1s\u00e1t is. Foglaljon <strong><a href=\"https:\/\/outlook.office.com\/book\/Hzhozmegynk@unisemmelweis.onmicrosoft.com\/\" target=\"_blank\" rel=\"noopener\">napt\u00e1runkban<\/a><\/strong> egy vagy t\u00f6bb alkalmat, melyet teamj\u00fckkel oktat\u00e1sfejleszt\u00e9sre sz\u00e1nnak. A foglal\u00e1s ut\u00e1n felvessz\u00fck \u00d6nnel a kapcsolatot a r\u00e9szletek egyeztet\u00e9se c\u00e9lj\u00e1b\u00f3l. A gyakran ism\u00e9telt k\u00e9rd\u00e9seket \u00e9s r\u00e9szleteket\u00a0<strong><a href=\"https:\/\/semmelweis.hu\/oktatasmodszertan\/kepzesek\/oktatastamogatas-esemenyek\/idopontfoglalas-gyik\/\" target=\"_blank\" rel=\"noopener\">az al\u00e1bbi linken<\/a><\/strong>\u00a0olvashatja.<\/p>\n<\/div>\n\n<\/div><h2 class=\"tabtitle\"><strong>Programterv<\/strong><\/h2>\n<div class=\"tabcontent\">\n\n<h5><strong>2026<\/strong><\/h5>\n<p><em>Hamarosan<\/em><\/p>\n<\/div><\/div>\n","protected":false},"excerpt":{"rendered":"<p>a program c\u00edme a program jellege a program form\u00e1ja c\u00e9lcsoport helysz\u00edn Bevezet\u00e9s az egyetemi oktat\u00e1sba alapk\u00e9pz\u00e9s konzult\u00e1ci\u00f3-sorozat el\u0151ad\u00f3 \u00e9s gyakorlatvezet\u0151 oktat\u00f3k, tanulm\u00e1nyi felel\u0151s\u00f6k, oktat\u00e1sszervez\u00e9sben \u00e9s -adminisztr\u00e1ci\u00f3ban k\u00f6zrem\u0171k\u00f6d\u0151 koll\u00e9g\u00e1k <a href=\"https:\/\/itc.semmelweis.hu\/moodle\/course\/view.php?id=1450\" target=\"_blank\" rel=\"noopener\">online<\/a> A program c\u00e9lja: A konzult\u00e1ci\u00f3-sorozat \u00e1ltal\u00e1nos k\u00f6rk\u00e9pet ad azokr\u00f3l a lehet\u0151s\u00e9gekr\u0151l, melyek korszer\u0171 szeml\u00e9lettel, m\u00f3dszertani \u00e9s oktat\u00e1stechnol\u00f3giai elemekkel t\u00e1mogatj\u00e1k a r\u00e9sztvev\u0151ket az oktat\u00e1si \u00e9s oktat\u00e1sszervez\u00e9si feladatok ell\u00e1t\u00e1s\u00e1ban. &hellip;<\/p>\n","protected":false},"author":101470,"featured_media":0,"parent":2313,"menu_order":0,"comment_status":"closed","ping_status":"closed","template":"","meta":{"_acf_changed":false,"footnotes":""},"categories":[],"tags":[],"class_list":["post-2343","page","type-page","status-publish","hentry"],"acf":[],"_links":{"self":[{"href":"https:\/\/semmelweis.hu\/oktatasmodszertan\/wp-json\/wp\/v2\/pages\/2343","targetHints":{"allow":["GET"]}}],"collection":[{"href":"https:\/\/semmelweis.hu\/oktatasmodszertan\/wp-json\/wp\/v2\/pages"}],"about":[{"href":"https:\/\/semmelweis.hu\/oktatasmodszertan\/wp-json\/wp\/v2\/types\/page"}],"author":[{"embeddable":true,"href":"https:\/\/semmelweis.hu\/oktatasmodszertan\/wp-json\/wp\/v2\/users\/101470"}],"replies":[{"embeddable":true,"href":"https:\/\/semmelweis.hu\/oktatasmodszertan\/wp-json\/wp\/v2\/comments?post=2343"}],"version-history":[{"count":12,"href":"https:\/\/semmelweis.hu\/oktatasmodszertan\/wp-json\/wp\/v2\/pages\/2343\/revisions"}],"predecessor-version":[{"id":6246,"href":"https:\/\/semmelweis.hu\/oktatasmodszertan\/wp-json\/wp\/v2\/pages\/2343\/revisions\/6246"}],"up":[{"embeddable":true,"href":"https:\/\/semmelweis.hu\/oktatasmodszertan\/wp-json\/wp\/v2\/pages\/2313"}],"wp:attachment":[{"href":"https:\/\/semmelweis.hu\/oktatasmodszertan\/wp-json\/wp\/v2\/media?parent=2343"}],"wp:term":[{"taxonomy":"category","embeddable":true,"href":"https:\/\/semmelweis.hu\/oktatasmodszertan\/wp-json\/wp\/v2\/categories?post=2343"},{"taxonomy":"post_tag","embeddable":true,"href":"https:\/\/semmelweis.hu\/oktatasmodszertan\/wp-json\/wp\/v2\/tags?post=2343"}],"curies":[{"name":"wp","href":"https:\/\/api.w.org\/{rel}","templated":true}]}}