{"id":2322,"date":"2020-12-21T15:03:01","date_gmt":"2020-12-21T14:03:01","guid":{"rendered":"https:\/\/semmelweis.hu\/oktatasmodszertan\/?page_id=2322"},"modified":"2026-01-19T13:33:14","modified_gmt":"2026-01-19T12:33:14","slug":"oktatoi-kozosseg","status":"publish","type":"page","link":"https:\/\/semmelweis.hu\/oktatasmodszertan\/kepzesek\/oktatoi-kozosseg\/","title":{"rendered":"Oktat\u00f3i k\u00f6z\u00f6ss\u00e9g"},"content":{"rendered":"<p>Az <strong>oktat\u00f3i k\u00f6z\u00f6ss\u00e9g<\/strong> \u00e9p\u00edt\u00e9s\u00e9nek ig\u00e9nye kifejezetten az Egyetem hat kar\u00e1nak oktat\u00f3i k\u00f6z\u00f6ss\u00e9g\u00e9t\u0151l sz\u00e1rmazik, akik a 2020 tavasza \u00f3ta szervezett k\u00e9pz\u00e9seinken \u00e9s programjainkon tal\u00e1lkoztak egym\u00e1ssal, \u00e9s tal\u00e1ltak egym\u00e1sra. K\u00fcldet\u00e9s\u00fcnknek tekintj\u00fck, \u00e9s \u00f6r\u00f6mmel v\u00e1llaljuk, hogy az egyetemi oktat\u00f3i k\u00f6z\u00f6ss\u00e9g \u00e9p\u00edt\u00e9s\u00e9t k\u00fcl\u00f6nb\u00f6z\u0151 tal\u00e1lkoz\u00e1sok szervez\u00e9se \u00e9s facilit\u00e1l\u00e1sa form\u00e1j\u00e1ban t\u00e1mogassuk. Szeretn\u00e9nk, ha ezeket a tal\u00e1lkoz\u00e1sokat nyitotts\u00e1g, partners\u00e9g jellemezn\u00e9, \u00e9s folytat\u00f3dna az egy\u00fctt gondolkod\u00e1s, kapcsolatteremt\u00e9s \u00e9s tud\u00e1smegoszt\u00e1s, oldott hangulatban.<\/p>\n<p>2026-ban hat form\u00e1ban, egym\u00e1ssal v\u00e1ltakozva teremt\u00fcnk k\u00fcl\u00f6n teret az oktat\u00f3i k\u00f6z\u00f6ss\u00e9gnek minden h\u00f3nap utols\u00f3 p\u00e9ntek\u00e9n:<\/p>\n<ol>\n<li><span style=\"text-decoration: underline\"><a href=\"https:\/\/semmelweis.hu\/oktatasmodszertan\/oktatasi-segedanyagok\/esemenyek\/oktatoi-kozosseg\/educafe\/\" target=\"_blank\" rel=\"noopener noreferrer\">EduCaf\u00e9<\/a><\/span> &#8211; k\u00f6z\u00f6s gondolkod\u00e1s egy-egy t\u00e9m\u00e1ban, inform\u00e1lis struktur\u00e1lt besz\u00e9lget\u00e9s <u>world caf\u00e9<\/u> technik\u00e1val<\/li>\n<li><span style=\"text-decoration: underline\"><a href=\"https:\/\/semmelweis.hu\/oktatasmodszertan\/oktatasi-segedanyagok\/esemenyek\/oktatoi-kozosseg\/eduidea\/\" target=\"_blank\" rel=\"noopener noreferrer\">EduIdea <\/a><\/span>&#8211; oktat\u00f3i \u00f6tletb\u00f6rze, j\u00f3gyakorlatok megoszt\u00e1sa kompakt m\u00f3don, <u>teach meet<\/u> technik\u00e1val<\/li>\n<li><span style=\"text-decoration: underline\"><a href=\"https:\/\/semmelweis.hu\/oktatasmodszertan\/oktatasi-segedanyagok\/oktatastamogatas-esemenyek\/oktatoi-kozosseg\/edupub\/\" target=\"_blank\" rel=\"noopener\">EduPub<\/a><\/span> &#8211; oktat\u00e1si t\u00e9m\u00e1j\u00fa k\u00f6nyvek, cikkek bemutat\u00e1sa, feldolgoz\u00e1sa<\/li>\n<li><span style=\"text-decoration: underline\"><a href=\"https:\/\/semmelweis.hu\/oktatasmodszertan\/oktatasi-segedanyagok\/oktatastamogatas-esemenyek\/oktatoi-kozosseg\/edupeer\/\" target=\"_blank\" rel=\"noopener\">EduPeer<\/a><\/span> &#8211;\u00a0egy\u00e9ni oktat\u00f3i dilemm\u00e1k t\u00e1rs-t\u00e1mogat\u00e1sa<\/li>\n<li><span style=\"text-decoration: underline\"><a href=\"https:\/\/semmelweis.hu\/oktatasmodszertan\/oktatasi-segedanyagok\/oktatastamogatas-esemenyek\/oktatoi-kozosseg\/oktatastamogatas-esemenyek-oktatoi-kozosseg-edulab\/\" target=\"_blank\" rel=\"noopener\">EduLab<\/a><\/span> &#8211; az oktat\u00f3i k\u00f6z\u00f6ss\u00e9g tagjai egym\u00e1s sz\u00e1m\u00e1ra tartott k\u00e9pz\u00e9seken osztj\u00e1k meg tapasztalataikat saj\u00e1t j\u00f3gyakorlatuk alapj\u00e1n<\/li>\n<li><span style=\"text-decoration: underline\"><a href=\"https:\/\/semmelweis.hu\/oktatasmodszertan\/oktatasi-segedanyagok\/oktatastamogatas-esemenyek\/oktatoi-kozosseg\/a-felsooktatas-kihivasai\/\" target=\"_blank\" rel=\"noopener\">A fels\u0151oktat\u00e1s kih\u00edv\u00e1sai<\/a><\/span> &#8211; diskurzus az oktat\u00f3i szerepekr\u0151l \u00e9s az elt\u00e9r\u0151 tanul\u00e1si strat\u00e9gi\u00e1kr\u00f3l<\/li>\n<\/ol>\n","protected":false},"excerpt":{"rendered":"<p>Az oktat\u00f3i k\u00f6z\u00f6ss\u00e9g \u00e9p\u00edt\u00e9s\u00e9nek ig\u00e9nye kifejezetten az Egyetem hat kar\u00e1nak oktat\u00f3i k\u00f6z\u00f6ss\u00e9g\u00e9t\u0151l sz\u00e1rmazik, akik a 2020 tavasza \u00f3ta szervezett k\u00e9pz\u00e9seinken \u00e9s programjainkon tal\u00e1lkoztak egym\u00e1ssal, \u00e9s tal\u00e1ltak egym\u00e1sra. K\u00fcldet\u00e9s\u00fcnknek tekintj\u00fck, \u00e9s \u00f6r\u00f6mmel v\u00e1llaljuk, hogy az egyetemi oktat\u00f3i k\u00f6z\u00f6ss\u00e9g \u00e9p\u00edt\u00e9s\u00e9t k\u00fcl\u00f6nb\u00f6z\u0151 tal\u00e1lkoz\u00e1sok szervez\u00e9se \u00e9s facilit\u00e1l\u00e1sa form\u00e1j\u00e1ban t\u00e1mogassuk. Szeretn\u00e9nk, ha ezeket a tal\u00e1lkoz\u00e1sokat nyitotts\u00e1g, partners\u00e9g jellemezn\u00e9, \u00e9s folytat\u00f3dna &hellip;<\/p>\n","protected":false},"author":101470,"featured_media":0,"parent":5806,"menu_order":4,"comment_status":"closed","ping_status":"closed","template":"","meta":{"_acf_changed":false,"footnotes":""},"categories":[],"tags":[],"class_list":["post-2322","page","type-page","status-publish","hentry"],"acf":[],"_links":{"self":[{"href":"https:\/\/semmelweis.hu\/oktatasmodszertan\/wp-json\/wp\/v2\/pages\/2322","targetHints":{"allow":["GET"]}}],"collection":[{"href":"https:\/\/semmelweis.hu\/oktatasmodszertan\/wp-json\/wp\/v2\/pages"}],"about":[{"href":"https:\/\/semmelweis.hu\/oktatasmodszertan\/wp-json\/wp\/v2\/types\/page"}],"author":[{"embeddable":true,"href":"https:\/\/semmelweis.hu\/oktatasmodszertan\/wp-json\/wp\/v2\/users\/101470"}],"replies":[{"embeddable":true,"href":"https:\/\/semmelweis.hu\/oktatasmodszertan\/wp-json\/wp\/v2\/comments?post=2322"}],"version-history":[{"count":10,"href":"https:\/\/semmelweis.hu\/oktatasmodszertan\/wp-json\/wp\/v2\/pages\/2322\/revisions"}],"predecessor-version":[{"id":6165,"href":"https:\/\/semmelweis.hu\/oktatasmodszertan\/wp-json\/wp\/v2\/pages\/2322\/revisions\/6165"}],"up":[{"embeddable":true,"href":"https:\/\/semmelweis.hu\/oktatasmodszertan\/wp-json\/wp\/v2\/pages\/5806"}],"wp:attachment":[{"href":"https:\/\/semmelweis.hu\/oktatasmodszertan\/wp-json\/wp\/v2\/media?parent=2322"}],"wp:term":[{"taxonomy":"category","embeddable":true,"href":"https:\/\/semmelweis.hu\/oktatasmodszertan\/wp-json\/wp\/v2\/categories?post=2322"},{"taxonomy":"post_tag","embeddable":true,"href":"https:\/\/semmelweis.hu\/oktatasmodszertan\/wp-json\/wp\/v2\/tags?post=2322"}],"curies":[{"name":"wp","href":"https:\/\/api.w.org\/{rel}","templated":true}]}}