{"id":2318,"date":"2020-12-21T14:59:50","date_gmt":"2020-12-21T13:59:50","guid":{"rendered":"https:\/\/semmelweis.hu\/oktatasmodszertan\/?page_id=2318"},"modified":"2026-03-31T13:16:46","modified_gmt":"2026-03-31T11:16:46","slug":"tovabbkepzesek","status":"publish","type":"page","link":"https:\/\/semmelweis.hu\/oktatasmodszertan\/kepzesek\/tovabbkepzesek\/","title":{"rendered":"Tov\u00e1bbk\u00e9pz\u00e9sek"},"content":{"rendered":"<p>A <strong>tov\u00e1bbk\u00e9pz\u00e9sek<\/strong> olyan tematikus programok, melyek aktualit\u00e1s\u00e1t m\u00f3dszertani sz\u00fcks\u00e9gess\u00e9g\u00fck, illetve az a kifejezett ig\u00e9ny adja, melyet az oktat\u00f3 koll\u00e9g\u00e1kkal val\u00f3 folyamatos p\u00e1rbesz\u00e9d sor\u00e1n tapasztalunk. Ezen programok sor\u00e1n az adott sz\u0171kebb t\u00e9m\u00e1ra t\u00f6bb id\u0151t ford\u00edtva, nagyobb elm\u00e9ly\u00fcl\u00e9st v\u00e1runk, \u00e9s a tanultak gyakorlatba \u00fcltet\u00e9s\u00e9re k\u00f6zvetlen\u00fcl t\u00f6reksz\u00fcnk. Jellemz\u0151en olyan oktat\u00f3knak sz\u00e1njuk \u0151ket, akik az adott m\u00f3dszertanban az\u00e9rt szeretn\u00e9nek nagyobb j\u00e1rtass\u00e1got szerezni, mert fontolgatj\u00e1k vagy kifejezetten szeretn\u00e9k annak tant\u00e1rgyi adapt\u00e1ci\u00f3j\u00e1t saj\u00e1t gyakorlatukban.<\/p>\n<p>2026-ban kilencf\u00e9le tov\u00e1bbk\u00e9pz\u00e9st tervez\u00fcnk:<\/p>\n<ol>\n<li><a href=\"https:\/\/semmelweis.hu\/oktatasmodszertan\/oktatasi-segedanyagok\/esemenyek\/tovabbkepzesek\/tukrozott-osztalyterem\/\" target=\"_blank\" rel=\"noopener noreferrer\"><u>T\u00fckr\u00f6z\u00f6tt oszt\u00e1lytermi tan\u00edt\u00e1si-tanul\u00e1si strukt\u00fara<\/u><\/a><\/li>\n<li><a href=\"https:\/\/semmelweis.hu\/oktatasmodszertan\/oktatasi-segedanyagok\/esemenyek\/tovabbkepzesek\/projektmodszer-az-oktatasi-gyakorlatban\/\" target=\"_blank\" rel=\"noopener noreferrer\"><u style=\"font-size: 1rem\">Projektm\u00f3dszer az oktat\u00e1si gyakorlatban<\/u><\/a><\/li>\n<li><span style=\"text-decoration: underline\"><a href=\"https:\/\/semmelweis.hu\/oktatasmodszertan\/oktatasi-segedanyagok\/oktatastamogatas-esemenyek\/tovabbkepzesek\/meres-ertekeles\/\" target=\"_blank\" rel=\"noopener\">M\u00e9r\u00e9s-\u00e9rt\u00e9kel\u00e9s<\/a><\/span><\/li>\n<li><span style=\"text-decoration: underline\"><a href=\"https:\/\/semmelweis.hu\/oktatasmodszertan\/oktatasi-segedanyagok\/oktatastamogatas-esemenyek\/tovabbkepzesek\/one-minute-wonder\/\" target=\"_blank\" rel=\"noopener\">One-minute wonder<\/a><\/span><\/li>\n<li><span style=\"text-decoration: underline\"><a href=\"https:\/\/semmelweis.hu\/oktatasmodszertan\/oktatasi-segedanyagok\/oktatastamogatas-esemenyek\/tovabbkepzesek\/meres-ertekeles-level-up\/\" target=\"_blank\" rel=\"noopener\">M\u00e9r\u00e9s-\u00e9rt\u00e9kel\u00e9s (Level-Up)<\/a><\/span><\/li>\n<li><span style=\"text-decoration: underline\"><a href=\"https:\/\/semmelweis.hu\/oktatasmodszertan\/oktatasi-segedanyagok\/oktatastamogatas-esemenyek\/tovabbkepzesek\/kepzesfejlesztes\/\" target=\"_blank\" rel=\"noopener\">Tanul\u00e1si eredm\u00e9ny alap\u00fa k\u00e9pz\u00e9sfejleszt\u00e9s<\/a><\/span><\/li>\n<li><span style=\"text-decoration: underline\"><a href=\"https:\/\/semmelweis.hu\/oktatasmodszertan\/oktatasi-segedanyagok\/oktatastamogatas-esemenyek\/tovabbkepzesek\/moodle-funkciok-haladoknak\/\" target=\"_blank\" rel=\"noopener\">Moodle-funkci\u00f3k halad\u00f3knak<\/a><\/span><\/li>\n<li><span style=\"text-decoration: underline\"><a href=\"https:\/\/semmelweis.hu\/oktatasmodszertan\/oktatasi-segedanyagok\/oktatastamogatas-esemenyek\/tovabbkepzesek\/objektiv-strukturalt-klinikai-vizsga-osce\/\" target=\"_blank\" rel=\"noopener\">Objekt\u00edv struktur\u00e1lt klinikai vizsga (OSCE)<\/a><\/span><\/li>\n<li><span style=\"text-decoration: underline\"><a href=\"https:\/\/semmelweis.hu\/oktatasmodszertan\/kepzesek\/tovabbkepzesek\/mi-hakaton\/\" target=\"_blank\" rel=\"noopener\">MI-hakaton<\/a><\/span><\/li>\n<\/ol>\n","protected":false},"excerpt":{"rendered":"<p>A tov\u00e1bbk\u00e9pz\u00e9sek olyan tematikus programok, melyek aktualit\u00e1s\u00e1t m\u00f3dszertani sz\u00fcks\u00e9gess\u00e9g\u00fck, illetve az a kifejezett ig\u00e9ny adja, melyet az oktat\u00f3 koll\u00e9g\u00e1kkal val\u00f3 folyamatos p\u00e1rbesz\u00e9d sor\u00e1n tapasztalunk. Ezen programok sor\u00e1n az adott sz\u0171kebb t\u00e9m\u00e1ra t\u00f6bb id\u0151t ford\u00edtva, nagyobb elm\u00e9ly\u00fcl\u00e9st v\u00e1runk, \u00e9s a tanultak gyakorlatba \u00fcltet\u00e9s\u00e9re k\u00f6zvetlen\u00fcl t\u00f6reksz\u00fcnk. Jellemz\u0151en olyan oktat\u00f3knak sz\u00e1njuk \u0151ket, akik az adott m\u00f3dszertanban az\u00e9rt szeretn\u00e9nek &hellip;<\/p>\n","protected":false},"author":101470,"featured_media":0,"parent":5806,"menu_order":3,"comment_status":"closed","ping_status":"closed","template":"","meta":{"_acf_changed":false,"footnotes":""},"categories":[],"tags":[],"class_list":["post-2318","page","type-page","status-publish","hentry"],"acf":[],"_links":{"self":[{"href":"https:\/\/semmelweis.hu\/oktatasmodszertan\/wp-json\/wp\/v2\/pages\/2318","targetHints":{"allow":["GET"]}}],"collection":[{"href":"https:\/\/semmelweis.hu\/oktatasmodszertan\/wp-json\/wp\/v2\/pages"}],"about":[{"href":"https:\/\/semmelweis.hu\/oktatasmodszertan\/wp-json\/wp\/v2\/types\/page"}],"author":[{"embeddable":true,"href":"https:\/\/semmelweis.hu\/oktatasmodszertan\/wp-json\/wp\/v2\/users\/101470"}],"replies":[{"embeddable":true,"href":"https:\/\/semmelweis.hu\/oktatasmodszertan\/wp-json\/wp\/v2\/comments?post=2318"}],"version-history":[{"count":11,"href":"https:\/\/semmelweis.hu\/oktatasmodszertan\/wp-json\/wp\/v2\/pages\/2318\/revisions"}],"predecessor-version":[{"id":6344,"href":"https:\/\/semmelweis.hu\/oktatasmodszertan\/wp-json\/wp\/v2\/pages\/2318\/revisions\/6344"}],"up":[{"embeddable":true,"href":"https:\/\/semmelweis.hu\/oktatasmodszertan\/wp-json\/wp\/v2\/pages\/5806"}],"wp:attachment":[{"href":"https:\/\/semmelweis.hu\/oktatasmodszertan\/wp-json\/wp\/v2\/media?parent=2318"}],"wp:term":[{"taxonomy":"category","embeddable":true,"href":"https:\/\/semmelweis.hu\/oktatasmodszertan\/wp-json\/wp\/v2\/categories?post=2318"},{"taxonomy":"post_tag","embeddable":true,"href":"https:\/\/semmelweis.hu\/oktatasmodszertan\/wp-json\/wp\/v2\/tags?post=2318"}],"curies":[{"name":"wp","href":"https:\/\/api.w.org\/{rel}","templated":true}]}}