{"id":2313,"date":"2020-12-21T14:57:57","date_gmt":"2020-12-21T13:57:57","guid":{"rendered":"https:\/\/semmelweis.hu\/oktatasmodszertan\/?page_id=2313"},"modified":"2026-01-19T13:30:18","modified_gmt":"2026-01-19T12:30:18","slug":"alapkepzesek","status":"publish","type":"page","link":"https:\/\/semmelweis.hu\/oktatasmodszertan\/kepzesek\/alapkepzesek\/","title":{"rendered":"Alapk\u00e9pz\u00e9sek"},"content":{"rendered":"<p>Az <strong>alapk\u00e9pz\u00e9sek<\/strong> \u00e1ltal\u00e1nos k\u00f6rk\u00e9pet ny\u00fajtanak azokr\u00f3l a lehet\u0151s\u00e9gekr\u0151l, melyek korszer\u0171 szeml\u00e9lettel, m\u00f3dszertani \u00e9s oktat\u00e1stechnol\u00f3giai elemekkel t\u00e1mogatj\u00e1k a r\u00e9sztvev\u0151ket az oktat\u00e1si \u00e9s oktat\u00e1sszervez\u00e9si feladatok ell\u00e1t\u00e1s\u00e1ban, \u00e9s r\u00f6vid bevezet\u00e9st adnak ezek alkalmaz\u00e1s\u00e1ba. Jellemz\u0151en p\u00e1lyakezd\u0151 oktat\u00f3knak sz\u00e1njuk \u0151ket, \u00e9s olyan koll\u00e9g\u00e1knak, akik konkr\u00e9tan egy-egy t\u00e9mak\u00f6rben szeretn\u00e9nek inform\u00e1ci\u00f3t gy\u0171jteni. A k\u00e9pz\u00e9sek konzult\u00e1ci\u00f3s jelleg\u0171, interakt\u00edv programelemekb\u0151l \u00e1llnak, melyeket az egyes t\u00e9mak\u00f6r\u00f6kben j\u00e1ratosabb munkat\u00e1rsaink tartanak.<\/p>\n<p>2026-ban n\u00e9gyf\u00e9le alapk\u00e9pz\u00e9st tervez\u00fcnk:<\/p>\n<ol>\n<li><a href=\"https:\/\/semmelweis.hu\/oktatasmodszertan\/oktatasi-segedanyagok\/esemenyek\/alapkepzesek\/bevezetes-az-egyetemi-oktatasba\/\" target=\"_blank\" rel=\"noopener noreferrer\"><u>Bevezet\u00e9s az egyetemi oktat\u00e1sba<\/u><\/a> (ez a kor\u00e1bbi \u201eOktat\u00f3k oktat\u00e1sa\u201d programsorozatnak felel meg)<\/li>\n<li><a href=\"https:\/\/semmelweis.hu\/oktatasmodszertan\/oktatasi-segedanyagok\/esemenyek\/alapkepzesek\/bevezetes-a-gyakorlattervezesbe-es-gyakorlattartasba\/\" target=\"_blank\" rel=\"noopener noreferrer\"><u>Bevezet\u00e9s a gyakorlattervez\u00e9sbe \u00e9s gyakorlattart\u00e1sba<\/u><\/a><\/li>\n<li><span style=\"text-decoration: underline\"><a href=\"https:\/\/semmelweis.hu\/oktatasmodszertan\/oktatasi-segedanyagok\/oktatastamogatas-esemenyek\/tovabbkepzesek\/bevezetes-az-okostabla-hasznalataba\/\" target=\"_blank\" rel=\"noopener\">Bevezet\u00e9s az okost\u00e1bla haszn\u00e1lat\u00e1ba<\/a><\/span><\/li>\n<li><a href=\"https:\/\/semmelweis.hu\/oktatasmodszertan\/oktatasi-segedanyagok\/oktatastamogatas-esemenyek\/alapkepzesek\/a-gamifikacio-jelentosege\/\" target=\"_blank\" rel=\"noopener\"><span style=\"text-decoration: underline\">A gamifik\u00e1ci\u00f3 jelent\u0151s\u00e9ge<\/span><\/a><\/li>\n<\/ol>\n<p><a href=\"https:\/\/semmelweis.hu\/oktatasmodszertan\/files\/2020\/12\/alapkepzes.png\"><img loading=\"lazy\" decoding=\"async\" class=\"alignleft wp-image-2314 size-full\" src=\"https:\/\/semmelweis.hu\/oktatasmodszertan\/files\/2020\/12\/alapkepzes.png\" alt=\"\" width=\"1385\" height=\"597\" srcset=\"https:\/\/semmelweis.hu\/oktatasmodszertan\/files\/2020\/12\/alapkepzes.png 1385w, https:\/\/semmelweis.hu\/oktatasmodszertan\/files\/2020\/12\/alapkepzes-400x172.png 400w, https:\/\/semmelweis.hu\/oktatasmodszertan\/files\/2020\/12\/alapkepzes-1024x441.png 1024w, https:\/\/semmelweis.hu\/oktatasmodszertan\/files\/2020\/12\/alapkepzes-768x331.png 768w, https:\/\/semmelweis.hu\/oktatasmodszertan\/files\/2020\/12\/alapkepzes-753x325.png 753w\" sizes=\"auto, (max-width: 1385px) 100vw, 1385px\" \/><\/a><\/p>\n<p>&nbsp;<\/p>\n","protected":false},"excerpt":{"rendered":"<p>Az alapk\u00e9pz\u00e9sek \u00e1ltal\u00e1nos k\u00f6rk\u00e9pet ny\u00fajtanak azokr\u00f3l a lehet\u0151s\u00e9gekr\u0151l, melyek korszer\u0171 szeml\u00e9lettel, m\u00f3dszertani \u00e9s oktat\u00e1stechnol\u00f3giai elemekkel t\u00e1mogatj\u00e1k a r\u00e9sztvev\u0151ket az oktat\u00e1si \u00e9s oktat\u00e1sszervez\u00e9si feladatok ell\u00e1t\u00e1s\u00e1ban, \u00e9s r\u00f6vid bevezet\u00e9st adnak ezek alkalmaz\u00e1s\u00e1ba. Jellemz\u0151en p\u00e1lyakezd\u0151 oktat\u00f3knak sz\u00e1njuk \u0151ket, \u00e9s olyan koll\u00e9g\u00e1knak, akik konkr\u00e9tan egy-egy t\u00e9mak\u00f6rben szeretn\u00e9nek inform\u00e1ci\u00f3t gy\u0171jteni. A k\u00e9pz\u00e9sek konzult\u00e1ci\u00f3s jelleg\u0171, interakt\u00edv programelemekb\u0151l \u00e1llnak, melyeket az egyes &hellip;<\/p>\n","protected":false},"author":101470,"featured_media":0,"parent":5806,"menu_order":2,"comment_status":"closed","ping_status":"closed","template":"","meta":{"_acf_changed":false,"footnotes":""},"categories":[],"tags":[],"class_list":["post-2313","page","type-page","status-publish","hentry"],"acf":[],"_links":{"self":[{"href":"https:\/\/semmelweis.hu\/oktatasmodszertan\/wp-json\/wp\/v2\/pages\/2313","targetHints":{"allow":["GET"]}}],"collection":[{"href":"https:\/\/semmelweis.hu\/oktatasmodszertan\/wp-json\/wp\/v2\/pages"}],"about":[{"href":"https:\/\/semmelweis.hu\/oktatasmodszertan\/wp-json\/wp\/v2\/types\/page"}],"author":[{"embeddable":true,"href":"https:\/\/semmelweis.hu\/oktatasmodszertan\/wp-json\/wp\/v2\/users\/101470"}],"replies":[{"embeddable":true,"href":"https:\/\/semmelweis.hu\/oktatasmodszertan\/wp-json\/wp\/v2\/comments?post=2313"}],"version-history":[{"count":11,"href":"https:\/\/semmelweis.hu\/oktatasmodszertan\/wp-json\/wp\/v2\/pages\/2313\/revisions"}],"predecessor-version":[{"id":6163,"href":"https:\/\/semmelweis.hu\/oktatasmodszertan\/wp-json\/wp\/v2\/pages\/2313\/revisions\/6163"}],"up":[{"embeddable":true,"href":"https:\/\/semmelweis.hu\/oktatasmodszertan\/wp-json\/wp\/v2\/pages\/5806"}],"wp:attachment":[{"href":"https:\/\/semmelweis.hu\/oktatasmodszertan\/wp-json\/wp\/v2\/media?parent=2313"}],"wp:term":[{"taxonomy":"category","embeddable":true,"href":"https:\/\/semmelweis.hu\/oktatasmodszertan\/wp-json\/wp\/v2\/categories?post=2313"},{"taxonomy":"post_tag","embeddable":true,"href":"https:\/\/semmelweis.hu\/oktatasmodszertan\/wp-json\/wp\/v2\/tags?post=2313"}],"curies":[{"name":"wp","href":"https:\/\/api.w.org\/{rel}","templated":true}]}}